{"id":1200,"date":"2024-06-28T15:52:10","date_gmt":"2024-06-28T13:52:10","guid":{"rendered":"https:\/\/orthopara.store\/?post_type=product&#038;p=1200"},"modified":"2024-06-28T15:52:13","modified_gmt":"2024-06-28T13:52:13","slug":"laino-lait-nutritif-confort-au-beurre-de-karite-400ml","status":"publish","type":"product","link":"https:\/\/orthopara.store\/?product=laino-lait-nutritif-confort-au-beurre-de-karite-400ml","title":{"rendered":"Laino &#8211; Lait nutritif confort au beurre de karit\u00e9 &#8211; 400ml"},"content":{"rendered":"<p>Ce lait corps nutritif confort Laino vous offre une texture agr\u00e9able hypoallerg\u00e9nique* qui hydrate** durablement la peau pendant 24h et la prot\u00e8ge des agressions ext\u00e9rieures.<br \/>\nLe complexe phyto-actif de beurre de karit\u00e9, d\u2019huile de s\u00e9same BIO et d\u2019extrait de fleur d\u2019hibiscus blanc nourrit et apaise la peau qui tiraille.<br \/>\nR\u00e9sultats : les sensations d\u2019inconfort sont diminu\u00e9es. D\u00e9licatement parfum\u00e9e, la peau est douce, souple et r\u00e9par\u00e9e.<br \/>\n*Formul\u00e9 pour minimiser les risques d\u2019allergies. **Hydratation des couches sup\u00e9rieures de l\u2019\u00e9piderme. Test instrumental r\u00e9alis\u00e9 sur 10 volontaires pendant 24h.<\/p>\n<p>Conseils d&rsquo;utilisation :<br \/>\nAppliquer matin et soir sur votre corps.<\/p>\n<p>Composition :<br \/>\nActifs cl\u00e9s:<br \/>\nKarit\u00e9 &#8211; Fleur d\u2019Hibiscus &#8211; S\u00e9same<br \/>\nIngr\u00e9dients :<br \/>\nAqua (Water) \/ Eau, Butyrospermum Parkii (Shea) Butter, Isopropyl Myristate, Glycerin, Cetearyl Alcohol, Glyceryl Stearate, Ricinus Communis (Castor) Seed Oil, Oleic\/Linoleic\/Linolenic Polyglycerides, Sesamum Indicum (Sesame) Seed Oil, Sodium Citrate, Squalane, Hibiscus Sabdariffa Flower Extract, Sesamum Indicum (Sesame) Seed Extract, Parfum (Fragrance), Propanediol, Cetearyl Glucoside, Sodium Polyacrylate, Hydrogenated Castor Oil, Inulin Lauryl Carbamate, Xanthan Gum, Copernicia Cerifera Cera (Copernicia Cerifera (Carnauba) Wax) \/ Cire De Carnauba, Magnesium Aluminum Silicate, Tetrasodium Glutamate Diacetate, Caprylhydroxamic Acid, Citric Acid, Caprylyl Glycol, Sodium Benzoate, Potassium Sorbate.<\/p>\n<p>Contenance : 400ml<\/p>\n","protected":false},"excerpt":{"rendered":"<p>Le lait Laino Nutri Karit\u00e9 est le secret pour avoir une belle peau, l\u2019hydratation du beurre de karit\u00e9, de l\u2019extrait de fleur d\u2019hibiscus et de l\u2019huile de s\u00e9same BIO\u2026 Pensez au Lait Nutritif Confort<br \/>\nDLC 02\/2026<\/p>\n","protected":false},"featured_media":1221,"comment_status":"open","ping_status":"closed","template":"","meta":[],"pwb-brand":[51],"product_cat":[144],"product_tag":[],"class_list":{"0":"post-1200","1":"product","2":"type-product","3":"status-publish","4":"has-post-thumbnail","6":"pwb-brand-laino","7":"product_cat-soins-hydratation-peaux-seches","8":"post","9":"ws-product--style-1","11":"first","12":"instock","13":"shipping-taxable","14":"purchasable","15":"product-type-simple"},"yoast_head":"<!-- This site is optimized with the Yoast SEO plugin v23.0 - https:\/\/yoast.com\/wordpress\/plugins\/seo\/ -->\n<title>Laino - Lait nutritif confort au beurre de karit\u00e9 - 400ml - OrthoPara<\/title>\n<meta name=\"robots\" content=\"index, follow, max-snippet:-1, max-image-preview:large, max-video-preview:-1\" \/>\n<link rel=\"canonical\" href=\"https:\/\/orthopara.store\/index.php\/produit\/laino-lait-nutritif-confort-au-beurre-de-karite-400ml\/\" \/>\n<meta property=\"og:locale\" content=\"fr_FR\" \/>\n<meta property=\"og:type\" content=\"article\" \/>\n<meta property=\"og:title\" content=\"Laino - Lait nutritif confort au beurre de karit\u00e9 - 400ml - OrthoPara\" \/>\n<meta property=\"og:description\" content=\"Le lait Laino Nutri Karit\u00e9 est le secret pour avoir une belle peau, l\u2019hydratation du beurre de karit\u00e9, de l\u2019extrait de fleur d\u2019hibiscus et de l\u2019huile de s\u00e9same BIO\u2026 Pensez au Lait Nutritif Confort DLC 02\/2026\" \/>\n<meta property=\"og:url\" content=\"https:\/\/orthopara.store\/index.php\/produit\/laino-lait-nutritif-confort-au-beurre-de-karite-400ml\/\" \/>\n<meta property=\"og:site_name\" content=\"OrthoPara\" \/>\n<meta property=\"article:publisher\" content=\"https:\/\/www.facebook.com\/profile.php?id=61561194315651\" \/>\n<meta property=\"article:modified_time\" content=\"2024-06-28T13:52:13+00:00\" \/>\n<meta property=\"og:image\" content=\"https:\/\/orthopara.store\/wp-content\/uploads\/2024\/06\/lait-nutritif-confort-au-beurre-de-karite-laino-400ml.jpg\" \/>\n\t<meta property=\"og:image:width\" content=\"800\" \/>\n\t<meta property=\"og:image:height\" content=\"800\" \/>\n\t<meta property=\"og:image:type\" content=\"image\/jpeg\" \/>\n<meta name=\"twitter:card\" content=\"summary_large_image\" \/>\n<meta name=\"twitter:label1\" content=\"Dur\u00e9e de lecture estim\u00e9e\" \/>\n\t<meta name=\"twitter:data1\" content=\"1 minute\" \/>\n<script type=\"application\/ld+json\" class=\"yoast-schema-graph\">{\"@context\":\"https:\/\/schema.org\",\"@graph\":[{\"@type\":\"WebPage\",\"@id\":\"https:\/\/orthopara.store\/index.php\/produit\/laino-lait-nutritif-confort-au-beurre-de-karite-400ml\/\",\"url\":\"https:\/\/orthopara.store\/index.php\/produit\/laino-lait-nutritif-confort-au-beurre-de-karite-400ml\/\",\"name\":\"Laino - Lait nutritif confort au beurre de karit\u00e9 - 400ml - OrthoPara\",\"isPartOf\":{\"@id\":\"https:\/\/orthopara.store\/#website\"},\"primaryImageOfPage\":{\"@id\":\"https:\/\/orthopara.store\/index.php\/produit\/laino-lait-nutritif-confort-au-beurre-de-karite-400ml\/#primaryimage\"},\"image\":{\"@id\":\"https:\/\/orthopara.store\/index.php\/produit\/laino-lait-nutritif-confort-au-beurre-de-karite-400ml\/#primaryimage\"},\"thumbnailUrl\":\"https:\/\/orthopara.store\/wp-content\/uploads\/2024\/06\/lait-nutritif-confort-au-beurre-de-karite-laino-400ml.jpg\",\"datePublished\":\"2024-06-28T13:52:10+00:00\",\"dateModified\":\"2024-06-28T13:52:13+00:00\",\"breadcrumb\":{\"@id\":\"https:\/\/orthopara.store\/index.php\/produit\/laino-lait-nutritif-confort-au-beurre-de-karite-400ml\/#breadcrumb\"},\"inLanguage\":\"fr-FR\",\"potentialAction\":[{\"@type\":\"ReadAction\",\"target\":[\"https:\/\/orthopara.store\/index.php\/produit\/laino-lait-nutritif-confort-au-beurre-de-karite-400ml\/\"]}]},{\"@type\":\"ImageObject\",\"inLanguage\":\"fr-FR\",\"@id\":\"https:\/\/orthopara.store\/index.php\/produit\/laino-lait-nutritif-confort-au-beurre-de-karite-400ml\/#primaryimage\",\"url\":\"https:\/\/orthopara.store\/wp-content\/uploads\/2024\/06\/lait-nutritif-confort-au-beurre-de-karite-laino-400ml.jpg\",\"contentUrl\":\"https:\/\/orthopara.store\/wp-content\/uploads\/2024\/06\/lait-nutritif-confort-au-beurre-de-karite-laino-400ml.jpg\",\"width\":800,\"height\":800},{\"@type\":\"BreadcrumbList\",\"@id\":\"https:\/\/orthopara.store\/index.php\/produit\/laino-lait-nutritif-confort-au-beurre-de-karite-400ml\/#breadcrumb\",\"itemListElement\":[{\"@type\":\"ListItem\",\"position\":1,\"name\":\"Accueil\",\"item\":\"https:\/\/orthopara.store\/\"},{\"@type\":\"ListItem\",\"position\":2,\"name\":\"Shop\",\"item\":\"https:\/\/orthopara.store\/?page_id=622\"},{\"@type\":\"ListItem\",\"position\":3,\"name\":\"Laino &#8211; Lait nutritif confort au beurre de karit\u00e9 &#8211; 400ml\"}]},{\"@type\":\"WebSite\",\"@id\":\"https:\/\/orthopara.store\/#website\",\"url\":\"https:\/\/orthopara.store\/\",\"name\":\"OrthoPara\",\"description\":\"Parapharmacie\",\"publisher\":{\"@id\":\"https:\/\/orthopara.store\/#organization\"},\"potentialAction\":[{\"@type\":\"SearchAction\",\"target\":{\"@type\":\"EntryPoint\",\"urlTemplate\":\"https:\/\/orthopara.store\/?s={search_term_string}\"},\"query-input\":\"required name=search_term_string\"}],\"inLanguage\":\"fr-FR\"},{\"@type\":\"Organization\",\"@id\":\"https:\/\/orthopara.store\/#organization\",\"name\":\"OrthoPara\",\"url\":\"https:\/\/orthopara.store\/\",\"logo\":{\"@type\":\"ImageObject\",\"inLanguage\":\"fr-FR\",\"@id\":\"https:\/\/orthopara.store\/#\/schema\/logo\/image\/\",\"url\":\"https:\/\/orthopara.store\/wp-content\/uploads\/2024\/06\/cropped-9ABA8BAD-6256-4719-9315-15C66E64E882.png\",\"contentUrl\":\"https:\/\/orthopara.store\/wp-content\/uploads\/2024\/06\/cropped-9ABA8BAD-6256-4719-9315-15C66E64E882.png\",\"width\":240,\"height\":72,\"caption\":\"OrthoPara\"},\"image\":{\"@id\":\"https:\/\/orthopara.store\/#\/schema\/logo\/image\/\"},\"sameAs\":[\"https:\/\/www.facebook.com\/profile.php?id=61561194315651\",\"https:\/\/www.instagram.com\/orthopara_tunisie\/\"]}]}<\/script>\n<!-- \/ Yoast SEO plugin. -->","yoast_head_json":{"title":"Laino - Lait nutritif confort au beurre de karit\u00e9 - 400ml - OrthoPara","robots":{"index":"index","follow":"follow","max-snippet":"max-snippet:-1","max-image-preview":"max-image-preview:large","max-video-preview":"max-video-preview:-1"},"canonical":"https:\/\/orthopara.store\/index.php\/produit\/laino-lait-nutritif-confort-au-beurre-de-karite-400ml\/","og_locale":"fr_FR","og_type":"article","og_title":"Laino - Lait nutritif confort au beurre de karit\u00e9 - 400ml - OrthoPara","og_description":"Le lait Laino Nutri Karit\u00e9 est le secret pour avoir une belle peau, l\u2019hydratation du beurre de karit\u00e9, de l\u2019extrait de fleur d\u2019hibiscus et de l\u2019huile de s\u00e9same BIO\u2026 Pensez au Lait Nutritif Confort DLC 02\/2026","og_url":"https:\/\/orthopara.store\/index.php\/produit\/laino-lait-nutritif-confort-au-beurre-de-karite-400ml\/","og_site_name":"OrthoPara","article_publisher":"https:\/\/www.facebook.com\/profile.php?id=61561194315651","article_modified_time":"2024-06-28T13:52:13+00:00","og_image":[{"width":800,"height":800,"url":"https:\/\/orthopara.store\/wp-content\/uploads\/2024\/06\/lait-nutritif-confort-au-beurre-de-karite-laino-400ml.jpg","type":"image\/jpeg"}],"twitter_card":"summary_large_image","twitter_misc":{"Dur\u00e9e de lecture estim\u00e9e":"1 minute"},"schema":{"@context":"https:\/\/schema.org","@graph":[{"@type":"WebPage","@id":"https:\/\/orthopara.store\/index.php\/produit\/laino-lait-nutritif-confort-au-beurre-de-karite-400ml\/","url":"https:\/\/orthopara.store\/index.php\/produit\/laino-lait-nutritif-confort-au-beurre-de-karite-400ml\/","name":"Laino - Lait nutritif confort au beurre de karit\u00e9 - 400ml - OrthoPara","isPartOf":{"@id":"https:\/\/orthopara.store\/#website"},"primaryImageOfPage":{"@id":"https:\/\/orthopara.store\/index.php\/produit\/laino-lait-nutritif-confort-au-beurre-de-karite-400ml\/#primaryimage"},"image":{"@id":"https:\/\/orthopara.store\/index.php\/produit\/laino-lait-nutritif-confort-au-beurre-de-karite-400ml\/#primaryimage"},"thumbnailUrl":"https:\/\/orthopara.store\/wp-content\/uploads\/2024\/06\/lait-nutritif-confort-au-beurre-de-karite-laino-400ml.jpg","datePublished":"2024-06-28T13:52:10+00:00","dateModified":"2024-06-28T13:52:13+00:00","breadcrumb":{"@id":"https:\/\/orthopara.store\/index.php\/produit\/laino-lait-nutritif-confort-au-beurre-de-karite-400ml\/#breadcrumb"},"inLanguage":"fr-FR","potentialAction":[{"@type":"ReadAction","target":["https:\/\/orthopara.store\/index.php\/produit\/laino-lait-nutritif-confort-au-beurre-de-karite-400ml\/"]}]},{"@type":"ImageObject","inLanguage":"fr-FR","@id":"https:\/\/orthopara.store\/index.php\/produit\/laino-lait-nutritif-confort-au-beurre-de-karite-400ml\/#primaryimage","url":"https:\/\/orthopara.store\/wp-content\/uploads\/2024\/06\/lait-nutritif-confort-au-beurre-de-karite-laino-400ml.jpg","contentUrl":"https:\/\/orthopara.store\/wp-content\/uploads\/2024\/06\/lait-nutritif-confort-au-beurre-de-karite-laino-400ml.jpg","width":800,"height":800},{"@type":"BreadcrumbList","@id":"https:\/\/orthopara.store\/index.php\/produit\/laino-lait-nutritif-confort-au-beurre-de-karite-400ml\/#breadcrumb","itemListElement":[{"@type":"ListItem","position":1,"name":"Accueil","item":"https:\/\/orthopara.store\/"},{"@type":"ListItem","position":2,"name":"Shop","item":"https:\/\/orthopara.store\/?page_id=622"},{"@type":"ListItem","position":3,"name":"Laino &#8211; Lait nutritif confort au beurre de karit\u00e9 &#8211; 400ml"}]},{"@type":"WebSite","@id":"https:\/\/orthopara.store\/#website","url":"https:\/\/orthopara.store\/","name":"OrthoPara","description":"Parapharmacie","publisher":{"@id":"https:\/\/orthopara.store\/#organization"},"potentialAction":[{"@type":"SearchAction","target":{"@type":"EntryPoint","urlTemplate":"https:\/\/orthopara.store\/?s={search_term_string}"},"query-input":"required name=search_term_string"}],"inLanguage":"fr-FR"},{"@type":"Organization","@id":"https:\/\/orthopara.store\/#organization","name":"OrthoPara","url":"https:\/\/orthopara.store\/","logo":{"@type":"ImageObject","inLanguage":"fr-FR","@id":"https:\/\/orthopara.store\/#\/schema\/logo\/image\/","url":"https:\/\/orthopara.store\/wp-content\/uploads\/2024\/06\/cropped-9ABA8BAD-6256-4719-9315-15C66E64E882.png","contentUrl":"https:\/\/orthopara.store\/wp-content\/uploads\/2024\/06\/cropped-9ABA8BAD-6256-4719-9315-15C66E64E882.png","width":240,"height":72,"caption":"OrthoPara"},"image":{"@id":"https:\/\/orthopara.store\/#\/schema\/logo\/image\/"},"sameAs":["https:\/\/www.facebook.com\/profile.php?id=61561194315651","https:\/\/www.instagram.com\/orthopara_tunisie\/"]}]}},"jetpack_sharing_enabled":true,"brands":[{"id":51,"name":"LAINO","slug":"laino"}],"_links":{"self":[{"href":"https:\/\/orthopara.store\/index.php?rest_route=\/wp\/v2\/product\/1200","targetHints":{"allow":["GET"]}}],"collection":[{"href":"https:\/\/orthopara.store\/index.php?rest_route=\/wp\/v2\/product"}],"about":[{"href":"https:\/\/orthopara.store\/index.php?rest_route=\/wp\/v2\/types\/product"}],"replies":[{"embeddable":true,"href":"https:\/\/orthopara.store\/index.php?rest_route=%2Fwp%2Fv2%2Fcomments&post=1200"}],"wp:featuredmedia":[{"embeddable":true,"href":"https:\/\/orthopara.store\/index.php?rest_route=\/wp\/v2\/media\/1221"}],"wp:attachment":[{"href":"https:\/\/orthopara.store\/index.php?rest_route=%2Fwp%2Fv2%2Fmedia&parent=1200"}],"wp:term":[{"taxonomy":"pwb-brand","embeddable":true,"href":"https:\/\/orthopara.store\/index.php?rest_route=%2Fwp%2Fv2%2Fpwb-brand&post=1200"},{"taxonomy":"product_cat","embeddable":true,"href":"https:\/\/orthopara.store\/index.php?rest_route=%2Fwp%2Fv2%2Fproduct_cat&post=1200"},{"taxonomy":"product_tag","embeddable":true,"href":"https:\/\/orthopara.store\/index.php?rest_route=%2Fwp%2Fv2%2Fproduct_tag&post=1200"}],"curies":[{"name":"wp","href":"https:\/\/api.w.org\/{rel}","templated":true}]}}