{"id":1201,"date":"2024-06-28T15:52:11","date_gmt":"2024-06-28T13:52:11","guid":{"rendered":"https:\/\/orthopara.store\/?post_type=product&#038;p=1201"},"modified":"2024-06-28T15:52:14","modified_gmt":"2024-06-28T13:52:14","slug":"lait-hydratant-pour-le-corps-psorianorm-200ml","status":"publish","type":"product","link":"https:\/\/orthopara.store\/?product=lait-hydratant-pour-le-corps-psorianorm-200ml","title":{"rendered":"Lait hydratant pour le corps &#8211; PsoriaNorm &#8211; 200ml"},"content":{"rendered":"<p>Lait hydratant pour le corps &#8211; PsoriaNorm &#8211; 200ml<br \/>\nPsoriaNorm est un soin quotidien, hydratant et apaisant qui accompagne les peaux \u00e0 tendance psoriasique. Sa formule contient les actifs relipidants et hydratants revolutionnaires qui contribuent \u00e0 dimunier la s\u00e9cheresse cutan\u00e9e, apaiser les d\u00e9mangaisons et assurer une hydratation optimale et durables.<br \/>\nIndications :<br \/>\nPeau \u00e0 tendance psoriasique, X\u00e9rose et s\u00e9cheresse s\u00e9nile.<br \/>\nRecommand\u00e9 pour les enfants \u00e0 partir de 6ans et les adultes pour une cure de deux mois \u00e0 renouveler 2\/3 fois par ans.<br \/>\nConseils d&rsquo;utilisation :<br \/>\nUne application quotidienne sur une peau propre et s\u00e8che, 1 fois par jour. Masser jusqu&rsquo;\u00e0 absorption compl\u00e8te sur l&rsquo;ensemble du corps. *D\u00e8s 3 ans.<br \/>\nActifs cl\u00e9s :<br \/>\n&#8211; Complexe v\u00e9g\u00e9tal brevet\u00e9 (Cire de graines d&rsquo;orge, Huile d&rsquo;Argan, Extrait de beurre de Karit\u00e9): Effet relipidant.<br \/>\n&#8211; Tocopherol: Effet apaisant et anti-inflammatoire.<br \/>\n&#8211; Pentavitin : un complexe glucidique d&rsquo;origine 100% naturelle qui r\u00e9gule l&rsquo;hydratation de la peau en r\u00e9duisant efficacement la perte d&rsquo;hydratation et la s\u00e9cheresse de la peau.<br \/>\nEffet Non gras et non collant<\/p>\n","protected":false},"excerpt":{"rendered":"<p>PsoriaNorm Lait<br \/>\nUn soin quotidien pour accompagner la prise en charge du psoriasis ou encore pour hydrater la peau s\u00e8che et pr\u00e9venir les pouss\u00e9s ou r\u00e9duire leur intensit\u00e9s.<br \/>\nContenance : 200ml<br \/>\nDLC : 09\/2026 (12mois apr\u00e8s l&rsquo;utilisation)<\/p>\n","protected":false},"featured_media":1222,"comment_status":"open","ping_status":"closed","template":"","meta":[],"pwb-brand":[151],"product_cat":[144],"product_tag":[],"class_list":{"0":"post-1201","1":"product","2":"type-product","3":"status-publish","4":"has-post-thumbnail","6":"pwb-brand-ds-pharma","7":"product_cat-soins-hydratation-peaux-seches","8":"post","9":"ws-product--style-1","11":"first","12":"instock","13":"shipping-taxable","14":"purchasable","15":"product-type-simple"},"yoast_head":"<!-- This site is optimized with the Yoast SEO plugin v23.0 - https:\/\/yoast.com\/wordpress\/plugins\/seo\/ -->\n<title>Lait hydratant pour le corps - PsoriaNorm - 200ml - OrthoPara<\/title>\n<meta name=\"robots\" content=\"index, follow, max-snippet:-1, max-image-preview:large, max-video-preview:-1\" \/>\n<link rel=\"canonical\" href=\"https:\/\/orthopara.store\/index.php\/produit\/lait-hydratant-pour-le-corps-psorianorm-200ml\/\" \/>\n<meta property=\"og:locale\" content=\"fr_FR\" \/>\n<meta property=\"og:type\" content=\"article\" \/>\n<meta property=\"og:title\" content=\"Lait hydratant pour le corps - PsoriaNorm - 200ml - OrthoPara\" \/>\n<meta property=\"og:description\" content=\"PsoriaNorm Lait Un soin quotidien pour accompagner la prise en charge du psoriasis ou encore pour hydrater la peau s\u00e8che et pr\u00e9venir les pouss\u00e9s ou r\u00e9duire leur intensit\u00e9s. Contenance : 200ml DLC : 09\/2026 (12mois apr\u00e8s l&#039;utilisation)\" \/>\n<meta property=\"og:url\" content=\"https:\/\/orthopara.store\/index.php\/produit\/lait-hydratant-pour-le-corps-psorianorm-200ml\/\" \/>\n<meta property=\"og:site_name\" content=\"OrthoPara\" \/>\n<meta property=\"article:publisher\" content=\"https:\/\/www.facebook.com\/profile.php?id=61561194315651\" \/>\n<meta property=\"article:modified_time\" content=\"2024-06-28T13:52:14+00:00\" \/>\n<meta property=\"og:image\" content=\"https:\/\/orthopara.store\/wp-content\/uploads\/2024\/06\/lait-hydratant-pour-le-corps-psorianorm-200ml.jpg\" \/>\n\t<meta property=\"og:image:width\" content=\"800\" \/>\n\t<meta property=\"og:image:height\" content=\"800\" \/>\n\t<meta property=\"og:image:type\" content=\"image\/jpeg\" \/>\n<meta name=\"twitter:card\" content=\"summary_large_image\" \/>\n<meta name=\"twitter:label1\" content=\"Dur\u00e9e de lecture estim\u00e9e\" \/>\n\t<meta name=\"twitter:data1\" content=\"1 minute\" \/>\n<script type=\"application\/ld+json\" class=\"yoast-schema-graph\">{\"@context\":\"https:\/\/schema.org\",\"@graph\":[{\"@type\":\"WebPage\",\"@id\":\"https:\/\/orthopara.store\/index.php\/produit\/lait-hydratant-pour-le-corps-psorianorm-200ml\/\",\"url\":\"https:\/\/orthopara.store\/index.php\/produit\/lait-hydratant-pour-le-corps-psorianorm-200ml\/\",\"name\":\"Lait hydratant pour le corps - PsoriaNorm - 200ml - OrthoPara\",\"isPartOf\":{\"@id\":\"https:\/\/orthopara.store\/#website\"},\"primaryImageOfPage\":{\"@id\":\"https:\/\/orthopara.store\/index.php\/produit\/lait-hydratant-pour-le-corps-psorianorm-200ml\/#primaryimage\"},\"image\":{\"@id\":\"https:\/\/orthopara.store\/index.php\/produit\/lait-hydratant-pour-le-corps-psorianorm-200ml\/#primaryimage\"},\"thumbnailUrl\":\"https:\/\/orthopara.store\/wp-content\/uploads\/2024\/06\/lait-hydratant-pour-le-corps-psorianorm-200ml.jpg\",\"datePublished\":\"2024-06-28T13:52:11+00:00\",\"dateModified\":\"2024-06-28T13:52:14+00:00\",\"breadcrumb\":{\"@id\":\"https:\/\/orthopara.store\/index.php\/produit\/lait-hydratant-pour-le-corps-psorianorm-200ml\/#breadcrumb\"},\"inLanguage\":\"fr-FR\",\"potentialAction\":[{\"@type\":\"ReadAction\",\"target\":[\"https:\/\/orthopara.store\/index.php\/produit\/lait-hydratant-pour-le-corps-psorianorm-200ml\/\"]}]},{\"@type\":\"ImageObject\",\"inLanguage\":\"fr-FR\",\"@id\":\"https:\/\/orthopara.store\/index.php\/produit\/lait-hydratant-pour-le-corps-psorianorm-200ml\/#primaryimage\",\"url\":\"https:\/\/orthopara.store\/wp-content\/uploads\/2024\/06\/lait-hydratant-pour-le-corps-psorianorm-200ml.jpg\",\"contentUrl\":\"https:\/\/orthopara.store\/wp-content\/uploads\/2024\/06\/lait-hydratant-pour-le-corps-psorianorm-200ml.jpg\",\"width\":800,\"height\":800},{\"@type\":\"BreadcrumbList\",\"@id\":\"https:\/\/orthopara.store\/index.php\/produit\/lait-hydratant-pour-le-corps-psorianorm-200ml\/#breadcrumb\",\"itemListElement\":[{\"@type\":\"ListItem\",\"position\":1,\"name\":\"Accueil\",\"item\":\"https:\/\/orthopara.store\/\"},{\"@type\":\"ListItem\",\"position\":2,\"name\":\"Shop\",\"item\":\"https:\/\/orthopara.store\/?page_id=622\"},{\"@type\":\"ListItem\",\"position\":3,\"name\":\"Lait hydratant pour le corps &#8211; PsoriaNorm &#8211; 200ml\"}]},{\"@type\":\"WebSite\",\"@id\":\"https:\/\/orthopara.store\/#website\",\"url\":\"https:\/\/orthopara.store\/\",\"name\":\"OrthoPara\",\"description\":\"Parapharmacie\",\"publisher\":{\"@id\":\"https:\/\/orthopara.store\/#organization\"},\"potentialAction\":[{\"@type\":\"SearchAction\",\"target\":{\"@type\":\"EntryPoint\",\"urlTemplate\":\"https:\/\/orthopara.store\/?s={search_term_string}\"},\"query-input\":\"required name=search_term_string\"}],\"inLanguage\":\"fr-FR\"},{\"@type\":\"Organization\",\"@id\":\"https:\/\/orthopara.store\/#organization\",\"name\":\"OrthoPara\",\"url\":\"https:\/\/orthopara.store\/\",\"logo\":{\"@type\":\"ImageObject\",\"inLanguage\":\"fr-FR\",\"@id\":\"https:\/\/orthopara.store\/#\/schema\/logo\/image\/\",\"url\":\"https:\/\/orthopara.store\/wp-content\/uploads\/2024\/06\/cropped-9ABA8BAD-6256-4719-9315-15C66E64E882.png\",\"contentUrl\":\"https:\/\/orthopara.store\/wp-content\/uploads\/2024\/06\/cropped-9ABA8BAD-6256-4719-9315-15C66E64E882.png\",\"width\":240,\"height\":72,\"caption\":\"OrthoPara\"},\"image\":{\"@id\":\"https:\/\/orthopara.store\/#\/schema\/logo\/image\/\"},\"sameAs\":[\"https:\/\/www.facebook.com\/profile.php?id=61561194315651\",\"https:\/\/www.instagram.com\/orthopara_tunisie\/\"]}]}<\/script>\n<!-- \/ Yoast SEO plugin. -->","yoast_head_json":{"title":"Lait hydratant pour le corps - PsoriaNorm - 200ml - OrthoPara","robots":{"index":"index","follow":"follow","max-snippet":"max-snippet:-1","max-image-preview":"max-image-preview:large","max-video-preview":"max-video-preview:-1"},"canonical":"https:\/\/orthopara.store\/index.php\/produit\/lait-hydratant-pour-le-corps-psorianorm-200ml\/","og_locale":"fr_FR","og_type":"article","og_title":"Lait hydratant pour le corps - PsoriaNorm - 200ml - OrthoPara","og_description":"PsoriaNorm Lait Un soin quotidien pour accompagner la prise en charge du psoriasis ou encore pour hydrater la peau s\u00e8che et pr\u00e9venir les pouss\u00e9s ou r\u00e9duire leur intensit\u00e9s. Contenance : 200ml DLC : 09\/2026 (12mois apr\u00e8s l'utilisation)","og_url":"https:\/\/orthopara.store\/index.php\/produit\/lait-hydratant-pour-le-corps-psorianorm-200ml\/","og_site_name":"OrthoPara","article_publisher":"https:\/\/www.facebook.com\/profile.php?id=61561194315651","article_modified_time":"2024-06-28T13:52:14+00:00","og_image":[{"width":800,"height":800,"url":"https:\/\/orthopara.store\/wp-content\/uploads\/2024\/06\/lait-hydratant-pour-le-corps-psorianorm-200ml.jpg","type":"image\/jpeg"}],"twitter_card":"summary_large_image","twitter_misc":{"Dur\u00e9e de lecture estim\u00e9e":"1 minute"},"schema":{"@context":"https:\/\/schema.org","@graph":[{"@type":"WebPage","@id":"https:\/\/orthopara.store\/index.php\/produit\/lait-hydratant-pour-le-corps-psorianorm-200ml\/","url":"https:\/\/orthopara.store\/index.php\/produit\/lait-hydratant-pour-le-corps-psorianorm-200ml\/","name":"Lait hydratant pour le corps - PsoriaNorm - 200ml - OrthoPara","isPartOf":{"@id":"https:\/\/orthopara.store\/#website"},"primaryImageOfPage":{"@id":"https:\/\/orthopara.store\/index.php\/produit\/lait-hydratant-pour-le-corps-psorianorm-200ml\/#primaryimage"},"image":{"@id":"https:\/\/orthopara.store\/index.php\/produit\/lait-hydratant-pour-le-corps-psorianorm-200ml\/#primaryimage"},"thumbnailUrl":"https:\/\/orthopara.store\/wp-content\/uploads\/2024\/06\/lait-hydratant-pour-le-corps-psorianorm-200ml.jpg","datePublished":"2024-06-28T13:52:11+00:00","dateModified":"2024-06-28T13:52:14+00:00","breadcrumb":{"@id":"https:\/\/orthopara.store\/index.php\/produit\/lait-hydratant-pour-le-corps-psorianorm-200ml\/#breadcrumb"},"inLanguage":"fr-FR","potentialAction":[{"@type":"ReadAction","target":["https:\/\/orthopara.store\/index.php\/produit\/lait-hydratant-pour-le-corps-psorianorm-200ml\/"]}]},{"@type":"ImageObject","inLanguage":"fr-FR","@id":"https:\/\/orthopara.store\/index.php\/produit\/lait-hydratant-pour-le-corps-psorianorm-200ml\/#primaryimage","url":"https:\/\/orthopara.store\/wp-content\/uploads\/2024\/06\/lait-hydratant-pour-le-corps-psorianorm-200ml.jpg","contentUrl":"https:\/\/orthopara.store\/wp-content\/uploads\/2024\/06\/lait-hydratant-pour-le-corps-psorianorm-200ml.jpg","width":800,"height":800},{"@type":"BreadcrumbList","@id":"https:\/\/orthopara.store\/index.php\/produit\/lait-hydratant-pour-le-corps-psorianorm-200ml\/#breadcrumb","itemListElement":[{"@type":"ListItem","position":1,"name":"Accueil","item":"https:\/\/orthopara.store\/"},{"@type":"ListItem","position":2,"name":"Shop","item":"https:\/\/orthopara.store\/?page_id=622"},{"@type":"ListItem","position":3,"name":"Lait hydratant pour le corps &#8211; PsoriaNorm &#8211; 200ml"}]},{"@type":"WebSite","@id":"https:\/\/orthopara.store\/#website","url":"https:\/\/orthopara.store\/","name":"OrthoPara","description":"Parapharmacie","publisher":{"@id":"https:\/\/orthopara.store\/#organization"},"potentialAction":[{"@type":"SearchAction","target":{"@type":"EntryPoint","urlTemplate":"https:\/\/orthopara.store\/?s={search_term_string}"},"query-input":"required name=search_term_string"}],"inLanguage":"fr-FR"},{"@type":"Organization","@id":"https:\/\/orthopara.store\/#organization","name":"OrthoPara","url":"https:\/\/orthopara.store\/","logo":{"@type":"ImageObject","inLanguage":"fr-FR","@id":"https:\/\/orthopara.store\/#\/schema\/logo\/image\/","url":"https:\/\/orthopara.store\/wp-content\/uploads\/2024\/06\/cropped-9ABA8BAD-6256-4719-9315-15C66E64E882.png","contentUrl":"https:\/\/orthopara.store\/wp-content\/uploads\/2024\/06\/cropped-9ABA8BAD-6256-4719-9315-15C66E64E882.png","width":240,"height":72,"caption":"OrthoPara"},"image":{"@id":"https:\/\/orthopara.store\/#\/schema\/logo\/image\/"},"sameAs":["https:\/\/www.facebook.com\/profile.php?id=61561194315651","https:\/\/www.instagram.com\/orthopara_tunisie\/"]}]}},"jetpack_sharing_enabled":true,"brands":[{"id":151,"name":"DS Pharma","slug":"ds-pharma"}],"_links":{"self":[{"href":"https:\/\/orthopara.store\/index.php?rest_route=\/wp\/v2\/product\/1201","targetHints":{"allow":["GET"]}}],"collection":[{"href":"https:\/\/orthopara.store\/index.php?rest_route=\/wp\/v2\/product"}],"about":[{"href":"https:\/\/orthopara.store\/index.php?rest_route=\/wp\/v2\/types\/product"}],"replies":[{"embeddable":true,"href":"https:\/\/orthopara.store\/index.php?rest_route=%2Fwp%2Fv2%2Fcomments&post=1201"}],"wp:featuredmedia":[{"embeddable":true,"href":"https:\/\/orthopara.store\/index.php?rest_route=\/wp\/v2\/media\/1222"}],"wp:attachment":[{"href":"https:\/\/orthopara.store\/index.php?rest_route=%2Fwp%2Fv2%2Fmedia&parent=1201"}],"wp:term":[{"taxonomy":"pwb-brand","embeddable":true,"href":"https:\/\/orthopara.store\/index.php?rest_route=%2Fwp%2Fv2%2Fpwb-brand&post=1201"},{"taxonomy":"product_cat","embeddable":true,"href":"https:\/\/orthopara.store\/index.php?rest_route=%2Fwp%2Fv2%2Fproduct_cat&post=1201"},{"taxonomy":"product_tag","embeddable":true,"href":"https:\/\/orthopara.store\/index.php?rest_route=%2Fwp%2Fv2%2Fproduct_tag&post=1201"}],"curies":[{"name":"wp","href":"https:\/\/api.w.org\/{rel}","templated":true}]}}