{"id":1203,"date":"2024-06-28T15:52:11","date_gmt":"2024-06-28T13:52:11","guid":{"rendered":"https:\/\/orthopara.store\/?post_type=product&#038;p=1203"},"modified":"2024-11-04T17:21:18","modified_gmt":"2024-11-04T16:21:18","slug":"atoderm-intensive-gel-moussant-ultra-apaisant-bioderma","status":"publish","type":"product","link":"https:\/\/orthopara.store\/?product=atoderm-intensive-gel-moussant-ultra-apaisant-bioderma","title":{"rendered":"Atoderm Intensive Gel moussant ultra-apaisant &#8211; Bioderma"},"content":{"rendered":"<p>Gel nettoyant doux purifiant &#8211; anti-d\u00e9mangeaisons &#8211; Bioderma Atoderm Intensive<br \/>\nLes peaux tr\u00e8s s\u00e8ches se caract\u00e9risent par des inconforts et des tiraillements et \u00e9ventuellement des d\u00e9mangeaisons, des ger\u00e7ures, notamment au niveau des zones les plus expos\u00e9es ou fragiles.\u00a0La peau irrit\u00e9e \u00e0 atopique se caract\u00e9rise par une s\u00e9cheresse extr\u00eame et des plaques rouges souvent recouvertes de petites v\u00e9sicules provoquant des d\u00e9mangeaisons intenses. Le gel moussant intensive Bioderma Atoderm; nettoie en douceur, apaise les sensations d&rsquo;inconfort et d&rsquo;irritationetprot\u00e8ge du dess\u00e8chement cutan\u00e9 tout en espectant l&rsquo;\u00e9quilibre cutan\u00e9 gr\u00e2ce \u00e0 la base lavante surgraissante.<br \/>\nTr\u00e8s bonne tol\u00e9rance &#8211; Excellente rin\u00e7abilit\u00e9 &#8211; Sans savon &#8211; Non parfum\u00e9<br \/>\nB\u00e9b\u00e9s &#8211; enfants &#8211; adlutes<br \/>\nConseils d&rsquo;utilisation :<br \/>\nMatin et\/ou soir<br \/>\n\u00c9tape 1<br \/>\nAppliquer Atoderm Intensive Gel Moussant sur peau humide.<br \/>\n\u00c9tape 2<br \/>\nFaire mousser, puis rincer abondamment.<br \/>\n\u00c9tape 3<br \/>\nS\u00e9chez d\u00e9licatement.<br \/>\n\u00c9tape 4<br \/>\nUtilisez ensuite le soin Atoderm Intensive Baume.<br \/>\nSi la s\u00e9cheresse persiste, consultez un professionnel de sant\u00e9. Peut \u00eatre utilis\u00e9 sur les nouveau-n\u00e9s, \u00e0 l&rsquo;exception des b\u00e9b\u00e9s pr\u00e9matur\u00e9s.<\/p>\n","protected":false},"excerpt":{"rendered":"<p>Bioderma Atoderm Intensive gel moussant<br \/>\nFormul\u00e9 \u00e0 base d&rsquo;agents purifiants et de Vitamine PP, Atoderm Intensive Gel Moussant lutte contre la prolif\u00e9ration des micro-organismes, irritants qui aggravent la s\u00e9cheresse cutan\u00e9e.<br \/>\nAtoderm Intensive Gel Moussant apaise les sensations d&rsquo;inconfort et d&rsquo;irritation et contribue \u00e0 renforcer biologiquement la barri\u00e8re cutan\u00e9e.<br \/>\nPour toute la famille<br \/>\nContenances disponibles :<br \/>\nFlacon pome de 1 litre (DLC 06\/2026)<br \/>\nTube de 200ml (DLC\u00a0 08\/2025)<\/p>\n","protected":false},"featured_media":1224,"comment_status":"open","ping_status":"closed","template":"","meta":[],"pwb-brand":[64],"product_cat":[144],"product_tag":[],"class_list":{"0":"post-1203","1":"product","2":"type-product","3":"status-publish","4":"has-post-thumbnail","6":"pwb-brand-bioderma","7":"product_cat-soins-hydratation-peaux-seches","8":"post","9":"ws-product--style-1","11":"first","12":"instock","13":"shipping-taxable","14":"purchasable","15":"product-type-simple"},"yoast_head":"<!-- This site is optimized with the Yoast SEO plugin v23.0 - https:\/\/yoast.com\/wordpress\/plugins\/seo\/ -->\n<title>Atoderm Intensive Gel moussant ultra-apaisant - Bioderma - OrthoPara<\/title>\n<meta name=\"robots\" content=\"index, follow, max-snippet:-1, max-image-preview:large, max-video-preview:-1\" \/>\n<link rel=\"canonical\" href=\"https:\/\/orthopara.store\/index.php\/produit\/atoderm-intensive-gel-moussant-ultra-apaisant-bioderma\/\" \/>\n<meta property=\"og:locale\" content=\"fr_FR\" \/>\n<meta property=\"og:type\" content=\"article\" \/>\n<meta property=\"og:title\" content=\"Atoderm Intensive Gel moussant ultra-apaisant - Bioderma - OrthoPara\" \/>\n<meta property=\"og:description\" content=\"Bioderma Atoderm Intensive gel moussant Formul\u00e9 \u00e0 base d&#039;agents purifiants et de Vitamine PP, Atoderm Intensive Gel Moussant lutte contre la prolif\u00e9ration des micro-organismes, irritants qui aggravent la s\u00e9cheresse cutan\u00e9e. Atoderm Intensive Gel Moussant apaise les sensations d&#039;inconfort et d&#039;irritation et contribue \u00e0 renforcer biologiquement la barri\u00e8re cutan\u00e9e. Pour toute la famille Contenances disponibles : Flacon pome de 1 litre (DLC 06\/2026) Tube de 200ml (DLC\u00a0 08\/2025)\" \/>\n<meta property=\"og:url\" content=\"https:\/\/orthopara.store\/index.php\/produit\/atoderm-intensive-gel-moussant-ultra-apaisant-bioderma\/\" \/>\n<meta property=\"og:site_name\" content=\"OrthoPara\" \/>\n<meta property=\"article:publisher\" content=\"https:\/\/www.facebook.com\/profile.php?id=61561194315651\" \/>\n<meta property=\"article:modified_time\" content=\"2024-11-04T16:21:18+00:00\" \/>\n<meta property=\"og:image\" content=\"https:\/\/orthopara.store\/wp-content\/uploads\/2024\/06\/atoderm-intensive-gel-moussant-ultra-apaisant-bioderma.jpg\" \/>\n\t<meta property=\"og:image:width\" content=\"800\" \/>\n\t<meta property=\"og:image:height\" content=\"800\" \/>\n\t<meta property=\"og:image:type\" content=\"image\/jpeg\" \/>\n<meta name=\"twitter:card\" content=\"summary_large_image\" \/>\n<meta name=\"twitter:label1\" content=\"Dur\u00e9e de lecture estim\u00e9e\" \/>\n\t<meta name=\"twitter:data1\" content=\"1 minute\" \/>\n<script type=\"application\/ld+json\" class=\"yoast-schema-graph\">{\"@context\":\"https:\/\/schema.org\",\"@graph\":[{\"@type\":\"WebPage\",\"@id\":\"https:\/\/orthopara.store\/index.php\/produit\/atoderm-intensive-gel-moussant-ultra-apaisant-bioderma\/\",\"url\":\"https:\/\/orthopara.store\/index.php\/produit\/atoderm-intensive-gel-moussant-ultra-apaisant-bioderma\/\",\"name\":\"Atoderm Intensive Gel moussant ultra-apaisant - Bioderma - OrthoPara\",\"isPartOf\":{\"@id\":\"https:\/\/orthopara.store\/#website\"},\"primaryImageOfPage\":{\"@id\":\"https:\/\/orthopara.store\/index.php\/produit\/atoderm-intensive-gel-moussant-ultra-apaisant-bioderma\/#primaryimage\"},\"image\":{\"@id\":\"https:\/\/orthopara.store\/index.php\/produit\/atoderm-intensive-gel-moussant-ultra-apaisant-bioderma\/#primaryimage\"},\"thumbnailUrl\":\"https:\/\/orthopara.store\/wp-content\/uploads\/2024\/06\/atoderm-intensive-gel-moussant-ultra-apaisant-bioderma.jpg\",\"datePublished\":\"2024-06-28T13:52:11+00:00\",\"dateModified\":\"2024-11-04T16:21:18+00:00\",\"breadcrumb\":{\"@id\":\"https:\/\/orthopara.store\/index.php\/produit\/atoderm-intensive-gel-moussant-ultra-apaisant-bioderma\/#breadcrumb\"},\"inLanguage\":\"fr-FR\",\"potentialAction\":[{\"@type\":\"ReadAction\",\"target\":[\"https:\/\/orthopara.store\/index.php\/produit\/atoderm-intensive-gel-moussant-ultra-apaisant-bioderma\/\"]}]},{\"@type\":\"ImageObject\",\"inLanguage\":\"fr-FR\",\"@id\":\"https:\/\/orthopara.store\/index.php\/produit\/atoderm-intensive-gel-moussant-ultra-apaisant-bioderma\/#primaryimage\",\"url\":\"https:\/\/orthopara.store\/wp-content\/uploads\/2024\/06\/atoderm-intensive-gel-moussant-ultra-apaisant-bioderma.jpg\",\"contentUrl\":\"https:\/\/orthopara.store\/wp-content\/uploads\/2024\/06\/atoderm-intensive-gel-moussant-ultra-apaisant-bioderma.jpg\",\"width\":800,\"height\":800},{\"@type\":\"BreadcrumbList\",\"@id\":\"https:\/\/orthopara.store\/index.php\/produit\/atoderm-intensive-gel-moussant-ultra-apaisant-bioderma\/#breadcrumb\",\"itemListElement\":[{\"@type\":\"ListItem\",\"position\":1,\"name\":\"Accueil\",\"item\":\"https:\/\/orthopara.store\/\"},{\"@type\":\"ListItem\",\"position\":2,\"name\":\"Shop\",\"item\":\"https:\/\/orthopara.store\/?page_id=622\"},{\"@type\":\"ListItem\",\"position\":3,\"name\":\"Atoderm Intensive Gel moussant ultra-apaisant &#8211; Bioderma\"}]},{\"@type\":\"WebSite\",\"@id\":\"https:\/\/orthopara.store\/#website\",\"url\":\"https:\/\/orthopara.store\/\",\"name\":\"OrthoPara\",\"description\":\"Parapharmacie\",\"publisher\":{\"@id\":\"https:\/\/orthopara.store\/#organization\"},\"potentialAction\":[{\"@type\":\"SearchAction\",\"target\":{\"@type\":\"EntryPoint\",\"urlTemplate\":\"https:\/\/orthopara.store\/?s={search_term_string}\"},\"query-input\":\"required name=search_term_string\"}],\"inLanguage\":\"fr-FR\"},{\"@type\":\"Organization\",\"@id\":\"https:\/\/orthopara.store\/#organization\",\"name\":\"OrthoPara\",\"url\":\"https:\/\/orthopara.store\/\",\"logo\":{\"@type\":\"ImageObject\",\"inLanguage\":\"fr-FR\",\"@id\":\"https:\/\/orthopara.store\/#\/schema\/logo\/image\/\",\"url\":\"https:\/\/orthopara.store\/wp-content\/uploads\/2024\/06\/cropped-9ABA8BAD-6256-4719-9315-15C66E64E882.png\",\"contentUrl\":\"https:\/\/orthopara.store\/wp-content\/uploads\/2024\/06\/cropped-9ABA8BAD-6256-4719-9315-15C66E64E882.png\",\"width\":240,\"height\":72,\"caption\":\"OrthoPara\"},\"image\":{\"@id\":\"https:\/\/orthopara.store\/#\/schema\/logo\/image\/\"},\"sameAs\":[\"https:\/\/www.facebook.com\/profile.php?id=61561194315651\",\"https:\/\/www.instagram.com\/orthopara_tunisie\/\"]}]}<\/script>\n<!-- \/ Yoast SEO plugin. -->","yoast_head_json":{"title":"Atoderm Intensive Gel moussant ultra-apaisant - Bioderma - OrthoPara","robots":{"index":"index","follow":"follow","max-snippet":"max-snippet:-1","max-image-preview":"max-image-preview:large","max-video-preview":"max-video-preview:-1"},"canonical":"https:\/\/orthopara.store\/index.php\/produit\/atoderm-intensive-gel-moussant-ultra-apaisant-bioderma\/","og_locale":"fr_FR","og_type":"article","og_title":"Atoderm Intensive Gel moussant ultra-apaisant - Bioderma - OrthoPara","og_description":"Bioderma Atoderm Intensive gel moussant Formul\u00e9 \u00e0 base d'agents purifiants et de Vitamine PP, Atoderm Intensive Gel Moussant lutte contre la prolif\u00e9ration des micro-organismes, irritants qui aggravent la s\u00e9cheresse cutan\u00e9e. Atoderm Intensive Gel Moussant apaise les sensations d'inconfort et d'irritation et contribue \u00e0 renforcer biologiquement la barri\u00e8re cutan\u00e9e. Pour toute la famille Contenances disponibles : Flacon pome de 1 litre (DLC 06\/2026) Tube de 200ml (DLC\u00a0 08\/2025)","og_url":"https:\/\/orthopara.store\/index.php\/produit\/atoderm-intensive-gel-moussant-ultra-apaisant-bioderma\/","og_site_name":"OrthoPara","article_publisher":"https:\/\/www.facebook.com\/profile.php?id=61561194315651","article_modified_time":"2024-11-04T16:21:18+00:00","og_image":[{"width":800,"height":800,"url":"https:\/\/orthopara.store\/wp-content\/uploads\/2024\/06\/atoderm-intensive-gel-moussant-ultra-apaisant-bioderma.jpg","type":"image\/jpeg"}],"twitter_card":"summary_large_image","twitter_misc":{"Dur\u00e9e de lecture estim\u00e9e":"1 minute"},"schema":{"@context":"https:\/\/schema.org","@graph":[{"@type":"WebPage","@id":"https:\/\/orthopara.store\/index.php\/produit\/atoderm-intensive-gel-moussant-ultra-apaisant-bioderma\/","url":"https:\/\/orthopara.store\/index.php\/produit\/atoderm-intensive-gel-moussant-ultra-apaisant-bioderma\/","name":"Atoderm Intensive Gel moussant ultra-apaisant - Bioderma - OrthoPara","isPartOf":{"@id":"https:\/\/orthopara.store\/#website"},"primaryImageOfPage":{"@id":"https:\/\/orthopara.store\/index.php\/produit\/atoderm-intensive-gel-moussant-ultra-apaisant-bioderma\/#primaryimage"},"image":{"@id":"https:\/\/orthopara.store\/index.php\/produit\/atoderm-intensive-gel-moussant-ultra-apaisant-bioderma\/#primaryimage"},"thumbnailUrl":"https:\/\/orthopara.store\/wp-content\/uploads\/2024\/06\/atoderm-intensive-gel-moussant-ultra-apaisant-bioderma.jpg","datePublished":"2024-06-28T13:52:11+00:00","dateModified":"2024-11-04T16:21:18+00:00","breadcrumb":{"@id":"https:\/\/orthopara.store\/index.php\/produit\/atoderm-intensive-gel-moussant-ultra-apaisant-bioderma\/#breadcrumb"},"inLanguage":"fr-FR","potentialAction":[{"@type":"ReadAction","target":["https:\/\/orthopara.store\/index.php\/produit\/atoderm-intensive-gel-moussant-ultra-apaisant-bioderma\/"]}]},{"@type":"ImageObject","inLanguage":"fr-FR","@id":"https:\/\/orthopara.store\/index.php\/produit\/atoderm-intensive-gel-moussant-ultra-apaisant-bioderma\/#primaryimage","url":"https:\/\/orthopara.store\/wp-content\/uploads\/2024\/06\/atoderm-intensive-gel-moussant-ultra-apaisant-bioderma.jpg","contentUrl":"https:\/\/orthopara.store\/wp-content\/uploads\/2024\/06\/atoderm-intensive-gel-moussant-ultra-apaisant-bioderma.jpg","width":800,"height":800},{"@type":"BreadcrumbList","@id":"https:\/\/orthopara.store\/index.php\/produit\/atoderm-intensive-gel-moussant-ultra-apaisant-bioderma\/#breadcrumb","itemListElement":[{"@type":"ListItem","position":1,"name":"Accueil","item":"https:\/\/orthopara.store\/"},{"@type":"ListItem","position":2,"name":"Shop","item":"https:\/\/orthopara.store\/?page_id=622"},{"@type":"ListItem","position":3,"name":"Atoderm Intensive Gel moussant ultra-apaisant &#8211; Bioderma"}]},{"@type":"WebSite","@id":"https:\/\/orthopara.store\/#website","url":"https:\/\/orthopara.store\/","name":"OrthoPara","description":"Parapharmacie","publisher":{"@id":"https:\/\/orthopara.store\/#organization"},"potentialAction":[{"@type":"SearchAction","target":{"@type":"EntryPoint","urlTemplate":"https:\/\/orthopara.store\/?s={search_term_string}"},"query-input":"required name=search_term_string"}],"inLanguage":"fr-FR"},{"@type":"Organization","@id":"https:\/\/orthopara.store\/#organization","name":"OrthoPara","url":"https:\/\/orthopara.store\/","logo":{"@type":"ImageObject","inLanguage":"fr-FR","@id":"https:\/\/orthopara.store\/#\/schema\/logo\/image\/","url":"https:\/\/orthopara.store\/wp-content\/uploads\/2024\/06\/cropped-9ABA8BAD-6256-4719-9315-15C66E64E882.png","contentUrl":"https:\/\/orthopara.store\/wp-content\/uploads\/2024\/06\/cropped-9ABA8BAD-6256-4719-9315-15C66E64E882.png","width":240,"height":72,"caption":"OrthoPara"},"image":{"@id":"https:\/\/orthopara.store\/#\/schema\/logo\/image\/"},"sameAs":["https:\/\/www.facebook.com\/profile.php?id=61561194315651","https:\/\/www.instagram.com\/orthopara_tunisie\/"]}]}},"jetpack_sharing_enabled":true,"brands":[{"id":64,"name":"BIODERMA","slug":"bioderma"}],"_links":{"self":[{"href":"https:\/\/orthopara.store\/index.php?rest_route=\/wp\/v2\/product\/1203","targetHints":{"allow":["GET"]}}],"collection":[{"href":"https:\/\/orthopara.store\/index.php?rest_route=\/wp\/v2\/product"}],"about":[{"href":"https:\/\/orthopara.store\/index.php?rest_route=\/wp\/v2\/types\/product"}],"replies":[{"embeddable":true,"href":"https:\/\/orthopara.store\/index.php?rest_route=%2Fwp%2Fv2%2Fcomments&post=1203"}],"wp:featuredmedia":[{"embeddable":true,"href":"https:\/\/orthopara.store\/index.php?rest_route=\/wp\/v2\/media\/1224"}],"wp:attachment":[{"href":"https:\/\/orthopara.store\/index.php?rest_route=%2Fwp%2Fv2%2Fmedia&parent=1203"}],"wp:term":[{"taxonomy":"pwb-brand","embeddable":true,"href":"https:\/\/orthopara.store\/index.php?rest_route=%2Fwp%2Fv2%2Fpwb-brand&post=1203"},{"taxonomy":"product_cat","embeddable":true,"href":"https:\/\/orthopara.store\/index.php?rest_route=%2Fwp%2Fv2%2Fproduct_cat&post=1203"},{"taxonomy":"product_tag","embeddable":true,"href":"https:\/\/orthopara.store\/index.php?rest_route=%2Fwp%2Fv2%2Fproduct_tag&post=1203"}],"curies":[{"name":"wp","href":"https:\/\/api.w.org\/{rel}","templated":true}]}}