{"id":1204,"date":"2024-06-28T15:52:11","date_gmt":"2024-06-28T13:52:11","guid":{"rendered":"https:\/\/orthopara.store\/?post_type=product&#038;p=1204"},"modified":"2024-11-07T09:26:40","modified_gmt":"2024-11-07T08:26:40","slug":"beurre-ultra-hydratant-dermedic-hydrain3-225ml","status":"publish","type":"product","link":"https:\/\/orthopara.store\/?product=beurre-ultra-hydratant-dermedic-hydrain3-225ml","title":{"rendered":"Beurre ultra-hydratant &#8211; Dermedic Hydrain3 &#8211; 225ml"},"content":{"rendered":"<p>Beurre ultra-hydratant &#8211; Dermedic Hydrain3 &#8211; 225ml<br \/>\nLa perte d&rsquo;eau trans\u00e9pidermique est appel\u00e9e PIE.<br \/>\n\u00a0La peau d\u00e9shydrat\u00e9e, contrairement \u00e0 la peau s\u00e8che, est un \u00e9tat transitoire et se cr\u00e9e \u00e0 la suite d&rsquo;une p\u00e9nurie ou d&rsquo;un manque d&rsquo;eau et de prot\u00e9ines fixatrices d&rsquo;eau. Sans ces ingr\u00e9dients, la couche k\u00e9ratinis\u00e9e exfoliante perd sa coh\u00e9sion et son int\u00e9grit\u00e9.<br \/>\nLes facteurs externes jouent un r\u00f4le important dans l&rsquo;\u00e9vaporation de l&rsquo;eau \u00e0 travers la peau.<br \/>\nLe froid inhibe la s\u00e9cr\u00e9tion de s\u00e9bum, et entra\u00eene ainsi une diminution de la couche hydro-lipidique de l&rsquo;\u00e9piderme.<br \/>\nLa ventilation et les tensioactifs augmentent significativement l&rsquo;\u00e9vaporation de l&rsquo;eau \u00e0 travers la peau.<br \/>\nUne bonne hydratation de la peau conditionne son bon fonctionnement!<br \/>\nLe beurre ultra-hydratant Hydrain sera parfait pour l&rsquo;hydratation des peaux s\u00e8ches et d\u00e9shydrat\u00e9es de tout le corps, non seulement il hydratera parfaitement votre peau, mais il l&rsquo;apaisera imm\u00e9diatement.<br \/>\nComposition :<br \/>\nPrincipes actifs : Complexe Aqualare : Acides Hialuroniques (4 formes) + eau thermale + tr\u00e9halose, Glyc\u00e9rine, Huile de Coco, Beurre de Karit\u00e9, Beurre de Cacao, Huile d&rsquo;Amande, Vitamine E<br \/>\nCaract\u00e9ristiques :<br \/>\nApporte \u00e0 la peau une hydratation profonde et durable<br \/>\nProcure un soulagement imm\u00e9diat, r\u00e9duit la sensation de tiraillement<br \/>\nR\u00e9tablit le bon fonctionnement de la barri\u00e8re protectrice cutan\u00e9e<\/p>\n<p>Non com\u00e9dog\u00e8ne<br \/>\nHypoallerg\u00e9nique<br \/>\nA l&rsquo;eau thermale<br \/>\nConseils d&rsquo;utilisation :\u00a0<br \/>\nAppliquer une fine couche uniforme de la pr\u00e9paration sur la peau et laisser absorber.<\/p>\n","protected":false},"excerpt":{"rendered":"<p>Dermedic Hydrain3 Hialuro<br \/>\nBeurre corporel ultra-hydratant<\/p>\n<p>Apporte \u00e0 la peau une hydratation profonde et durable<br \/>\nProcure un soulagement imm\u00e9diat, r\u00e9duit la sensation de tiraillement<br \/>\nR\u00e9tablit le bon fonctionnement de la barri\u00e8re protectrice cutan\u00e9e<\/p>\n<p>Types de peaux : pour les soins corporels de tous les types de peau, m\u00eame les peaux tr\u00e8s s\u00e8ches, rugueuses et squameuses.<\/p>\n<p>Non com\u00e9dog\u00e8ne<br \/>\nHypoallerg\u00e9nique<br \/>\nA l&rsquo;eau thermale<\/p>\n<p>Contenance : pot de 225ml<\/p>\n","protected":false},"featured_media":1225,"comment_status":"open","ping_status":"closed","template":"","meta":[],"pwb-brand":[54],"product_cat":[144],"product_tag":[],"class_list":{"0":"post-1204","1":"product","2":"type-product","3":"status-publish","4":"has-post-thumbnail","6":"pwb-brand-dermedic","7":"product_cat-soins-hydratation-peaux-seches","8":"post","9":"ws-product--style-1","11":"first","12":"instock","13":"shipping-taxable","14":"purchasable","15":"product-type-simple"},"yoast_head":"<!-- This site is optimized with the Yoast SEO plugin v23.0 - https:\/\/yoast.com\/wordpress\/plugins\/seo\/ -->\n<title>Beurre ultra-hydratant - Dermedic Hydrain3 - 225ml - OrthoPara<\/title>\n<meta name=\"robots\" content=\"index, follow, max-snippet:-1, max-image-preview:large, max-video-preview:-1\" \/>\n<link rel=\"canonical\" href=\"https:\/\/orthopara.store\/index.php\/produit\/beurre-ultra-hydratant-dermedic-hydrain3-225ml\/\" \/>\n<meta property=\"og:locale\" content=\"fr_FR\" \/>\n<meta property=\"og:type\" content=\"article\" \/>\n<meta property=\"og:title\" content=\"Beurre ultra-hydratant - Dermedic Hydrain3 - 225ml - OrthoPara\" \/>\n<meta property=\"og:description\" content=\"Dermedic Hydrain3 Hialuro Beurre corporel ultra-hydratant Apporte \u00e0 la peau une hydratation profonde et durable Procure un soulagement imm\u00e9diat, r\u00e9duit la sensation de tiraillement R\u00e9tablit le bon fonctionnement de la barri\u00e8re protectrice cutan\u00e9e Types de peaux : pour les soins corporels de tous les types de peau, m\u00eame les peaux tr\u00e8s s\u00e8ches, rugueuses et squameuses. Non com\u00e9dog\u00e8ne Hypoallerg\u00e9nique A l&#039;eau thermale Contenance : pot de 225ml\" \/>\n<meta property=\"og:url\" content=\"https:\/\/orthopara.store\/index.php\/produit\/beurre-ultra-hydratant-dermedic-hydrain3-225ml\/\" \/>\n<meta property=\"og:site_name\" content=\"OrthoPara\" \/>\n<meta property=\"article:publisher\" content=\"https:\/\/www.facebook.com\/profile.php?id=61561194315651\" \/>\n<meta property=\"article:modified_time\" content=\"2024-11-07T08:26:40+00:00\" \/>\n<meta property=\"og:image\" content=\"https:\/\/orthopara.store\/wp-content\/uploads\/2024\/06\/beurre-ultra-hydratant-dermedic-hydrain3-225ml.jpg\" \/>\n\t<meta property=\"og:image:width\" content=\"800\" \/>\n\t<meta property=\"og:image:height\" content=\"800\" \/>\n\t<meta property=\"og:image:type\" content=\"image\/jpeg\" \/>\n<meta name=\"twitter:card\" content=\"summary_large_image\" \/>\n<meta name=\"twitter:label1\" content=\"Dur\u00e9e de lecture estim\u00e9e\" \/>\n\t<meta name=\"twitter:data1\" content=\"1 minute\" \/>\n<script type=\"application\/ld+json\" class=\"yoast-schema-graph\">{\"@context\":\"https:\/\/schema.org\",\"@graph\":[{\"@type\":\"WebPage\",\"@id\":\"https:\/\/orthopara.store\/index.php\/produit\/beurre-ultra-hydratant-dermedic-hydrain3-225ml\/\",\"url\":\"https:\/\/orthopara.store\/index.php\/produit\/beurre-ultra-hydratant-dermedic-hydrain3-225ml\/\",\"name\":\"Beurre ultra-hydratant - Dermedic Hydrain3 - 225ml - OrthoPara\",\"isPartOf\":{\"@id\":\"https:\/\/orthopara.store\/#website\"},\"primaryImageOfPage\":{\"@id\":\"https:\/\/orthopara.store\/index.php\/produit\/beurre-ultra-hydratant-dermedic-hydrain3-225ml\/#primaryimage\"},\"image\":{\"@id\":\"https:\/\/orthopara.store\/index.php\/produit\/beurre-ultra-hydratant-dermedic-hydrain3-225ml\/#primaryimage\"},\"thumbnailUrl\":\"https:\/\/orthopara.store\/wp-content\/uploads\/2024\/06\/beurre-ultra-hydratant-dermedic-hydrain3-225ml.jpg\",\"datePublished\":\"2024-06-28T13:52:11+00:00\",\"dateModified\":\"2024-11-07T08:26:40+00:00\",\"breadcrumb\":{\"@id\":\"https:\/\/orthopara.store\/index.php\/produit\/beurre-ultra-hydratant-dermedic-hydrain3-225ml\/#breadcrumb\"},\"inLanguage\":\"fr-FR\",\"potentialAction\":[{\"@type\":\"ReadAction\",\"target\":[\"https:\/\/orthopara.store\/index.php\/produit\/beurre-ultra-hydratant-dermedic-hydrain3-225ml\/\"]}]},{\"@type\":\"ImageObject\",\"inLanguage\":\"fr-FR\",\"@id\":\"https:\/\/orthopara.store\/index.php\/produit\/beurre-ultra-hydratant-dermedic-hydrain3-225ml\/#primaryimage\",\"url\":\"https:\/\/orthopara.store\/wp-content\/uploads\/2024\/06\/beurre-ultra-hydratant-dermedic-hydrain3-225ml.jpg\",\"contentUrl\":\"https:\/\/orthopara.store\/wp-content\/uploads\/2024\/06\/beurre-ultra-hydratant-dermedic-hydrain3-225ml.jpg\",\"width\":800,\"height\":800},{\"@type\":\"BreadcrumbList\",\"@id\":\"https:\/\/orthopara.store\/index.php\/produit\/beurre-ultra-hydratant-dermedic-hydrain3-225ml\/#breadcrumb\",\"itemListElement\":[{\"@type\":\"ListItem\",\"position\":1,\"name\":\"Accueil\",\"item\":\"https:\/\/orthopara.store\/\"},{\"@type\":\"ListItem\",\"position\":2,\"name\":\"Shop\",\"item\":\"https:\/\/orthopara.store\/?page_id=622\"},{\"@type\":\"ListItem\",\"position\":3,\"name\":\"Beurre ultra-hydratant &#8211; Dermedic Hydrain3 &#8211; 225ml\"}]},{\"@type\":\"WebSite\",\"@id\":\"https:\/\/orthopara.store\/#website\",\"url\":\"https:\/\/orthopara.store\/\",\"name\":\"OrthoPara\",\"description\":\"Parapharmacie\",\"publisher\":{\"@id\":\"https:\/\/orthopara.store\/#organization\"},\"potentialAction\":[{\"@type\":\"SearchAction\",\"target\":{\"@type\":\"EntryPoint\",\"urlTemplate\":\"https:\/\/orthopara.store\/?s={search_term_string}\"},\"query-input\":\"required name=search_term_string\"}],\"inLanguage\":\"fr-FR\"},{\"@type\":\"Organization\",\"@id\":\"https:\/\/orthopara.store\/#organization\",\"name\":\"OrthoPara\",\"url\":\"https:\/\/orthopara.store\/\",\"logo\":{\"@type\":\"ImageObject\",\"inLanguage\":\"fr-FR\",\"@id\":\"https:\/\/orthopara.store\/#\/schema\/logo\/image\/\",\"url\":\"https:\/\/orthopara.store\/wp-content\/uploads\/2024\/06\/cropped-9ABA8BAD-6256-4719-9315-15C66E64E882.png\",\"contentUrl\":\"https:\/\/orthopara.store\/wp-content\/uploads\/2024\/06\/cropped-9ABA8BAD-6256-4719-9315-15C66E64E882.png\",\"width\":240,\"height\":72,\"caption\":\"OrthoPara\"},\"image\":{\"@id\":\"https:\/\/orthopara.store\/#\/schema\/logo\/image\/\"},\"sameAs\":[\"https:\/\/www.facebook.com\/profile.php?id=61561194315651\",\"https:\/\/www.instagram.com\/orthopara_tunisie\/\"]}]}<\/script>\n<!-- \/ Yoast SEO plugin. -->","yoast_head_json":{"title":"Beurre ultra-hydratant - Dermedic Hydrain3 - 225ml - OrthoPara","robots":{"index":"index","follow":"follow","max-snippet":"max-snippet:-1","max-image-preview":"max-image-preview:large","max-video-preview":"max-video-preview:-1"},"canonical":"https:\/\/orthopara.store\/index.php\/produit\/beurre-ultra-hydratant-dermedic-hydrain3-225ml\/","og_locale":"fr_FR","og_type":"article","og_title":"Beurre ultra-hydratant - Dermedic Hydrain3 - 225ml - OrthoPara","og_description":"Dermedic Hydrain3 Hialuro Beurre corporel ultra-hydratant Apporte \u00e0 la peau une hydratation profonde et durable Procure un soulagement imm\u00e9diat, r\u00e9duit la sensation de tiraillement R\u00e9tablit le bon fonctionnement de la barri\u00e8re protectrice cutan\u00e9e Types de peaux : pour les soins corporels de tous les types de peau, m\u00eame les peaux tr\u00e8s s\u00e8ches, rugueuses et squameuses. Non com\u00e9dog\u00e8ne Hypoallerg\u00e9nique A l'eau thermale Contenance : pot de 225ml","og_url":"https:\/\/orthopara.store\/index.php\/produit\/beurre-ultra-hydratant-dermedic-hydrain3-225ml\/","og_site_name":"OrthoPara","article_publisher":"https:\/\/www.facebook.com\/profile.php?id=61561194315651","article_modified_time":"2024-11-07T08:26:40+00:00","og_image":[{"width":800,"height":800,"url":"https:\/\/orthopara.store\/wp-content\/uploads\/2024\/06\/beurre-ultra-hydratant-dermedic-hydrain3-225ml.jpg","type":"image\/jpeg"}],"twitter_card":"summary_large_image","twitter_misc":{"Dur\u00e9e de lecture estim\u00e9e":"1 minute"},"schema":{"@context":"https:\/\/schema.org","@graph":[{"@type":"WebPage","@id":"https:\/\/orthopara.store\/index.php\/produit\/beurre-ultra-hydratant-dermedic-hydrain3-225ml\/","url":"https:\/\/orthopara.store\/index.php\/produit\/beurre-ultra-hydratant-dermedic-hydrain3-225ml\/","name":"Beurre ultra-hydratant - Dermedic Hydrain3 - 225ml - OrthoPara","isPartOf":{"@id":"https:\/\/orthopara.store\/#website"},"primaryImageOfPage":{"@id":"https:\/\/orthopara.store\/index.php\/produit\/beurre-ultra-hydratant-dermedic-hydrain3-225ml\/#primaryimage"},"image":{"@id":"https:\/\/orthopara.store\/index.php\/produit\/beurre-ultra-hydratant-dermedic-hydrain3-225ml\/#primaryimage"},"thumbnailUrl":"https:\/\/orthopara.store\/wp-content\/uploads\/2024\/06\/beurre-ultra-hydratant-dermedic-hydrain3-225ml.jpg","datePublished":"2024-06-28T13:52:11+00:00","dateModified":"2024-11-07T08:26:40+00:00","breadcrumb":{"@id":"https:\/\/orthopara.store\/index.php\/produit\/beurre-ultra-hydratant-dermedic-hydrain3-225ml\/#breadcrumb"},"inLanguage":"fr-FR","potentialAction":[{"@type":"ReadAction","target":["https:\/\/orthopara.store\/index.php\/produit\/beurre-ultra-hydratant-dermedic-hydrain3-225ml\/"]}]},{"@type":"ImageObject","inLanguage":"fr-FR","@id":"https:\/\/orthopara.store\/index.php\/produit\/beurre-ultra-hydratant-dermedic-hydrain3-225ml\/#primaryimage","url":"https:\/\/orthopara.store\/wp-content\/uploads\/2024\/06\/beurre-ultra-hydratant-dermedic-hydrain3-225ml.jpg","contentUrl":"https:\/\/orthopara.store\/wp-content\/uploads\/2024\/06\/beurre-ultra-hydratant-dermedic-hydrain3-225ml.jpg","width":800,"height":800},{"@type":"BreadcrumbList","@id":"https:\/\/orthopara.store\/index.php\/produit\/beurre-ultra-hydratant-dermedic-hydrain3-225ml\/#breadcrumb","itemListElement":[{"@type":"ListItem","position":1,"name":"Accueil","item":"https:\/\/orthopara.store\/"},{"@type":"ListItem","position":2,"name":"Shop","item":"https:\/\/orthopara.store\/?page_id=622"},{"@type":"ListItem","position":3,"name":"Beurre ultra-hydratant &#8211; Dermedic Hydrain3 &#8211; 225ml"}]},{"@type":"WebSite","@id":"https:\/\/orthopara.store\/#website","url":"https:\/\/orthopara.store\/","name":"OrthoPara","description":"Parapharmacie","publisher":{"@id":"https:\/\/orthopara.store\/#organization"},"potentialAction":[{"@type":"SearchAction","target":{"@type":"EntryPoint","urlTemplate":"https:\/\/orthopara.store\/?s={search_term_string}"},"query-input":"required name=search_term_string"}],"inLanguage":"fr-FR"},{"@type":"Organization","@id":"https:\/\/orthopara.store\/#organization","name":"OrthoPara","url":"https:\/\/orthopara.store\/","logo":{"@type":"ImageObject","inLanguage":"fr-FR","@id":"https:\/\/orthopara.store\/#\/schema\/logo\/image\/","url":"https:\/\/orthopara.store\/wp-content\/uploads\/2024\/06\/cropped-9ABA8BAD-6256-4719-9315-15C66E64E882.png","contentUrl":"https:\/\/orthopara.store\/wp-content\/uploads\/2024\/06\/cropped-9ABA8BAD-6256-4719-9315-15C66E64E882.png","width":240,"height":72,"caption":"OrthoPara"},"image":{"@id":"https:\/\/orthopara.store\/#\/schema\/logo\/image\/"},"sameAs":["https:\/\/www.facebook.com\/profile.php?id=61561194315651","https:\/\/www.instagram.com\/orthopara_tunisie\/"]}]}},"jetpack_sharing_enabled":true,"brands":[{"id":54,"name":"DERMEDIC","slug":"dermedic"}],"_links":{"self":[{"href":"https:\/\/orthopara.store\/index.php?rest_route=\/wp\/v2\/product\/1204","targetHints":{"allow":["GET"]}}],"collection":[{"href":"https:\/\/orthopara.store\/index.php?rest_route=\/wp\/v2\/product"}],"about":[{"href":"https:\/\/orthopara.store\/index.php?rest_route=\/wp\/v2\/types\/product"}],"replies":[{"embeddable":true,"href":"https:\/\/orthopara.store\/index.php?rest_route=%2Fwp%2Fv2%2Fcomments&post=1204"}],"wp:featuredmedia":[{"embeddable":true,"href":"https:\/\/orthopara.store\/index.php?rest_route=\/wp\/v2\/media\/1225"}],"wp:attachment":[{"href":"https:\/\/orthopara.store\/index.php?rest_route=%2Fwp%2Fv2%2Fmedia&parent=1204"}],"wp:term":[{"taxonomy":"pwb-brand","embeddable":true,"href":"https:\/\/orthopara.store\/index.php?rest_route=%2Fwp%2Fv2%2Fpwb-brand&post=1204"},{"taxonomy":"product_cat","embeddable":true,"href":"https:\/\/orthopara.store\/index.php?rest_route=%2Fwp%2Fv2%2Fproduct_cat&post=1204"},{"taxonomy":"product_tag","embeddable":true,"href":"https:\/\/orthopara.store\/index.php?rest_route=%2Fwp%2Fv2%2Fproduct_tag&post=1204"}],"curies":[{"name":"wp","href":"https:\/\/api.w.org\/{rel}","templated":true}]}}