{"id":1209,"date":"2024-06-28T15:52:11","date_gmt":"2024-06-28T13:52:11","guid":{"rendered":"https:\/\/orthopara.store\/?post_type=product&#038;p=1209"},"modified":"2024-06-28T15:52:17","modified_gmt":"2024-06-28T13:52:17","slug":"trixera-nutri-lait-avene-400-ml","status":"publish","type":"product","link":"https:\/\/orthopara.store\/?product=trixera-nutri-lait-avene-400-ml","title":{"rendered":"TRIXERA NUTRI LAIT &#8211; AVENE &#8211; 400 ML"},"content":{"rendered":"<p>TRIXERA NUTRI LAIT &#8211; AVENE &#8211; 400 ML<br \/>\n\u00a0Nourrissant et protecteur, le Lait nutri-fluide TriXera Nutrition d\u2019Avene R\u00e9pare, nourrit et apaise les peaux s\u00e8ches, facilite le quotidien de la famille.<br \/>\nTrio lipidique v\u00e9g\u00e9tal et S\u00e9lectiose (brevet Pierre Fabre):<br \/>\n&#8211; restaurent la barri\u00e8re cutan\u00e9e pour une peau nourrit et une hydratation 48h<br \/>\n&#8211; eau thermale d&rsquo;Av\u00e8ne: apaise les peaux s\u00e8ches irrit\u00e9es par les tiraillements\u00a0 \u00a0<\/p>\n<p>Conseil d&rsquo;utilisation :\u00a0<br \/>\nAppliquer une ou 2 fois par jour sur une peau pr\u00e9alablement nettoy\u00e9e.<\/p>\n<p>Compositions :\u00a0<br \/>\nFormule INCI : Avene Thermal Spring Water (Avene Aqua). Glycerin. Caprylic\/Capric Triglyceride. Isopropyl Palmitate. Propylene Glycol Dicaprylate\/Dicaprate. Glyceryl Stearate. Peg-100 Stearate. Myreth-3 Myristate. Acrylates\/C10-30 Alkyl Acrylate Crosspolymer. Benzoic Acid. Caprylyl Glycol. Carbomer. Fragrance (Parfum). Glycine. Glycine Soja (Soybean) Seed Extract (Glycine Soja Seed Extract). Oenothera Biennis (Evening Primrose) Oil (Oenothera Biennis Oil).<\/p>\n","protected":false},"excerpt":{"rendered":"<p>TRIXERA NUTRI LAIT &#8211; AVENE &#8211; 400 ML<br \/>\npeaux sensibles s\u00e8ches<br \/>\nSoin quotidien pour les peaux sensibles et s\u00e8ches de la famille.<br \/>\nvisage et corps<br \/>\nCONTENANCE 400 mL<br \/>\nDLC 09\/2024<\/p>\n","protected":false},"featured_media":1230,"comment_status":"open","ping_status":"closed","template":"","meta":[],"pwb-brand":[61],"product_cat":[144],"product_tag":[],"class_list":{"0":"post-1209","1":"product","2":"type-product","3":"status-publish","4":"has-post-thumbnail","6":"pwb-brand-avene","7":"product_cat-soins-hydratation-peaux-seches","8":"post","9":"ws-product--style-1","11":"first","12":"instock","13":"shipping-taxable","14":"purchasable","15":"product-type-simple"},"yoast_head":"<!-- This site is optimized with the Yoast SEO plugin v23.0 - https:\/\/yoast.com\/wordpress\/plugins\/seo\/ -->\n<title>TRIXERA NUTRI LAIT - AVENE - 400 ML - OrthoPara<\/title>\n<meta name=\"robots\" content=\"index, follow, max-snippet:-1, max-image-preview:large, max-video-preview:-1\" \/>\n<link rel=\"canonical\" href=\"https:\/\/orthopara.store\/index.php\/produit\/trixera-nutri-lait-avene-400-ml\/\" \/>\n<meta property=\"og:locale\" content=\"fr_FR\" \/>\n<meta property=\"og:type\" content=\"article\" \/>\n<meta property=\"og:title\" content=\"TRIXERA NUTRI LAIT - AVENE - 400 ML - OrthoPara\" \/>\n<meta property=\"og:description\" content=\"TRIXERA NUTRI LAIT - AVENE - 400 ML peaux sensibles s\u00e8ches Soin quotidien pour les peaux sensibles et s\u00e8ches de la famille. visage et corps CONTENANCE 400 mL DLC 09\/2024\" \/>\n<meta property=\"og:url\" content=\"https:\/\/orthopara.store\/index.php\/produit\/trixera-nutri-lait-avene-400-ml\/\" \/>\n<meta property=\"og:site_name\" content=\"OrthoPara\" \/>\n<meta property=\"article:publisher\" content=\"https:\/\/www.facebook.com\/profile.php?id=61561194315651\" \/>\n<meta property=\"article:modified_time\" content=\"2024-06-28T13:52:17+00:00\" \/>\n<meta property=\"og:image\" content=\"https:\/\/orthopara.store\/wp-content\/uploads\/2024\/06\/trixera-nutri-lait-avene-400-ml.jpg\" \/>\n\t<meta property=\"og:image:width\" content=\"800\" \/>\n\t<meta property=\"og:image:height\" content=\"800\" \/>\n\t<meta property=\"og:image:type\" content=\"image\/jpeg\" \/>\n<meta name=\"twitter:card\" content=\"summary_large_image\" \/>\n<meta name=\"twitter:label1\" content=\"Dur\u00e9e de lecture estim\u00e9e\" \/>\n\t<meta name=\"twitter:data1\" content=\"1 minute\" \/>\n<script type=\"application\/ld+json\" class=\"yoast-schema-graph\">{\"@context\":\"https:\/\/schema.org\",\"@graph\":[{\"@type\":\"WebPage\",\"@id\":\"https:\/\/orthopara.store\/index.php\/produit\/trixera-nutri-lait-avene-400-ml\/\",\"url\":\"https:\/\/orthopara.store\/index.php\/produit\/trixera-nutri-lait-avene-400-ml\/\",\"name\":\"TRIXERA NUTRI LAIT - AVENE - 400 ML - OrthoPara\",\"isPartOf\":{\"@id\":\"https:\/\/orthopara.store\/#website\"},\"primaryImageOfPage\":{\"@id\":\"https:\/\/orthopara.store\/index.php\/produit\/trixera-nutri-lait-avene-400-ml\/#primaryimage\"},\"image\":{\"@id\":\"https:\/\/orthopara.store\/index.php\/produit\/trixera-nutri-lait-avene-400-ml\/#primaryimage\"},\"thumbnailUrl\":\"https:\/\/orthopara.store\/wp-content\/uploads\/2024\/06\/trixera-nutri-lait-avene-400-ml.jpg\",\"datePublished\":\"2024-06-28T13:52:11+00:00\",\"dateModified\":\"2024-06-28T13:52:17+00:00\",\"breadcrumb\":{\"@id\":\"https:\/\/orthopara.store\/index.php\/produit\/trixera-nutri-lait-avene-400-ml\/#breadcrumb\"},\"inLanguage\":\"fr-FR\",\"potentialAction\":[{\"@type\":\"ReadAction\",\"target\":[\"https:\/\/orthopara.store\/index.php\/produit\/trixera-nutri-lait-avene-400-ml\/\"]}]},{\"@type\":\"ImageObject\",\"inLanguage\":\"fr-FR\",\"@id\":\"https:\/\/orthopara.store\/index.php\/produit\/trixera-nutri-lait-avene-400-ml\/#primaryimage\",\"url\":\"https:\/\/orthopara.store\/wp-content\/uploads\/2024\/06\/trixera-nutri-lait-avene-400-ml.jpg\",\"contentUrl\":\"https:\/\/orthopara.store\/wp-content\/uploads\/2024\/06\/trixera-nutri-lait-avene-400-ml.jpg\",\"width\":800,\"height\":800},{\"@type\":\"BreadcrumbList\",\"@id\":\"https:\/\/orthopara.store\/index.php\/produit\/trixera-nutri-lait-avene-400-ml\/#breadcrumb\",\"itemListElement\":[{\"@type\":\"ListItem\",\"position\":1,\"name\":\"Accueil\",\"item\":\"https:\/\/orthopara.store\/\"},{\"@type\":\"ListItem\",\"position\":2,\"name\":\"Shop\",\"item\":\"https:\/\/orthopara.store\/?page_id=622\"},{\"@type\":\"ListItem\",\"position\":3,\"name\":\"TRIXERA NUTRI LAIT &#8211; AVENE &#8211; 400 ML\"}]},{\"@type\":\"WebSite\",\"@id\":\"https:\/\/orthopara.store\/#website\",\"url\":\"https:\/\/orthopara.store\/\",\"name\":\"OrthoPara\",\"description\":\"Parapharmacie\",\"publisher\":{\"@id\":\"https:\/\/orthopara.store\/#organization\"},\"potentialAction\":[{\"@type\":\"SearchAction\",\"target\":{\"@type\":\"EntryPoint\",\"urlTemplate\":\"https:\/\/orthopara.store\/?s={search_term_string}\"},\"query-input\":\"required name=search_term_string\"}],\"inLanguage\":\"fr-FR\"},{\"@type\":\"Organization\",\"@id\":\"https:\/\/orthopara.store\/#organization\",\"name\":\"OrthoPara\",\"url\":\"https:\/\/orthopara.store\/\",\"logo\":{\"@type\":\"ImageObject\",\"inLanguage\":\"fr-FR\",\"@id\":\"https:\/\/orthopara.store\/#\/schema\/logo\/image\/\",\"url\":\"https:\/\/orthopara.store\/wp-content\/uploads\/2024\/06\/cropped-9ABA8BAD-6256-4719-9315-15C66E64E882.png\",\"contentUrl\":\"https:\/\/orthopara.store\/wp-content\/uploads\/2024\/06\/cropped-9ABA8BAD-6256-4719-9315-15C66E64E882.png\",\"width\":240,\"height\":72,\"caption\":\"OrthoPara\"},\"image\":{\"@id\":\"https:\/\/orthopara.store\/#\/schema\/logo\/image\/\"},\"sameAs\":[\"https:\/\/www.facebook.com\/profile.php?id=61561194315651\",\"https:\/\/www.instagram.com\/orthopara_tunisie\/\"]}]}<\/script>\n<!-- \/ Yoast SEO plugin. -->","yoast_head_json":{"title":"TRIXERA NUTRI LAIT - AVENE - 400 ML - OrthoPara","robots":{"index":"index","follow":"follow","max-snippet":"max-snippet:-1","max-image-preview":"max-image-preview:large","max-video-preview":"max-video-preview:-1"},"canonical":"https:\/\/orthopara.store\/index.php\/produit\/trixera-nutri-lait-avene-400-ml\/","og_locale":"fr_FR","og_type":"article","og_title":"TRIXERA NUTRI LAIT - AVENE - 400 ML - OrthoPara","og_description":"TRIXERA NUTRI LAIT - AVENE - 400 ML peaux sensibles s\u00e8ches Soin quotidien pour les peaux sensibles et s\u00e8ches de la famille. visage et corps CONTENANCE 400 mL DLC 09\/2024","og_url":"https:\/\/orthopara.store\/index.php\/produit\/trixera-nutri-lait-avene-400-ml\/","og_site_name":"OrthoPara","article_publisher":"https:\/\/www.facebook.com\/profile.php?id=61561194315651","article_modified_time":"2024-06-28T13:52:17+00:00","og_image":[{"width":800,"height":800,"url":"https:\/\/orthopara.store\/wp-content\/uploads\/2024\/06\/trixera-nutri-lait-avene-400-ml.jpg","type":"image\/jpeg"}],"twitter_card":"summary_large_image","twitter_misc":{"Dur\u00e9e de lecture estim\u00e9e":"1 minute"},"schema":{"@context":"https:\/\/schema.org","@graph":[{"@type":"WebPage","@id":"https:\/\/orthopara.store\/index.php\/produit\/trixera-nutri-lait-avene-400-ml\/","url":"https:\/\/orthopara.store\/index.php\/produit\/trixera-nutri-lait-avene-400-ml\/","name":"TRIXERA NUTRI LAIT - AVENE - 400 ML - OrthoPara","isPartOf":{"@id":"https:\/\/orthopara.store\/#website"},"primaryImageOfPage":{"@id":"https:\/\/orthopara.store\/index.php\/produit\/trixera-nutri-lait-avene-400-ml\/#primaryimage"},"image":{"@id":"https:\/\/orthopara.store\/index.php\/produit\/trixera-nutri-lait-avene-400-ml\/#primaryimage"},"thumbnailUrl":"https:\/\/orthopara.store\/wp-content\/uploads\/2024\/06\/trixera-nutri-lait-avene-400-ml.jpg","datePublished":"2024-06-28T13:52:11+00:00","dateModified":"2024-06-28T13:52:17+00:00","breadcrumb":{"@id":"https:\/\/orthopara.store\/index.php\/produit\/trixera-nutri-lait-avene-400-ml\/#breadcrumb"},"inLanguage":"fr-FR","potentialAction":[{"@type":"ReadAction","target":["https:\/\/orthopara.store\/index.php\/produit\/trixera-nutri-lait-avene-400-ml\/"]}]},{"@type":"ImageObject","inLanguage":"fr-FR","@id":"https:\/\/orthopara.store\/index.php\/produit\/trixera-nutri-lait-avene-400-ml\/#primaryimage","url":"https:\/\/orthopara.store\/wp-content\/uploads\/2024\/06\/trixera-nutri-lait-avene-400-ml.jpg","contentUrl":"https:\/\/orthopara.store\/wp-content\/uploads\/2024\/06\/trixera-nutri-lait-avene-400-ml.jpg","width":800,"height":800},{"@type":"BreadcrumbList","@id":"https:\/\/orthopara.store\/index.php\/produit\/trixera-nutri-lait-avene-400-ml\/#breadcrumb","itemListElement":[{"@type":"ListItem","position":1,"name":"Accueil","item":"https:\/\/orthopara.store\/"},{"@type":"ListItem","position":2,"name":"Shop","item":"https:\/\/orthopara.store\/?page_id=622"},{"@type":"ListItem","position":3,"name":"TRIXERA NUTRI LAIT &#8211; AVENE &#8211; 400 ML"}]},{"@type":"WebSite","@id":"https:\/\/orthopara.store\/#website","url":"https:\/\/orthopara.store\/","name":"OrthoPara","description":"Parapharmacie","publisher":{"@id":"https:\/\/orthopara.store\/#organization"},"potentialAction":[{"@type":"SearchAction","target":{"@type":"EntryPoint","urlTemplate":"https:\/\/orthopara.store\/?s={search_term_string}"},"query-input":"required name=search_term_string"}],"inLanguage":"fr-FR"},{"@type":"Organization","@id":"https:\/\/orthopara.store\/#organization","name":"OrthoPara","url":"https:\/\/orthopara.store\/","logo":{"@type":"ImageObject","inLanguage":"fr-FR","@id":"https:\/\/orthopara.store\/#\/schema\/logo\/image\/","url":"https:\/\/orthopara.store\/wp-content\/uploads\/2024\/06\/cropped-9ABA8BAD-6256-4719-9315-15C66E64E882.png","contentUrl":"https:\/\/orthopara.store\/wp-content\/uploads\/2024\/06\/cropped-9ABA8BAD-6256-4719-9315-15C66E64E882.png","width":240,"height":72,"caption":"OrthoPara"},"image":{"@id":"https:\/\/orthopara.store\/#\/schema\/logo\/image\/"},"sameAs":["https:\/\/www.facebook.com\/profile.php?id=61561194315651","https:\/\/www.instagram.com\/orthopara_tunisie\/"]}]}},"jetpack_sharing_enabled":true,"brands":[{"id":61,"name":"Avene","slug":"avene"}],"_links":{"self":[{"href":"https:\/\/orthopara.store\/index.php?rest_route=\/wp\/v2\/product\/1209","targetHints":{"allow":["GET"]}}],"collection":[{"href":"https:\/\/orthopara.store\/index.php?rest_route=\/wp\/v2\/product"}],"about":[{"href":"https:\/\/orthopara.store\/index.php?rest_route=\/wp\/v2\/types\/product"}],"replies":[{"embeddable":true,"href":"https:\/\/orthopara.store\/index.php?rest_route=%2Fwp%2Fv2%2Fcomments&post=1209"}],"wp:featuredmedia":[{"embeddable":true,"href":"https:\/\/orthopara.store\/index.php?rest_route=\/wp\/v2\/media\/1230"}],"wp:attachment":[{"href":"https:\/\/orthopara.store\/index.php?rest_route=%2Fwp%2Fv2%2Fmedia&parent=1209"}],"wp:term":[{"taxonomy":"pwb-brand","embeddable":true,"href":"https:\/\/orthopara.store\/index.php?rest_route=%2Fwp%2Fv2%2Fpwb-brand&post=1209"},{"taxonomy":"product_cat","embeddable":true,"href":"https:\/\/orthopara.store\/index.php?rest_route=%2Fwp%2Fv2%2Fproduct_cat&post=1209"},{"taxonomy":"product_tag","embeddable":true,"href":"https:\/\/orthopara.store\/index.php?rest_route=%2Fwp%2Fv2%2Fproduct_tag&post=1209"}],"curies":[{"name":"wp","href":"https:\/\/api.w.org\/{rel}","templated":true}]}}