{"id":1216,"date":"2024-06-28T15:52:12","date_gmt":"2024-06-28T13:52:12","guid":{"rendered":"https:\/\/orthopara.store\/?post_type=product&#038;p=1216"},"modified":"2024-06-28T15:52:21","modified_gmt":"2024-06-28T13:52:21","slug":"spray-cicatrisant-hydratant-antiseptique-panthenol-lait-200ml","status":"publish","type":"product","link":"https:\/\/orthopara.store\/?product=spray-cicatrisant-hydratant-antiseptique-panthenol-lait-200ml","title":{"rendered":"Spray cicatrisant &#8211; hydratant antiseptique &#8211; panthenol lait &#8211; 200ml"},"content":{"rendered":"<p>Spray cicatrisant &#8211; hydratant &#8211; antiseptique &#8211; Panthenol Lait Sparay &#8211; 200ml<br \/>\nPANTHENOL SPRAY 200 ML est un lait cicatrisant, anti-irritation, antiseptique<br \/>\nComposition :<br \/>\nDexpanthenol (Pro-vitamine B5)<br \/>\nIl R\u00e9pare la barri\u00e8re cutan\u00e9e, am\u00e9liore l&rsquo;hydratation, diminue la rugosit\u00e9 et acc\u00e9l\u00e8re la cicatrisation.<br \/>\nIl Acc\u00e9l\u00e8re et am\u00e9liore la qualit\u00e9 de la cicatrisation. Il est aussi utilis\u00e9 comme antiseptique et d\u00e9sinfectant des plaies.<br \/>\nOxyde de Zinc + Sulfate de Cuivre<br \/>\nIl lutte contre la prolif\u00e9ration de l&rsquo;acn\u00e9 sur les peaux grasses. Il purifie la peau, l&rsquo;assainit et r\u00e9gule la production du s\u00e9bum.<br \/>\nSulfate de Zinc + Sulfate de Cuivre<br \/>\nAssainissant et apaisant : Recommand\u00e9 pour les peaux \u00e0 tendance acn\u00e9ique sensibles et atopIques.<br \/>\nVitamine E<br \/>\nPar son action anto-oxydante, il r\u00e9duit l&rsquo;action des radicaux libres sur la peau et pr\u00e9vient le vieillissement des cellules cutan\u00e9es.<br \/>\nIndications :<br \/>\nil est indiqu\u00e9 pour la Dermatite atopique, les pouss\u00e9es d&rsquo;ecz\u00e9ma non infect\u00e9 pour pr\u00e9venir les surinfections, comme antiseptique des affections cutan\u00e9es, pour les dermatoses, la varicelle, les brulures du 1er et du 2eme degr\u00e9, pour les cicatrices post op\u00e9ratoires, en post laser, post op\u00e9ratoire, pour le traitement pr\u00e9ventif et curatif des pieds diab\u00e9tique<br \/>\nConseils d&rsquo;utilisation :<br \/>\n3 fois par jour<\/p>\n","protected":false},"excerpt":{"rendered":"<p>Panthenol lait spray\u00a0<\/p>\n<p>Panthenol lait spray est traitement pour termatite atopique, pouss\u00e9es d&rsquo;acn\u00e9s, ecz\u00e9ma non infect\u00e9 pour pr\u00e9venir les surinfections, antisepsie des affections cutan\u00e9es, Dermatoses, varicelle, brulures de 1er et 2\u00e8me degr\u00e9, dermites irritatives, cicatrices post-op\u00e9ratoires, post-laser, post \u00e9pilatoire, traitement pr\u00e9ventif ou curatif des pieds diab\u00e9tiques<br \/>\nContenance : 200ml\u00a0<br \/>\nDLC : 06\/2025\u00a0<\/p>\n","protected":false},"featured_media":1237,"comment_status":"open","ping_status":"closed","template":"","meta":[],"pwb-brand":[154],"product_cat":[150,149,148],"product_tag":[],"class_list":{"0":"post-1216","1":"product","2":"type-product","3":"status-publish","4":"has-post-thumbnail","6":"pwb-brand-clover-pharmaceutic","7":"product_cat-decoloration","8":"product_cat-depilation","9":"product_cat-epilation","10":"post","11":"ws-product--style-1","13":"first","14":"instock","15":"shipping-taxable","16":"purchasable","17":"product-type-simple"},"yoast_head":"<!-- This site is optimized with the Yoast SEO plugin v23.0 - https:\/\/yoast.com\/wordpress\/plugins\/seo\/ -->\n<title>Spray cicatrisant - hydratant antiseptique - panthenol lait - 200ml - OrthoPara<\/title>\n<meta name=\"robots\" content=\"index, follow, max-snippet:-1, max-image-preview:large, max-video-preview:-1\" \/>\n<link rel=\"canonical\" href=\"https:\/\/orthopara.store\/index.php\/produit\/spray-cicatrisant-hydratant-antiseptique-panthenol-lait-200ml\/\" \/>\n<meta property=\"og:locale\" content=\"fr_FR\" \/>\n<meta property=\"og:type\" content=\"article\" \/>\n<meta property=\"og:title\" content=\"Spray cicatrisant - hydratant antiseptique - panthenol lait - 200ml - OrthoPara\" \/>\n<meta property=\"og:description\" content=\"Panthenol lait spray\u00a0 Panthenol lait spray est traitement pour termatite atopique, pouss\u00e9es d&#039;acn\u00e9s, ecz\u00e9ma non infect\u00e9 pour pr\u00e9venir les surinfections, antisepsie des affections cutan\u00e9es, Dermatoses, varicelle, brulures de 1er et 2\u00e8me degr\u00e9, dermites irritatives, cicatrices post-op\u00e9ratoires, post-laser, post \u00e9pilatoire, traitement pr\u00e9ventif ou curatif des pieds diab\u00e9tiques Contenance : 200ml\u00a0 DLC : 06\/2025\u00a0\" \/>\n<meta property=\"og:url\" content=\"https:\/\/orthopara.store\/index.php\/produit\/spray-cicatrisant-hydratant-antiseptique-panthenol-lait-200ml\/\" \/>\n<meta property=\"og:site_name\" content=\"OrthoPara\" \/>\n<meta property=\"article:publisher\" content=\"https:\/\/www.facebook.com\/profile.php?id=61561194315651\" \/>\n<meta property=\"article:modified_time\" content=\"2024-06-28T13:52:21+00:00\" \/>\n<meta property=\"og:image\" content=\"https:\/\/orthopara.store\/wp-content\/uploads\/2024\/06\/spray-cicatrisant-hydratant-antiseptique-panthenol-lait-sparay-200ml.jpg\" \/>\n\t<meta property=\"og:image:width\" content=\"800\" \/>\n\t<meta property=\"og:image:height\" content=\"800\" \/>\n\t<meta property=\"og:image:type\" content=\"image\/jpeg\" \/>\n<meta name=\"twitter:card\" content=\"summary_large_image\" \/>\n<meta name=\"twitter:label1\" content=\"Dur\u00e9e de lecture estim\u00e9e\" \/>\n\t<meta name=\"twitter:data1\" content=\"1 minute\" \/>\n<script type=\"application\/ld+json\" class=\"yoast-schema-graph\">{\"@context\":\"https:\/\/schema.org\",\"@graph\":[{\"@type\":\"WebPage\",\"@id\":\"https:\/\/orthopara.store\/index.php\/produit\/spray-cicatrisant-hydratant-antiseptique-panthenol-lait-200ml\/\",\"url\":\"https:\/\/orthopara.store\/index.php\/produit\/spray-cicatrisant-hydratant-antiseptique-panthenol-lait-200ml\/\",\"name\":\"Spray cicatrisant - hydratant antiseptique - panthenol lait - 200ml - OrthoPara\",\"isPartOf\":{\"@id\":\"https:\/\/orthopara.store\/#website\"},\"primaryImageOfPage\":{\"@id\":\"https:\/\/orthopara.store\/index.php\/produit\/spray-cicatrisant-hydratant-antiseptique-panthenol-lait-200ml\/#primaryimage\"},\"image\":{\"@id\":\"https:\/\/orthopara.store\/index.php\/produit\/spray-cicatrisant-hydratant-antiseptique-panthenol-lait-200ml\/#primaryimage\"},\"thumbnailUrl\":\"https:\/\/orthopara.store\/wp-content\/uploads\/2024\/06\/spray-cicatrisant-hydratant-antiseptique-panthenol-lait-sparay-200ml.jpg\",\"datePublished\":\"2024-06-28T13:52:12+00:00\",\"dateModified\":\"2024-06-28T13:52:21+00:00\",\"breadcrumb\":{\"@id\":\"https:\/\/orthopara.store\/index.php\/produit\/spray-cicatrisant-hydratant-antiseptique-panthenol-lait-200ml\/#breadcrumb\"},\"inLanguage\":\"fr-FR\",\"potentialAction\":[{\"@type\":\"ReadAction\",\"target\":[\"https:\/\/orthopara.store\/index.php\/produit\/spray-cicatrisant-hydratant-antiseptique-panthenol-lait-200ml\/\"]}]},{\"@type\":\"ImageObject\",\"inLanguage\":\"fr-FR\",\"@id\":\"https:\/\/orthopara.store\/index.php\/produit\/spray-cicatrisant-hydratant-antiseptique-panthenol-lait-200ml\/#primaryimage\",\"url\":\"https:\/\/orthopara.store\/wp-content\/uploads\/2024\/06\/spray-cicatrisant-hydratant-antiseptique-panthenol-lait-sparay-200ml.jpg\",\"contentUrl\":\"https:\/\/orthopara.store\/wp-content\/uploads\/2024\/06\/spray-cicatrisant-hydratant-antiseptique-panthenol-lait-sparay-200ml.jpg\",\"width\":800,\"height\":800},{\"@type\":\"BreadcrumbList\",\"@id\":\"https:\/\/orthopara.store\/index.php\/produit\/spray-cicatrisant-hydratant-antiseptique-panthenol-lait-200ml\/#breadcrumb\",\"itemListElement\":[{\"@type\":\"ListItem\",\"position\":1,\"name\":\"Accueil\",\"item\":\"https:\/\/orthopara.store\/\"},{\"@type\":\"ListItem\",\"position\":2,\"name\":\"Shop\",\"item\":\"https:\/\/orthopara.store\/?page_id=622\"},{\"@type\":\"ListItem\",\"position\":3,\"name\":\"Spray cicatrisant &#8211; hydratant antiseptique &#8211; panthenol lait &#8211; 200ml\"}]},{\"@type\":\"WebSite\",\"@id\":\"https:\/\/orthopara.store\/#website\",\"url\":\"https:\/\/orthopara.store\/\",\"name\":\"OrthoPara\",\"description\":\"Parapharmacie\",\"publisher\":{\"@id\":\"https:\/\/orthopara.store\/#organization\"},\"potentialAction\":[{\"@type\":\"SearchAction\",\"target\":{\"@type\":\"EntryPoint\",\"urlTemplate\":\"https:\/\/orthopara.store\/?s={search_term_string}\"},\"query-input\":\"required name=search_term_string\"}],\"inLanguage\":\"fr-FR\"},{\"@type\":\"Organization\",\"@id\":\"https:\/\/orthopara.store\/#organization\",\"name\":\"OrthoPara\",\"url\":\"https:\/\/orthopara.store\/\",\"logo\":{\"@type\":\"ImageObject\",\"inLanguage\":\"fr-FR\",\"@id\":\"https:\/\/orthopara.store\/#\/schema\/logo\/image\/\",\"url\":\"https:\/\/orthopara.store\/wp-content\/uploads\/2024\/06\/cropped-9ABA8BAD-6256-4719-9315-15C66E64E882.png\",\"contentUrl\":\"https:\/\/orthopara.store\/wp-content\/uploads\/2024\/06\/cropped-9ABA8BAD-6256-4719-9315-15C66E64E882.png\",\"width\":240,\"height\":72,\"caption\":\"OrthoPara\"},\"image\":{\"@id\":\"https:\/\/orthopara.store\/#\/schema\/logo\/image\/\"},\"sameAs\":[\"https:\/\/www.facebook.com\/profile.php?id=61561194315651\",\"https:\/\/www.instagram.com\/orthopara_tunisie\/\"]}]}<\/script>\n<!-- \/ Yoast SEO plugin. -->","yoast_head_json":{"title":"Spray cicatrisant - hydratant antiseptique - panthenol lait - 200ml - OrthoPara","robots":{"index":"index","follow":"follow","max-snippet":"max-snippet:-1","max-image-preview":"max-image-preview:large","max-video-preview":"max-video-preview:-1"},"canonical":"https:\/\/orthopara.store\/index.php\/produit\/spray-cicatrisant-hydratant-antiseptique-panthenol-lait-200ml\/","og_locale":"fr_FR","og_type":"article","og_title":"Spray cicatrisant - hydratant antiseptique - panthenol lait - 200ml - OrthoPara","og_description":"Panthenol lait spray\u00a0 Panthenol lait spray est traitement pour termatite atopique, pouss\u00e9es d'acn\u00e9s, ecz\u00e9ma non infect\u00e9 pour pr\u00e9venir les surinfections, antisepsie des affections cutan\u00e9es, Dermatoses, varicelle, brulures de 1er et 2\u00e8me degr\u00e9, dermites irritatives, cicatrices post-op\u00e9ratoires, post-laser, post \u00e9pilatoire, traitement pr\u00e9ventif ou curatif des pieds diab\u00e9tiques Contenance : 200ml\u00a0 DLC : 06\/2025\u00a0","og_url":"https:\/\/orthopara.store\/index.php\/produit\/spray-cicatrisant-hydratant-antiseptique-panthenol-lait-200ml\/","og_site_name":"OrthoPara","article_publisher":"https:\/\/www.facebook.com\/profile.php?id=61561194315651","article_modified_time":"2024-06-28T13:52:21+00:00","og_image":[{"width":800,"height":800,"url":"https:\/\/orthopara.store\/wp-content\/uploads\/2024\/06\/spray-cicatrisant-hydratant-antiseptique-panthenol-lait-sparay-200ml.jpg","type":"image\/jpeg"}],"twitter_card":"summary_large_image","twitter_misc":{"Dur\u00e9e de lecture estim\u00e9e":"1 minute"},"schema":{"@context":"https:\/\/schema.org","@graph":[{"@type":"WebPage","@id":"https:\/\/orthopara.store\/index.php\/produit\/spray-cicatrisant-hydratant-antiseptique-panthenol-lait-200ml\/","url":"https:\/\/orthopara.store\/index.php\/produit\/spray-cicatrisant-hydratant-antiseptique-panthenol-lait-200ml\/","name":"Spray cicatrisant - hydratant antiseptique - panthenol lait - 200ml - OrthoPara","isPartOf":{"@id":"https:\/\/orthopara.store\/#website"},"primaryImageOfPage":{"@id":"https:\/\/orthopara.store\/index.php\/produit\/spray-cicatrisant-hydratant-antiseptique-panthenol-lait-200ml\/#primaryimage"},"image":{"@id":"https:\/\/orthopara.store\/index.php\/produit\/spray-cicatrisant-hydratant-antiseptique-panthenol-lait-200ml\/#primaryimage"},"thumbnailUrl":"https:\/\/orthopara.store\/wp-content\/uploads\/2024\/06\/spray-cicatrisant-hydratant-antiseptique-panthenol-lait-sparay-200ml.jpg","datePublished":"2024-06-28T13:52:12+00:00","dateModified":"2024-06-28T13:52:21+00:00","breadcrumb":{"@id":"https:\/\/orthopara.store\/index.php\/produit\/spray-cicatrisant-hydratant-antiseptique-panthenol-lait-200ml\/#breadcrumb"},"inLanguage":"fr-FR","potentialAction":[{"@type":"ReadAction","target":["https:\/\/orthopara.store\/index.php\/produit\/spray-cicatrisant-hydratant-antiseptique-panthenol-lait-200ml\/"]}]},{"@type":"ImageObject","inLanguage":"fr-FR","@id":"https:\/\/orthopara.store\/index.php\/produit\/spray-cicatrisant-hydratant-antiseptique-panthenol-lait-200ml\/#primaryimage","url":"https:\/\/orthopara.store\/wp-content\/uploads\/2024\/06\/spray-cicatrisant-hydratant-antiseptique-panthenol-lait-sparay-200ml.jpg","contentUrl":"https:\/\/orthopara.store\/wp-content\/uploads\/2024\/06\/spray-cicatrisant-hydratant-antiseptique-panthenol-lait-sparay-200ml.jpg","width":800,"height":800},{"@type":"BreadcrumbList","@id":"https:\/\/orthopara.store\/index.php\/produit\/spray-cicatrisant-hydratant-antiseptique-panthenol-lait-200ml\/#breadcrumb","itemListElement":[{"@type":"ListItem","position":1,"name":"Accueil","item":"https:\/\/orthopara.store\/"},{"@type":"ListItem","position":2,"name":"Shop","item":"https:\/\/orthopara.store\/?page_id=622"},{"@type":"ListItem","position":3,"name":"Spray cicatrisant &#8211; hydratant antiseptique &#8211; panthenol lait &#8211; 200ml"}]},{"@type":"WebSite","@id":"https:\/\/orthopara.store\/#website","url":"https:\/\/orthopara.store\/","name":"OrthoPara","description":"Parapharmacie","publisher":{"@id":"https:\/\/orthopara.store\/#organization"},"potentialAction":[{"@type":"SearchAction","target":{"@type":"EntryPoint","urlTemplate":"https:\/\/orthopara.store\/?s={search_term_string}"},"query-input":"required name=search_term_string"}],"inLanguage":"fr-FR"},{"@type":"Organization","@id":"https:\/\/orthopara.store\/#organization","name":"OrthoPara","url":"https:\/\/orthopara.store\/","logo":{"@type":"ImageObject","inLanguage":"fr-FR","@id":"https:\/\/orthopara.store\/#\/schema\/logo\/image\/","url":"https:\/\/orthopara.store\/wp-content\/uploads\/2024\/06\/cropped-9ABA8BAD-6256-4719-9315-15C66E64E882.png","contentUrl":"https:\/\/orthopara.store\/wp-content\/uploads\/2024\/06\/cropped-9ABA8BAD-6256-4719-9315-15C66E64E882.png","width":240,"height":72,"caption":"OrthoPara"},"image":{"@id":"https:\/\/orthopara.store\/#\/schema\/logo\/image\/"},"sameAs":["https:\/\/www.facebook.com\/profile.php?id=61561194315651","https:\/\/www.instagram.com\/orthopara_tunisie\/"]}]}},"jetpack_sharing_enabled":true,"brands":[{"id":154,"name":"Clover Pharmaceutic","slug":"clover-pharmaceutic"}],"_links":{"self":[{"href":"https:\/\/orthopara.store\/index.php?rest_route=\/wp\/v2\/product\/1216","targetHints":{"allow":["GET"]}}],"collection":[{"href":"https:\/\/orthopara.store\/index.php?rest_route=\/wp\/v2\/product"}],"about":[{"href":"https:\/\/orthopara.store\/index.php?rest_route=\/wp\/v2\/types\/product"}],"replies":[{"embeddable":true,"href":"https:\/\/orthopara.store\/index.php?rest_route=%2Fwp%2Fv2%2Fcomments&post=1216"}],"wp:featuredmedia":[{"embeddable":true,"href":"https:\/\/orthopara.store\/index.php?rest_route=\/wp\/v2\/media\/1237"}],"wp:attachment":[{"href":"https:\/\/orthopara.store\/index.php?rest_route=%2Fwp%2Fv2%2Fmedia&parent=1216"}],"wp:term":[{"taxonomy":"pwb-brand","embeddable":true,"href":"https:\/\/orthopara.store\/index.php?rest_route=%2Fwp%2Fv2%2Fpwb-brand&post=1216"},{"taxonomy":"product_cat","embeddable":true,"href":"https:\/\/orthopara.store\/index.php?rest_route=%2Fwp%2Fv2%2Fproduct_cat&post=1216"},{"taxonomy":"product_tag","embeddable":true,"href":"https:\/\/orthopara.store\/index.php?rest_route=%2Fwp%2Fv2%2Fproduct_tag&post=1216"}],"curies":[{"name":"wp","href":"https:\/\/api.w.org\/{rel}","templated":true}]}}