{"id":1217,"date":"2024-06-28T15:52:12","date_gmt":"2024-06-28T13:52:12","guid":{"rendered":"https:\/\/orthopara.store\/?post_type=product&#038;p=1217"},"modified":"2024-11-28T20:50:41","modified_gmt":"2024-11-28T19:50:41","slug":"huile-apaisant-poste-epilatoire-k-reine-100ml","status":"publish","type":"product","link":"https:\/\/orthopara.store\/?product=huile-apaisant-poste-epilatoire-k-reine-100ml","title":{"rendered":"Huile apaisant poste \u00e9pilatoire &#8211; K-reine &#8211; 100ml"},"content":{"rendered":"<p>Huile apaisant poste \u00e9pilatoire &#8211; K-reine &#8211; 100ml<br \/>\nCaract\u00e9ristiques de l&rsquo;huile apaisante post \u00e9pilatoire k-reine<\/p>\n<p>\u2022Enrichie au calendula (apaisante, rafraichissante et calmante), \u00e0 l&rsquo;huile d&rsquo;argan (hydratante, r\u00e9paratrice et r\u00e9g\u00e9n\u00e9rante) et \u00e0 la vitamine E (anti vieillissement, anti radicalaire).<br \/>\n\u2022Texture fluide et fraiche, p\u00e9n\u00e8tre rapidement et procure une vraie sensation de bien \u00eatre et confort pour tout le corps.<\/p>\n<p>\u2022Dissous les traces de cires sur la peau.<\/p>\n<p>\u2022Respecte les peaux les plus sensibles\u00a0<\/p>\n<p>Conseil d&rsquo;utilisation :\u00a0<\/p>\n<p>paraffinium liquidium, argania spinosa oil, Calendula Officinalis Flower Extract, caprylic\/capric triglyceride, tocopheryl acetate, fragrance.\u00a0<\/p>\n","protected":false},"excerpt":{"rendered":"<p>K-reine<br \/>\nHuile apaisant poste \u00e9pilatoire<br \/>\n2 en 1 Apaise la peau et enl\u00e8ve les traces de cire \u00e0 \u00e9piler\u00a0<\/p>\n<p>Argan, Calendula Vitamine E\u00a0<\/p>\n<p>Pour tout type de peaux\u00a0<\/p>\n<p>contenance : 100 mL<\/p>\n","protected":false},"featured_media":1238,"comment_status":"open","ping_status":"closed","template":"","meta":[],"pwb-brand":[147],"product_cat":[150,149,148],"product_tag":[],"class_list":{"0":"post-1217","1":"product","2":"type-product","3":"status-publish","4":"has-post-thumbnail","6":"pwb-brand-k-reine","7":"product_cat-decoloration","8":"product_cat-depilation","9":"product_cat-epilation","10":"post","11":"ws-product--style-1","13":"first","14":"instock","15":"shipping-taxable","16":"purchasable","17":"product-type-simple"},"yoast_head":"<!-- This site is optimized with the Yoast SEO plugin v23.0 - https:\/\/yoast.com\/wordpress\/plugins\/seo\/ -->\n<title>Huile apaisant poste \u00e9pilatoire - K-reine - 100ml - OrthoPara<\/title>\n<meta name=\"robots\" content=\"index, follow, max-snippet:-1, max-image-preview:large, max-video-preview:-1\" \/>\n<link rel=\"canonical\" href=\"https:\/\/orthopara.store\/index.php\/produit\/huile-apaisant-poste-epilatoire-k-reine-100ml\/\" \/>\n<meta property=\"og:locale\" content=\"fr_FR\" \/>\n<meta property=\"og:type\" content=\"article\" \/>\n<meta property=\"og:title\" content=\"Huile apaisant poste \u00e9pilatoire - K-reine - 100ml - OrthoPara\" \/>\n<meta property=\"og:description\" content=\"K-reine Huile apaisant poste \u00e9pilatoire 2 en 1 Apaise la peau et enl\u00e8ve les traces de cire \u00e0 \u00e9piler\u00a0 Argan, Calendula Vitamine E\u00a0 Pour tout type de peaux\u00a0 contenance : 100 mL\" \/>\n<meta property=\"og:url\" content=\"https:\/\/orthopara.store\/index.php\/produit\/huile-apaisant-poste-epilatoire-k-reine-100ml\/\" \/>\n<meta property=\"og:site_name\" content=\"OrthoPara\" \/>\n<meta property=\"article:publisher\" content=\"https:\/\/www.facebook.com\/profile.php?id=61561194315651\" \/>\n<meta property=\"article:modified_time\" content=\"2024-11-28T19:50:41+00:00\" \/>\n<meta property=\"og:image\" content=\"https:\/\/orthopara.store\/wp-content\/uploads\/2024\/06\/huile-apaisant-poste-epilatoire-k-reine-100ml.jpg\" \/>\n\t<meta property=\"og:image:width\" content=\"800\" \/>\n\t<meta property=\"og:image:height\" content=\"800\" \/>\n\t<meta property=\"og:image:type\" content=\"image\/jpeg\" \/>\n<meta name=\"twitter:card\" content=\"summary_large_image\" \/>\n<script type=\"application\/ld+json\" class=\"yoast-schema-graph\">{\"@context\":\"https:\/\/schema.org\",\"@graph\":[{\"@type\":\"WebPage\",\"@id\":\"https:\/\/orthopara.store\/index.php\/produit\/huile-apaisant-poste-epilatoire-k-reine-100ml\/\",\"url\":\"https:\/\/orthopara.store\/index.php\/produit\/huile-apaisant-poste-epilatoire-k-reine-100ml\/\",\"name\":\"Huile apaisant poste \u00e9pilatoire - K-reine - 100ml - OrthoPara\",\"isPartOf\":{\"@id\":\"https:\/\/orthopara.store\/#website\"},\"primaryImageOfPage\":{\"@id\":\"https:\/\/orthopara.store\/index.php\/produit\/huile-apaisant-poste-epilatoire-k-reine-100ml\/#primaryimage\"},\"image\":{\"@id\":\"https:\/\/orthopara.store\/index.php\/produit\/huile-apaisant-poste-epilatoire-k-reine-100ml\/#primaryimage\"},\"thumbnailUrl\":\"https:\/\/orthopara.store\/wp-content\/uploads\/2024\/06\/huile-apaisant-poste-epilatoire-k-reine-100ml.jpg\",\"datePublished\":\"2024-06-28T13:52:12+00:00\",\"dateModified\":\"2024-11-28T19:50:41+00:00\",\"breadcrumb\":{\"@id\":\"https:\/\/orthopara.store\/index.php\/produit\/huile-apaisant-poste-epilatoire-k-reine-100ml\/#breadcrumb\"},\"inLanguage\":\"fr-FR\",\"potentialAction\":[{\"@type\":\"ReadAction\",\"target\":[\"https:\/\/orthopara.store\/index.php\/produit\/huile-apaisant-poste-epilatoire-k-reine-100ml\/\"]}]},{\"@type\":\"ImageObject\",\"inLanguage\":\"fr-FR\",\"@id\":\"https:\/\/orthopara.store\/index.php\/produit\/huile-apaisant-poste-epilatoire-k-reine-100ml\/#primaryimage\",\"url\":\"https:\/\/orthopara.store\/wp-content\/uploads\/2024\/06\/huile-apaisant-poste-epilatoire-k-reine-100ml.jpg\",\"contentUrl\":\"https:\/\/orthopara.store\/wp-content\/uploads\/2024\/06\/huile-apaisant-poste-epilatoire-k-reine-100ml.jpg\",\"width\":800,\"height\":800},{\"@type\":\"BreadcrumbList\",\"@id\":\"https:\/\/orthopara.store\/index.php\/produit\/huile-apaisant-poste-epilatoire-k-reine-100ml\/#breadcrumb\",\"itemListElement\":[{\"@type\":\"ListItem\",\"position\":1,\"name\":\"Accueil\",\"item\":\"https:\/\/orthopara.store\/\"},{\"@type\":\"ListItem\",\"position\":2,\"name\":\"Shop\",\"item\":\"https:\/\/orthopara.store\/?page_id=622\"},{\"@type\":\"ListItem\",\"position\":3,\"name\":\"Huile apaisant poste \u00e9pilatoire &#8211; K-reine &#8211; 100ml\"}]},{\"@type\":\"WebSite\",\"@id\":\"https:\/\/orthopara.store\/#website\",\"url\":\"https:\/\/orthopara.store\/\",\"name\":\"OrthoPara\",\"description\":\"Parapharmacie\",\"publisher\":{\"@id\":\"https:\/\/orthopara.store\/#organization\"},\"potentialAction\":[{\"@type\":\"SearchAction\",\"target\":{\"@type\":\"EntryPoint\",\"urlTemplate\":\"https:\/\/orthopara.store\/?s={search_term_string}\"},\"query-input\":\"required name=search_term_string\"}],\"inLanguage\":\"fr-FR\"},{\"@type\":\"Organization\",\"@id\":\"https:\/\/orthopara.store\/#organization\",\"name\":\"OrthoPara\",\"url\":\"https:\/\/orthopara.store\/\",\"logo\":{\"@type\":\"ImageObject\",\"inLanguage\":\"fr-FR\",\"@id\":\"https:\/\/orthopara.store\/#\/schema\/logo\/image\/\",\"url\":\"https:\/\/orthopara.store\/wp-content\/uploads\/2024\/06\/cropped-9ABA8BAD-6256-4719-9315-15C66E64E882.png\",\"contentUrl\":\"https:\/\/orthopara.store\/wp-content\/uploads\/2024\/06\/cropped-9ABA8BAD-6256-4719-9315-15C66E64E882.png\",\"width\":240,\"height\":72,\"caption\":\"OrthoPara\"},\"image\":{\"@id\":\"https:\/\/orthopara.store\/#\/schema\/logo\/image\/\"},\"sameAs\":[\"https:\/\/www.facebook.com\/profile.php?id=61561194315651\",\"https:\/\/www.instagram.com\/orthopara_tunisie\/\"]}]}<\/script>\n<!-- \/ Yoast SEO plugin. -->","yoast_head_json":{"title":"Huile apaisant poste \u00e9pilatoire - K-reine - 100ml - OrthoPara","robots":{"index":"index","follow":"follow","max-snippet":"max-snippet:-1","max-image-preview":"max-image-preview:large","max-video-preview":"max-video-preview:-1"},"canonical":"https:\/\/orthopara.store\/index.php\/produit\/huile-apaisant-poste-epilatoire-k-reine-100ml\/","og_locale":"fr_FR","og_type":"article","og_title":"Huile apaisant poste \u00e9pilatoire - K-reine - 100ml - OrthoPara","og_description":"K-reine Huile apaisant poste \u00e9pilatoire 2 en 1 Apaise la peau et enl\u00e8ve les traces de cire \u00e0 \u00e9piler\u00a0 Argan, Calendula Vitamine E\u00a0 Pour tout type de peaux\u00a0 contenance : 100 mL","og_url":"https:\/\/orthopara.store\/index.php\/produit\/huile-apaisant-poste-epilatoire-k-reine-100ml\/","og_site_name":"OrthoPara","article_publisher":"https:\/\/www.facebook.com\/profile.php?id=61561194315651","article_modified_time":"2024-11-28T19:50:41+00:00","og_image":[{"width":800,"height":800,"url":"https:\/\/orthopara.store\/wp-content\/uploads\/2024\/06\/huile-apaisant-poste-epilatoire-k-reine-100ml.jpg","type":"image\/jpeg"}],"twitter_card":"summary_large_image","schema":{"@context":"https:\/\/schema.org","@graph":[{"@type":"WebPage","@id":"https:\/\/orthopara.store\/index.php\/produit\/huile-apaisant-poste-epilatoire-k-reine-100ml\/","url":"https:\/\/orthopara.store\/index.php\/produit\/huile-apaisant-poste-epilatoire-k-reine-100ml\/","name":"Huile apaisant poste \u00e9pilatoire - K-reine - 100ml - OrthoPara","isPartOf":{"@id":"https:\/\/orthopara.store\/#website"},"primaryImageOfPage":{"@id":"https:\/\/orthopara.store\/index.php\/produit\/huile-apaisant-poste-epilatoire-k-reine-100ml\/#primaryimage"},"image":{"@id":"https:\/\/orthopara.store\/index.php\/produit\/huile-apaisant-poste-epilatoire-k-reine-100ml\/#primaryimage"},"thumbnailUrl":"https:\/\/orthopara.store\/wp-content\/uploads\/2024\/06\/huile-apaisant-poste-epilatoire-k-reine-100ml.jpg","datePublished":"2024-06-28T13:52:12+00:00","dateModified":"2024-11-28T19:50:41+00:00","breadcrumb":{"@id":"https:\/\/orthopara.store\/index.php\/produit\/huile-apaisant-poste-epilatoire-k-reine-100ml\/#breadcrumb"},"inLanguage":"fr-FR","potentialAction":[{"@type":"ReadAction","target":["https:\/\/orthopara.store\/index.php\/produit\/huile-apaisant-poste-epilatoire-k-reine-100ml\/"]}]},{"@type":"ImageObject","inLanguage":"fr-FR","@id":"https:\/\/orthopara.store\/index.php\/produit\/huile-apaisant-poste-epilatoire-k-reine-100ml\/#primaryimage","url":"https:\/\/orthopara.store\/wp-content\/uploads\/2024\/06\/huile-apaisant-poste-epilatoire-k-reine-100ml.jpg","contentUrl":"https:\/\/orthopara.store\/wp-content\/uploads\/2024\/06\/huile-apaisant-poste-epilatoire-k-reine-100ml.jpg","width":800,"height":800},{"@type":"BreadcrumbList","@id":"https:\/\/orthopara.store\/index.php\/produit\/huile-apaisant-poste-epilatoire-k-reine-100ml\/#breadcrumb","itemListElement":[{"@type":"ListItem","position":1,"name":"Accueil","item":"https:\/\/orthopara.store\/"},{"@type":"ListItem","position":2,"name":"Shop","item":"https:\/\/orthopara.store\/?page_id=622"},{"@type":"ListItem","position":3,"name":"Huile apaisant poste \u00e9pilatoire &#8211; K-reine &#8211; 100ml"}]},{"@type":"WebSite","@id":"https:\/\/orthopara.store\/#website","url":"https:\/\/orthopara.store\/","name":"OrthoPara","description":"Parapharmacie","publisher":{"@id":"https:\/\/orthopara.store\/#organization"},"potentialAction":[{"@type":"SearchAction","target":{"@type":"EntryPoint","urlTemplate":"https:\/\/orthopara.store\/?s={search_term_string}"},"query-input":"required name=search_term_string"}],"inLanguage":"fr-FR"},{"@type":"Organization","@id":"https:\/\/orthopara.store\/#organization","name":"OrthoPara","url":"https:\/\/orthopara.store\/","logo":{"@type":"ImageObject","inLanguage":"fr-FR","@id":"https:\/\/orthopara.store\/#\/schema\/logo\/image\/","url":"https:\/\/orthopara.store\/wp-content\/uploads\/2024\/06\/cropped-9ABA8BAD-6256-4719-9315-15C66E64E882.png","contentUrl":"https:\/\/orthopara.store\/wp-content\/uploads\/2024\/06\/cropped-9ABA8BAD-6256-4719-9315-15C66E64E882.png","width":240,"height":72,"caption":"OrthoPara"},"image":{"@id":"https:\/\/orthopara.store\/#\/schema\/logo\/image\/"},"sameAs":["https:\/\/www.facebook.com\/profile.php?id=61561194315651","https:\/\/www.instagram.com\/orthopara_tunisie\/"]}]}},"jetpack_sharing_enabled":true,"brands":[{"id":147,"name":"K-REINE","slug":"k-reine"}],"_links":{"self":[{"href":"https:\/\/orthopara.store\/index.php?rest_route=\/wp\/v2\/product\/1217","targetHints":{"allow":["GET"]}}],"collection":[{"href":"https:\/\/orthopara.store\/index.php?rest_route=\/wp\/v2\/product"}],"about":[{"href":"https:\/\/orthopara.store\/index.php?rest_route=\/wp\/v2\/types\/product"}],"replies":[{"embeddable":true,"href":"https:\/\/orthopara.store\/index.php?rest_route=%2Fwp%2Fv2%2Fcomments&post=1217"}],"wp:featuredmedia":[{"embeddable":true,"href":"https:\/\/orthopara.store\/index.php?rest_route=\/wp\/v2\/media\/1238"}],"wp:attachment":[{"href":"https:\/\/orthopara.store\/index.php?rest_route=%2Fwp%2Fv2%2Fmedia&parent=1217"}],"wp:term":[{"taxonomy":"pwb-brand","embeddable":true,"href":"https:\/\/orthopara.store\/index.php?rest_route=%2Fwp%2Fv2%2Fpwb-brand&post=1217"},{"taxonomy":"product_cat","embeddable":true,"href":"https:\/\/orthopara.store\/index.php?rest_route=%2Fwp%2Fv2%2Fproduct_cat&post=1217"},{"taxonomy":"product_tag","embeddable":true,"href":"https:\/\/orthopara.store\/index.php?rest_route=%2Fwp%2Fv2%2Fproduct_tag&post=1217"}],"curies":[{"name":"wp","href":"https:\/\/api.w.org\/{rel}","templated":true}]}}