{"id":1219,"date":"2024-06-28T15:52:13","date_gmt":"2024-06-28T13:52:13","guid":{"rendered":"https:\/\/orthopara.store\/?post_type=product&#038;p=1219"},"modified":"2024-06-28T15:52:22","modified_gmt":"2024-06-28T13:52:22","slug":"creme-reparatrice-dermacare-cica-treat-zn-50ml","status":"publish","type":"product","link":"https:\/\/orthopara.store\/?product=creme-reparatrice-dermacare-cica-treat-zn-50ml","title":{"rendered":"Cr\u00e8me r\u00e9paratrice &#8211; Dermacare Cica Treat ZN &#8211; 50ml"},"content":{"rendered":"<p>Cr\u00e8me r\u00e9paratrice &#8211; Dermacare Cica Treat ZN &#8211; 50ml\u00a0<br \/>\nDermacare CicaTreat ZN est une cr\u00e8me r\u00e9paratrice, qui am\u00e9liore et acc\u00e9l\u00e8re la cicatrisation des plaies tout en prot\u00e9geant la peau. R\u00e9pare, assainit et apaise la peau irrit\u00e9e grace \u00e0 ses agents r\u00e9parateurs et anti-bact\u00e9riennes, efficace \u00e0 chaque \u00e9tape de la reconstitution \u00e9pidermique.<br \/>\nla cr\u00e8me CicaTreat ZN est utilis\u00e9e en cas :\u00a0<br \/>\n&#8211; Engelures\u00a0<br \/>\n&#8211; Cicatrices d&rsquo;acn\u00e9s\u00a0<br \/>\n&#8211; Brulures\u00a0<br \/>\n&#8211; Apr\u00e8s \u00e9pilation ou laser\u00a0<br \/>\n&#8211; L\u00e9sion chirurgicales<br \/>\n&#8211; L&rsquo;\u00e9ryth\u00e8me fessier du b\u00e9b\u00e9\u00a0\u00a0<br \/>\nMode d&#8217;emploi :<br \/>\nAppliquer en couche \u00e9paisse sur une peau pr\u00e9alablement nettoy\u00e9e et ass\u00e9ch\u00e9e, 3 \u00e0 4 fois par jour avec un l\u00e9ger massage.<\/p>\n","protected":false},"excerpt":{"rendered":"<p>Dermacare Cica Treat ZN<br \/>\nCr\u00e8me r\u00e9paratrice &#8211; apaisante &#038; assainissante\u00a0<br \/>\nAcc\u00e9l\u00e8re la r\u00e9g\u00e9n\u00e9ration cellulaire\u00a0\u00a0<br \/>\nPour faire des miracles sur les cicatrices et apaiser imm\u00e9diatement les irritations cutan\u00e9es, choisissez la cr\u00e8me r\u00e9paratrice CicaTreat ZN. Soulagement imm\u00e9diat garanti.<br \/>\nIndications : peaux agress\u00e9es, abim\u00e9es par des traitement physique (radioth\u00e9rapie, laser&#8230;), convient \u00e0 toute la famille\u00a0<br \/>\nContenance : 50ml\u00a0<br \/>\nDLC : 07\/2023\u00a0<\/p>\n","protected":false},"featured_media":1240,"comment_status":"open","ping_status":"closed","template":"","meta":[],"pwb-brand":[155],"product_cat":[150,149,148],"product_tag":[],"class_list":{"0":"post-1219","1":"product","2":"type-product","3":"status-publish","4":"has-post-thumbnail","6":"pwb-brand-dermacare","7":"product_cat-decoloration","8":"product_cat-depilation","9":"product_cat-epilation","10":"post","11":"ws-product--style-1","13":"first","14":"instock","15":"shipping-taxable","16":"purchasable","17":"product-type-simple"},"yoast_head":"<!-- This site is optimized with the Yoast SEO plugin v23.0 - https:\/\/yoast.com\/wordpress\/plugins\/seo\/ -->\n<title>Cr\u00e8me r\u00e9paratrice - Dermacare Cica Treat ZN - 50ml - OrthoPara<\/title>\n<meta name=\"robots\" content=\"index, follow, max-snippet:-1, max-image-preview:large, max-video-preview:-1\" \/>\n<link rel=\"canonical\" href=\"https:\/\/orthopara.store\/index.php\/produit\/creme-reparatrice-dermacare-cica-treat-zn-50ml\/\" \/>\n<meta property=\"og:locale\" content=\"fr_FR\" \/>\n<meta property=\"og:type\" content=\"article\" \/>\n<meta property=\"og:title\" content=\"Cr\u00e8me r\u00e9paratrice - Dermacare Cica Treat ZN - 50ml - OrthoPara\" \/>\n<meta property=\"og:description\" content=\"Dermacare Cica Treat ZN Cr\u00e8me r\u00e9paratrice - apaisante &amp; assainissante\u00a0 Acc\u00e9l\u00e8re la r\u00e9g\u00e9n\u00e9ration cellulaire\u00a0\u00a0 Pour faire des miracles sur les cicatrices et apaiser imm\u00e9diatement les irritations cutan\u00e9es, choisissez la cr\u00e8me r\u00e9paratrice CicaTreat ZN. Soulagement imm\u00e9diat garanti. Indications : peaux agress\u00e9es, abim\u00e9es par des traitement physique (radioth\u00e9rapie, laser...), convient \u00e0 toute la famille\u00a0 Contenance : 50ml\u00a0 DLC : 07\/2023\u00a0\" \/>\n<meta property=\"og:url\" content=\"https:\/\/orthopara.store\/index.php\/produit\/creme-reparatrice-dermacare-cica-treat-zn-50ml\/\" \/>\n<meta property=\"og:site_name\" content=\"OrthoPara\" \/>\n<meta property=\"article:publisher\" content=\"https:\/\/www.facebook.com\/profile.php?id=61561194315651\" \/>\n<meta property=\"article:modified_time\" content=\"2024-06-28T13:52:22+00:00\" \/>\n<meta property=\"og:image\" content=\"https:\/\/orthopara.store\/wp-content\/uploads\/2024\/06\/creme-reparatrice-dermacare-cica-treat-zn-50ml-.jpg\" \/>\n\t<meta property=\"og:image:width\" content=\"800\" \/>\n\t<meta property=\"og:image:height\" content=\"800\" \/>\n\t<meta property=\"og:image:type\" content=\"image\/jpeg\" \/>\n<meta name=\"twitter:card\" content=\"summary_large_image\" \/>\n<meta name=\"twitter:label1\" content=\"Dur\u00e9e de lecture estim\u00e9e\" \/>\n\t<meta name=\"twitter:data1\" content=\"1 minute\" \/>\n<script type=\"application\/ld+json\" class=\"yoast-schema-graph\">{\"@context\":\"https:\/\/schema.org\",\"@graph\":[{\"@type\":\"WebPage\",\"@id\":\"https:\/\/orthopara.store\/index.php\/produit\/creme-reparatrice-dermacare-cica-treat-zn-50ml\/\",\"url\":\"https:\/\/orthopara.store\/index.php\/produit\/creme-reparatrice-dermacare-cica-treat-zn-50ml\/\",\"name\":\"Cr\u00e8me r\u00e9paratrice - Dermacare Cica Treat ZN - 50ml - OrthoPara\",\"isPartOf\":{\"@id\":\"https:\/\/orthopara.store\/#website\"},\"primaryImageOfPage\":{\"@id\":\"https:\/\/orthopara.store\/index.php\/produit\/creme-reparatrice-dermacare-cica-treat-zn-50ml\/#primaryimage\"},\"image\":{\"@id\":\"https:\/\/orthopara.store\/index.php\/produit\/creme-reparatrice-dermacare-cica-treat-zn-50ml\/#primaryimage\"},\"thumbnailUrl\":\"https:\/\/orthopara.store\/wp-content\/uploads\/2024\/06\/creme-reparatrice-dermacare-cica-treat-zn-50ml-.jpg\",\"datePublished\":\"2024-06-28T13:52:13+00:00\",\"dateModified\":\"2024-06-28T13:52:22+00:00\",\"breadcrumb\":{\"@id\":\"https:\/\/orthopara.store\/index.php\/produit\/creme-reparatrice-dermacare-cica-treat-zn-50ml\/#breadcrumb\"},\"inLanguage\":\"fr-FR\",\"potentialAction\":[{\"@type\":\"ReadAction\",\"target\":[\"https:\/\/orthopara.store\/index.php\/produit\/creme-reparatrice-dermacare-cica-treat-zn-50ml\/\"]}]},{\"@type\":\"ImageObject\",\"inLanguage\":\"fr-FR\",\"@id\":\"https:\/\/orthopara.store\/index.php\/produit\/creme-reparatrice-dermacare-cica-treat-zn-50ml\/#primaryimage\",\"url\":\"https:\/\/orthopara.store\/wp-content\/uploads\/2024\/06\/creme-reparatrice-dermacare-cica-treat-zn-50ml-.jpg\",\"contentUrl\":\"https:\/\/orthopara.store\/wp-content\/uploads\/2024\/06\/creme-reparatrice-dermacare-cica-treat-zn-50ml-.jpg\",\"width\":800,\"height\":800},{\"@type\":\"BreadcrumbList\",\"@id\":\"https:\/\/orthopara.store\/index.php\/produit\/creme-reparatrice-dermacare-cica-treat-zn-50ml\/#breadcrumb\",\"itemListElement\":[{\"@type\":\"ListItem\",\"position\":1,\"name\":\"Accueil\",\"item\":\"https:\/\/orthopara.store\/\"},{\"@type\":\"ListItem\",\"position\":2,\"name\":\"Shop\",\"item\":\"https:\/\/orthopara.store\/?page_id=622\"},{\"@type\":\"ListItem\",\"position\":3,\"name\":\"Cr\u00e8me r\u00e9paratrice &#8211; Dermacare Cica Treat ZN &#8211; 50ml\"}]},{\"@type\":\"WebSite\",\"@id\":\"https:\/\/orthopara.store\/#website\",\"url\":\"https:\/\/orthopara.store\/\",\"name\":\"OrthoPara\",\"description\":\"Parapharmacie\",\"publisher\":{\"@id\":\"https:\/\/orthopara.store\/#organization\"},\"potentialAction\":[{\"@type\":\"SearchAction\",\"target\":{\"@type\":\"EntryPoint\",\"urlTemplate\":\"https:\/\/orthopara.store\/?s={search_term_string}\"},\"query-input\":\"required name=search_term_string\"}],\"inLanguage\":\"fr-FR\"},{\"@type\":\"Organization\",\"@id\":\"https:\/\/orthopara.store\/#organization\",\"name\":\"OrthoPara\",\"url\":\"https:\/\/orthopara.store\/\",\"logo\":{\"@type\":\"ImageObject\",\"inLanguage\":\"fr-FR\",\"@id\":\"https:\/\/orthopara.store\/#\/schema\/logo\/image\/\",\"url\":\"https:\/\/orthopara.store\/wp-content\/uploads\/2024\/06\/cropped-9ABA8BAD-6256-4719-9315-15C66E64E882.png\",\"contentUrl\":\"https:\/\/orthopara.store\/wp-content\/uploads\/2024\/06\/cropped-9ABA8BAD-6256-4719-9315-15C66E64E882.png\",\"width\":240,\"height\":72,\"caption\":\"OrthoPara\"},\"image\":{\"@id\":\"https:\/\/orthopara.store\/#\/schema\/logo\/image\/\"},\"sameAs\":[\"https:\/\/www.facebook.com\/profile.php?id=61561194315651\",\"https:\/\/www.instagram.com\/orthopara_tunisie\/\"]}]}<\/script>\n<!-- \/ Yoast SEO plugin. -->","yoast_head_json":{"title":"Cr\u00e8me r\u00e9paratrice - Dermacare Cica Treat ZN - 50ml - OrthoPara","robots":{"index":"index","follow":"follow","max-snippet":"max-snippet:-1","max-image-preview":"max-image-preview:large","max-video-preview":"max-video-preview:-1"},"canonical":"https:\/\/orthopara.store\/index.php\/produit\/creme-reparatrice-dermacare-cica-treat-zn-50ml\/","og_locale":"fr_FR","og_type":"article","og_title":"Cr\u00e8me r\u00e9paratrice - Dermacare Cica Treat ZN - 50ml - OrthoPara","og_description":"Dermacare Cica Treat ZN Cr\u00e8me r\u00e9paratrice - apaisante & assainissante\u00a0 Acc\u00e9l\u00e8re la r\u00e9g\u00e9n\u00e9ration cellulaire\u00a0\u00a0 Pour faire des miracles sur les cicatrices et apaiser imm\u00e9diatement les irritations cutan\u00e9es, choisissez la cr\u00e8me r\u00e9paratrice CicaTreat ZN. Soulagement imm\u00e9diat garanti. Indications : peaux agress\u00e9es, abim\u00e9es par des traitement physique (radioth\u00e9rapie, laser...), convient \u00e0 toute la famille\u00a0 Contenance : 50ml\u00a0 DLC : 07\/2023\u00a0","og_url":"https:\/\/orthopara.store\/index.php\/produit\/creme-reparatrice-dermacare-cica-treat-zn-50ml\/","og_site_name":"OrthoPara","article_publisher":"https:\/\/www.facebook.com\/profile.php?id=61561194315651","article_modified_time":"2024-06-28T13:52:22+00:00","og_image":[{"width":800,"height":800,"url":"https:\/\/orthopara.store\/wp-content\/uploads\/2024\/06\/creme-reparatrice-dermacare-cica-treat-zn-50ml-.jpg","type":"image\/jpeg"}],"twitter_card":"summary_large_image","twitter_misc":{"Dur\u00e9e de lecture estim\u00e9e":"1 minute"},"schema":{"@context":"https:\/\/schema.org","@graph":[{"@type":"WebPage","@id":"https:\/\/orthopara.store\/index.php\/produit\/creme-reparatrice-dermacare-cica-treat-zn-50ml\/","url":"https:\/\/orthopara.store\/index.php\/produit\/creme-reparatrice-dermacare-cica-treat-zn-50ml\/","name":"Cr\u00e8me r\u00e9paratrice - Dermacare Cica Treat ZN - 50ml - OrthoPara","isPartOf":{"@id":"https:\/\/orthopara.store\/#website"},"primaryImageOfPage":{"@id":"https:\/\/orthopara.store\/index.php\/produit\/creme-reparatrice-dermacare-cica-treat-zn-50ml\/#primaryimage"},"image":{"@id":"https:\/\/orthopara.store\/index.php\/produit\/creme-reparatrice-dermacare-cica-treat-zn-50ml\/#primaryimage"},"thumbnailUrl":"https:\/\/orthopara.store\/wp-content\/uploads\/2024\/06\/creme-reparatrice-dermacare-cica-treat-zn-50ml-.jpg","datePublished":"2024-06-28T13:52:13+00:00","dateModified":"2024-06-28T13:52:22+00:00","breadcrumb":{"@id":"https:\/\/orthopara.store\/index.php\/produit\/creme-reparatrice-dermacare-cica-treat-zn-50ml\/#breadcrumb"},"inLanguage":"fr-FR","potentialAction":[{"@type":"ReadAction","target":["https:\/\/orthopara.store\/index.php\/produit\/creme-reparatrice-dermacare-cica-treat-zn-50ml\/"]}]},{"@type":"ImageObject","inLanguage":"fr-FR","@id":"https:\/\/orthopara.store\/index.php\/produit\/creme-reparatrice-dermacare-cica-treat-zn-50ml\/#primaryimage","url":"https:\/\/orthopara.store\/wp-content\/uploads\/2024\/06\/creme-reparatrice-dermacare-cica-treat-zn-50ml-.jpg","contentUrl":"https:\/\/orthopara.store\/wp-content\/uploads\/2024\/06\/creme-reparatrice-dermacare-cica-treat-zn-50ml-.jpg","width":800,"height":800},{"@type":"BreadcrumbList","@id":"https:\/\/orthopara.store\/index.php\/produit\/creme-reparatrice-dermacare-cica-treat-zn-50ml\/#breadcrumb","itemListElement":[{"@type":"ListItem","position":1,"name":"Accueil","item":"https:\/\/orthopara.store\/"},{"@type":"ListItem","position":2,"name":"Shop","item":"https:\/\/orthopara.store\/?page_id=622"},{"@type":"ListItem","position":3,"name":"Cr\u00e8me r\u00e9paratrice &#8211; Dermacare Cica Treat ZN &#8211; 50ml"}]},{"@type":"WebSite","@id":"https:\/\/orthopara.store\/#website","url":"https:\/\/orthopara.store\/","name":"OrthoPara","description":"Parapharmacie","publisher":{"@id":"https:\/\/orthopara.store\/#organization"},"potentialAction":[{"@type":"SearchAction","target":{"@type":"EntryPoint","urlTemplate":"https:\/\/orthopara.store\/?s={search_term_string}"},"query-input":"required name=search_term_string"}],"inLanguage":"fr-FR"},{"@type":"Organization","@id":"https:\/\/orthopara.store\/#organization","name":"OrthoPara","url":"https:\/\/orthopara.store\/","logo":{"@type":"ImageObject","inLanguage":"fr-FR","@id":"https:\/\/orthopara.store\/#\/schema\/logo\/image\/","url":"https:\/\/orthopara.store\/wp-content\/uploads\/2024\/06\/cropped-9ABA8BAD-6256-4719-9315-15C66E64E882.png","contentUrl":"https:\/\/orthopara.store\/wp-content\/uploads\/2024\/06\/cropped-9ABA8BAD-6256-4719-9315-15C66E64E882.png","width":240,"height":72,"caption":"OrthoPara"},"image":{"@id":"https:\/\/orthopara.store\/#\/schema\/logo\/image\/"},"sameAs":["https:\/\/www.facebook.com\/profile.php?id=61561194315651","https:\/\/www.instagram.com\/orthopara_tunisie\/"]}]}},"jetpack_sharing_enabled":true,"brands":[{"id":155,"name":"DERMACARE","slug":"dermacare"}],"_links":{"self":[{"href":"https:\/\/orthopara.store\/index.php?rest_route=\/wp\/v2\/product\/1219","targetHints":{"allow":["GET"]}}],"collection":[{"href":"https:\/\/orthopara.store\/index.php?rest_route=\/wp\/v2\/product"}],"about":[{"href":"https:\/\/orthopara.store\/index.php?rest_route=\/wp\/v2\/types\/product"}],"replies":[{"embeddable":true,"href":"https:\/\/orthopara.store\/index.php?rest_route=%2Fwp%2Fv2%2Fcomments&post=1219"}],"wp:featuredmedia":[{"embeddable":true,"href":"https:\/\/orthopara.store\/index.php?rest_route=\/wp\/v2\/media\/1240"}],"wp:attachment":[{"href":"https:\/\/orthopara.store\/index.php?rest_route=%2Fwp%2Fv2%2Fmedia&parent=1219"}],"wp:term":[{"taxonomy":"pwb-brand","embeddable":true,"href":"https:\/\/orthopara.store\/index.php?rest_route=%2Fwp%2Fv2%2Fpwb-brand&post=1219"},{"taxonomy":"product_cat","embeddable":true,"href":"https:\/\/orthopara.store\/index.php?rest_route=%2Fwp%2Fv2%2Fproduct_cat&post=1219"},{"taxonomy":"product_tag","embeddable":true,"href":"https:\/\/orthopara.store\/index.php?rest_route=%2Fwp%2Fv2%2Fproduct_tag&post=1219"}],"curies":[{"name":"wp","href":"https:\/\/api.w.org\/{rel}","templated":true}]}}