{"id":1242,"date":"2024-06-28T15:52:23","date_gmt":"2024-06-28T13:52:23","guid":{"rendered":"https:\/\/orthopara.store\/?post_type=product&#038;p=1242"},"modified":"2024-11-07T09:36:20","modified_gmt":"2024-11-07T08:36:20","slug":"braun-ruby-silk-epil-3-epilateur-rose-framboise","status":"publish","type":"product","link":"https:\/\/orthopara.store\/?product=braun-ruby-silk-epil-3-epilateur-rose-framboise","title":{"rendered":"Braun Ruby Silk-\u00e9pil 3 &#8211; Epilateur rose framboise"},"content":{"rendered":"<p>L&rsquo;\u00e9pilateur Braun Silk-\u00e9pil 3 \u00e9limine en douceur les poils \u00e0 la racine, pour des r\u00e9sultats durables. Il \u00e9limine les poils courts que l&rsquo;\u00e9pilation \u00e0 la cire ne peut pas attraper pour une douceur qui dure jusqu&rsquo;\u00e0 4 semaines. Id\u00e9al pour les d\u00e9butants, les rouleaux de massage stimulent la peau pour une \u00e9pilation en douceur. La Smartlight de l&rsquo;\u00e9pilateur r\u00e9v\u00e8le les poils les plus fins pour une \u00e9pilation parfaite. Avec 3 extras; y compris rasoir et tondeuse pour les zones sensibles comme la ligne du maillot.\u00a0<br \/>\nCaract\u00e9ristiques de produit :<\/p>\n<p>Comprend un rasoir et une tondeuse pour les zones sensibles et des rouleaux de massage<\/p>\n<p>Utilisation filaire<\/p>\n<p>Les rouleaux de massage procurent une sensation plus confortable pendant l&rsquo;\u00e9pilation<\/p>\n<p>Smartlight rend visibles m\u00eame les poils les plus fins pour une \u00e9pilation particuli\u00e8rement soign\u00e9e<\/p>\n<p>Couleur: Framboise &#038; Blanc<\/p>\n<p>Fabriqu\u00e9 en Allemagne<\/p>\n<p>Avantages du produit :\u00a0<br \/>\nL&rsquo;\u00e9pilateur Braun Silk-\u00e9pil \u00e9limine les poils 4 fois plus courts que la cire<br \/>\n\u00c9limine en douceur les poils \u00e0 la racine, pour des r\u00e9sultats durables<br \/>\nId\u00e9al pour les d\u00e9butants, les rouleaux de massage minimisent l&rsquo;inconfort lors de l&rsquo;\u00e9pilation<br \/>\nSmartlight r\u00e9v\u00e8le les poils les plus fins pour une \u00e9limination sans faute<br \/>\n3 extras; y compris rasoir et tondeuse pour les zones sensibles, rouleaux de massage<\/p>\n<p>Le Silk-\u00e9pil 3 \u00e9limine en douceur les poils \u00e0 la racine, pour des r\u00e9sultats longue dur\u00e9e. Parfaits pour les d\u00e9butants, les rouleaux de massage stimulent la peau pour une \u00e9pilation en douceur et gr\u00e2ce \u00e0 la technologie Smartlight, ils r\u00e9v\u00e8lent les poils les plus fins pour une \u00e9pilation parfaite.<\/p>\n","protected":false},"excerpt":{"rendered":"<p>L&rsquo;\u00e9pilateur Braun Silk-\u00e9pil 3 \u00e9limine en douceur les poils \u00e0 la racine, pour des r\u00e9sultats durables. Il \u00e9limine les poils courts que l&rsquo;\u00e9pilation \u00e0 la cire ne peut pas attraper pour une douceur qui dure jusqu&rsquo;\u00e0 4 semaines.<br \/>\nLa boite contient :<br \/>\n1 x \u00e9pilateur Silk-epil3<br \/>\n1 x prise intelligente<br \/>\n3 extras; y compris rasoir et tondeuse pour les zones sensibles, rouleaux de massage<\/p>\n","protected":false},"featured_media":1268,"comment_status":"open","ping_status":"closed","template":"","meta":[],"pwb-brand":[153],"product_cat":[150,149,148],"product_tag":[],"class_list":{"0":"post-1242","1":"product","2":"type-product","3":"status-publish","4":"has-post-thumbnail","6":"pwb-brand-braun","7":"product_cat-decoloration","8":"product_cat-depilation","9":"product_cat-epilation","10":"post","11":"ws-product--style-1","13":"first","14":"instock","15":"shipping-taxable","16":"purchasable","17":"product-type-simple"},"yoast_head":"<!-- This site is optimized with the Yoast SEO plugin v23.0 - https:\/\/yoast.com\/wordpress\/plugins\/seo\/ -->\n<title>Braun Ruby Silk-\u00e9pil 3 - Epilateur rose framboise - OrthoPara<\/title>\n<meta name=\"robots\" content=\"index, follow, max-snippet:-1, max-image-preview:large, max-video-preview:-1\" \/>\n<link rel=\"canonical\" href=\"https:\/\/orthopara.store\/index.php\/produit\/braun-ruby-silk-epil-3-epilateur-rose-framboise\/\" \/>\n<meta property=\"og:locale\" content=\"fr_FR\" \/>\n<meta property=\"og:type\" content=\"article\" \/>\n<meta property=\"og:title\" content=\"Braun Ruby Silk-\u00e9pil 3 - Epilateur rose framboise - OrthoPara\" \/>\n<meta property=\"og:description\" content=\"L&#039;\u00e9pilateur Braun Silk-\u00e9pil 3 \u00e9limine en douceur les poils \u00e0 la racine, pour des r\u00e9sultats durables. Il \u00e9limine les poils courts que l&#039;\u00e9pilation \u00e0 la cire ne peut pas attraper pour une douceur qui dure jusqu&#039;\u00e0 4 semaines. La boite contient : 1 x \u00e9pilateur Silk-epil3 1 x prise intelligente 3 extras; y compris rasoir et tondeuse pour les zones sensibles, rouleaux de massage\" \/>\n<meta property=\"og:url\" content=\"https:\/\/orthopara.store\/index.php\/produit\/braun-ruby-silk-epil-3-epilateur-rose-framboise\/\" \/>\n<meta property=\"og:site_name\" content=\"OrthoPara\" \/>\n<meta property=\"article:publisher\" content=\"https:\/\/www.facebook.com\/profile.php?id=61561194315651\" \/>\n<meta property=\"article:modified_time\" content=\"2024-11-07T08:36:20+00:00\" \/>\n<meta property=\"og:image\" content=\"https:\/\/orthopara.store\/wp-content\/uploads\/2024\/06\/epilateur-rose-framboise-braun-ruby-silk-epil-3.jpg\" \/>\n\t<meta property=\"og:image:width\" content=\"800\" \/>\n\t<meta property=\"og:image:height\" content=\"800\" \/>\n\t<meta property=\"og:image:type\" content=\"image\/jpeg\" \/>\n<meta name=\"twitter:card\" content=\"summary_large_image\" \/>\n<meta name=\"twitter:label1\" content=\"Dur\u00e9e de lecture estim\u00e9e\" \/>\n\t<meta name=\"twitter:data1\" content=\"1 minute\" \/>\n<script type=\"application\/ld+json\" class=\"yoast-schema-graph\">{\"@context\":\"https:\/\/schema.org\",\"@graph\":[{\"@type\":\"WebPage\",\"@id\":\"https:\/\/orthopara.store\/index.php\/produit\/braun-ruby-silk-epil-3-epilateur-rose-framboise\/\",\"url\":\"https:\/\/orthopara.store\/index.php\/produit\/braun-ruby-silk-epil-3-epilateur-rose-framboise\/\",\"name\":\"Braun Ruby Silk-\u00e9pil 3 - Epilateur rose framboise - OrthoPara\",\"isPartOf\":{\"@id\":\"https:\/\/orthopara.store\/#website\"},\"primaryImageOfPage\":{\"@id\":\"https:\/\/orthopara.store\/index.php\/produit\/braun-ruby-silk-epil-3-epilateur-rose-framboise\/#primaryimage\"},\"image\":{\"@id\":\"https:\/\/orthopara.store\/index.php\/produit\/braun-ruby-silk-epil-3-epilateur-rose-framboise\/#primaryimage\"},\"thumbnailUrl\":\"https:\/\/orthopara.store\/wp-content\/uploads\/2024\/06\/epilateur-rose-framboise-braun-ruby-silk-epil-3.jpg\",\"datePublished\":\"2024-06-28T13:52:23+00:00\",\"dateModified\":\"2024-11-07T08:36:20+00:00\",\"breadcrumb\":{\"@id\":\"https:\/\/orthopara.store\/index.php\/produit\/braun-ruby-silk-epil-3-epilateur-rose-framboise\/#breadcrumb\"},\"inLanguage\":\"fr-FR\",\"potentialAction\":[{\"@type\":\"ReadAction\",\"target\":[\"https:\/\/orthopara.store\/index.php\/produit\/braun-ruby-silk-epil-3-epilateur-rose-framboise\/\"]}]},{\"@type\":\"ImageObject\",\"inLanguage\":\"fr-FR\",\"@id\":\"https:\/\/orthopara.store\/index.php\/produit\/braun-ruby-silk-epil-3-epilateur-rose-framboise\/#primaryimage\",\"url\":\"https:\/\/orthopara.store\/wp-content\/uploads\/2024\/06\/epilateur-rose-framboise-braun-ruby-silk-epil-3.jpg\",\"contentUrl\":\"https:\/\/orthopara.store\/wp-content\/uploads\/2024\/06\/epilateur-rose-framboise-braun-ruby-silk-epil-3.jpg\",\"width\":800,\"height\":800},{\"@type\":\"BreadcrumbList\",\"@id\":\"https:\/\/orthopara.store\/index.php\/produit\/braun-ruby-silk-epil-3-epilateur-rose-framboise\/#breadcrumb\",\"itemListElement\":[{\"@type\":\"ListItem\",\"position\":1,\"name\":\"Accueil\",\"item\":\"https:\/\/orthopara.store\/\"},{\"@type\":\"ListItem\",\"position\":2,\"name\":\"Shop\",\"item\":\"https:\/\/orthopara.store\/?page_id=622\"},{\"@type\":\"ListItem\",\"position\":3,\"name\":\"Braun Ruby Silk-\u00e9pil 3 &#8211; Epilateur rose framboise\"}]},{\"@type\":\"WebSite\",\"@id\":\"https:\/\/orthopara.store\/#website\",\"url\":\"https:\/\/orthopara.store\/\",\"name\":\"OrthoPara\",\"description\":\"Parapharmacie\",\"publisher\":{\"@id\":\"https:\/\/orthopara.store\/#organization\"},\"potentialAction\":[{\"@type\":\"SearchAction\",\"target\":{\"@type\":\"EntryPoint\",\"urlTemplate\":\"https:\/\/orthopara.store\/?s={search_term_string}\"},\"query-input\":\"required name=search_term_string\"}],\"inLanguage\":\"fr-FR\"},{\"@type\":\"Organization\",\"@id\":\"https:\/\/orthopara.store\/#organization\",\"name\":\"OrthoPara\",\"url\":\"https:\/\/orthopara.store\/\",\"logo\":{\"@type\":\"ImageObject\",\"inLanguage\":\"fr-FR\",\"@id\":\"https:\/\/orthopara.store\/#\/schema\/logo\/image\/\",\"url\":\"https:\/\/orthopara.store\/wp-content\/uploads\/2024\/06\/cropped-9ABA8BAD-6256-4719-9315-15C66E64E882.png\",\"contentUrl\":\"https:\/\/orthopara.store\/wp-content\/uploads\/2024\/06\/cropped-9ABA8BAD-6256-4719-9315-15C66E64E882.png\",\"width\":240,\"height\":72,\"caption\":\"OrthoPara\"},\"image\":{\"@id\":\"https:\/\/orthopara.store\/#\/schema\/logo\/image\/\"},\"sameAs\":[\"https:\/\/www.facebook.com\/profile.php?id=61561194315651\",\"https:\/\/www.instagram.com\/orthopara_tunisie\/\"]}]}<\/script>\n<!-- \/ Yoast SEO plugin. -->","yoast_head_json":{"title":"Braun Ruby Silk-\u00e9pil 3 - Epilateur rose framboise - OrthoPara","robots":{"index":"index","follow":"follow","max-snippet":"max-snippet:-1","max-image-preview":"max-image-preview:large","max-video-preview":"max-video-preview:-1"},"canonical":"https:\/\/orthopara.store\/index.php\/produit\/braun-ruby-silk-epil-3-epilateur-rose-framboise\/","og_locale":"fr_FR","og_type":"article","og_title":"Braun Ruby Silk-\u00e9pil 3 - Epilateur rose framboise - OrthoPara","og_description":"L'\u00e9pilateur Braun Silk-\u00e9pil 3 \u00e9limine en douceur les poils \u00e0 la racine, pour des r\u00e9sultats durables. Il \u00e9limine les poils courts que l'\u00e9pilation \u00e0 la cire ne peut pas attraper pour une douceur qui dure jusqu'\u00e0 4 semaines. La boite contient : 1 x \u00e9pilateur Silk-epil3 1 x prise intelligente 3 extras; y compris rasoir et tondeuse pour les zones sensibles, rouleaux de massage","og_url":"https:\/\/orthopara.store\/index.php\/produit\/braun-ruby-silk-epil-3-epilateur-rose-framboise\/","og_site_name":"OrthoPara","article_publisher":"https:\/\/www.facebook.com\/profile.php?id=61561194315651","article_modified_time":"2024-11-07T08:36:20+00:00","og_image":[{"width":800,"height":800,"url":"https:\/\/orthopara.store\/wp-content\/uploads\/2024\/06\/epilateur-rose-framboise-braun-ruby-silk-epil-3.jpg","type":"image\/jpeg"}],"twitter_card":"summary_large_image","twitter_misc":{"Dur\u00e9e de lecture estim\u00e9e":"1 minute"},"schema":{"@context":"https:\/\/schema.org","@graph":[{"@type":"WebPage","@id":"https:\/\/orthopara.store\/index.php\/produit\/braun-ruby-silk-epil-3-epilateur-rose-framboise\/","url":"https:\/\/orthopara.store\/index.php\/produit\/braun-ruby-silk-epil-3-epilateur-rose-framboise\/","name":"Braun Ruby Silk-\u00e9pil 3 - Epilateur rose framboise - OrthoPara","isPartOf":{"@id":"https:\/\/orthopara.store\/#website"},"primaryImageOfPage":{"@id":"https:\/\/orthopara.store\/index.php\/produit\/braun-ruby-silk-epil-3-epilateur-rose-framboise\/#primaryimage"},"image":{"@id":"https:\/\/orthopara.store\/index.php\/produit\/braun-ruby-silk-epil-3-epilateur-rose-framboise\/#primaryimage"},"thumbnailUrl":"https:\/\/orthopara.store\/wp-content\/uploads\/2024\/06\/epilateur-rose-framboise-braun-ruby-silk-epil-3.jpg","datePublished":"2024-06-28T13:52:23+00:00","dateModified":"2024-11-07T08:36:20+00:00","breadcrumb":{"@id":"https:\/\/orthopara.store\/index.php\/produit\/braun-ruby-silk-epil-3-epilateur-rose-framboise\/#breadcrumb"},"inLanguage":"fr-FR","potentialAction":[{"@type":"ReadAction","target":["https:\/\/orthopara.store\/index.php\/produit\/braun-ruby-silk-epil-3-epilateur-rose-framboise\/"]}]},{"@type":"ImageObject","inLanguage":"fr-FR","@id":"https:\/\/orthopara.store\/index.php\/produit\/braun-ruby-silk-epil-3-epilateur-rose-framboise\/#primaryimage","url":"https:\/\/orthopara.store\/wp-content\/uploads\/2024\/06\/epilateur-rose-framboise-braun-ruby-silk-epil-3.jpg","contentUrl":"https:\/\/orthopara.store\/wp-content\/uploads\/2024\/06\/epilateur-rose-framboise-braun-ruby-silk-epil-3.jpg","width":800,"height":800},{"@type":"BreadcrumbList","@id":"https:\/\/orthopara.store\/index.php\/produit\/braun-ruby-silk-epil-3-epilateur-rose-framboise\/#breadcrumb","itemListElement":[{"@type":"ListItem","position":1,"name":"Accueil","item":"https:\/\/orthopara.store\/"},{"@type":"ListItem","position":2,"name":"Shop","item":"https:\/\/orthopara.store\/?page_id=622"},{"@type":"ListItem","position":3,"name":"Braun Ruby Silk-\u00e9pil 3 &#8211; Epilateur rose framboise"}]},{"@type":"WebSite","@id":"https:\/\/orthopara.store\/#website","url":"https:\/\/orthopara.store\/","name":"OrthoPara","description":"Parapharmacie","publisher":{"@id":"https:\/\/orthopara.store\/#organization"},"potentialAction":[{"@type":"SearchAction","target":{"@type":"EntryPoint","urlTemplate":"https:\/\/orthopara.store\/?s={search_term_string}"},"query-input":"required name=search_term_string"}],"inLanguage":"fr-FR"},{"@type":"Organization","@id":"https:\/\/orthopara.store\/#organization","name":"OrthoPara","url":"https:\/\/orthopara.store\/","logo":{"@type":"ImageObject","inLanguage":"fr-FR","@id":"https:\/\/orthopara.store\/#\/schema\/logo\/image\/","url":"https:\/\/orthopara.store\/wp-content\/uploads\/2024\/06\/cropped-9ABA8BAD-6256-4719-9315-15C66E64E882.png","contentUrl":"https:\/\/orthopara.store\/wp-content\/uploads\/2024\/06\/cropped-9ABA8BAD-6256-4719-9315-15C66E64E882.png","width":240,"height":72,"caption":"OrthoPara"},"image":{"@id":"https:\/\/orthopara.store\/#\/schema\/logo\/image\/"},"sameAs":["https:\/\/www.facebook.com\/profile.php?id=61561194315651","https:\/\/www.instagram.com\/orthopara_tunisie\/"]}]}},"jetpack_sharing_enabled":true,"brands":[{"id":153,"name":"Braun","slug":"braun"}],"_links":{"self":[{"href":"https:\/\/orthopara.store\/index.php?rest_route=\/wp\/v2\/product\/1242","targetHints":{"allow":["GET"]}}],"collection":[{"href":"https:\/\/orthopara.store\/index.php?rest_route=\/wp\/v2\/product"}],"about":[{"href":"https:\/\/orthopara.store\/index.php?rest_route=\/wp\/v2\/types\/product"}],"replies":[{"embeddable":true,"href":"https:\/\/orthopara.store\/index.php?rest_route=%2Fwp%2Fv2%2Fcomments&post=1242"}],"wp:featuredmedia":[{"embeddable":true,"href":"https:\/\/orthopara.store\/index.php?rest_route=\/wp\/v2\/media\/1268"}],"wp:attachment":[{"href":"https:\/\/orthopara.store\/index.php?rest_route=%2Fwp%2Fv2%2Fmedia&parent=1242"}],"wp:term":[{"taxonomy":"pwb-brand","embeddable":true,"href":"https:\/\/orthopara.store\/index.php?rest_route=%2Fwp%2Fv2%2Fpwb-brand&post=1242"},{"taxonomy":"product_cat","embeddable":true,"href":"https:\/\/orthopara.store\/index.php?rest_route=%2Fwp%2Fv2%2Fproduct_cat&post=1242"},{"taxonomy":"product_tag","embeddable":true,"href":"https:\/\/orthopara.store\/index.php?rest_route=%2Fwp%2Fv2%2Fproduct_tag&post=1242"}],"curies":[{"name":"wp","href":"https:\/\/api.w.org\/{rel}","templated":true}]}}