{"id":1246,"date":"2024-06-28T15:52:24","date_gmt":"2024-06-28T13:52:24","guid":{"rendered":"https:\/\/orthopara.store\/?post_type=product&#038;p=1246"},"modified":"2024-11-07T09:38:36","modified_gmt":"2024-11-07T08:38:36","slug":"braun-silk-epil-9-flex-mbses9f-design-edition-epilateur-wet-dry-4-accessoires-dont-tete","status":"publish","type":"product","link":"https:\/\/orthopara.store\/?product=braun-silk-epil-9-flex-mbses9f-design-edition-epilateur-wet-dry-4-accessoires-dont-tete","title":{"rendered":"Braun Silk-\u00e9pil 9 Flex MBSES9F &#8211; Design Edition &#8211; \u00c9pilateur Wet &#038; Dry + 4 accessoires dont t\u00eate&#8230;"},"content":{"rendered":"<p>Facilit\u00e9 de l\u2019\u00e9pilation : le 1er \u00e9pilateur \u00e9lectrique au monde avec une t\u00eate 100 % flexible, pour une \u00e9pilation plus facile<br \/>\nDesign Edition : \u00e9dition limit\u00e9e avec un \u00e9tui de voyage blanc \u00e9l\u00e9gant pour le 100e anniversaire de Braun<br \/>\nCon\u00e7u pour durer : \u00e9pilateur fabriqu\u00e9 en Allemagne. B\u00e9n\u00e9ficie d\u2019une garantie de 5 ans<br \/>\nDesign utile : manche ergonomique avec grip antid\u00e9rapant, id\u00e9al pour s\u2019\u00e9piler sous la douche<br \/>\nDurabilit\u00e9 : \u00e9pilation tr\u00e8s efficace &#8211; les r\u00e9sultats de l\u2019\u00e9pilation se maintiennent pendant des semaines, et pas seulement des jours<br \/>\nContr\u00f4le de la pression : La technologie SensoSmart ajuste avec sensibilit\u00e9 la pression de l&rsquo;\u00e9pilateur sur votre peau, pour un confort maximal<br \/>\nCaract\u00e9ristiques de produit :<br \/>\nEpilateur \u00e9lectrique Braun Max Braun MB SES9F &#8211; 2 Vitesses \/ Smart Light &#8211; 40 pincettes \/ Lavable \/ T\u00eate Flexible 360\u00b0 &#8211; Technologie MicroGrip &#8211; Vibrations pulsatives actives \/ Technologie SensoSmart &#8211; T\u00eate rasoir + accessoire tondeuse &#8211; Accessoire de contact &#8211; Coffret de rangement sp\u00e9cial 100ans<\/p>\n","protected":false},"excerpt":{"rendered":"<p>La boite contient :<br \/>\n1 x Silk-\u00e9pil 9 Flex \u00c9pilateur<br \/>\n1 x T\u00eate de rasage<br \/>\n1 x Accessoire tondeuse<br \/>\n1 x Accessoire de contact avec la peau<br \/>\n1 x Brosse de nettoyage<br \/>\n1 x C\u00e2ble intelligent<br \/>\n1 x Pochette souple \u00e9dition limit\u00e9e<\/p>\n","protected":false},"featured_media":1272,"comment_status":"open","ping_status":"closed","template":"","meta":[],"pwb-brand":[153],"product_cat":[150,149,148],"product_tag":[],"class_list":{"0":"post-1246","1":"product","2":"type-product","3":"status-publish","4":"has-post-thumbnail","6":"pwb-brand-braun","7":"product_cat-decoloration","8":"product_cat-depilation","9":"product_cat-epilation","10":"post","11":"ws-product--style-1","13":"first","14":"instock","15":"shipping-taxable","16":"purchasable","17":"product-type-simple"},"yoast_head":"<!-- This site is optimized with the Yoast SEO plugin v23.0 - https:\/\/yoast.com\/wordpress\/plugins\/seo\/ -->\n<title>Braun Silk-\u00e9pil 9 Flex MBSES9F - Design Edition - \u00c9pilateur Wet &amp; Dry + 4 accessoires dont t\u00eate... - OrthoPara<\/title>\n<meta name=\"robots\" content=\"index, follow, max-snippet:-1, max-image-preview:large, max-video-preview:-1\" \/>\n<link rel=\"canonical\" href=\"https:\/\/orthopara.store\/index.php\/produit\/braun-silk-epil-9-flex-mbses9f-design-edition-epilateur-wet-dry-4-accessoires-dont-tete\/\" \/>\n<meta property=\"og:locale\" content=\"fr_FR\" \/>\n<meta property=\"og:type\" content=\"article\" \/>\n<meta property=\"og:title\" content=\"Braun Silk-\u00e9pil 9 Flex MBSES9F - Design Edition - \u00c9pilateur Wet &amp; Dry + 4 accessoires dont t\u00eate... - OrthoPara\" \/>\n<meta property=\"og:description\" content=\"La boite contient : 1 x Silk-\u00e9pil 9 Flex \u00c9pilateur 1 x T\u00eate de rasage 1 x Accessoire tondeuse 1 x Accessoire de contact avec la peau 1 x Brosse de nettoyage 1 x C\u00e2ble intelligent 1 x Pochette souple \u00e9dition limit\u00e9e\" \/>\n<meta property=\"og:url\" content=\"https:\/\/orthopara.store\/index.php\/produit\/braun-silk-epil-9-flex-mbses9f-design-edition-epilateur-wet-dry-4-accessoires-dont-tete\/\" \/>\n<meta property=\"og:site_name\" content=\"OrthoPara\" \/>\n<meta property=\"article:publisher\" content=\"https:\/\/www.facebook.com\/profile.php?id=61561194315651\" \/>\n<meta property=\"article:modified_time\" content=\"2024-11-07T08:38:36+00:00\" \/>\n<meta property=\"og:image\" content=\"https:\/\/orthopara.store\/wp-content\/uploads\/2024\/06\/epilateur-wet-dry-braun-silk-epil-9-flex-design-edition.jpg\" \/>\n\t<meta property=\"og:image:width\" content=\"800\" \/>\n\t<meta property=\"og:image:height\" content=\"800\" \/>\n\t<meta property=\"og:image:type\" content=\"image\/jpeg\" \/>\n<meta name=\"twitter:card\" content=\"summary_large_image\" \/>\n<meta name=\"twitter:label1\" content=\"Dur\u00e9e de lecture estim\u00e9e\" \/>\n\t<meta name=\"twitter:data1\" content=\"1 minute\" \/>\n<script type=\"application\/ld+json\" class=\"yoast-schema-graph\">{\"@context\":\"https:\/\/schema.org\",\"@graph\":[{\"@type\":\"WebPage\",\"@id\":\"https:\/\/orthopara.store\/index.php\/produit\/braun-silk-epil-9-flex-mbses9f-design-edition-epilateur-wet-dry-4-accessoires-dont-tete\/\",\"url\":\"https:\/\/orthopara.store\/index.php\/produit\/braun-silk-epil-9-flex-mbses9f-design-edition-epilateur-wet-dry-4-accessoires-dont-tete\/\",\"name\":\"Braun Silk-\u00e9pil 9 Flex MBSES9F - Design Edition - \u00c9pilateur Wet & Dry + 4 accessoires dont t\u00eate... - OrthoPara\",\"isPartOf\":{\"@id\":\"https:\/\/orthopara.store\/#website\"},\"primaryImageOfPage\":{\"@id\":\"https:\/\/orthopara.store\/index.php\/produit\/braun-silk-epil-9-flex-mbses9f-design-edition-epilateur-wet-dry-4-accessoires-dont-tete\/#primaryimage\"},\"image\":{\"@id\":\"https:\/\/orthopara.store\/index.php\/produit\/braun-silk-epil-9-flex-mbses9f-design-edition-epilateur-wet-dry-4-accessoires-dont-tete\/#primaryimage\"},\"thumbnailUrl\":\"https:\/\/orthopara.store\/wp-content\/uploads\/2024\/06\/epilateur-wet-dry-braun-silk-epil-9-flex-design-edition.jpg\",\"datePublished\":\"2024-06-28T13:52:24+00:00\",\"dateModified\":\"2024-11-07T08:38:36+00:00\",\"breadcrumb\":{\"@id\":\"https:\/\/orthopara.store\/index.php\/produit\/braun-silk-epil-9-flex-mbses9f-design-edition-epilateur-wet-dry-4-accessoires-dont-tete\/#breadcrumb\"},\"inLanguage\":\"fr-FR\",\"potentialAction\":[{\"@type\":\"ReadAction\",\"target\":[\"https:\/\/orthopara.store\/index.php\/produit\/braun-silk-epil-9-flex-mbses9f-design-edition-epilateur-wet-dry-4-accessoires-dont-tete\/\"]}]},{\"@type\":\"ImageObject\",\"inLanguage\":\"fr-FR\",\"@id\":\"https:\/\/orthopara.store\/index.php\/produit\/braun-silk-epil-9-flex-mbses9f-design-edition-epilateur-wet-dry-4-accessoires-dont-tete\/#primaryimage\",\"url\":\"https:\/\/orthopara.store\/wp-content\/uploads\/2024\/06\/epilateur-wet-dry-braun-silk-epil-9-flex-design-edition.jpg\",\"contentUrl\":\"https:\/\/orthopara.store\/wp-content\/uploads\/2024\/06\/epilateur-wet-dry-braun-silk-epil-9-flex-design-edition.jpg\",\"width\":800,\"height\":800},{\"@type\":\"BreadcrumbList\",\"@id\":\"https:\/\/orthopara.store\/index.php\/produit\/braun-silk-epil-9-flex-mbses9f-design-edition-epilateur-wet-dry-4-accessoires-dont-tete\/#breadcrumb\",\"itemListElement\":[{\"@type\":\"ListItem\",\"position\":1,\"name\":\"Accueil\",\"item\":\"https:\/\/orthopara.store\/\"},{\"@type\":\"ListItem\",\"position\":2,\"name\":\"Shop\",\"item\":\"https:\/\/orthopara.store\/?page_id=622\"},{\"@type\":\"ListItem\",\"position\":3,\"name\":\"Braun Silk-\u00e9pil 9 Flex MBSES9F &#8211; Design Edition &#8211; \u00c9pilateur Wet &#038; Dry + 4 accessoires dont t\u00eate&#8230;\"}]},{\"@type\":\"WebSite\",\"@id\":\"https:\/\/orthopara.store\/#website\",\"url\":\"https:\/\/orthopara.store\/\",\"name\":\"OrthoPara\",\"description\":\"Parapharmacie\",\"publisher\":{\"@id\":\"https:\/\/orthopara.store\/#organization\"},\"potentialAction\":[{\"@type\":\"SearchAction\",\"target\":{\"@type\":\"EntryPoint\",\"urlTemplate\":\"https:\/\/orthopara.store\/?s={search_term_string}\"},\"query-input\":\"required name=search_term_string\"}],\"inLanguage\":\"fr-FR\"},{\"@type\":\"Organization\",\"@id\":\"https:\/\/orthopara.store\/#organization\",\"name\":\"OrthoPara\",\"url\":\"https:\/\/orthopara.store\/\",\"logo\":{\"@type\":\"ImageObject\",\"inLanguage\":\"fr-FR\",\"@id\":\"https:\/\/orthopara.store\/#\/schema\/logo\/image\/\",\"url\":\"https:\/\/orthopara.store\/wp-content\/uploads\/2024\/06\/cropped-9ABA8BAD-6256-4719-9315-15C66E64E882.png\",\"contentUrl\":\"https:\/\/orthopara.store\/wp-content\/uploads\/2024\/06\/cropped-9ABA8BAD-6256-4719-9315-15C66E64E882.png\",\"width\":240,\"height\":72,\"caption\":\"OrthoPara\"},\"image\":{\"@id\":\"https:\/\/orthopara.store\/#\/schema\/logo\/image\/\"},\"sameAs\":[\"https:\/\/www.facebook.com\/profile.php?id=61561194315651\",\"https:\/\/www.instagram.com\/orthopara_tunisie\/\"]}]}<\/script>\n<!-- \/ Yoast SEO plugin. -->","yoast_head_json":{"title":"Braun Silk-\u00e9pil 9 Flex MBSES9F - Design Edition - \u00c9pilateur Wet & Dry + 4 accessoires dont t\u00eate... - OrthoPara","robots":{"index":"index","follow":"follow","max-snippet":"max-snippet:-1","max-image-preview":"max-image-preview:large","max-video-preview":"max-video-preview:-1"},"canonical":"https:\/\/orthopara.store\/index.php\/produit\/braun-silk-epil-9-flex-mbses9f-design-edition-epilateur-wet-dry-4-accessoires-dont-tete\/","og_locale":"fr_FR","og_type":"article","og_title":"Braun Silk-\u00e9pil 9 Flex MBSES9F - Design Edition - \u00c9pilateur Wet & Dry + 4 accessoires dont t\u00eate... - OrthoPara","og_description":"La boite contient : 1 x Silk-\u00e9pil 9 Flex \u00c9pilateur 1 x T\u00eate de rasage 1 x Accessoire tondeuse 1 x Accessoire de contact avec la peau 1 x Brosse de nettoyage 1 x C\u00e2ble intelligent 1 x Pochette souple \u00e9dition limit\u00e9e","og_url":"https:\/\/orthopara.store\/index.php\/produit\/braun-silk-epil-9-flex-mbses9f-design-edition-epilateur-wet-dry-4-accessoires-dont-tete\/","og_site_name":"OrthoPara","article_publisher":"https:\/\/www.facebook.com\/profile.php?id=61561194315651","article_modified_time":"2024-11-07T08:38:36+00:00","og_image":[{"width":800,"height":800,"url":"https:\/\/orthopara.store\/wp-content\/uploads\/2024\/06\/epilateur-wet-dry-braun-silk-epil-9-flex-design-edition.jpg","type":"image\/jpeg"}],"twitter_card":"summary_large_image","twitter_misc":{"Dur\u00e9e de lecture estim\u00e9e":"1 minute"},"schema":{"@context":"https:\/\/schema.org","@graph":[{"@type":"WebPage","@id":"https:\/\/orthopara.store\/index.php\/produit\/braun-silk-epil-9-flex-mbses9f-design-edition-epilateur-wet-dry-4-accessoires-dont-tete\/","url":"https:\/\/orthopara.store\/index.php\/produit\/braun-silk-epil-9-flex-mbses9f-design-edition-epilateur-wet-dry-4-accessoires-dont-tete\/","name":"Braun Silk-\u00e9pil 9 Flex MBSES9F - Design Edition - \u00c9pilateur Wet & Dry + 4 accessoires dont t\u00eate... - OrthoPara","isPartOf":{"@id":"https:\/\/orthopara.store\/#website"},"primaryImageOfPage":{"@id":"https:\/\/orthopara.store\/index.php\/produit\/braun-silk-epil-9-flex-mbses9f-design-edition-epilateur-wet-dry-4-accessoires-dont-tete\/#primaryimage"},"image":{"@id":"https:\/\/orthopara.store\/index.php\/produit\/braun-silk-epil-9-flex-mbses9f-design-edition-epilateur-wet-dry-4-accessoires-dont-tete\/#primaryimage"},"thumbnailUrl":"https:\/\/orthopara.store\/wp-content\/uploads\/2024\/06\/epilateur-wet-dry-braun-silk-epil-9-flex-design-edition.jpg","datePublished":"2024-06-28T13:52:24+00:00","dateModified":"2024-11-07T08:38:36+00:00","breadcrumb":{"@id":"https:\/\/orthopara.store\/index.php\/produit\/braun-silk-epil-9-flex-mbses9f-design-edition-epilateur-wet-dry-4-accessoires-dont-tete\/#breadcrumb"},"inLanguage":"fr-FR","potentialAction":[{"@type":"ReadAction","target":["https:\/\/orthopara.store\/index.php\/produit\/braun-silk-epil-9-flex-mbses9f-design-edition-epilateur-wet-dry-4-accessoires-dont-tete\/"]}]},{"@type":"ImageObject","inLanguage":"fr-FR","@id":"https:\/\/orthopara.store\/index.php\/produit\/braun-silk-epil-9-flex-mbses9f-design-edition-epilateur-wet-dry-4-accessoires-dont-tete\/#primaryimage","url":"https:\/\/orthopara.store\/wp-content\/uploads\/2024\/06\/epilateur-wet-dry-braun-silk-epil-9-flex-design-edition.jpg","contentUrl":"https:\/\/orthopara.store\/wp-content\/uploads\/2024\/06\/epilateur-wet-dry-braun-silk-epil-9-flex-design-edition.jpg","width":800,"height":800},{"@type":"BreadcrumbList","@id":"https:\/\/orthopara.store\/index.php\/produit\/braun-silk-epil-9-flex-mbses9f-design-edition-epilateur-wet-dry-4-accessoires-dont-tete\/#breadcrumb","itemListElement":[{"@type":"ListItem","position":1,"name":"Accueil","item":"https:\/\/orthopara.store\/"},{"@type":"ListItem","position":2,"name":"Shop","item":"https:\/\/orthopara.store\/?page_id=622"},{"@type":"ListItem","position":3,"name":"Braun Silk-\u00e9pil 9 Flex MBSES9F &#8211; Design Edition &#8211; \u00c9pilateur Wet &#038; Dry + 4 accessoires dont t\u00eate&#8230;"}]},{"@type":"WebSite","@id":"https:\/\/orthopara.store\/#website","url":"https:\/\/orthopara.store\/","name":"OrthoPara","description":"Parapharmacie","publisher":{"@id":"https:\/\/orthopara.store\/#organization"},"potentialAction":[{"@type":"SearchAction","target":{"@type":"EntryPoint","urlTemplate":"https:\/\/orthopara.store\/?s={search_term_string}"},"query-input":"required name=search_term_string"}],"inLanguage":"fr-FR"},{"@type":"Organization","@id":"https:\/\/orthopara.store\/#organization","name":"OrthoPara","url":"https:\/\/orthopara.store\/","logo":{"@type":"ImageObject","inLanguage":"fr-FR","@id":"https:\/\/orthopara.store\/#\/schema\/logo\/image\/","url":"https:\/\/orthopara.store\/wp-content\/uploads\/2024\/06\/cropped-9ABA8BAD-6256-4719-9315-15C66E64E882.png","contentUrl":"https:\/\/orthopara.store\/wp-content\/uploads\/2024\/06\/cropped-9ABA8BAD-6256-4719-9315-15C66E64E882.png","width":240,"height":72,"caption":"OrthoPara"},"image":{"@id":"https:\/\/orthopara.store\/#\/schema\/logo\/image\/"},"sameAs":["https:\/\/www.facebook.com\/profile.php?id=61561194315651","https:\/\/www.instagram.com\/orthopara_tunisie\/"]}]}},"jetpack_sharing_enabled":true,"brands":[{"id":153,"name":"Braun","slug":"braun"}],"_links":{"self":[{"href":"https:\/\/orthopara.store\/index.php?rest_route=\/wp\/v2\/product\/1246","targetHints":{"allow":["GET"]}}],"collection":[{"href":"https:\/\/orthopara.store\/index.php?rest_route=\/wp\/v2\/product"}],"about":[{"href":"https:\/\/orthopara.store\/index.php?rest_route=\/wp\/v2\/types\/product"}],"replies":[{"embeddable":true,"href":"https:\/\/orthopara.store\/index.php?rest_route=%2Fwp%2Fv2%2Fcomments&post=1246"}],"wp:featuredmedia":[{"embeddable":true,"href":"https:\/\/orthopara.store\/index.php?rest_route=\/wp\/v2\/media\/1272"}],"wp:attachment":[{"href":"https:\/\/orthopara.store\/index.php?rest_route=%2Fwp%2Fv2%2Fmedia&parent=1246"}],"wp:term":[{"taxonomy":"pwb-brand","embeddable":true,"href":"https:\/\/orthopara.store\/index.php?rest_route=%2Fwp%2Fv2%2Fpwb-brand&post=1246"},{"taxonomy":"product_cat","embeddable":true,"href":"https:\/\/orthopara.store\/index.php?rest_route=%2Fwp%2Fv2%2Fproduct_cat&post=1246"},{"taxonomy":"product_tag","embeddable":true,"href":"https:\/\/orthopara.store\/index.php?rest_route=%2Fwp%2Fv2%2Fproduct_tag&post=1246"}],"curies":[{"name":"wp","href":"https:\/\/api.w.org\/{rel}","templated":true}]}}