{"id":1253,"date":"2024-06-28T15:52:25","date_gmt":"2024-06-28T13:52:25","guid":{"rendered":"https:\/\/orthopara.store\/?post_type=product&#038;p=1253"},"modified":"2024-10-09T10:33:31","modified_gmt":"2024-10-09T09:33:31","slug":"creme-reparatrice-et-nourrissante-des-pieds-kenko-lano-line-75ml","status":"publish","type":"product","link":"https:\/\/orthopara.store\/?product=creme-reparatrice-et-nourrissante-des-pieds-kenko-lano-line-75ml","title":{"rendered":"Cr\u00e8me r\u00e9paratrice et nourrissante des pieds &#8211; Kenko Lano Line &#8211; 75ml"},"content":{"rendered":"<p>Cr\u00e8me r\u00e9paratrice et nourrissante des pieds &#8211; Kenko Lano Line &#8211; 75ml<br \/>\nlano line pieds est une cr\u00e8me de qualit\u00e9 pharmaceutique. Gr\u00e2ce \u00e0 sa composition riche en \u00e9l\u00e9ments hydratants naturels, elle r\u00e9pare, prot\u00e8ge et hydrate les pieds tr\u00e8s secs et abim\u00e9s et soigne les talons fendill\u00e9s. Sa texture est agr\u00e9able et p\u00e9n\u00e8tre rapidement sans laisser de sensation collante. Elle rend votre peau plus douce et souple et ce d\u00e8s la premi\u00e8re application.<br \/>\nPour pieds secs et talons fendill\u00e9s<br \/>\nActifs d\u2019origine naturelle<br \/>\nTexture non collante<br \/>\nActifs :<br \/>\nLa lanoline, source d\u2019inspiration du d\u00e9veloppement de cette gamme et dont elle tient son nom, est une huile naturelle reconnue pour ses propri\u00e9t\u00e9s apaisantes et r\u00e9paratrices. Elle pr\u00e9vient les crevasses et fait disparaitre les ger\u00e7ures r\u00e9calcitrantes sur vos pieds.<br \/>\nL\u2019 AQUAXYL\u2122 est un complexe 100 % naturel, certifi\u00e9 par ECOCERT. Ce composant forme avec la glyc\u00e9rine un film protecteur qui prot\u00e8ge votre peau contre la d\u00e9shydratation et stimule la s\u00e9cr\u00e9tion naturelle de l\u2019acide hyaluronique.<br \/>\nLe beurre de karit\u00e9 est connu pour ses propri\u00e9t\u00e9s nourrissantes.<br \/>\nL\u2019extrait de mauve, une plante de tout premier ordre en phytoth\u00e9rapie, elle adoucit et embellie votre peau.<\/p>\n<p>Conseils d\u2019utilisation :<br \/>\nAppliquer 1 \u00e0 2 fois par jour, matin et soir, en massant les pieds pour une bonne p\u00e9n\u00e9tration.\u00a0<\/p>\n","protected":false},"excerpt":{"rendered":"<p>Kenko Lano Line\u00a0<br \/>\nCr\u00e8me pour les pieds : r\u00e9paratrice, nourrissante &#038; protectrice\u00a0<\/p>\n<p>Pour pieds secs et talons fendill\u00e9s<br \/>\nActifs d\u2019origine naturelle<br \/>\nTexture non collante<\/p>\n<p>Contenance : 75ml\u00a0<br \/>\nDLC : 07\/2023<\/p>\n","protected":false},"featured_media":1279,"comment_status":"open","ping_status":"closed","template":"","meta":[],"pwb-brand":[110],"product_cat":[156],"product_tag":[],"class_list":{"0":"post-1253","1":"product","2":"type-product","3":"status-publish","4":"has-post-thumbnail","6":"pwb-brand-kenko","7":"product_cat-soins-des-pieds","8":"post","9":"ws-product--style-1","11":"first","12":"instock","13":"shipping-taxable","14":"purchasable","15":"product-type-simple"},"yoast_head":"<!-- This site is optimized with the Yoast SEO plugin v23.0 - https:\/\/yoast.com\/wordpress\/plugins\/seo\/ -->\n<title>Cr\u00e8me r\u00e9paratrice et nourrissante des pieds - Kenko Lano Line - 75ml - OrthoPara<\/title>\n<meta name=\"robots\" content=\"index, follow, max-snippet:-1, max-image-preview:large, max-video-preview:-1\" \/>\n<link rel=\"canonical\" href=\"https:\/\/orthopara.store\/index.php\/produit\/creme-reparatrice-et-nourrissante-des-pieds-kenko-lano-line-75ml\/\" \/>\n<meta property=\"og:locale\" content=\"fr_FR\" \/>\n<meta property=\"og:type\" content=\"article\" \/>\n<meta property=\"og:title\" content=\"Cr\u00e8me r\u00e9paratrice et nourrissante des pieds - Kenko Lano Line - 75ml - OrthoPara\" \/>\n<meta property=\"og:description\" content=\"Kenko Lano Line\u00a0 Cr\u00e8me pour les pieds : r\u00e9paratrice, nourrissante &amp; protectrice\u00a0 Pour pieds secs et talons fendill\u00e9s Actifs d\u2019origine naturelle Texture non collante Contenance : 75ml\u00a0 DLC : 07\/2023\" \/>\n<meta property=\"og:url\" content=\"https:\/\/orthopara.store\/index.php\/produit\/creme-reparatrice-et-nourrissante-des-pieds-kenko-lano-line-75ml\/\" \/>\n<meta property=\"og:site_name\" content=\"OrthoPara\" \/>\n<meta property=\"article:publisher\" content=\"https:\/\/www.facebook.com\/profile.php?id=61561194315651\" \/>\n<meta property=\"article:modified_time\" content=\"2024-10-09T09:33:31+00:00\" \/>\n<meta property=\"og:image\" content=\"https:\/\/orthopara.store\/wp-content\/uploads\/2024\/06\/creme-reparatrice-et-nourrissante-des-pieds-kenko-lano-line-75ml.jpg\" \/>\n\t<meta property=\"og:image:width\" content=\"800\" \/>\n\t<meta property=\"og:image:height\" content=\"800\" \/>\n\t<meta property=\"og:image:type\" content=\"image\/jpeg\" \/>\n<meta name=\"twitter:card\" content=\"summary_large_image\" \/>\n<meta name=\"twitter:label1\" content=\"Dur\u00e9e de lecture estim\u00e9e\" \/>\n\t<meta name=\"twitter:data1\" content=\"1 minute\" \/>\n<script type=\"application\/ld+json\" class=\"yoast-schema-graph\">{\"@context\":\"https:\/\/schema.org\",\"@graph\":[{\"@type\":\"WebPage\",\"@id\":\"https:\/\/orthopara.store\/index.php\/produit\/creme-reparatrice-et-nourrissante-des-pieds-kenko-lano-line-75ml\/\",\"url\":\"https:\/\/orthopara.store\/index.php\/produit\/creme-reparatrice-et-nourrissante-des-pieds-kenko-lano-line-75ml\/\",\"name\":\"Cr\u00e8me r\u00e9paratrice et nourrissante des pieds - Kenko Lano Line - 75ml - OrthoPara\",\"isPartOf\":{\"@id\":\"https:\/\/orthopara.store\/#website\"},\"primaryImageOfPage\":{\"@id\":\"https:\/\/orthopara.store\/index.php\/produit\/creme-reparatrice-et-nourrissante-des-pieds-kenko-lano-line-75ml\/#primaryimage\"},\"image\":{\"@id\":\"https:\/\/orthopara.store\/index.php\/produit\/creme-reparatrice-et-nourrissante-des-pieds-kenko-lano-line-75ml\/#primaryimage\"},\"thumbnailUrl\":\"https:\/\/orthopara.store\/wp-content\/uploads\/2024\/06\/creme-reparatrice-et-nourrissante-des-pieds-kenko-lano-line-75ml.jpg\",\"datePublished\":\"2024-06-28T13:52:25+00:00\",\"dateModified\":\"2024-10-09T09:33:31+00:00\",\"breadcrumb\":{\"@id\":\"https:\/\/orthopara.store\/index.php\/produit\/creme-reparatrice-et-nourrissante-des-pieds-kenko-lano-line-75ml\/#breadcrumb\"},\"inLanguage\":\"fr-FR\",\"potentialAction\":[{\"@type\":\"ReadAction\",\"target\":[\"https:\/\/orthopara.store\/index.php\/produit\/creme-reparatrice-et-nourrissante-des-pieds-kenko-lano-line-75ml\/\"]}]},{\"@type\":\"ImageObject\",\"inLanguage\":\"fr-FR\",\"@id\":\"https:\/\/orthopara.store\/index.php\/produit\/creme-reparatrice-et-nourrissante-des-pieds-kenko-lano-line-75ml\/#primaryimage\",\"url\":\"https:\/\/orthopara.store\/wp-content\/uploads\/2024\/06\/creme-reparatrice-et-nourrissante-des-pieds-kenko-lano-line-75ml.jpg\",\"contentUrl\":\"https:\/\/orthopara.store\/wp-content\/uploads\/2024\/06\/creme-reparatrice-et-nourrissante-des-pieds-kenko-lano-line-75ml.jpg\",\"width\":800,\"height\":800},{\"@type\":\"BreadcrumbList\",\"@id\":\"https:\/\/orthopara.store\/index.php\/produit\/creme-reparatrice-et-nourrissante-des-pieds-kenko-lano-line-75ml\/#breadcrumb\",\"itemListElement\":[{\"@type\":\"ListItem\",\"position\":1,\"name\":\"Accueil\",\"item\":\"https:\/\/orthopara.store\/\"},{\"@type\":\"ListItem\",\"position\":2,\"name\":\"Shop\",\"item\":\"https:\/\/orthopara.store\/?page_id=622\"},{\"@type\":\"ListItem\",\"position\":3,\"name\":\"Cr\u00e8me r\u00e9paratrice et nourrissante des pieds &#8211; Kenko Lano Line &#8211; 75ml\"}]},{\"@type\":\"WebSite\",\"@id\":\"https:\/\/orthopara.store\/#website\",\"url\":\"https:\/\/orthopara.store\/\",\"name\":\"OrthoPara\",\"description\":\"Parapharmacie\",\"publisher\":{\"@id\":\"https:\/\/orthopara.store\/#organization\"},\"potentialAction\":[{\"@type\":\"SearchAction\",\"target\":{\"@type\":\"EntryPoint\",\"urlTemplate\":\"https:\/\/orthopara.store\/?s={search_term_string}\"},\"query-input\":\"required name=search_term_string\"}],\"inLanguage\":\"fr-FR\"},{\"@type\":\"Organization\",\"@id\":\"https:\/\/orthopara.store\/#organization\",\"name\":\"OrthoPara\",\"url\":\"https:\/\/orthopara.store\/\",\"logo\":{\"@type\":\"ImageObject\",\"inLanguage\":\"fr-FR\",\"@id\":\"https:\/\/orthopara.store\/#\/schema\/logo\/image\/\",\"url\":\"https:\/\/orthopara.store\/wp-content\/uploads\/2024\/06\/cropped-9ABA8BAD-6256-4719-9315-15C66E64E882.png\",\"contentUrl\":\"https:\/\/orthopara.store\/wp-content\/uploads\/2024\/06\/cropped-9ABA8BAD-6256-4719-9315-15C66E64E882.png\",\"width\":240,\"height\":72,\"caption\":\"OrthoPara\"},\"image\":{\"@id\":\"https:\/\/orthopara.store\/#\/schema\/logo\/image\/\"},\"sameAs\":[\"https:\/\/www.facebook.com\/profile.php?id=61561194315651\",\"https:\/\/www.instagram.com\/orthopara_tunisie\/\"]}]}<\/script>\n<!-- \/ Yoast SEO plugin. -->","yoast_head_json":{"title":"Cr\u00e8me r\u00e9paratrice et nourrissante des pieds - Kenko Lano Line - 75ml - OrthoPara","robots":{"index":"index","follow":"follow","max-snippet":"max-snippet:-1","max-image-preview":"max-image-preview:large","max-video-preview":"max-video-preview:-1"},"canonical":"https:\/\/orthopara.store\/index.php\/produit\/creme-reparatrice-et-nourrissante-des-pieds-kenko-lano-line-75ml\/","og_locale":"fr_FR","og_type":"article","og_title":"Cr\u00e8me r\u00e9paratrice et nourrissante des pieds - Kenko Lano Line - 75ml - OrthoPara","og_description":"Kenko Lano Line\u00a0 Cr\u00e8me pour les pieds : r\u00e9paratrice, nourrissante & protectrice\u00a0 Pour pieds secs et talons fendill\u00e9s Actifs d\u2019origine naturelle Texture non collante Contenance : 75ml\u00a0 DLC : 07\/2023","og_url":"https:\/\/orthopara.store\/index.php\/produit\/creme-reparatrice-et-nourrissante-des-pieds-kenko-lano-line-75ml\/","og_site_name":"OrthoPara","article_publisher":"https:\/\/www.facebook.com\/profile.php?id=61561194315651","article_modified_time":"2024-10-09T09:33:31+00:00","og_image":[{"width":800,"height":800,"url":"https:\/\/orthopara.store\/wp-content\/uploads\/2024\/06\/creme-reparatrice-et-nourrissante-des-pieds-kenko-lano-line-75ml.jpg","type":"image\/jpeg"}],"twitter_card":"summary_large_image","twitter_misc":{"Dur\u00e9e de lecture estim\u00e9e":"1 minute"},"schema":{"@context":"https:\/\/schema.org","@graph":[{"@type":"WebPage","@id":"https:\/\/orthopara.store\/index.php\/produit\/creme-reparatrice-et-nourrissante-des-pieds-kenko-lano-line-75ml\/","url":"https:\/\/orthopara.store\/index.php\/produit\/creme-reparatrice-et-nourrissante-des-pieds-kenko-lano-line-75ml\/","name":"Cr\u00e8me r\u00e9paratrice et nourrissante des pieds - Kenko Lano Line - 75ml - OrthoPara","isPartOf":{"@id":"https:\/\/orthopara.store\/#website"},"primaryImageOfPage":{"@id":"https:\/\/orthopara.store\/index.php\/produit\/creme-reparatrice-et-nourrissante-des-pieds-kenko-lano-line-75ml\/#primaryimage"},"image":{"@id":"https:\/\/orthopara.store\/index.php\/produit\/creme-reparatrice-et-nourrissante-des-pieds-kenko-lano-line-75ml\/#primaryimage"},"thumbnailUrl":"https:\/\/orthopara.store\/wp-content\/uploads\/2024\/06\/creme-reparatrice-et-nourrissante-des-pieds-kenko-lano-line-75ml.jpg","datePublished":"2024-06-28T13:52:25+00:00","dateModified":"2024-10-09T09:33:31+00:00","breadcrumb":{"@id":"https:\/\/orthopara.store\/index.php\/produit\/creme-reparatrice-et-nourrissante-des-pieds-kenko-lano-line-75ml\/#breadcrumb"},"inLanguage":"fr-FR","potentialAction":[{"@type":"ReadAction","target":["https:\/\/orthopara.store\/index.php\/produit\/creme-reparatrice-et-nourrissante-des-pieds-kenko-lano-line-75ml\/"]}]},{"@type":"ImageObject","inLanguage":"fr-FR","@id":"https:\/\/orthopara.store\/index.php\/produit\/creme-reparatrice-et-nourrissante-des-pieds-kenko-lano-line-75ml\/#primaryimage","url":"https:\/\/orthopara.store\/wp-content\/uploads\/2024\/06\/creme-reparatrice-et-nourrissante-des-pieds-kenko-lano-line-75ml.jpg","contentUrl":"https:\/\/orthopara.store\/wp-content\/uploads\/2024\/06\/creme-reparatrice-et-nourrissante-des-pieds-kenko-lano-line-75ml.jpg","width":800,"height":800},{"@type":"BreadcrumbList","@id":"https:\/\/orthopara.store\/index.php\/produit\/creme-reparatrice-et-nourrissante-des-pieds-kenko-lano-line-75ml\/#breadcrumb","itemListElement":[{"@type":"ListItem","position":1,"name":"Accueil","item":"https:\/\/orthopara.store\/"},{"@type":"ListItem","position":2,"name":"Shop","item":"https:\/\/orthopara.store\/?page_id=622"},{"@type":"ListItem","position":3,"name":"Cr\u00e8me r\u00e9paratrice et nourrissante des pieds &#8211; Kenko Lano Line &#8211; 75ml"}]},{"@type":"WebSite","@id":"https:\/\/orthopara.store\/#website","url":"https:\/\/orthopara.store\/","name":"OrthoPara","description":"Parapharmacie","publisher":{"@id":"https:\/\/orthopara.store\/#organization"},"potentialAction":[{"@type":"SearchAction","target":{"@type":"EntryPoint","urlTemplate":"https:\/\/orthopara.store\/?s={search_term_string}"},"query-input":"required name=search_term_string"}],"inLanguage":"fr-FR"},{"@type":"Organization","@id":"https:\/\/orthopara.store\/#organization","name":"OrthoPara","url":"https:\/\/orthopara.store\/","logo":{"@type":"ImageObject","inLanguage":"fr-FR","@id":"https:\/\/orthopara.store\/#\/schema\/logo\/image\/","url":"https:\/\/orthopara.store\/wp-content\/uploads\/2024\/06\/cropped-9ABA8BAD-6256-4719-9315-15C66E64E882.png","contentUrl":"https:\/\/orthopara.store\/wp-content\/uploads\/2024\/06\/cropped-9ABA8BAD-6256-4719-9315-15C66E64E882.png","width":240,"height":72,"caption":"OrthoPara"},"image":{"@id":"https:\/\/orthopara.store\/#\/schema\/logo\/image\/"},"sameAs":["https:\/\/www.facebook.com\/profile.php?id=61561194315651","https:\/\/www.instagram.com\/orthopara_tunisie\/"]}]}},"jetpack_sharing_enabled":true,"brands":[{"id":110,"name":"Kenko","slug":"kenko"}],"_links":{"self":[{"href":"https:\/\/orthopara.store\/index.php?rest_route=\/wp\/v2\/product\/1253","targetHints":{"allow":["GET"]}}],"collection":[{"href":"https:\/\/orthopara.store\/index.php?rest_route=\/wp\/v2\/product"}],"about":[{"href":"https:\/\/orthopara.store\/index.php?rest_route=\/wp\/v2\/types\/product"}],"replies":[{"embeddable":true,"href":"https:\/\/orthopara.store\/index.php?rest_route=%2Fwp%2Fv2%2Fcomments&post=1253"}],"wp:featuredmedia":[{"embeddable":true,"href":"https:\/\/orthopara.store\/index.php?rest_route=\/wp\/v2\/media\/1279"}],"wp:attachment":[{"href":"https:\/\/orthopara.store\/index.php?rest_route=%2Fwp%2Fv2%2Fmedia&parent=1253"}],"wp:term":[{"taxonomy":"pwb-brand","embeddable":true,"href":"https:\/\/orthopara.store\/index.php?rest_route=%2Fwp%2Fv2%2Fpwb-brand&post=1253"},{"taxonomy":"product_cat","embeddable":true,"href":"https:\/\/orthopara.store\/index.php?rest_route=%2Fwp%2Fv2%2Fproduct_cat&post=1253"},{"taxonomy":"product_tag","embeddable":true,"href":"https:\/\/orthopara.store\/index.php?rest_route=%2Fwp%2Fv2%2Fproduct_tag&post=1253"}],"curies":[{"name":"wp","href":"https:\/\/api.w.org\/{rel}","templated":true}]}}