{"id":1255,"date":"2024-06-28T15:52:25","date_gmt":"2024-06-28T13:52:25","guid":{"rendered":"https:\/\/orthopara.store\/?post_type=product&#038;p=1255"},"modified":"2024-06-28T15:52:33","modified_gmt":"2024-06-28T13:52:33","slug":"pansement-liquide-reparateur-ongles-abimes-urgo-filmogel-3-3ml","status":"publish","type":"product","link":"https:\/\/orthopara.store\/?product=pansement-liquide-reparateur-ongles-abimes-urgo-filmogel-3-3ml","title":{"rendered":"Pansement liquide r\u00e9parateur ongles abim\u00e9s &#8211; Urgo Filmogel &#8211; 3.3ml"},"content":{"rendered":"<p>Pansement liquide pour soigner les ongles ab\u00eem\u00e9s &#8211; Urgo Filmogel &#8211; 3.3ml<br \/>\nUrgo Filmogel Ongles Ab\u00eem\u00e9s forme un film transparent et sans odeur, qui favorise la pousse d&rsquo;ongles sains, r\u00e9g\u00e9n\u00e9r\u00e9s et prot\u00e9g\u00e9s. Discr\u00e8te, elle convient aussi bien aux femmes qu&rsquo;aux hommes.<br \/>\nURGO Filmogel Ongles ab\u00eem\u00e9s est un dispositif m\u00e9dical de classe I, r\u00e9g\u00e9n\u00e8re et prot\u00e8ge les ongles ab\u00eem\u00e9s par une mycose ou un traumatisme l\u00e9ger. La pr\u00e9sence d\u2019hydroxypropylchitosan permet une action en profondeur (sur\/dans l\u2019ongle) pour le renforcer, l\u2019assainir et le prot\u00e9ger. URGO Filmogel\u00ae Ongles Ab\u00eem\u00e9s ,la solution id\u00e9ale pour retrouver des ongles sains et beaux en toute simplicit\u00e9.<br \/>\nSes bienfaits :<br \/>\nSans limage\/ ni dissolvant<br \/>\nAssainit<br \/>\nR\u00e9g\u00e9n\u00e8re<br \/>\nD\u00e8s 3 ans<br \/>\nMode d&#8217;emploi : Appliquer le produit avec le pinceau sur des ongles propres et secs. Appliquer le produit une fois par jour, de pr\u00e9f\u00e9rence avant de se coucher.<br \/>\nConseils d&rsquo;utilisation :<br \/>\nPosologie : Appliquer le produit 1 fois par jour sur un ongle propre et sec<br \/>\nMode d\u2019emploi :<br \/>\n1. Appliquer le produit \u00e0 l\u2019aide du pinceau applicateur sur toute la surface de l\u2019ongle. Ne pas d\u00e9border sur la peau saine environnante.<br \/>\n2. Le film se retirant facilement \u00e0 l\u2019eau, il est conseill\u00e9 de l\u2019appliquer le soir au coucher, ce qui permettra au produit de rester sur l\u2019ongle pendant une dur\u00e9e optimale.<br \/>\n3. Le produit ne n\u00e9cessite ni limage ni utilisation de dissolvant pour \u00eatre enlev\u00e9<br \/>\nMise en garde et pr\u00e9cautions d\u2019emploi :<br \/>\nNous vous conseillons de consulter un m\u00e9decin si :<br \/>\nLa partie inf\u00e9rieure de votre ongle vous semble atteinte (risque d\u2019aggravation du traumatisme sur l\u2019ongle).<br \/>\nVotre ongle est noir sans avoir subi un quelconque traumatisme.<br \/>\nVous \u00eates diab\u00e9tique ou immunod\u00e9ficitaire (risque d\u2019infection).<br \/>\nA conserver \u00e0 l\u2019\u00e9cart de toute flamme ou source d\u2019\u00e9tincelles (risque de br\u00fblures). Ne pas fumer lors de l\u2019application, avant s\u00e9chage complet du produit ou \u00e0 proximit\u00e9 du flacon ouvert (risque de br\u00fblures).<br \/>\nTenir hors de port\u00e9e et de vue des enfants.<br \/>\nPour minimiser tout risque d\u2019infection ou de r\u00e9actions cutan\u00e9es :<br \/>\nRespecter scrupuleusement le mode d\u2019emploi. Ne pas d\u00e9passer la date limite d\u2019utilisation figurant sur le conditionnement. Ne pas utiliser un produit endommag\u00e9 (pinceau d\u00e9t\u00e9rior\u00e9, solution rendue solide). Bien refermer apr\u00e8s usage.<br \/>\nContre-indications :<br \/>\nDoit \u00eatre appliqu\u00e9 uniquement sur l\u2019ongle.<br \/>\nNe pas appliquer plus de 30 jours cons\u00e9cutifs.<br \/>\nNe pas avaler.<br \/>\nNe pas utiliser chez l\u2019enfant de moins de 3 ans.<br \/>\nNe pas utiliser sur des plaies (risque de douleur ou d\u2019infection).Ne pas utiliser sur des psoriasis ou ecz\u00e9ma.<br \/>\nNe pas utiliser sur des ongles friables, fissur\u00e9s, fragiles.<br \/>\nNe pas utiliser en cas d\u2019alt\u00e9ration cutan\u00e9e p\u00e9ri-ungu\u00e9ale.<br \/>\nNe pas utiliser sur des ongles avec des pigmentations noires ou brunes, localis\u00e9es aussi bien sur les ongles qu\u2019\u00e0 proximit\u00e9.<br \/>\nNe pas utiliser si vous \u00eates allergique \u00e0 l\u2019un des composants d\u2019Urgo Ongles Ab\u00eem\u00e9s.<br \/>\nComposition :\u00a0<br \/>\n*Note comprenant 1201 \u00e9valuations calcul\u00e9e sur fact (02\/2022)<br \/>\nURGO Ongles Ab\u00eem\u00e9s, filmogel\u00ae. Ce dispositif m\u00e9dical est un produit de sant\u00e9 r\u00e9glement\u00e9 qui porte, au titre de cette r\u00e9glementation, le marquage CE. Indication : Traitement des ongles ab\u00eem\u00e9s par mycoses et traumatismes l\u00e9gers. D\u00e8s 3 ans. Demandez conseil \u00e0 votre m\u00e9decin ou votre pharmacien et consultez la notice avant utilisation. Laboratoires URGO Healthcare \u2013 21300 CHEN\u00d4VE- RCS DIJON 798 251 559 \u2013 Capital social 56 280 458 \u20ac. 03\/2023<br \/>\nURGO Pr\u00e9vention Mycoses est un biocide: produit destin\u00e9 \u00e0 l\u2019hygi\u00e8ne humaine. Utilisez les biocides avec pr\u00e9caution. Avant toute utilisation, lisez les informations figurant sur le flacon.<br \/>\nURGO Filmogel\u00ae Ongles Ab\u00eem\u00e9s, le traitement facile d\u2019utilisation pour retrouver des ongles sains et beaux.<\/p>\n","protected":false},"excerpt":{"rendered":"<p>Filmogel<br \/>\nUn probl\u00e8me tr\u00e8s fr\u00e9quent qui peut \u00eatre du \u00e0 des dommages physiques (choc) ou une prolif\u00e9ration bact\u00e9rienne (transpiration). Les ongles ab\u00eem\u00e9s peuvent \u00eatre blanchis ou jaunis, friables, et pr\u00e9senter des asp\u00e9rit\u00e9s. Arf ! C\u2019est moooche !<br \/>\nURGO Filmogel\u00ae Ongles Ab\u00eem\u00e9s est un pansement liquide indiqu\u00e9 dans le cas d\u2019ongles ab\u00eem\u00e9s par mycoses et traumatismes l\u00e9gers. Un traitement simple d\u2019utilisation, id\u00e9al pour les adultes et les enfants (d\u00e8s 3 ans).<br \/>\nConditionnement : flacon de 3,3ml<br \/>\nDLC 03\/2025<\/p>\n","protected":false},"featured_media":1281,"comment_status":"open","ping_status":"closed","template":"","meta":[],"pwb-brand":[157],"product_cat":[156],"product_tag":[],"class_list":{"0":"post-1255","1":"product","2":"type-product","3":"status-publish","4":"has-post-thumbnail","6":"pwb-brand-urgo","7":"product_cat-soins-des-pieds","8":"post","9":"ws-product--style-1","11":"first","12":"instock","13":"shipping-taxable","14":"purchasable","15":"product-type-simple"},"yoast_head":"<!-- This site is optimized with the Yoast SEO plugin v23.0 - https:\/\/yoast.com\/wordpress\/plugins\/seo\/ -->\n<title>Pansement liquide r\u00e9parateur ongles abim\u00e9s - Urgo Filmogel - 3.3ml - OrthoPara<\/title>\n<meta name=\"robots\" content=\"index, follow, max-snippet:-1, max-image-preview:large, max-video-preview:-1\" \/>\n<link rel=\"canonical\" href=\"https:\/\/orthopara.store\/index.php\/produit\/pansement-liquide-reparateur-ongles-abimes-urgo-filmogel-3-3ml\/\" \/>\n<meta property=\"og:locale\" content=\"fr_FR\" \/>\n<meta property=\"og:type\" content=\"article\" \/>\n<meta property=\"og:title\" content=\"Pansement liquide r\u00e9parateur ongles abim\u00e9s - Urgo Filmogel - 3.3ml - OrthoPara\" \/>\n<meta property=\"og:description\" content=\"Filmogel Un probl\u00e8me tr\u00e8s fr\u00e9quent qui peut \u00eatre du \u00e0 des dommages physiques (choc) ou une prolif\u00e9ration bact\u00e9rienne (transpiration). Les ongles ab\u00eem\u00e9s peuvent \u00eatre blanchis ou jaunis, friables, et pr\u00e9senter des asp\u00e9rit\u00e9s. Arf ! C\u2019est moooche ! URGO Filmogel\u00ae Ongles Ab\u00eem\u00e9s est un pansement liquide indiqu\u00e9 dans le cas d\u2019ongles ab\u00eem\u00e9s par mycoses et traumatismes l\u00e9gers. Un traitement simple d\u2019utilisation, id\u00e9al pour les adultes et les enfants (d\u00e8s 3 ans). Conditionnement : flacon de 3,3ml DLC 03\/2025\" \/>\n<meta property=\"og:url\" content=\"https:\/\/orthopara.store\/index.php\/produit\/pansement-liquide-reparateur-ongles-abimes-urgo-filmogel-3-3ml\/\" \/>\n<meta property=\"og:site_name\" content=\"OrthoPara\" \/>\n<meta property=\"article:publisher\" content=\"https:\/\/www.facebook.com\/profile.php?id=61561194315651\" \/>\n<meta property=\"article:modified_time\" content=\"2024-06-28T13:52:33+00:00\" \/>\n<meta property=\"og:image\" content=\"https:\/\/orthopara.store\/wp-content\/uploads\/2024\/06\/urgo-filmogel-tunisie.jpg\" \/>\n\t<meta property=\"og:image:width\" content=\"800\" \/>\n\t<meta property=\"og:image:height\" content=\"800\" \/>\n\t<meta property=\"og:image:type\" content=\"image\/jpeg\" \/>\n<meta name=\"twitter:card\" content=\"summary_large_image\" \/>\n<meta name=\"twitter:label1\" content=\"Dur\u00e9e de lecture estim\u00e9e\" \/>\n\t<meta name=\"twitter:data1\" content=\"3 minutes\" \/>\n<script type=\"application\/ld+json\" class=\"yoast-schema-graph\">{\"@context\":\"https:\/\/schema.org\",\"@graph\":[{\"@type\":\"WebPage\",\"@id\":\"https:\/\/orthopara.store\/index.php\/produit\/pansement-liquide-reparateur-ongles-abimes-urgo-filmogel-3-3ml\/\",\"url\":\"https:\/\/orthopara.store\/index.php\/produit\/pansement-liquide-reparateur-ongles-abimes-urgo-filmogel-3-3ml\/\",\"name\":\"Pansement liquide r\u00e9parateur ongles abim\u00e9s - Urgo Filmogel - 3.3ml - OrthoPara\",\"isPartOf\":{\"@id\":\"https:\/\/orthopara.store\/#website\"},\"primaryImageOfPage\":{\"@id\":\"https:\/\/orthopara.store\/index.php\/produit\/pansement-liquide-reparateur-ongles-abimes-urgo-filmogel-3-3ml\/#primaryimage\"},\"image\":{\"@id\":\"https:\/\/orthopara.store\/index.php\/produit\/pansement-liquide-reparateur-ongles-abimes-urgo-filmogel-3-3ml\/#primaryimage\"},\"thumbnailUrl\":\"https:\/\/orthopara.store\/wp-content\/uploads\/2024\/06\/urgo-filmogel-tunisie.jpg\",\"datePublished\":\"2024-06-28T13:52:25+00:00\",\"dateModified\":\"2024-06-28T13:52:33+00:00\",\"breadcrumb\":{\"@id\":\"https:\/\/orthopara.store\/index.php\/produit\/pansement-liquide-reparateur-ongles-abimes-urgo-filmogel-3-3ml\/#breadcrumb\"},\"inLanguage\":\"fr-FR\",\"potentialAction\":[{\"@type\":\"ReadAction\",\"target\":[\"https:\/\/orthopara.store\/index.php\/produit\/pansement-liquide-reparateur-ongles-abimes-urgo-filmogel-3-3ml\/\"]}]},{\"@type\":\"ImageObject\",\"inLanguage\":\"fr-FR\",\"@id\":\"https:\/\/orthopara.store\/index.php\/produit\/pansement-liquide-reparateur-ongles-abimes-urgo-filmogel-3-3ml\/#primaryimage\",\"url\":\"https:\/\/orthopara.store\/wp-content\/uploads\/2024\/06\/urgo-filmogel-tunisie.jpg\",\"contentUrl\":\"https:\/\/orthopara.store\/wp-content\/uploads\/2024\/06\/urgo-filmogel-tunisie.jpg\",\"width\":800,\"height\":800},{\"@type\":\"BreadcrumbList\",\"@id\":\"https:\/\/orthopara.store\/index.php\/produit\/pansement-liquide-reparateur-ongles-abimes-urgo-filmogel-3-3ml\/#breadcrumb\",\"itemListElement\":[{\"@type\":\"ListItem\",\"position\":1,\"name\":\"Accueil\",\"item\":\"https:\/\/orthopara.store\/\"},{\"@type\":\"ListItem\",\"position\":2,\"name\":\"Shop\",\"item\":\"https:\/\/orthopara.store\/?page_id=622\"},{\"@type\":\"ListItem\",\"position\":3,\"name\":\"Pansement liquide r\u00e9parateur ongles abim\u00e9s &#8211; Urgo Filmogel &#8211; 3.3ml\"}]},{\"@type\":\"WebSite\",\"@id\":\"https:\/\/orthopara.store\/#website\",\"url\":\"https:\/\/orthopara.store\/\",\"name\":\"OrthoPara\",\"description\":\"Parapharmacie\",\"publisher\":{\"@id\":\"https:\/\/orthopara.store\/#organization\"},\"potentialAction\":[{\"@type\":\"SearchAction\",\"target\":{\"@type\":\"EntryPoint\",\"urlTemplate\":\"https:\/\/orthopara.store\/?s={search_term_string}\"},\"query-input\":\"required name=search_term_string\"}],\"inLanguage\":\"fr-FR\"},{\"@type\":\"Organization\",\"@id\":\"https:\/\/orthopara.store\/#organization\",\"name\":\"OrthoPara\",\"url\":\"https:\/\/orthopara.store\/\",\"logo\":{\"@type\":\"ImageObject\",\"inLanguage\":\"fr-FR\",\"@id\":\"https:\/\/orthopara.store\/#\/schema\/logo\/image\/\",\"url\":\"https:\/\/orthopara.store\/wp-content\/uploads\/2024\/06\/cropped-9ABA8BAD-6256-4719-9315-15C66E64E882.png\",\"contentUrl\":\"https:\/\/orthopara.store\/wp-content\/uploads\/2024\/06\/cropped-9ABA8BAD-6256-4719-9315-15C66E64E882.png\",\"width\":240,\"height\":72,\"caption\":\"OrthoPara\"},\"image\":{\"@id\":\"https:\/\/orthopara.store\/#\/schema\/logo\/image\/\"},\"sameAs\":[\"https:\/\/www.facebook.com\/profile.php?id=61561194315651\",\"https:\/\/www.instagram.com\/orthopara_tunisie\/\"]}]}<\/script>\n<!-- \/ Yoast SEO plugin. -->","yoast_head_json":{"title":"Pansement liquide r\u00e9parateur ongles abim\u00e9s - Urgo Filmogel - 3.3ml - OrthoPara","robots":{"index":"index","follow":"follow","max-snippet":"max-snippet:-1","max-image-preview":"max-image-preview:large","max-video-preview":"max-video-preview:-1"},"canonical":"https:\/\/orthopara.store\/index.php\/produit\/pansement-liquide-reparateur-ongles-abimes-urgo-filmogel-3-3ml\/","og_locale":"fr_FR","og_type":"article","og_title":"Pansement liquide r\u00e9parateur ongles abim\u00e9s - Urgo Filmogel - 3.3ml - OrthoPara","og_description":"Filmogel Un probl\u00e8me tr\u00e8s fr\u00e9quent qui peut \u00eatre du \u00e0 des dommages physiques (choc) ou une prolif\u00e9ration bact\u00e9rienne (transpiration). Les ongles ab\u00eem\u00e9s peuvent \u00eatre blanchis ou jaunis, friables, et pr\u00e9senter des asp\u00e9rit\u00e9s. Arf ! C\u2019est moooche ! URGO Filmogel\u00ae Ongles Ab\u00eem\u00e9s est un pansement liquide indiqu\u00e9 dans le cas d\u2019ongles ab\u00eem\u00e9s par mycoses et traumatismes l\u00e9gers. Un traitement simple d\u2019utilisation, id\u00e9al pour les adultes et les enfants (d\u00e8s 3 ans). Conditionnement : flacon de 3,3ml DLC 03\/2025","og_url":"https:\/\/orthopara.store\/index.php\/produit\/pansement-liquide-reparateur-ongles-abimes-urgo-filmogel-3-3ml\/","og_site_name":"OrthoPara","article_publisher":"https:\/\/www.facebook.com\/profile.php?id=61561194315651","article_modified_time":"2024-06-28T13:52:33+00:00","og_image":[{"width":800,"height":800,"url":"https:\/\/orthopara.store\/wp-content\/uploads\/2024\/06\/urgo-filmogel-tunisie.jpg","type":"image\/jpeg"}],"twitter_card":"summary_large_image","twitter_misc":{"Dur\u00e9e de lecture estim\u00e9e":"3 minutes"},"schema":{"@context":"https:\/\/schema.org","@graph":[{"@type":"WebPage","@id":"https:\/\/orthopara.store\/index.php\/produit\/pansement-liquide-reparateur-ongles-abimes-urgo-filmogel-3-3ml\/","url":"https:\/\/orthopara.store\/index.php\/produit\/pansement-liquide-reparateur-ongles-abimes-urgo-filmogel-3-3ml\/","name":"Pansement liquide r\u00e9parateur ongles abim\u00e9s - Urgo Filmogel - 3.3ml - OrthoPara","isPartOf":{"@id":"https:\/\/orthopara.store\/#website"},"primaryImageOfPage":{"@id":"https:\/\/orthopara.store\/index.php\/produit\/pansement-liquide-reparateur-ongles-abimes-urgo-filmogel-3-3ml\/#primaryimage"},"image":{"@id":"https:\/\/orthopara.store\/index.php\/produit\/pansement-liquide-reparateur-ongles-abimes-urgo-filmogel-3-3ml\/#primaryimage"},"thumbnailUrl":"https:\/\/orthopara.store\/wp-content\/uploads\/2024\/06\/urgo-filmogel-tunisie.jpg","datePublished":"2024-06-28T13:52:25+00:00","dateModified":"2024-06-28T13:52:33+00:00","breadcrumb":{"@id":"https:\/\/orthopara.store\/index.php\/produit\/pansement-liquide-reparateur-ongles-abimes-urgo-filmogel-3-3ml\/#breadcrumb"},"inLanguage":"fr-FR","potentialAction":[{"@type":"ReadAction","target":["https:\/\/orthopara.store\/index.php\/produit\/pansement-liquide-reparateur-ongles-abimes-urgo-filmogel-3-3ml\/"]}]},{"@type":"ImageObject","inLanguage":"fr-FR","@id":"https:\/\/orthopara.store\/index.php\/produit\/pansement-liquide-reparateur-ongles-abimes-urgo-filmogel-3-3ml\/#primaryimage","url":"https:\/\/orthopara.store\/wp-content\/uploads\/2024\/06\/urgo-filmogel-tunisie.jpg","contentUrl":"https:\/\/orthopara.store\/wp-content\/uploads\/2024\/06\/urgo-filmogel-tunisie.jpg","width":800,"height":800},{"@type":"BreadcrumbList","@id":"https:\/\/orthopara.store\/index.php\/produit\/pansement-liquide-reparateur-ongles-abimes-urgo-filmogel-3-3ml\/#breadcrumb","itemListElement":[{"@type":"ListItem","position":1,"name":"Accueil","item":"https:\/\/orthopara.store\/"},{"@type":"ListItem","position":2,"name":"Shop","item":"https:\/\/orthopara.store\/?page_id=622"},{"@type":"ListItem","position":3,"name":"Pansement liquide r\u00e9parateur ongles abim\u00e9s &#8211; Urgo Filmogel &#8211; 3.3ml"}]},{"@type":"WebSite","@id":"https:\/\/orthopara.store\/#website","url":"https:\/\/orthopara.store\/","name":"OrthoPara","description":"Parapharmacie","publisher":{"@id":"https:\/\/orthopara.store\/#organization"},"potentialAction":[{"@type":"SearchAction","target":{"@type":"EntryPoint","urlTemplate":"https:\/\/orthopara.store\/?s={search_term_string}"},"query-input":"required name=search_term_string"}],"inLanguage":"fr-FR"},{"@type":"Organization","@id":"https:\/\/orthopara.store\/#organization","name":"OrthoPara","url":"https:\/\/orthopara.store\/","logo":{"@type":"ImageObject","inLanguage":"fr-FR","@id":"https:\/\/orthopara.store\/#\/schema\/logo\/image\/","url":"https:\/\/orthopara.store\/wp-content\/uploads\/2024\/06\/cropped-9ABA8BAD-6256-4719-9315-15C66E64E882.png","contentUrl":"https:\/\/orthopara.store\/wp-content\/uploads\/2024\/06\/cropped-9ABA8BAD-6256-4719-9315-15C66E64E882.png","width":240,"height":72,"caption":"OrthoPara"},"image":{"@id":"https:\/\/orthopara.store\/#\/schema\/logo\/image\/"},"sameAs":["https:\/\/www.facebook.com\/profile.php?id=61561194315651","https:\/\/www.instagram.com\/orthopara_tunisie\/"]}]}},"jetpack_sharing_enabled":true,"brands":[{"id":157,"name":"Urgo","slug":"urgo"}],"_links":{"self":[{"href":"https:\/\/orthopara.store\/index.php?rest_route=\/wp\/v2\/product\/1255","targetHints":{"allow":["GET"]}}],"collection":[{"href":"https:\/\/orthopara.store\/index.php?rest_route=\/wp\/v2\/product"}],"about":[{"href":"https:\/\/orthopara.store\/index.php?rest_route=\/wp\/v2\/types\/product"}],"replies":[{"embeddable":true,"href":"https:\/\/orthopara.store\/index.php?rest_route=%2Fwp%2Fv2%2Fcomments&post=1255"}],"wp:featuredmedia":[{"embeddable":true,"href":"https:\/\/orthopara.store\/index.php?rest_route=\/wp\/v2\/media\/1281"}],"wp:attachment":[{"href":"https:\/\/orthopara.store\/index.php?rest_route=%2Fwp%2Fv2%2Fmedia&parent=1255"}],"wp:term":[{"taxonomy":"pwb-brand","embeddable":true,"href":"https:\/\/orthopara.store\/index.php?rest_route=%2Fwp%2Fv2%2Fpwb-brand&post=1255"},{"taxonomy":"product_cat","embeddable":true,"href":"https:\/\/orthopara.store\/index.php?rest_route=%2Fwp%2Fv2%2Fproduct_cat&post=1255"},{"taxonomy":"product_tag","embeddable":true,"href":"https:\/\/orthopara.store\/index.php?rest_route=%2Fwp%2Fv2%2Fproduct_tag&post=1255"}],"curies":[{"name":"wp","href":"https:\/\/api.w.org\/{rel}","templated":true}]}}