{"id":1260,"date":"2024-06-28T15:52:25","date_gmt":"2024-06-28T13:52:25","guid":{"rendered":"https:\/\/orthopara.store\/?post_type=product&#038;p=1260"},"modified":"2024-06-28T15:52:35","modified_gmt":"2024-06-28T13:52:35","slug":"verrustop-solution-traitement-dappoint-des-verrues-10ml","status":"publish","type":"product","link":"https:\/\/orthopara.store\/?product=verrustop-solution-traitement-dappoint-des-verrues-10ml","title":{"rendered":"VerruStop Solution &#8211; Traitement d&rsquo;appoint des verrues &#8211; 10ml"},"content":{"rendered":"<p>Indications :<br \/>\n&#8211; Traitement de tous types de verrues (plantaires, filiformes, planes et vulgaires, g\u00e9nitales ou condylomes) et du Molluscum Contagiosum.<br \/>\n&#8211; \u0152il de perdrix.<br \/>\nConseils d&rsquo;utilisation :<br \/>\nNettoyer et s\u00e9cher soigneusement l&rsquo;endroit \u00e0 traiter.<br \/>\n\u00c0 l&rsquo;aide de la spatule, appliquer le liquide sur la verrue sans d\u00e9border sur la peau saine. Il est possible de prot\u00e9ger pr\u00e9alablement la peau saine en appliquant un vernis neutre.<br \/>\nL&rsquo;application est \u00e0 renouveler tous les jours \u00e0 raison de 3 fois par jour.<br \/>\nTous les 2 \u00e0 3 jours, frotter doucement la zone trait\u00e9e avant l&rsquo;application avec une lime en carton ou une pierre ponce en \u00e9vitant de faire saigner et de mani\u00e8re \u00e0 supprimer la partie superficielle rugueuse de la verrue.<br \/>\nSi un saignement se produit, suspendre le traitement pendant 2 \u00e0 3 jours.<br \/>\nPr\u00e9cautions d&#8217;emploi :\u00a0<br \/>\nEviter l&rsquo;application sur des verrues inflamm\u00e9es ou infect\u00e9es, sur l&rsquo;\u00e9piderme tr\u00e8s fin des nourrissons ou des enfants de moins de 3 ans.<br \/>\nActifs cl\u00e9s :<br \/>\nAssociation acide salicylique &#038; acide lactique : action k\u00e9ratolytique<br \/>\nPhycocyanine : Action immuno-stimulante<br \/>\nAlo\u00e9 V\u00e9ra : Action antiseptique naturelle<br \/>\nZinc : Action anti-virale<br \/>\nContenance :<br \/>\n10ml<\/p>\n","protected":false},"excerpt":{"rendered":"<p>Verrustop solution pour application locale \u00e0 base des actifs qui agissent en synergie pour assurer une triple action : immunostimulante, antivirale et antioxydante.<br \/>\nContenance : 10ml<br \/>\nDLC : 11\/2026 (12 mois apr\u00e8s l&rsquo;utilisation)<\/p>\n","protected":false},"featured_media":1286,"comment_status":"open","ping_status":"closed","template":"","meta":[],"pwb-brand":[151],"product_cat":[156],"product_tag":[],"class_list":{"0":"post-1260","1":"product","2":"type-product","3":"status-publish","4":"has-post-thumbnail","6":"pwb-brand-ds-pharma","7":"product_cat-soins-des-pieds","8":"post","9":"ws-product--style-1","11":"first","12":"instock","13":"shipping-taxable","14":"purchasable","15":"product-type-simple"},"yoast_head":"<!-- This site is optimized with the Yoast SEO plugin v23.0 - https:\/\/yoast.com\/wordpress\/plugins\/seo\/ -->\n<title>VerruStop Solution - Traitement d&#039;appoint des verrues - 10ml - OrthoPara<\/title>\n<meta name=\"robots\" content=\"index, follow, max-snippet:-1, max-image-preview:large, max-video-preview:-1\" \/>\n<link rel=\"canonical\" href=\"https:\/\/orthopara.store\/index.php\/produit\/verrustop-solution-traitement-dappoint-des-verrues-10ml\/\" \/>\n<meta property=\"og:locale\" content=\"fr_FR\" \/>\n<meta property=\"og:type\" content=\"article\" \/>\n<meta property=\"og:title\" content=\"VerruStop Solution - Traitement d&#039;appoint des verrues - 10ml - OrthoPara\" \/>\n<meta property=\"og:description\" content=\"Verrustop solution pour application locale \u00e0 base des actifs qui agissent en synergie pour assurer une triple action : immunostimulante, antivirale et antioxydante. Contenance : 10ml DLC : 11\/2026 (12 mois apr\u00e8s l&#039;utilisation)\" \/>\n<meta property=\"og:url\" content=\"https:\/\/orthopara.store\/index.php\/produit\/verrustop-solution-traitement-dappoint-des-verrues-10ml\/\" \/>\n<meta property=\"og:site_name\" content=\"OrthoPara\" \/>\n<meta property=\"article:publisher\" content=\"https:\/\/www.facebook.com\/profile.php?id=61561194315651\" \/>\n<meta property=\"article:modified_time\" content=\"2024-06-28T13:52:35+00:00\" \/>\n<meta property=\"og:image\" content=\"https:\/\/orthopara.store\/wp-content\/uploads\/2024\/06\/traitement-d-appoint-des-verrues-verrustop-solution-10ml.jpg\" \/>\n\t<meta property=\"og:image:width\" content=\"800\" \/>\n\t<meta property=\"og:image:height\" content=\"800\" \/>\n\t<meta property=\"og:image:type\" content=\"image\/jpeg\" \/>\n<meta name=\"twitter:card\" content=\"summary_large_image\" \/>\n<meta name=\"twitter:label1\" content=\"Dur\u00e9e de lecture estim\u00e9e\" \/>\n\t<meta name=\"twitter:data1\" content=\"1 minute\" \/>\n<script type=\"application\/ld+json\" class=\"yoast-schema-graph\">{\"@context\":\"https:\/\/schema.org\",\"@graph\":[{\"@type\":\"WebPage\",\"@id\":\"https:\/\/orthopara.store\/index.php\/produit\/verrustop-solution-traitement-dappoint-des-verrues-10ml\/\",\"url\":\"https:\/\/orthopara.store\/index.php\/produit\/verrustop-solution-traitement-dappoint-des-verrues-10ml\/\",\"name\":\"VerruStop Solution - Traitement d'appoint des verrues - 10ml - OrthoPara\",\"isPartOf\":{\"@id\":\"https:\/\/orthopara.store\/#website\"},\"primaryImageOfPage\":{\"@id\":\"https:\/\/orthopara.store\/index.php\/produit\/verrustop-solution-traitement-dappoint-des-verrues-10ml\/#primaryimage\"},\"image\":{\"@id\":\"https:\/\/orthopara.store\/index.php\/produit\/verrustop-solution-traitement-dappoint-des-verrues-10ml\/#primaryimage\"},\"thumbnailUrl\":\"https:\/\/orthopara.store\/wp-content\/uploads\/2024\/06\/traitement-d-appoint-des-verrues-verrustop-solution-10ml.jpg\",\"datePublished\":\"2024-06-28T13:52:25+00:00\",\"dateModified\":\"2024-06-28T13:52:35+00:00\",\"breadcrumb\":{\"@id\":\"https:\/\/orthopara.store\/index.php\/produit\/verrustop-solution-traitement-dappoint-des-verrues-10ml\/#breadcrumb\"},\"inLanguage\":\"fr-FR\",\"potentialAction\":[{\"@type\":\"ReadAction\",\"target\":[\"https:\/\/orthopara.store\/index.php\/produit\/verrustop-solution-traitement-dappoint-des-verrues-10ml\/\"]}]},{\"@type\":\"ImageObject\",\"inLanguage\":\"fr-FR\",\"@id\":\"https:\/\/orthopara.store\/index.php\/produit\/verrustop-solution-traitement-dappoint-des-verrues-10ml\/#primaryimage\",\"url\":\"https:\/\/orthopara.store\/wp-content\/uploads\/2024\/06\/traitement-d-appoint-des-verrues-verrustop-solution-10ml.jpg\",\"contentUrl\":\"https:\/\/orthopara.store\/wp-content\/uploads\/2024\/06\/traitement-d-appoint-des-verrues-verrustop-solution-10ml.jpg\",\"width\":800,\"height\":800},{\"@type\":\"BreadcrumbList\",\"@id\":\"https:\/\/orthopara.store\/index.php\/produit\/verrustop-solution-traitement-dappoint-des-verrues-10ml\/#breadcrumb\",\"itemListElement\":[{\"@type\":\"ListItem\",\"position\":1,\"name\":\"Accueil\",\"item\":\"https:\/\/orthopara.store\/\"},{\"@type\":\"ListItem\",\"position\":2,\"name\":\"Shop\",\"item\":\"https:\/\/orthopara.store\/?page_id=622\"},{\"@type\":\"ListItem\",\"position\":3,\"name\":\"VerruStop Solution &#8211; Traitement d&rsquo;appoint des verrues &#8211; 10ml\"}]},{\"@type\":\"WebSite\",\"@id\":\"https:\/\/orthopara.store\/#website\",\"url\":\"https:\/\/orthopara.store\/\",\"name\":\"OrthoPara\",\"description\":\"Parapharmacie\",\"publisher\":{\"@id\":\"https:\/\/orthopara.store\/#organization\"},\"potentialAction\":[{\"@type\":\"SearchAction\",\"target\":{\"@type\":\"EntryPoint\",\"urlTemplate\":\"https:\/\/orthopara.store\/?s={search_term_string}\"},\"query-input\":\"required name=search_term_string\"}],\"inLanguage\":\"fr-FR\"},{\"@type\":\"Organization\",\"@id\":\"https:\/\/orthopara.store\/#organization\",\"name\":\"OrthoPara\",\"url\":\"https:\/\/orthopara.store\/\",\"logo\":{\"@type\":\"ImageObject\",\"inLanguage\":\"fr-FR\",\"@id\":\"https:\/\/orthopara.store\/#\/schema\/logo\/image\/\",\"url\":\"https:\/\/orthopara.store\/wp-content\/uploads\/2024\/06\/cropped-9ABA8BAD-6256-4719-9315-15C66E64E882.png\",\"contentUrl\":\"https:\/\/orthopara.store\/wp-content\/uploads\/2024\/06\/cropped-9ABA8BAD-6256-4719-9315-15C66E64E882.png\",\"width\":240,\"height\":72,\"caption\":\"OrthoPara\"},\"image\":{\"@id\":\"https:\/\/orthopara.store\/#\/schema\/logo\/image\/\"},\"sameAs\":[\"https:\/\/www.facebook.com\/profile.php?id=61561194315651\",\"https:\/\/www.instagram.com\/orthopara_tunisie\/\"]}]}<\/script>\n<!-- \/ Yoast SEO plugin. -->","yoast_head_json":{"title":"VerruStop Solution - Traitement d'appoint des verrues - 10ml - OrthoPara","robots":{"index":"index","follow":"follow","max-snippet":"max-snippet:-1","max-image-preview":"max-image-preview:large","max-video-preview":"max-video-preview:-1"},"canonical":"https:\/\/orthopara.store\/index.php\/produit\/verrustop-solution-traitement-dappoint-des-verrues-10ml\/","og_locale":"fr_FR","og_type":"article","og_title":"VerruStop Solution - Traitement d'appoint des verrues - 10ml - OrthoPara","og_description":"Verrustop solution pour application locale \u00e0 base des actifs qui agissent en synergie pour assurer une triple action : immunostimulante, antivirale et antioxydante. Contenance : 10ml DLC : 11\/2026 (12 mois apr\u00e8s l'utilisation)","og_url":"https:\/\/orthopara.store\/index.php\/produit\/verrustop-solution-traitement-dappoint-des-verrues-10ml\/","og_site_name":"OrthoPara","article_publisher":"https:\/\/www.facebook.com\/profile.php?id=61561194315651","article_modified_time":"2024-06-28T13:52:35+00:00","og_image":[{"width":800,"height":800,"url":"https:\/\/orthopara.store\/wp-content\/uploads\/2024\/06\/traitement-d-appoint-des-verrues-verrustop-solution-10ml.jpg","type":"image\/jpeg"}],"twitter_card":"summary_large_image","twitter_misc":{"Dur\u00e9e de lecture estim\u00e9e":"1 minute"},"schema":{"@context":"https:\/\/schema.org","@graph":[{"@type":"WebPage","@id":"https:\/\/orthopara.store\/index.php\/produit\/verrustop-solution-traitement-dappoint-des-verrues-10ml\/","url":"https:\/\/orthopara.store\/index.php\/produit\/verrustop-solution-traitement-dappoint-des-verrues-10ml\/","name":"VerruStop Solution - Traitement d'appoint des verrues - 10ml - OrthoPara","isPartOf":{"@id":"https:\/\/orthopara.store\/#website"},"primaryImageOfPage":{"@id":"https:\/\/orthopara.store\/index.php\/produit\/verrustop-solution-traitement-dappoint-des-verrues-10ml\/#primaryimage"},"image":{"@id":"https:\/\/orthopara.store\/index.php\/produit\/verrustop-solution-traitement-dappoint-des-verrues-10ml\/#primaryimage"},"thumbnailUrl":"https:\/\/orthopara.store\/wp-content\/uploads\/2024\/06\/traitement-d-appoint-des-verrues-verrustop-solution-10ml.jpg","datePublished":"2024-06-28T13:52:25+00:00","dateModified":"2024-06-28T13:52:35+00:00","breadcrumb":{"@id":"https:\/\/orthopara.store\/index.php\/produit\/verrustop-solution-traitement-dappoint-des-verrues-10ml\/#breadcrumb"},"inLanguage":"fr-FR","potentialAction":[{"@type":"ReadAction","target":["https:\/\/orthopara.store\/index.php\/produit\/verrustop-solution-traitement-dappoint-des-verrues-10ml\/"]}]},{"@type":"ImageObject","inLanguage":"fr-FR","@id":"https:\/\/orthopara.store\/index.php\/produit\/verrustop-solution-traitement-dappoint-des-verrues-10ml\/#primaryimage","url":"https:\/\/orthopara.store\/wp-content\/uploads\/2024\/06\/traitement-d-appoint-des-verrues-verrustop-solution-10ml.jpg","contentUrl":"https:\/\/orthopara.store\/wp-content\/uploads\/2024\/06\/traitement-d-appoint-des-verrues-verrustop-solution-10ml.jpg","width":800,"height":800},{"@type":"BreadcrumbList","@id":"https:\/\/orthopara.store\/index.php\/produit\/verrustop-solution-traitement-dappoint-des-verrues-10ml\/#breadcrumb","itemListElement":[{"@type":"ListItem","position":1,"name":"Accueil","item":"https:\/\/orthopara.store\/"},{"@type":"ListItem","position":2,"name":"Shop","item":"https:\/\/orthopara.store\/?page_id=622"},{"@type":"ListItem","position":3,"name":"VerruStop Solution &#8211; Traitement d&rsquo;appoint des verrues &#8211; 10ml"}]},{"@type":"WebSite","@id":"https:\/\/orthopara.store\/#website","url":"https:\/\/orthopara.store\/","name":"OrthoPara","description":"Parapharmacie","publisher":{"@id":"https:\/\/orthopara.store\/#organization"},"potentialAction":[{"@type":"SearchAction","target":{"@type":"EntryPoint","urlTemplate":"https:\/\/orthopara.store\/?s={search_term_string}"},"query-input":"required name=search_term_string"}],"inLanguage":"fr-FR"},{"@type":"Organization","@id":"https:\/\/orthopara.store\/#organization","name":"OrthoPara","url":"https:\/\/orthopara.store\/","logo":{"@type":"ImageObject","inLanguage":"fr-FR","@id":"https:\/\/orthopara.store\/#\/schema\/logo\/image\/","url":"https:\/\/orthopara.store\/wp-content\/uploads\/2024\/06\/cropped-9ABA8BAD-6256-4719-9315-15C66E64E882.png","contentUrl":"https:\/\/orthopara.store\/wp-content\/uploads\/2024\/06\/cropped-9ABA8BAD-6256-4719-9315-15C66E64E882.png","width":240,"height":72,"caption":"OrthoPara"},"image":{"@id":"https:\/\/orthopara.store\/#\/schema\/logo\/image\/"},"sameAs":["https:\/\/www.facebook.com\/profile.php?id=61561194315651","https:\/\/www.instagram.com\/orthopara_tunisie\/"]}]}},"jetpack_sharing_enabled":true,"brands":[{"id":151,"name":"DS Pharma","slug":"ds-pharma"}],"_links":{"self":[{"href":"https:\/\/orthopara.store\/index.php?rest_route=\/wp\/v2\/product\/1260","targetHints":{"allow":["GET"]}}],"collection":[{"href":"https:\/\/orthopara.store\/index.php?rest_route=\/wp\/v2\/product"}],"about":[{"href":"https:\/\/orthopara.store\/index.php?rest_route=\/wp\/v2\/types\/product"}],"replies":[{"embeddable":true,"href":"https:\/\/orthopara.store\/index.php?rest_route=%2Fwp%2Fv2%2Fcomments&post=1260"}],"wp:featuredmedia":[{"embeddable":true,"href":"https:\/\/orthopara.store\/index.php?rest_route=\/wp\/v2\/media\/1286"}],"wp:attachment":[{"href":"https:\/\/orthopara.store\/index.php?rest_route=%2Fwp%2Fv2%2Fmedia&parent=1260"}],"wp:term":[{"taxonomy":"pwb-brand","embeddable":true,"href":"https:\/\/orthopara.store\/index.php?rest_route=%2Fwp%2Fv2%2Fpwb-brand&post=1260"},{"taxonomy":"product_cat","embeddable":true,"href":"https:\/\/orthopara.store\/index.php?rest_route=%2Fwp%2Fv2%2Fproduct_cat&post=1260"},{"taxonomy":"product_tag","embeddable":true,"href":"https:\/\/orthopara.store\/index.php?rest_route=%2Fwp%2Fv2%2Fproduct_tag&post=1260"}],"curies":[{"name":"wp","href":"https:\/\/api.w.org\/{rel}","templated":true}]}}