{"id":1261,"date":"2024-06-28T15:52:26","date_gmt":"2024-06-28T13:52:26","guid":{"rendered":"https:\/\/orthopara.store\/?post_type=product&#038;p=1261"},"modified":"2024-11-07T09:26:27","modified_gmt":"2024-11-07T08:26:27","slug":"beurre-pour-les-pieds-titania-foot-care-250ml","status":"publish","type":"product","link":"https:\/\/orthopara.store\/?product=beurre-pour-les-pieds-titania-foot-care-250ml","title":{"rendered":"Beurre pour les pieds &#8211; Titania Foot Care &#8211; 250ml"},"content":{"rendered":"<p>Beurre pour les pieds &#8211; Titania Foot Care &#8211; 250ml<br \/>\nTitania Foot Care Beurre Pour Pieds a \u00e9t\u00e9 sp\u00e9cialement formul\u00e9 pour prendre soin des pieds et les aider \u00e0 se d\u00e9tendre. Ce beurre pour les pieds titania contient de l&rsquo;huile d&rsquo;amande, du jojoba et de la cire d&rsquo;abeille pour lisser et d\u00e9tendre les pieds fatigu\u00e9s.<br \/>\nConseils d&rsquo;utilisation :<br \/>\nAppliquer g\u00e9n\u00e9reusement sur les pieds lav\u00e9s et s\u00e9ch\u00e9s puis compl\u00e9ter le traitement en appliquant le baume pour les pieds titania pour laisser les pieds doux et souples<\/p>\n","protected":false},"excerpt":{"rendered":"<p>Titania Foot Care<br \/>\nProfitez des vertus nourrissante du beurre de karit\u00e9 avec ce soin pour les pieds de Titania. Le beurre laisse un d\u00e9licat toucher velout\u00e9 sur vos pieds.<br \/>\nVous b\u00e9n\u00e9ficierez d&rsquo;une hydratation longue dur\u00e9e gr\u00e2ce \u00e0 l&rsquo;huile d&rsquo;avocat. Titania Beurre pour les Pieds Bien-\u00catre<br \/>\nContenance : 250ml<\/p>\n","protected":false},"featured_media":1287,"comment_status":"open","ping_status":"closed","template":"","meta":[],"pwb-brand":[158],"product_cat":[156],"product_tag":[],"class_list":{"0":"post-1261","1":"product","2":"type-product","3":"status-publish","4":"has-post-thumbnail","6":"pwb-brand-titania","7":"product_cat-soins-des-pieds","8":"post","9":"ws-product--style-1","11":"first","12":"instock","13":"shipping-taxable","14":"purchasable","15":"product-type-simple"},"yoast_head":"<!-- This site is optimized with the Yoast SEO plugin v23.0 - https:\/\/yoast.com\/wordpress\/plugins\/seo\/ -->\n<title>Beurre pour les pieds - Titania Foot Care - 250ml - OrthoPara<\/title>\n<meta name=\"robots\" content=\"index, follow, max-snippet:-1, max-image-preview:large, max-video-preview:-1\" \/>\n<link rel=\"canonical\" href=\"https:\/\/orthopara.store\/index.php\/produit\/beurre-pour-les-pieds-titania-foot-care-250ml\/\" \/>\n<meta property=\"og:locale\" content=\"fr_FR\" \/>\n<meta property=\"og:type\" content=\"article\" \/>\n<meta property=\"og:title\" content=\"Beurre pour les pieds - Titania Foot Care - 250ml - OrthoPara\" \/>\n<meta property=\"og:description\" content=\"Titania Foot Care Profitez des vertus nourrissante du beurre de karit\u00e9 avec ce soin pour les pieds de Titania. Le beurre laisse un d\u00e9licat toucher velout\u00e9 sur vos pieds. Vous b\u00e9n\u00e9ficierez d&#039;une hydratation longue dur\u00e9e gr\u00e2ce \u00e0 l&#039;huile d&#039;avocat. Titania Beurre pour les Pieds Bien-\u00catre Contenance : 250ml\" \/>\n<meta property=\"og:url\" content=\"https:\/\/orthopara.store\/index.php\/produit\/beurre-pour-les-pieds-titania-foot-care-250ml\/\" \/>\n<meta property=\"og:site_name\" content=\"OrthoPara\" \/>\n<meta property=\"article:publisher\" content=\"https:\/\/www.facebook.com\/profile.php?id=61561194315651\" \/>\n<meta property=\"article:modified_time\" content=\"2024-11-07T08:26:27+00:00\" \/>\n<meta property=\"og:image\" content=\"https:\/\/orthopara.store\/wp-content\/uploads\/2024\/06\/beurre-pour-les-pieds-titania-foot-care-250ml.jpg\" \/>\n\t<meta property=\"og:image:width\" content=\"800\" \/>\n\t<meta property=\"og:image:height\" content=\"800\" \/>\n\t<meta property=\"og:image:type\" content=\"image\/jpeg\" \/>\n<meta name=\"twitter:card\" content=\"summary_large_image\" \/>\n<script type=\"application\/ld+json\" class=\"yoast-schema-graph\">{\"@context\":\"https:\/\/schema.org\",\"@graph\":[{\"@type\":\"WebPage\",\"@id\":\"https:\/\/orthopara.store\/index.php\/produit\/beurre-pour-les-pieds-titania-foot-care-250ml\/\",\"url\":\"https:\/\/orthopara.store\/index.php\/produit\/beurre-pour-les-pieds-titania-foot-care-250ml\/\",\"name\":\"Beurre pour les pieds - Titania Foot Care - 250ml - OrthoPara\",\"isPartOf\":{\"@id\":\"https:\/\/orthopara.store\/#website\"},\"primaryImageOfPage\":{\"@id\":\"https:\/\/orthopara.store\/index.php\/produit\/beurre-pour-les-pieds-titania-foot-care-250ml\/#primaryimage\"},\"image\":{\"@id\":\"https:\/\/orthopara.store\/index.php\/produit\/beurre-pour-les-pieds-titania-foot-care-250ml\/#primaryimage\"},\"thumbnailUrl\":\"https:\/\/orthopara.store\/wp-content\/uploads\/2024\/06\/beurre-pour-les-pieds-titania-foot-care-250ml.jpg\",\"datePublished\":\"2024-06-28T13:52:26+00:00\",\"dateModified\":\"2024-11-07T08:26:27+00:00\",\"breadcrumb\":{\"@id\":\"https:\/\/orthopara.store\/index.php\/produit\/beurre-pour-les-pieds-titania-foot-care-250ml\/#breadcrumb\"},\"inLanguage\":\"fr-FR\",\"potentialAction\":[{\"@type\":\"ReadAction\",\"target\":[\"https:\/\/orthopara.store\/index.php\/produit\/beurre-pour-les-pieds-titania-foot-care-250ml\/\"]}]},{\"@type\":\"ImageObject\",\"inLanguage\":\"fr-FR\",\"@id\":\"https:\/\/orthopara.store\/index.php\/produit\/beurre-pour-les-pieds-titania-foot-care-250ml\/#primaryimage\",\"url\":\"https:\/\/orthopara.store\/wp-content\/uploads\/2024\/06\/beurre-pour-les-pieds-titania-foot-care-250ml.jpg\",\"contentUrl\":\"https:\/\/orthopara.store\/wp-content\/uploads\/2024\/06\/beurre-pour-les-pieds-titania-foot-care-250ml.jpg\",\"width\":800,\"height\":800},{\"@type\":\"BreadcrumbList\",\"@id\":\"https:\/\/orthopara.store\/index.php\/produit\/beurre-pour-les-pieds-titania-foot-care-250ml\/#breadcrumb\",\"itemListElement\":[{\"@type\":\"ListItem\",\"position\":1,\"name\":\"Accueil\",\"item\":\"https:\/\/orthopara.store\/\"},{\"@type\":\"ListItem\",\"position\":2,\"name\":\"Shop\",\"item\":\"https:\/\/orthopara.store\/?page_id=622\"},{\"@type\":\"ListItem\",\"position\":3,\"name\":\"Beurre pour les pieds &#8211; Titania Foot Care &#8211; 250ml\"}]},{\"@type\":\"WebSite\",\"@id\":\"https:\/\/orthopara.store\/#website\",\"url\":\"https:\/\/orthopara.store\/\",\"name\":\"OrthoPara\",\"description\":\"Parapharmacie\",\"publisher\":{\"@id\":\"https:\/\/orthopara.store\/#organization\"},\"potentialAction\":[{\"@type\":\"SearchAction\",\"target\":{\"@type\":\"EntryPoint\",\"urlTemplate\":\"https:\/\/orthopara.store\/?s={search_term_string}\"},\"query-input\":\"required name=search_term_string\"}],\"inLanguage\":\"fr-FR\"},{\"@type\":\"Organization\",\"@id\":\"https:\/\/orthopara.store\/#organization\",\"name\":\"OrthoPara\",\"url\":\"https:\/\/orthopara.store\/\",\"logo\":{\"@type\":\"ImageObject\",\"inLanguage\":\"fr-FR\",\"@id\":\"https:\/\/orthopara.store\/#\/schema\/logo\/image\/\",\"url\":\"https:\/\/orthopara.store\/wp-content\/uploads\/2024\/06\/cropped-9ABA8BAD-6256-4719-9315-15C66E64E882.png\",\"contentUrl\":\"https:\/\/orthopara.store\/wp-content\/uploads\/2024\/06\/cropped-9ABA8BAD-6256-4719-9315-15C66E64E882.png\",\"width\":240,\"height\":72,\"caption\":\"OrthoPara\"},\"image\":{\"@id\":\"https:\/\/orthopara.store\/#\/schema\/logo\/image\/\"},\"sameAs\":[\"https:\/\/www.facebook.com\/profile.php?id=61561194315651\",\"https:\/\/www.instagram.com\/orthopara_tunisie\/\"]}]}<\/script>\n<!-- \/ Yoast SEO plugin. -->","yoast_head_json":{"title":"Beurre pour les pieds - Titania Foot Care - 250ml - OrthoPara","robots":{"index":"index","follow":"follow","max-snippet":"max-snippet:-1","max-image-preview":"max-image-preview:large","max-video-preview":"max-video-preview:-1"},"canonical":"https:\/\/orthopara.store\/index.php\/produit\/beurre-pour-les-pieds-titania-foot-care-250ml\/","og_locale":"fr_FR","og_type":"article","og_title":"Beurre pour les pieds - Titania Foot Care - 250ml - OrthoPara","og_description":"Titania Foot Care Profitez des vertus nourrissante du beurre de karit\u00e9 avec ce soin pour les pieds de Titania. Le beurre laisse un d\u00e9licat toucher velout\u00e9 sur vos pieds. Vous b\u00e9n\u00e9ficierez d'une hydratation longue dur\u00e9e gr\u00e2ce \u00e0 l'huile d'avocat. Titania Beurre pour les Pieds Bien-\u00catre Contenance : 250ml","og_url":"https:\/\/orthopara.store\/index.php\/produit\/beurre-pour-les-pieds-titania-foot-care-250ml\/","og_site_name":"OrthoPara","article_publisher":"https:\/\/www.facebook.com\/profile.php?id=61561194315651","article_modified_time":"2024-11-07T08:26:27+00:00","og_image":[{"width":800,"height":800,"url":"https:\/\/orthopara.store\/wp-content\/uploads\/2024\/06\/beurre-pour-les-pieds-titania-foot-care-250ml.jpg","type":"image\/jpeg"}],"twitter_card":"summary_large_image","schema":{"@context":"https:\/\/schema.org","@graph":[{"@type":"WebPage","@id":"https:\/\/orthopara.store\/index.php\/produit\/beurre-pour-les-pieds-titania-foot-care-250ml\/","url":"https:\/\/orthopara.store\/index.php\/produit\/beurre-pour-les-pieds-titania-foot-care-250ml\/","name":"Beurre pour les pieds - Titania Foot Care - 250ml - OrthoPara","isPartOf":{"@id":"https:\/\/orthopara.store\/#website"},"primaryImageOfPage":{"@id":"https:\/\/orthopara.store\/index.php\/produit\/beurre-pour-les-pieds-titania-foot-care-250ml\/#primaryimage"},"image":{"@id":"https:\/\/orthopara.store\/index.php\/produit\/beurre-pour-les-pieds-titania-foot-care-250ml\/#primaryimage"},"thumbnailUrl":"https:\/\/orthopara.store\/wp-content\/uploads\/2024\/06\/beurre-pour-les-pieds-titania-foot-care-250ml.jpg","datePublished":"2024-06-28T13:52:26+00:00","dateModified":"2024-11-07T08:26:27+00:00","breadcrumb":{"@id":"https:\/\/orthopara.store\/index.php\/produit\/beurre-pour-les-pieds-titania-foot-care-250ml\/#breadcrumb"},"inLanguage":"fr-FR","potentialAction":[{"@type":"ReadAction","target":["https:\/\/orthopara.store\/index.php\/produit\/beurre-pour-les-pieds-titania-foot-care-250ml\/"]}]},{"@type":"ImageObject","inLanguage":"fr-FR","@id":"https:\/\/orthopara.store\/index.php\/produit\/beurre-pour-les-pieds-titania-foot-care-250ml\/#primaryimage","url":"https:\/\/orthopara.store\/wp-content\/uploads\/2024\/06\/beurre-pour-les-pieds-titania-foot-care-250ml.jpg","contentUrl":"https:\/\/orthopara.store\/wp-content\/uploads\/2024\/06\/beurre-pour-les-pieds-titania-foot-care-250ml.jpg","width":800,"height":800},{"@type":"BreadcrumbList","@id":"https:\/\/orthopara.store\/index.php\/produit\/beurre-pour-les-pieds-titania-foot-care-250ml\/#breadcrumb","itemListElement":[{"@type":"ListItem","position":1,"name":"Accueil","item":"https:\/\/orthopara.store\/"},{"@type":"ListItem","position":2,"name":"Shop","item":"https:\/\/orthopara.store\/?page_id=622"},{"@type":"ListItem","position":3,"name":"Beurre pour les pieds &#8211; Titania Foot Care &#8211; 250ml"}]},{"@type":"WebSite","@id":"https:\/\/orthopara.store\/#website","url":"https:\/\/orthopara.store\/","name":"OrthoPara","description":"Parapharmacie","publisher":{"@id":"https:\/\/orthopara.store\/#organization"},"potentialAction":[{"@type":"SearchAction","target":{"@type":"EntryPoint","urlTemplate":"https:\/\/orthopara.store\/?s={search_term_string}"},"query-input":"required name=search_term_string"}],"inLanguage":"fr-FR"},{"@type":"Organization","@id":"https:\/\/orthopara.store\/#organization","name":"OrthoPara","url":"https:\/\/orthopara.store\/","logo":{"@type":"ImageObject","inLanguage":"fr-FR","@id":"https:\/\/orthopara.store\/#\/schema\/logo\/image\/","url":"https:\/\/orthopara.store\/wp-content\/uploads\/2024\/06\/cropped-9ABA8BAD-6256-4719-9315-15C66E64E882.png","contentUrl":"https:\/\/orthopara.store\/wp-content\/uploads\/2024\/06\/cropped-9ABA8BAD-6256-4719-9315-15C66E64E882.png","width":240,"height":72,"caption":"OrthoPara"},"image":{"@id":"https:\/\/orthopara.store\/#\/schema\/logo\/image\/"},"sameAs":["https:\/\/www.facebook.com\/profile.php?id=61561194315651","https:\/\/www.instagram.com\/orthopara_tunisie\/"]}]}},"jetpack_sharing_enabled":true,"brands":[{"id":158,"name":"Titania","slug":"titania"}],"_links":{"self":[{"href":"https:\/\/orthopara.store\/index.php?rest_route=\/wp\/v2\/product\/1261","targetHints":{"allow":["GET"]}}],"collection":[{"href":"https:\/\/orthopara.store\/index.php?rest_route=\/wp\/v2\/product"}],"about":[{"href":"https:\/\/orthopara.store\/index.php?rest_route=\/wp\/v2\/types\/product"}],"replies":[{"embeddable":true,"href":"https:\/\/orthopara.store\/index.php?rest_route=%2Fwp%2Fv2%2Fcomments&post=1261"}],"wp:featuredmedia":[{"embeddable":true,"href":"https:\/\/orthopara.store\/index.php?rest_route=\/wp\/v2\/media\/1287"}],"wp:attachment":[{"href":"https:\/\/orthopara.store\/index.php?rest_route=%2Fwp%2Fv2%2Fmedia&parent=1261"}],"wp:term":[{"taxonomy":"pwb-brand","embeddable":true,"href":"https:\/\/orthopara.store\/index.php?rest_route=%2Fwp%2Fv2%2Fpwb-brand&post=1261"},{"taxonomy":"product_cat","embeddable":true,"href":"https:\/\/orthopara.store\/index.php?rest_route=%2Fwp%2Fv2%2Fproduct_cat&post=1261"},{"taxonomy":"product_tag","embeddable":true,"href":"https:\/\/orthopara.store\/index.php?rest_route=%2Fwp%2Fv2%2Fproduct_tag&post=1261"}],"curies":[{"name":"wp","href":"https:\/\/api.w.org\/{rel}","templated":true}]}}