{"id":1264,"date":"2024-06-28T15:52:26","date_gmt":"2024-06-28T13:52:26","guid":{"rendered":"https:\/\/orthopara.store\/?post_type=product&#038;p=1264"},"modified":"2024-11-04T17:24:17","modified_gmt":"2024-11-04T16:24:17","slug":"bain-bouillonnant-pour-les-pieds-pliable-beurer-wellbeing-violet-blanc","status":"publish","type":"product","link":"https:\/\/orthopara.store\/?product=bain-bouillonnant-pour-les-pieds-pliable-beurer-wellbeing-violet-blanc","title":{"rendered":"Bain bouillonnant pour les pieds pliable &#8211; beurer Wellbeing &#8211; Violet &#038; blanc"},"content":{"rendered":"<p>Bain bouillonnant pour les pieds &#8211; beurer Wellbeing &#8211; Violet &#038; blanc<br \/>\nLe bain de pieds relaxant peut facilement \u00eatre pli\u00e9 et rang\u00e9 apr\u00e8s utilisation. Profitez d&rsquo;une s\u00e9ance de bien-\u00eatre pour les pieds, m\u00eame dans les petits appartements.<br \/>\nAvec fonction pliable pour un rangement pratique<br \/>\n3 fonctions : massage par vibrations, massage bouillonnant, maintient l&rsquo;eau \u00e0 temp\u00e9rature<br \/>\nPoints de lumi\u00e8re infrarouge bien-\u00eatre<br \/>\nAvec embout p\u00e9dicure (pierre ponce)<br \/>\nSupport de pieds massant<br \/>\nProtection anti-\u00e9claboussures amovible<br \/>\nPieds en caoutchouc antid\u00e9rapants<br \/>\nEnrouleur de c\u00e2ble<br \/>\nConvient jusqu\u2019\u00e0 la pointure 45<br \/>\nCaract\u00e9ristiques techniques :<\/p>\n<p>Description du produit<br \/>\nBain bouillonnant pour les pieds<br \/>\nDimensions du produit<br \/>\n152 x 72 cm<br \/>\nDimensions du produit (L x l x H)<br \/>\n42 x 40 x 19,5 cm<br \/>\nFonction de chaleur<br \/>\noui<br \/>\nFonction<br \/>\n3<br \/>\nMassage des zones r\u00e9flexes des pieds<br \/>\nnon<br \/>\nPuissance en watts<br \/>\n60<br \/>\nType de massage<br \/>\nMassage par vibrations, massage bouillonnant<br \/>\nEAN<br \/>\n4211125638504<\/p>\n<p>Instructions d&rsquo;utilisation en pdf (\u00e0 t\u00e9l\u00e9charger) :<br \/>\nBainpieds_BeurerFB30_pdf (t\u00e9lecharger_ici)<\/p>\n","protected":false},"excerpt":{"rendered":"<p>Beurer Wellbeing<br \/>\nBain bouillonnant pour les pieds pliable avec p\u00e9dicure, mise \u00e0 la temp\u00e9rature et massage par vibrations<\/p>\n<p>Avec fonction pliable pour un rangement pratique<\/p>\n<p>3 fonctions : massage par vibrations, massage bouillonnant, maintient l&rsquo;eau \u00e0 temp\u00e9rature<\/p>\n<p>Points de lumi\u00e8re infrarouge bien-\u00eatre<\/p>\n","protected":false},"featured_media":1290,"comment_status":"open","ping_status":"closed","template":"","meta":[],"pwb-brand":[93],"product_cat":[156],"product_tag":[],"class_list":{"0":"post-1264","1":"product","2":"type-product","3":"status-publish","4":"has-post-thumbnail","6":"pwb-brand-beurer","7":"product_cat-soins-des-pieds","8":"post","9":"ws-product--style-1","11":"first","12":"instock","13":"shipping-taxable","14":"purchasable","15":"product-type-simple"},"yoast_head":"<!-- This site is optimized with the Yoast SEO plugin v23.0 - https:\/\/yoast.com\/wordpress\/plugins\/seo\/ -->\n<title>Bain bouillonnant pour les pieds pliable - beurer Wellbeing - Violet &amp; blanc - OrthoPara<\/title>\n<meta name=\"robots\" content=\"index, follow, max-snippet:-1, max-image-preview:large, max-video-preview:-1\" \/>\n<link rel=\"canonical\" href=\"https:\/\/orthopara.store\/index.php\/produit\/bain-bouillonnant-pour-les-pieds-pliable-beurer-wellbeing-violet-blanc\/\" \/>\n<meta property=\"og:locale\" content=\"fr_FR\" \/>\n<meta property=\"og:type\" content=\"article\" \/>\n<meta property=\"og:title\" content=\"Bain bouillonnant pour les pieds pliable - beurer Wellbeing - Violet &amp; blanc - OrthoPara\" \/>\n<meta property=\"og:description\" content=\"Beurer Wellbeing Bain bouillonnant pour les pieds pliable avec p\u00e9dicure, mise \u00e0 la temp\u00e9rature et massage par vibrations Avec fonction pliable pour un rangement pratique 3 fonctions : massage par vibrations, massage bouillonnant, maintient l&#039;eau \u00e0 temp\u00e9rature Points de lumi\u00e8re infrarouge bien-\u00eatre\" \/>\n<meta property=\"og:url\" content=\"https:\/\/orthopara.store\/index.php\/produit\/bain-bouillonnant-pour-les-pieds-pliable-beurer-wellbeing-violet-blanc\/\" \/>\n<meta property=\"og:site_name\" content=\"OrthoPara\" \/>\n<meta property=\"article:publisher\" content=\"https:\/\/www.facebook.com\/profile.php?id=61561194315651\" \/>\n<meta property=\"article:modified_time\" content=\"2024-11-04T16:24:17+00:00\" \/>\n<meta property=\"og:image\" content=\"https:\/\/orthopara.store\/wp-content\/uploads\/2024\/06\/bain-bouillonnant-pour-les-pieds-pliable-beurer-wellbeing-violet-blanc.jpg\" \/>\n\t<meta property=\"og:image:width\" content=\"800\" \/>\n\t<meta property=\"og:image:height\" content=\"800\" \/>\n\t<meta property=\"og:image:type\" content=\"image\/jpeg\" \/>\n<meta name=\"twitter:card\" content=\"summary_large_image\" \/>\n<meta name=\"twitter:label1\" content=\"Dur\u00e9e de lecture estim\u00e9e\" \/>\n\t<meta name=\"twitter:data1\" content=\"1 minute\" \/>\n<script type=\"application\/ld+json\" class=\"yoast-schema-graph\">{\"@context\":\"https:\/\/schema.org\",\"@graph\":[{\"@type\":\"WebPage\",\"@id\":\"https:\/\/orthopara.store\/index.php\/produit\/bain-bouillonnant-pour-les-pieds-pliable-beurer-wellbeing-violet-blanc\/\",\"url\":\"https:\/\/orthopara.store\/index.php\/produit\/bain-bouillonnant-pour-les-pieds-pliable-beurer-wellbeing-violet-blanc\/\",\"name\":\"Bain bouillonnant pour les pieds pliable - beurer Wellbeing - Violet & blanc - OrthoPara\",\"isPartOf\":{\"@id\":\"https:\/\/orthopara.store\/#website\"},\"primaryImageOfPage\":{\"@id\":\"https:\/\/orthopara.store\/index.php\/produit\/bain-bouillonnant-pour-les-pieds-pliable-beurer-wellbeing-violet-blanc\/#primaryimage\"},\"image\":{\"@id\":\"https:\/\/orthopara.store\/index.php\/produit\/bain-bouillonnant-pour-les-pieds-pliable-beurer-wellbeing-violet-blanc\/#primaryimage\"},\"thumbnailUrl\":\"https:\/\/orthopara.store\/wp-content\/uploads\/2024\/06\/bain-bouillonnant-pour-les-pieds-pliable-beurer-wellbeing-violet-blanc.jpg\",\"datePublished\":\"2024-06-28T13:52:26+00:00\",\"dateModified\":\"2024-11-04T16:24:17+00:00\",\"breadcrumb\":{\"@id\":\"https:\/\/orthopara.store\/index.php\/produit\/bain-bouillonnant-pour-les-pieds-pliable-beurer-wellbeing-violet-blanc\/#breadcrumb\"},\"inLanguage\":\"fr-FR\",\"potentialAction\":[{\"@type\":\"ReadAction\",\"target\":[\"https:\/\/orthopara.store\/index.php\/produit\/bain-bouillonnant-pour-les-pieds-pliable-beurer-wellbeing-violet-blanc\/\"]}]},{\"@type\":\"ImageObject\",\"inLanguage\":\"fr-FR\",\"@id\":\"https:\/\/orthopara.store\/index.php\/produit\/bain-bouillonnant-pour-les-pieds-pliable-beurer-wellbeing-violet-blanc\/#primaryimage\",\"url\":\"https:\/\/orthopara.store\/wp-content\/uploads\/2024\/06\/bain-bouillonnant-pour-les-pieds-pliable-beurer-wellbeing-violet-blanc.jpg\",\"contentUrl\":\"https:\/\/orthopara.store\/wp-content\/uploads\/2024\/06\/bain-bouillonnant-pour-les-pieds-pliable-beurer-wellbeing-violet-blanc.jpg\",\"width\":800,\"height\":800},{\"@type\":\"BreadcrumbList\",\"@id\":\"https:\/\/orthopara.store\/index.php\/produit\/bain-bouillonnant-pour-les-pieds-pliable-beurer-wellbeing-violet-blanc\/#breadcrumb\",\"itemListElement\":[{\"@type\":\"ListItem\",\"position\":1,\"name\":\"Accueil\",\"item\":\"https:\/\/orthopara.store\/\"},{\"@type\":\"ListItem\",\"position\":2,\"name\":\"Shop\",\"item\":\"https:\/\/orthopara.store\/?page_id=622\"},{\"@type\":\"ListItem\",\"position\":3,\"name\":\"Bain bouillonnant pour les pieds pliable &#8211; beurer Wellbeing &#8211; Violet &#038; blanc\"}]},{\"@type\":\"WebSite\",\"@id\":\"https:\/\/orthopara.store\/#website\",\"url\":\"https:\/\/orthopara.store\/\",\"name\":\"OrthoPara\",\"description\":\"Parapharmacie\",\"publisher\":{\"@id\":\"https:\/\/orthopara.store\/#organization\"},\"potentialAction\":[{\"@type\":\"SearchAction\",\"target\":{\"@type\":\"EntryPoint\",\"urlTemplate\":\"https:\/\/orthopara.store\/?s={search_term_string}\"},\"query-input\":\"required name=search_term_string\"}],\"inLanguage\":\"fr-FR\"},{\"@type\":\"Organization\",\"@id\":\"https:\/\/orthopara.store\/#organization\",\"name\":\"OrthoPara\",\"url\":\"https:\/\/orthopara.store\/\",\"logo\":{\"@type\":\"ImageObject\",\"inLanguage\":\"fr-FR\",\"@id\":\"https:\/\/orthopara.store\/#\/schema\/logo\/image\/\",\"url\":\"https:\/\/orthopara.store\/wp-content\/uploads\/2024\/06\/cropped-9ABA8BAD-6256-4719-9315-15C66E64E882.png\",\"contentUrl\":\"https:\/\/orthopara.store\/wp-content\/uploads\/2024\/06\/cropped-9ABA8BAD-6256-4719-9315-15C66E64E882.png\",\"width\":240,\"height\":72,\"caption\":\"OrthoPara\"},\"image\":{\"@id\":\"https:\/\/orthopara.store\/#\/schema\/logo\/image\/\"},\"sameAs\":[\"https:\/\/www.facebook.com\/profile.php?id=61561194315651\",\"https:\/\/www.instagram.com\/orthopara_tunisie\/\"]}]}<\/script>\n<!-- \/ Yoast SEO plugin. -->","yoast_head_json":{"title":"Bain bouillonnant pour les pieds pliable - beurer Wellbeing - Violet & blanc - OrthoPara","robots":{"index":"index","follow":"follow","max-snippet":"max-snippet:-1","max-image-preview":"max-image-preview:large","max-video-preview":"max-video-preview:-1"},"canonical":"https:\/\/orthopara.store\/index.php\/produit\/bain-bouillonnant-pour-les-pieds-pliable-beurer-wellbeing-violet-blanc\/","og_locale":"fr_FR","og_type":"article","og_title":"Bain bouillonnant pour les pieds pliable - beurer Wellbeing - Violet & blanc - OrthoPara","og_description":"Beurer Wellbeing Bain bouillonnant pour les pieds pliable avec p\u00e9dicure, mise \u00e0 la temp\u00e9rature et massage par vibrations Avec fonction pliable pour un rangement pratique 3 fonctions : massage par vibrations, massage bouillonnant, maintient l'eau \u00e0 temp\u00e9rature Points de lumi\u00e8re infrarouge bien-\u00eatre","og_url":"https:\/\/orthopara.store\/index.php\/produit\/bain-bouillonnant-pour-les-pieds-pliable-beurer-wellbeing-violet-blanc\/","og_site_name":"OrthoPara","article_publisher":"https:\/\/www.facebook.com\/profile.php?id=61561194315651","article_modified_time":"2024-11-04T16:24:17+00:00","og_image":[{"width":800,"height":800,"url":"https:\/\/orthopara.store\/wp-content\/uploads\/2024\/06\/bain-bouillonnant-pour-les-pieds-pliable-beurer-wellbeing-violet-blanc.jpg","type":"image\/jpeg"}],"twitter_card":"summary_large_image","twitter_misc":{"Dur\u00e9e de lecture estim\u00e9e":"1 minute"},"schema":{"@context":"https:\/\/schema.org","@graph":[{"@type":"WebPage","@id":"https:\/\/orthopara.store\/index.php\/produit\/bain-bouillonnant-pour-les-pieds-pliable-beurer-wellbeing-violet-blanc\/","url":"https:\/\/orthopara.store\/index.php\/produit\/bain-bouillonnant-pour-les-pieds-pliable-beurer-wellbeing-violet-blanc\/","name":"Bain bouillonnant pour les pieds pliable - beurer Wellbeing - Violet & blanc - OrthoPara","isPartOf":{"@id":"https:\/\/orthopara.store\/#website"},"primaryImageOfPage":{"@id":"https:\/\/orthopara.store\/index.php\/produit\/bain-bouillonnant-pour-les-pieds-pliable-beurer-wellbeing-violet-blanc\/#primaryimage"},"image":{"@id":"https:\/\/orthopara.store\/index.php\/produit\/bain-bouillonnant-pour-les-pieds-pliable-beurer-wellbeing-violet-blanc\/#primaryimage"},"thumbnailUrl":"https:\/\/orthopara.store\/wp-content\/uploads\/2024\/06\/bain-bouillonnant-pour-les-pieds-pliable-beurer-wellbeing-violet-blanc.jpg","datePublished":"2024-06-28T13:52:26+00:00","dateModified":"2024-11-04T16:24:17+00:00","breadcrumb":{"@id":"https:\/\/orthopara.store\/index.php\/produit\/bain-bouillonnant-pour-les-pieds-pliable-beurer-wellbeing-violet-blanc\/#breadcrumb"},"inLanguage":"fr-FR","potentialAction":[{"@type":"ReadAction","target":["https:\/\/orthopara.store\/index.php\/produit\/bain-bouillonnant-pour-les-pieds-pliable-beurer-wellbeing-violet-blanc\/"]}]},{"@type":"ImageObject","inLanguage":"fr-FR","@id":"https:\/\/orthopara.store\/index.php\/produit\/bain-bouillonnant-pour-les-pieds-pliable-beurer-wellbeing-violet-blanc\/#primaryimage","url":"https:\/\/orthopara.store\/wp-content\/uploads\/2024\/06\/bain-bouillonnant-pour-les-pieds-pliable-beurer-wellbeing-violet-blanc.jpg","contentUrl":"https:\/\/orthopara.store\/wp-content\/uploads\/2024\/06\/bain-bouillonnant-pour-les-pieds-pliable-beurer-wellbeing-violet-blanc.jpg","width":800,"height":800},{"@type":"BreadcrumbList","@id":"https:\/\/orthopara.store\/index.php\/produit\/bain-bouillonnant-pour-les-pieds-pliable-beurer-wellbeing-violet-blanc\/#breadcrumb","itemListElement":[{"@type":"ListItem","position":1,"name":"Accueil","item":"https:\/\/orthopara.store\/"},{"@type":"ListItem","position":2,"name":"Shop","item":"https:\/\/orthopara.store\/?page_id=622"},{"@type":"ListItem","position":3,"name":"Bain bouillonnant pour les pieds pliable &#8211; beurer Wellbeing &#8211; Violet &#038; blanc"}]},{"@type":"WebSite","@id":"https:\/\/orthopara.store\/#website","url":"https:\/\/orthopara.store\/","name":"OrthoPara","description":"Parapharmacie","publisher":{"@id":"https:\/\/orthopara.store\/#organization"},"potentialAction":[{"@type":"SearchAction","target":{"@type":"EntryPoint","urlTemplate":"https:\/\/orthopara.store\/?s={search_term_string}"},"query-input":"required name=search_term_string"}],"inLanguage":"fr-FR"},{"@type":"Organization","@id":"https:\/\/orthopara.store\/#organization","name":"OrthoPara","url":"https:\/\/orthopara.store\/","logo":{"@type":"ImageObject","inLanguage":"fr-FR","@id":"https:\/\/orthopara.store\/#\/schema\/logo\/image\/","url":"https:\/\/orthopara.store\/wp-content\/uploads\/2024\/06\/cropped-9ABA8BAD-6256-4719-9315-15C66E64E882.png","contentUrl":"https:\/\/orthopara.store\/wp-content\/uploads\/2024\/06\/cropped-9ABA8BAD-6256-4719-9315-15C66E64E882.png","width":240,"height":72,"caption":"OrthoPara"},"image":{"@id":"https:\/\/orthopara.store\/#\/schema\/logo\/image\/"},"sameAs":["https:\/\/www.facebook.com\/profile.php?id=61561194315651","https:\/\/www.instagram.com\/orthopara_tunisie\/"]}]}},"jetpack_sharing_enabled":true,"brands":[{"id":93,"name":"Beurer","slug":"beurer"}],"_links":{"self":[{"href":"https:\/\/orthopara.store\/index.php?rest_route=\/wp\/v2\/product\/1264","targetHints":{"allow":["GET"]}}],"collection":[{"href":"https:\/\/orthopara.store\/index.php?rest_route=\/wp\/v2\/product"}],"about":[{"href":"https:\/\/orthopara.store\/index.php?rest_route=\/wp\/v2\/types\/product"}],"replies":[{"embeddable":true,"href":"https:\/\/orthopara.store\/index.php?rest_route=%2Fwp%2Fv2%2Fcomments&post=1264"}],"wp:featuredmedia":[{"embeddable":true,"href":"https:\/\/orthopara.store\/index.php?rest_route=\/wp\/v2\/media\/1290"}],"wp:attachment":[{"href":"https:\/\/orthopara.store\/index.php?rest_route=%2Fwp%2Fv2%2Fmedia&parent=1264"}],"wp:term":[{"taxonomy":"pwb-brand","embeddable":true,"href":"https:\/\/orthopara.store\/index.php?rest_route=%2Fwp%2Fv2%2Fpwb-brand&post=1264"},{"taxonomy":"product_cat","embeddable":true,"href":"https:\/\/orthopara.store\/index.php?rest_route=%2Fwp%2Fv2%2Fproduct_cat&post=1264"},{"taxonomy":"product_tag","embeddable":true,"href":"https:\/\/orthopara.store\/index.php?rest_route=%2Fwp%2Fv2%2Fproduct_tag&post=1264"}],"curies":[{"name":"wp","href":"https:\/\/api.w.org\/{rel}","templated":true}]}}