{"id":1265,"date":"2024-06-28T15:52:26","date_gmt":"2024-06-28T13:52:26","guid":{"rendered":"https:\/\/orthopara.store\/?post_type=product&#038;p=1265"},"modified":"2024-11-07T09:35:59","modified_gmt":"2024-11-07T08:35:59","slug":"box-titania-fete-des-meres","status":"publish","type":"product","link":"https:\/\/orthopara.store\/?product=box-titania-fete-des-meres","title":{"rendered":"Box Titania f\u00eate des m\u00e8res"},"content":{"rendered":"<p>Box Titania f\u00eate des m\u00e8res<br \/>\nGift Box F\u00eate des m\u00e8res<br \/>\nOn vous g\u00e2te d&rsquo;une composition compl\u00e8te des produits de soins et de beaut\u00e9 essentiels pour tous les jours.<\/p>\n<p>Vous trouverez :\u200b<\/p>\n<p>\u00a0Box cadeau + Carte de v\u0153ux\u00a0<\/p>\n<p>Bain de pieds : nettoyant, relaxant et rafra\u00eechissant. \u00c0 l\u2019extrait de th\u00e9 blanc et de camomille.<\/p>\n<p>Lime \u00e0 pieds double face : une face d\u2019\u00e9meri et une pierre ponce.<\/p>\n<p>Baume pour pieds : Baume pour les pieds et les ongles \u00e0 base de beurre de karit\u00e9, d&rsquo;huiles de jojoba et d&rsquo;avocat.<\/p>\n<p>Brosse de cheveux en c\u0153ur : Brosse d\u00e9m\u00ealante forme de coeur avec des pointes souples id\u00e9ale pour toutes les longueurs et tous les types de cheveux.<\/p>\n<p>Pince \u00e0 \u00e9piler : en qualit\u00e9 de Solingen permet de retirer les poils les plus fins avec une pr\u00e9cision particuli\u00e8re.<\/p>\n<p>Lime \u00e0 ongles : La lime \u00e9meris double faces redessine l&rsquo;ongle de fa\u00e7on rapide, pr\u00e9cise et efficace.<\/p>\n<p>Miroir de poche : Miroir de poche rouge forme circulaire 6cm.<\/p>\n","protected":false},"excerpt":{"rendered":"<p>Titania Coffret cadeau<br \/>\nTitania vous propose le cadeau parfait pour vos mamans \u00e0 l\u2019occasion des f\u00eates des m\u00e8res.<br \/>\nUne composition compl\u00e8te des produits de soins et de beaut\u00e9 essentiels pour tous les jours.<\/p>\n","protected":false},"featured_media":1291,"comment_status":"open","ping_status":"closed","template":"","meta":[],"pwb-brand":[158],"product_cat":[156],"product_tag":[],"class_list":{"0":"post-1265","1":"product","2":"type-product","3":"status-publish","4":"has-post-thumbnail","6":"pwb-brand-titania","7":"product_cat-soins-des-pieds","8":"post","9":"ws-product--style-1","11":"first","12":"instock","13":"shipping-taxable","14":"purchasable","15":"product-type-simple"},"yoast_head":"<!-- This site is optimized with the Yoast SEO plugin v23.0 - https:\/\/yoast.com\/wordpress\/plugins\/seo\/ -->\n<title>Box Titania f\u00eate des m\u00e8res - OrthoPara<\/title>\n<meta name=\"robots\" content=\"index, follow, max-snippet:-1, max-image-preview:large, max-video-preview:-1\" \/>\n<link rel=\"canonical\" href=\"https:\/\/orthopara.store\/index.php\/produit\/box-titania-fete-des-meres\/\" \/>\n<meta property=\"og:locale\" content=\"fr_FR\" \/>\n<meta property=\"og:type\" content=\"article\" \/>\n<meta property=\"og:title\" content=\"Box Titania f\u00eate des m\u00e8res - OrthoPara\" \/>\n<meta property=\"og:description\" content=\"Titania Coffret cadeau Titania vous propose le cadeau parfait pour vos mamans \u00e0 l\u2019occasion des f\u00eates des m\u00e8res. Une composition compl\u00e8te des produits de soins et de beaut\u00e9 essentiels pour tous les jours.\" \/>\n<meta property=\"og:url\" content=\"https:\/\/orthopara.store\/index.php\/produit\/box-titania-fete-des-meres\/\" \/>\n<meta property=\"og:site_name\" content=\"OrthoPara\" \/>\n<meta property=\"article:publisher\" content=\"https:\/\/www.facebook.com\/profile.php?id=61561194315651\" \/>\n<meta property=\"article:modified_time\" content=\"2024-11-07T08:35:59+00:00\" \/>\n<meta property=\"og:image\" content=\"https:\/\/orthopara.store\/wp-content\/uploads\/2024\/06\/box-titania-fete-des-meres.jpg\" \/>\n\t<meta property=\"og:image:width\" content=\"800\" \/>\n\t<meta property=\"og:image:height\" content=\"800\" \/>\n\t<meta property=\"og:image:type\" content=\"image\/jpeg\" \/>\n<meta name=\"twitter:card\" content=\"summary_large_image\" \/>\n<meta name=\"twitter:label1\" content=\"Dur\u00e9e de lecture estim\u00e9e\" \/>\n\t<meta name=\"twitter:data1\" content=\"1 minute\" \/>\n<script type=\"application\/ld+json\" class=\"yoast-schema-graph\">{\"@context\":\"https:\/\/schema.org\",\"@graph\":[{\"@type\":\"WebPage\",\"@id\":\"https:\/\/orthopara.store\/index.php\/produit\/box-titania-fete-des-meres\/\",\"url\":\"https:\/\/orthopara.store\/index.php\/produit\/box-titania-fete-des-meres\/\",\"name\":\"Box Titania f\u00eate des m\u00e8res - OrthoPara\",\"isPartOf\":{\"@id\":\"https:\/\/orthopara.store\/#website\"},\"primaryImageOfPage\":{\"@id\":\"https:\/\/orthopara.store\/index.php\/produit\/box-titania-fete-des-meres\/#primaryimage\"},\"image\":{\"@id\":\"https:\/\/orthopara.store\/index.php\/produit\/box-titania-fete-des-meres\/#primaryimage\"},\"thumbnailUrl\":\"https:\/\/orthopara.store\/wp-content\/uploads\/2024\/06\/box-titania-fete-des-meres.jpg\",\"datePublished\":\"2024-06-28T13:52:26+00:00\",\"dateModified\":\"2024-11-07T08:35:59+00:00\",\"breadcrumb\":{\"@id\":\"https:\/\/orthopara.store\/index.php\/produit\/box-titania-fete-des-meres\/#breadcrumb\"},\"inLanguage\":\"fr-FR\",\"potentialAction\":[{\"@type\":\"ReadAction\",\"target\":[\"https:\/\/orthopara.store\/index.php\/produit\/box-titania-fete-des-meres\/\"]}]},{\"@type\":\"ImageObject\",\"inLanguage\":\"fr-FR\",\"@id\":\"https:\/\/orthopara.store\/index.php\/produit\/box-titania-fete-des-meres\/#primaryimage\",\"url\":\"https:\/\/orthopara.store\/wp-content\/uploads\/2024\/06\/box-titania-fete-des-meres.jpg\",\"contentUrl\":\"https:\/\/orthopara.store\/wp-content\/uploads\/2024\/06\/box-titania-fete-des-meres.jpg\",\"width\":800,\"height\":800},{\"@type\":\"BreadcrumbList\",\"@id\":\"https:\/\/orthopara.store\/index.php\/produit\/box-titania-fete-des-meres\/#breadcrumb\",\"itemListElement\":[{\"@type\":\"ListItem\",\"position\":1,\"name\":\"Accueil\",\"item\":\"https:\/\/orthopara.store\/\"},{\"@type\":\"ListItem\",\"position\":2,\"name\":\"Shop\",\"item\":\"https:\/\/orthopara.store\/?page_id=622\"},{\"@type\":\"ListItem\",\"position\":3,\"name\":\"Box Titania f\u00eate des m\u00e8res\"}]},{\"@type\":\"WebSite\",\"@id\":\"https:\/\/orthopara.store\/#website\",\"url\":\"https:\/\/orthopara.store\/\",\"name\":\"OrthoPara\",\"description\":\"Parapharmacie\",\"publisher\":{\"@id\":\"https:\/\/orthopara.store\/#organization\"},\"potentialAction\":[{\"@type\":\"SearchAction\",\"target\":{\"@type\":\"EntryPoint\",\"urlTemplate\":\"https:\/\/orthopara.store\/?s={search_term_string}\"},\"query-input\":\"required name=search_term_string\"}],\"inLanguage\":\"fr-FR\"},{\"@type\":\"Organization\",\"@id\":\"https:\/\/orthopara.store\/#organization\",\"name\":\"OrthoPara\",\"url\":\"https:\/\/orthopara.store\/\",\"logo\":{\"@type\":\"ImageObject\",\"inLanguage\":\"fr-FR\",\"@id\":\"https:\/\/orthopara.store\/#\/schema\/logo\/image\/\",\"url\":\"https:\/\/orthopara.store\/wp-content\/uploads\/2024\/06\/cropped-9ABA8BAD-6256-4719-9315-15C66E64E882.png\",\"contentUrl\":\"https:\/\/orthopara.store\/wp-content\/uploads\/2024\/06\/cropped-9ABA8BAD-6256-4719-9315-15C66E64E882.png\",\"width\":240,\"height\":72,\"caption\":\"OrthoPara\"},\"image\":{\"@id\":\"https:\/\/orthopara.store\/#\/schema\/logo\/image\/\"},\"sameAs\":[\"https:\/\/www.facebook.com\/profile.php?id=61561194315651\",\"https:\/\/www.instagram.com\/orthopara_tunisie\/\"]}]}<\/script>\n<!-- \/ Yoast SEO plugin. -->","yoast_head_json":{"title":"Box Titania f\u00eate des m\u00e8res - OrthoPara","robots":{"index":"index","follow":"follow","max-snippet":"max-snippet:-1","max-image-preview":"max-image-preview:large","max-video-preview":"max-video-preview:-1"},"canonical":"https:\/\/orthopara.store\/index.php\/produit\/box-titania-fete-des-meres\/","og_locale":"fr_FR","og_type":"article","og_title":"Box Titania f\u00eate des m\u00e8res - OrthoPara","og_description":"Titania Coffret cadeau Titania vous propose le cadeau parfait pour vos mamans \u00e0 l\u2019occasion des f\u00eates des m\u00e8res. Une composition compl\u00e8te des produits de soins et de beaut\u00e9 essentiels pour tous les jours.","og_url":"https:\/\/orthopara.store\/index.php\/produit\/box-titania-fete-des-meres\/","og_site_name":"OrthoPara","article_publisher":"https:\/\/www.facebook.com\/profile.php?id=61561194315651","article_modified_time":"2024-11-07T08:35:59+00:00","og_image":[{"width":800,"height":800,"url":"https:\/\/orthopara.store\/wp-content\/uploads\/2024\/06\/box-titania-fete-des-meres.jpg","type":"image\/jpeg"}],"twitter_card":"summary_large_image","twitter_misc":{"Dur\u00e9e de lecture estim\u00e9e":"1 minute"},"schema":{"@context":"https:\/\/schema.org","@graph":[{"@type":"WebPage","@id":"https:\/\/orthopara.store\/index.php\/produit\/box-titania-fete-des-meres\/","url":"https:\/\/orthopara.store\/index.php\/produit\/box-titania-fete-des-meres\/","name":"Box Titania f\u00eate des m\u00e8res - OrthoPara","isPartOf":{"@id":"https:\/\/orthopara.store\/#website"},"primaryImageOfPage":{"@id":"https:\/\/orthopara.store\/index.php\/produit\/box-titania-fete-des-meres\/#primaryimage"},"image":{"@id":"https:\/\/orthopara.store\/index.php\/produit\/box-titania-fete-des-meres\/#primaryimage"},"thumbnailUrl":"https:\/\/orthopara.store\/wp-content\/uploads\/2024\/06\/box-titania-fete-des-meres.jpg","datePublished":"2024-06-28T13:52:26+00:00","dateModified":"2024-11-07T08:35:59+00:00","breadcrumb":{"@id":"https:\/\/orthopara.store\/index.php\/produit\/box-titania-fete-des-meres\/#breadcrumb"},"inLanguage":"fr-FR","potentialAction":[{"@type":"ReadAction","target":["https:\/\/orthopara.store\/index.php\/produit\/box-titania-fete-des-meres\/"]}]},{"@type":"ImageObject","inLanguage":"fr-FR","@id":"https:\/\/orthopara.store\/index.php\/produit\/box-titania-fete-des-meres\/#primaryimage","url":"https:\/\/orthopara.store\/wp-content\/uploads\/2024\/06\/box-titania-fete-des-meres.jpg","contentUrl":"https:\/\/orthopara.store\/wp-content\/uploads\/2024\/06\/box-titania-fete-des-meres.jpg","width":800,"height":800},{"@type":"BreadcrumbList","@id":"https:\/\/orthopara.store\/index.php\/produit\/box-titania-fete-des-meres\/#breadcrumb","itemListElement":[{"@type":"ListItem","position":1,"name":"Accueil","item":"https:\/\/orthopara.store\/"},{"@type":"ListItem","position":2,"name":"Shop","item":"https:\/\/orthopara.store\/?page_id=622"},{"@type":"ListItem","position":3,"name":"Box Titania f\u00eate des m\u00e8res"}]},{"@type":"WebSite","@id":"https:\/\/orthopara.store\/#website","url":"https:\/\/orthopara.store\/","name":"OrthoPara","description":"Parapharmacie","publisher":{"@id":"https:\/\/orthopara.store\/#organization"},"potentialAction":[{"@type":"SearchAction","target":{"@type":"EntryPoint","urlTemplate":"https:\/\/orthopara.store\/?s={search_term_string}"},"query-input":"required name=search_term_string"}],"inLanguage":"fr-FR"},{"@type":"Organization","@id":"https:\/\/orthopara.store\/#organization","name":"OrthoPara","url":"https:\/\/orthopara.store\/","logo":{"@type":"ImageObject","inLanguage":"fr-FR","@id":"https:\/\/orthopara.store\/#\/schema\/logo\/image\/","url":"https:\/\/orthopara.store\/wp-content\/uploads\/2024\/06\/cropped-9ABA8BAD-6256-4719-9315-15C66E64E882.png","contentUrl":"https:\/\/orthopara.store\/wp-content\/uploads\/2024\/06\/cropped-9ABA8BAD-6256-4719-9315-15C66E64E882.png","width":240,"height":72,"caption":"OrthoPara"},"image":{"@id":"https:\/\/orthopara.store\/#\/schema\/logo\/image\/"},"sameAs":["https:\/\/www.facebook.com\/profile.php?id=61561194315651","https:\/\/www.instagram.com\/orthopara_tunisie\/"]}]}},"jetpack_sharing_enabled":true,"brands":[{"id":158,"name":"Titania","slug":"titania"}],"_links":{"self":[{"href":"https:\/\/orthopara.store\/index.php?rest_route=\/wp\/v2\/product\/1265","targetHints":{"allow":["GET"]}}],"collection":[{"href":"https:\/\/orthopara.store\/index.php?rest_route=\/wp\/v2\/product"}],"about":[{"href":"https:\/\/orthopara.store\/index.php?rest_route=\/wp\/v2\/types\/product"}],"replies":[{"embeddable":true,"href":"https:\/\/orthopara.store\/index.php?rest_route=%2Fwp%2Fv2%2Fcomments&post=1265"}],"wp:featuredmedia":[{"embeddable":true,"href":"https:\/\/orthopara.store\/index.php?rest_route=\/wp\/v2\/media\/1291"}],"wp:attachment":[{"href":"https:\/\/orthopara.store\/index.php?rest_route=%2Fwp%2Fv2%2Fmedia&parent=1265"}],"wp:term":[{"taxonomy":"pwb-brand","embeddable":true,"href":"https:\/\/orthopara.store\/index.php?rest_route=%2Fwp%2Fv2%2Fpwb-brand&post=1265"},{"taxonomy":"product_cat","embeddable":true,"href":"https:\/\/orthopara.store\/index.php?rest_route=%2Fwp%2Fv2%2Fproduct_cat&post=1265"},{"taxonomy":"product_tag","embeddable":true,"href":"https:\/\/orthopara.store\/index.php?rest_route=%2Fwp%2Fv2%2Fproduct_tag&post=1265"}],"curies":[{"name":"wp","href":"https:\/\/api.w.org\/{rel}","templated":true}]}}