{"id":1295,"date":"2024-06-28T15:52:40","date_gmt":"2024-06-28T13:52:40","guid":{"rendered":"https:\/\/orthopara.store\/?post_type=product&#038;p=1295"},"modified":"2024-11-07T09:52:34","modified_gmt":"2024-11-07T08:52:34","slug":"chaussettes-exfoliantes-lirene-baby-soft-2-5-urea","status":"publish","type":"product","link":"https:\/\/orthopara.store\/?product=chaussettes-exfoliantes-lirene-baby-soft-2-5-urea","title":{"rendered":"Chaussettes exfoliantes &#8211; Lirene Baby Soft &#8211; 2.5% Urea"},"content":{"rendered":"<p>Chaussettes exfoliantes &#8211; Lirene Baby Soft &#8211; 2.5% Urea<br \/>\nLes CHAUSSETTES exfoliantes BABY SOFT est un Traitement professionnel pour vous-m\u00eame \u00e0 la maison, permettant une \u00e9limination efficace des peaux mortes et un lissage intense de la peau des pieds.\u00a0<br \/>\nLe masque sous forme de chaussettes imbib\u00e9es pr\u00eates \u00e0 l&#8217;emploi contient 7,5% de complexe d&rsquo;acides de fruits (lactique et glycolique), qui stimulent efficacement le processus d&rsquo;exfoliation de cette peau sans vie, favorisant la r\u00e9g\u00e9n\u00e9ration cutan\u00e9e des pieds.<br \/>\nContenu dans le masque, un riche ensemble d&rsquo;ingr\u00e9dients actifs nourrit la peau pendant et apr\u00e8s la chirurgie. L&rsquo;ur\u00e9e hydrate et r\u00e9gule le processus de k\u00e9ratose, un extrait d&rsquo;herbe asiatique et l&rsquo;huile de coco r\u00e9g\u00e9n\u00e8rent et adoucissent la peau durcie. L&rsquo;acide salicylique associ\u00e9 \u00e0 l&rsquo;extrait de miel et de rooibos africain (Rooibos) apaise la peau fra\u00eechement pel\u00e9e.<br \/>\nConseils d&rsquo;utilisation :<br \/>\n1. Lavez et s\u00e9chez la peau des pieds<br \/>\n2. D\u00e9chirez le sachet avec masque au site d&rsquo;incision, retirez et \u00e9talez les chaussettes. Chaque chaussette s&rsquo;ouvre dans la partie sup\u00e9rieure en fendant la soudure.<br \/>\n3. porter des chaussettes sur les pieds, laisser reposer env. 60 \u00e0 90 minutes.<br \/>\n4. Apr\u00e8s avoir retir\u00e9 les chaussettes, rincez les pieds \u00e0 l&rsquo;eau.<br \/>\n5. Le processus commence \u00e0 peler naturellement env. 5 &#8211; 7 jours apr\u00e8s la derni\u00e8re utilisation, et 7 &#8211; 10 jours selon l&rsquo;\u00e9paisseur et les impressions . Pendant ce temps, vous ne devez pas exfolier la peau m\u00e9caniquement ni utiliser d&rsquo;autres pr\u00e9parations exfoliantes. Il est recommand\u00e9 de faire tremper les pieds dans de l&rsquo;eau ti\u00e8de et d&rsquo;appliquer des cr\u00e8mes nourrissantes pour les pieds.<br \/>\n6. Appliquer le masque ne doit pas \u00eatre utilis\u00e9 plus d&rsquo;une fois par mois.<\/p>\n","protected":false},"excerpt":{"rendered":"<p>Lirene Baby Soft<br \/>\nChaussettes exfoliantes<br \/>\n2.5% Urea<\/p>\n<p>\u00e9limination efficace des peaux mortes<\/p>\n","protected":false},"featured_media":1318,"comment_status":"open","ping_status":"closed","template":"","meta":[],"pwb-brand":[46],"product_cat":[156],"product_tag":[],"class_list":{"0":"post-1295","1":"product","2":"type-product","3":"status-publish","4":"has-post-thumbnail","6":"pwb-brand-lirene","7":"product_cat-soins-des-pieds","8":"post","9":"ws-product--style-1","11":"first","12":"instock","13":"shipping-taxable","14":"purchasable","15":"product-type-simple"},"yoast_head":"<!-- This site is optimized with the Yoast SEO plugin v23.0 - https:\/\/yoast.com\/wordpress\/plugins\/seo\/ -->\n<title>Chaussettes exfoliantes - Lirene Baby Soft - 2.5% Urea - OrthoPara<\/title>\n<meta name=\"robots\" content=\"index, follow, max-snippet:-1, max-image-preview:large, max-video-preview:-1\" \/>\n<link rel=\"canonical\" href=\"https:\/\/orthopara.store\/index.php\/produit\/chaussettes-exfoliantes-lirene-baby-soft-2-5-urea\/\" \/>\n<meta property=\"og:locale\" content=\"fr_FR\" \/>\n<meta property=\"og:type\" content=\"article\" \/>\n<meta property=\"og:title\" content=\"Chaussettes exfoliantes - Lirene Baby Soft - 2.5% Urea - OrthoPara\" \/>\n<meta property=\"og:description\" content=\"Lirene Baby Soft Chaussettes exfoliantes 2.5% Urea \u00e9limination efficace des peaux mortes\" \/>\n<meta property=\"og:url\" content=\"https:\/\/orthopara.store\/index.php\/produit\/chaussettes-exfoliantes-lirene-baby-soft-2-5-urea\/\" \/>\n<meta property=\"og:site_name\" content=\"OrthoPara\" \/>\n<meta property=\"article:publisher\" content=\"https:\/\/www.facebook.com\/profile.php?id=61561194315651\" \/>\n<meta property=\"article:modified_time\" content=\"2024-11-07T08:52:34+00:00\" \/>\n<meta property=\"og:image\" content=\"https:\/\/orthopara.store\/wp-content\/uploads\/2024\/06\/chaussettes-exfoliantes-lirene-baby-soft-25-urea.jpg\" \/>\n\t<meta property=\"og:image:width\" content=\"800\" \/>\n\t<meta property=\"og:image:height\" content=\"800\" \/>\n\t<meta property=\"og:image:type\" content=\"image\/jpeg\" \/>\n<meta name=\"twitter:card\" content=\"summary_large_image\" \/>\n<meta name=\"twitter:label1\" content=\"Dur\u00e9e de lecture estim\u00e9e\" \/>\n\t<meta name=\"twitter:data1\" content=\"1 minute\" \/>\n<script type=\"application\/ld+json\" class=\"yoast-schema-graph\">{\"@context\":\"https:\/\/schema.org\",\"@graph\":[{\"@type\":\"WebPage\",\"@id\":\"https:\/\/orthopara.store\/index.php\/produit\/chaussettes-exfoliantes-lirene-baby-soft-2-5-urea\/\",\"url\":\"https:\/\/orthopara.store\/index.php\/produit\/chaussettes-exfoliantes-lirene-baby-soft-2-5-urea\/\",\"name\":\"Chaussettes exfoliantes - Lirene Baby Soft - 2.5% Urea - OrthoPara\",\"isPartOf\":{\"@id\":\"https:\/\/orthopara.store\/#website\"},\"primaryImageOfPage\":{\"@id\":\"https:\/\/orthopara.store\/index.php\/produit\/chaussettes-exfoliantes-lirene-baby-soft-2-5-urea\/#primaryimage\"},\"image\":{\"@id\":\"https:\/\/orthopara.store\/index.php\/produit\/chaussettes-exfoliantes-lirene-baby-soft-2-5-urea\/#primaryimage\"},\"thumbnailUrl\":\"https:\/\/orthopara.store\/wp-content\/uploads\/2024\/06\/chaussettes-exfoliantes-lirene-baby-soft-25-urea.jpg\",\"datePublished\":\"2024-06-28T13:52:40+00:00\",\"dateModified\":\"2024-11-07T08:52:34+00:00\",\"breadcrumb\":{\"@id\":\"https:\/\/orthopara.store\/index.php\/produit\/chaussettes-exfoliantes-lirene-baby-soft-2-5-urea\/#breadcrumb\"},\"inLanguage\":\"fr-FR\",\"potentialAction\":[{\"@type\":\"ReadAction\",\"target\":[\"https:\/\/orthopara.store\/index.php\/produit\/chaussettes-exfoliantes-lirene-baby-soft-2-5-urea\/\"]}]},{\"@type\":\"ImageObject\",\"inLanguage\":\"fr-FR\",\"@id\":\"https:\/\/orthopara.store\/index.php\/produit\/chaussettes-exfoliantes-lirene-baby-soft-2-5-urea\/#primaryimage\",\"url\":\"https:\/\/orthopara.store\/wp-content\/uploads\/2024\/06\/chaussettes-exfoliantes-lirene-baby-soft-25-urea.jpg\",\"contentUrl\":\"https:\/\/orthopara.store\/wp-content\/uploads\/2024\/06\/chaussettes-exfoliantes-lirene-baby-soft-25-urea.jpg\",\"width\":800,\"height\":800},{\"@type\":\"BreadcrumbList\",\"@id\":\"https:\/\/orthopara.store\/index.php\/produit\/chaussettes-exfoliantes-lirene-baby-soft-2-5-urea\/#breadcrumb\",\"itemListElement\":[{\"@type\":\"ListItem\",\"position\":1,\"name\":\"Accueil\",\"item\":\"https:\/\/orthopara.store\/\"},{\"@type\":\"ListItem\",\"position\":2,\"name\":\"Shop\",\"item\":\"https:\/\/orthopara.store\/?page_id=622\"},{\"@type\":\"ListItem\",\"position\":3,\"name\":\"Chaussettes exfoliantes &#8211; Lirene Baby Soft &#8211; 2.5% Urea\"}]},{\"@type\":\"WebSite\",\"@id\":\"https:\/\/orthopara.store\/#website\",\"url\":\"https:\/\/orthopara.store\/\",\"name\":\"OrthoPara\",\"description\":\"Parapharmacie\",\"publisher\":{\"@id\":\"https:\/\/orthopara.store\/#organization\"},\"potentialAction\":[{\"@type\":\"SearchAction\",\"target\":{\"@type\":\"EntryPoint\",\"urlTemplate\":\"https:\/\/orthopara.store\/?s={search_term_string}\"},\"query-input\":\"required name=search_term_string\"}],\"inLanguage\":\"fr-FR\"},{\"@type\":\"Organization\",\"@id\":\"https:\/\/orthopara.store\/#organization\",\"name\":\"OrthoPara\",\"url\":\"https:\/\/orthopara.store\/\",\"logo\":{\"@type\":\"ImageObject\",\"inLanguage\":\"fr-FR\",\"@id\":\"https:\/\/orthopara.store\/#\/schema\/logo\/image\/\",\"url\":\"https:\/\/orthopara.store\/wp-content\/uploads\/2024\/06\/cropped-9ABA8BAD-6256-4719-9315-15C66E64E882.png\",\"contentUrl\":\"https:\/\/orthopara.store\/wp-content\/uploads\/2024\/06\/cropped-9ABA8BAD-6256-4719-9315-15C66E64E882.png\",\"width\":240,\"height\":72,\"caption\":\"OrthoPara\"},\"image\":{\"@id\":\"https:\/\/orthopara.store\/#\/schema\/logo\/image\/\"},\"sameAs\":[\"https:\/\/www.facebook.com\/profile.php?id=61561194315651\",\"https:\/\/www.instagram.com\/orthopara_tunisie\/\"]}]}<\/script>\n<!-- \/ Yoast SEO plugin. -->","yoast_head_json":{"title":"Chaussettes exfoliantes - Lirene Baby Soft - 2.5% Urea - OrthoPara","robots":{"index":"index","follow":"follow","max-snippet":"max-snippet:-1","max-image-preview":"max-image-preview:large","max-video-preview":"max-video-preview:-1"},"canonical":"https:\/\/orthopara.store\/index.php\/produit\/chaussettes-exfoliantes-lirene-baby-soft-2-5-urea\/","og_locale":"fr_FR","og_type":"article","og_title":"Chaussettes exfoliantes - Lirene Baby Soft - 2.5% Urea - OrthoPara","og_description":"Lirene Baby Soft Chaussettes exfoliantes 2.5% Urea \u00e9limination efficace des peaux mortes","og_url":"https:\/\/orthopara.store\/index.php\/produit\/chaussettes-exfoliantes-lirene-baby-soft-2-5-urea\/","og_site_name":"OrthoPara","article_publisher":"https:\/\/www.facebook.com\/profile.php?id=61561194315651","article_modified_time":"2024-11-07T08:52:34+00:00","og_image":[{"width":800,"height":800,"url":"https:\/\/orthopara.store\/wp-content\/uploads\/2024\/06\/chaussettes-exfoliantes-lirene-baby-soft-25-urea.jpg","type":"image\/jpeg"}],"twitter_card":"summary_large_image","twitter_misc":{"Dur\u00e9e de lecture estim\u00e9e":"1 minute"},"schema":{"@context":"https:\/\/schema.org","@graph":[{"@type":"WebPage","@id":"https:\/\/orthopara.store\/index.php\/produit\/chaussettes-exfoliantes-lirene-baby-soft-2-5-urea\/","url":"https:\/\/orthopara.store\/index.php\/produit\/chaussettes-exfoliantes-lirene-baby-soft-2-5-urea\/","name":"Chaussettes exfoliantes - Lirene Baby Soft - 2.5% Urea - OrthoPara","isPartOf":{"@id":"https:\/\/orthopara.store\/#website"},"primaryImageOfPage":{"@id":"https:\/\/orthopara.store\/index.php\/produit\/chaussettes-exfoliantes-lirene-baby-soft-2-5-urea\/#primaryimage"},"image":{"@id":"https:\/\/orthopara.store\/index.php\/produit\/chaussettes-exfoliantes-lirene-baby-soft-2-5-urea\/#primaryimage"},"thumbnailUrl":"https:\/\/orthopara.store\/wp-content\/uploads\/2024\/06\/chaussettes-exfoliantes-lirene-baby-soft-25-urea.jpg","datePublished":"2024-06-28T13:52:40+00:00","dateModified":"2024-11-07T08:52:34+00:00","breadcrumb":{"@id":"https:\/\/orthopara.store\/index.php\/produit\/chaussettes-exfoliantes-lirene-baby-soft-2-5-urea\/#breadcrumb"},"inLanguage":"fr-FR","potentialAction":[{"@type":"ReadAction","target":["https:\/\/orthopara.store\/index.php\/produit\/chaussettes-exfoliantes-lirene-baby-soft-2-5-urea\/"]}]},{"@type":"ImageObject","inLanguage":"fr-FR","@id":"https:\/\/orthopara.store\/index.php\/produit\/chaussettes-exfoliantes-lirene-baby-soft-2-5-urea\/#primaryimage","url":"https:\/\/orthopara.store\/wp-content\/uploads\/2024\/06\/chaussettes-exfoliantes-lirene-baby-soft-25-urea.jpg","contentUrl":"https:\/\/orthopara.store\/wp-content\/uploads\/2024\/06\/chaussettes-exfoliantes-lirene-baby-soft-25-urea.jpg","width":800,"height":800},{"@type":"BreadcrumbList","@id":"https:\/\/orthopara.store\/index.php\/produit\/chaussettes-exfoliantes-lirene-baby-soft-2-5-urea\/#breadcrumb","itemListElement":[{"@type":"ListItem","position":1,"name":"Accueil","item":"https:\/\/orthopara.store\/"},{"@type":"ListItem","position":2,"name":"Shop","item":"https:\/\/orthopara.store\/?page_id=622"},{"@type":"ListItem","position":3,"name":"Chaussettes exfoliantes &#8211; Lirene Baby Soft &#8211; 2.5% Urea"}]},{"@type":"WebSite","@id":"https:\/\/orthopara.store\/#website","url":"https:\/\/orthopara.store\/","name":"OrthoPara","description":"Parapharmacie","publisher":{"@id":"https:\/\/orthopara.store\/#organization"},"potentialAction":[{"@type":"SearchAction","target":{"@type":"EntryPoint","urlTemplate":"https:\/\/orthopara.store\/?s={search_term_string}"},"query-input":"required name=search_term_string"}],"inLanguage":"fr-FR"},{"@type":"Organization","@id":"https:\/\/orthopara.store\/#organization","name":"OrthoPara","url":"https:\/\/orthopara.store\/","logo":{"@type":"ImageObject","inLanguage":"fr-FR","@id":"https:\/\/orthopara.store\/#\/schema\/logo\/image\/","url":"https:\/\/orthopara.store\/wp-content\/uploads\/2024\/06\/cropped-9ABA8BAD-6256-4719-9315-15C66E64E882.png","contentUrl":"https:\/\/orthopara.store\/wp-content\/uploads\/2024\/06\/cropped-9ABA8BAD-6256-4719-9315-15C66E64E882.png","width":240,"height":72,"caption":"OrthoPara"},"image":{"@id":"https:\/\/orthopara.store\/#\/schema\/logo\/image\/"},"sameAs":["https:\/\/www.facebook.com\/profile.php?id=61561194315651","https:\/\/www.instagram.com\/orthopara_tunisie\/"]}]}},"jetpack_sharing_enabled":true,"brands":[{"id":46,"name":"LIRENE","slug":"lirene"}],"_links":{"self":[{"href":"https:\/\/orthopara.store\/index.php?rest_route=\/wp\/v2\/product\/1295","targetHints":{"allow":["GET"]}}],"collection":[{"href":"https:\/\/orthopara.store\/index.php?rest_route=\/wp\/v2\/product"}],"about":[{"href":"https:\/\/orthopara.store\/index.php?rest_route=\/wp\/v2\/types\/product"}],"replies":[{"embeddable":true,"href":"https:\/\/orthopara.store\/index.php?rest_route=%2Fwp%2Fv2%2Fcomments&post=1295"}],"wp:featuredmedia":[{"embeddable":true,"href":"https:\/\/orthopara.store\/index.php?rest_route=\/wp\/v2\/media\/1318"}],"wp:attachment":[{"href":"https:\/\/orthopara.store\/index.php?rest_route=%2Fwp%2Fv2%2Fmedia&parent=1295"}],"wp:term":[{"taxonomy":"pwb-brand","embeddable":true,"href":"https:\/\/orthopara.store\/index.php?rest_route=%2Fwp%2Fv2%2Fpwb-brand&post=1295"},{"taxonomy":"product_cat","embeddable":true,"href":"https:\/\/orthopara.store\/index.php?rest_route=%2Fwp%2Fv2%2Fproduct_cat&post=1295"},{"taxonomy":"product_tag","embeddable":true,"href":"https:\/\/orthopara.store\/index.php?rest_route=%2Fwp%2Fv2%2Fproduct_tag&post=1295"}],"curies":[{"name":"wp","href":"https:\/\/api.w.org\/{rel}","templated":true}]}}