{"id":1297,"date":"2024-06-28T15:52:40","date_gmt":"2024-06-28T13:52:40","guid":{"rendered":"https:\/\/orthopara.store\/?post_type=product&#038;p=1297"},"modified":"2024-06-28T15:52:44","modified_gmt":"2024-06-28T13:52:44","slug":"gel-anti-transpirant-martiderm-driosec-75ml","status":"publish","type":"product","link":"https:\/\/orthopara.store\/?product=gel-anti-transpirant-martiderm-driosec-75ml","title":{"rendered":"Gel anti-transpirant &#8211; Martiderm Driosec &#8211; 75ml"},"content":{"rendered":"<p>Gel anti-transpirant &#8211; Martiderm Driosec &#8211; 75ml<br \/>\nDriosec Intensive GEL\u00a0\u00e9limine et r\u00e9duit les mauvaises odeurs, diminue la quantit\u00e9 de sueur, a un effet d\u00e9odorant pendant 24 heures et respecte la peau.<br \/>\nDriosec Intensive GEL est un antitranspirant et un d\u00e9odorant qui contr\u00f4le la transpiration peu tol\u00e9rable au niveau de l&rsquo;aine et des aisselles et \u00e9limine les mauvaises odeurs.<br \/>\nConseils d&rsquo;utilisation :<br \/>\nS\u00e9cher la zone \u00e0 traiter ( mains et pieds)\u00a0Appliquer le gel le soir sur la paume des mains et la plante des pieds sans oublier les espaces entre les doigts et les orteils.<br \/>\nLaisser s\u00e9cher jusqu&rsquo;\u00e0 absorption compl\u00e8te et laver le lendemain matin avec de l&rsquo;eau et du savon.<br \/>\nN.B : Ne pas utiliser sur une peau irrit\u00e9e, \u00e9rod\u00e9e ou r\u00e9cemment \u00e9pil\u00e9e.<br \/>\nCompositions :\u00a0<br \/>\nAl\/Zr ActifAstringent.<br \/>\nAcide salicyliqueAstringent et antimicrobien.<\/p>\n","protected":false},"excerpt":{"rendered":"<p>Martiderm Driosec<br \/>\nGel anti-transpirant\u00a0<br \/>\nd\u00e9odorant et antitranspirant 48h\u00a0<br \/>\ncontenance 75ML<\/p>\n","protected":false},"featured_media":1320,"comment_status":"open","ping_status":"closed","template":"","meta":[],"pwb-brand":[85],"product_cat":[156],"product_tag":[],"class_list":{"0":"post-1297","1":"product","2":"type-product","3":"status-publish","4":"has-post-thumbnail","6":"pwb-brand-marti-derm","7":"product_cat-soins-des-pieds","8":"post","9":"ws-product--style-1","11":"first","12":"instock","13":"shipping-taxable","14":"purchasable","15":"product-type-simple"},"yoast_head":"<!-- This site is optimized with the Yoast SEO plugin v23.0 - https:\/\/yoast.com\/wordpress\/plugins\/seo\/ -->\n<title>Gel anti-transpirant - Martiderm Driosec - 75ml - OrthoPara<\/title>\n<meta name=\"robots\" content=\"index, follow, max-snippet:-1, max-image-preview:large, max-video-preview:-1\" \/>\n<link rel=\"canonical\" href=\"https:\/\/orthopara.store\/index.php\/produit\/gel-anti-transpirant-martiderm-driosec-75ml\/\" \/>\n<meta property=\"og:locale\" content=\"fr_FR\" \/>\n<meta property=\"og:type\" content=\"article\" \/>\n<meta property=\"og:title\" content=\"Gel anti-transpirant - Martiderm Driosec - 75ml - OrthoPara\" \/>\n<meta property=\"og:description\" content=\"Martiderm Driosec Gel anti-transpirant\u00a0 d\u00e9odorant et antitranspirant 48h\u00a0 contenance 75ML\" \/>\n<meta property=\"og:url\" content=\"https:\/\/orthopara.store\/index.php\/produit\/gel-anti-transpirant-martiderm-driosec-75ml\/\" \/>\n<meta property=\"og:site_name\" content=\"OrthoPara\" \/>\n<meta property=\"article:publisher\" content=\"https:\/\/www.facebook.com\/profile.php?id=61561194315651\" \/>\n<meta property=\"article:modified_time\" content=\"2024-06-28T13:52:44+00:00\" \/>\n<meta property=\"og:image\" content=\"https:\/\/orthopara.store\/wp-content\/uploads\/2024\/06\/gel-anti-transpirant-martiderm-driosec-75ml.jpg\" \/>\n\t<meta property=\"og:image:width\" content=\"800\" \/>\n\t<meta property=\"og:image:height\" content=\"800\" \/>\n\t<meta property=\"og:image:type\" content=\"image\/jpeg\" \/>\n<meta name=\"twitter:card\" content=\"summary_large_image\" \/>\n<meta name=\"twitter:label1\" content=\"Dur\u00e9e de lecture estim\u00e9e\" \/>\n\t<meta name=\"twitter:data1\" content=\"1 minute\" \/>\n<script type=\"application\/ld+json\" class=\"yoast-schema-graph\">{\"@context\":\"https:\/\/schema.org\",\"@graph\":[{\"@type\":\"WebPage\",\"@id\":\"https:\/\/orthopara.store\/index.php\/produit\/gel-anti-transpirant-martiderm-driosec-75ml\/\",\"url\":\"https:\/\/orthopara.store\/index.php\/produit\/gel-anti-transpirant-martiderm-driosec-75ml\/\",\"name\":\"Gel anti-transpirant - Martiderm Driosec - 75ml - OrthoPara\",\"isPartOf\":{\"@id\":\"https:\/\/orthopara.store\/#website\"},\"primaryImageOfPage\":{\"@id\":\"https:\/\/orthopara.store\/index.php\/produit\/gel-anti-transpirant-martiderm-driosec-75ml\/#primaryimage\"},\"image\":{\"@id\":\"https:\/\/orthopara.store\/index.php\/produit\/gel-anti-transpirant-martiderm-driosec-75ml\/#primaryimage\"},\"thumbnailUrl\":\"https:\/\/orthopara.store\/wp-content\/uploads\/2024\/06\/gel-anti-transpirant-martiderm-driosec-75ml.jpg\",\"datePublished\":\"2024-06-28T13:52:40+00:00\",\"dateModified\":\"2024-06-28T13:52:44+00:00\",\"breadcrumb\":{\"@id\":\"https:\/\/orthopara.store\/index.php\/produit\/gel-anti-transpirant-martiderm-driosec-75ml\/#breadcrumb\"},\"inLanguage\":\"fr-FR\",\"potentialAction\":[{\"@type\":\"ReadAction\",\"target\":[\"https:\/\/orthopara.store\/index.php\/produit\/gel-anti-transpirant-martiderm-driosec-75ml\/\"]}]},{\"@type\":\"ImageObject\",\"inLanguage\":\"fr-FR\",\"@id\":\"https:\/\/orthopara.store\/index.php\/produit\/gel-anti-transpirant-martiderm-driosec-75ml\/#primaryimage\",\"url\":\"https:\/\/orthopara.store\/wp-content\/uploads\/2024\/06\/gel-anti-transpirant-martiderm-driosec-75ml.jpg\",\"contentUrl\":\"https:\/\/orthopara.store\/wp-content\/uploads\/2024\/06\/gel-anti-transpirant-martiderm-driosec-75ml.jpg\",\"width\":800,\"height\":800},{\"@type\":\"BreadcrumbList\",\"@id\":\"https:\/\/orthopara.store\/index.php\/produit\/gel-anti-transpirant-martiderm-driosec-75ml\/#breadcrumb\",\"itemListElement\":[{\"@type\":\"ListItem\",\"position\":1,\"name\":\"Accueil\",\"item\":\"https:\/\/orthopara.store\/\"},{\"@type\":\"ListItem\",\"position\":2,\"name\":\"Shop\",\"item\":\"https:\/\/orthopara.store\/?page_id=622\"},{\"@type\":\"ListItem\",\"position\":3,\"name\":\"Gel anti-transpirant &#8211; Martiderm Driosec &#8211; 75ml\"}]},{\"@type\":\"WebSite\",\"@id\":\"https:\/\/orthopara.store\/#website\",\"url\":\"https:\/\/orthopara.store\/\",\"name\":\"OrthoPara\",\"description\":\"Parapharmacie\",\"publisher\":{\"@id\":\"https:\/\/orthopara.store\/#organization\"},\"potentialAction\":[{\"@type\":\"SearchAction\",\"target\":{\"@type\":\"EntryPoint\",\"urlTemplate\":\"https:\/\/orthopara.store\/?s={search_term_string}\"},\"query-input\":\"required name=search_term_string\"}],\"inLanguage\":\"fr-FR\"},{\"@type\":\"Organization\",\"@id\":\"https:\/\/orthopara.store\/#organization\",\"name\":\"OrthoPara\",\"url\":\"https:\/\/orthopara.store\/\",\"logo\":{\"@type\":\"ImageObject\",\"inLanguage\":\"fr-FR\",\"@id\":\"https:\/\/orthopara.store\/#\/schema\/logo\/image\/\",\"url\":\"https:\/\/orthopara.store\/wp-content\/uploads\/2024\/06\/cropped-9ABA8BAD-6256-4719-9315-15C66E64E882.png\",\"contentUrl\":\"https:\/\/orthopara.store\/wp-content\/uploads\/2024\/06\/cropped-9ABA8BAD-6256-4719-9315-15C66E64E882.png\",\"width\":240,\"height\":72,\"caption\":\"OrthoPara\"},\"image\":{\"@id\":\"https:\/\/orthopara.store\/#\/schema\/logo\/image\/\"},\"sameAs\":[\"https:\/\/www.facebook.com\/profile.php?id=61561194315651\",\"https:\/\/www.instagram.com\/orthopara_tunisie\/\"]}]}<\/script>\n<!-- \/ Yoast SEO plugin. -->","yoast_head_json":{"title":"Gel anti-transpirant - Martiderm Driosec - 75ml - OrthoPara","robots":{"index":"index","follow":"follow","max-snippet":"max-snippet:-1","max-image-preview":"max-image-preview:large","max-video-preview":"max-video-preview:-1"},"canonical":"https:\/\/orthopara.store\/index.php\/produit\/gel-anti-transpirant-martiderm-driosec-75ml\/","og_locale":"fr_FR","og_type":"article","og_title":"Gel anti-transpirant - Martiderm Driosec - 75ml - OrthoPara","og_description":"Martiderm Driosec Gel anti-transpirant\u00a0 d\u00e9odorant et antitranspirant 48h\u00a0 contenance 75ML","og_url":"https:\/\/orthopara.store\/index.php\/produit\/gel-anti-transpirant-martiderm-driosec-75ml\/","og_site_name":"OrthoPara","article_publisher":"https:\/\/www.facebook.com\/profile.php?id=61561194315651","article_modified_time":"2024-06-28T13:52:44+00:00","og_image":[{"width":800,"height":800,"url":"https:\/\/orthopara.store\/wp-content\/uploads\/2024\/06\/gel-anti-transpirant-martiderm-driosec-75ml.jpg","type":"image\/jpeg"}],"twitter_card":"summary_large_image","twitter_misc":{"Dur\u00e9e de lecture estim\u00e9e":"1 minute"},"schema":{"@context":"https:\/\/schema.org","@graph":[{"@type":"WebPage","@id":"https:\/\/orthopara.store\/index.php\/produit\/gel-anti-transpirant-martiderm-driosec-75ml\/","url":"https:\/\/orthopara.store\/index.php\/produit\/gel-anti-transpirant-martiderm-driosec-75ml\/","name":"Gel anti-transpirant - Martiderm Driosec - 75ml - OrthoPara","isPartOf":{"@id":"https:\/\/orthopara.store\/#website"},"primaryImageOfPage":{"@id":"https:\/\/orthopara.store\/index.php\/produit\/gel-anti-transpirant-martiderm-driosec-75ml\/#primaryimage"},"image":{"@id":"https:\/\/orthopara.store\/index.php\/produit\/gel-anti-transpirant-martiderm-driosec-75ml\/#primaryimage"},"thumbnailUrl":"https:\/\/orthopara.store\/wp-content\/uploads\/2024\/06\/gel-anti-transpirant-martiderm-driosec-75ml.jpg","datePublished":"2024-06-28T13:52:40+00:00","dateModified":"2024-06-28T13:52:44+00:00","breadcrumb":{"@id":"https:\/\/orthopara.store\/index.php\/produit\/gel-anti-transpirant-martiderm-driosec-75ml\/#breadcrumb"},"inLanguage":"fr-FR","potentialAction":[{"@type":"ReadAction","target":["https:\/\/orthopara.store\/index.php\/produit\/gel-anti-transpirant-martiderm-driosec-75ml\/"]}]},{"@type":"ImageObject","inLanguage":"fr-FR","@id":"https:\/\/orthopara.store\/index.php\/produit\/gel-anti-transpirant-martiderm-driosec-75ml\/#primaryimage","url":"https:\/\/orthopara.store\/wp-content\/uploads\/2024\/06\/gel-anti-transpirant-martiderm-driosec-75ml.jpg","contentUrl":"https:\/\/orthopara.store\/wp-content\/uploads\/2024\/06\/gel-anti-transpirant-martiderm-driosec-75ml.jpg","width":800,"height":800},{"@type":"BreadcrumbList","@id":"https:\/\/orthopara.store\/index.php\/produit\/gel-anti-transpirant-martiderm-driosec-75ml\/#breadcrumb","itemListElement":[{"@type":"ListItem","position":1,"name":"Accueil","item":"https:\/\/orthopara.store\/"},{"@type":"ListItem","position":2,"name":"Shop","item":"https:\/\/orthopara.store\/?page_id=622"},{"@type":"ListItem","position":3,"name":"Gel anti-transpirant &#8211; Martiderm Driosec &#8211; 75ml"}]},{"@type":"WebSite","@id":"https:\/\/orthopara.store\/#website","url":"https:\/\/orthopara.store\/","name":"OrthoPara","description":"Parapharmacie","publisher":{"@id":"https:\/\/orthopara.store\/#organization"},"potentialAction":[{"@type":"SearchAction","target":{"@type":"EntryPoint","urlTemplate":"https:\/\/orthopara.store\/?s={search_term_string}"},"query-input":"required name=search_term_string"}],"inLanguage":"fr-FR"},{"@type":"Organization","@id":"https:\/\/orthopara.store\/#organization","name":"OrthoPara","url":"https:\/\/orthopara.store\/","logo":{"@type":"ImageObject","inLanguage":"fr-FR","@id":"https:\/\/orthopara.store\/#\/schema\/logo\/image\/","url":"https:\/\/orthopara.store\/wp-content\/uploads\/2024\/06\/cropped-9ABA8BAD-6256-4719-9315-15C66E64E882.png","contentUrl":"https:\/\/orthopara.store\/wp-content\/uploads\/2024\/06\/cropped-9ABA8BAD-6256-4719-9315-15C66E64E882.png","width":240,"height":72,"caption":"OrthoPara"},"image":{"@id":"https:\/\/orthopara.store\/#\/schema\/logo\/image\/"},"sameAs":["https:\/\/www.facebook.com\/profile.php?id=61561194315651","https:\/\/www.instagram.com\/orthopara_tunisie\/"]}]}},"jetpack_sharing_enabled":true,"brands":[{"id":85,"name":"MARTI DERM","slug":"marti-derm"}],"_links":{"self":[{"href":"https:\/\/orthopara.store\/index.php?rest_route=\/wp\/v2\/product\/1297","targetHints":{"allow":["GET"]}}],"collection":[{"href":"https:\/\/orthopara.store\/index.php?rest_route=\/wp\/v2\/product"}],"about":[{"href":"https:\/\/orthopara.store\/index.php?rest_route=\/wp\/v2\/types\/product"}],"replies":[{"embeddable":true,"href":"https:\/\/orthopara.store\/index.php?rest_route=%2Fwp%2Fv2%2Fcomments&post=1297"}],"wp:featuredmedia":[{"embeddable":true,"href":"https:\/\/orthopara.store\/index.php?rest_route=\/wp\/v2\/media\/1320"}],"wp:attachment":[{"href":"https:\/\/orthopara.store\/index.php?rest_route=%2Fwp%2Fv2%2Fmedia&parent=1297"}],"wp:term":[{"taxonomy":"pwb-brand","embeddable":true,"href":"https:\/\/orthopara.store\/index.php?rest_route=%2Fwp%2Fv2%2Fpwb-brand&post=1297"},{"taxonomy":"product_cat","embeddable":true,"href":"https:\/\/orthopara.store\/index.php?rest_route=%2Fwp%2Fv2%2Fproduct_cat&post=1297"},{"taxonomy":"product_tag","embeddable":true,"href":"https:\/\/orthopara.store\/index.php?rest_route=%2Fwp%2Fv2%2Fproduct_tag&post=1297"}],"curies":[{"name":"wp","href":"https:\/\/api.w.org\/{rel}","templated":true}]}}