{"id":1299,"date":"2024-06-28T15:52:40","date_gmt":"2024-06-28T13:52:40","guid":{"rendered":"https:\/\/orthopara.store\/?post_type=product&#038;p=1299"},"modified":"2024-06-28T15:52:45","modified_gmt":"2024-06-28T13:52:45","slug":"serum-gainant-spf30-xen-keratin-q10-60gr","status":"publish","type":"product","link":"https:\/\/orthopara.store\/?product=serum-gainant-spf30-xen-keratin-q10-60gr","title":{"rendered":"S\u00e9rum gainant spf30 &#8211; XEN K\u00e9ratin Q10 &#8211; 60gr"},"content":{"rendered":"<p>S\u00e9rum gainant spf30 &#8211; XEN K\u00e9ratin Q10 &#8211; 60gr<br \/>\nK\u00e9ratin Q10 serum gainant SPF30 du laboratoire XEN permet de bien refermer les \u00e9cailles et gainer la fibre en apportant aux cheveux soin et protection n\u00e9cessaires pour faire face aux agressions (Soleil, Vent, Chlore, Sel\u2026):<br \/>\nPrincipes actifs :<br \/>\nCeramide A2 gaine , assure un r\u00f4le de \u201cciment\u201d et permet de r\u00e9tablir ou de renforcer de fa\u00e7on importante la coh\u00e9sion cellulaire au niveau du cheveu K\u00e9ratine v\u00e9g\u00e9tale renforce la structure cellulaire du cheveu l&rsquo;innovation CoenzymeQ10 stimule la racine des cheveux pour activer la production des deux k\u00e9ratines qui diminue avec le temps.<br \/>\nConseils d&rsquo;utilisation:<br \/>\nIl est indiqu\u00e9 d&rsquo;agiter et appliquer K\u00e9ratin Q10 s\u00e9rum gainant SPF30, des longueurs aux pointes, avant exposition a un facteur agressant ( soleil, vent, chlore, sel..)\u00a0<br \/>\nNe pas rincer,<br \/>\nIl est indiqu\u00e9 de renouveler l&rsquo;utilisation apr\u00e8s chaque baignade<br \/>\nComposition:<br \/>\nEnergisone Q10<br \/>\nCyclopentasiloxane and Dimethiconol<br \/>\nK\u00e9radyn HH<br \/>\nPEG-7 Glyc\u00e9ryl Cocoate\u00a0<br \/>\nIsopropyl Myristate\u00a0<br \/>\nM\u00e9thylchloroisothiazolinone\u00a0<br \/>\nVitaminE ac\u00e9tate\u00a0<br \/>\nC\u00e9ramide A<br \/>\nPEG8 \/SMDI Copolymer\u00a0<br \/>\nPalmitoyl myristyl serinate\u00a0<br \/>\nM\u00e9thylisothiazolinone<\/p>\n","protected":false},"excerpt":{"rendered":"<p>XEN K\u00e9ratin Q10<br \/>\nK\u00e9ratin Q10 serum gainant SPF30 permet de bien refermer les \u00e9cailles et gainer la fibre en apportant aux cheveux soin et protection n\u00e9cessaires pour faire face aux agressions (Soleil,Vent,Chlore,Sel)<\/p>\n","protected":false},"featured_media":1322,"comment_status":"open","ping_status":"closed","template":"","meta":[],"pwb-brand":[136],"product_cat":[156],"product_tag":[],"class_list":{"0":"post-1299","1":"product","2":"type-product","3":"status-publish","4":"has-post-thumbnail","6":"pwb-brand-xen","7":"product_cat-soins-des-pieds","8":"post","9":"ws-product--style-1","11":"first","12":"instock","13":"shipping-taxable","14":"purchasable","15":"product-type-simple"},"yoast_head":"<!-- This site is optimized with the Yoast SEO plugin v23.0 - https:\/\/yoast.com\/wordpress\/plugins\/seo\/ -->\n<title>S\u00e9rum gainant spf30 - XEN K\u00e9ratin Q10 - 60gr - OrthoPara<\/title>\n<meta name=\"robots\" content=\"index, follow, max-snippet:-1, max-image-preview:large, max-video-preview:-1\" \/>\n<link rel=\"canonical\" href=\"https:\/\/orthopara.store\/index.php\/produit\/serum-gainant-spf30-xen-keratin-q10-60gr\/\" \/>\n<meta property=\"og:locale\" content=\"fr_FR\" \/>\n<meta property=\"og:type\" content=\"article\" \/>\n<meta property=\"og:title\" content=\"S\u00e9rum gainant spf30 - XEN K\u00e9ratin Q10 - 60gr - OrthoPara\" \/>\n<meta property=\"og:description\" content=\"XEN K\u00e9ratin Q10 K\u00e9ratin Q10 serum gainant SPF30 permet de bien refermer les \u00e9cailles et gainer la fibre en apportant aux cheveux soin et protection n\u00e9cessaires pour faire face aux agressions (Soleil,Vent,Chlore,Sel)\" \/>\n<meta property=\"og:url\" content=\"https:\/\/orthopara.store\/index.php\/produit\/serum-gainant-spf30-xen-keratin-q10-60gr\/\" \/>\n<meta property=\"og:site_name\" content=\"OrthoPara\" \/>\n<meta property=\"article:publisher\" content=\"https:\/\/www.facebook.com\/profile.php?id=61561194315651\" \/>\n<meta property=\"article:modified_time\" content=\"2024-06-28T13:52:45+00:00\" \/>\n<meta property=\"og:image\" content=\"https:\/\/orthopara.store\/wp-content\/uploads\/2024\/06\/xen-keratin-q10-serum-gainant-spf-30.jpg\" \/>\n\t<meta property=\"og:image:width\" content=\"800\" \/>\n\t<meta property=\"og:image:height\" content=\"800\" \/>\n\t<meta property=\"og:image:type\" content=\"image\/jpeg\" \/>\n<meta name=\"twitter:card\" content=\"summary_large_image\" \/>\n<meta name=\"twitter:label1\" content=\"Dur\u00e9e de lecture estim\u00e9e\" \/>\n\t<meta name=\"twitter:data1\" content=\"1 minute\" \/>\n<script type=\"application\/ld+json\" class=\"yoast-schema-graph\">{\"@context\":\"https:\/\/schema.org\",\"@graph\":[{\"@type\":\"WebPage\",\"@id\":\"https:\/\/orthopara.store\/index.php\/produit\/serum-gainant-spf30-xen-keratin-q10-60gr\/\",\"url\":\"https:\/\/orthopara.store\/index.php\/produit\/serum-gainant-spf30-xen-keratin-q10-60gr\/\",\"name\":\"S\u00e9rum gainant spf30 - XEN K\u00e9ratin Q10 - 60gr - OrthoPara\",\"isPartOf\":{\"@id\":\"https:\/\/orthopara.store\/#website\"},\"primaryImageOfPage\":{\"@id\":\"https:\/\/orthopara.store\/index.php\/produit\/serum-gainant-spf30-xen-keratin-q10-60gr\/#primaryimage\"},\"image\":{\"@id\":\"https:\/\/orthopara.store\/index.php\/produit\/serum-gainant-spf30-xen-keratin-q10-60gr\/#primaryimage\"},\"thumbnailUrl\":\"https:\/\/orthopara.store\/wp-content\/uploads\/2024\/06\/xen-keratin-q10-serum-gainant-spf-30.jpg\",\"datePublished\":\"2024-06-28T13:52:40+00:00\",\"dateModified\":\"2024-06-28T13:52:45+00:00\",\"breadcrumb\":{\"@id\":\"https:\/\/orthopara.store\/index.php\/produit\/serum-gainant-spf30-xen-keratin-q10-60gr\/#breadcrumb\"},\"inLanguage\":\"fr-FR\",\"potentialAction\":[{\"@type\":\"ReadAction\",\"target\":[\"https:\/\/orthopara.store\/index.php\/produit\/serum-gainant-spf30-xen-keratin-q10-60gr\/\"]}]},{\"@type\":\"ImageObject\",\"inLanguage\":\"fr-FR\",\"@id\":\"https:\/\/orthopara.store\/index.php\/produit\/serum-gainant-spf30-xen-keratin-q10-60gr\/#primaryimage\",\"url\":\"https:\/\/orthopara.store\/wp-content\/uploads\/2024\/06\/xen-keratin-q10-serum-gainant-spf-30.jpg\",\"contentUrl\":\"https:\/\/orthopara.store\/wp-content\/uploads\/2024\/06\/xen-keratin-q10-serum-gainant-spf-30.jpg\",\"width\":800,\"height\":800},{\"@type\":\"BreadcrumbList\",\"@id\":\"https:\/\/orthopara.store\/index.php\/produit\/serum-gainant-spf30-xen-keratin-q10-60gr\/#breadcrumb\",\"itemListElement\":[{\"@type\":\"ListItem\",\"position\":1,\"name\":\"Accueil\",\"item\":\"https:\/\/orthopara.store\/\"},{\"@type\":\"ListItem\",\"position\":2,\"name\":\"Shop\",\"item\":\"https:\/\/orthopara.store\/?page_id=622\"},{\"@type\":\"ListItem\",\"position\":3,\"name\":\"S\u00e9rum gainant spf30 &#8211; XEN K\u00e9ratin Q10 &#8211; 60gr\"}]},{\"@type\":\"WebSite\",\"@id\":\"https:\/\/orthopara.store\/#website\",\"url\":\"https:\/\/orthopara.store\/\",\"name\":\"OrthoPara\",\"description\":\"Parapharmacie\",\"publisher\":{\"@id\":\"https:\/\/orthopara.store\/#organization\"},\"potentialAction\":[{\"@type\":\"SearchAction\",\"target\":{\"@type\":\"EntryPoint\",\"urlTemplate\":\"https:\/\/orthopara.store\/?s={search_term_string}\"},\"query-input\":\"required name=search_term_string\"}],\"inLanguage\":\"fr-FR\"},{\"@type\":\"Organization\",\"@id\":\"https:\/\/orthopara.store\/#organization\",\"name\":\"OrthoPara\",\"url\":\"https:\/\/orthopara.store\/\",\"logo\":{\"@type\":\"ImageObject\",\"inLanguage\":\"fr-FR\",\"@id\":\"https:\/\/orthopara.store\/#\/schema\/logo\/image\/\",\"url\":\"https:\/\/orthopara.store\/wp-content\/uploads\/2024\/06\/cropped-9ABA8BAD-6256-4719-9315-15C66E64E882.png\",\"contentUrl\":\"https:\/\/orthopara.store\/wp-content\/uploads\/2024\/06\/cropped-9ABA8BAD-6256-4719-9315-15C66E64E882.png\",\"width\":240,\"height\":72,\"caption\":\"OrthoPara\"},\"image\":{\"@id\":\"https:\/\/orthopara.store\/#\/schema\/logo\/image\/\"},\"sameAs\":[\"https:\/\/www.facebook.com\/profile.php?id=61561194315651\",\"https:\/\/www.instagram.com\/orthopara_tunisie\/\"]}]}<\/script>\n<!-- \/ Yoast SEO plugin. -->","yoast_head_json":{"title":"S\u00e9rum gainant spf30 - XEN K\u00e9ratin Q10 - 60gr - OrthoPara","robots":{"index":"index","follow":"follow","max-snippet":"max-snippet:-1","max-image-preview":"max-image-preview:large","max-video-preview":"max-video-preview:-1"},"canonical":"https:\/\/orthopara.store\/index.php\/produit\/serum-gainant-spf30-xen-keratin-q10-60gr\/","og_locale":"fr_FR","og_type":"article","og_title":"S\u00e9rum gainant spf30 - XEN K\u00e9ratin Q10 - 60gr - OrthoPara","og_description":"XEN K\u00e9ratin Q10 K\u00e9ratin Q10 serum gainant SPF30 permet de bien refermer les \u00e9cailles et gainer la fibre en apportant aux cheveux soin et protection n\u00e9cessaires pour faire face aux agressions (Soleil,Vent,Chlore,Sel)","og_url":"https:\/\/orthopara.store\/index.php\/produit\/serum-gainant-spf30-xen-keratin-q10-60gr\/","og_site_name":"OrthoPara","article_publisher":"https:\/\/www.facebook.com\/profile.php?id=61561194315651","article_modified_time":"2024-06-28T13:52:45+00:00","og_image":[{"width":800,"height":800,"url":"https:\/\/orthopara.store\/wp-content\/uploads\/2024\/06\/xen-keratin-q10-serum-gainant-spf-30.jpg","type":"image\/jpeg"}],"twitter_card":"summary_large_image","twitter_misc":{"Dur\u00e9e de lecture estim\u00e9e":"1 minute"},"schema":{"@context":"https:\/\/schema.org","@graph":[{"@type":"WebPage","@id":"https:\/\/orthopara.store\/index.php\/produit\/serum-gainant-spf30-xen-keratin-q10-60gr\/","url":"https:\/\/orthopara.store\/index.php\/produit\/serum-gainant-spf30-xen-keratin-q10-60gr\/","name":"S\u00e9rum gainant spf30 - XEN K\u00e9ratin Q10 - 60gr - OrthoPara","isPartOf":{"@id":"https:\/\/orthopara.store\/#website"},"primaryImageOfPage":{"@id":"https:\/\/orthopara.store\/index.php\/produit\/serum-gainant-spf30-xen-keratin-q10-60gr\/#primaryimage"},"image":{"@id":"https:\/\/orthopara.store\/index.php\/produit\/serum-gainant-spf30-xen-keratin-q10-60gr\/#primaryimage"},"thumbnailUrl":"https:\/\/orthopara.store\/wp-content\/uploads\/2024\/06\/xen-keratin-q10-serum-gainant-spf-30.jpg","datePublished":"2024-06-28T13:52:40+00:00","dateModified":"2024-06-28T13:52:45+00:00","breadcrumb":{"@id":"https:\/\/orthopara.store\/index.php\/produit\/serum-gainant-spf30-xen-keratin-q10-60gr\/#breadcrumb"},"inLanguage":"fr-FR","potentialAction":[{"@type":"ReadAction","target":["https:\/\/orthopara.store\/index.php\/produit\/serum-gainant-spf30-xen-keratin-q10-60gr\/"]}]},{"@type":"ImageObject","inLanguage":"fr-FR","@id":"https:\/\/orthopara.store\/index.php\/produit\/serum-gainant-spf30-xen-keratin-q10-60gr\/#primaryimage","url":"https:\/\/orthopara.store\/wp-content\/uploads\/2024\/06\/xen-keratin-q10-serum-gainant-spf-30.jpg","contentUrl":"https:\/\/orthopara.store\/wp-content\/uploads\/2024\/06\/xen-keratin-q10-serum-gainant-spf-30.jpg","width":800,"height":800},{"@type":"BreadcrumbList","@id":"https:\/\/orthopara.store\/index.php\/produit\/serum-gainant-spf30-xen-keratin-q10-60gr\/#breadcrumb","itemListElement":[{"@type":"ListItem","position":1,"name":"Accueil","item":"https:\/\/orthopara.store\/"},{"@type":"ListItem","position":2,"name":"Shop","item":"https:\/\/orthopara.store\/?page_id=622"},{"@type":"ListItem","position":3,"name":"S\u00e9rum gainant spf30 &#8211; XEN K\u00e9ratin Q10 &#8211; 60gr"}]},{"@type":"WebSite","@id":"https:\/\/orthopara.store\/#website","url":"https:\/\/orthopara.store\/","name":"OrthoPara","description":"Parapharmacie","publisher":{"@id":"https:\/\/orthopara.store\/#organization"},"potentialAction":[{"@type":"SearchAction","target":{"@type":"EntryPoint","urlTemplate":"https:\/\/orthopara.store\/?s={search_term_string}"},"query-input":"required name=search_term_string"}],"inLanguage":"fr-FR"},{"@type":"Organization","@id":"https:\/\/orthopara.store\/#organization","name":"OrthoPara","url":"https:\/\/orthopara.store\/","logo":{"@type":"ImageObject","inLanguage":"fr-FR","@id":"https:\/\/orthopara.store\/#\/schema\/logo\/image\/","url":"https:\/\/orthopara.store\/wp-content\/uploads\/2024\/06\/cropped-9ABA8BAD-6256-4719-9315-15C66E64E882.png","contentUrl":"https:\/\/orthopara.store\/wp-content\/uploads\/2024\/06\/cropped-9ABA8BAD-6256-4719-9315-15C66E64E882.png","width":240,"height":72,"caption":"OrthoPara"},"image":{"@id":"https:\/\/orthopara.store\/#\/schema\/logo\/image\/"},"sameAs":["https:\/\/www.facebook.com\/profile.php?id=61561194315651","https:\/\/www.instagram.com\/orthopara_tunisie\/"]}]}},"jetpack_sharing_enabled":true,"brands":[{"id":136,"name":"XEN","slug":"xen"}],"_links":{"self":[{"href":"https:\/\/orthopara.store\/index.php?rest_route=\/wp\/v2\/product\/1299","targetHints":{"allow":["GET"]}}],"collection":[{"href":"https:\/\/orthopara.store\/index.php?rest_route=\/wp\/v2\/product"}],"about":[{"href":"https:\/\/orthopara.store\/index.php?rest_route=\/wp\/v2\/types\/product"}],"replies":[{"embeddable":true,"href":"https:\/\/orthopara.store\/index.php?rest_route=%2Fwp%2Fv2%2Fcomments&post=1299"}],"wp:featuredmedia":[{"embeddable":true,"href":"https:\/\/orthopara.store\/index.php?rest_route=\/wp\/v2\/media\/1322"}],"wp:attachment":[{"href":"https:\/\/orthopara.store\/index.php?rest_route=%2Fwp%2Fv2%2Fmedia&parent=1299"}],"wp:term":[{"taxonomy":"pwb-brand","embeddable":true,"href":"https:\/\/orthopara.store\/index.php?rest_route=%2Fwp%2Fv2%2Fpwb-brand&post=1299"},{"taxonomy":"product_cat","embeddable":true,"href":"https:\/\/orthopara.store\/index.php?rest_route=%2Fwp%2Fv2%2Fproduct_cat&post=1299"},{"taxonomy":"product_tag","embeddable":true,"href":"https:\/\/orthopara.store\/index.php?rest_route=%2Fwp%2Fv2%2Fproduct_tag&post=1299"}],"curies":[{"name":"wp","href":"https:\/\/api.w.org\/{rel}","templated":true}]}}