{"id":1301,"date":"2024-06-28T15:52:40","date_gmt":"2024-06-28T13:52:40","guid":{"rendered":"https:\/\/orthopara.store\/?post_type=product&#038;p=1301"},"modified":"2024-06-28T15:52:46","modified_gmt":"2024-06-28T13:52:46","slug":"creme-mains-reparatrice-neutraderm-50ml","status":"publish","type":"product","link":"https:\/\/orthopara.store\/?product=creme-mains-reparatrice-neutraderm-50ml","title":{"rendered":"Cr\u00e8me mains r\u00e9paratrice &#8211; Neutraderm &#8211; 50ml"},"content":{"rendered":"<p>Cr\u00e8me mains r\u00e9paratrice &#8211; Neutraderm &#8211; 50ml<br \/>\nLa Cr\u00e8me Mains R\u00e9paratrice est une cr\u00e8me pour les mains tr\u00e8s s\u00e8ches. C\u2019est un soin quotidien qui r\u00e9pare et apaise les mains sensibles et tr\u00e8s s\u00e8ches d\u00e8s la premi\u00e8re utilisation.<br \/>\nLa peau est nourrie et prot\u00e9g\u00e9e des agressions ext\u00e9rieures.\u00a0<br \/>\nSa formule non-collante p\u00e9n\u00e8tre rapidement et r\u00e9siste \u00e0 l\u2019eau.<br \/>\nLa cr\u00e8me main r\u00e9paratrice est compos\u00e9e d\u2019actifs et ingr\u00e9dients qui respectent l\u2019\u00e9quilibre de votre peau :<br \/>\nL\u2019allanto\u00efne est apaisante pour la peau, elle lui donne une apparence saine, lisse et douce.<br \/>\nLe beurre de karit\u00e9 am\u00e9liore la fonction barri\u00e8re de la peau et l\u2019hydratation de la peau. Il est apaisant, protecteur, hydratant et adoucissant.<br \/>\nElle est compos\u00e9e de 94% d\u2019ingr\u00e9dients d\u2019origine naturelle et de 92% d\u2019ingr\u00e9dients biod\u00e9gradables. Elle contient 50% d\u2019Active Oligo Skin Complex.<br \/>\nRetrouvez des mains douces et r\u00e9par\u00e9es et des ongles renforc\u00e9s avec la Cr\u00e8me Mains R\u00e9paratrice Neutraderm.<\/p>\n","protected":false},"excerpt":{"rendered":"<p>Neutraderm<br \/>\nCr\u00e8me mains r\u00e9paratrice<br \/>\nLa Cr\u00e8me Mains R\u00e9paratrice est une cr\u00e8me pour les mains tr\u00e8s s\u00e8ches. C\u2019est un soin quotidien qui r\u00e9pare et apaise les mains sensibles et tr\u00e8s s\u00e8ches d\u00e8s la premi\u00e8re utilisation.<br \/>\ncontenance : 50ml<\/p>\n","protected":false},"featured_media":1324,"comment_status":"open","ping_status":"closed","template":"","meta":[],"pwb-brand":[70],"product_cat":[160],"product_tag":[],"class_list":{"0":"post-1301","1":"product","2":"type-product","3":"status-publish","4":"has-post-thumbnail","6":"pwb-brand-neutraderm","7":"product_cat-soins-des-mains","8":"post","9":"ws-product--style-1","11":"first","12":"instock","13":"shipping-taxable","14":"purchasable","15":"product-type-simple"},"yoast_head":"<!-- This site is optimized with the Yoast SEO plugin v23.0 - https:\/\/yoast.com\/wordpress\/plugins\/seo\/ -->\n<title>Cr\u00e8me mains r\u00e9paratrice - Neutraderm - 50ml - OrthoPara<\/title>\n<meta name=\"robots\" content=\"index, follow, max-snippet:-1, max-image-preview:large, max-video-preview:-1\" \/>\n<link rel=\"canonical\" href=\"https:\/\/orthopara.store\/index.php\/produit\/creme-mains-reparatrice-neutraderm-50ml\/\" \/>\n<meta property=\"og:locale\" content=\"fr_FR\" \/>\n<meta property=\"og:type\" content=\"article\" \/>\n<meta property=\"og:title\" content=\"Cr\u00e8me mains r\u00e9paratrice - Neutraderm - 50ml - OrthoPara\" \/>\n<meta property=\"og:description\" content=\"Neutraderm Cr\u00e8me mains r\u00e9paratrice La Cr\u00e8me Mains R\u00e9paratrice est une cr\u00e8me pour les mains tr\u00e8s s\u00e8ches. C\u2019est un soin quotidien qui r\u00e9pare et apaise les mains sensibles et tr\u00e8s s\u00e8ches d\u00e8s la premi\u00e8re utilisation. contenance : 50ml\" \/>\n<meta property=\"og:url\" content=\"https:\/\/orthopara.store\/index.php\/produit\/creme-mains-reparatrice-neutraderm-50ml\/\" \/>\n<meta property=\"og:site_name\" content=\"OrthoPara\" \/>\n<meta property=\"article:publisher\" content=\"https:\/\/www.facebook.com\/profile.php?id=61561194315651\" \/>\n<meta property=\"article:modified_time\" content=\"2024-06-28T13:52:46+00:00\" \/>\n<meta property=\"og:image\" content=\"https:\/\/orthopara.store\/wp-content\/uploads\/2024\/06\/creme-mains-reparatrice-neutraderm-50ml.jpg\" \/>\n\t<meta property=\"og:image:width\" content=\"800\" \/>\n\t<meta property=\"og:image:height\" content=\"800\" \/>\n\t<meta property=\"og:image:type\" content=\"image\/jpeg\" \/>\n<meta name=\"twitter:card\" content=\"summary_large_image\" \/>\n<meta name=\"twitter:label1\" content=\"Dur\u00e9e de lecture estim\u00e9e\" \/>\n\t<meta name=\"twitter:data1\" content=\"1 minute\" \/>\n<script type=\"application\/ld+json\" class=\"yoast-schema-graph\">{\"@context\":\"https:\/\/schema.org\",\"@graph\":[{\"@type\":\"WebPage\",\"@id\":\"https:\/\/orthopara.store\/index.php\/produit\/creme-mains-reparatrice-neutraderm-50ml\/\",\"url\":\"https:\/\/orthopara.store\/index.php\/produit\/creme-mains-reparatrice-neutraderm-50ml\/\",\"name\":\"Cr\u00e8me mains r\u00e9paratrice - Neutraderm - 50ml - OrthoPara\",\"isPartOf\":{\"@id\":\"https:\/\/orthopara.store\/#website\"},\"primaryImageOfPage\":{\"@id\":\"https:\/\/orthopara.store\/index.php\/produit\/creme-mains-reparatrice-neutraderm-50ml\/#primaryimage\"},\"image\":{\"@id\":\"https:\/\/orthopara.store\/index.php\/produit\/creme-mains-reparatrice-neutraderm-50ml\/#primaryimage\"},\"thumbnailUrl\":\"https:\/\/orthopara.store\/wp-content\/uploads\/2024\/06\/creme-mains-reparatrice-neutraderm-50ml.jpg\",\"datePublished\":\"2024-06-28T13:52:40+00:00\",\"dateModified\":\"2024-06-28T13:52:46+00:00\",\"breadcrumb\":{\"@id\":\"https:\/\/orthopara.store\/index.php\/produit\/creme-mains-reparatrice-neutraderm-50ml\/#breadcrumb\"},\"inLanguage\":\"fr-FR\",\"potentialAction\":[{\"@type\":\"ReadAction\",\"target\":[\"https:\/\/orthopara.store\/index.php\/produit\/creme-mains-reparatrice-neutraderm-50ml\/\"]}]},{\"@type\":\"ImageObject\",\"inLanguage\":\"fr-FR\",\"@id\":\"https:\/\/orthopara.store\/index.php\/produit\/creme-mains-reparatrice-neutraderm-50ml\/#primaryimage\",\"url\":\"https:\/\/orthopara.store\/wp-content\/uploads\/2024\/06\/creme-mains-reparatrice-neutraderm-50ml.jpg\",\"contentUrl\":\"https:\/\/orthopara.store\/wp-content\/uploads\/2024\/06\/creme-mains-reparatrice-neutraderm-50ml.jpg\",\"width\":800,\"height\":800},{\"@type\":\"BreadcrumbList\",\"@id\":\"https:\/\/orthopara.store\/index.php\/produit\/creme-mains-reparatrice-neutraderm-50ml\/#breadcrumb\",\"itemListElement\":[{\"@type\":\"ListItem\",\"position\":1,\"name\":\"Accueil\",\"item\":\"https:\/\/orthopara.store\/\"},{\"@type\":\"ListItem\",\"position\":2,\"name\":\"Shop\",\"item\":\"https:\/\/orthopara.store\/?page_id=622\"},{\"@type\":\"ListItem\",\"position\":3,\"name\":\"Cr\u00e8me mains r\u00e9paratrice &#8211; Neutraderm &#8211; 50ml\"}]},{\"@type\":\"WebSite\",\"@id\":\"https:\/\/orthopara.store\/#website\",\"url\":\"https:\/\/orthopara.store\/\",\"name\":\"OrthoPara\",\"description\":\"Parapharmacie\",\"publisher\":{\"@id\":\"https:\/\/orthopara.store\/#organization\"},\"potentialAction\":[{\"@type\":\"SearchAction\",\"target\":{\"@type\":\"EntryPoint\",\"urlTemplate\":\"https:\/\/orthopara.store\/?s={search_term_string}\"},\"query-input\":\"required name=search_term_string\"}],\"inLanguage\":\"fr-FR\"},{\"@type\":\"Organization\",\"@id\":\"https:\/\/orthopara.store\/#organization\",\"name\":\"OrthoPara\",\"url\":\"https:\/\/orthopara.store\/\",\"logo\":{\"@type\":\"ImageObject\",\"inLanguage\":\"fr-FR\",\"@id\":\"https:\/\/orthopara.store\/#\/schema\/logo\/image\/\",\"url\":\"https:\/\/orthopara.store\/wp-content\/uploads\/2024\/06\/cropped-9ABA8BAD-6256-4719-9315-15C66E64E882.png\",\"contentUrl\":\"https:\/\/orthopara.store\/wp-content\/uploads\/2024\/06\/cropped-9ABA8BAD-6256-4719-9315-15C66E64E882.png\",\"width\":240,\"height\":72,\"caption\":\"OrthoPara\"},\"image\":{\"@id\":\"https:\/\/orthopara.store\/#\/schema\/logo\/image\/\"},\"sameAs\":[\"https:\/\/www.facebook.com\/profile.php?id=61561194315651\",\"https:\/\/www.instagram.com\/orthopara_tunisie\/\"]}]}<\/script>\n<!-- \/ Yoast SEO plugin. -->","yoast_head_json":{"title":"Cr\u00e8me mains r\u00e9paratrice - Neutraderm - 50ml - OrthoPara","robots":{"index":"index","follow":"follow","max-snippet":"max-snippet:-1","max-image-preview":"max-image-preview:large","max-video-preview":"max-video-preview:-1"},"canonical":"https:\/\/orthopara.store\/index.php\/produit\/creme-mains-reparatrice-neutraderm-50ml\/","og_locale":"fr_FR","og_type":"article","og_title":"Cr\u00e8me mains r\u00e9paratrice - Neutraderm - 50ml - OrthoPara","og_description":"Neutraderm Cr\u00e8me mains r\u00e9paratrice La Cr\u00e8me Mains R\u00e9paratrice est une cr\u00e8me pour les mains tr\u00e8s s\u00e8ches. C\u2019est un soin quotidien qui r\u00e9pare et apaise les mains sensibles et tr\u00e8s s\u00e8ches d\u00e8s la premi\u00e8re utilisation. contenance : 50ml","og_url":"https:\/\/orthopara.store\/index.php\/produit\/creme-mains-reparatrice-neutraderm-50ml\/","og_site_name":"OrthoPara","article_publisher":"https:\/\/www.facebook.com\/profile.php?id=61561194315651","article_modified_time":"2024-06-28T13:52:46+00:00","og_image":[{"width":800,"height":800,"url":"https:\/\/orthopara.store\/wp-content\/uploads\/2024\/06\/creme-mains-reparatrice-neutraderm-50ml.jpg","type":"image\/jpeg"}],"twitter_card":"summary_large_image","twitter_misc":{"Dur\u00e9e de lecture estim\u00e9e":"1 minute"},"schema":{"@context":"https:\/\/schema.org","@graph":[{"@type":"WebPage","@id":"https:\/\/orthopara.store\/index.php\/produit\/creme-mains-reparatrice-neutraderm-50ml\/","url":"https:\/\/orthopara.store\/index.php\/produit\/creme-mains-reparatrice-neutraderm-50ml\/","name":"Cr\u00e8me mains r\u00e9paratrice - Neutraderm - 50ml - OrthoPara","isPartOf":{"@id":"https:\/\/orthopara.store\/#website"},"primaryImageOfPage":{"@id":"https:\/\/orthopara.store\/index.php\/produit\/creme-mains-reparatrice-neutraderm-50ml\/#primaryimage"},"image":{"@id":"https:\/\/orthopara.store\/index.php\/produit\/creme-mains-reparatrice-neutraderm-50ml\/#primaryimage"},"thumbnailUrl":"https:\/\/orthopara.store\/wp-content\/uploads\/2024\/06\/creme-mains-reparatrice-neutraderm-50ml.jpg","datePublished":"2024-06-28T13:52:40+00:00","dateModified":"2024-06-28T13:52:46+00:00","breadcrumb":{"@id":"https:\/\/orthopara.store\/index.php\/produit\/creme-mains-reparatrice-neutraderm-50ml\/#breadcrumb"},"inLanguage":"fr-FR","potentialAction":[{"@type":"ReadAction","target":["https:\/\/orthopara.store\/index.php\/produit\/creme-mains-reparatrice-neutraderm-50ml\/"]}]},{"@type":"ImageObject","inLanguage":"fr-FR","@id":"https:\/\/orthopara.store\/index.php\/produit\/creme-mains-reparatrice-neutraderm-50ml\/#primaryimage","url":"https:\/\/orthopara.store\/wp-content\/uploads\/2024\/06\/creme-mains-reparatrice-neutraderm-50ml.jpg","contentUrl":"https:\/\/orthopara.store\/wp-content\/uploads\/2024\/06\/creme-mains-reparatrice-neutraderm-50ml.jpg","width":800,"height":800},{"@type":"BreadcrumbList","@id":"https:\/\/orthopara.store\/index.php\/produit\/creme-mains-reparatrice-neutraderm-50ml\/#breadcrumb","itemListElement":[{"@type":"ListItem","position":1,"name":"Accueil","item":"https:\/\/orthopara.store\/"},{"@type":"ListItem","position":2,"name":"Shop","item":"https:\/\/orthopara.store\/?page_id=622"},{"@type":"ListItem","position":3,"name":"Cr\u00e8me mains r\u00e9paratrice &#8211; Neutraderm &#8211; 50ml"}]},{"@type":"WebSite","@id":"https:\/\/orthopara.store\/#website","url":"https:\/\/orthopara.store\/","name":"OrthoPara","description":"Parapharmacie","publisher":{"@id":"https:\/\/orthopara.store\/#organization"},"potentialAction":[{"@type":"SearchAction","target":{"@type":"EntryPoint","urlTemplate":"https:\/\/orthopara.store\/?s={search_term_string}"},"query-input":"required name=search_term_string"}],"inLanguage":"fr-FR"},{"@type":"Organization","@id":"https:\/\/orthopara.store\/#organization","name":"OrthoPara","url":"https:\/\/orthopara.store\/","logo":{"@type":"ImageObject","inLanguage":"fr-FR","@id":"https:\/\/orthopara.store\/#\/schema\/logo\/image\/","url":"https:\/\/orthopara.store\/wp-content\/uploads\/2024\/06\/cropped-9ABA8BAD-6256-4719-9315-15C66E64E882.png","contentUrl":"https:\/\/orthopara.store\/wp-content\/uploads\/2024\/06\/cropped-9ABA8BAD-6256-4719-9315-15C66E64E882.png","width":240,"height":72,"caption":"OrthoPara"},"image":{"@id":"https:\/\/orthopara.store\/#\/schema\/logo\/image\/"},"sameAs":["https:\/\/www.facebook.com\/profile.php?id=61561194315651","https:\/\/www.instagram.com\/orthopara_tunisie\/"]}]}},"jetpack_sharing_enabled":true,"brands":[{"id":70,"name":"Neutraderm","slug":"neutraderm"}],"_links":{"self":[{"href":"https:\/\/orthopara.store\/index.php?rest_route=\/wp\/v2\/product\/1301","targetHints":{"allow":["GET"]}}],"collection":[{"href":"https:\/\/orthopara.store\/index.php?rest_route=\/wp\/v2\/product"}],"about":[{"href":"https:\/\/orthopara.store\/index.php?rest_route=\/wp\/v2\/types\/product"}],"replies":[{"embeddable":true,"href":"https:\/\/orthopara.store\/index.php?rest_route=%2Fwp%2Fv2%2Fcomments&post=1301"}],"wp:featuredmedia":[{"embeddable":true,"href":"https:\/\/orthopara.store\/index.php?rest_route=\/wp\/v2\/media\/1324"}],"wp:attachment":[{"href":"https:\/\/orthopara.store\/index.php?rest_route=%2Fwp%2Fv2%2Fmedia&parent=1301"}],"wp:term":[{"taxonomy":"pwb-brand","embeddable":true,"href":"https:\/\/orthopara.store\/index.php?rest_route=%2Fwp%2Fv2%2Fpwb-brand&post=1301"},{"taxonomy":"product_cat","embeddable":true,"href":"https:\/\/orthopara.store\/index.php?rest_route=%2Fwp%2Fv2%2Fproduct_cat&post=1301"},{"taxonomy":"product_tag","embeddable":true,"href":"https:\/\/orthopara.store\/index.php?rest_route=%2Fwp%2Fv2%2Fproduct_tag&post=1301"}],"curies":[{"name":"wp","href":"https:\/\/api.w.org\/{rel}","templated":true}]}}