{"id":1302,"date":"2024-06-28T15:52:41","date_gmt":"2024-06-28T13:52:41","guid":{"rendered":"https:\/\/orthopara.store\/?post_type=product&#038;p=1302"},"modified":"2024-11-10T16:22:06","modified_gmt":"2024-11-10T15:22:06","slug":"creme-mains-et-ongles-loramel-ureave-75ml","status":"publish","type":"product","link":"https:\/\/orthopara.store\/?product=creme-mains-et-ongles-loramel-ureave-75ml","title":{"rendered":"Cr\u00e8me mains et ongles &#8211; L&rsquo;Oramel Ureave &#8211; 75ml"},"content":{"rendered":"<p>Cr\u00e8me mains et ongles &#8211; L&rsquo;Oramel Ureave &#8211; 75ml<br \/>\nLa cr\u00e8me mains et ongles Ureave de l&rsquo;Oramel est con\u00e7ue pour les mains s\u00e8ches et les ongles cassants et fragilis\u00e9s.<br \/>\nSa texture onctueuse sans effet gras offre un soin velout\u00e9 complet pour les mains et les ongles gr\u00e2ce \u00e0 la combinaison de l&rsquo;effet hydratant intense de l&rsquo;ur\u00e9e et de l&rsquo;effet protecteur du lait de ch\u00e8vre contre les agressions quotidiennes.<br \/>\nSa formule \u00e0 base de provitamine BS et de K\u00e9ratine hydrolys\u00e9e renforce et r\u00e9g\u00e9n\u00e8re les ongles fragilis\u00e9s.<br \/>\nB\u00e9n\u00e9fices :<br \/>\nSoulage, les tiraillements et aide \u00e0 cicatriser les irritations et les agressions de la peau.<br \/>\nNourrit et prot\u00e8ge la peau,<br \/>\nLaisse la peau Lisse et hydrat\u00e9e.<br \/>\nFortifie les ongles et am\u00e9liore leur duret\u00e9<br \/>\nPrincipes actifs :<br \/>\nUrea, D-panth\u00e9no K\u00e9ratin hydrolis\u00e9e, Lait de ch\u00e8vre, Vitamine E, Extrait de Mangue, Extrait 4,e kiwi, Huile d&rsquo;abricot<br \/>\nCaract\u00e9ristiques Physico-Chimiques :<br \/>\npH \u00e0 20\u00b0C :5,5+\/ -0.5<br \/>\nDensit\u00e9 :0,9<br \/>\nConseils d&rsquo;utilisation :<br \/>\nD\u00e9poser une noisette de la cr\u00e8me main et ongle Ureave de l&rsquo;Oramel\u00a0sur le dos de chaque main puis masser soigneusement les deux mains, sans oublier le bout des doigts et le pourtour des ongles. Renouveler l&rsquo;application une \u00e0 plusieurs fois par jour selon la s\u00e9cheresse de la peau.<\/p>\n","protected":false},"excerpt":{"rendered":"<p>L&rsquo;Oramel Ureave<br \/>\nCr\u00e8me mains et ongles<br \/>\nSoin velout\u00e9 complet pour les mains et les ongles con\u00e7u pour les mains s\u00e8ches et les ongles cassants et fragilis\u00e9s.<br \/>\nUr\u00e9e : 5%<br \/>\nContenance : tube de 75ml<\/p>\n","protected":false},"featured_media":1325,"comment_status":"open","ping_status":"closed","template":"","meta":[],"pwb-brand":[71],"product_cat":[160],"product_tag":[],"class_list":{"0":"post-1302","1":"product","2":"type-product","3":"status-publish","4":"has-post-thumbnail","6":"pwb-brand-loramel","7":"product_cat-soins-des-mains","8":"post","9":"ws-product--style-1","11":"first","12":"instock","13":"shipping-taxable","14":"purchasable","15":"product-type-simple"},"yoast_head":"<!-- This site is optimized with the Yoast SEO plugin v23.0 - https:\/\/yoast.com\/wordpress\/plugins\/seo\/ -->\n<title>Cr\u00e8me mains et ongles - L&#039;Oramel Ureave - 75ml - OrthoPara<\/title>\n<meta name=\"robots\" content=\"index, follow, max-snippet:-1, max-image-preview:large, max-video-preview:-1\" \/>\n<link rel=\"canonical\" href=\"https:\/\/orthopara.store\/index.php\/produit\/creme-mains-et-ongles-loramel-ureave-75ml\/\" \/>\n<meta property=\"og:locale\" content=\"fr_FR\" \/>\n<meta property=\"og:type\" content=\"article\" \/>\n<meta property=\"og:title\" content=\"Cr\u00e8me mains et ongles - L&#039;Oramel Ureave - 75ml - OrthoPara\" \/>\n<meta property=\"og:description\" content=\"L&#039;Oramel Ureave Cr\u00e8me mains et ongles Soin velout\u00e9 complet pour les mains et les ongles con\u00e7u pour les mains s\u00e8ches et les ongles cassants et fragilis\u00e9s. Ur\u00e9e : 5% Contenance : tube de 75ml\" \/>\n<meta property=\"og:url\" content=\"https:\/\/orthopara.store\/index.php\/produit\/creme-mains-et-ongles-loramel-ureave-75ml\/\" \/>\n<meta property=\"og:site_name\" content=\"OrthoPara\" \/>\n<meta property=\"article:publisher\" content=\"https:\/\/www.facebook.com\/profile.php?id=61561194315651\" \/>\n<meta property=\"article:modified_time\" content=\"2024-11-10T15:22:06+00:00\" \/>\n<meta property=\"og:image\" content=\"https:\/\/orthopara.store\/wp-content\/uploads\/2024\/06\/creme-mains-et-ongles-l-oramel-ureave-75ml.jpg\" \/>\n\t<meta property=\"og:image:width\" content=\"800\" \/>\n\t<meta property=\"og:image:height\" content=\"800\" \/>\n\t<meta property=\"og:image:type\" content=\"image\/jpeg\" \/>\n<meta name=\"twitter:card\" content=\"summary_large_image\" \/>\n<meta name=\"twitter:label1\" content=\"Dur\u00e9e de lecture estim\u00e9e\" \/>\n\t<meta name=\"twitter:data1\" content=\"1 minute\" \/>\n<script type=\"application\/ld+json\" class=\"yoast-schema-graph\">{\"@context\":\"https:\/\/schema.org\",\"@graph\":[{\"@type\":\"WebPage\",\"@id\":\"https:\/\/orthopara.store\/index.php\/produit\/creme-mains-et-ongles-loramel-ureave-75ml\/\",\"url\":\"https:\/\/orthopara.store\/index.php\/produit\/creme-mains-et-ongles-loramel-ureave-75ml\/\",\"name\":\"Cr\u00e8me mains et ongles - L'Oramel Ureave - 75ml - OrthoPara\",\"isPartOf\":{\"@id\":\"https:\/\/orthopara.store\/#website\"},\"primaryImageOfPage\":{\"@id\":\"https:\/\/orthopara.store\/index.php\/produit\/creme-mains-et-ongles-loramel-ureave-75ml\/#primaryimage\"},\"image\":{\"@id\":\"https:\/\/orthopara.store\/index.php\/produit\/creme-mains-et-ongles-loramel-ureave-75ml\/#primaryimage\"},\"thumbnailUrl\":\"https:\/\/orthopara.store\/wp-content\/uploads\/2024\/06\/creme-mains-et-ongles-l-oramel-ureave-75ml.jpg\",\"datePublished\":\"2024-06-28T13:52:41+00:00\",\"dateModified\":\"2024-11-10T15:22:06+00:00\",\"breadcrumb\":{\"@id\":\"https:\/\/orthopara.store\/index.php\/produit\/creme-mains-et-ongles-loramel-ureave-75ml\/#breadcrumb\"},\"inLanguage\":\"fr-FR\",\"potentialAction\":[{\"@type\":\"ReadAction\",\"target\":[\"https:\/\/orthopara.store\/index.php\/produit\/creme-mains-et-ongles-loramel-ureave-75ml\/\"]}]},{\"@type\":\"ImageObject\",\"inLanguage\":\"fr-FR\",\"@id\":\"https:\/\/orthopara.store\/index.php\/produit\/creme-mains-et-ongles-loramel-ureave-75ml\/#primaryimage\",\"url\":\"https:\/\/orthopara.store\/wp-content\/uploads\/2024\/06\/creme-mains-et-ongles-l-oramel-ureave-75ml.jpg\",\"contentUrl\":\"https:\/\/orthopara.store\/wp-content\/uploads\/2024\/06\/creme-mains-et-ongles-l-oramel-ureave-75ml.jpg\",\"width\":800,\"height\":800},{\"@type\":\"BreadcrumbList\",\"@id\":\"https:\/\/orthopara.store\/index.php\/produit\/creme-mains-et-ongles-loramel-ureave-75ml\/#breadcrumb\",\"itemListElement\":[{\"@type\":\"ListItem\",\"position\":1,\"name\":\"Accueil\",\"item\":\"https:\/\/orthopara.store\/\"},{\"@type\":\"ListItem\",\"position\":2,\"name\":\"Shop\",\"item\":\"https:\/\/orthopara.store\/?page_id=622\"},{\"@type\":\"ListItem\",\"position\":3,\"name\":\"Cr\u00e8me mains et ongles &#8211; L&rsquo;Oramel Ureave &#8211; 75ml\"}]},{\"@type\":\"WebSite\",\"@id\":\"https:\/\/orthopara.store\/#website\",\"url\":\"https:\/\/orthopara.store\/\",\"name\":\"OrthoPara\",\"description\":\"Parapharmacie\",\"publisher\":{\"@id\":\"https:\/\/orthopara.store\/#organization\"},\"potentialAction\":[{\"@type\":\"SearchAction\",\"target\":{\"@type\":\"EntryPoint\",\"urlTemplate\":\"https:\/\/orthopara.store\/?s={search_term_string}\"},\"query-input\":\"required name=search_term_string\"}],\"inLanguage\":\"fr-FR\"},{\"@type\":\"Organization\",\"@id\":\"https:\/\/orthopara.store\/#organization\",\"name\":\"OrthoPara\",\"url\":\"https:\/\/orthopara.store\/\",\"logo\":{\"@type\":\"ImageObject\",\"inLanguage\":\"fr-FR\",\"@id\":\"https:\/\/orthopara.store\/#\/schema\/logo\/image\/\",\"url\":\"https:\/\/orthopara.store\/wp-content\/uploads\/2024\/06\/cropped-9ABA8BAD-6256-4719-9315-15C66E64E882.png\",\"contentUrl\":\"https:\/\/orthopara.store\/wp-content\/uploads\/2024\/06\/cropped-9ABA8BAD-6256-4719-9315-15C66E64E882.png\",\"width\":240,\"height\":72,\"caption\":\"OrthoPara\"},\"image\":{\"@id\":\"https:\/\/orthopara.store\/#\/schema\/logo\/image\/\"},\"sameAs\":[\"https:\/\/www.facebook.com\/profile.php?id=61561194315651\",\"https:\/\/www.instagram.com\/orthopara_tunisie\/\"]}]}<\/script>\n<!-- \/ Yoast SEO plugin. -->","yoast_head_json":{"title":"Cr\u00e8me mains et ongles - L'Oramel Ureave - 75ml - OrthoPara","robots":{"index":"index","follow":"follow","max-snippet":"max-snippet:-1","max-image-preview":"max-image-preview:large","max-video-preview":"max-video-preview:-1"},"canonical":"https:\/\/orthopara.store\/index.php\/produit\/creme-mains-et-ongles-loramel-ureave-75ml\/","og_locale":"fr_FR","og_type":"article","og_title":"Cr\u00e8me mains et ongles - L'Oramel Ureave - 75ml - OrthoPara","og_description":"L'Oramel Ureave Cr\u00e8me mains et ongles Soin velout\u00e9 complet pour les mains et les ongles con\u00e7u pour les mains s\u00e8ches et les ongles cassants et fragilis\u00e9s. Ur\u00e9e : 5% Contenance : tube de 75ml","og_url":"https:\/\/orthopara.store\/index.php\/produit\/creme-mains-et-ongles-loramel-ureave-75ml\/","og_site_name":"OrthoPara","article_publisher":"https:\/\/www.facebook.com\/profile.php?id=61561194315651","article_modified_time":"2024-11-10T15:22:06+00:00","og_image":[{"width":800,"height":800,"url":"https:\/\/orthopara.store\/wp-content\/uploads\/2024\/06\/creme-mains-et-ongles-l-oramel-ureave-75ml.jpg","type":"image\/jpeg"}],"twitter_card":"summary_large_image","twitter_misc":{"Dur\u00e9e de lecture estim\u00e9e":"1 minute"},"schema":{"@context":"https:\/\/schema.org","@graph":[{"@type":"WebPage","@id":"https:\/\/orthopara.store\/index.php\/produit\/creme-mains-et-ongles-loramel-ureave-75ml\/","url":"https:\/\/orthopara.store\/index.php\/produit\/creme-mains-et-ongles-loramel-ureave-75ml\/","name":"Cr\u00e8me mains et ongles - L'Oramel Ureave - 75ml - OrthoPara","isPartOf":{"@id":"https:\/\/orthopara.store\/#website"},"primaryImageOfPage":{"@id":"https:\/\/orthopara.store\/index.php\/produit\/creme-mains-et-ongles-loramel-ureave-75ml\/#primaryimage"},"image":{"@id":"https:\/\/orthopara.store\/index.php\/produit\/creme-mains-et-ongles-loramel-ureave-75ml\/#primaryimage"},"thumbnailUrl":"https:\/\/orthopara.store\/wp-content\/uploads\/2024\/06\/creme-mains-et-ongles-l-oramel-ureave-75ml.jpg","datePublished":"2024-06-28T13:52:41+00:00","dateModified":"2024-11-10T15:22:06+00:00","breadcrumb":{"@id":"https:\/\/orthopara.store\/index.php\/produit\/creme-mains-et-ongles-loramel-ureave-75ml\/#breadcrumb"},"inLanguage":"fr-FR","potentialAction":[{"@type":"ReadAction","target":["https:\/\/orthopara.store\/index.php\/produit\/creme-mains-et-ongles-loramel-ureave-75ml\/"]}]},{"@type":"ImageObject","inLanguage":"fr-FR","@id":"https:\/\/orthopara.store\/index.php\/produit\/creme-mains-et-ongles-loramel-ureave-75ml\/#primaryimage","url":"https:\/\/orthopara.store\/wp-content\/uploads\/2024\/06\/creme-mains-et-ongles-l-oramel-ureave-75ml.jpg","contentUrl":"https:\/\/orthopara.store\/wp-content\/uploads\/2024\/06\/creme-mains-et-ongles-l-oramel-ureave-75ml.jpg","width":800,"height":800},{"@type":"BreadcrumbList","@id":"https:\/\/orthopara.store\/index.php\/produit\/creme-mains-et-ongles-loramel-ureave-75ml\/#breadcrumb","itemListElement":[{"@type":"ListItem","position":1,"name":"Accueil","item":"https:\/\/orthopara.store\/"},{"@type":"ListItem","position":2,"name":"Shop","item":"https:\/\/orthopara.store\/?page_id=622"},{"@type":"ListItem","position":3,"name":"Cr\u00e8me mains et ongles &#8211; L&rsquo;Oramel Ureave &#8211; 75ml"}]},{"@type":"WebSite","@id":"https:\/\/orthopara.store\/#website","url":"https:\/\/orthopara.store\/","name":"OrthoPara","description":"Parapharmacie","publisher":{"@id":"https:\/\/orthopara.store\/#organization"},"potentialAction":[{"@type":"SearchAction","target":{"@type":"EntryPoint","urlTemplate":"https:\/\/orthopara.store\/?s={search_term_string}"},"query-input":"required name=search_term_string"}],"inLanguage":"fr-FR"},{"@type":"Organization","@id":"https:\/\/orthopara.store\/#organization","name":"OrthoPara","url":"https:\/\/orthopara.store\/","logo":{"@type":"ImageObject","inLanguage":"fr-FR","@id":"https:\/\/orthopara.store\/#\/schema\/logo\/image\/","url":"https:\/\/orthopara.store\/wp-content\/uploads\/2024\/06\/cropped-9ABA8BAD-6256-4719-9315-15C66E64E882.png","contentUrl":"https:\/\/orthopara.store\/wp-content\/uploads\/2024\/06\/cropped-9ABA8BAD-6256-4719-9315-15C66E64E882.png","width":240,"height":72,"caption":"OrthoPara"},"image":{"@id":"https:\/\/orthopara.store\/#\/schema\/logo\/image\/"},"sameAs":["https:\/\/www.facebook.com\/profile.php?id=61561194315651","https:\/\/www.instagram.com\/orthopara_tunisie\/"]}]}},"jetpack_sharing_enabled":true,"brands":[{"id":71,"name":"L'Oramel","slug":"loramel"}],"_links":{"self":[{"href":"https:\/\/orthopara.store\/index.php?rest_route=\/wp\/v2\/product\/1302","targetHints":{"allow":["GET"]}}],"collection":[{"href":"https:\/\/orthopara.store\/index.php?rest_route=\/wp\/v2\/product"}],"about":[{"href":"https:\/\/orthopara.store\/index.php?rest_route=\/wp\/v2\/types\/product"}],"replies":[{"embeddable":true,"href":"https:\/\/orthopara.store\/index.php?rest_route=%2Fwp%2Fv2%2Fcomments&post=1302"}],"wp:featuredmedia":[{"embeddable":true,"href":"https:\/\/orthopara.store\/index.php?rest_route=\/wp\/v2\/media\/1325"}],"wp:attachment":[{"href":"https:\/\/orthopara.store\/index.php?rest_route=%2Fwp%2Fv2%2Fmedia&parent=1302"}],"wp:term":[{"taxonomy":"pwb-brand","embeddable":true,"href":"https:\/\/orthopara.store\/index.php?rest_route=%2Fwp%2Fv2%2Fpwb-brand&post=1302"},{"taxonomy":"product_cat","embeddable":true,"href":"https:\/\/orthopara.store\/index.php?rest_route=%2Fwp%2Fv2%2Fproduct_cat&post=1302"},{"taxonomy":"product_tag","embeddable":true,"href":"https:\/\/orthopara.store\/index.php?rest_route=%2Fwp%2Fv2%2Fproduct_tag&post=1302"}],"curies":[{"name":"wp","href":"https:\/\/api.w.org\/{rel}","templated":true}]}}