{"id":1304,"date":"2024-06-28T15:52:41","date_gmt":"2024-06-28T13:52:41","guid":{"rendered":"https:\/\/orthopara.store\/?post_type=product&#038;p=1304"},"modified":"2024-06-28T15:52:47","modified_gmt":"2024-06-28T13:52:47","slug":"creme-ultra-nourrissante-mains-et-ongles-bioderma-atoderm-50ml","status":"publish","type":"product","link":"https:\/\/orthopara.store\/?product=creme-ultra-nourrissante-mains-et-ongles-bioderma-atoderm-50ml","title":{"rendered":"Cr\u00e8me ultra-nourrissante mains et ongles &#8211; Bioderma Atoderm &#8211; 50ml"},"content":{"rendered":"<p>Cr\u00e8me ultra-nourrissante mains et ongles &#8211; Bioderma Atoderm &#8211; 50ml<br \/>\nHydratante :<br \/>\nLa technologie hydro-absorbante renforce la barri\u00e8re cutan\u00e9e, tandis que la Glyc\u00e9rine corrige le manque d&rsquo;hydratation cutan\u00e9e en renfon\u00e7ant la barri\u00e8re de la peau. Elle aide \u00e0 capturer et maintenir l&rsquo;eau ambiante en s&rsquo;adaptant \u00e0 l&rsquo;humidit\u00e9 atmosph\u00e9rique.<br \/>\nUltra-nourrissante &#038; Relipidante :<br \/>\nLa vitamine PP stimule la synth\u00e8se des lipides en restaurant la fonction barri\u00e8re de la peau.<br \/>\nL&rsquo;huile de karit\u00e9 nourrit la peau, ses acides gras peuvent avoir un effet b\u00e9n\u00e9fique sur les ongles cassants en les nourrissant et en rempla\u00e7ant le potentiel film hydrolipidique alt\u00e9r\u00e9.<br \/>\nEffet douceur durable :<br \/>\nLes agents g\u00e9lifiants et sa texture d\u00e9riv\u00e9e de l&rsquo;amidon permettent un excellent cr\u00e9mage pour une p\u00e9n\u00e9tration rapide et une sensation de mains extr\u00eamement douces et velout\u00e9es.<br \/>\nConseils d&rsquo;utilisation :<br \/>\nTous les jours, aussi souvent que n\u00e9cessaire.<br \/>\nAppliquer aussi souvent que n\u00e9cessaire en massant d\u00e9licatement jusqu&rsquo;\u00e0 p\u00e9n\u00e9tration du produit.<\/p>\n","protected":false},"excerpt":{"rendered":"<p>Bioderma Atoderm<br \/>\nLa cr\u00e8me nourrissante pour des mains douces et souples, 8h d&rsquo;hydratation pour les mains s\u00e8ches \u00e0 tr\u00e8s s\u00e8ches. Elle nourrit la peau et renforce les ongles avec une texture l\u00e9g\u00e8re, non-grasse qui laisse la peau douce et souple<br \/>\nContenance : 50ml<br \/>\nDLC 03\/2026<\/p>\n","protected":false},"featured_media":1327,"comment_status":"open","ping_status":"closed","template":"","meta":[],"pwb-brand":[64],"product_cat":[160],"product_tag":[],"class_list":{"0":"post-1304","1":"product","2":"type-product","3":"status-publish","4":"has-post-thumbnail","6":"pwb-brand-bioderma","7":"product_cat-soins-des-mains","8":"post","9":"ws-product--style-1","11":"first","12":"instock","13":"shipping-taxable","14":"purchasable","15":"product-type-simple"},"yoast_head":"<!-- This site is optimized with the Yoast SEO plugin v23.0 - https:\/\/yoast.com\/wordpress\/plugins\/seo\/ -->\n<title>Cr\u00e8me ultra-nourrissante mains et ongles - Bioderma Atoderm - 50ml - OrthoPara<\/title>\n<meta name=\"robots\" content=\"index, follow, max-snippet:-1, max-image-preview:large, max-video-preview:-1\" \/>\n<link rel=\"canonical\" href=\"https:\/\/orthopara.store\/index.php\/produit\/creme-ultra-nourrissante-mains-et-ongles-bioderma-atoderm-50ml\/\" \/>\n<meta property=\"og:locale\" content=\"fr_FR\" \/>\n<meta property=\"og:type\" content=\"article\" \/>\n<meta property=\"og:title\" content=\"Cr\u00e8me ultra-nourrissante mains et ongles - Bioderma Atoderm - 50ml - OrthoPara\" \/>\n<meta property=\"og:description\" content=\"Bioderma Atoderm La cr\u00e8me nourrissante pour des mains douces et souples, 8h d&#039;hydratation pour les mains s\u00e8ches \u00e0 tr\u00e8s s\u00e8ches. Elle nourrit la peau et renforce les ongles avec une texture l\u00e9g\u00e8re, non-grasse qui laisse la peau douce et souple Contenance : 50ml DLC 03\/2026\" \/>\n<meta property=\"og:url\" content=\"https:\/\/orthopara.store\/index.php\/produit\/creme-ultra-nourrissante-mains-et-ongles-bioderma-atoderm-50ml\/\" \/>\n<meta property=\"og:site_name\" content=\"OrthoPara\" \/>\n<meta property=\"article:publisher\" content=\"https:\/\/www.facebook.com\/profile.php?id=61561194315651\" \/>\n<meta property=\"article:modified_time\" content=\"2024-06-28T13:52:47+00:00\" \/>\n<meta property=\"og:image\" content=\"https:\/\/orthopara.store\/wp-content\/uploads\/2024\/06\/creme-ultra-nourrissante-mains-et-ongles-bioderma-atoderm-50ml.jpg\" \/>\n\t<meta property=\"og:image:width\" content=\"800\" \/>\n\t<meta property=\"og:image:height\" content=\"800\" \/>\n\t<meta property=\"og:image:type\" content=\"image\/jpeg\" \/>\n<meta name=\"twitter:card\" content=\"summary_large_image\" \/>\n<meta name=\"twitter:label1\" content=\"Dur\u00e9e de lecture estim\u00e9e\" \/>\n\t<meta name=\"twitter:data1\" content=\"1 minute\" \/>\n<script type=\"application\/ld+json\" class=\"yoast-schema-graph\">{\"@context\":\"https:\/\/schema.org\",\"@graph\":[{\"@type\":\"WebPage\",\"@id\":\"https:\/\/orthopara.store\/index.php\/produit\/creme-ultra-nourrissante-mains-et-ongles-bioderma-atoderm-50ml\/\",\"url\":\"https:\/\/orthopara.store\/index.php\/produit\/creme-ultra-nourrissante-mains-et-ongles-bioderma-atoderm-50ml\/\",\"name\":\"Cr\u00e8me ultra-nourrissante mains et ongles - Bioderma Atoderm - 50ml - OrthoPara\",\"isPartOf\":{\"@id\":\"https:\/\/orthopara.store\/#website\"},\"primaryImageOfPage\":{\"@id\":\"https:\/\/orthopara.store\/index.php\/produit\/creme-ultra-nourrissante-mains-et-ongles-bioderma-atoderm-50ml\/#primaryimage\"},\"image\":{\"@id\":\"https:\/\/orthopara.store\/index.php\/produit\/creme-ultra-nourrissante-mains-et-ongles-bioderma-atoderm-50ml\/#primaryimage\"},\"thumbnailUrl\":\"https:\/\/orthopara.store\/wp-content\/uploads\/2024\/06\/creme-ultra-nourrissante-mains-et-ongles-bioderma-atoderm-50ml.jpg\",\"datePublished\":\"2024-06-28T13:52:41+00:00\",\"dateModified\":\"2024-06-28T13:52:47+00:00\",\"breadcrumb\":{\"@id\":\"https:\/\/orthopara.store\/index.php\/produit\/creme-ultra-nourrissante-mains-et-ongles-bioderma-atoderm-50ml\/#breadcrumb\"},\"inLanguage\":\"fr-FR\",\"potentialAction\":[{\"@type\":\"ReadAction\",\"target\":[\"https:\/\/orthopara.store\/index.php\/produit\/creme-ultra-nourrissante-mains-et-ongles-bioderma-atoderm-50ml\/\"]}]},{\"@type\":\"ImageObject\",\"inLanguage\":\"fr-FR\",\"@id\":\"https:\/\/orthopara.store\/index.php\/produit\/creme-ultra-nourrissante-mains-et-ongles-bioderma-atoderm-50ml\/#primaryimage\",\"url\":\"https:\/\/orthopara.store\/wp-content\/uploads\/2024\/06\/creme-ultra-nourrissante-mains-et-ongles-bioderma-atoderm-50ml.jpg\",\"contentUrl\":\"https:\/\/orthopara.store\/wp-content\/uploads\/2024\/06\/creme-ultra-nourrissante-mains-et-ongles-bioderma-atoderm-50ml.jpg\",\"width\":800,\"height\":800},{\"@type\":\"BreadcrumbList\",\"@id\":\"https:\/\/orthopara.store\/index.php\/produit\/creme-ultra-nourrissante-mains-et-ongles-bioderma-atoderm-50ml\/#breadcrumb\",\"itemListElement\":[{\"@type\":\"ListItem\",\"position\":1,\"name\":\"Accueil\",\"item\":\"https:\/\/orthopara.store\/\"},{\"@type\":\"ListItem\",\"position\":2,\"name\":\"Shop\",\"item\":\"https:\/\/orthopara.store\/?page_id=622\"},{\"@type\":\"ListItem\",\"position\":3,\"name\":\"Cr\u00e8me ultra-nourrissante mains et ongles &#8211; Bioderma Atoderm &#8211; 50ml\"}]},{\"@type\":\"WebSite\",\"@id\":\"https:\/\/orthopara.store\/#website\",\"url\":\"https:\/\/orthopara.store\/\",\"name\":\"OrthoPara\",\"description\":\"Parapharmacie\",\"publisher\":{\"@id\":\"https:\/\/orthopara.store\/#organization\"},\"potentialAction\":[{\"@type\":\"SearchAction\",\"target\":{\"@type\":\"EntryPoint\",\"urlTemplate\":\"https:\/\/orthopara.store\/?s={search_term_string}\"},\"query-input\":\"required name=search_term_string\"}],\"inLanguage\":\"fr-FR\"},{\"@type\":\"Organization\",\"@id\":\"https:\/\/orthopara.store\/#organization\",\"name\":\"OrthoPara\",\"url\":\"https:\/\/orthopara.store\/\",\"logo\":{\"@type\":\"ImageObject\",\"inLanguage\":\"fr-FR\",\"@id\":\"https:\/\/orthopara.store\/#\/schema\/logo\/image\/\",\"url\":\"https:\/\/orthopara.store\/wp-content\/uploads\/2024\/06\/cropped-9ABA8BAD-6256-4719-9315-15C66E64E882.png\",\"contentUrl\":\"https:\/\/orthopara.store\/wp-content\/uploads\/2024\/06\/cropped-9ABA8BAD-6256-4719-9315-15C66E64E882.png\",\"width\":240,\"height\":72,\"caption\":\"OrthoPara\"},\"image\":{\"@id\":\"https:\/\/orthopara.store\/#\/schema\/logo\/image\/\"},\"sameAs\":[\"https:\/\/www.facebook.com\/profile.php?id=61561194315651\",\"https:\/\/www.instagram.com\/orthopara_tunisie\/\"]}]}<\/script>\n<!-- \/ Yoast SEO plugin. -->","yoast_head_json":{"title":"Cr\u00e8me ultra-nourrissante mains et ongles - Bioderma Atoderm - 50ml - OrthoPara","robots":{"index":"index","follow":"follow","max-snippet":"max-snippet:-1","max-image-preview":"max-image-preview:large","max-video-preview":"max-video-preview:-1"},"canonical":"https:\/\/orthopara.store\/index.php\/produit\/creme-ultra-nourrissante-mains-et-ongles-bioderma-atoderm-50ml\/","og_locale":"fr_FR","og_type":"article","og_title":"Cr\u00e8me ultra-nourrissante mains et ongles - Bioderma Atoderm - 50ml - OrthoPara","og_description":"Bioderma Atoderm La cr\u00e8me nourrissante pour des mains douces et souples, 8h d'hydratation pour les mains s\u00e8ches \u00e0 tr\u00e8s s\u00e8ches. Elle nourrit la peau et renforce les ongles avec une texture l\u00e9g\u00e8re, non-grasse qui laisse la peau douce et souple Contenance : 50ml DLC 03\/2026","og_url":"https:\/\/orthopara.store\/index.php\/produit\/creme-ultra-nourrissante-mains-et-ongles-bioderma-atoderm-50ml\/","og_site_name":"OrthoPara","article_publisher":"https:\/\/www.facebook.com\/profile.php?id=61561194315651","article_modified_time":"2024-06-28T13:52:47+00:00","og_image":[{"width":800,"height":800,"url":"https:\/\/orthopara.store\/wp-content\/uploads\/2024\/06\/creme-ultra-nourrissante-mains-et-ongles-bioderma-atoderm-50ml.jpg","type":"image\/jpeg"}],"twitter_card":"summary_large_image","twitter_misc":{"Dur\u00e9e de lecture estim\u00e9e":"1 minute"},"schema":{"@context":"https:\/\/schema.org","@graph":[{"@type":"WebPage","@id":"https:\/\/orthopara.store\/index.php\/produit\/creme-ultra-nourrissante-mains-et-ongles-bioderma-atoderm-50ml\/","url":"https:\/\/orthopara.store\/index.php\/produit\/creme-ultra-nourrissante-mains-et-ongles-bioderma-atoderm-50ml\/","name":"Cr\u00e8me ultra-nourrissante mains et ongles - Bioderma Atoderm - 50ml - OrthoPara","isPartOf":{"@id":"https:\/\/orthopara.store\/#website"},"primaryImageOfPage":{"@id":"https:\/\/orthopara.store\/index.php\/produit\/creme-ultra-nourrissante-mains-et-ongles-bioderma-atoderm-50ml\/#primaryimage"},"image":{"@id":"https:\/\/orthopara.store\/index.php\/produit\/creme-ultra-nourrissante-mains-et-ongles-bioderma-atoderm-50ml\/#primaryimage"},"thumbnailUrl":"https:\/\/orthopara.store\/wp-content\/uploads\/2024\/06\/creme-ultra-nourrissante-mains-et-ongles-bioderma-atoderm-50ml.jpg","datePublished":"2024-06-28T13:52:41+00:00","dateModified":"2024-06-28T13:52:47+00:00","breadcrumb":{"@id":"https:\/\/orthopara.store\/index.php\/produit\/creme-ultra-nourrissante-mains-et-ongles-bioderma-atoderm-50ml\/#breadcrumb"},"inLanguage":"fr-FR","potentialAction":[{"@type":"ReadAction","target":["https:\/\/orthopara.store\/index.php\/produit\/creme-ultra-nourrissante-mains-et-ongles-bioderma-atoderm-50ml\/"]}]},{"@type":"ImageObject","inLanguage":"fr-FR","@id":"https:\/\/orthopara.store\/index.php\/produit\/creme-ultra-nourrissante-mains-et-ongles-bioderma-atoderm-50ml\/#primaryimage","url":"https:\/\/orthopara.store\/wp-content\/uploads\/2024\/06\/creme-ultra-nourrissante-mains-et-ongles-bioderma-atoderm-50ml.jpg","contentUrl":"https:\/\/orthopara.store\/wp-content\/uploads\/2024\/06\/creme-ultra-nourrissante-mains-et-ongles-bioderma-atoderm-50ml.jpg","width":800,"height":800},{"@type":"BreadcrumbList","@id":"https:\/\/orthopara.store\/index.php\/produit\/creme-ultra-nourrissante-mains-et-ongles-bioderma-atoderm-50ml\/#breadcrumb","itemListElement":[{"@type":"ListItem","position":1,"name":"Accueil","item":"https:\/\/orthopara.store\/"},{"@type":"ListItem","position":2,"name":"Shop","item":"https:\/\/orthopara.store\/?page_id=622"},{"@type":"ListItem","position":3,"name":"Cr\u00e8me ultra-nourrissante mains et ongles &#8211; Bioderma Atoderm &#8211; 50ml"}]},{"@type":"WebSite","@id":"https:\/\/orthopara.store\/#website","url":"https:\/\/orthopara.store\/","name":"OrthoPara","description":"Parapharmacie","publisher":{"@id":"https:\/\/orthopara.store\/#organization"},"potentialAction":[{"@type":"SearchAction","target":{"@type":"EntryPoint","urlTemplate":"https:\/\/orthopara.store\/?s={search_term_string}"},"query-input":"required name=search_term_string"}],"inLanguage":"fr-FR"},{"@type":"Organization","@id":"https:\/\/orthopara.store\/#organization","name":"OrthoPara","url":"https:\/\/orthopara.store\/","logo":{"@type":"ImageObject","inLanguage":"fr-FR","@id":"https:\/\/orthopara.store\/#\/schema\/logo\/image\/","url":"https:\/\/orthopara.store\/wp-content\/uploads\/2024\/06\/cropped-9ABA8BAD-6256-4719-9315-15C66E64E882.png","contentUrl":"https:\/\/orthopara.store\/wp-content\/uploads\/2024\/06\/cropped-9ABA8BAD-6256-4719-9315-15C66E64E882.png","width":240,"height":72,"caption":"OrthoPara"},"image":{"@id":"https:\/\/orthopara.store\/#\/schema\/logo\/image\/"},"sameAs":["https:\/\/www.facebook.com\/profile.php?id=61561194315651","https:\/\/www.instagram.com\/orthopara_tunisie\/"]}]}},"jetpack_sharing_enabled":true,"brands":[{"id":64,"name":"BIODERMA","slug":"bioderma"}],"_links":{"self":[{"href":"https:\/\/orthopara.store\/index.php?rest_route=\/wp\/v2\/product\/1304","targetHints":{"allow":["GET"]}}],"collection":[{"href":"https:\/\/orthopara.store\/index.php?rest_route=\/wp\/v2\/product"}],"about":[{"href":"https:\/\/orthopara.store\/index.php?rest_route=\/wp\/v2\/types\/product"}],"replies":[{"embeddable":true,"href":"https:\/\/orthopara.store\/index.php?rest_route=%2Fwp%2Fv2%2Fcomments&post=1304"}],"wp:featuredmedia":[{"embeddable":true,"href":"https:\/\/orthopara.store\/index.php?rest_route=\/wp\/v2\/media\/1327"}],"wp:attachment":[{"href":"https:\/\/orthopara.store\/index.php?rest_route=%2Fwp%2Fv2%2Fmedia&parent=1304"}],"wp:term":[{"taxonomy":"pwb-brand","embeddable":true,"href":"https:\/\/orthopara.store\/index.php?rest_route=%2Fwp%2Fv2%2Fpwb-brand&post=1304"},{"taxonomy":"product_cat","embeddable":true,"href":"https:\/\/orthopara.store\/index.php?rest_route=%2Fwp%2Fv2%2Fproduct_cat&post=1304"},{"taxonomy":"product_tag","embeddable":true,"href":"https:\/\/orthopara.store\/index.php?rest_route=%2Fwp%2Fv2%2Fproduct_tag&post=1304"}],"curies":[{"name":"wp","href":"https:\/\/api.w.org\/{rel}","templated":true}]}}