{"id":1305,"date":"2024-06-28T15:52:41","date_gmt":"2024-06-28T13:52:41","guid":{"rendered":"https:\/\/orthopara.store\/?post_type=product&#038;p=1305"},"modified":"2024-06-28T15:52:47","modified_gmt":"2024-06-28T13:52:47","slug":"soin-reparateur-mains-ongles-puralia-50ml","status":"publish","type":"product","link":"https:\/\/orthopara.store\/?product=soin-reparateur-mains-ongles-puralia-50ml","title":{"rendered":"Soin r\u00e9parateur mains &#038; ongles &#8211; Puralia &#8211; 50ml"},"content":{"rendered":"<p>Soin r\u00e9parateur mains &#038; ongles &#8211; Puralia &#8211; 50ml<br \/>\nPar ce que la peau des mains est expos\u00e9e en permanence aux agressions ext\u00e9rieures, le soin r\u00e9parateur Puralia est enrichi aux huiles de ricin et de coco bio pour hydrater les mains s\u00e8ches et ab\u00eem\u00e9es et restaurer la barri\u00e8re protectrice de la peau. Sa texture non grasse p\u00e9n\u00e8tre rapidement pour un confort d\u2019utilisation unique.<br \/>\nConseil d\u2019application :<br \/>\nAppliquer le soin r\u00e9parateur Puralia sur des mains nettoy\u00e9es et s\u00e9ch\u00e9es en massant l\u00e9g\u00e8rement pour faire p\u00e9n\u00e9trer. Renouveler l\u2019op\u00e9ration d\u00e8s que n\u00e9cessaire, notamment apr\u00e8s un contact important avec l\u2019eau. Eviter le contact avec les yeux.<br \/>\nTest\u00e9 sous contr\u00f4le dermatologique.<br \/>\nComposition INCI :<br \/>\n*Ingr\u00e9dients issus de l\u2019Agriculture Biologique. **transform\u00e9s \u00e0 partir d\u2019ingr\u00e9dients biologiques. 99,4 % du total est d\u2019origine naturelle. 20,2 % du total des ingr\u00e9dients sont issus de l\u2019Agriculture Biologique. Cosmos organic certifi\u00e9 par Ecocert Greenlife selon le r\u00e9f\u00e9rentiel Cosmos<\/p>\n","protected":false},"excerpt":{"rendered":"<p>Puralia\u00a0<br \/>\nSoin r\u00e9parateur mains &#038; ongles<br \/>\nAux huiles de ricin et de coco hydratants<br \/>\nHydrate les mains s\u00e8ches et\u00a0ab\u00eem\u00e9es et restaure la barri\u00e8re\u00a0protectrice de la peau.<br \/>\nPour les peaux normales \u00e0\u00a0s\u00e8ches.<br \/>\nContenance : Tube 50 ml<\/p>\n","protected":false},"featured_media":1328,"comment_status":"open","ping_status":"closed","template":"","meta":[],"pwb-brand":[72],"product_cat":[160],"product_tag":[],"class_list":{"0":"post-1305","1":"product","2":"type-product","3":"status-publish","4":"has-post-thumbnail","6":"pwb-brand-puralia","7":"product_cat-soins-des-mains","8":"post","9":"ws-product--style-1","11":"first","12":"instock","13":"shipping-taxable","14":"purchasable","15":"product-type-simple"},"yoast_head":"<!-- This site is optimized with the Yoast SEO plugin v23.0 - https:\/\/yoast.com\/wordpress\/plugins\/seo\/ -->\n<title>Soin r\u00e9parateur mains &amp; ongles - Puralia - 50ml - OrthoPara<\/title>\n<meta name=\"robots\" content=\"index, follow, max-snippet:-1, max-image-preview:large, max-video-preview:-1\" \/>\n<link rel=\"canonical\" href=\"https:\/\/orthopara.store\/index.php\/produit\/soin-reparateur-mains-ongles-puralia-50ml\/\" \/>\n<meta property=\"og:locale\" content=\"fr_FR\" \/>\n<meta property=\"og:type\" content=\"article\" \/>\n<meta property=\"og:title\" content=\"Soin r\u00e9parateur mains &amp; ongles - Puralia - 50ml - OrthoPara\" \/>\n<meta property=\"og:description\" content=\"Puralia\u00a0 Soin r\u00e9parateur mains &amp; ongles Aux huiles de ricin et de coco hydratants Hydrate les mains s\u00e8ches et\u00a0ab\u00eem\u00e9es et restaure la barri\u00e8re\u00a0protectrice de la peau. Pour les peaux normales \u00e0\u00a0s\u00e8ches. Contenance : Tube 50 ml\" \/>\n<meta property=\"og:url\" content=\"https:\/\/orthopara.store\/index.php\/produit\/soin-reparateur-mains-ongles-puralia-50ml\/\" \/>\n<meta property=\"og:site_name\" content=\"OrthoPara\" \/>\n<meta property=\"article:publisher\" content=\"https:\/\/www.facebook.com\/profile.php?id=61561194315651\" \/>\n<meta property=\"article:modified_time\" content=\"2024-06-28T13:52:47+00:00\" \/>\n<meta property=\"og:image\" content=\"https:\/\/orthopara.store\/wp-content\/uploads\/2024\/06\/soin-reparateur-mains-ongles-puralia-50ml.jpg\" \/>\n\t<meta property=\"og:image:width\" content=\"800\" \/>\n\t<meta property=\"og:image:height\" content=\"800\" \/>\n\t<meta property=\"og:image:type\" content=\"image\/jpeg\" \/>\n<meta name=\"twitter:card\" content=\"summary_large_image\" \/>\n<meta name=\"twitter:label1\" content=\"Dur\u00e9e de lecture estim\u00e9e\" \/>\n\t<meta name=\"twitter:data1\" content=\"1 minute\" \/>\n<script type=\"application\/ld+json\" class=\"yoast-schema-graph\">{\"@context\":\"https:\/\/schema.org\",\"@graph\":[{\"@type\":\"WebPage\",\"@id\":\"https:\/\/orthopara.store\/index.php\/produit\/soin-reparateur-mains-ongles-puralia-50ml\/\",\"url\":\"https:\/\/orthopara.store\/index.php\/produit\/soin-reparateur-mains-ongles-puralia-50ml\/\",\"name\":\"Soin r\u00e9parateur mains & ongles - Puralia - 50ml - OrthoPara\",\"isPartOf\":{\"@id\":\"https:\/\/orthopara.store\/#website\"},\"primaryImageOfPage\":{\"@id\":\"https:\/\/orthopara.store\/index.php\/produit\/soin-reparateur-mains-ongles-puralia-50ml\/#primaryimage\"},\"image\":{\"@id\":\"https:\/\/orthopara.store\/index.php\/produit\/soin-reparateur-mains-ongles-puralia-50ml\/#primaryimage\"},\"thumbnailUrl\":\"https:\/\/orthopara.store\/wp-content\/uploads\/2024\/06\/soin-reparateur-mains-ongles-puralia-50ml.jpg\",\"datePublished\":\"2024-06-28T13:52:41+00:00\",\"dateModified\":\"2024-06-28T13:52:47+00:00\",\"breadcrumb\":{\"@id\":\"https:\/\/orthopara.store\/index.php\/produit\/soin-reparateur-mains-ongles-puralia-50ml\/#breadcrumb\"},\"inLanguage\":\"fr-FR\",\"potentialAction\":[{\"@type\":\"ReadAction\",\"target\":[\"https:\/\/orthopara.store\/index.php\/produit\/soin-reparateur-mains-ongles-puralia-50ml\/\"]}]},{\"@type\":\"ImageObject\",\"inLanguage\":\"fr-FR\",\"@id\":\"https:\/\/orthopara.store\/index.php\/produit\/soin-reparateur-mains-ongles-puralia-50ml\/#primaryimage\",\"url\":\"https:\/\/orthopara.store\/wp-content\/uploads\/2024\/06\/soin-reparateur-mains-ongles-puralia-50ml.jpg\",\"contentUrl\":\"https:\/\/orthopara.store\/wp-content\/uploads\/2024\/06\/soin-reparateur-mains-ongles-puralia-50ml.jpg\",\"width\":800,\"height\":800},{\"@type\":\"BreadcrumbList\",\"@id\":\"https:\/\/orthopara.store\/index.php\/produit\/soin-reparateur-mains-ongles-puralia-50ml\/#breadcrumb\",\"itemListElement\":[{\"@type\":\"ListItem\",\"position\":1,\"name\":\"Accueil\",\"item\":\"https:\/\/orthopara.store\/\"},{\"@type\":\"ListItem\",\"position\":2,\"name\":\"Shop\",\"item\":\"https:\/\/orthopara.store\/?page_id=622\"},{\"@type\":\"ListItem\",\"position\":3,\"name\":\"Soin r\u00e9parateur mains &#038; ongles &#8211; Puralia &#8211; 50ml\"}]},{\"@type\":\"WebSite\",\"@id\":\"https:\/\/orthopara.store\/#website\",\"url\":\"https:\/\/orthopara.store\/\",\"name\":\"OrthoPara\",\"description\":\"Parapharmacie\",\"publisher\":{\"@id\":\"https:\/\/orthopara.store\/#organization\"},\"potentialAction\":[{\"@type\":\"SearchAction\",\"target\":{\"@type\":\"EntryPoint\",\"urlTemplate\":\"https:\/\/orthopara.store\/?s={search_term_string}\"},\"query-input\":\"required name=search_term_string\"}],\"inLanguage\":\"fr-FR\"},{\"@type\":\"Organization\",\"@id\":\"https:\/\/orthopara.store\/#organization\",\"name\":\"OrthoPara\",\"url\":\"https:\/\/orthopara.store\/\",\"logo\":{\"@type\":\"ImageObject\",\"inLanguage\":\"fr-FR\",\"@id\":\"https:\/\/orthopara.store\/#\/schema\/logo\/image\/\",\"url\":\"https:\/\/orthopara.store\/wp-content\/uploads\/2024\/06\/cropped-9ABA8BAD-6256-4719-9315-15C66E64E882.png\",\"contentUrl\":\"https:\/\/orthopara.store\/wp-content\/uploads\/2024\/06\/cropped-9ABA8BAD-6256-4719-9315-15C66E64E882.png\",\"width\":240,\"height\":72,\"caption\":\"OrthoPara\"},\"image\":{\"@id\":\"https:\/\/orthopara.store\/#\/schema\/logo\/image\/\"},\"sameAs\":[\"https:\/\/www.facebook.com\/profile.php?id=61561194315651\",\"https:\/\/www.instagram.com\/orthopara_tunisie\/\"]}]}<\/script>\n<!-- \/ Yoast SEO plugin. -->","yoast_head_json":{"title":"Soin r\u00e9parateur mains & ongles - Puralia - 50ml - OrthoPara","robots":{"index":"index","follow":"follow","max-snippet":"max-snippet:-1","max-image-preview":"max-image-preview:large","max-video-preview":"max-video-preview:-1"},"canonical":"https:\/\/orthopara.store\/index.php\/produit\/soin-reparateur-mains-ongles-puralia-50ml\/","og_locale":"fr_FR","og_type":"article","og_title":"Soin r\u00e9parateur mains & ongles - Puralia - 50ml - OrthoPara","og_description":"Puralia\u00a0 Soin r\u00e9parateur mains & ongles Aux huiles de ricin et de coco hydratants Hydrate les mains s\u00e8ches et\u00a0ab\u00eem\u00e9es et restaure la barri\u00e8re\u00a0protectrice de la peau. Pour les peaux normales \u00e0\u00a0s\u00e8ches. Contenance : Tube 50 ml","og_url":"https:\/\/orthopara.store\/index.php\/produit\/soin-reparateur-mains-ongles-puralia-50ml\/","og_site_name":"OrthoPara","article_publisher":"https:\/\/www.facebook.com\/profile.php?id=61561194315651","article_modified_time":"2024-06-28T13:52:47+00:00","og_image":[{"width":800,"height":800,"url":"https:\/\/orthopara.store\/wp-content\/uploads\/2024\/06\/soin-reparateur-mains-ongles-puralia-50ml.jpg","type":"image\/jpeg"}],"twitter_card":"summary_large_image","twitter_misc":{"Dur\u00e9e de lecture estim\u00e9e":"1 minute"},"schema":{"@context":"https:\/\/schema.org","@graph":[{"@type":"WebPage","@id":"https:\/\/orthopara.store\/index.php\/produit\/soin-reparateur-mains-ongles-puralia-50ml\/","url":"https:\/\/orthopara.store\/index.php\/produit\/soin-reparateur-mains-ongles-puralia-50ml\/","name":"Soin r\u00e9parateur mains & ongles - Puralia - 50ml - OrthoPara","isPartOf":{"@id":"https:\/\/orthopara.store\/#website"},"primaryImageOfPage":{"@id":"https:\/\/orthopara.store\/index.php\/produit\/soin-reparateur-mains-ongles-puralia-50ml\/#primaryimage"},"image":{"@id":"https:\/\/orthopara.store\/index.php\/produit\/soin-reparateur-mains-ongles-puralia-50ml\/#primaryimage"},"thumbnailUrl":"https:\/\/orthopara.store\/wp-content\/uploads\/2024\/06\/soin-reparateur-mains-ongles-puralia-50ml.jpg","datePublished":"2024-06-28T13:52:41+00:00","dateModified":"2024-06-28T13:52:47+00:00","breadcrumb":{"@id":"https:\/\/orthopara.store\/index.php\/produit\/soin-reparateur-mains-ongles-puralia-50ml\/#breadcrumb"},"inLanguage":"fr-FR","potentialAction":[{"@type":"ReadAction","target":["https:\/\/orthopara.store\/index.php\/produit\/soin-reparateur-mains-ongles-puralia-50ml\/"]}]},{"@type":"ImageObject","inLanguage":"fr-FR","@id":"https:\/\/orthopara.store\/index.php\/produit\/soin-reparateur-mains-ongles-puralia-50ml\/#primaryimage","url":"https:\/\/orthopara.store\/wp-content\/uploads\/2024\/06\/soin-reparateur-mains-ongles-puralia-50ml.jpg","contentUrl":"https:\/\/orthopara.store\/wp-content\/uploads\/2024\/06\/soin-reparateur-mains-ongles-puralia-50ml.jpg","width":800,"height":800},{"@type":"BreadcrumbList","@id":"https:\/\/orthopara.store\/index.php\/produit\/soin-reparateur-mains-ongles-puralia-50ml\/#breadcrumb","itemListElement":[{"@type":"ListItem","position":1,"name":"Accueil","item":"https:\/\/orthopara.store\/"},{"@type":"ListItem","position":2,"name":"Shop","item":"https:\/\/orthopara.store\/?page_id=622"},{"@type":"ListItem","position":3,"name":"Soin r\u00e9parateur mains &#038; ongles &#8211; Puralia &#8211; 50ml"}]},{"@type":"WebSite","@id":"https:\/\/orthopara.store\/#website","url":"https:\/\/orthopara.store\/","name":"OrthoPara","description":"Parapharmacie","publisher":{"@id":"https:\/\/orthopara.store\/#organization"},"potentialAction":[{"@type":"SearchAction","target":{"@type":"EntryPoint","urlTemplate":"https:\/\/orthopara.store\/?s={search_term_string}"},"query-input":"required name=search_term_string"}],"inLanguage":"fr-FR"},{"@type":"Organization","@id":"https:\/\/orthopara.store\/#organization","name":"OrthoPara","url":"https:\/\/orthopara.store\/","logo":{"@type":"ImageObject","inLanguage":"fr-FR","@id":"https:\/\/orthopara.store\/#\/schema\/logo\/image\/","url":"https:\/\/orthopara.store\/wp-content\/uploads\/2024\/06\/cropped-9ABA8BAD-6256-4719-9315-15C66E64E882.png","contentUrl":"https:\/\/orthopara.store\/wp-content\/uploads\/2024\/06\/cropped-9ABA8BAD-6256-4719-9315-15C66E64E882.png","width":240,"height":72,"caption":"OrthoPara"},"image":{"@id":"https:\/\/orthopara.store\/#\/schema\/logo\/image\/"},"sameAs":["https:\/\/www.facebook.com\/profile.php?id=61561194315651","https:\/\/www.instagram.com\/orthopara_tunisie\/"]}]}},"jetpack_sharing_enabled":true,"brands":[{"id":72,"name":"Puralia","slug":"puralia"}],"_links":{"self":[{"href":"https:\/\/orthopara.store\/index.php?rest_route=\/wp\/v2\/product\/1305","targetHints":{"allow":["GET"]}}],"collection":[{"href":"https:\/\/orthopara.store\/index.php?rest_route=\/wp\/v2\/product"}],"about":[{"href":"https:\/\/orthopara.store\/index.php?rest_route=\/wp\/v2\/types\/product"}],"replies":[{"embeddable":true,"href":"https:\/\/orthopara.store\/index.php?rest_route=%2Fwp%2Fv2%2Fcomments&post=1305"}],"wp:featuredmedia":[{"embeddable":true,"href":"https:\/\/orthopara.store\/index.php?rest_route=\/wp\/v2\/media\/1328"}],"wp:attachment":[{"href":"https:\/\/orthopara.store\/index.php?rest_route=%2Fwp%2Fv2%2Fmedia&parent=1305"}],"wp:term":[{"taxonomy":"pwb-brand","embeddable":true,"href":"https:\/\/orthopara.store\/index.php?rest_route=%2Fwp%2Fv2%2Fpwb-brand&post=1305"},{"taxonomy":"product_cat","embeddable":true,"href":"https:\/\/orthopara.store\/index.php?rest_route=%2Fwp%2Fv2%2Fproduct_cat&post=1305"},{"taxonomy":"product_tag","embeddable":true,"href":"https:\/\/orthopara.store\/index.php?rest_route=%2Fwp%2Fv2%2Fproduct_tag&post=1305"}],"curies":[{"name":"wp","href":"https:\/\/api.w.org\/{rel}","templated":true}]}}