{"id":1308,"date":"2024-06-28T15:52:41","date_gmt":"2024-06-28T13:52:41","guid":{"rendered":"https:\/\/orthopara.store\/?post_type=product&#038;p=1308"},"modified":"2024-11-10T16:22:16","modified_gmt":"2024-11-10T15:22:16","slug":"creme-mains-nourrissante-roncey-clairskin-100ml","status":"publish","type":"product","link":"https:\/\/orthopara.store\/?product=creme-mains-nourrissante-roncey-clairskin-100ml","title":{"rendered":"Cr\u00e8me mains nourrissante  Roncey Clairskin &#8211; 100ml"},"content":{"rendered":"<p>S\u00e9rum anti-taches &#8211; \u00e9claircissant Uniformisant &#8211; Roncey Clairskin &#8211; 30ml<br \/>\nLa cr\u00e8me pour les mains Clairskin SPF30 \u00e0 la Vitamine C stabilis\u00e9e et la Niacinnamide est un soin \u00e9claircissant et d\u00e9pigmentant pour une action anti-taches, anti-oxydante et apaisante. Elle r\u00e9duit visiblement l\u2019apparence des taches brunes et pr\u00e9vient leur r\u00e9apparition gr\u00e2ce \u00e0 un usage r\u00e9gulier. Rapidement absorb\u00e9e, la cr\u00e8me am\u00e9liore la fermet\u00e9 et l\u2019\u00e9lasticit\u00e9 de la peau et la laisse hydrat\u00e9e pendant 24h. La protection SPF 30 pr\u00e9vient la formation de futures taches brunes et le vieillissement cutan\u00e9 induits par le soleil.<br \/>\n\u2022 Nourrit et hydrate les mains.<br \/>\n\u2022 \u00c9claircit et unifie les mains.<br \/>\n\u2022 Protection solaire UVA-UVB.<\/p>\n<p>Indication :<br \/>\nLa cr\u00e8me pour les mains Clairskin SPF30 est destin\u00e9e aux mains subissant les effets de l&rsquo;\u00e2ge et de soleil.<br \/>\nUtilisation :<br \/>\n\u2022 Appliquez la cr\u00e8me mains \u00e9claircissante Clairskin SPF30 plusieurs fois par jour en massant d\u00e9licatement les mains pr\u00e9alablement nettoy\u00e9es et s\u00e9ch\u00e9es.<br \/>\n\u2022 Renouvelez l\u2019application aussi souvent que n\u00e9cessaire.<br \/>\n\u2022 \u00c9vitez le contact avec les yeux.<br \/>\nIngr\u00e9dients :<br \/>\nAqua, Butyl Methoxydibenzoylmethane, Octocrylene, Stearic Acid, Glycerin, Triethanolamine, Dimethicone, Niacinnamide, Ascorbyl Glucoside, Acrylates\/Acrylamide Copolymer, Cetearyl Alcohol, Isopropyl Myristate, PEG-40 Hydrogenated Castor Oil, Tocopheryl Acetate, Ethyl Hexyl Methoxycinnamate, Silica, Salycilic Acid, Potassium Sorbate, Sodium Benzoate, Titanium Dioxyde, Fragrance.<\/p>\n","protected":false},"excerpt":{"rendered":"<p>Roncey Clairskin\u00a0<br \/>\nCr\u00e8me \u00e0 mains Clairskin SPF 30+, nourrit et hydrate les main, \u00e9claircit et unifie les mains, protection solaire UVA-UVB.<br \/>\nContenance : 100ml<\/p>\n","protected":false},"featured_media":1331,"comment_status":"open","ping_status":"closed","template":"","meta":[],"pwb-brand":[53],"product_cat":[160],"product_tag":[],"class_list":{"0":"post-1308","1":"product","2":"type-product","3":"status-publish","4":"has-post-thumbnail","6":"pwb-brand-roncey-pharma","7":"product_cat-soins-des-mains","8":"post","9":"ws-product--style-1","11":"first","12":"instock","13":"shipping-taxable","14":"purchasable","15":"product-type-simple"},"yoast_head":"<!-- This site is optimized with the Yoast SEO plugin v23.0 - https:\/\/yoast.com\/wordpress\/plugins\/seo\/ -->\n<title>Cr\u00e8me mains nourrissante Roncey Clairskin - 100ml - OrthoPara<\/title>\n<meta name=\"robots\" content=\"index, follow, max-snippet:-1, max-image-preview:large, max-video-preview:-1\" \/>\n<link rel=\"canonical\" href=\"https:\/\/orthopara.store\/index.php\/produit\/creme-mains-nourrissante-roncey-clairskin-100ml\/\" \/>\n<meta property=\"og:locale\" content=\"fr_FR\" \/>\n<meta property=\"og:type\" content=\"article\" \/>\n<meta property=\"og:title\" content=\"Cr\u00e8me mains nourrissante Roncey Clairskin - 100ml - OrthoPara\" \/>\n<meta property=\"og:description\" content=\"Roncey Clairskin\u00a0 Cr\u00e8me \u00e0 mains Clairskin SPF 30+, nourrit et hydrate les main, \u00e9claircit et unifie les mains, protection solaire UVA-UVB. Contenance : 100ml\" \/>\n<meta property=\"og:url\" content=\"https:\/\/orthopara.store\/index.php\/produit\/creme-mains-nourrissante-roncey-clairskin-100ml\/\" \/>\n<meta property=\"og:site_name\" content=\"OrthoPara\" \/>\n<meta property=\"article:publisher\" content=\"https:\/\/www.facebook.com\/profile.php?id=61561194315651\" \/>\n<meta property=\"article:modified_time\" content=\"2024-11-10T15:22:16+00:00\" \/>\n<meta property=\"og:image\" content=\"https:\/\/orthopara.store\/wp-content\/uploads\/2024\/06\/creme-mains-nourrissante-roncey-clairskin-100ml.jpg\" \/>\n\t<meta property=\"og:image:width\" content=\"800\" \/>\n\t<meta property=\"og:image:height\" content=\"800\" \/>\n\t<meta property=\"og:image:type\" content=\"image\/jpeg\" \/>\n<meta name=\"twitter:card\" content=\"summary_large_image\" \/>\n<meta name=\"twitter:label1\" content=\"Dur\u00e9e de lecture estim\u00e9e\" \/>\n\t<meta name=\"twitter:data1\" content=\"1 minute\" \/>\n<script type=\"application\/ld+json\" class=\"yoast-schema-graph\">{\"@context\":\"https:\/\/schema.org\",\"@graph\":[{\"@type\":\"WebPage\",\"@id\":\"https:\/\/orthopara.store\/index.php\/produit\/creme-mains-nourrissante-roncey-clairskin-100ml\/\",\"url\":\"https:\/\/orthopara.store\/index.php\/produit\/creme-mains-nourrissante-roncey-clairskin-100ml\/\",\"name\":\"Cr\u00e8me mains nourrissante Roncey Clairskin - 100ml - OrthoPara\",\"isPartOf\":{\"@id\":\"https:\/\/orthopara.store\/#website\"},\"primaryImageOfPage\":{\"@id\":\"https:\/\/orthopara.store\/index.php\/produit\/creme-mains-nourrissante-roncey-clairskin-100ml\/#primaryimage\"},\"image\":{\"@id\":\"https:\/\/orthopara.store\/index.php\/produit\/creme-mains-nourrissante-roncey-clairskin-100ml\/#primaryimage\"},\"thumbnailUrl\":\"https:\/\/orthopara.store\/wp-content\/uploads\/2024\/06\/creme-mains-nourrissante-roncey-clairskin-100ml.jpg\",\"datePublished\":\"2024-06-28T13:52:41+00:00\",\"dateModified\":\"2024-11-10T15:22:16+00:00\",\"breadcrumb\":{\"@id\":\"https:\/\/orthopara.store\/index.php\/produit\/creme-mains-nourrissante-roncey-clairskin-100ml\/#breadcrumb\"},\"inLanguage\":\"fr-FR\",\"potentialAction\":[{\"@type\":\"ReadAction\",\"target\":[\"https:\/\/orthopara.store\/index.php\/produit\/creme-mains-nourrissante-roncey-clairskin-100ml\/\"]}]},{\"@type\":\"ImageObject\",\"inLanguage\":\"fr-FR\",\"@id\":\"https:\/\/orthopara.store\/index.php\/produit\/creme-mains-nourrissante-roncey-clairskin-100ml\/#primaryimage\",\"url\":\"https:\/\/orthopara.store\/wp-content\/uploads\/2024\/06\/creme-mains-nourrissante-roncey-clairskin-100ml.jpg\",\"contentUrl\":\"https:\/\/orthopara.store\/wp-content\/uploads\/2024\/06\/creme-mains-nourrissante-roncey-clairskin-100ml.jpg\",\"width\":800,\"height\":800},{\"@type\":\"BreadcrumbList\",\"@id\":\"https:\/\/orthopara.store\/index.php\/produit\/creme-mains-nourrissante-roncey-clairskin-100ml\/#breadcrumb\",\"itemListElement\":[{\"@type\":\"ListItem\",\"position\":1,\"name\":\"Accueil\",\"item\":\"https:\/\/orthopara.store\/\"},{\"@type\":\"ListItem\",\"position\":2,\"name\":\"Shop\",\"item\":\"https:\/\/orthopara.store\/?page_id=622\"},{\"@type\":\"ListItem\",\"position\":3,\"name\":\"Cr\u00e8me mains nourrissante Roncey Clairskin &#8211; 100ml\"}]},{\"@type\":\"WebSite\",\"@id\":\"https:\/\/orthopara.store\/#website\",\"url\":\"https:\/\/orthopara.store\/\",\"name\":\"OrthoPara\",\"description\":\"Parapharmacie\",\"publisher\":{\"@id\":\"https:\/\/orthopara.store\/#organization\"},\"potentialAction\":[{\"@type\":\"SearchAction\",\"target\":{\"@type\":\"EntryPoint\",\"urlTemplate\":\"https:\/\/orthopara.store\/?s={search_term_string}\"},\"query-input\":\"required name=search_term_string\"}],\"inLanguage\":\"fr-FR\"},{\"@type\":\"Organization\",\"@id\":\"https:\/\/orthopara.store\/#organization\",\"name\":\"OrthoPara\",\"url\":\"https:\/\/orthopara.store\/\",\"logo\":{\"@type\":\"ImageObject\",\"inLanguage\":\"fr-FR\",\"@id\":\"https:\/\/orthopara.store\/#\/schema\/logo\/image\/\",\"url\":\"https:\/\/orthopara.store\/wp-content\/uploads\/2024\/06\/cropped-9ABA8BAD-6256-4719-9315-15C66E64E882.png\",\"contentUrl\":\"https:\/\/orthopara.store\/wp-content\/uploads\/2024\/06\/cropped-9ABA8BAD-6256-4719-9315-15C66E64E882.png\",\"width\":240,\"height\":72,\"caption\":\"OrthoPara\"},\"image\":{\"@id\":\"https:\/\/orthopara.store\/#\/schema\/logo\/image\/\"},\"sameAs\":[\"https:\/\/www.facebook.com\/profile.php?id=61561194315651\",\"https:\/\/www.instagram.com\/orthopara_tunisie\/\"]}]}<\/script>\n<!-- \/ Yoast SEO plugin. -->","yoast_head_json":{"title":"Cr\u00e8me mains nourrissante Roncey Clairskin - 100ml - OrthoPara","robots":{"index":"index","follow":"follow","max-snippet":"max-snippet:-1","max-image-preview":"max-image-preview:large","max-video-preview":"max-video-preview:-1"},"canonical":"https:\/\/orthopara.store\/index.php\/produit\/creme-mains-nourrissante-roncey-clairskin-100ml\/","og_locale":"fr_FR","og_type":"article","og_title":"Cr\u00e8me mains nourrissante Roncey Clairskin - 100ml - OrthoPara","og_description":"Roncey Clairskin\u00a0 Cr\u00e8me \u00e0 mains Clairskin SPF 30+, nourrit et hydrate les main, \u00e9claircit et unifie les mains, protection solaire UVA-UVB. Contenance : 100ml","og_url":"https:\/\/orthopara.store\/index.php\/produit\/creme-mains-nourrissante-roncey-clairskin-100ml\/","og_site_name":"OrthoPara","article_publisher":"https:\/\/www.facebook.com\/profile.php?id=61561194315651","article_modified_time":"2024-11-10T15:22:16+00:00","og_image":[{"width":800,"height":800,"url":"https:\/\/orthopara.store\/wp-content\/uploads\/2024\/06\/creme-mains-nourrissante-roncey-clairskin-100ml.jpg","type":"image\/jpeg"}],"twitter_card":"summary_large_image","twitter_misc":{"Dur\u00e9e de lecture estim\u00e9e":"1 minute"},"schema":{"@context":"https:\/\/schema.org","@graph":[{"@type":"WebPage","@id":"https:\/\/orthopara.store\/index.php\/produit\/creme-mains-nourrissante-roncey-clairskin-100ml\/","url":"https:\/\/orthopara.store\/index.php\/produit\/creme-mains-nourrissante-roncey-clairskin-100ml\/","name":"Cr\u00e8me mains nourrissante Roncey Clairskin - 100ml - OrthoPara","isPartOf":{"@id":"https:\/\/orthopara.store\/#website"},"primaryImageOfPage":{"@id":"https:\/\/orthopara.store\/index.php\/produit\/creme-mains-nourrissante-roncey-clairskin-100ml\/#primaryimage"},"image":{"@id":"https:\/\/orthopara.store\/index.php\/produit\/creme-mains-nourrissante-roncey-clairskin-100ml\/#primaryimage"},"thumbnailUrl":"https:\/\/orthopara.store\/wp-content\/uploads\/2024\/06\/creme-mains-nourrissante-roncey-clairskin-100ml.jpg","datePublished":"2024-06-28T13:52:41+00:00","dateModified":"2024-11-10T15:22:16+00:00","breadcrumb":{"@id":"https:\/\/orthopara.store\/index.php\/produit\/creme-mains-nourrissante-roncey-clairskin-100ml\/#breadcrumb"},"inLanguage":"fr-FR","potentialAction":[{"@type":"ReadAction","target":["https:\/\/orthopara.store\/index.php\/produit\/creme-mains-nourrissante-roncey-clairskin-100ml\/"]}]},{"@type":"ImageObject","inLanguage":"fr-FR","@id":"https:\/\/orthopara.store\/index.php\/produit\/creme-mains-nourrissante-roncey-clairskin-100ml\/#primaryimage","url":"https:\/\/orthopara.store\/wp-content\/uploads\/2024\/06\/creme-mains-nourrissante-roncey-clairskin-100ml.jpg","contentUrl":"https:\/\/orthopara.store\/wp-content\/uploads\/2024\/06\/creme-mains-nourrissante-roncey-clairskin-100ml.jpg","width":800,"height":800},{"@type":"BreadcrumbList","@id":"https:\/\/orthopara.store\/index.php\/produit\/creme-mains-nourrissante-roncey-clairskin-100ml\/#breadcrumb","itemListElement":[{"@type":"ListItem","position":1,"name":"Accueil","item":"https:\/\/orthopara.store\/"},{"@type":"ListItem","position":2,"name":"Shop","item":"https:\/\/orthopara.store\/?page_id=622"},{"@type":"ListItem","position":3,"name":"Cr\u00e8me mains nourrissante Roncey Clairskin &#8211; 100ml"}]},{"@type":"WebSite","@id":"https:\/\/orthopara.store\/#website","url":"https:\/\/orthopara.store\/","name":"OrthoPara","description":"Parapharmacie","publisher":{"@id":"https:\/\/orthopara.store\/#organization"},"potentialAction":[{"@type":"SearchAction","target":{"@type":"EntryPoint","urlTemplate":"https:\/\/orthopara.store\/?s={search_term_string}"},"query-input":"required name=search_term_string"}],"inLanguage":"fr-FR"},{"@type":"Organization","@id":"https:\/\/orthopara.store\/#organization","name":"OrthoPara","url":"https:\/\/orthopara.store\/","logo":{"@type":"ImageObject","inLanguage":"fr-FR","@id":"https:\/\/orthopara.store\/#\/schema\/logo\/image\/","url":"https:\/\/orthopara.store\/wp-content\/uploads\/2024\/06\/cropped-9ABA8BAD-6256-4719-9315-15C66E64E882.png","contentUrl":"https:\/\/orthopara.store\/wp-content\/uploads\/2024\/06\/cropped-9ABA8BAD-6256-4719-9315-15C66E64E882.png","width":240,"height":72,"caption":"OrthoPara"},"image":{"@id":"https:\/\/orthopara.store\/#\/schema\/logo\/image\/"},"sameAs":["https:\/\/www.facebook.com\/profile.php?id=61561194315651","https:\/\/www.instagram.com\/orthopara_tunisie\/"]}]}},"jetpack_sharing_enabled":true,"brands":[{"id":53,"name":"Roncey Pharma","slug":"roncey-pharma"}],"_links":{"self":[{"href":"https:\/\/orthopara.store\/index.php?rest_route=\/wp\/v2\/product\/1308","targetHints":{"allow":["GET"]}}],"collection":[{"href":"https:\/\/orthopara.store\/index.php?rest_route=\/wp\/v2\/product"}],"about":[{"href":"https:\/\/orthopara.store\/index.php?rest_route=\/wp\/v2\/types\/product"}],"replies":[{"embeddable":true,"href":"https:\/\/orthopara.store\/index.php?rest_route=%2Fwp%2Fv2%2Fcomments&post=1308"}],"wp:featuredmedia":[{"embeddable":true,"href":"https:\/\/orthopara.store\/index.php?rest_route=\/wp\/v2\/media\/1331"}],"wp:attachment":[{"href":"https:\/\/orthopara.store\/index.php?rest_route=%2Fwp%2Fv2%2Fmedia&parent=1308"}],"wp:term":[{"taxonomy":"pwb-brand","embeddable":true,"href":"https:\/\/orthopara.store\/index.php?rest_route=%2Fwp%2Fv2%2Fpwb-brand&post=1308"},{"taxonomy":"product_cat","embeddable":true,"href":"https:\/\/orthopara.store\/index.php?rest_route=%2Fwp%2Fv2%2Fproduct_cat&post=1308"},{"taxonomy":"product_tag","embeddable":true,"href":"https:\/\/orthopara.store\/index.php?rest_route=%2Fwp%2Fv2%2Fproduct_tag&post=1308"}],"curies":[{"name":"wp","href":"https:\/\/api.w.org\/{rel}","templated":true}]}}