{"id":1310,"date":"2024-06-28T15:52:42","date_gmt":"2024-06-28T13:52:42","guid":{"rendered":"https:\/\/orthopara.store\/?post_type=product&#038;p=1310"},"modified":"2024-06-28T15:52:50","modified_gmt":"2024-06-28T13:52:50","slug":"pinceau-de-traitement-liquide-ongles-fragiles-urgo-filmogel-9ml","status":"publish","type":"product","link":"https:\/\/orthopara.store\/?product=pinceau-de-traitement-liquide-ongles-fragiles-urgo-filmogel-9ml","title":{"rendered":"Pinceau de traitement liquide ongles fragiles &#8211; Urgo Filmogel &#8211; 9ml"},"content":{"rendered":"<p>Pinceau de traitement liquide ongles fragiles &#8211; Urgo Filmogel &#8211; 9ml<br \/>\nFilmogel Ongle fragiles est un dispositif innovant, un traitement liquide qui se transforme au contact de l\u2019air en film fin et souple, pour prot\u00e9ger et renforcer les ongles fragiles en agissant comme une huile nourrissante et un durcisseur d\u2019ongles. Compos\u00e9 de k\u00e9ratine, squalane et glyc\u00e9rine, il offre une action protectrice, fortifiante et nourrissante qui contribue \u00e0 renforcer l\u2019ongle et le prot\u00e9ger de la casse. Facile \u00e0 utiliser, ce soin pr\u00e9cis pratique par son format laissera sur l\u2019ongle un d\u00e9licat parfum fleuri et fruit\u00e9. Apr\u00e8s 3 jours d\u2019application, les ongles nourris et prot\u00e9g\u00e9s retrouvent de la force et leur beaut\u00e9. En 14 jours, ils sont plus \u00e9pais, plus durs, plus lisses et moins cassants. Test\u00e9 cliniquement. Sans formald\u00e9hyde<br \/>\nIndications :<br \/>\nUrgo Filmogel Ongles Fragiles est un soin fortifiant 2 en 1 destin\u00e9 aux ongles fragilis\u00e9s, d\u00e9nutris et mous. Son action rapide (en 3 jours) nourrit, fortifie et prot\u00e8ge les ongles. Convient d\u00e8s 15 ans.<br \/>\nPropri\u00e9t\u00e9s :<br \/>\nLe soin Filmogel Ongles Fragiles d&rsquo;Urgo est enrichi en k\u00e9ratine, glyc\u00e9rine et squalane qui associent les avantages d&rsquo;un vernis durcisseur et d&rsquo;une huile nourrissante. Sa formule prot\u00e8ge et nourrit l&rsquo;ongle tout en am\u00e9liorant son aspect, le rendant plus r\u00e9sistant. Doux pour les cuticules, il est dot\u00e9 d&rsquo;un parfum tr\u00e8s agr\u00e9able. Son style pinceau est tr\u00e8s pratique \u00e0 utiliser et permet une application pr\u00e9cise sur l&rsquo;ongle avec un s\u00e9chage express en 1 minute. Test\u00e9 cliniquement, il est formul\u00e9 sans formald\u00e9hyde. Son efficacit\u00e9 est prouv\u00e9e*: en 3 jours seulement, l&rsquo;ongle est fortifi\u00e9, nourrit et durcit.<br \/>\n* Enqu\u00eate r\u00e9alis\u00e9e sur 22 personnes.<br \/>\nConseils d&rsquo;utilisation :<br \/>\nLors de la premi\u00e8re utilisation, tourner l&#8217;embout rotatif du stylo plusieurs fois pour lib\u00e9rer le filmogel. Puis appliquer sur les ongles secs et propres. Lors des suivantes applications, une seule rotation de l&#8217;embout peut suffire. Appliquer 2 fois par jour en cure de 14 jours. Si besoin, le soin peut \u00eatre retir\u00e9 avec de l&rsquo;eau. Essuyer le pinceau apr\u00e8s utilisation.<br \/>\nPr\u00e9cautions d&#8217;emploi :<br \/>\nNe pas d\u00e9passer 2 applications par jour. Bien refermer apr\u00e8s utilisation jusqu&rsquo;\u00e0 entendre un clic. Ne pas utiliser en cas d&rsquo;allergie \u00e0 l&rsquo;un des composants. Ne pas avaler, ni appliquer sur une peau l\u00e9s\u00e9e ou irrit\u00e9e, une plaie ou sur les muqueuses. Usage externe uniquement, \u00e9viter tout contact avec les yeux, en cas de contact avec les yeux, rincer abondamment \u00e0 l&rsquo;eau. Tenir hors de la port\u00e9e des enfants et conserver \u00e0 l&rsquo;abri de la chaleur ou d&rsquo;une source de flamme. Ne pas fumer lors de l&rsquo;application et avant s\u00e9chage complet du produit. Ne pas retirer l&#8217;embout rotatif et ne pas rincer le pinceau \u00e0 l&rsquo;eau. Convient pour l&rsquo;adulte d\u00e8s 15 ans.<br \/>\nComposition :<br \/>\nAlcohol Denat, Aqua, Hydroxyethyl Acrylate\/Sodium Acryloyldimethyl Taurate Copolymer, Glycerin, Squalane, Parfum, Polysorbate 60, Hydrolyzed Keratin, Sorbitan Isostearate, Potassium Sorbate, Sodium Benzoate, Phenoxyethanol.<\/p>\n","protected":false},"excerpt":{"rendered":"<p>Filmogel<br \/>\nDes ongles mous et fragiles? Urgo Filmogel ongles fragiles fortifie, nourrit et prot\u00e8ge les ongles fragilis\u00e9s, mous, d\u00e9nutris. Sa formule \u00e0 base de k\u00e9ratine, glyc\u00e9rine et squalane, combine les avantages d&rsquo;un vernis durcisseur et d&rsquo;une huile nourrissante. Ce soin fortifiant offre une application pr\u00e9cise gr\u00e2ce \u00e0 son stylo pinceau et s\u00e8che rapidement (1 minute).<br \/>\nConditionnement : Stylo pinceau 9ml<br \/>\nDLC : 10\/2024<\/p>\n","protected":false},"featured_media":1333,"comment_status":"open","ping_status":"closed","template":"","meta":[],"pwb-brand":[157],"product_cat":[160],"product_tag":[],"class_list":{"0":"post-1310","1":"product","2":"type-product","3":"status-publish","4":"has-post-thumbnail","6":"pwb-brand-urgo","7":"product_cat-soins-des-mains","8":"post","9":"ws-product--style-1","11":"first","12":"instock","13":"shipping-taxable","14":"purchasable","15":"product-type-simple"},"yoast_head":"<!-- This site is optimized with the Yoast SEO plugin v23.0 - https:\/\/yoast.com\/wordpress\/plugins\/seo\/ -->\n<title>Pinceau de traitement liquide ongles fragiles - Urgo Filmogel - 9ml - OrthoPara<\/title>\n<meta name=\"robots\" content=\"index, follow, max-snippet:-1, max-image-preview:large, max-video-preview:-1\" \/>\n<link rel=\"canonical\" href=\"https:\/\/orthopara.store\/index.php\/produit\/pinceau-de-traitement-liquide-ongles-fragiles-urgo-filmogel-9ml\/\" \/>\n<meta property=\"og:locale\" content=\"fr_FR\" \/>\n<meta property=\"og:type\" content=\"article\" \/>\n<meta property=\"og:title\" content=\"Pinceau de traitement liquide ongles fragiles - Urgo Filmogel - 9ml - OrthoPara\" \/>\n<meta property=\"og:description\" content=\"Filmogel Des ongles mous et fragiles? Urgo Filmogel ongles fragiles fortifie, nourrit et prot\u00e8ge les ongles fragilis\u00e9s, mous, d\u00e9nutris. Sa formule \u00e0 base de k\u00e9ratine, glyc\u00e9rine et squalane, combine les avantages d&#039;un vernis durcisseur et d&#039;une huile nourrissante. Ce soin fortifiant offre une application pr\u00e9cise gr\u00e2ce \u00e0 son stylo pinceau et s\u00e8che rapidement (1 minute). Conditionnement : Stylo pinceau 9ml DLC : 10\/2024\" \/>\n<meta property=\"og:url\" content=\"https:\/\/orthopara.store\/index.php\/produit\/pinceau-de-traitement-liquide-ongles-fragiles-urgo-filmogel-9ml\/\" \/>\n<meta property=\"og:site_name\" content=\"OrthoPara\" \/>\n<meta property=\"article:publisher\" content=\"https:\/\/www.facebook.com\/profile.php?id=61561194315651\" \/>\n<meta property=\"article:modified_time\" content=\"2024-06-28T13:52:50+00:00\" \/>\n<meta property=\"og:image\" content=\"https:\/\/orthopara.store\/wp-content\/uploads\/2024\/06\/pinceau-de-traitement-liquide-ongles-fragiles-urgo-filmogel-9ml.jpg\" \/>\n\t<meta property=\"og:image:width\" content=\"800\" \/>\n\t<meta property=\"og:image:height\" content=\"800\" \/>\n\t<meta property=\"og:image:type\" content=\"image\/jpeg\" \/>\n<meta name=\"twitter:card\" content=\"summary_large_image\" \/>\n<meta name=\"twitter:label1\" content=\"Dur\u00e9e de lecture estim\u00e9e\" \/>\n\t<meta name=\"twitter:data1\" content=\"2 minutes\" \/>\n<script type=\"application\/ld+json\" class=\"yoast-schema-graph\">{\"@context\":\"https:\/\/schema.org\",\"@graph\":[{\"@type\":\"WebPage\",\"@id\":\"https:\/\/orthopara.store\/index.php\/produit\/pinceau-de-traitement-liquide-ongles-fragiles-urgo-filmogel-9ml\/\",\"url\":\"https:\/\/orthopara.store\/index.php\/produit\/pinceau-de-traitement-liquide-ongles-fragiles-urgo-filmogel-9ml\/\",\"name\":\"Pinceau de traitement liquide ongles fragiles - Urgo Filmogel - 9ml - OrthoPara\",\"isPartOf\":{\"@id\":\"https:\/\/orthopara.store\/#website\"},\"primaryImageOfPage\":{\"@id\":\"https:\/\/orthopara.store\/index.php\/produit\/pinceau-de-traitement-liquide-ongles-fragiles-urgo-filmogel-9ml\/#primaryimage\"},\"image\":{\"@id\":\"https:\/\/orthopara.store\/index.php\/produit\/pinceau-de-traitement-liquide-ongles-fragiles-urgo-filmogel-9ml\/#primaryimage\"},\"thumbnailUrl\":\"https:\/\/orthopara.store\/wp-content\/uploads\/2024\/06\/pinceau-de-traitement-liquide-ongles-fragiles-urgo-filmogel-9ml.jpg\",\"datePublished\":\"2024-06-28T13:52:42+00:00\",\"dateModified\":\"2024-06-28T13:52:50+00:00\",\"breadcrumb\":{\"@id\":\"https:\/\/orthopara.store\/index.php\/produit\/pinceau-de-traitement-liquide-ongles-fragiles-urgo-filmogel-9ml\/#breadcrumb\"},\"inLanguage\":\"fr-FR\",\"potentialAction\":[{\"@type\":\"ReadAction\",\"target\":[\"https:\/\/orthopara.store\/index.php\/produit\/pinceau-de-traitement-liquide-ongles-fragiles-urgo-filmogel-9ml\/\"]}]},{\"@type\":\"ImageObject\",\"inLanguage\":\"fr-FR\",\"@id\":\"https:\/\/orthopara.store\/index.php\/produit\/pinceau-de-traitement-liquide-ongles-fragiles-urgo-filmogel-9ml\/#primaryimage\",\"url\":\"https:\/\/orthopara.store\/wp-content\/uploads\/2024\/06\/pinceau-de-traitement-liquide-ongles-fragiles-urgo-filmogel-9ml.jpg\",\"contentUrl\":\"https:\/\/orthopara.store\/wp-content\/uploads\/2024\/06\/pinceau-de-traitement-liquide-ongles-fragiles-urgo-filmogel-9ml.jpg\",\"width\":800,\"height\":800},{\"@type\":\"BreadcrumbList\",\"@id\":\"https:\/\/orthopara.store\/index.php\/produit\/pinceau-de-traitement-liquide-ongles-fragiles-urgo-filmogel-9ml\/#breadcrumb\",\"itemListElement\":[{\"@type\":\"ListItem\",\"position\":1,\"name\":\"Accueil\",\"item\":\"https:\/\/orthopara.store\/\"},{\"@type\":\"ListItem\",\"position\":2,\"name\":\"Shop\",\"item\":\"https:\/\/orthopara.store\/?page_id=622\"},{\"@type\":\"ListItem\",\"position\":3,\"name\":\"Pinceau de traitement liquide ongles fragiles &#8211; Urgo Filmogel &#8211; 9ml\"}]},{\"@type\":\"WebSite\",\"@id\":\"https:\/\/orthopara.store\/#website\",\"url\":\"https:\/\/orthopara.store\/\",\"name\":\"OrthoPara\",\"description\":\"Parapharmacie\",\"publisher\":{\"@id\":\"https:\/\/orthopara.store\/#organization\"},\"potentialAction\":[{\"@type\":\"SearchAction\",\"target\":{\"@type\":\"EntryPoint\",\"urlTemplate\":\"https:\/\/orthopara.store\/?s={search_term_string}\"},\"query-input\":\"required name=search_term_string\"}],\"inLanguage\":\"fr-FR\"},{\"@type\":\"Organization\",\"@id\":\"https:\/\/orthopara.store\/#organization\",\"name\":\"OrthoPara\",\"url\":\"https:\/\/orthopara.store\/\",\"logo\":{\"@type\":\"ImageObject\",\"inLanguage\":\"fr-FR\",\"@id\":\"https:\/\/orthopara.store\/#\/schema\/logo\/image\/\",\"url\":\"https:\/\/orthopara.store\/wp-content\/uploads\/2024\/06\/cropped-9ABA8BAD-6256-4719-9315-15C66E64E882.png\",\"contentUrl\":\"https:\/\/orthopara.store\/wp-content\/uploads\/2024\/06\/cropped-9ABA8BAD-6256-4719-9315-15C66E64E882.png\",\"width\":240,\"height\":72,\"caption\":\"OrthoPara\"},\"image\":{\"@id\":\"https:\/\/orthopara.store\/#\/schema\/logo\/image\/\"},\"sameAs\":[\"https:\/\/www.facebook.com\/profile.php?id=61561194315651\",\"https:\/\/www.instagram.com\/orthopara_tunisie\/\"]}]}<\/script>\n<!-- \/ Yoast SEO plugin. -->","yoast_head_json":{"title":"Pinceau de traitement liquide ongles fragiles - Urgo Filmogel - 9ml - OrthoPara","robots":{"index":"index","follow":"follow","max-snippet":"max-snippet:-1","max-image-preview":"max-image-preview:large","max-video-preview":"max-video-preview:-1"},"canonical":"https:\/\/orthopara.store\/index.php\/produit\/pinceau-de-traitement-liquide-ongles-fragiles-urgo-filmogel-9ml\/","og_locale":"fr_FR","og_type":"article","og_title":"Pinceau de traitement liquide ongles fragiles - Urgo Filmogel - 9ml - OrthoPara","og_description":"Filmogel Des ongles mous et fragiles? Urgo Filmogel ongles fragiles fortifie, nourrit et prot\u00e8ge les ongles fragilis\u00e9s, mous, d\u00e9nutris. Sa formule \u00e0 base de k\u00e9ratine, glyc\u00e9rine et squalane, combine les avantages d'un vernis durcisseur et d'une huile nourrissante. Ce soin fortifiant offre une application pr\u00e9cise gr\u00e2ce \u00e0 son stylo pinceau et s\u00e8che rapidement (1 minute). Conditionnement : Stylo pinceau 9ml DLC : 10\/2024","og_url":"https:\/\/orthopara.store\/index.php\/produit\/pinceau-de-traitement-liquide-ongles-fragiles-urgo-filmogel-9ml\/","og_site_name":"OrthoPara","article_publisher":"https:\/\/www.facebook.com\/profile.php?id=61561194315651","article_modified_time":"2024-06-28T13:52:50+00:00","og_image":[{"width":800,"height":800,"url":"https:\/\/orthopara.store\/wp-content\/uploads\/2024\/06\/pinceau-de-traitement-liquide-ongles-fragiles-urgo-filmogel-9ml.jpg","type":"image\/jpeg"}],"twitter_card":"summary_large_image","twitter_misc":{"Dur\u00e9e de lecture estim\u00e9e":"2 minutes"},"schema":{"@context":"https:\/\/schema.org","@graph":[{"@type":"WebPage","@id":"https:\/\/orthopara.store\/index.php\/produit\/pinceau-de-traitement-liquide-ongles-fragiles-urgo-filmogel-9ml\/","url":"https:\/\/orthopara.store\/index.php\/produit\/pinceau-de-traitement-liquide-ongles-fragiles-urgo-filmogel-9ml\/","name":"Pinceau de traitement liquide ongles fragiles - Urgo Filmogel - 9ml - OrthoPara","isPartOf":{"@id":"https:\/\/orthopara.store\/#website"},"primaryImageOfPage":{"@id":"https:\/\/orthopara.store\/index.php\/produit\/pinceau-de-traitement-liquide-ongles-fragiles-urgo-filmogel-9ml\/#primaryimage"},"image":{"@id":"https:\/\/orthopara.store\/index.php\/produit\/pinceau-de-traitement-liquide-ongles-fragiles-urgo-filmogel-9ml\/#primaryimage"},"thumbnailUrl":"https:\/\/orthopara.store\/wp-content\/uploads\/2024\/06\/pinceau-de-traitement-liquide-ongles-fragiles-urgo-filmogel-9ml.jpg","datePublished":"2024-06-28T13:52:42+00:00","dateModified":"2024-06-28T13:52:50+00:00","breadcrumb":{"@id":"https:\/\/orthopara.store\/index.php\/produit\/pinceau-de-traitement-liquide-ongles-fragiles-urgo-filmogel-9ml\/#breadcrumb"},"inLanguage":"fr-FR","potentialAction":[{"@type":"ReadAction","target":["https:\/\/orthopara.store\/index.php\/produit\/pinceau-de-traitement-liquide-ongles-fragiles-urgo-filmogel-9ml\/"]}]},{"@type":"ImageObject","inLanguage":"fr-FR","@id":"https:\/\/orthopara.store\/index.php\/produit\/pinceau-de-traitement-liquide-ongles-fragiles-urgo-filmogel-9ml\/#primaryimage","url":"https:\/\/orthopara.store\/wp-content\/uploads\/2024\/06\/pinceau-de-traitement-liquide-ongles-fragiles-urgo-filmogel-9ml.jpg","contentUrl":"https:\/\/orthopara.store\/wp-content\/uploads\/2024\/06\/pinceau-de-traitement-liquide-ongles-fragiles-urgo-filmogel-9ml.jpg","width":800,"height":800},{"@type":"BreadcrumbList","@id":"https:\/\/orthopara.store\/index.php\/produit\/pinceau-de-traitement-liquide-ongles-fragiles-urgo-filmogel-9ml\/#breadcrumb","itemListElement":[{"@type":"ListItem","position":1,"name":"Accueil","item":"https:\/\/orthopara.store\/"},{"@type":"ListItem","position":2,"name":"Shop","item":"https:\/\/orthopara.store\/?page_id=622"},{"@type":"ListItem","position":3,"name":"Pinceau de traitement liquide ongles fragiles &#8211; Urgo Filmogel &#8211; 9ml"}]},{"@type":"WebSite","@id":"https:\/\/orthopara.store\/#website","url":"https:\/\/orthopara.store\/","name":"OrthoPara","description":"Parapharmacie","publisher":{"@id":"https:\/\/orthopara.store\/#organization"},"potentialAction":[{"@type":"SearchAction","target":{"@type":"EntryPoint","urlTemplate":"https:\/\/orthopara.store\/?s={search_term_string}"},"query-input":"required name=search_term_string"}],"inLanguage":"fr-FR"},{"@type":"Organization","@id":"https:\/\/orthopara.store\/#organization","name":"OrthoPara","url":"https:\/\/orthopara.store\/","logo":{"@type":"ImageObject","inLanguage":"fr-FR","@id":"https:\/\/orthopara.store\/#\/schema\/logo\/image\/","url":"https:\/\/orthopara.store\/wp-content\/uploads\/2024\/06\/cropped-9ABA8BAD-6256-4719-9315-15C66E64E882.png","contentUrl":"https:\/\/orthopara.store\/wp-content\/uploads\/2024\/06\/cropped-9ABA8BAD-6256-4719-9315-15C66E64E882.png","width":240,"height":72,"caption":"OrthoPara"},"image":{"@id":"https:\/\/orthopara.store\/#\/schema\/logo\/image\/"},"sameAs":["https:\/\/www.facebook.com\/profile.php?id=61561194315651","https:\/\/www.instagram.com\/orthopara_tunisie\/"]}]}},"jetpack_sharing_enabled":true,"brands":[{"id":157,"name":"Urgo","slug":"urgo"}],"_links":{"self":[{"href":"https:\/\/orthopara.store\/index.php?rest_route=\/wp\/v2\/product\/1310","targetHints":{"allow":["GET"]}}],"collection":[{"href":"https:\/\/orthopara.store\/index.php?rest_route=\/wp\/v2\/product"}],"about":[{"href":"https:\/\/orthopara.store\/index.php?rest_route=\/wp\/v2\/types\/product"}],"replies":[{"embeddable":true,"href":"https:\/\/orthopara.store\/index.php?rest_route=%2Fwp%2Fv2%2Fcomments&post=1310"}],"wp:featuredmedia":[{"embeddable":true,"href":"https:\/\/orthopara.store\/index.php?rest_route=\/wp\/v2\/media\/1333"}],"wp:attachment":[{"href":"https:\/\/orthopara.store\/index.php?rest_route=%2Fwp%2Fv2%2Fmedia&parent=1310"}],"wp:term":[{"taxonomy":"pwb-brand","embeddable":true,"href":"https:\/\/orthopara.store\/index.php?rest_route=%2Fwp%2Fv2%2Fpwb-brand&post=1310"},{"taxonomy":"product_cat","embeddable":true,"href":"https:\/\/orthopara.store\/index.php?rest_route=%2Fwp%2Fv2%2Fproduct_cat&post=1310"},{"taxonomy":"product_tag","embeddable":true,"href":"https:\/\/orthopara.store\/index.php?rest_route=%2Fwp%2Fv2%2Fproduct_tag&post=1310"}],"curies":[{"name":"wp","href":"https:\/\/api.w.org\/{rel}","templated":true}]}}