{"id":1311,"date":"2024-06-28T15:52:42","date_gmt":"2024-06-28T13:52:42","guid":{"rendered":"https:\/\/orthopara.store\/?post_type=product&#038;p=1311"},"modified":"2024-06-28T15:52:50","modified_gmt":"2024-06-28T13:52:50","slug":"creme-mains-reparatrice-mains-seches-irritees-avene-cicalfate-100ml","status":"publish","type":"product","link":"https:\/\/orthopara.store\/?product=creme-mains-reparatrice-mains-seches-irritees-avene-cicalfate-100ml","title":{"rendered":"Cr\u00e8me mains r\u00e9paratrice &#8211; mains s\u00e8ches &#038; irrit\u00e9es &#8211; Av\u00e8ne Cicalfate &#8211; 100ml"},"content":{"rendered":"<p>Cr\u00e8me mains r\u00e9paratrice &#8211; mains s\u00e8ches &#038; irrit\u00e9es &#8211; Av\u00e8ne Cicalfate &#8211; 100ml\u00a0<br \/>\nR\u00e9pare, apaise et prot\u00e8ge les mains tr\u00e8s s\u00e8ches et irrit\u00e9es. Cicalfate mains cr\u00e8me r\u00e9paratrice isolante hydrate la peau agress\u00e9e des mains et favorise la r\u00e9paration \u00e9pidermique. Les tiraillements et irritations sont apais\u00e9s. Cette cr\u00e8me r\u00e9paratrice enveloppe les mains d\u2019un voile protecteur r\u00e9sistant \u00e0 l\u2019eau et favorise la reconstruction de la barri\u00e8re cutan\u00e9e, notamment apr\u00e8s des lavages fr\u00e9quents, ou l\u2019usage r\u00e9p\u00e9t\u00e9 de solutions hydroalcooliques qui dess\u00e8chent la peau. Agr\u00e9able \u00e0 utiliser au quotidien, ce soin offre aux mains irrit\u00e9es un toucher sec et agr\u00e9able.<br \/>\nAvantages d&rsquo;utilisation :<br \/>\n\u2022\u00a0R\u00e9paratrice :\u00a0des mains irrit\u00e9es par le froid, les lavages r\u00e9p\u00e9t\u00e9s et l\u2019application fr\u00e9quente de solution hydroalcoolique. Le Sucralfate, actif original, favorise la r\u00e9paration de l\u2019\u00e9piderme.<br \/>\n\u2022\u00a0Apaisante :\u00a0Riche en Eau thermale d&rsquo;Av\u00e8ne, elle apaise les \u00e9pidermes fragilis\u00e9s. Sa texture onctueuse et nutritive s&rsquo;\u00e9tale facilement. Rapidement absorb\u00e9e, transparente \u00e0 l&rsquo;application, elle forme sur la peau une barri\u00e8re isolante pour une protection \u00ab\u00a0seconde peau\u00a0\u00bb.<br \/>\n\u2022\u00a0Assainissante : des ger\u00e7ures et irritations, gr\u00e2ce \u00e0 des agents antibact\u00e9riens, sulfates de cuivre et de zinc, qui limitent le risque de prolif\u00e9ration bact\u00e9rienne. Sans parfum, Cicalfate mains Cr\u00e8me r\u00e9paratrice isolante s\u2019applique et p\u00e9n\u00e8tre en un instant.<br \/>\nAvantage de la texture : une texture isolante effet \u00ab\u00a0seconde peau\u00a0\u00bb qui prot\u00e8ge et apaise les mains irrit\u00e9es.<br \/>\nSenteur du contenu : sans parfum<br \/>\nConseils d&rsquo;utilisation :\u00a0<br \/>\nFr\u00e9quence d\u2019utilisation : plusieurs fois par jour<br \/>\nMode d&rsquo;application : appliquez Cicalfate Mains Cr\u00e8me r\u00e9paratrice isolante au moins 2 fois par jour sur toute la surface des mains, en insistant sur les zones les plus irrit\u00e9es.<br \/>\nAstuce de l&rsquo;expert : pour favoriser une meilleure r\u00e9paration des mains, appliquez la Cr\u00e8me r\u00e9paratrice isolante Cicalfate Mains apr\u00e8s chaque lavage des mains, sans oublier le soir avant de vous coucher.<br \/>\nComposition :\u00a0<br \/>\nAvene Thermal Spring Water (Avene Aqua). Mineral Oil (Paraffinum Liquidum). Myreth-3 Myristate. Peg-45\/Dodecyl Glycol Copolymer. Dimethicone. Aluminum Sucrose Octasulfate. Octyldodecanol. Peg-7 Glyceryl Cocoate. Aluminum Starch Octenylsuccinate. Glycerin. Beeswax (Cera Alba). Cetyl Alcohol. Copper Sulfate. Dimethiconol. Disteardimonium Hectorite. Glyceryl Stearate. Magnesium Sulfate. Phenoxyethanol. Sodium Benzoate. Water (Aqua). Xanthan Gum. Zinc Sulfate.<\/p>\n","protected":false},"excerpt":{"rendered":"<p>Av\u00e8ne Cicalfate<br \/>\nCr\u00e8me mains r\u00e9paratrice &#8211; mains s\u00e8ches &#038; irrit\u00e9es\u00a0<br \/>\nCe soin r\u00e9confortant enveloppe et soulage les mains tr\u00e8s s\u00e8ches, gerc\u00e9es et fendill\u00e9es (les peaux fissur\u00e9es), sans coller.<br \/>\nTexture effet seconde peau<\/p>\n<p>Indications ; Cicalfate Mains Cr\u00e8me r\u00e9paratrice isolante est destin\u00e9e aux mains tr\u00e8s s\u00e8ches, gerc\u00e9es, fendill\u00e9es, irrit\u00e9es \u00e0 la suite d&rsquo;agressions diverses (climatiques, professionnelles).\u00a0<br \/>\nContenance : 100ml<br \/>\nDLC : 07\/2025 (\u00e0 utilis\u00e9 dans une dur\u00e9e inf\u00e9rieure \u00e0 6 mois)\u00a0<\/p>\n","protected":false},"featured_media":1334,"comment_status":"open","ping_status":"closed","template":"","meta":[],"pwb-brand":[61],"product_cat":[160],"product_tag":[],"class_list":{"0":"post-1311","1":"product","2":"type-product","3":"status-publish","4":"has-post-thumbnail","6":"pwb-brand-avene","7":"product_cat-soins-des-mains","8":"post","9":"ws-product--style-1","11":"first","12":"instock","13":"shipping-taxable","14":"purchasable","15":"product-type-simple"},"yoast_head":"<!-- This site is optimized with the Yoast SEO plugin v23.0 - https:\/\/yoast.com\/wordpress\/plugins\/seo\/ -->\n<title>Cr\u00e8me mains r\u00e9paratrice - mains s\u00e8ches &amp; irrit\u00e9es - Av\u00e8ne Cicalfate - 100ml - OrthoPara<\/title>\n<meta name=\"robots\" content=\"index, follow, max-snippet:-1, max-image-preview:large, max-video-preview:-1\" \/>\n<link rel=\"canonical\" href=\"https:\/\/orthopara.store\/index.php\/produit\/creme-mains-reparatrice-mains-seches-irritees-avene-cicalfate-100ml\/\" \/>\n<meta property=\"og:locale\" content=\"fr_FR\" \/>\n<meta property=\"og:type\" content=\"article\" \/>\n<meta property=\"og:title\" content=\"Cr\u00e8me mains r\u00e9paratrice - mains s\u00e8ches &amp; irrit\u00e9es - Av\u00e8ne Cicalfate - 100ml - OrthoPara\" \/>\n<meta property=\"og:description\" content=\"Av\u00e8ne Cicalfate Cr\u00e8me mains r\u00e9paratrice - mains s\u00e8ches &amp; irrit\u00e9es\u00a0 Ce soin r\u00e9confortant enveloppe et soulage les mains tr\u00e8s s\u00e8ches, gerc\u00e9es et fendill\u00e9es (les peaux fissur\u00e9es), sans coller. Texture effet seconde peau Indications ; Cicalfate Mains Cr\u00e8me r\u00e9paratrice isolante est destin\u00e9e aux mains tr\u00e8s s\u00e8ches, gerc\u00e9es, fendill\u00e9es, irrit\u00e9es \u00e0 la suite d&#039;agressions diverses (climatiques, professionnelles).\u00a0 Contenance : 100ml DLC : 07\/2025 (\u00e0 utilis\u00e9 dans une dur\u00e9e inf\u00e9rieure \u00e0 6 mois)\u00a0\" \/>\n<meta property=\"og:url\" content=\"https:\/\/orthopara.store\/index.php\/produit\/creme-mains-reparatrice-mains-seches-irritees-avene-cicalfate-100ml\/\" \/>\n<meta property=\"og:site_name\" content=\"OrthoPara\" \/>\n<meta property=\"article:publisher\" content=\"https:\/\/www.facebook.com\/profile.php?id=61561194315651\" \/>\n<meta property=\"article:modified_time\" content=\"2024-06-28T13:52:50+00:00\" \/>\n<meta property=\"og:image\" content=\"https:\/\/orthopara.store\/wp-content\/uploads\/2024\/06\/creme-mains-reparatrice-mains-seches-irritees-avene-cicalfate-100ml.jpg\" \/>\n\t<meta property=\"og:image:width\" content=\"800\" \/>\n\t<meta property=\"og:image:height\" content=\"800\" \/>\n\t<meta property=\"og:image:type\" content=\"image\/jpeg\" \/>\n<meta name=\"twitter:card\" content=\"summary_large_image\" \/>\n<meta name=\"twitter:label1\" content=\"Dur\u00e9e de lecture estim\u00e9e\" \/>\n\t<meta name=\"twitter:data1\" content=\"2 minutes\" \/>\n<script type=\"application\/ld+json\" class=\"yoast-schema-graph\">{\"@context\":\"https:\/\/schema.org\",\"@graph\":[{\"@type\":\"WebPage\",\"@id\":\"https:\/\/orthopara.store\/index.php\/produit\/creme-mains-reparatrice-mains-seches-irritees-avene-cicalfate-100ml\/\",\"url\":\"https:\/\/orthopara.store\/index.php\/produit\/creme-mains-reparatrice-mains-seches-irritees-avene-cicalfate-100ml\/\",\"name\":\"Cr\u00e8me mains r\u00e9paratrice - mains s\u00e8ches & irrit\u00e9es - Av\u00e8ne Cicalfate - 100ml - OrthoPara\",\"isPartOf\":{\"@id\":\"https:\/\/orthopara.store\/#website\"},\"primaryImageOfPage\":{\"@id\":\"https:\/\/orthopara.store\/index.php\/produit\/creme-mains-reparatrice-mains-seches-irritees-avene-cicalfate-100ml\/#primaryimage\"},\"image\":{\"@id\":\"https:\/\/orthopara.store\/index.php\/produit\/creme-mains-reparatrice-mains-seches-irritees-avene-cicalfate-100ml\/#primaryimage\"},\"thumbnailUrl\":\"https:\/\/orthopara.store\/wp-content\/uploads\/2024\/06\/creme-mains-reparatrice-mains-seches-irritees-avene-cicalfate-100ml.jpg\",\"datePublished\":\"2024-06-28T13:52:42+00:00\",\"dateModified\":\"2024-06-28T13:52:50+00:00\",\"breadcrumb\":{\"@id\":\"https:\/\/orthopara.store\/index.php\/produit\/creme-mains-reparatrice-mains-seches-irritees-avene-cicalfate-100ml\/#breadcrumb\"},\"inLanguage\":\"fr-FR\",\"potentialAction\":[{\"@type\":\"ReadAction\",\"target\":[\"https:\/\/orthopara.store\/index.php\/produit\/creme-mains-reparatrice-mains-seches-irritees-avene-cicalfate-100ml\/\"]}]},{\"@type\":\"ImageObject\",\"inLanguage\":\"fr-FR\",\"@id\":\"https:\/\/orthopara.store\/index.php\/produit\/creme-mains-reparatrice-mains-seches-irritees-avene-cicalfate-100ml\/#primaryimage\",\"url\":\"https:\/\/orthopara.store\/wp-content\/uploads\/2024\/06\/creme-mains-reparatrice-mains-seches-irritees-avene-cicalfate-100ml.jpg\",\"contentUrl\":\"https:\/\/orthopara.store\/wp-content\/uploads\/2024\/06\/creme-mains-reparatrice-mains-seches-irritees-avene-cicalfate-100ml.jpg\",\"width\":800,\"height\":800},{\"@type\":\"BreadcrumbList\",\"@id\":\"https:\/\/orthopara.store\/index.php\/produit\/creme-mains-reparatrice-mains-seches-irritees-avene-cicalfate-100ml\/#breadcrumb\",\"itemListElement\":[{\"@type\":\"ListItem\",\"position\":1,\"name\":\"Accueil\",\"item\":\"https:\/\/orthopara.store\/\"},{\"@type\":\"ListItem\",\"position\":2,\"name\":\"Shop\",\"item\":\"https:\/\/orthopara.store\/?page_id=622\"},{\"@type\":\"ListItem\",\"position\":3,\"name\":\"Cr\u00e8me mains r\u00e9paratrice &#8211; mains s\u00e8ches &#038; irrit\u00e9es &#8211; Av\u00e8ne Cicalfate &#8211; 100ml\"}]},{\"@type\":\"WebSite\",\"@id\":\"https:\/\/orthopara.store\/#website\",\"url\":\"https:\/\/orthopara.store\/\",\"name\":\"OrthoPara\",\"description\":\"Parapharmacie\",\"publisher\":{\"@id\":\"https:\/\/orthopara.store\/#organization\"},\"potentialAction\":[{\"@type\":\"SearchAction\",\"target\":{\"@type\":\"EntryPoint\",\"urlTemplate\":\"https:\/\/orthopara.store\/?s={search_term_string}\"},\"query-input\":\"required name=search_term_string\"}],\"inLanguage\":\"fr-FR\"},{\"@type\":\"Organization\",\"@id\":\"https:\/\/orthopara.store\/#organization\",\"name\":\"OrthoPara\",\"url\":\"https:\/\/orthopara.store\/\",\"logo\":{\"@type\":\"ImageObject\",\"inLanguage\":\"fr-FR\",\"@id\":\"https:\/\/orthopara.store\/#\/schema\/logo\/image\/\",\"url\":\"https:\/\/orthopara.store\/wp-content\/uploads\/2024\/06\/cropped-9ABA8BAD-6256-4719-9315-15C66E64E882.png\",\"contentUrl\":\"https:\/\/orthopara.store\/wp-content\/uploads\/2024\/06\/cropped-9ABA8BAD-6256-4719-9315-15C66E64E882.png\",\"width\":240,\"height\":72,\"caption\":\"OrthoPara\"},\"image\":{\"@id\":\"https:\/\/orthopara.store\/#\/schema\/logo\/image\/\"},\"sameAs\":[\"https:\/\/www.facebook.com\/profile.php?id=61561194315651\",\"https:\/\/www.instagram.com\/orthopara_tunisie\/\"]}]}<\/script>\n<!-- \/ Yoast SEO plugin. -->","yoast_head_json":{"title":"Cr\u00e8me mains r\u00e9paratrice - mains s\u00e8ches & irrit\u00e9es - Av\u00e8ne Cicalfate - 100ml - OrthoPara","robots":{"index":"index","follow":"follow","max-snippet":"max-snippet:-1","max-image-preview":"max-image-preview:large","max-video-preview":"max-video-preview:-1"},"canonical":"https:\/\/orthopara.store\/index.php\/produit\/creme-mains-reparatrice-mains-seches-irritees-avene-cicalfate-100ml\/","og_locale":"fr_FR","og_type":"article","og_title":"Cr\u00e8me mains r\u00e9paratrice - mains s\u00e8ches & irrit\u00e9es - Av\u00e8ne Cicalfate - 100ml - OrthoPara","og_description":"Av\u00e8ne Cicalfate Cr\u00e8me mains r\u00e9paratrice - mains s\u00e8ches & irrit\u00e9es\u00a0 Ce soin r\u00e9confortant enveloppe et soulage les mains tr\u00e8s s\u00e8ches, gerc\u00e9es et fendill\u00e9es (les peaux fissur\u00e9es), sans coller. Texture effet seconde peau Indications ; Cicalfate Mains Cr\u00e8me r\u00e9paratrice isolante est destin\u00e9e aux mains tr\u00e8s s\u00e8ches, gerc\u00e9es, fendill\u00e9es, irrit\u00e9es \u00e0 la suite d'agressions diverses (climatiques, professionnelles).\u00a0 Contenance : 100ml DLC : 07\/2025 (\u00e0 utilis\u00e9 dans une dur\u00e9e inf\u00e9rieure \u00e0 6 mois)\u00a0","og_url":"https:\/\/orthopara.store\/index.php\/produit\/creme-mains-reparatrice-mains-seches-irritees-avene-cicalfate-100ml\/","og_site_name":"OrthoPara","article_publisher":"https:\/\/www.facebook.com\/profile.php?id=61561194315651","article_modified_time":"2024-06-28T13:52:50+00:00","og_image":[{"width":800,"height":800,"url":"https:\/\/orthopara.store\/wp-content\/uploads\/2024\/06\/creme-mains-reparatrice-mains-seches-irritees-avene-cicalfate-100ml.jpg","type":"image\/jpeg"}],"twitter_card":"summary_large_image","twitter_misc":{"Dur\u00e9e de lecture estim\u00e9e":"2 minutes"},"schema":{"@context":"https:\/\/schema.org","@graph":[{"@type":"WebPage","@id":"https:\/\/orthopara.store\/index.php\/produit\/creme-mains-reparatrice-mains-seches-irritees-avene-cicalfate-100ml\/","url":"https:\/\/orthopara.store\/index.php\/produit\/creme-mains-reparatrice-mains-seches-irritees-avene-cicalfate-100ml\/","name":"Cr\u00e8me mains r\u00e9paratrice - mains s\u00e8ches & irrit\u00e9es - Av\u00e8ne Cicalfate - 100ml - OrthoPara","isPartOf":{"@id":"https:\/\/orthopara.store\/#website"},"primaryImageOfPage":{"@id":"https:\/\/orthopara.store\/index.php\/produit\/creme-mains-reparatrice-mains-seches-irritees-avene-cicalfate-100ml\/#primaryimage"},"image":{"@id":"https:\/\/orthopara.store\/index.php\/produit\/creme-mains-reparatrice-mains-seches-irritees-avene-cicalfate-100ml\/#primaryimage"},"thumbnailUrl":"https:\/\/orthopara.store\/wp-content\/uploads\/2024\/06\/creme-mains-reparatrice-mains-seches-irritees-avene-cicalfate-100ml.jpg","datePublished":"2024-06-28T13:52:42+00:00","dateModified":"2024-06-28T13:52:50+00:00","breadcrumb":{"@id":"https:\/\/orthopara.store\/index.php\/produit\/creme-mains-reparatrice-mains-seches-irritees-avene-cicalfate-100ml\/#breadcrumb"},"inLanguage":"fr-FR","potentialAction":[{"@type":"ReadAction","target":["https:\/\/orthopara.store\/index.php\/produit\/creme-mains-reparatrice-mains-seches-irritees-avene-cicalfate-100ml\/"]}]},{"@type":"ImageObject","inLanguage":"fr-FR","@id":"https:\/\/orthopara.store\/index.php\/produit\/creme-mains-reparatrice-mains-seches-irritees-avene-cicalfate-100ml\/#primaryimage","url":"https:\/\/orthopara.store\/wp-content\/uploads\/2024\/06\/creme-mains-reparatrice-mains-seches-irritees-avene-cicalfate-100ml.jpg","contentUrl":"https:\/\/orthopara.store\/wp-content\/uploads\/2024\/06\/creme-mains-reparatrice-mains-seches-irritees-avene-cicalfate-100ml.jpg","width":800,"height":800},{"@type":"BreadcrumbList","@id":"https:\/\/orthopara.store\/index.php\/produit\/creme-mains-reparatrice-mains-seches-irritees-avene-cicalfate-100ml\/#breadcrumb","itemListElement":[{"@type":"ListItem","position":1,"name":"Accueil","item":"https:\/\/orthopara.store\/"},{"@type":"ListItem","position":2,"name":"Shop","item":"https:\/\/orthopara.store\/?page_id=622"},{"@type":"ListItem","position":3,"name":"Cr\u00e8me mains r\u00e9paratrice &#8211; mains s\u00e8ches &#038; irrit\u00e9es &#8211; Av\u00e8ne Cicalfate &#8211; 100ml"}]},{"@type":"WebSite","@id":"https:\/\/orthopara.store\/#website","url":"https:\/\/orthopara.store\/","name":"OrthoPara","description":"Parapharmacie","publisher":{"@id":"https:\/\/orthopara.store\/#organization"},"potentialAction":[{"@type":"SearchAction","target":{"@type":"EntryPoint","urlTemplate":"https:\/\/orthopara.store\/?s={search_term_string}"},"query-input":"required name=search_term_string"}],"inLanguage":"fr-FR"},{"@type":"Organization","@id":"https:\/\/orthopara.store\/#organization","name":"OrthoPara","url":"https:\/\/orthopara.store\/","logo":{"@type":"ImageObject","inLanguage":"fr-FR","@id":"https:\/\/orthopara.store\/#\/schema\/logo\/image\/","url":"https:\/\/orthopara.store\/wp-content\/uploads\/2024\/06\/cropped-9ABA8BAD-6256-4719-9315-15C66E64E882.png","contentUrl":"https:\/\/orthopara.store\/wp-content\/uploads\/2024\/06\/cropped-9ABA8BAD-6256-4719-9315-15C66E64E882.png","width":240,"height":72,"caption":"OrthoPara"},"image":{"@id":"https:\/\/orthopara.store\/#\/schema\/logo\/image\/"},"sameAs":["https:\/\/www.facebook.com\/profile.php?id=61561194315651","https:\/\/www.instagram.com\/orthopara_tunisie\/"]}]}},"jetpack_sharing_enabled":true,"brands":[{"id":61,"name":"Avene","slug":"avene"}],"_links":{"self":[{"href":"https:\/\/orthopara.store\/index.php?rest_route=\/wp\/v2\/product\/1311","targetHints":{"allow":["GET"]}}],"collection":[{"href":"https:\/\/orthopara.store\/index.php?rest_route=\/wp\/v2\/product"}],"about":[{"href":"https:\/\/orthopara.store\/index.php?rest_route=\/wp\/v2\/types\/product"}],"replies":[{"embeddable":true,"href":"https:\/\/orthopara.store\/index.php?rest_route=%2Fwp%2Fv2%2Fcomments&post=1311"}],"wp:featuredmedia":[{"embeddable":true,"href":"https:\/\/orthopara.store\/index.php?rest_route=\/wp\/v2\/media\/1334"}],"wp:attachment":[{"href":"https:\/\/orthopara.store\/index.php?rest_route=%2Fwp%2Fv2%2Fmedia&parent=1311"}],"wp:term":[{"taxonomy":"pwb-brand","embeddable":true,"href":"https:\/\/orthopara.store\/index.php?rest_route=%2Fwp%2Fv2%2Fpwb-brand&post=1311"},{"taxonomy":"product_cat","embeddable":true,"href":"https:\/\/orthopara.store\/index.php?rest_route=%2Fwp%2Fv2%2Fproduct_cat&post=1311"},{"taxonomy":"product_tag","embeddable":true,"href":"https:\/\/orthopara.store\/index.php?rest_route=%2Fwp%2Fv2%2Fproduct_tag&post=1311"}],"curies":[{"name":"wp","href":"https:\/\/api.w.org\/{rel}","templated":true}]}}