{"id":1350,"date":"2024-06-28T15:52:54","date_gmt":"2024-06-28T13:52:54","guid":{"rendered":"https:\/\/orthopara.store\/?post_type=product&#038;p=1350"},"modified":"2024-06-28T15:53:01","modified_gmt":"2024-06-28T13:53:01","slug":"isispharma-glyco-a-body-peeling-corps-200ml","status":"publish","type":"product","link":"https:\/\/orthopara.store\/?product=isispharma-glyco-a-body-peeling-corps-200ml","title":{"rendered":"ISISPHARMA GLYCO-A BODY PEELING CORPS &#8211; 200ML"},"content":{"rendered":"","protected":false},"excerpt":{"rendered":"<p>GLYCO -A ADIUCIT LES PEAUX SECHES ET RUGUEUSES GRACE A SA CONCENTRATION EN ACIDE GLYCOLIQUE. ASSOCIE AUX PROPRIETES NOURRISSANTES DU BEURRE DE KARITE IL RAFFERMIT ET TONIFIE LES ZONES DU CORPS\u00a0 EN MANQUE DE FERMETE\u00a0<br \/>\nSa concentration optimale de 10% en acide glycolique en fait l\u2019alli\u00e9e id\u00e9ale pour am\u00e9liorer visiblement la texture de la peau : aide \u00e0 \u00e9liminer les rugosit\u00e9s des peaux s\u00e8ches et tonifie les peaux qui manquent de fermet\u00e9 cutan\u00e9e.<br \/>\nLA PEAU EST PLUS SOUPLE ET DOUCE<br \/>\n\u00a0 \u00a0 \u00a0 \u00a0 \u00a0 \u00a0 \u00a0 \u00a0 \u00a0 \u00a0UTILISATION:<br \/>\nAPPLIQUER UNE FOIS PAR JOUR\u00a0<br \/>\n\u00a0 \u00a0 \u00a0 \u00a0 \u00a0 \u00a0 \u00a0DLC 11\/2026<\/p>\n","protected":false},"featured_media":1371,"comment_status":"open","ping_status":"closed","template":"","meta":[],"pwb-brand":[109],"product_cat":[161],"product_tag":[],"class_list":{"0":"post-1350","1":"product","2":"type-product","3":"status-publish","4":"has-post-thumbnail","6":"pwb-brand-isispharma","7":"product_cat-nettoyage-du-corps-et-gommage","8":"post","9":"ws-product--style-1","11":"first","12":"instock","13":"shipping-taxable","14":"purchasable","15":"product-type-simple"},"yoast_head":"<!-- This site is optimized with the Yoast SEO plugin v23.0 - https:\/\/yoast.com\/wordpress\/plugins\/seo\/ -->\n<title>ISISPHARMA GLYCO-A BODY PEELING CORPS - 200ML - OrthoPara<\/title>\n<meta name=\"robots\" content=\"index, follow, max-snippet:-1, max-image-preview:large, max-video-preview:-1\" \/>\n<link rel=\"canonical\" href=\"https:\/\/orthopara.store\/index.php\/produit\/isispharma-glyco-a-body-peeling-corps-200ml\/\" \/>\n<meta property=\"og:locale\" content=\"fr_FR\" \/>\n<meta property=\"og:type\" content=\"article\" \/>\n<meta property=\"og:title\" content=\"ISISPHARMA GLYCO-A BODY PEELING CORPS - 200ML - OrthoPara\" \/>\n<meta property=\"og:description\" content=\"GLYCO -A ADIUCIT LES PEAUX SECHES ET RUGUEUSES GRACE A SA CONCENTRATION EN ACIDE GLYCOLIQUE. ASSOCIE AUX PROPRIETES NOURRISSANTES DU BEURRE DE KARITE IL RAFFERMIT ET TONIFIE LES ZONES DU CORPS\u00a0 EN MANQUE DE FERMETE\u00a0 Sa concentration optimale de 10% en acide glycolique en fait l\u2019alli\u00e9e id\u00e9ale pour am\u00e9liorer visiblement la texture de la peau : aide \u00e0 \u00e9liminer les rugosit\u00e9s des peaux s\u00e8ches et tonifie les peaux qui manquent de fermet\u00e9 cutan\u00e9e. LA PEAU EST PLUS SOUPLE ET DOUCE \u00a0 \u00a0 \u00a0 \u00a0 \u00a0 \u00a0 \u00a0 \u00a0 \u00a0 \u00a0UTILISATION: APPLIQUER UNE FOIS PAR JOUR\u00a0 \u00a0 \u00a0 \u00a0 \u00a0 \u00a0 \u00a0 \u00a0DLC 11\/2026\" \/>\n<meta property=\"og:url\" content=\"https:\/\/orthopara.store\/index.php\/produit\/isispharma-glyco-a-body-peeling-corps-200ml\/\" \/>\n<meta property=\"og:site_name\" content=\"OrthoPara\" \/>\n<meta property=\"article:publisher\" content=\"https:\/\/www.facebook.com\/profile.php?id=61561194315651\" \/>\n<meta property=\"article:modified_time\" content=\"2024-06-28T13:53:01+00:00\" \/>\n<meta property=\"og:image\" content=\"https:\/\/orthopara.store\/wp-content\/uploads\/2024\/06\/isispharma-glyco-a-body-peeling-corps-200ml.jpg\" \/>\n\t<meta property=\"og:image:width\" content=\"800\" \/>\n\t<meta property=\"og:image:height\" content=\"800\" \/>\n\t<meta property=\"og:image:type\" content=\"image\/jpeg\" \/>\n<meta name=\"twitter:card\" content=\"summary_large_image\" \/>\n<script type=\"application\/ld+json\" class=\"yoast-schema-graph\">{\"@context\":\"https:\/\/schema.org\",\"@graph\":[{\"@type\":\"WebPage\",\"@id\":\"https:\/\/orthopara.store\/index.php\/produit\/isispharma-glyco-a-body-peeling-corps-200ml\/\",\"url\":\"https:\/\/orthopara.store\/index.php\/produit\/isispharma-glyco-a-body-peeling-corps-200ml\/\",\"name\":\"ISISPHARMA GLYCO-A BODY PEELING CORPS - 200ML - OrthoPara\",\"isPartOf\":{\"@id\":\"https:\/\/orthopara.store\/#website\"},\"primaryImageOfPage\":{\"@id\":\"https:\/\/orthopara.store\/index.php\/produit\/isispharma-glyco-a-body-peeling-corps-200ml\/#primaryimage\"},\"image\":{\"@id\":\"https:\/\/orthopara.store\/index.php\/produit\/isispharma-glyco-a-body-peeling-corps-200ml\/#primaryimage\"},\"thumbnailUrl\":\"https:\/\/orthopara.store\/wp-content\/uploads\/2024\/06\/isispharma-glyco-a-body-peeling-corps-200ml.jpg\",\"datePublished\":\"2024-06-28T13:52:54+00:00\",\"dateModified\":\"2024-06-28T13:53:01+00:00\",\"breadcrumb\":{\"@id\":\"https:\/\/orthopara.store\/index.php\/produit\/isispharma-glyco-a-body-peeling-corps-200ml\/#breadcrumb\"},\"inLanguage\":\"fr-FR\",\"potentialAction\":[{\"@type\":\"ReadAction\",\"target\":[\"https:\/\/orthopara.store\/index.php\/produit\/isispharma-glyco-a-body-peeling-corps-200ml\/\"]}]},{\"@type\":\"ImageObject\",\"inLanguage\":\"fr-FR\",\"@id\":\"https:\/\/orthopara.store\/index.php\/produit\/isispharma-glyco-a-body-peeling-corps-200ml\/#primaryimage\",\"url\":\"https:\/\/orthopara.store\/wp-content\/uploads\/2024\/06\/isispharma-glyco-a-body-peeling-corps-200ml.jpg\",\"contentUrl\":\"https:\/\/orthopara.store\/wp-content\/uploads\/2024\/06\/isispharma-glyco-a-body-peeling-corps-200ml.jpg\",\"width\":800,\"height\":800},{\"@type\":\"BreadcrumbList\",\"@id\":\"https:\/\/orthopara.store\/index.php\/produit\/isispharma-glyco-a-body-peeling-corps-200ml\/#breadcrumb\",\"itemListElement\":[{\"@type\":\"ListItem\",\"position\":1,\"name\":\"Accueil\",\"item\":\"https:\/\/orthopara.store\/\"},{\"@type\":\"ListItem\",\"position\":2,\"name\":\"Shop\",\"item\":\"https:\/\/orthopara.store\/?page_id=622\"},{\"@type\":\"ListItem\",\"position\":3,\"name\":\"ISISPHARMA GLYCO-A BODY PEELING CORPS &#8211; 200ML\"}]},{\"@type\":\"WebSite\",\"@id\":\"https:\/\/orthopara.store\/#website\",\"url\":\"https:\/\/orthopara.store\/\",\"name\":\"OrthoPara\",\"description\":\"Parapharmacie\",\"publisher\":{\"@id\":\"https:\/\/orthopara.store\/#organization\"},\"potentialAction\":[{\"@type\":\"SearchAction\",\"target\":{\"@type\":\"EntryPoint\",\"urlTemplate\":\"https:\/\/orthopara.store\/?s={search_term_string}\"},\"query-input\":\"required name=search_term_string\"}],\"inLanguage\":\"fr-FR\"},{\"@type\":\"Organization\",\"@id\":\"https:\/\/orthopara.store\/#organization\",\"name\":\"OrthoPara\",\"url\":\"https:\/\/orthopara.store\/\",\"logo\":{\"@type\":\"ImageObject\",\"inLanguage\":\"fr-FR\",\"@id\":\"https:\/\/orthopara.store\/#\/schema\/logo\/image\/\",\"url\":\"https:\/\/orthopara.store\/wp-content\/uploads\/2024\/06\/cropped-9ABA8BAD-6256-4719-9315-15C66E64E882.png\",\"contentUrl\":\"https:\/\/orthopara.store\/wp-content\/uploads\/2024\/06\/cropped-9ABA8BAD-6256-4719-9315-15C66E64E882.png\",\"width\":240,\"height\":72,\"caption\":\"OrthoPara\"},\"image\":{\"@id\":\"https:\/\/orthopara.store\/#\/schema\/logo\/image\/\"},\"sameAs\":[\"https:\/\/www.facebook.com\/profile.php?id=61561194315651\",\"https:\/\/www.instagram.com\/orthopara_tunisie\/\"]}]}<\/script>\n<!-- \/ Yoast SEO plugin. -->","yoast_head_json":{"title":"ISISPHARMA GLYCO-A BODY PEELING CORPS - 200ML - OrthoPara","robots":{"index":"index","follow":"follow","max-snippet":"max-snippet:-1","max-image-preview":"max-image-preview:large","max-video-preview":"max-video-preview:-1"},"canonical":"https:\/\/orthopara.store\/index.php\/produit\/isispharma-glyco-a-body-peeling-corps-200ml\/","og_locale":"fr_FR","og_type":"article","og_title":"ISISPHARMA GLYCO-A BODY PEELING CORPS - 200ML - OrthoPara","og_description":"GLYCO -A ADIUCIT LES PEAUX SECHES ET RUGUEUSES GRACE A SA CONCENTRATION EN ACIDE GLYCOLIQUE. ASSOCIE AUX PROPRIETES NOURRISSANTES DU BEURRE DE KARITE IL RAFFERMIT ET TONIFIE LES ZONES DU CORPS\u00a0 EN MANQUE DE FERMETE\u00a0 Sa concentration optimale de 10% en acide glycolique en fait l\u2019alli\u00e9e id\u00e9ale pour am\u00e9liorer visiblement la texture de la peau : aide \u00e0 \u00e9liminer les rugosit\u00e9s des peaux s\u00e8ches et tonifie les peaux qui manquent de fermet\u00e9 cutan\u00e9e. LA PEAU EST PLUS SOUPLE ET DOUCE \u00a0 \u00a0 \u00a0 \u00a0 \u00a0 \u00a0 \u00a0 \u00a0 \u00a0 \u00a0UTILISATION: APPLIQUER UNE FOIS PAR JOUR\u00a0 \u00a0 \u00a0 \u00a0 \u00a0 \u00a0 \u00a0 \u00a0DLC 11\/2026","og_url":"https:\/\/orthopara.store\/index.php\/produit\/isispharma-glyco-a-body-peeling-corps-200ml\/","og_site_name":"OrthoPara","article_publisher":"https:\/\/www.facebook.com\/profile.php?id=61561194315651","article_modified_time":"2024-06-28T13:53:01+00:00","og_image":[{"width":800,"height":800,"url":"https:\/\/orthopara.store\/wp-content\/uploads\/2024\/06\/isispharma-glyco-a-body-peeling-corps-200ml.jpg","type":"image\/jpeg"}],"twitter_card":"summary_large_image","schema":{"@context":"https:\/\/schema.org","@graph":[{"@type":"WebPage","@id":"https:\/\/orthopara.store\/index.php\/produit\/isispharma-glyco-a-body-peeling-corps-200ml\/","url":"https:\/\/orthopara.store\/index.php\/produit\/isispharma-glyco-a-body-peeling-corps-200ml\/","name":"ISISPHARMA GLYCO-A BODY PEELING CORPS - 200ML - OrthoPara","isPartOf":{"@id":"https:\/\/orthopara.store\/#website"},"primaryImageOfPage":{"@id":"https:\/\/orthopara.store\/index.php\/produit\/isispharma-glyco-a-body-peeling-corps-200ml\/#primaryimage"},"image":{"@id":"https:\/\/orthopara.store\/index.php\/produit\/isispharma-glyco-a-body-peeling-corps-200ml\/#primaryimage"},"thumbnailUrl":"https:\/\/orthopara.store\/wp-content\/uploads\/2024\/06\/isispharma-glyco-a-body-peeling-corps-200ml.jpg","datePublished":"2024-06-28T13:52:54+00:00","dateModified":"2024-06-28T13:53:01+00:00","breadcrumb":{"@id":"https:\/\/orthopara.store\/index.php\/produit\/isispharma-glyco-a-body-peeling-corps-200ml\/#breadcrumb"},"inLanguage":"fr-FR","potentialAction":[{"@type":"ReadAction","target":["https:\/\/orthopara.store\/index.php\/produit\/isispharma-glyco-a-body-peeling-corps-200ml\/"]}]},{"@type":"ImageObject","inLanguage":"fr-FR","@id":"https:\/\/orthopara.store\/index.php\/produit\/isispharma-glyco-a-body-peeling-corps-200ml\/#primaryimage","url":"https:\/\/orthopara.store\/wp-content\/uploads\/2024\/06\/isispharma-glyco-a-body-peeling-corps-200ml.jpg","contentUrl":"https:\/\/orthopara.store\/wp-content\/uploads\/2024\/06\/isispharma-glyco-a-body-peeling-corps-200ml.jpg","width":800,"height":800},{"@type":"BreadcrumbList","@id":"https:\/\/orthopara.store\/index.php\/produit\/isispharma-glyco-a-body-peeling-corps-200ml\/#breadcrumb","itemListElement":[{"@type":"ListItem","position":1,"name":"Accueil","item":"https:\/\/orthopara.store\/"},{"@type":"ListItem","position":2,"name":"Shop","item":"https:\/\/orthopara.store\/?page_id=622"},{"@type":"ListItem","position":3,"name":"ISISPHARMA GLYCO-A BODY PEELING CORPS &#8211; 200ML"}]},{"@type":"WebSite","@id":"https:\/\/orthopara.store\/#website","url":"https:\/\/orthopara.store\/","name":"OrthoPara","description":"Parapharmacie","publisher":{"@id":"https:\/\/orthopara.store\/#organization"},"potentialAction":[{"@type":"SearchAction","target":{"@type":"EntryPoint","urlTemplate":"https:\/\/orthopara.store\/?s={search_term_string}"},"query-input":"required name=search_term_string"}],"inLanguage":"fr-FR"},{"@type":"Organization","@id":"https:\/\/orthopara.store\/#organization","name":"OrthoPara","url":"https:\/\/orthopara.store\/","logo":{"@type":"ImageObject","inLanguage":"fr-FR","@id":"https:\/\/orthopara.store\/#\/schema\/logo\/image\/","url":"https:\/\/orthopara.store\/wp-content\/uploads\/2024\/06\/cropped-9ABA8BAD-6256-4719-9315-15C66E64E882.png","contentUrl":"https:\/\/orthopara.store\/wp-content\/uploads\/2024\/06\/cropped-9ABA8BAD-6256-4719-9315-15C66E64E882.png","width":240,"height":72,"caption":"OrthoPara"},"image":{"@id":"https:\/\/orthopara.store\/#\/schema\/logo\/image\/"},"sameAs":["https:\/\/www.facebook.com\/profile.php?id=61561194315651","https:\/\/www.instagram.com\/orthopara_tunisie\/"]}]}},"jetpack_sharing_enabled":true,"brands":[{"id":109,"name":"ISISPHARMA","slug":"isispharma"}],"_links":{"self":[{"href":"https:\/\/orthopara.store\/index.php?rest_route=\/wp\/v2\/product\/1350","targetHints":{"allow":["GET"]}}],"collection":[{"href":"https:\/\/orthopara.store\/index.php?rest_route=\/wp\/v2\/product"}],"about":[{"href":"https:\/\/orthopara.store\/index.php?rest_route=\/wp\/v2\/types\/product"}],"replies":[{"embeddable":true,"href":"https:\/\/orthopara.store\/index.php?rest_route=%2Fwp%2Fv2%2Fcomments&post=1350"}],"wp:featuredmedia":[{"embeddable":true,"href":"https:\/\/orthopara.store\/index.php?rest_route=\/wp\/v2\/media\/1371"}],"wp:attachment":[{"href":"https:\/\/orthopara.store\/index.php?rest_route=%2Fwp%2Fv2%2Fmedia&parent=1350"}],"wp:term":[{"taxonomy":"pwb-brand","embeddable":true,"href":"https:\/\/orthopara.store\/index.php?rest_route=%2Fwp%2Fv2%2Fpwb-brand&post=1350"},{"taxonomy":"product_cat","embeddable":true,"href":"https:\/\/orthopara.store\/index.php?rest_route=%2Fwp%2Fv2%2Fproduct_cat&post=1350"},{"taxonomy":"product_tag","embeddable":true,"href":"https:\/\/orthopara.store\/index.php?rest_route=%2Fwp%2Fv2%2Fproduct_tag&post=1350"}],"curies":[{"name":"wp","href":"https:\/\/api.w.org\/{rel}","templated":true}]}}