{"id":1357,"date":"2024-06-28T15:52:55","date_gmt":"2024-06-28T13:52:55","guid":{"rendered":"https:\/\/orthopara.store\/?post_type=product&#038;p=1357"},"modified":"2024-06-28T15:53:04","modified_gmt":"2024-06-28T13:53:04","slug":"gel-douche-cola-les-petits-bains-de-provence-500ml","status":"publish","type":"product","link":"https:\/\/orthopara.store\/?product=gel-douche-cola-les-petits-bains-de-provence-500ml","title":{"rendered":"Gel douche Cola &#8211; Les Petits Bains de Provence &#8211; 500ml"},"content":{"rendered":"<p>Gel douche Cola &#8211; Les Petits Bains de Provence &#8211; 500ml<br \/>\nLes Petits Bains de Provence\u00a0lavent la peau des mains\/corps et les cheveux en douceur.<br \/>\nCe gel douche des petits bains de Provence est sans savon au pH neutre pour la peau des mains, du corps et le cuir chevelu. Il est enrichi en glyc\u00e9rine v\u00e9g\u00e9tale reconnue pour ses propri\u00e9t\u00e9s hydratantes, permet un nettoyage douce et efficace tout en respectant l\u2019\u00e9piderme.<br \/>\nElabor\u00e9 \u00e0 partir de mati\u00e8res premi\u00e8res naturelles s\u00e9lectionn\u00e9es et garanties sans paraben, sans huile de palme, sans sulfate et sans graisse animale.<br \/>\nTest\u00e9 sous contr\u00f4le dermatologique, il convient \u00e0 tout type de peau<br \/>\nFlacon 100% recyclable &#8211; + de 96% d&rsquo;ingr\u00e9dients d&rsquo;origine naturelle<br \/>\nSon PH entre 4.8 et 5.8 en fait un produit id\u00e9al pour le corps et les cheveux.<br \/>\nConseils d&rsquo;utilisation :<br \/>\nAppliquer sous la douche sur le corps et le visage, faire mousser puis bien rincer<br \/>\nComposition\u00a0:<br \/>\nAqua, sodium laureth sulfate, cocamidopropyl betaine,glycerin, sodium chloride, laureth-2, parfum, decyl glucoside, potassium benzoate, potassium sorbate, citric acid, tretrasodium EDTA, polyquaternium-7, sodium benzoate, acrylates copolymer, coc-glucoside, benzoid acid,CI 17200.<\/p>\n","protected":false},"excerpt":{"rendered":"<p>Les Petits Bains de Provence<br \/>\nGel douche Cola<br \/>\nCe gel douche des petits bains de Provence est sans savon au pH neutre pour la peau des mains, du corps et le cuir chevelu. Il est enrichi en glyc\u00e9rine v\u00e9g\u00e9tale reconnue pour ses propri\u00e9t\u00e9s hydratantes, permet un nettoyage douce et efficace tout en respectant l\u2019\u00e9piderme.<br \/>\ncontenance : 500ml<br \/>\nDLC 12 mois apr\u00e8s ouverture du produit<\/p>\n","protected":false},"featured_media":1378,"comment_status":"open","ping_status":"closed","template":"","meta":[],"pwb-brand":[146],"product_cat":[161],"product_tag":[],"class_list":{"0":"post-1357","1":"product","2":"type-product","3":"status-publish","4":"has-post-thumbnail","6":"pwb-brand-les-petits-bains-de-provence","7":"product_cat-nettoyage-du-corps-et-gommage","8":"post","9":"ws-product--style-1","11":"first","12":"instock","13":"shipping-taxable","14":"purchasable","15":"product-type-simple"},"yoast_head":"<!-- This site is optimized with the Yoast SEO plugin v23.0 - https:\/\/yoast.com\/wordpress\/plugins\/seo\/ -->\n<title>Gel douche Cola - Les Petits Bains de Provence - 500ml - OrthoPara<\/title>\n<meta name=\"robots\" content=\"index, follow, max-snippet:-1, max-image-preview:large, max-video-preview:-1\" \/>\n<link rel=\"canonical\" href=\"https:\/\/orthopara.store\/index.php\/produit\/gel-douche-cola-les-petits-bains-de-provence-500ml\/\" \/>\n<meta property=\"og:locale\" content=\"fr_FR\" \/>\n<meta property=\"og:type\" content=\"article\" \/>\n<meta property=\"og:title\" content=\"Gel douche Cola - Les Petits Bains de Provence - 500ml - OrthoPara\" \/>\n<meta property=\"og:description\" content=\"Les Petits Bains de Provence Gel douche Cola Ce gel douche des petits bains de Provence est sans savon au pH neutre pour la peau des mains, du corps et le cuir chevelu. Il est enrichi en glyc\u00e9rine v\u00e9g\u00e9tale reconnue pour ses propri\u00e9t\u00e9s hydratantes, permet un nettoyage douce et efficace tout en respectant l\u2019\u00e9piderme. contenance : 500ml DLC 12 mois apr\u00e8s ouverture du produit\" \/>\n<meta property=\"og:url\" content=\"https:\/\/orthopara.store\/index.php\/produit\/gel-douche-cola-les-petits-bains-de-provence-500ml\/\" \/>\n<meta property=\"og:site_name\" content=\"OrthoPara\" \/>\n<meta property=\"article:publisher\" content=\"https:\/\/www.facebook.com\/profile.php?id=61561194315651\" \/>\n<meta property=\"article:modified_time\" content=\"2024-06-28T13:53:04+00:00\" \/>\n<meta property=\"og:image\" content=\"https:\/\/orthopara.store\/wp-content\/uploads\/2024\/06\/gel-douche-cola-les-petits-bains-de-provence-500ml.png\" \/>\n\t<meta property=\"og:image:width\" content=\"800\" \/>\n\t<meta property=\"og:image:height\" content=\"800\" \/>\n\t<meta property=\"og:image:type\" content=\"image\/png\" \/>\n<meta name=\"twitter:card\" content=\"summary_large_image\" \/>\n<meta name=\"twitter:label1\" content=\"Dur\u00e9e de lecture estim\u00e9e\" \/>\n\t<meta name=\"twitter:data1\" content=\"1 minute\" \/>\n<script type=\"application\/ld+json\" class=\"yoast-schema-graph\">{\"@context\":\"https:\/\/schema.org\",\"@graph\":[{\"@type\":\"WebPage\",\"@id\":\"https:\/\/orthopara.store\/index.php\/produit\/gel-douche-cola-les-petits-bains-de-provence-500ml\/\",\"url\":\"https:\/\/orthopara.store\/index.php\/produit\/gel-douche-cola-les-petits-bains-de-provence-500ml\/\",\"name\":\"Gel douche Cola - Les Petits Bains de Provence - 500ml - OrthoPara\",\"isPartOf\":{\"@id\":\"https:\/\/orthopara.store\/#website\"},\"primaryImageOfPage\":{\"@id\":\"https:\/\/orthopara.store\/index.php\/produit\/gel-douche-cola-les-petits-bains-de-provence-500ml\/#primaryimage\"},\"image\":{\"@id\":\"https:\/\/orthopara.store\/index.php\/produit\/gel-douche-cola-les-petits-bains-de-provence-500ml\/#primaryimage\"},\"thumbnailUrl\":\"https:\/\/orthopara.store\/wp-content\/uploads\/2024\/06\/gel-douche-cola-les-petits-bains-de-provence-500ml.png\",\"datePublished\":\"2024-06-28T13:52:55+00:00\",\"dateModified\":\"2024-06-28T13:53:04+00:00\",\"breadcrumb\":{\"@id\":\"https:\/\/orthopara.store\/index.php\/produit\/gel-douche-cola-les-petits-bains-de-provence-500ml\/#breadcrumb\"},\"inLanguage\":\"fr-FR\",\"potentialAction\":[{\"@type\":\"ReadAction\",\"target\":[\"https:\/\/orthopara.store\/index.php\/produit\/gel-douche-cola-les-petits-bains-de-provence-500ml\/\"]}]},{\"@type\":\"ImageObject\",\"inLanguage\":\"fr-FR\",\"@id\":\"https:\/\/orthopara.store\/index.php\/produit\/gel-douche-cola-les-petits-bains-de-provence-500ml\/#primaryimage\",\"url\":\"https:\/\/orthopara.store\/wp-content\/uploads\/2024\/06\/gel-douche-cola-les-petits-bains-de-provence-500ml.png\",\"contentUrl\":\"https:\/\/orthopara.store\/wp-content\/uploads\/2024\/06\/gel-douche-cola-les-petits-bains-de-provence-500ml.png\",\"width\":800,\"height\":800},{\"@type\":\"BreadcrumbList\",\"@id\":\"https:\/\/orthopara.store\/index.php\/produit\/gel-douche-cola-les-petits-bains-de-provence-500ml\/#breadcrumb\",\"itemListElement\":[{\"@type\":\"ListItem\",\"position\":1,\"name\":\"Accueil\",\"item\":\"https:\/\/orthopara.store\/\"},{\"@type\":\"ListItem\",\"position\":2,\"name\":\"Shop\",\"item\":\"https:\/\/orthopara.store\/?page_id=622\"},{\"@type\":\"ListItem\",\"position\":3,\"name\":\"Gel douche Cola &#8211; Les Petits Bains de Provence &#8211; 500ml\"}]},{\"@type\":\"WebSite\",\"@id\":\"https:\/\/orthopara.store\/#website\",\"url\":\"https:\/\/orthopara.store\/\",\"name\":\"OrthoPara\",\"description\":\"Parapharmacie\",\"publisher\":{\"@id\":\"https:\/\/orthopara.store\/#organization\"},\"potentialAction\":[{\"@type\":\"SearchAction\",\"target\":{\"@type\":\"EntryPoint\",\"urlTemplate\":\"https:\/\/orthopara.store\/?s={search_term_string}\"},\"query-input\":\"required name=search_term_string\"}],\"inLanguage\":\"fr-FR\"},{\"@type\":\"Organization\",\"@id\":\"https:\/\/orthopara.store\/#organization\",\"name\":\"OrthoPara\",\"url\":\"https:\/\/orthopara.store\/\",\"logo\":{\"@type\":\"ImageObject\",\"inLanguage\":\"fr-FR\",\"@id\":\"https:\/\/orthopara.store\/#\/schema\/logo\/image\/\",\"url\":\"https:\/\/orthopara.store\/wp-content\/uploads\/2024\/06\/cropped-9ABA8BAD-6256-4719-9315-15C66E64E882.png\",\"contentUrl\":\"https:\/\/orthopara.store\/wp-content\/uploads\/2024\/06\/cropped-9ABA8BAD-6256-4719-9315-15C66E64E882.png\",\"width\":240,\"height\":72,\"caption\":\"OrthoPara\"},\"image\":{\"@id\":\"https:\/\/orthopara.store\/#\/schema\/logo\/image\/\"},\"sameAs\":[\"https:\/\/www.facebook.com\/profile.php?id=61561194315651\",\"https:\/\/www.instagram.com\/orthopara_tunisie\/\"]}]}<\/script>\n<!-- \/ Yoast SEO plugin. -->","yoast_head_json":{"title":"Gel douche Cola - Les Petits Bains de Provence - 500ml - OrthoPara","robots":{"index":"index","follow":"follow","max-snippet":"max-snippet:-1","max-image-preview":"max-image-preview:large","max-video-preview":"max-video-preview:-1"},"canonical":"https:\/\/orthopara.store\/index.php\/produit\/gel-douche-cola-les-petits-bains-de-provence-500ml\/","og_locale":"fr_FR","og_type":"article","og_title":"Gel douche Cola - Les Petits Bains de Provence - 500ml - OrthoPara","og_description":"Les Petits Bains de Provence Gel douche Cola Ce gel douche des petits bains de Provence est sans savon au pH neutre pour la peau des mains, du corps et le cuir chevelu. Il est enrichi en glyc\u00e9rine v\u00e9g\u00e9tale reconnue pour ses propri\u00e9t\u00e9s hydratantes, permet un nettoyage douce et efficace tout en respectant l\u2019\u00e9piderme. contenance : 500ml DLC 12 mois apr\u00e8s ouverture du produit","og_url":"https:\/\/orthopara.store\/index.php\/produit\/gel-douche-cola-les-petits-bains-de-provence-500ml\/","og_site_name":"OrthoPara","article_publisher":"https:\/\/www.facebook.com\/profile.php?id=61561194315651","article_modified_time":"2024-06-28T13:53:04+00:00","og_image":[{"width":800,"height":800,"url":"https:\/\/orthopara.store\/wp-content\/uploads\/2024\/06\/gel-douche-cola-les-petits-bains-de-provence-500ml.png","type":"image\/png"}],"twitter_card":"summary_large_image","twitter_misc":{"Dur\u00e9e de lecture estim\u00e9e":"1 minute"},"schema":{"@context":"https:\/\/schema.org","@graph":[{"@type":"WebPage","@id":"https:\/\/orthopara.store\/index.php\/produit\/gel-douche-cola-les-petits-bains-de-provence-500ml\/","url":"https:\/\/orthopara.store\/index.php\/produit\/gel-douche-cola-les-petits-bains-de-provence-500ml\/","name":"Gel douche Cola - Les Petits Bains de Provence - 500ml - OrthoPara","isPartOf":{"@id":"https:\/\/orthopara.store\/#website"},"primaryImageOfPage":{"@id":"https:\/\/orthopara.store\/index.php\/produit\/gel-douche-cola-les-petits-bains-de-provence-500ml\/#primaryimage"},"image":{"@id":"https:\/\/orthopara.store\/index.php\/produit\/gel-douche-cola-les-petits-bains-de-provence-500ml\/#primaryimage"},"thumbnailUrl":"https:\/\/orthopara.store\/wp-content\/uploads\/2024\/06\/gel-douche-cola-les-petits-bains-de-provence-500ml.png","datePublished":"2024-06-28T13:52:55+00:00","dateModified":"2024-06-28T13:53:04+00:00","breadcrumb":{"@id":"https:\/\/orthopara.store\/index.php\/produit\/gel-douche-cola-les-petits-bains-de-provence-500ml\/#breadcrumb"},"inLanguage":"fr-FR","potentialAction":[{"@type":"ReadAction","target":["https:\/\/orthopara.store\/index.php\/produit\/gel-douche-cola-les-petits-bains-de-provence-500ml\/"]}]},{"@type":"ImageObject","inLanguage":"fr-FR","@id":"https:\/\/orthopara.store\/index.php\/produit\/gel-douche-cola-les-petits-bains-de-provence-500ml\/#primaryimage","url":"https:\/\/orthopara.store\/wp-content\/uploads\/2024\/06\/gel-douche-cola-les-petits-bains-de-provence-500ml.png","contentUrl":"https:\/\/orthopara.store\/wp-content\/uploads\/2024\/06\/gel-douche-cola-les-petits-bains-de-provence-500ml.png","width":800,"height":800},{"@type":"BreadcrumbList","@id":"https:\/\/orthopara.store\/index.php\/produit\/gel-douche-cola-les-petits-bains-de-provence-500ml\/#breadcrumb","itemListElement":[{"@type":"ListItem","position":1,"name":"Accueil","item":"https:\/\/orthopara.store\/"},{"@type":"ListItem","position":2,"name":"Shop","item":"https:\/\/orthopara.store\/?page_id=622"},{"@type":"ListItem","position":3,"name":"Gel douche Cola &#8211; Les Petits Bains de Provence &#8211; 500ml"}]},{"@type":"WebSite","@id":"https:\/\/orthopara.store\/#website","url":"https:\/\/orthopara.store\/","name":"OrthoPara","description":"Parapharmacie","publisher":{"@id":"https:\/\/orthopara.store\/#organization"},"potentialAction":[{"@type":"SearchAction","target":{"@type":"EntryPoint","urlTemplate":"https:\/\/orthopara.store\/?s={search_term_string}"},"query-input":"required name=search_term_string"}],"inLanguage":"fr-FR"},{"@type":"Organization","@id":"https:\/\/orthopara.store\/#organization","name":"OrthoPara","url":"https:\/\/orthopara.store\/","logo":{"@type":"ImageObject","inLanguage":"fr-FR","@id":"https:\/\/orthopara.store\/#\/schema\/logo\/image\/","url":"https:\/\/orthopara.store\/wp-content\/uploads\/2024\/06\/cropped-9ABA8BAD-6256-4719-9315-15C66E64E882.png","contentUrl":"https:\/\/orthopara.store\/wp-content\/uploads\/2024\/06\/cropped-9ABA8BAD-6256-4719-9315-15C66E64E882.png","width":240,"height":72,"caption":"OrthoPara"},"image":{"@id":"https:\/\/orthopara.store\/#\/schema\/logo\/image\/"},"sameAs":["https:\/\/www.facebook.com\/profile.php?id=61561194315651","https:\/\/www.instagram.com\/orthopara_tunisie\/"]}]}},"jetpack_sharing_enabled":true,"brands":[{"id":146,"name":"Les petits bains de Provence","slug":"les-petits-bains-de-provence"}],"_links":{"self":[{"href":"https:\/\/orthopara.store\/index.php?rest_route=\/wp\/v2\/product\/1357","targetHints":{"allow":["GET"]}}],"collection":[{"href":"https:\/\/orthopara.store\/index.php?rest_route=\/wp\/v2\/product"}],"about":[{"href":"https:\/\/orthopara.store\/index.php?rest_route=\/wp\/v2\/types\/product"}],"replies":[{"embeddable":true,"href":"https:\/\/orthopara.store\/index.php?rest_route=%2Fwp%2Fv2%2Fcomments&post=1357"}],"wp:featuredmedia":[{"embeddable":true,"href":"https:\/\/orthopara.store\/index.php?rest_route=\/wp\/v2\/media\/1378"}],"wp:attachment":[{"href":"https:\/\/orthopara.store\/index.php?rest_route=%2Fwp%2Fv2%2Fmedia&parent=1357"}],"wp:term":[{"taxonomy":"pwb-brand","embeddable":true,"href":"https:\/\/orthopara.store\/index.php?rest_route=%2Fwp%2Fv2%2Fpwb-brand&post=1357"},{"taxonomy":"product_cat","embeddable":true,"href":"https:\/\/orthopara.store\/index.php?rest_route=%2Fwp%2Fv2%2Fproduct_cat&post=1357"},{"taxonomy":"product_tag","embeddable":true,"href":"https:\/\/orthopara.store\/index.php?rest_route=%2Fwp%2Fv2%2Fproduct_tag&post=1357"}],"curies":[{"name":"wp","href":"https:\/\/api.w.org\/{rel}","templated":true}]}}