{"id":1383,"date":"2024-06-28T15:53:07","date_gmt":"2024-06-28T13:53:07","guid":{"rendered":"https:\/\/orthopara.store\/?post_type=product&#038;p=1383"},"modified":"2024-06-28T15:53:11","modified_gmt":"2024-06-28T13:53:11","slug":"serum-anti-frizz-anti-statique-k-reine-200ml","status":"publish","type":"product","link":"https:\/\/orthopara.store\/?product=serum-anti-frizz-anti-statique-k-reine-200ml","title":{"rendered":"SERUM ANTI FRIZZ ANTI STATIQUE &#8211; K-REINE  &#8211; 200ML"},"content":{"rendered":"<p>Serum Anti Frizz Anti Statique &#8211; K-Reine &#8211; 200ml\u00a0<br \/>\n\u00a0USAGE PROFESSIONNEL\/ PROFESSIONAL USE\u00a0<\/p>\n<p>Ce s\u00e9rum anti frizz et anti statique de K-REINE\u00a0 lisse instantan\u00e9ment tout type de cheveux sans les alourdir, gaine la fibre capillaire et dompte les m\u00e8ches rebelles et frisott\u00e9es.<\/p>\n<p>Facilite le d\u00e9m\u00ealage, le coiffage et le brushing, apporte brillance et pr\u00e9serve le volume de la coiffure.<\/p>\n<p>Les cheveux sont plus lisses et soyeux, et les cheveux ab\u00eem\u00e9s sont mieux r\u00e9par\u00e9s.<\/p>\n","protected":false},"excerpt":{"rendered":"<p>Serum Anti Frizz Anti Statique &#8211; K-Reine &#8211; 200ml<br \/>\nFacilite le brushing ; au p\u00e9pin de raisin et \u00c0 LA VITAMINE E\u00a0<\/p>\n<p>CONTENANCE : 200 ML<\/p>\n","protected":false},"featured_media":1410,"comment_status":"open","ping_status":"closed","template":"","meta":[],"pwb-brand":[147],"product_cat":[162],"product_tag":[],"class_list":{"0":"post-1383","1":"product","2":"type-product","3":"status-publish","4":"has-post-thumbnail","6":"pwb-brand-k-reine","7":"product_cat-parfum","8":"post","9":"ws-product--style-1","11":"first","12":"instock","13":"shipping-taxable","14":"purchasable","15":"product-type-simple"},"yoast_head":"<!-- This site is optimized with the Yoast SEO plugin v23.0 - https:\/\/yoast.com\/wordpress\/plugins\/seo\/ -->\n<title>SERUM ANTI FRIZZ ANTI STATIQUE - K-REINE - 200ML - OrthoPara<\/title>\n<meta name=\"robots\" content=\"index, follow, max-snippet:-1, max-image-preview:large, max-video-preview:-1\" \/>\n<link rel=\"canonical\" href=\"https:\/\/orthopara.store\/index.php\/produit\/serum-anti-frizz-anti-statique-k-reine-200ml\/\" \/>\n<meta property=\"og:locale\" content=\"fr_FR\" \/>\n<meta property=\"og:type\" content=\"article\" \/>\n<meta property=\"og:title\" content=\"SERUM ANTI FRIZZ ANTI STATIQUE - K-REINE - 200ML - OrthoPara\" \/>\n<meta property=\"og:description\" content=\"Serum Anti Frizz Anti Statique - K-Reine - 200ml Facilite le brushing ; au p\u00e9pin de raisin et \u00c0 LA VITAMINE E\u00a0 CONTENANCE : 200 ML\" \/>\n<meta property=\"og:url\" content=\"https:\/\/orthopara.store\/index.php\/produit\/serum-anti-frizz-anti-statique-k-reine-200ml\/\" \/>\n<meta property=\"og:site_name\" content=\"OrthoPara\" \/>\n<meta property=\"article:publisher\" content=\"https:\/\/www.facebook.com\/profile.php?id=61561194315651\" \/>\n<meta property=\"article:modified_time\" content=\"2024-06-28T13:53:11+00:00\" \/>\n<meta property=\"og:image\" content=\"https:\/\/orthopara.store\/wp-content\/uploads\/2024\/06\/k-reine-serum-anti-frizz-anti-statique-200ml.jpg\" \/>\n\t<meta property=\"og:image:width\" content=\"800\" \/>\n\t<meta property=\"og:image:height\" content=\"800\" \/>\n\t<meta property=\"og:image:type\" content=\"image\/jpeg\" \/>\n<meta name=\"twitter:card\" content=\"summary_large_image\" \/>\n<script type=\"application\/ld+json\" class=\"yoast-schema-graph\">{\"@context\":\"https:\/\/schema.org\",\"@graph\":[{\"@type\":\"WebPage\",\"@id\":\"https:\/\/orthopara.store\/index.php\/produit\/serum-anti-frizz-anti-statique-k-reine-200ml\/\",\"url\":\"https:\/\/orthopara.store\/index.php\/produit\/serum-anti-frizz-anti-statique-k-reine-200ml\/\",\"name\":\"SERUM ANTI FRIZZ ANTI STATIQUE - K-REINE - 200ML - OrthoPara\",\"isPartOf\":{\"@id\":\"https:\/\/orthopara.store\/#website\"},\"primaryImageOfPage\":{\"@id\":\"https:\/\/orthopara.store\/index.php\/produit\/serum-anti-frizz-anti-statique-k-reine-200ml\/#primaryimage\"},\"image\":{\"@id\":\"https:\/\/orthopara.store\/index.php\/produit\/serum-anti-frizz-anti-statique-k-reine-200ml\/#primaryimage\"},\"thumbnailUrl\":\"https:\/\/orthopara.store\/wp-content\/uploads\/2024\/06\/k-reine-serum-anti-frizz-anti-statique-200ml.jpg\",\"datePublished\":\"2024-06-28T13:53:07+00:00\",\"dateModified\":\"2024-06-28T13:53:11+00:00\",\"breadcrumb\":{\"@id\":\"https:\/\/orthopara.store\/index.php\/produit\/serum-anti-frizz-anti-statique-k-reine-200ml\/#breadcrumb\"},\"inLanguage\":\"fr-FR\",\"potentialAction\":[{\"@type\":\"ReadAction\",\"target\":[\"https:\/\/orthopara.store\/index.php\/produit\/serum-anti-frizz-anti-statique-k-reine-200ml\/\"]}]},{\"@type\":\"ImageObject\",\"inLanguage\":\"fr-FR\",\"@id\":\"https:\/\/orthopara.store\/index.php\/produit\/serum-anti-frizz-anti-statique-k-reine-200ml\/#primaryimage\",\"url\":\"https:\/\/orthopara.store\/wp-content\/uploads\/2024\/06\/k-reine-serum-anti-frizz-anti-statique-200ml.jpg\",\"contentUrl\":\"https:\/\/orthopara.store\/wp-content\/uploads\/2024\/06\/k-reine-serum-anti-frizz-anti-statique-200ml.jpg\",\"width\":800,\"height\":800},{\"@type\":\"BreadcrumbList\",\"@id\":\"https:\/\/orthopara.store\/index.php\/produit\/serum-anti-frizz-anti-statique-k-reine-200ml\/#breadcrumb\",\"itemListElement\":[{\"@type\":\"ListItem\",\"position\":1,\"name\":\"Accueil\",\"item\":\"https:\/\/orthopara.store\/\"},{\"@type\":\"ListItem\",\"position\":2,\"name\":\"Shop\",\"item\":\"https:\/\/orthopara.store\/?page_id=622\"},{\"@type\":\"ListItem\",\"position\":3,\"name\":\"SERUM ANTI FRIZZ ANTI STATIQUE &#8211; K-REINE &#8211; 200ML\"}]},{\"@type\":\"WebSite\",\"@id\":\"https:\/\/orthopara.store\/#website\",\"url\":\"https:\/\/orthopara.store\/\",\"name\":\"OrthoPara\",\"description\":\"Parapharmacie\",\"publisher\":{\"@id\":\"https:\/\/orthopara.store\/#organization\"},\"potentialAction\":[{\"@type\":\"SearchAction\",\"target\":{\"@type\":\"EntryPoint\",\"urlTemplate\":\"https:\/\/orthopara.store\/?s={search_term_string}\"},\"query-input\":\"required name=search_term_string\"}],\"inLanguage\":\"fr-FR\"},{\"@type\":\"Organization\",\"@id\":\"https:\/\/orthopara.store\/#organization\",\"name\":\"OrthoPara\",\"url\":\"https:\/\/orthopara.store\/\",\"logo\":{\"@type\":\"ImageObject\",\"inLanguage\":\"fr-FR\",\"@id\":\"https:\/\/orthopara.store\/#\/schema\/logo\/image\/\",\"url\":\"https:\/\/orthopara.store\/wp-content\/uploads\/2024\/06\/cropped-9ABA8BAD-6256-4719-9315-15C66E64E882.png\",\"contentUrl\":\"https:\/\/orthopara.store\/wp-content\/uploads\/2024\/06\/cropped-9ABA8BAD-6256-4719-9315-15C66E64E882.png\",\"width\":240,\"height\":72,\"caption\":\"OrthoPara\"},\"image\":{\"@id\":\"https:\/\/orthopara.store\/#\/schema\/logo\/image\/\"},\"sameAs\":[\"https:\/\/www.facebook.com\/profile.php?id=61561194315651\",\"https:\/\/www.instagram.com\/orthopara_tunisie\/\"]}]}<\/script>\n<!-- \/ Yoast SEO plugin. -->","yoast_head_json":{"title":"SERUM ANTI FRIZZ ANTI STATIQUE - K-REINE - 200ML - OrthoPara","robots":{"index":"index","follow":"follow","max-snippet":"max-snippet:-1","max-image-preview":"max-image-preview:large","max-video-preview":"max-video-preview:-1"},"canonical":"https:\/\/orthopara.store\/index.php\/produit\/serum-anti-frizz-anti-statique-k-reine-200ml\/","og_locale":"fr_FR","og_type":"article","og_title":"SERUM ANTI FRIZZ ANTI STATIQUE - K-REINE - 200ML - OrthoPara","og_description":"Serum Anti Frizz Anti Statique - K-Reine - 200ml Facilite le brushing ; au p\u00e9pin de raisin et \u00c0 LA VITAMINE E\u00a0 CONTENANCE : 200 ML","og_url":"https:\/\/orthopara.store\/index.php\/produit\/serum-anti-frizz-anti-statique-k-reine-200ml\/","og_site_name":"OrthoPara","article_publisher":"https:\/\/www.facebook.com\/profile.php?id=61561194315651","article_modified_time":"2024-06-28T13:53:11+00:00","og_image":[{"width":800,"height":800,"url":"https:\/\/orthopara.store\/wp-content\/uploads\/2024\/06\/k-reine-serum-anti-frizz-anti-statique-200ml.jpg","type":"image\/jpeg"}],"twitter_card":"summary_large_image","schema":{"@context":"https:\/\/schema.org","@graph":[{"@type":"WebPage","@id":"https:\/\/orthopara.store\/index.php\/produit\/serum-anti-frizz-anti-statique-k-reine-200ml\/","url":"https:\/\/orthopara.store\/index.php\/produit\/serum-anti-frizz-anti-statique-k-reine-200ml\/","name":"SERUM ANTI FRIZZ ANTI STATIQUE - K-REINE - 200ML - OrthoPara","isPartOf":{"@id":"https:\/\/orthopara.store\/#website"},"primaryImageOfPage":{"@id":"https:\/\/orthopara.store\/index.php\/produit\/serum-anti-frizz-anti-statique-k-reine-200ml\/#primaryimage"},"image":{"@id":"https:\/\/orthopara.store\/index.php\/produit\/serum-anti-frizz-anti-statique-k-reine-200ml\/#primaryimage"},"thumbnailUrl":"https:\/\/orthopara.store\/wp-content\/uploads\/2024\/06\/k-reine-serum-anti-frizz-anti-statique-200ml.jpg","datePublished":"2024-06-28T13:53:07+00:00","dateModified":"2024-06-28T13:53:11+00:00","breadcrumb":{"@id":"https:\/\/orthopara.store\/index.php\/produit\/serum-anti-frizz-anti-statique-k-reine-200ml\/#breadcrumb"},"inLanguage":"fr-FR","potentialAction":[{"@type":"ReadAction","target":["https:\/\/orthopara.store\/index.php\/produit\/serum-anti-frizz-anti-statique-k-reine-200ml\/"]}]},{"@type":"ImageObject","inLanguage":"fr-FR","@id":"https:\/\/orthopara.store\/index.php\/produit\/serum-anti-frizz-anti-statique-k-reine-200ml\/#primaryimage","url":"https:\/\/orthopara.store\/wp-content\/uploads\/2024\/06\/k-reine-serum-anti-frizz-anti-statique-200ml.jpg","contentUrl":"https:\/\/orthopara.store\/wp-content\/uploads\/2024\/06\/k-reine-serum-anti-frizz-anti-statique-200ml.jpg","width":800,"height":800},{"@type":"BreadcrumbList","@id":"https:\/\/orthopara.store\/index.php\/produit\/serum-anti-frizz-anti-statique-k-reine-200ml\/#breadcrumb","itemListElement":[{"@type":"ListItem","position":1,"name":"Accueil","item":"https:\/\/orthopara.store\/"},{"@type":"ListItem","position":2,"name":"Shop","item":"https:\/\/orthopara.store\/?page_id=622"},{"@type":"ListItem","position":3,"name":"SERUM ANTI FRIZZ ANTI STATIQUE &#8211; K-REINE &#8211; 200ML"}]},{"@type":"WebSite","@id":"https:\/\/orthopara.store\/#website","url":"https:\/\/orthopara.store\/","name":"OrthoPara","description":"Parapharmacie","publisher":{"@id":"https:\/\/orthopara.store\/#organization"},"potentialAction":[{"@type":"SearchAction","target":{"@type":"EntryPoint","urlTemplate":"https:\/\/orthopara.store\/?s={search_term_string}"},"query-input":"required name=search_term_string"}],"inLanguage":"fr-FR"},{"@type":"Organization","@id":"https:\/\/orthopara.store\/#organization","name":"OrthoPara","url":"https:\/\/orthopara.store\/","logo":{"@type":"ImageObject","inLanguage":"fr-FR","@id":"https:\/\/orthopara.store\/#\/schema\/logo\/image\/","url":"https:\/\/orthopara.store\/wp-content\/uploads\/2024\/06\/cropped-9ABA8BAD-6256-4719-9315-15C66E64E882.png","contentUrl":"https:\/\/orthopara.store\/wp-content\/uploads\/2024\/06\/cropped-9ABA8BAD-6256-4719-9315-15C66E64E882.png","width":240,"height":72,"caption":"OrthoPara"},"image":{"@id":"https:\/\/orthopara.store\/#\/schema\/logo\/image\/"},"sameAs":["https:\/\/www.facebook.com\/profile.php?id=61561194315651","https:\/\/www.instagram.com\/orthopara_tunisie\/"]}]}},"jetpack_sharing_enabled":true,"brands":[{"id":147,"name":"K-REINE","slug":"k-reine"}],"_links":{"self":[{"href":"https:\/\/orthopara.store\/index.php?rest_route=\/wp\/v2\/product\/1383","targetHints":{"allow":["GET"]}}],"collection":[{"href":"https:\/\/orthopara.store\/index.php?rest_route=\/wp\/v2\/product"}],"about":[{"href":"https:\/\/orthopara.store\/index.php?rest_route=\/wp\/v2\/types\/product"}],"replies":[{"embeddable":true,"href":"https:\/\/orthopara.store\/index.php?rest_route=%2Fwp%2Fv2%2Fcomments&post=1383"}],"wp:featuredmedia":[{"embeddable":true,"href":"https:\/\/orthopara.store\/index.php?rest_route=\/wp\/v2\/media\/1410"}],"wp:attachment":[{"href":"https:\/\/orthopara.store\/index.php?rest_route=%2Fwp%2Fv2%2Fmedia&parent=1383"}],"wp:term":[{"taxonomy":"pwb-brand","embeddable":true,"href":"https:\/\/orthopara.store\/index.php?rest_route=%2Fwp%2Fv2%2Fpwb-brand&post=1383"},{"taxonomy":"product_cat","embeddable":true,"href":"https:\/\/orthopara.store\/index.php?rest_route=%2Fwp%2Fv2%2Fproduct_cat&post=1383"},{"taxonomy":"product_tag","embeddable":true,"href":"https:\/\/orthopara.store\/index.php?rest_route=%2Fwp%2Fv2%2Fproduct_tag&post=1383"}],"curies":[{"name":"wp","href":"https:\/\/api.w.org\/{rel}","templated":true}]}}