{"id":1397,"date":"2024-06-28T15:53:09","date_gmt":"2024-06-28T13:53:09","guid":{"rendered":"https:\/\/orthopara.store\/?post_type=product&#038;p=1397"},"modified":"2024-11-07T09:27:50","modified_gmt":"2024-11-07T08:27:50","slug":"biberon-en-silicone-anti-colique-poco-bleu-0-mois-180ml","status":"publish","type":"product","link":"https:\/\/orthopara.store\/?product=biberon-en-silicone-anti-colique-poco-bleu-0-mois-180ml","title":{"rendered":"Biberon en silicone anti-colique &#8211; Poco &#8211; bleu &#8211; 0 mois+ &#8211; 180ml"},"content":{"rendered":"<p>Biberon en silicone anti-colique &#8211; Poco &#8211; bleu &#8211; 0 mois+ &#8211; 180ml<br \/>\nLa structure douce et flexible de la t\u00e9tine du biberon permet aux b\u00e9b\u00e9s de saisir la t\u00e9tine ainsi que le sein maternel.\u00a0Ainsi, les b\u00e9b\u00e9s peuvent basculer entre le sein maternel et le biberon.<br \/>\nLe syst\u00e8me de valve anti-colique dans la conception de la sucette emp\u00eache le b\u00e9b\u00e9 d&rsquo;avaler de l&rsquo;air de l&rsquo;ext\u00e9rieur pendant l&rsquo;allaitement.<br \/>\nSes poign\u00e9es peuvent \u00eatre facilement saisies par les b\u00e9b\u00e9s.<br \/>\nIl peut \u00eatre rempli et nettoy\u00e9 facilement gr\u00e2ce \u00e0 sa large ouverture.<\/p>\n","protected":false},"excerpt":{"rendered":"<p>Biberon &#8211; Poco Baby\u00a0<br \/>\nCouleur : bleu\u00a0<br \/>\nT\u00e9tine physiologique avec valves<br \/>\nen silicone<br \/>\nanti-colique<br \/>\n\u00e0 partir de la naissance<br \/>\nContenance :\u00a0 180 ml\u00a0<\/p>\n","protected":false},"featured_media":1424,"comment_status":"open","ping_status":"closed","template":"","meta":[],"pwb-brand":[169],"product_cat":[167],"product_tag":[],"class_list":{"0":"post-1397","1":"product","2":"type-product","3":"status-publish","4":"has-post-thumbnail","6":"pwb-brand-poco-baby","7":"product_cat-biberons","8":"post","9":"ws-product--style-1","11":"first","12":"instock","13":"shipping-taxable","14":"purchasable","15":"product-type-simple"},"yoast_head":"<!-- This site is optimized with the Yoast SEO plugin v23.0 - https:\/\/yoast.com\/wordpress\/plugins\/seo\/ -->\n<title>Biberon en silicone anti-colique - Poco - bleu - 0 mois+ - 180ml - OrthoPara<\/title>\n<meta name=\"robots\" content=\"index, follow, max-snippet:-1, max-image-preview:large, max-video-preview:-1\" \/>\n<link rel=\"canonical\" href=\"https:\/\/orthopara.store\/index.php\/produit\/biberon-en-silicone-anti-colique-poco-bleu-0-mois-180ml\/\" \/>\n<meta property=\"og:locale\" content=\"fr_FR\" \/>\n<meta property=\"og:type\" content=\"article\" \/>\n<meta property=\"og:title\" content=\"Biberon en silicone anti-colique - Poco - bleu - 0 mois+ - 180ml - OrthoPara\" \/>\n<meta property=\"og:description\" content=\"Biberon - Poco Baby\u00a0 Couleur : bleu\u00a0 T\u00e9tine physiologique avec valves en silicone anti-colique \u00e0 partir de la naissance Contenance :\u00a0 180 ml\u00a0\" \/>\n<meta property=\"og:url\" content=\"https:\/\/orthopara.store\/index.php\/produit\/biberon-en-silicone-anti-colique-poco-bleu-0-mois-180ml\/\" \/>\n<meta property=\"og:site_name\" content=\"OrthoPara\" \/>\n<meta property=\"article:publisher\" content=\"https:\/\/www.facebook.com\/profile.php?id=61561194315651\" \/>\n<meta property=\"article:modified_time\" content=\"2024-11-07T08:27:50+00:00\" \/>\n<meta property=\"og:image\" content=\"https:\/\/orthopara.store\/wp-content\/uploads\/2024\/06\/biberon-en-silicone-anti-colique-poco-bleu-0-mois-180ml.jpg\" \/>\n\t<meta property=\"og:image:width\" content=\"800\" \/>\n\t<meta property=\"og:image:height\" content=\"800\" \/>\n\t<meta property=\"og:image:type\" content=\"image\/jpeg\" \/>\n<meta name=\"twitter:card\" content=\"summary_large_image\" \/>\n<meta name=\"twitter:label1\" content=\"Dur\u00e9e de lecture estim\u00e9e\" \/>\n\t<meta name=\"twitter:data1\" content=\"1 minute\" \/>\n<script type=\"application\/ld+json\" class=\"yoast-schema-graph\">{\"@context\":\"https:\/\/schema.org\",\"@graph\":[{\"@type\":\"WebPage\",\"@id\":\"https:\/\/orthopara.store\/index.php\/produit\/biberon-en-silicone-anti-colique-poco-bleu-0-mois-180ml\/\",\"url\":\"https:\/\/orthopara.store\/index.php\/produit\/biberon-en-silicone-anti-colique-poco-bleu-0-mois-180ml\/\",\"name\":\"Biberon en silicone anti-colique - Poco - bleu - 0 mois+ - 180ml - OrthoPara\",\"isPartOf\":{\"@id\":\"https:\/\/orthopara.store\/#website\"},\"primaryImageOfPage\":{\"@id\":\"https:\/\/orthopara.store\/index.php\/produit\/biberon-en-silicone-anti-colique-poco-bleu-0-mois-180ml\/#primaryimage\"},\"image\":{\"@id\":\"https:\/\/orthopara.store\/index.php\/produit\/biberon-en-silicone-anti-colique-poco-bleu-0-mois-180ml\/#primaryimage\"},\"thumbnailUrl\":\"https:\/\/orthopara.store\/wp-content\/uploads\/2024\/06\/biberon-en-silicone-anti-colique-poco-bleu-0-mois-180ml.jpg\",\"datePublished\":\"2024-06-28T13:53:09+00:00\",\"dateModified\":\"2024-11-07T08:27:50+00:00\",\"breadcrumb\":{\"@id\":\"https:\/\/orthopara.store\/index.php\/produit\/biberon-en-silicone-anti-colique-poco-bleu-0-mois-180ml\/#breadcrumb\"},\"inLanguage\":\"fr-FR\",\"potentialAction\":[{\"@type\":\"ReadAction\",\"target\":[\"https:\/\/orthopara.store\/index.php\/produit\/biberon-en-silicone-anti-colique-poco-bleu-0-mois-180ml\/\"]}]},{\"@type\":\"ImageObject\",\"inLanguage\":\"fr-FR\",\"@id\":\"https:\/\/orthopara.store\/index.php\/produit\/biberon-en-silicone-anti-colique-poco-bleu-0-mois-180ml\/#primaryimage\",\"url\":\"https:\/\/orthopara.store\/wp-content\/uploads\/2024\/06\/biberon-en-silicone-anti-colique-poco-bleu-0-mois-180ml.jpg\",\"contentUrl\":\"https:\/\/orthopara.store\/wp-content\/uploads\/2024\/06\/biberon-en-silicone-anti-colique-poco-bleu-0-mois-180ml.jpg\",\"width\":800,\"height\":800},{\"@type\":\"BreadcrumbList\",\"@id\":\"https:\/\/orthopara.store\/index.php\/produit\/biberon-en-silicone-anti-colique-poco-bleu-0-mois-180ml\/#breadcrumb\",\"itemListElement\":[{\"@type\":\"ListItem\",\"position\":1,\"name\":\"Accueil\",\"item\":\"https:\/\/orthopara.store\/\"},{\"@type\":\"ListItem\",\"position\":2,\"name\":\"Shop\",\"item\":\"https:\/\/orthopara.store\/?page_id=622\"},{\"@type\":\"ListItem\",\"position\":3,\"name\":\"Biberon en silicone anti-colique &#8211; Poco &#8211; bleu &#8211; 0 mois+ &#8211; 180ml\"}]},{\"@type\":\"WebSite\",\"@id\":\"https:\/\/orthopara.store\/#website\",\"url\":\"https:\/\/orthopara.store\/\",\"name\":\"OrthoPara\",\"description\":\"Parapharmacie\",\"publisher\":{\"@id\":\"https:\/\/orthopara.store\/#organization\"},\"potentialAction\":[{\"@type\":\"SearchAction\",\"target\":{\"@type\":\"EntryPoint\",\"urlTemplate\":\"https:\/\/orthopara.store\/?s={search_term_string}\"},\"query-input\":\"required name=search_term_string\"}],\"inLanguage\":\"fr-FR\"},{\"@type\":\"Organization\",\"@id\":\"https:\/\/orthopara.store\/#organization\",\"name\":\"OrthoPara\",\"url\":\"https:\/\/orthopara.store\/\",\"logo\":{\"@type\":\"ImageObject\",\"inLanguage\":\"fr-FR\",\"@id\":\"https:\/\/orthopara.store\/#\/schema\/logo\/image\/\",\"url\":\"https:\/\/orthopara.store\/wp-content\/uploads\/2024\/06\/cropped-9ABA8BAD-6256-4719-9315-15C66E64E882.png\",\"contentUrl\":\"https:\/\/orthopara.store\/wp-content\/uploads\/2024\/06\/cropped-9ABA8BAD-6256-4719-9315-15C66E64E882.png\",\"width\":240,\"height\":72,\"caption\":\"OrthoPara\"},\"image\":{\"@id\":\"https:\/\/orthopara.store\/#\/schema\/logo\/image\/\"},\"sameAs\":[\"https:\/\/www.facebook.com\/profile.php?id=61561194315651\",\"https:\/\/www.instagram.com\/orthopara_tunisie\/\"]}]}<\/script>\n<!-- \/ Yoast SEO plugin. -->","yoast_head_json":{"title":"Biberon en silicone anti-colique - Poco - bleu - 0 mois+ - 180ml - OrthoPara","robots":{"index":"index","follow":"follow","max-snippet":"max-snippet:-1","max-image-preview":"max-image-preview:large","max-video-preview":"max-video-preview:-1"},"canonical":"https:\/\/orthopara.store\/index.php\/produit\/biberon-en-silicone-anti-colique-poco-bleu-0-mois-180ml\/","og_locale":"fr_FR","og_type":"article","og_title":"Biberon en silicone anti-colique - Poco - bleu - 0 mois+ - 180ml - OrthoPara","og_description":"Biberon - Poco Baby\u00a0 Couleur : bleu\u00a0 T\u00e9tine physiologique avec valves en silicone anti-colique \u00e0 partir de la naissance Contenance :\u00a0 180 ml\u00a0","og_url":"https:\/\/orthopara.store\/index.php\/produit\/biberon-en-silicone-anti-colique-poco-bleu-0-mois-180ml\/","og_site_name":"OrthoPara","article_publisher":"https:\/\/www.facebook.com\/profile.php?id=61561194315651","article_modified_time":"2024-11-07T08:27:50+00:00","og_image":[{"width":800,"height":800,"url":"https:\/\/orthopara.store\/wp-content\/uploads\/2024\/06\/biberon-en-silicone-anti-colique-poco-bleu-0-mois-180ml.jpg","type":"image\/jpeg"}],"twitter_card":"summary_large_image","twitter_misc":{"Dur\u00e9e de lecture estim\u00e9e":"1 minute"},"schema":{"@context":"https:\/\/schema.org","@graph":[{"@type":"WebPage","@id":"https:\/\/orthopara.store\/index.php\/produit\/biberon-en-silicone-anti-colique-poco-bleu-0-mois-180ml\/","url":"https:\/\/orthopara.store\/index.php\/produit\/biberon-en-silicone-anti-colique-poco-bleu-0-mois-180ml\/","name":"Biberon en silicone anti-colique - Poco - bleu - 0 mois+ - 180ml - OrthoPara","isPartOf":{"@id":"https:\/\/orthopara.store\/#website"},"primaryImageOfPage":{"@id":"https:\/\/orthopara.store\/index.php\/produit\/biberon-en-silicone-anti-colique-poco-bleu-0-mois-180ml\/#primaryimage"},"image":{"@id":"https:\/\/orthopara.store\/index.php\/produit\/biberon-en-silicone-anti-colique-poco-bleu-0-mois-180ml\/#primaryimage"},"thumbnailUrl":"https:\/\/orthopara.store\/wp-content\/uploads\/2024\/06\/biberon-en-silicone-anti-colique-poco-bleu-0-mois-180ml.jpg","datePublished":"2024-06-28T13:53:09+00:00","dateModified":"2024-11-07T08:27:50+00:00","breadcrumb":{"@id":"https:\/\/orthopara.store\/index.php\/produit\/biberon-en-silicone-anti-colique-poco-bleu-0-mois-180ml\/#breadcrumb"},"inLanguage":"fr-FR","potentialAction":[{"@type":"ReadAction","target":["https:\/\/orthopara.store\/index.php\/produit\/biberon-en-silicone-anti-colique-poco-bleu-0-mois-180ml\/"]}]},{"@type":"ImageObject","inLanguage":"fr-FR","@id":"https:\/\/orthopara.store\/index.php\/produit\/biberon-en-silicone-anti-colique-poco-bleu-0-mois-180ml\/#primaryimage","url":"https:\/\/orthopara.store\/wp-content\/uploads\/2024\/06\/biberon-en-silicone-anti-colique-poco-bleu-0-mois-180ml.jpg","contentUrl":"https:\/\/orthopara.store\/wp-content\/uploads\/2024\/06\/biberon-en-silicone-anti-colique-poco-bleu-0-mois-180ml.jpg","width":800,"height":800},{"@type":"BreadcrumbList","@id":"https:\/\/orthopara.store\/index.php\/produit\/biberon-en-silicone-anti-colique-poco-bleu-0-mois-180ml\/#breadcrumb","itemListElement":[{"@type":"ListItem","position":1,"name":"Accueil","item":"https:\/\/orthopara.store\/"},{"@type":"ListItem","position":2,"name":"Shop","item":"https:\/\/orthopara.store\/?page_id=622"},{"@type":"ListItem","position":3,"name":"Biberon en silicone anti-colique &#8211; Poco &#8211; bleu &#8211; 0 mois+ &#8211; 180ml"}]},{"@type":"WebSite","@id":"https:\/\/orthopara.store\/#website","url":"https:\/\/orthopara.store\/","name":"OrthoPara","description":"Parapharmacie","publisher":{"@id":"https:\/\/orthopara.store\/#organization"},"potentialAction":[{"@type":"SearchAction","target":{"@type":"EntryPoint","urlTemplate":"https:\/\/orthopara.store\/?s={search_term_string}"},"query-input":"required name=search_term_string"}],"inLanguage":"fr-FR"},{"@type":"Organization","@id":"https:\/\/orthopara.store\/#organization","name":"OrthoPara","url":"https:\/\/orthopara.store\/","logo":{"@type":"ImageObject","inLanguage":"fr-FR","@id":"https:\/\/orthopara.store\/#\/schema\/logo\/image\/","url":"https:\/\/orthopara.store\/wp-content\/uploads\/2024\/06\/cropped-9ABA8BAD-6256-4719-9315-15C66E64E882.png","contentUrl":"https:\/\/orthopara.store\/wp-content\/uploads\/2024\/06\/cropped-9ABA8BAD-6256-4719-9315-15C66E64E882.png","width":240,"height":72,"caption":"OrthoPara"},"image":{"@id":"https:\/\/orthopara.store\/#\/schema\/logo\/image\/"},"sameAs":["https:\/\/www.facebook.com\/profile.php?id=61561194315651","https:\/\/www.instagram.com\/orthopara_tunisie\/"]}]}},"jetpack_sharing_enabled":true,"brands":[{"id":169,"name":"POCO BABY","slug":"poco-baby"}],"_links":{"self":[{"href":"https:\/\/orthopara.store\/index.php?rest_route=\/wp\/v2\/product\/1397","targetHints":{"allow":["GET"]}}],"collection":[{"href":"https:\/\/orthopara.store\/index.php?rest_route=\/wp\/v2\/product"}],"about":[{"href":"https:\/\/orthopara.store\/index.php?rest_route=\/wp\/v2\/types\/product"}],"replies":[{"embeddable":true,"href":"https:\/\/orthopara.store\/index.php?rest_route=%2Fwp%2Fv2%2Fcomments&post=1397"}],"wp:featuredmedia":[{"embeddable":true,"href":"https:\/\/orthopara.store\/index.php?rest_route=\/wp\/v2\/media\/1424"}],"wp:attachment":[{"href":"https:\/\/orthopara.store\/index.php?rest_route=%2Fwp%2Fv2%2Fmedia&parent=1397"}],"wp:term":[{"taxonomy":"pwb-brand","embeddable":true,"href":"https:\/\/orthopara.store\/index.php?rest_route=%2Fwp%2Fv2%2Fpwb-brand&post=1397"},{"taxonomy":"product_cat","embeddable":true,"href":"https:\/\/orthopara.store\/index.php?rest_route=%2Fwp%2Fv2%2Fproduct_cat&post=1397"},{"taxonomy":"product_tag","embeddable":true,"href":"https:\/\/orthopara.store\/index.php?rest_route=%2Fwp%2Fv2%2Fproduct_tag&post=1397"}],"curies":[{"name":"wp","href":"https:\/\/api.w.org\/{rel}","templated":true}]}}