{"id":1400,"date":"2024-06-28T15:53:09","date_gmt":"2024-06-28T13:53:09","guid":{"rendered":"https:\/\/orthopara.store\/?post_type=product&#038;p=1400"},"modified":"2024-06-28T15:53:19","modified_gmt":"2024-06-28T13:53:19","slug":"tasse-en-paille-avec-poignee-wee-baby-380-ml","status":"publish","type":"product","link":"https:\/\/orthopara.store\/?product=tasse-en-paille-avec-poignee-wee-baby-380-ml","title":{"rendered":"Tasse en paille avec poign\u00e9e &#8211; Wee Baby &#8211; 380 ml"},"content":{"rendered":"<p>Tasse en paille avec poign\u00e9e &#8211; Wee Baby &#8211; 380 ml<\/p>\n<p>La tasse en paille avec poign\u00e9e souple est compatible avec la structure sensible de la bouche et du palais des b\u00e9b\u00e9s.<br \/>\nLa pointe de la pipette ne coule pas et ne se renverse pas.<br \/>\nLe bonnet de paille est sp\u00e9cialement con\u00e7u pour les b\u00e9b\u00e9s.\u00a0Les b\u00e9b\u00e9s peuvent facilement saisir et d\u00e9placer le bonnet en forme de chapeau.<br \/>\nLa pointe de la pipette est en silicone et flexible.<br \/>\nLes poign\u00e9es incurv\u00e9es sont id\u00e9ales pour les b\u00e9b\u00e9s \u00e0 saisir facilement.<br \/>\nLa base en silicone sous le verre emp\u00eache le verre de glisser sur la surface.<br \/>\nConvient aux b\u00e9b\u00e9s de 6 mois et plus.<\/p>\n","protected":false},"excerpt":{"rendered":"<p>Wee Baby<br \/>\n Tasse en paille avec poign\u00e9e\u00a0<br \/>\nConvient aux b\u00e9b\u00e9s de 6 mois et plus<br \/>\ncontenance : 380ml<br \/>\nCouleur : rouge<br \/>\nexiste en bleu<\/p>\n","protected":false},"featured_media":1427,"comment_status":"open","ping_status":"closed","template":"","meta":[],"pwb-brand":[168],"product_cat":[167],"product_tag":[],"class_list":{"0":"post-1400","1":"product","2":"type-product","3":"status-publish","4":"has-post-thumbnail","6":"pwb-brand-wee-baby","7":"product_cat-biberons","8":"post","9":"ws-product--style-1","11":"first","12":"instock","13":"shipping-taxable","14":"purchasable","15":"product-type-simple"},"yoast_head":"<!-- This site is optimized with the Yoast SEO plugin v23.0 - https:\/\/yoast.com\/wordpress\/plugins\/seo\/ -->\n<title>Tasse en paille avec poign\u00e9e - Wee Baby - 380 ml - OrthoPara<\/title>\n<meta name=\"robots\" content=\"index, follow, max-snippet:-1, max-image-preview:large, max-video-preview:-1\" \/>\n<link rel=\"canonical\" href=\"https:\/\/orthopara.store\/index.php\/produit\/tasse-en-paille-avec-poignee-wee-baby-380-ml\/\" \/>\n<meta property=\"og:locale\" content=\"fr_FR\" \/>\n<meta property=\"og:type\" content=\"article\" \/>\n<meta property=\"og:title\" content=\"Tasse en paille avec poign\u00e9e - Wee Baby - 380 ml - OrthoPara\" \/>\n<meta property=\"og:description\" content=\"Wee Baby Tasse en paille avec poign\u00e9e\u00a0 Convient aux b\u00e9b\u00e9s de 6 mois et plus contenance : 380ml Couleur : rouge existe en bleu\" \/>\n<meta property=\"og:url\" content=\"https:\/\/orthopara.store\/index.php\/produit\/tasse-en-paille-avec-poignee-wee-baby-380-ml\/\" \/>\n<meta property=\"og:site_name\" content=\"OrthoPara\" \/>\n<meta property=\"article:publisher\" content=\"https:\/\/www.facebook.com\/profile.php?id=61561194315651\" \/>\n<meta property=\"article:modified_time\" content=\"2024-06-28T13:53:19+00:00\" \/>\n<meta property=\"og:image\" content=\"https:\/\/orthopara.store\/wp-content\/uploads\/2024\/06\/tasse-en-paille-avec-poignee-wee-baby-380-ml.jpg\" \/>\n\t<meta property=\"og:image:width\" content=\"800\" \/>\n\t<meta property=\"og:image:height\" content=\"800\" \/>\n\t<meta property=\"og:image:type\" content=\"image\/jpeg\" \/>\n<meta name=\"twitter:card\" content=\"summary_large_image\" \/>\n<meta name=\"twitter:label1\" content=\"Dur\u00e9e de lecture estim\u00e9e\" \/>\n\t<meta name=\"twitter:data1\" content=\"1 minute\" \/>\n<script type=\"application\/ld+json\" class=\"yoast-schema-graph\">{\"@context\":\"https:\/\/schema.org\",\"@graph\":[{\"@type\":\"WebPage\",\"@id\":\"https:\/\/orthopara.store\/index.php\/produit\/tasse-en-paille-avec-poignee-wee-baby-380-ml\/\",\"url\":\"https:\/\/orthopara.store\/index.php\/produit\/tasse-en-paille-avec-poignee-wee-baby-380-ml\/\",\"name\":\"Tasse en paille avec poign\u00e9e - Wee Baby - 380 ml - OrthoPara\",\"isPartOf\":{\"@id\":\"https:\/\/orthopara.store\/#website\"},\"primaryImageOfPage\":{\"@id\":\"https:\/\/orthopara.store\/index.php\/produit\/tasse-en-paille-avec-poignee-wee-baby-380-ml\/#primaryimage\"},\"image\":{\"@id\":\"https:\/\/orthopara.store\/index.php\/produit\/tasse-en-paille-avec-poignee-wee-baby-380-ml\/#primaryimage\"},\"thumbnailUrl\":\"https:\/\/orthopara.store\/wp-content\/uploads\/2024\/06\/tasse-en-paille-avec-poignee-wee-baby-380-ml.jpg\",\"datePublished\":\"2024-06-28T13:53:09+00:00\",\"dateModified\":\"2024-06-28T13:53:19+00:00\",\"breadcrumb\":{\"@id\":\"https:\/\/orthopara.store\/index.php\/produit\/tasse-en-paille-avec-poignee-wee-baby-380-ml\/#breadcrumb\"},\"inLanguage\":\"fr-FR\",\"potentialAction\":[{\"@type\":\"ReadAction\",\"target\":[\"https:\/\/orthopara.store\/index.php\/produit\/tasse-en-paille-avec-poignee-wee-baby-380-ml\/\"]}]},{\"@type\":\"ImageObject\",\"inLanguage\":\"fr-FR\",\"@id\":\"https:\/\/orthopara.store\/index.php\/produit\/tasse-en-paille-avec-poignee-wee-baby-380-ml\/#primaryimage\",\"url\":\"https:\/\/orthopara.store\/wp-content\/uploads\/2024\/06\/tasse-en-paille-avec-poignee-wee-baby-380-ml.jpg\",\"contentUrl\":\"https:\/\/orthopara.store\/wp-content\/uploads\/2024\/06\/tasse-en-paille-avec-poignee-wee-baby-380-ml.jpg\",\"width\":800,\"height\":800},{\"@type\":\"BreadcrumbList\",\"@id\":\"https:\/\/orthopara.store\/index.php\/produit\/tasse-en-paille-avec-poignee-wee-baby-380-ml\/#breadcrumb\",\"itemListElement\":[{\"@type\":\"ListItem\",\"position\":1,\"name\":\"Accueil\",\"item\":\"https:\/\/orthopara.store\/\"},{\"@type\":\"ListItem\",\"position\":2,\"name\":\"Shop\",\"item\":\"https:\/\/orthopara.store\/?page_id=622\"},{\"@type\":\"ListItem\",\"position\":3,\"name\":\"Tasse en paille avec poign\u00e9e &#8211; Wee Baby &#8211; 380 ml\"}]},{\"@type\":\"WebSite\",\"@id\":\"https:\/\/orthopara.store\/#website\",\"url\":\"https:\/\/orthopara.store\/\",\"name\":\"OrthoPara\",\"description\":\"Parapharmacie\",\"publisher\":{\"@id\":\"https:\/\/orthopara.store\/#organization\"},\"potentialAction\":[{\"@type\":\"SearchAction\",\"target\":{\"@type\":\"EntryPoint\",\"urlTemplate\":\"https:\/\/orthopara.store\/?s={search_term_string}\"},\"query-input\":\"required name=search_term_string\"}],\"inLanguage\":\"fr-FR\"},{\"@type\":\"Organization\",\"@id\":\"https:\/\/orthopara.store\/#organization\",\"name\":\"OrthoPara\",\"url\":\"https:\/\/orthopara.store\/\",\"logo\":{\"@type\":\"ImageObject\",\"inLanguage\":\"fr-FR\",\"@id\":\"https:\/\/orthopara.store\/#\/schema\/logo\/image\/\",\"url\":\"https:\/\/orthopara.store\/wp-content\/uploads\/2024\/06\/cropped-9ABA8BAD-6256-4719-9315-15C66E64E882.png\",\"contentUrl\":\"https:\/\/orthopara.store\/wp-content\/uploads\/2024\/06\/cropped-9ABA8BAD-6256-4719-9315-15C66E64E882.png\",\"width\":240,\"height\":72,\"caption\":\"OrthoPara\"},\"image\":{\"@id\":\"https:\/\/orthopara.store\/#\/schema\/logo\/image\/\"},\"sameAs\":[\"https:\/\/www.facebook.com\/profile.php?id=61561194315651\",\"https:\/\/www.instagram.com\/orthopara_tunisie\/\"]}]}<\/script>\n<!-- \/ Yoast SEO plugin. -->","yoast_head_json":{"title":"Tasse en paille avec poign\u00e9e - Wee Baby - 380 ml - OrthoPara","robots":{"index":"index","follow":"follow","max-snippet":"max-snippet:-1","max-image-preview":"max-image-preview:large","max-video-preview":"max-video-preview:-1"},"canonical":"https:\/\/orthopara.store\/index.php\/produit\/tasse-en-paille-avec-poignee-wee-baby-380-ml\/","og_locale":"fr_FR","og_type":"article","og_title":"Tasse en paille avec poign\u00e9e - Wee Baby - 380 ml - OrthoPara","og_description":"Wee Baby Tasse en paille avec poign\u00e9e\u00a0 Convient aux b\u00e9b\u00e9s de 6 mois et plus contenance : 380ml Couleur : rouge existe en bleu","og_url":"https:\/\/orthopara.store\/index.php\/produit\/tasse-en-paille-avec-poignee-wee-baby-380-ml\/","og_site_name":"OrthoPara","article_publisher":"https:\/\/www.facebook.com\/profile.php?id=61561194315651","article_modified_time":"2024-06-28T13:53:19+00:00","og_image":[{"width":800,"height":800,"url":"https:\/\/orthopara.store\/wp-content\/uploads\/2024\/06\/tasse-en-paille-avec-poignee-wee-baby-380-ml.jpg","type":"image\/jpeg"}],"twitter_card":"summary_large_image","twitter_misc":{"Dur\u00e9e de lecture estim\u00e9e":"1 minute"},"schema":{"@context":"https:\/\/schema.org","@graph":[{"@type":"WebPage","@id":"https:\/\/orthopara.store\/index.php\/produit\/tasse-en-paille-avec-poignee-wee-baby-380-ml\/","url":"https:\/\/orthopara.store\/index.php\/produit\/tasse-en-paille-avec-poignee-wee-baby-380-ml\/","name":"Tasse en paille avec poign\u00e9e - Wee Baby - 380 ml - OrthoPara","isPartOf":{"@id":"https:\/\/orthopara.store\/#website"},"primaryImageOfPage":{"@id":"https:\/\/orthopara.store\/index.php\/produit\/tasse-en-paille-avec-poignee-wee-baby-380-ml\/#primaryimage"},"image":{"@id":"https:\/\/orthopara.store\/index.php\/produit\/tasse-en-paille-avec-poignee-wee-baby-380-ml\/#primaryimage"},"thumbnailUrl":"https:\/\/orthopara.store\/wp-content\/uploads\/2024\/06\/tasse-en-paille-avec-poignee-wee-baby-380-ml.jpg","datePublished":"2024-06-28T13:53:09+00:00","dateModified":"2024-06-28T13:53:19+00:00","breadcrumb":{"@id":"https:\/\/orthopara.store\/index.php\/produit\/tasse-en-paille-avec-poignee-wee-baby-380-ml\/#breadcrumb"},"inLanguage":"fr-FR","potentialAction":[{"@type":"ReadAction","target":["https:\/\/orthopara.store\/index.php\/produit\/tasse-en-paille-avec-poignee-wee-baby-380-ml\/"]}]},{"@type":"ImageObject","inLanguage":"fr-FR","@id":"https:\/\/orthopara.store\/index.php\/produit\/tasse-en-paille-avec-poignee-wee-baby-380-ml\/#primaryimage","url":"https:\/\/orthopara.store\/wp-content\/uploads\/2024\/06\/tasse-en-paille-avec-poignee-wee-baby-380-ml.jpg","contentUrl":"https:\/\/orthopara.store\/wp-content\/uploads\/2024\/06\/tasse-en-paille-avec-poignee-wee-baby-380-ml.jpg","width":800,"height":800},{"@type":"BreadcrumbList","@id":"https:\/\/orthopara.store\/index.php\/produit\/tasse-en-paille-avec-poignee-wee-baby-380-ml\/#breadcrumb","itemListElement":[{"@type":"ListItem","position":1,"name":"Accueil","item":"https:\/\/orthopara.store\/"},{"@type":"ListItem","position":2,"name":"Shop","item":"https:\/\/orthopara.store\/?page_id=622"},{"@type":"ListItem","position":3,"name":"Tasse en paille avec poign\u00e9e &#8211; Wee Baby &#8211; 380 ml"}]},{"@type":"WebSite","@id":"https:\/\/orthopara.store\/#website","url":"https:\/\/orthopara.store\/","name":"OrthoPara","description":"Parapharmacie","publisher":{"@id":"https:\/\/orthopara.store\/#organization"},"potentialAction":[{"@type":"SearchAction","target":{"@type":"EntryPoint","urlTemplate":"https:\/\/orthopara.store\/?s={search_term_string}"},"query-input":"required name=search_term_string"}],"inLanguage":"fr-FR"},{"@type":"Organization","@id":"https:\/\/orthopara.store\/#organization","name":"OrthoPara","url":"https:\/\/orthopara.store\/","logo":{"@type":"ImageObject","inLanguage":"fr-FR","@id":"https:\/\/orthopara.store\/#\/schema\/logo\/image\/","url":"https:\/\/orthopara.store\/wp-content\/uploads\/2024\/06\/cropped-9ABA8BAD-6256-4719-9315-15C66E64E882.png","contentUrl":"https:\/\/orthopara.store\/wp-content\/uploads\/2024\/06\/cropped-9ABA8BAD-6256-4719-9315-15C66E64E882.png","width":240,"height":72,"caption":"OrthoPara"},"image":{"@id":"https:\/\/orthopara.store\/#\/schema\/logo\/image\/"},"sameAs":["https:\/\/www.facebook.com\/profile.php?id=61561194315651","https:\/\/www.instagram.com\/orthopara_tunisie\/"]}]}},"jetpack_sharing_enabled":true,"brands":[{"id":168,"name":"Wee Baby","slug":"wee-baby"}],"_links":{"self":[{"href":"https:\/\/orthopara.store\/index.php?rest_route=\/wp\/v2\/product\/1400","targetHints":{"allow":["GET"]}}],"collection":[{"href":"https:\/\/orthopara.store\/index.php?rest_route=\/wp\/v2\/product"}],"about":[{"href":"https:\/\/orthopara.store\/index.php?rest_route=\/wp\/v2\/types\/product"}],"replies":[{"embeddable":true,"href":"https:\/\/orthopara.store\/index.php?rest_route=%2Fwp%2Fv2%2Fcomments&post=1400"}],"wp:featuredmedia":[{"embeddable":true,"href":"https:\/\/orthopara.store\/index.php?rest_route=\/wp\/v2\/media\/1427"}],"wp:attachment":[{"href":"https:\/\/orthopara.store\/index.php?rest_route=%2Fwp%2Fv2%2Fmedia&parent=1400"}],"wp:term":[{"taxonomy":"pwb-brand","embeddable":true,"href":"https:\/\/orthopara.store\/index.php?rest_route=%2Fwp%2Fv2%2Fpwb-brand&post=1400"},{"taxonomy":"product_cat","embeddable":true,"href":"https:\/\/orthopara.store\/index.php?rest_route=%2Fwp%2Fv2%2Fproduct_cat&post=1400"},{"taxonomy":"product_tag","embeddable":true,"href":"https:\/\/orthopara.store\/index.php?rest_route=%2Fwp%2Fv2%2Fproduct_tag&post=1400"}],"curies":[{"name":"wp","href":"https:\/\/api.w.org\/{rel}","templated":true}]}}