{"id":1404,"date":"2024-06-28T15:53:10","date_gmt":"2024-06-28T13:53:10","guid":{"rendered":"https:\/\/orthopara.store\/?post_type=product&#038;p=1404"},"modified":"2024-06-28T15:53:21","modified_gmt":"2024-06-28T13:53:21","slug":"philips-avent-biberon-naturel-en-verre-1m-240-ml","status":"publish","type":"product","link":"https:\/\/orthopara.store\/?product=philips-avent-biberon-naturel-en-verre-1m-240-ml","title":{"rendered":"Philips Avent Biberon Naturel (en Verre) 1m+ 240 ml"},"content":{"rendered":"<p>Philips Avent Biberon Naturel anti-coliques (en verre) 1m+<br \/>\nPour que b\u00e9b\u00e9 retrouve le m\u00eame plaisir que s&rsquo;il \u00e9tait allait\u00e9 au sein\u00a0: le biberon en verre Philips Avent Natural est \u00e9quip\u00e9 d&rsquo;une t\u00e9tine ultra souple en forme de mamelon. Son design en spirale souple et son coussinet confort permettent \u00e0 b\u00e9b\u00e9 de t\u00e9ter de la mani\u00e8re la plus naturelle qui soit. Des biberons parfaits pour l&rsquo;allaitement mixte.<br \/>\nCaract\u00e9ristiques de la t\u00e9tine\u00a0:<br \/>\nlarge, en forme de mamelon, ultra souple, design en spirale avec coussinet confort, syst\u00e8me anti-coliques, en silicone (sans BPA)<\/p>\n<p>Atouts\u00a0: r\u00e9sistant \u00e0 la chaleur et aux variations de temp\u00e9ratures, st\u00e9rilisable<\/p>\n<p>Le biberon en verre Natural convainc avec ses propri\u00e9t\u00e9s r\u00e9sistantes \u00e0 la chaleur et aux variations de temp\u00e9ratures. Il peut se conserver au r\u00e9frig\u00e9rateur et \u00eatre l\u00e9g\u00e8rement r\u00e9chauff\u00e9. De plus, le biberon est st\u00e9rilisable. Son col large permet de le remplir et de le nettoyer avec facilit\u00e9. Le biberon se compose de peu d&rsquo;\u00e9l\u00e9ments, il se remonte ainsi tr\u00e8s rapidement.<\/p>\n<p>La t\u00e9tine est tr\u00e8s souple et en forme de mamelon. Ainsi, b\u00e9b\u00e9 boit de la fa\u00e7on la plus naturelle qui soit. Son design en spirale et le coussinet confort innovant emp\u00eachent la t\u00e9tine de rentrer dans le biberon. Le syst\u00e8me anti-coliques r\u00e9duit les risques pour b\u00e9b\u00e9 d\u2019avaler trop d\u2019air et donc celui de souffrir de coliques et d&rsquo;inconfort.<\/p>\n","protected":false},"excerpt":{"rendered":"<p>Philips Avent Biberon Naturel anti-coliques\u00a0(en Verre)\u00a01m+<br \/>\n240 ml<\/p>\n","protected":false},"featured_media":1431,"comment_status":"open","ping_status":"closed","template":"","meta":[],"pwb-brand":[170],"product_cat":[167],"product_tag":[],"class_list":{"0":"post-1404","1":"product","2":"type-product","3":"status-publish","4":"has-post-thumbnail","6":"pwb-brand-philips-avent","7":"product_cat-biberons","8":"post","9":"ws-product--style-1","11":"first","12":"instock","13":"shipping-taxable","14":"purchasable","15":"product-type-simple"},"yoast_head":"<!-- This site is optimized with the Yoast SEO plugin v23.0 - https:\/\/yoast.com\/wordpress\/plugins\/seo\/ -->\n<title>Philips Avent Biberon Naturel (en Verre) 1m+ 240 ml - OrthoPara<\/title>\n<meta name=\"robots\" content=\"index, follow, max-snippet:-1, max-image-preview:large, max-video-preview:-1\" \/>\n<link rel=\"canonical\" href=\"https:\/\/orthopara.store\/index.php\/produit\/philips-avent-biberon-naturel-en-verre-1m-240-ml\/\" \/>\n<meta property=\"og:locale\" content=\"fr_FR\" \/>\n<meta property=\"og:type\" content=\"article\" \/>\n<meta property=\"og:title\" content=\"Philips Avent Biberon Naturel (en Verre) 1m+ 240 ml - OrthoPara\" \/>\n<meta property=\"og:description\" content=\"Philips Avent Biberon Naturel anti-coliques\u00a0(en Verre)\u00a01m+ 240 ml\" \/>\n<meta property=\"og:url\" content=\"https:\/\/orthopara.store\/index.php\/produit\/philips-avent-biberon-naturel-en-verre-1m-240-ml\/\" \/>\n<meta property=\"og:site_name\" content=\"OrthoPara\" \/>\n<meta property=\"article:publisher\" content=\"https:\/\/www.facebook.com\/profile.php?id=61561194315651\" \/>\n<meta property=\"article:modified_time\" content=\"2024-06-28T13:53:21+00:00\" \/>\n<meta property=\"og:image\" content=\"https:\/\/orthopara.store\/wp-content\/uploads\/2024\/06\/philips-avent-biberon-naturel-en-verre-1m-240-ml.jpg\" \/>\n\t<meta property=\"og:image:width\" content=\"800\" \/>\n\t<meta property=\"og:image:height\" content=\"800\" \/>\n\t<meta property=\"og:image:type\" content=\"image\/jpeg\" \/>\n<meta name=\"twitter:card\" content=\"summary_large_image\" \/>\n<meta name=\"twitter:label1\" content=\"Dur\u00e9e de lecture estim\u00e9e\" \/>\n\t<meta name=\"twitter:data1\" content=\"1 minute\" \/>\n<script type=\"application\/ld+json\" class=\"yoast-schema-graph\">{\"@context\":\"https:\/\/schema.org\",\"@graph\":[{\"@type\":\"WebPage\",\"@id\":\"https:\/\/orthopara.store\/index.php\/produit\/philips-avent-biberon-naturel-en-verre-1m-240-ml\/\",\"url\":\"https:\/\/orthopara.store\/index.php\/produit\/philips-avent-biberon-naturel-en-verre-1m-240-ml\/\",\"name\":\"Philips Avent Biberon Naturel (en Verre) 1m+ 240 ml - OrthoPara\",\"isPartOf\":{\"@id\":\"https:\/\/orthopara.store\/#website\"},\"primaryImageOfPage\":{\"@id\":\"https:\/\/orthopara.store\/index.php\/produit\/philips-avent-biberon-naturel-en-verre-1m-240-ml\/#primaryimage\"},\"image\":{\"@id\":\"https:\/\/orthopara.store\/index.php\/produit\/philips-avent-biberon-naturel-en-verre-1m-240-ml\/#primaryimage\"},\"thumbnailUrl\":\"https:\/\/orthopara.store\/wp-content\/uploads\/2024\/06\/philips-avent-biberon-naturel-en-verre-1m-240-ml.jpg\",\"datePublished\":\"2024-06-28T13:53:10+00:00\",\"dateModified\":\"2024-06-28T13:53:21+00:00\",\"breadcrumb\":{\"@id\":\"https:\/\/orthopara.store\/index.php\/produit\/philips-avent-biberon-naturel-en-verre-1m-240-ml\/#breadcrumb\"},\"inLanguage\":\"fr-FR\",\"potentialAction\":[{\"@type\":\"ReadAction\",\"target\":[\"https:\/\/orthopara.store\/index.php\/produit\/philips-avent-biberon-naturel-en-verre-1m-240-ml\/\"]}]},{\"@type\":\"ImageObject\",\"inLanguage\":\"fr-FR\",\"@id\":\"https:\/\/orthopara.store\/index.php\/produit\/philips-avent-biberon-naturel-en-verre-1m-240-ml\/#primaryimage\",\"url\":\"https:\/\/orthopara.store\/wp-content\/uploads\/2024\/06\/philips-avent-biberon-naturel-en-verre-1m-240-ml.jpg\",\"contentUrl\":\"https:\/\/orthopara.store\/wp-content\/uploads\/2024\/06\/philips-avent-biberon-naturel-en-verre-1m-240-ml.jpg\",\"width\":800,\"height\":800},{\"@type\":\"BreadcrumbList\",\"@id\":\"https:\/\/orthopara.store\/index.php\/produit\/philips-avent-biberon-naturel-en-verre-1m-240-ml\/#breadcrumb\",\"itemListElement\":[{\"@type\":\"ListItem\",\"position\":1,\"name\":\"Accueil\",\"item\":\"https:\/\/orthopara.store\/\"},{\"@type\":\"ListItem\",\"position\":2,\"name\":\"Shop\",\"item\":\"https:\/\/orthopara.store\/?page_id=622\"},{\"@type\":\"ListItem\",\"position\":3,\"name\":\"Philips Avent Biberon Naturel (en Verre) 1m+ 240 ml\"}]},{\"@type\":\"WebSite\",\"@id\":\"https:\/\/orthopara.store\/#website\",\"url\":\"https:\/\/orthopara.store\/\",\"name\":\"OrthoPara\",\"description\":\"Parapharmacie\",\"publisher\":{\"@id\":\"https:\/\/orthopara.store\/#organization\"},\"potentialAction\":[{\"@type\":\"SearchAction\",\"target\":{\"@type\":\"EntryPoint\",\"urlTemplate\":\"https:\/\/orthopara.store\/?s={search_term_string}\"},\"query-input\":\"required name=search_term_string\"}],\"inLanguage\":\"fr-FR\"},{\"@type\":\"Organization\",\"@id\":\"https:\/\/orthopara.store\/#organization\",\"name\":\"OrthoPara\",\"url\":\"https:\/\/orthopara.store\/\",\"logo\":{\"@type\":\"ImageObject\",\"inLanguage\":\"fr-FR\",\"@id\":\"https:\/\/orthopara.store\/#\/schema\/logo\/image\/\",\"url\":\"https:\/\/orthopara.store\/wp-content\/uploads\/2024\/06\/cropped-9ABA8BAD-6256-4719-9315-15C66E64E882.png\",\"contentUrl\":\"https:\/\/orthopara.store\/wp-content\/uploads\/2024\/06\/cropped-9ABA8BAD-6256-4719-9315-15C66E64E882.png\",\"width\":240,\"height\":72,\"caption\":\"OrthoPara\"},\"image\":{\"@id\":\"https:\/\/orthopara.store\/#\/schema\/logo\/image\/\"},\"sameAs\":[\"https:\/\/www.facebook.com\/profile.php?id=61561194315651\",\"https:\/\/www.instagram.com\/orthopara_tunisie\/\"]}]}<\/script>\n<!-- \/ Yoast SEO plugin. -->","yoast_head_json":{"title":"Philips Avent Biberon Naturel (en Verre) 1m+ 240 ml - OrthoPara","robots":{"index":"index","follow":"follow","max-snippet":"max-snippet:-1","max-image-preview":"max-image-preview:large","max-video-preview":"max-video-preview:-1"},"canonical":"https:\/\/orthopara.store\/index.php\/produit\/philips-avent-biberon-naturel-en-verre-1m-240-ml\/","og_locale":"fr_FR","og_type":"article","og_title":"Philips Avent Biberon Naturel (en Verre) 1m+ 240 ml - OrthoPara","og_description":"Philips Avent Biberon Naturel anti-coliques\u00a0(en Verre)\u00a01m+ 240 ml","og_url":"https:\/\/orthopara.store\/index.php\/produit\/philips-avent-biberon-naturel-en-verre-1m-240-ml\/","og_site_name":"OrthoPara","article_publisher":"https:\/\/www.facebook.com\/profile.php?id=61561194315651","article_modified_time":"2024-06-28T13:53:21+00:00","og_image":[{"width":800,"height":800,"url":"https:\/\/orthopara.store\/wp-content\/uploads\/2024\/06\/philips-avent-biberon-naturel-en-verre-1m-240-ml.jpg","type":"image\/jpeg"}],"twitter_card":"summary_large_image","twitter_misc":{"Dur\u00e9e de lecture estim\u00e9e":"1 minute"},"schema":{"@context":"https:\/\/schema.org","@graph":[{"@type":"WebPage","@id":"https:\/\/orthopara.store\/index.php\/produit\/philips-avent-biberon-naturel-en-verre-1m-240-ml\/","url":"https:\/\/orthopara.store\/index.php\/produit\/philips-avent-biberon-naturel-en-verre-1m-240-ml\/","name":"Philips Avent Biberon Naturel (en Verre) 1m+ 240 ml - OrthoPara","isPartOf":{"@id":"https:\/\/orthopara.store\/#website"},"primaryImageOfPage":{"@id":"https:\/\/orthopara.store\/index.php\/produit\/philips-avent-biberon-naturel-en-verre-1m-240-ml\/#primaryimage"},"image":{"@id":"https:\/\/orthopara.store\/index.php\/produit\/philips-avent-biberon-naturel-en-verre-1m-240-ml\/#primaryimage"},"thumbnailUrl":"https:\/\/orthopara.store\/wp-content\/uploads\/2024\/06\/philips-avent-biberon-naturel-en-verre-1m-240-ml.jpg","datePublished":"2024-06-28T13:53:10+00:00","dateModified":"2024-06-28T13:53:21+00:00","breadcrumb":{"@id":"https:\/\/orthopara.store\/index.php\/produit\/philips-avent-biberon-naturel-en-verre-1m-240-ml\/#breadcrumb"},"inLanguage":"fr-FR","potentialAction":[{"@type":"ReadAction","target":["https:\/\/orthopara.store\/index.php\/produit\/philips-avent-biberon-naturel-en-verre-1m-240-ml\/"]}]},{"@type":"ImageObject","inLanguage":"fr-FR","@id":"https:\/\/orthopara.store\/index.php\/produit\/philips-avent-biberon-naturel-en-verre-1m-240-ml\/#primaryimage","url":"https:\/\/orthopara.store\/wp-content\/uploads\/2024\/06\/philips-avent-biberon-naturel-en-verre-1m-240-ml.jpg","contentUrl":"https:\/\/orthopara.store\/wp-content\/uploads\/2024\/06\/philips-avent-biberon-naturel-en-verre-1m-240-ml.jpg","width":800,"height":800},{"@type":"BreadcrumbList","@id":"https:\/\/orthopara.store\/index.php\/produit\/philips-avent-biberon-naturel-en-verre-1m-240-ml\/#breadcrumb","itemListElement":[{"@type":"ListItem","position":1,"name":"Accueil","item":"https:\/\/orthopara.store\/"},{"@type":"ListItem","position":2,"name":"Shop","item":"https:\/\/orthopara.store\/?page_id=622"},{"@type":"ListItem","position":3,"name":"Philips Avent Biberon Naturel (en Verre) 1m+ 240 ml"}]},{"@type":"WebSite","@id":"https:\/\/orthopara.store\/#website","url":"https:\/\/orthopara.store\/","name":"OrthoPara","description":"Parapharmacie","publisher":{"@id":"https:\/\/orthopara.store\/#organization"},"potentialAction":[{"@type":"SearchAction","target":{"@type":"EntryPoint","urlTemplate":"https:\/\/orthopara.store\/?s={search_term_string}"},"query-input":"required name=search_term_string"}],"inLanguage":"fr-FR"},{"@type":"Organization","@id":"https:\/\/orthopara.store\/#organization","name":"OrthoPara","url":"https:\/\/orthopara.store\/","logo":{"@type":"ImageObject","inLanguage":"fr-FR","@id":"https:\/\/orthopara.store\/#\/schema\/logo\/image\/","url":"https:\/\/orthopara.store\/wp-content\/uploads\/2024\/06\/cropped-9ABA8BAD-6256-4719-9315-15C66E64E882.png","contentUrl":"https:\/\/orthopara.store\/wp-content\/uploads\/2024\/06\/cropped-9ABA8BAD-6256-4719-9315-15C66E64E882.png","width":240,"height":72,"caption":"OrthoPara"},"image":{"@id":"https:\/\/orthopara.store\/#\/schema\/logo\/image\/"},"sameAs":["https:\/\/www.facebook.com\/profile.php?id=61561194315651","https:\/\/www.instagram.com\/orthopara_tunisie\/"]}]}},"jetpack_sharing_enabled":true,"brands":[{"id":170,"name":"PHILIPS AVENT","slug":"philips-avent"}],"_links":{"self":[{"href":"https:\/\/orthopara.store\/index.php?rest_route=\/wp\/v2\/product\/1404","targetHints":{"allow":["GET"]}}],"collection":[{"href":"https:\/\/orthopara.store\/index.php?rest_route=\/wp\/v2\/product"}],"about":[{"href":"https:\/\/orthopara.store\/index.php?rest_route=\/wp\/v2\/types\/product"}],"replies":[{"embeddable":true,"href":"https:\/\/orthopara.store\/index.php?rest_route=%2Fwp%2Fv2%2Fcomments&post=1404"}],"wp:featuredmedia":[{"embeddable":true,"href":"https:\/\/orthopara.store\/index.php?rest_route=\/wp\/v2\/media\/1431"}],"wp:attachment":[{"href":"https:\/\/orthopara.store\/index.php?rest_route=%2Fwp%2Fv2%2Fmedia&parent=1404"}],"wp:term":[{"taxonomy":"pwb-brand","embeddable":true,"href":"https:\/\/orthopara.store\/index.php?rest_route=%2Fwp%2Fv2%2Fpwb-brand&post=1404"},{"taxonomy":"product_cat","embeddable":true,"href":"https:\/\/orthopara.store\/index.php?rest_route=%2Fwp%2Fv2%2Fproduct_cat&post=1404"},{"taxonomy":"product_tag","embeddable":true,"href":"https:\/\/orthopara.store\/index.php?rest_route=%2Fwp%2Fv2%2Fproduct_tag&post=1404"}],"curies":[{"name":"wp","href":"https:\/\/api.w.org\/{rel}","templated":true}]}}