{"id":1405,"date":"2024-06-28T15:53:10","date_gmt":"2024-06-28T13:53:10","guid":{"rendered":"https:\/\/orthopara.store\/?post_type=product&#038;p=1405"},"modified":"2024-11-07T09:56:00","modified_gmt":"2024-11-07T08:56:00","slug":"chicco-well-being-biberon-en-verre-unisex-150ml","status":"publish","type":"product","link":"https:\/\/orthopara.store\/?product=chicco-well-being-biberon-en-verre-unisex-150ml","title":{"rendered":"Chicco Well-Being &#8211; Biberon en verre unisex &#8211; 150ml"},"content":{"rendered":"<p>Chicco well being est un biberon \u00e0 la forme ergonomique qui facilite la t\u00e9t\u00e9e tant pour les parents et les b\u00e9b\u00e9s. Il est dot\u00e9 d&rsquo;une t\u00e9tine physiologique anti-coliques \u00e0 la forme sym\u00e9trique, \u00e9tir\u00e9e et aplatie du silicone inspir\u00e9e de la forme que prend le mamelon dans la bouche de b\u00e9b\u00e9 pendant la t\u00e9t\u00e9e. Elle favorise une prise du sein correcte et un mouvement p\u00e9ristaltique de la langue. Elle est souple et douce avec une finition Soft Sense qui donne \u00e0 b\u00e9b\u00e9 une sensation agr\u00e9able et naturelle. Elle s&rsquo;adapte parfaitement \u00e0 la bouche de b\u00e9b\u00e9 et respecte le mouvement naturel de succion.<br \/>\nIl est facile \u00e0 utiliser avec sa fermeture s\u00e9curis\u00e9e et son large col, rapide \u00e0 remplir et facile \u00e0 nettoyer. Il est en verre borosilicate pur, hygi\u00e9nique et s\u00fbr : r\u00e9sistant aux chocs et \u00e0 la chaleur. Il est dot\u00e9 d&rsquo;un capuchon anti-fuites pour une protection maximale et une hygi\u00e8ne parfaite. Il passe au lave-vaisselle et peut \u00eatre st\u00e9rilis\u00e9.<br \/>\nConseils d&rsquo;utilisation :<br \/>\nLaver et st\u00e9riliser avant la premi\u00e8re utilisation.<br \/>\nManipuler avec pr\u00e9caution.<br \/>\nIndication :<br \/>\nAccessoire d&rsquo;allaitement artificiel.<br \/>\nComposition :<br \/>\nBiberon : verre borosilicate. T\u00e9tine : silicone.<\/p>\n","protected":false},"excerpt":{"rendered":"<p>Biberon en verre de 150ml joliment d\u00e9cor\u00e9. Il maintient la temp\u00e9rature plus longtemps, capuchon antifuites avec un col large pour un nettoyage et un remplissage simplifi\u00e9s et une t\u00e9tine physiologique en silicone extra-doux avec valve anti-colique, flux lent<br \/>\nAge : d\u00e8s la naissance<br \/>\nCapacit\u00e9 : 150ml<\/p>\n","protected":false},"featured_media":1432,"comment_status":"open","ping_status":"closed","template":"","meta":[],"pwb-brand":[173],"product_cat":[167],"product_tag":[],"class_list":{"0":"post-1405","1":"product","2":"type-product","3":"status-publish","4":"has-post-thumbnail","6":"pwb-brand-chicco","7":"product_cat-biberons","8":"post","9":"ws-product--style-1","11":"first","12":"instock","13":"shipping-taxable","14":"purchasable","15":"product-type-simple"},"yoast_head":"<!-- This site is optimized with the Yoast SEO plugin v23.0 - https:\/\/yoast.com\/wordpress\/plugins\/seo\/ -->\n<title>Chicco Well-Being - Biberon en verre unisex - 150ml - OrthoPara<\/title>\n<meta name=\"robots\" content=\"index, follow, max-snippet:-1, max-image-preview:large, max-video-preview:-1\" \/>\n<link rel=\"canonical\" href=\"https:\/\/orthopara.store\/index.php\/produit\/chicco-well-being-biberon-en-verre-unisex-150ml\/\" \/>\n<meta property=\"og:locale\" content=\"fr_FR\" \/>\n<meta property=\"og:type\" content=\"article\" \/>\n<meta property=\"og:title\" content=\"Chicco Well-Being - Biberon en verre unisex - 150ml - OrthoPara\" \/>\n<meta property=\"og:description\" content=\"Biberon en verre de 150ml joliment d\u00e9cor\u00e9. Il maintient la temp\u00e9rature plus longtemps, capuchon antifuites avec un col large pour un nettoyage et un remplissage simplifi\u00e9s et une t\u00e9tine physiologique en silicone extra-doux avec valve anti-colique, flux lent Age : d\u00e8s la naissance Capacit\u00e9 : 150ml\" \/>\n<meta property=\"og:url\" content=\"https:\/\/orthopara.store\/index.php\/produit\/chicco-well-being-biberon-en-verre-unisex-150ml\/\" \/>\n<meta property=\"og:site_name\" content=\"OrthoPara\" \/>\n<meta property=\"article:publisher\" content=\"https:\/\/www.facebook.com\/profile.php?id=61561194315651\" \/>\n<meta property=\"article:modified_time\" content=\"2024-11-07T08:56:00+00:00\" \/>\n<meta property=\"og:image\" content=\"https:\/\/orthopara.store\/wp-content\/uploads\/2024\/06\/biberon-en-verre-chicco-well-being-150ml.jpg\" \/>\n\t<meta property=\"og:image:width\" content=\"800\" \/>\n\t<meta property=\"og:image:height\" content=\"800\" \/>\n\t<meta property=\"og:image:type\" content=\"image\/jpeg\" \/>\n<meta name=\"twitter:card\" content=\"summary_large_image\" \/>\n<meta name=\"twitter:label1\" content=\"Dur\u00e9e de lecture estim\u00e9e\" \/>\n\t<meta name=\"twitter:data1\" content=\"1 minute\" \/>\n<script type=\"application\/ld+json\" class=\"yoast-schema-graph\">{\"@context\":\"https:\/\/schema.org\",\"@graph\":[{\"@type\":\"WebPage\",\"@id\":\"https:\/\/orthopara.store\/index.php\/produit\/chicco-well-being-biberon-en-verre-unisex-150ml\/\",\"url\":\"https:\/\/orthopara.store\/index.php\/produit\/chicco-well-being-biberon-en-verre-unisex-150ml\/\",\"name\":\"Chicco Well-Being - Biberon en verre unisex - 150ml - OrthoPara\",\"isPartOf\":{\"@id\":\"https:\/\/orthopara.store\/#website\"},\"primaryImageOfPage\":{\"@id\":\"https:\/\/orthopara.store\/index.php\/produit\/chicco-well-being-biberon-en-verre-unisex-150ml\/#primaryimage\"},\"image\":{\"@id\":\"https:\/\/orthopara.store\/index.php\/produit\/chicco-well-being-biberon-en-verre-unisex-150ml\/#primaryimage\"},\"thumbnailUrl\":\"https:\/\/orthopara.store\/wp-content\/uploads\/2024\/06\/biberon-en-verre-chicco-well-being-150ml.jpg\",\"datePublished\":\"2024-06-28T13:53:10+00:00\",\"dateModified\":\"2024-11-07T08:56:00+00:00\",\"breadcrumb\":{\"@id\":\"https:\/\/orthopara.store\/index.php\/produit\/chicco-well-being-biberon-en-verre-unisex-150ml\/#breadcrumb\"},\"inLanguage\":\"fr-FR\",\"potentialAction\":[{\"@type\":\"ReadAction\",\"target\":[\"https:\/\/orthopara.store\/index.php\/produit\/chicco-well-being-biberon-en-verre-unisex-150ml\/\"]}]},{\"@type\":\"ImageObject\",\"inLanguage\":\"fr-FR\",\"@id\":\"https:\/\/orthopara.store\/index.php\/produit\/chicco-well-being-biberon-en-verre-unisex-150ml\/#primaryimage\",\"url\":\"https:\/\/orthopara.store\/wp-content\/uploads\/2024\/06\/biberon-en-verre-chicco-well-being-150ml.jpg\",\"contentUrl\":\"https:\/\/orthopara.store\/wp-content\/uploads\/2024\/06\/biberon-en-verre-chicco-well-being-150ml.jpg\",\"width\":800,\"height\":800},{\"@type\":\"BreadcrumbList\",\"@id\":\"https:\/\/orthopara.store\/index.php\/produit\/chicco-well-being-biberon-en-verre-unisex-150ml\/#breadcrumb\",\"itemListElement\":[{\"@type\":\"ListItem\",\"position\":1,\"name\":\"Accueil\",\"item\":\"https:\/\/orthopara.store\/\"},{\"@type\":\"ListItem\",\"position\":2,\"name\":\"Shop\",\"item\":\"https:\/\/orthopara.store\/?page_id=622\"},{\"@type\":\"ListItem\",\"position\":3,\"name\":\"Chicco Well-Being &#8211; Biberon en verre unisex &#8211; 150ml\"}]},{\"@type\":\"WebSite\",\"@id\":\"https:\/\/orthopara.store\/#website\",\"url\":\"https:\/\/orthopara.store\/\",\"name\":\"OrthoPara\",\"description\":\"Parapharmacie\",\"publisher\":{\"@id\":\"https:\/\/orthopara.store\/#organization\"},\"potentialAction\":[{\"@type\":\"SearchAction\",\"target\":{\"@type\":\"EntryPoint\",\"urlTemplate\":\"https:\/\/orthopara.store\/?s={search_term_string}\"},\"query-input\":\"required name=search_term_string\"}],\"inLanguage\":\"fr-FR\"},{\"@type\":\"Organization\",\"@id\":\"https:\/\/orthopara.store\/#organization\",\"name\":\"OrthoPara\",\"url\":\"https:\/\/orthopara.store\/\",\"logo\":{\"@type\":\"ImageObject\",\"inLanguage\":\"fr-FR\",\"@id\":\"https:\/\/orthopara.store\/#\/schema\/logo\/image\/\",\"url\":\"https:\/\/orthopara.store\/wp-content\/uploads\/2024\/06\/cropped-9ABA8BAD-6256-4719-9315-15C66E64E882.png\",\"contentUrl\":\"https:\/\/orthopara.store\/wp-content\/uploads\/2024\/06\/cropped-9ABA8BAD-6256-4719-9315-15C66E64E882.png\",\"width\":240,\"height\":72,\"caption\":\"OrthoPara\"},\"image\":{\"@id\":\"https:\/\/orthopara.store\/#\/schema\/logo\/image\/\"},\"sameAs\":[\"https:\/\/www.facebook.com\/profile.php?id=61561194315651\",\"https:\/\/www.instagram.com\/orthopara_tunisie\/\"]}]}<\/script>\n<!-- \/ Yoast SEO plugin. -->","yoast_head_json":{"title":"Chicco Well-Being - Biberon en verre unisex - 150ml - OrthoPara","robots":{"index":"index","follow":"follow","max-snippet":"max-snippet:-1","max-image-preview":"max-image-preview:large","max-video-preview":"max-video-preview:-1"},"canonical":"https:\/\/orthopara.store\/index.php\/produit\/chicco-well-being-biberon-en-verre-unisex-150ml\/","og_locale":"fr_FR","og_type":"article","og_title":"Chicco Well-Being - Biberon en verre unisex - 150ml - OrthoPara","og_description":"Biberon en verre de 150ml joliment d\u00e9cor\u00e9. Il maintient la temp\u00e9rature plus longtemps, capuchon antifuites avec un col large pour un nettoyage et un remplissage simplifi\u00e9s et une t\u00e9tine physiologique en silicone extra-doux avec valve anti-colique, flux lent Age : d\u00e8s la naissance Capacit\u00e9 : 150ml","og_url":"https:\/\/orthopara.store\/index.php\/produit\/chicco-well-being-biberon-en-verre-unisex-150ml\/","og_site_name":"OrthoPara","article_publisher":"https:\/\/www.facebook.com\/profile.php?id=61561194315651","article_modified_time":"2024-11-07T08:56:00+00:00","og_image":[{"width":800,"height":800,"url":"https:\/\/orthopara.store\/wp-content\/uploads\/2024\/06\/biberon-en-verre-chicco-well-being-150ml.jpg","type":"image\/jpeg"}],"twitter_card":"summary_large_image","twitter_misc":{"Dur\u00e9e de lecture estim\u00e9e":"1 minute"},"schema":{"@context":"https:\/\/schema.org","@graph":[{"@type":"WebPage","@id":"https:\/\/orthopara.store\/index.php\/produit\/chicco-well-being-biberon-en-verre-unisex-150ml\/","url":"https:\/\/orthopara.store\/index.php\/produit\/chicco-well-being-biberon-en-verre-unisex-150ml\/","name":"Chicco Well-Being - Biberon en verre unisex - 150ml - OrthoPara","isPartOf":{"@id":"https:\/\/orthopara.store\/#website"},"primaryImageOfPage":{"@id":"https:\/\/orthopara.store\/index.php\/produit\/chicco-well-being-biberon-en-verre-unisex-150ml\/#primaryimage"},"image":{"@id":"https:\/\/orthopara.store\/index.php\/produit\/chicco-well-being-biberon-en-verre-unisex-150ml\/#primaryimage"},"thumbnailUrl":"https:\/\/orthopara.store\/wp-content\/uploads\/2024\/06\/biberon-en-verre-chicco-well-being-150ml.jpg","datePublished":"2024-06-28T13:53:10+00:00","dateModified":"2024-11-07T08:56:00+00:00","breadcrumb":{"@id":"https:\/\/orthopara.store\/index.php\/produit\/chicco-well-being-biberon-en-verre-unisex-150ml\/#breadcrumb"},"inLanguage":"fr-FR","potentialAction":[{"@type":"ReadAction","target":["https:\/\/orthopara.store\/index.php\/produit\/chicco-well-being-biberon-en-verre-unisex-150ml\/"]}]},{"@type":"ImageObject","inLanguage":"fr-FR","@id":"https:\/\/orthopara.store\/index.php\/produit\/chicco-well-being-biberon-en-verre-unisex-150ml\/#primaryimage","url":"https:\/\/orthopara.store\/wp-content\/uploads\/2024\/06\/biberon-en-verre-chicco-well-being-150ml.jpg","contentUrl":"https:\/\/orthopara.store\/wp-content\/uploads\/2024\/06\/biberon-en-verre-chicco-well-being-150ml.jpg","width":800,"height":800},{"@type":"BreadcrumbList","@id":"https:\/\/orthopara.store\/index.php\/produit\/chicco-well-being-biberon-en-verre-unisex-150ml\/#breadcrumb","itemListElement":[{"@type":"ListItem","position":1,"name":"Accueil","item":"https:\/\/orthopara.store\/"},{"@type":"ListItem","position":2,"name":"Shop","item":"https:\/\/orthopara.store\/?page_id=622"},{"@type":"ListItem","position":3,"name":"Chicco Well-Being &#8211; Biberon en verre unisex &#8211; 150ml"}]},{"@type":"WebSite","@id":"https:\/\/orthopara.store\/#website","url":"https:\/\/orthopara.store\/","name":"OrthoPara","description":"Parapharmacie","publisher":{"@id":"https:\/\/orthopara.store\/#organization"},"potentialAction":[{"@type":"SearchAction","target":{"@type":"EntryPoint","urlTemplate":"https:\/\/orthopara.store\/?s={search_term_string}"},"query-input":"required name=search_term_string"}],"inLanguage":"fr-FR"},{"@type":"Organization","@id":"https:\/\/orthopara.store\/#organization","name":"OrthoPara","url":"https:\/\/orthopara.store\/","logo":{"@type":"ImageObject","inLanguage":"fr-FR","@id":"https:\/\/orthopara.store\/#\/schema\/logo\/image\/","url":"https:\/\/orthopara.store\/wp-content\/uploads\/2024\/06\/cropped-9ABA8BAD-6256-4719-9315-15C66E64E882.png","contentUrl":"https:\/\/orthopara.store\/wp-content\/uploads\/2024\/06\/cropped-9ABA8BAD-6256-4719-9315-15C66E64E882.png","width":240,"height":72,"caption":"OrthoPara"},"image":{"@id":"https:\/\/orthopara.store\/#\/schema\/logo\/image\/"},"sameAs":["https:\/\/www.facebook.com\/profile.php?id=61561194315651","https:\/\/www.instagram.com\/orthopara_tunisie\/"]}]}},"jetpack_sharing_enabled":true,"brands":[{"id":173,"name":"Chicco","slug":"chicco"}],"_links":{"self":[{"href":"https:\/\/orthopara.store\/index.php?rest_route=\/wp\/v2\/product\/1405","targetHints":{"allow":["GET"]}}],"collection":[{"href":"https:\/\/orthopara.store\/index.php?rest_route=\/wp\/v2\/product"}],"about":[{"href":"https:\/\/orthopara.store\/index.php?rest_route=\/wp\/v2\/types\/product"}],"replies":[{"embeddable":true,"href":"https:\/\/orthopara.store\/index.php?rest_route=%2Fwp%2Fv2%2Fcomments&post=1405"}],"wp:featuredmedia":[{"embeddable":true,"href":"https:\/\/orthopara.store\/index.php?rest_route=\/wp\/v2\/media\/1432"}],"wp:attachment":[{"href":"https:\/\/orthopara.store\/index.php?rest_route=%2Fwp%2Fv2%2Fmedia&parent=1405"}],"wp:term":[{"taxonomy":"pwb-brand","embeddable":true,"href":"https:\/\/orthopara.store\/index.php?rest_route=%2Fwp%2Fv2%2Fpwb-brand&post=1405"},{"taxonomy":"product_cat","embeddable":true,"href":"https:\/\/orthopara.store\/index.php?rest_route=%2Fwp%2Fv2%2Fproduct_cat&post=1405"},{"taxonomy":"product_tag","embeddable":true,"href":"https:\/\/orthopara.store\/index.php?rest_route=%2Fwp%2Fv2%2Fproduct_tag&post=1405"}],"curies":[{"name":"wp","href":"https:\/\/api.w.org\/{rel}","templated":true}]}}