{"id":1408,"date":"2024-06-28T15:53:10","date_gmt":"2024-06-28T13:53:10","guid":{"rendered":"https:\/\/orthopara.store\/?post_type=product&#038;p=1408"},"modified":"2024-11-07T09:31:41","modified_gmt":"2024-11-07T08:31:41","slug":"biberon-nouveau-ne-canpol-babies-anti-colique-240ml","status":"publish","type":"product","link":"https:\/\/orthopara.store\/?product=biberon-nouveau-ne-canpol-babies-anti-colique-240ml","title":{"rendered":"Biberon Nouveau n\u00e9 &#8211; Canpol Babies &#8211; anti colique &#8211; 240ml"},"content":{"rendered":"<p>Biberon Nouveau n\u00e9 &#8211; Canpol Babies &#8211; anti colique &#8211; 240ml\u00a0<br \/>\nLe biberon s&rsquo;adapte \u00e0 tous les tire-lait \u00e9lectriques pour b\u00e9b\u00e9s Canpol disponibles et au tire-lait manuel Basic . La possibilit\u00e9 de pomper directement dans le biberon facilite l&rsquo;alimentation en toute s\u00e9curit\u00e9 d&rsquo;un b\u00e9b\u00e9 avec du lait maternel fra\u00eechement tir\u00e9. Disponible en plusieurs variantes de couleurs. La bouteille peut \u00eatre d\u00e9sinfect\u00e9e et chauff\u00e9e au micro-ondes (la bouteille doit \u00eatre ouverte). La bouteille peut \u00eatre lav\u00e9e au lave-vaisselle (temp. max. 65 \u2103 ). Il est d\u00e9conseill\u00e9 de mettre la t\u00e9tine au lave-vaisselle. Les jus de fruits ou les th\u00e9s peuvent laisser des s\u00e9diments ou des d\u00e9colorations sur le biberon\/t\u00e9tine, ce qui n&rsquo;alt\u00e8re pas ses propri\u00e9t\u00e9s. La bouteille a \u00e9t\u00e9 produite dans l&rsquo;Union europ\u00e9enne. NOTE! La marque Canpol babies recommande l&rsquo;allaitement comme la forme d&rsquo;alimentation la plus saine. Elle recommande de ne commencer \u00e0 donner le lait sous une forme alternative qu&rsquo;apr\u00e8s consultation d&rsquo;un m\u00e9decin, d&rsquo;une sage-femme ou d&rsquo;un pharmacien, lorsque l&rsquo;allaitement est impossible ou insuffisant.<br \/>\nMode d&rsquo;utilisation:<br \/>\nBiberon anti-colique EasyStart. Avant la premi\u00e8re et chaque utilisation, lavez toutes les parties du produit et d\u00e9sinfectez-les. Placer 5 min dans l&rsquo;eau bouillante. Il s\u2019agit de garantir l\u2019hygi\u00e8ne. Nettoyer avant chaque utilisation. L\u2019eau bouillante et dure peut cr\u00e9er un effet calcaire. Lavez soigneusement toutes les pi\u00e8ces \u00e0 l&rsquo;eau claire, y compris les zones qui peuvent \u00eatre invisibles mais o\u00f9 des aliments sont pass\u00e9s, pour \u00e9liminer tout r\u00e9sidu alimentaire. Apr\u00e8s utilisation, retirer les restes d&rsquo;aliments du biberon et de la t\u00e9tine, rincer, laver et d\u00e9sinfecter au st\u00e9rilisateur vapeur\/\u00e9lectrique ou \u00e0 l&rsquo;eau bouillante. La bouteille peut \u00eatre lav\u00e9e au lave-vaisselle (temp. max. 65 \u2103 ). Il est d\u00e9conseill\u00e9 de mettre la t\u00e9tine au lave-vaisselle. Les produits chimiques\/d\u00e9tergents durs peuvent endommager le produit. . N&rsquo;utilisez aucun agent antibact\u00e9rien. Inspectez la t\u00e9tine avant chaque utilisation et tirez-la dans toutes les directions. Surtout quand b\u00e9b\u00e9 a des dents. Jetez-le d\u00e8s les premiers signes de dommage ou de faiblesse. Ne serrez pas l&rsquo;anneau de verrouillage du biberon, car cela pourrait perturber la ventilation de la t\u00e9tine. V\u00e9rifiez toujours s&rsquo;il y a des fuites. N\u2019agrandissez jamais les trous d\u2019\u00e9coulement de la t\u00e9tine par quelque moyen que ce soit, car cela pourrait endommager la t\u00e9tine. Faites particuli\u00e8rement attention lorsque vous chauffez au micro-ondes. Remuez toujours les aliments chauff\u00e9s pour assurer une r\u00e9partition uniforme de la temp\u00e9rature et v\u00e9rifiez la temp\u00e9rature du liquide avant de le donner \u00e0 l&rsquo;enfant. Lorsque vous r\u00e9chauffez des aliments au micro-ondes, n\u2019oubliez pas de laisser la bouteille ouverte. Ne pas placer le produit dans un four chaud ou chauffer dans une cuisini\u00e8re \u00e0 gaz\/\u00e9lectrique. Ne laissez pas une t\u00e9tine expos\u00e9e \u00e0 la lumi\u00e8re directe du soleil ou \u00e0 la chaleur, ni dans un d\u00e9sinfectant (\u00ab solution st\u00e9rilisante \u00bb) plus longtemps que recommand\u00e9, car cela pourrait affaiblir la t\u00e9tine. Il est recommand\u00e9 de remplacer une t\u00e9tine max. apr\u00e8s 2 mois d&rsquo;utilisation. Bouteille en polypropyl\u00e8ne.<\/p>\n","protected":false},"excerpt":{"rendered":"<p>Canpol Babies\u00a0<br \/>\nBiberon Nouveau n\u00e9 anti colique\u00a0<br \/>\nLe biberon anti-colique EasyStart NEWBORN BABY est l\u00e9ger, durable et transparent. Il est fabriqu\u00e9 en polypropyl\u00e8ne s\u00fbr et sans BPA. Il est \u00e9quip\u00e9 d&rsquo;une t\u00e9tine en silicone 3 mois+ qui ressemble au sein de maman. Gr\u00e2ce \u00e0 cela, il permet de combiner allaitement et biberon. Il est \u00e9quip\u00e9 d&rsquo;un syst\u00e8me anti-colique efficace.<br \/>\nCapacit\u00e9 : 240 ml<\/p>\n","protected":false},"featured_media":1435,"comment_status":"open","ping_status":"closed","template":"","meta":[],"pwb-brand":[174],"product_cat":[167],"product_tag":[],"class_list":{"0":"post-1408","1":"product","2":"type-product","3":"status-publish","4":"has-post-thumbnail","6":"pwb-brand-canpol-babies","7":"product_cat-biberons","8":"post","9":"ws-product--style-1","11":"first","12":"instock","13":"shipping-taxable","14":"purchasable","15":"product-type-simple"},"yoast_head":"<!-- This site is optimized with the Yoast SEO plugin v23.0 - https:\/\/yoast.com\/wordpress\/plugins\/seo\/ -->\n<title>Biberon Nouveau n\u00e9 - Canpol Babies - anti colique - 240ml - OrthoPara<\/title>\n<meta name=\"robots\" content=\"index, follow, max-snippet:-1, max-image-preview:large, max-video-preview:-1\" \/>\n<link rel=\"canonical\" href=\"https:\/\/orthopara.store\/index.php\/produit\/biberon-nouveau-ne-canpol-babies-anti-colique-240ml\/\" \/>\n<meta property=\"og:locale\" content=\"fr_FR\" \/>\n<meta property=\"og:type\" content=\"article\" \/>\n<meta property=\"og:title\" content=\"Biberon Nouveau n\u00e9 - Canpol Babies - anti colique - 240ml - OrthoPara\" \/>\n<meta property=\"og:description\" content=\"Canpol Babies\u00a0 Biberon Nouveau n\u00e9 anti colique\u00a0 Le biberon anti-colique EasyStart NEWBORN BABY est l\u00e9ger, durable et transparent. Il est fabriqu\u00e9 en polypropyl\u00e8ne s\u00fbr et sans BPA. Il est \u00e9quip\u00e9 d&#039;une t\u00e9tine en silicone 3 mois+ qui ressemble au sein de maman. Gr\u00e2ce \u00e0 cela, il permet de combiner allaitement et biberon. Il est \u00e9quip\u00e9 d&#039;un syst\u00e8me anti-colique efficace. Capacit\u00e9 : 240 ml\" \/>\n<meta property=\"og:url\" content=\"https:\/\/orthopara.store\/index.php\/produit\/biberon-nouveau-ne-canpol-babies-anti-colique-240ml\/\" \/>\n<meta property=\"og:site_name\" content=\"OrthoPara\" \/>\n<meta property=\"article:publisher\" content=\"https:\/\/www.facebook.com\/profile.php?id=61561194315651\" \/>\n<meta property=\"article:modified_time\" content=\"2024-11-07T08:31:41+00:00\" \/>\n<meta property=\"og:image\" content=\"https:\/\/orthopara.store\/wp-content\/uploads\/2024\/06\/biberon-nouveau-ne-canpol-babies-anti-colique-240ml.jpg\" \/>\n\t<meta property=\"og:image:width\" content=\"800\" \/>\n\t<meta property=\"og:image:height\" content=\"800\" \/>\n\t<meta property=\"og:image:type\" content=\"image\/jpeg\" \/>\n<meta name=\"twitter:card\" content=\"summary_large_image\" \/>\n<meta name=\"twitter:label1\" content=\"Dur\u00e9e de lecture estim\u00e9e\" \/>\n\t<meta name=\"twitter:data1\" content=\"3 minutes\" \/>\n<script type=\"application\/ld+json\" class=\"yoast-schema-graph\">{\"@context\":\"https:\/\/schema.org\",\"@graph\":[{\"@type\":\"WebPage\",\"@id\":\"https:\/\/orthopara.store\/index.php\/produit\/biberon-nouveau-ne-canpol-babies-anti-colique-240ml\/\",\"url\":\"https:\/\/orthopara.store\/index.php\/produit\/biberon-nouveau-ne-canpol-babies-anti-colique-240ml\/\",\"name\":\"Biberon Nouveau n\u00e9 - Canpol Babies - anti colique - 240ml - OrthoPara\",\"isPartOf\":{\"@id\":\"https:\/\/orthopara.store\/#website\"},\"primaryImageOfPage\":{\"@id\":\"https:\/\/orthopara.store\/index.php\/produit\/biberon-nouveau-ne-canpol-babies-anti-colique-240ml\/#primaryimage\"},\"image\":{\"@id\":\"https:\/\/orthopara.store\/index.php\/produit\/biberon-nouveau-ne-canpol-babies-anti-colique-240ml\/#primaryimage\"},\"thumbnailUrl\":\"https:\/\/orthopara.store\/wp-content\/uploads\/2024\/06\/biberon-nouveau-ne-canpol-babies-anti-colique-240ml.jpg\",\"datePublished\":\"2024-06-28T13:53:10+00:00\",\"dateModified\":\"2024-11-07T08:31:41+00:00\",\"breadcrumb\":{\"@id\":\"https:\/\/orthopara.store\/index.php\/produit\/biberon-nouveau-ne-canpol-babies-anti-colique-240ml\/#breadcrumb\"},\"inLanguage\":\"fr-FR\",\"potentialAction\":[{\"@type\":\"ReadAction\",\"target\":[\"https:\/\/orthopara.store\/index.php\/produit\/biberon-nouveau-ne-canpol-babies-anti-colique-240ml\/\"]}]},{\"@type\":\"ImageObject\",\"inLanguage\":\"fr-FR\",\"@id\":\"https:\/\/orthopara.store\/index.php\/produit\/biberon-nouveau-ne-canpol-babies-anti-colique-240ml\/#primaryimage\",\"url\":\"https:\/\/orthopara.store\/wp-content\/uploads\/2024\/06\/biberon-nouveau-ne-canpol-babies-anti-colique-240ml.jpg\",\"contentUrl\":\"https:\/\/orthopara.store\/wp-content\/uploads\/2024\/06\/biberon-nouveau-ne-canpol-babies-anti-colique-240ml.jpg\",\"width\":800,\"height\":800},{\"@type\":\"BreadcrumbList\",\"@id\":\"https:\/\/orthopara.store\/index.php\/produit\/biberon-nouveau-ne-canpol-babies-anti-colique-240ml\/#breadcrumb\",\"itemListElement\":[{\"@type\":\"ListItem\",\"position\":1,\"name\":\"Accueil\",\"item\":\"https:\/\/orthopara.store\/\"},{\"@type\":\"ListItem\",\"position\":2,\"name\":\"Shop\",\"item\":\"https:\/\/orthopara.store\/?page_id=622\"},{\"@type\":\"ListItem\",\"position\":3,\"name\":\"Biberon Nouveau n\u00e9 &#8211; Canpol Babies &#8211; anti colique &#8211; 240ml\"}]},{\"@type\":\"WebSite\",\"@id\":\"https:\/\/orthopara.store\/#website\",\"url\":\"https:\/\/orthopara.store\/\",\"name\":\"OrthoPara\",\"description\":\"Parapharmacie\",\"publisher\":{\"@id\":\"https:\/\/orthopara.store\/#organization\"},\"potentialAction\":[{\"@type\":\"SearchAction\",\"target\":{\"@type\":\"EntryPoint\",\"urlTemplate\":\"https:\/\/orthopara.store\/?s={search_term_string}\"},\"query-input\":\"required name=search_term_string\"}],\"inLanguage\":\"fr-FR\"},{\"@type\":\"Organization\",\"@id\":\"https:\/\/orthopara.store\/#organization\",\"name\":\"OrthoPara\",\"url\":\"https:\/\/orthopara.store\/\",\"logo\":{\"@type\":\"ImageObject\",\"inLanguage\":\"fr-FR\",\"@id\":\"https:\/\/orthopara.store\/#\/schema\/logo\/image\/\",\"url\":\"https:\/\/orthopara.store\/wp-content\/uploads\/2024\/06\/cropped-9ABA8BAD-6256-4719-9315-15C66E64E882.png\",\"contentUrl\":\"https:\/\/orthopara.store\/wp-content\/uploads\/2024\/06\/cropped-9ABA8BAD-6256-4719-9315-15C66E64E882.png\",\"width\":240,\"height\":72,\"caption\":\"OrthoPara\"},\"image\":{\"@id\":\"https:\/\/orthopara.store\/#\/schema\/logo\/image\/\"},\"sameAs\":[\"https:\/\/www.facebook.com\/profile.php?id=61561194315651\",\"https:\/\/www.instagram.com\/orthopara_tunisie\/\"]}]}<\/script>\n<!-- \/ Yoast SEO plugin. -->","yoast_head_json":{"title":"Biberon Nouveau n\u00e9 - Canpol Babies - anti colique - 240ml - OrthoPara","robots":{"index":"index","follow":"follow","max-snippet":"max-snippet:-1","max-image-preview":"max-image-preview:large","max-video-preview":"max-video-preview:-1"},"canonical":"https:\/\/orthopara.store\/index.php\/produit\/biberon-nouveau-ne-canpol-babies-anti-colique-240ml\/","og_locale":"fr_FR","og_type":"article","og_title":"Biberon Nouveau n\u00e9 - Canpol Babies - anti colique - 240ml - OrthoPara","og_description":"Canpol Babies\u00a0 Biberon Nouveau n\u00e9 anti colique\u00a0 Le biberon anti-colique EasyStart NEWBORN BABY est l\u00e9ger, durable et transparent. Il est fabriqu\u00e9 en polypropyl\u00e8ne s\u00fbr et sans BPA. Il est \u00e9quip\u00e9 d'une t\u00e9tine en silicone 3 mois+ qui ressemble au sein de maman. Gr\u00e2ce \u00e0 cela, il permet de combiner allaitement et biberon. Il est \u00e9quip\u00e9 d'un syst\u00e8me anti-colique efficace. Capacit\u00e9 : 240 ml","og_url":"https:\/\/orthopara.store\/index.php\/produit\/biberon-nouveau-ne-canpol-babies-anti-colique-240ml\/","og_site_name":"OrthoPara","article_publisher":"https:\/\/www.facebook.com\/profile.php?id=61561194315651","article_modified_time":"2024-11-07T08:31:41+00:00","og_image":[{"width":800,"height":800,"url":"https:\/\/orthopara.store\/wp-content\/uploads\/2024\/06\/biberon-nouveau-ne-canpol-babies-anti-colique-240ml.jpg","type":"image\/jpeg"}],"twitter_card":"summary_large_image","twitter_misc":{"Dur\u00e9e de lecture estim\u00e9e":"3 minutes"},"schema":{"@context":"https:\/\/schema.org","@graph":[{"@type":"WebPage","@id":"https:\/\/orthopara.store\/index.php\/produit\/biberon-nouveau-ne-canpol-babies-anti-colique-240ml\/","url":"https:\/\/orthopara.store\/index.php\/produit\/biberon-nouveau-ne-canpol-babies-anti-colique-240ml\/","name":"Biberon Nouveau n\u00e9 - Canpol Babies - anti colique - 240ml - OrthoPara","isPartOf":{"@id":"https:\/\/orthopara.store\/#website"},"primaryImageOfPage":{"@id":"https:\/\/orthopara.store\/index.php\/produit\/biberon-nouveau-ne-canpol-babies-anti-colique-240ml\/#primaryimage"},"image":{"@id":"https:\/\/orthopara.store\/index.php\/produit\/biberon-nouveau-ne-canpol-babies-anti-colique-240ml\/#primaryimage"},"thumbnailUrl":"https:\/\/orthopara.store\/wp-content\/uploads\/2024\/06\/biberon-nouveau-ne-canpol-babies-anti-colique-240ml.jpg","datePublished":"2024-06-28T13:53:10+00:00","dateModified":"2024-11-07T08:31:41+00:00","breadcrumb":{"@id":"https:\/\/orthopara.store\/index.php\/produit\/biberon-nouveau-ne-canpol-babies-anti-colique-240ml\/#breadcrumb"},"inLanguage":"fr-FR","potentialAction":[{"@type":"ReadAction","target":["https:\/\/orthopara.store\/index.php\/produit\/biberon-nouveau-ne-canpol-babies-anti-colique-240ml\/"]}]},{"@type":"ImageObject","inLanguage":"fr-FR","@id":"https:\/\/orthopara.store\/index.php\/produit\/biberon-nouveau-ne-canpol-babies-anti-colique-240ml\/#primaryimage","url":"https:\/\/orthopara.store\/wp-content\/uploads\/2024\/06\/biberon-nouveau-ne-canpol-babies-anti-colique-240ml.jpg","contentUrl":"https:\/\/orthopara.store\/wp-content\/uploads\/2024\/06\/biberon-nouveau-ne-canpol-babies-anti-colique-240ml.jpg","width":800,"height":800},{"@type":"BreadcrumbList","@id":"https:\/\/orthopara.store\/index.php\/produit\/biberon-nouveau-ne-canpol-babies-anti-colique-240ml\/#breadcrumb","itemListElement":[{"@type":"ListItem","position":1,"name":"Accueil","item":"https:\/\/orthopara.store\/"},{"@type":"ListItem","position":2,"name":"Shop","item":"https:\/\/orthopara.store\/?page_id=622"},{"@type":"ListItem","position":3,"name":"Biberon Nouveau n\u00e9 &#8211; Canpol Babies &#8211; anti colique &#8211; 240ml"}]},{"@type":"WebSite","@id":"https:\/\/orthopara.store\/#website","url":"https:\/\/orthopara.store\/","name":"OrthoPara","description":"Parapharmacie","publisher":{"@id":"https:\/\/orthopara.store\/#organization"},"potentialAction":[{"@type":"SearchAction","target":{"@type":"EntryPoint","urlTemplate":"https:\/\/orthopara.store\/?s={search_term_string}"},"query-input":"required name=search_term_string"}],"inLanguage":"fr-FR"},{"@type":"Organization","@id":"https:\/\/orthopara.store\/#organization","name":"OrthoPara","url":"https:\/\/orthopara.store\/","logo":{"@type":"ImageObject","inLanguage":"fr-FR","@id":"https:\/\/orthopara.store\/#\/schema\/logo\/image\/","url":"https:\/\/orthopara.store\/wp-content\/uploads\/2024\/06\/cropped-9ABA8BAD-6256-4719-9315-15C66E64E882.png","contentUrl":"https:\/\/orthopara.store\/wp-content\/uploads\/2024\/06\/cropped-9ABA8BAD-6256-4719-9315-15C66E64E882.png","width":240,"height":72,"caption":"OrthoPara"},"image":{"@id":"https:\/\/orthopara.store\/#\/schema\/logo\/image\/"},"sameAs":["https:\/\/www.facebook.com\/profile.php?id=61561194315651","https:\/\/www.instagram.com\/orthopara_tunisie\/"]}]}},"jetpack_sharing_enabled":true,"brands":[{"id":174,"name":"Canpol babies","slug":"canpol-babies"}],"_links":{"self":[{"href":"https:\/\/orthopara.store\/index.php?rest_route=\/wp\/v2\/product\/1408","targetHints":{"allow":["GET"]}}],"collection":[{"href":"https:\/\/orthopara.store\/index.php?rest_route=\/wp\/v2\/product"}],"about":[{"href":"https:\/\/orthopara.store\/index.php?rest_route=\/wp\/v2\/types\/product"}],"replies":[{"embeddable":true,"href":"https:\/\/orthopara.store\/index.php?rest_route=%2Fwp%2Fv2%2Fcomments&post=1408"}],"wp:featuredmedia":[{"embeddable":true,"href":"https:\/\/orthopara.store\/index.php?rest_route=\/wp\/v2\/media\/1435"}],"wp:attachment":[{"href":"https:\/\/orthopara.store\/index.php?rest_route=%2Fwp%2Fv2%2Fmedia&parent=1408"}],"wp:term":[{"taxonomy":"pwb-brand","embeddable":true,"href":"https:\/\/orthopara.store\/index.php?rest_route=%2Fwp%2Fv2%2Fpwb-brand&post=1408"},{"taxonomy":"product_cat","embeddable":true,"href":"https:\/\/orthopara.store\/index.php?rest_route=%2Fwp%2Fv2%2Fproduct_cat&post=1408"},{"taxonomy":"product_tag","embeddable":true,"href":"https:\/\/orthopara.store\/index.php?rest_route=%2Fwp%2Fv2%2Fproduct_tag&post=1408"}],"curies":[{"name":"wp","href":"https:\/\/api.w.org\/{rel}","templated":true}]}}