{"id":1441,"date":"2024-06-28T15:53:25","date_gmt":"2024-06-28T13:53:25","guid":{"rendered":"https:\/\/orthopara.store\/?post_type=product&#038;p=1441"},"modified":"2024-06-28T15:53:30","modified_gmt":"2024-06-28T13:53:30","slug":"tetine-en-silicone-large-physiologique-poco-baby-6-mois","status":"publish","type":"product","link":"https:\/\/orthopara.store\/?product=tetine-en-silicone-large-physiologique-poco-baby-6-mois","title":{"rendered":"T\u00e9tine en silicone large physiologique  &#8211; Poco Baby &#8211; 6 mois+"},"content":{"rendered":"<p>T\u00e9tine en silicone large physiologique\u00a0 &#8211; Poco Baby &#8211; 6 mois+<br \/>\n\u2013 De forme inspir\u00e9e du t\u00e9ton du sein, parfaitement adapt\u00e9e pour les nouveaux n\u00e9e, elle facilite l\u2019alternance avec l\u2019allaitement maternel<br \/>\n\u2013 De base large<br \/>\n\u2013 Dot\u00e9e d\u2019une valve anti-colique<br \/>\n\u2013 100% silicone m\u00e9dical, alimentaire<br \/>\n\u2013 Souple<br \/>\n\u2013 Sans bisph\u00e9nol A,<br \/>\n\u2013 Sans parab\u00e8ne<br \/>\n\u2013 Sans agent toxique<br \/>\n\u2013 Compatible avec les biberons \u00e0 col large<\/p>\n","protected":false},"excerpt":{"rendered":"<p>Poco baby\u00a0<br \/>\nT\u00e9tine en silicone large physiologique<br \/>\nanti-colique<br \/>\n100% silicone m\u00e9dical, alimentaire\u00a0<br \/>\n6 mois+ :\u00a0deuxi\u00e8me \u00e2ge\u00a0<\/p>\n","protected":false},"featured_media":1465,"comment_status":"open","ping_status":"closed","template":"","meta":[],"pwb-brand":[169],"product_cat":[175],"product_tag":[],"class_list":{"0":"post-1441","1":"product","2":"type-product","3":"status-publish","4":"has-post-thumbnail","6":"pwb-brand-poco-baby","7":"product_cat-tetines","8":"post","9":"ws-product--style-1","11":"first","12":"instock","13":"shipping-taxable","14":"purchasable","15":"product-type-simple"},"yoast_head":"<!-- This site is optimized with the Yoast SEO plugin v23.0 - https:\/\/yoast.com\/wordpress\/plugins\/seo\/ -->\n<title>T\u00e9tine en silicone large physiologique - Poco Baby - 6 mois+ - OrthoPara<\/title>\n<meta name=\"robots\" content=\"index, follow, max-snippet:-1, max-image-preview:large, max-video-preview:-1\" \/>\n<link rel=\"canonical\" href=\"https:\/\/orthopara.store\/index.php\/produit\/tetine-en-silicone-large-physiologique-poco-baby-6-mois\/\" \/>\n<meta property=\"og:locale\" content=\"fr_FR\" \/>\n<meta property=\"og:type\" content=\"article\" \/>\n<meta property=\"og:title\" content=\"T\u00e9tine en silicone large physiologique - Poco Baby - 6 mois+ - OrthoPara\" \/>\n<meta property=\"og:description\" content=\"Poco baby\u00a0 T\u00e9tine en silicone large physiologique anti-colique 100% silicone m\u00e9dical, alimentaire\u00a0 6 mois+ :\u00a0deuxi\u00e8me \u00e2ge\u00a0\" \/>\n<meta property=\"og:url\" content=\"https:\/\/orthopara.store\/index.php\/produit\/tetine-en-silicone-large-physiologique-poco-baby-6-mois\/\" \/>\n<meta property=\"og:site_name\" content=\"OrthoPara\" \/>\n<meta property=\"article:publisher\" content=\"https:\/\/www.facebook.com\/profile.php?id=61561194315651\" \/>\n<meta property=\"article:modified_time\" content=\"2024-06-28T13:53:30+00:00\" \/>\n<meta property=\"og:image\" content=\"https:\/\/orthopara.store\/wp-content\/uploads\/2024\/06\/tetine-en-silicone-large-physiologique-poco-baby-6-mois.jpg\" \/>\n\t<meta property=\"og:image:width\" content=\"800\" \/>\n\t<meta property=\"og:image:height\" content=\"800\" \/>\n\t<meta property=\"og:image:type\" content=\"image\/jpeg\" \/>\n<meta name=\"twitter:card\" content=\"summary_large_image\" \/>\n<script type=\"application\/ld+json\" class=\"yoast-schema-graph\">{\"@context\":\"https:\/\/schema.org\",\"@graph\":[{\"@type\":\"WebPage\",\"@id\":\"https:\/\/orthopara.store\/index.php\/produit\/tetine-en-silicone-large-physiologique-poco-baby-6-mois\/\",\"url\":\"https:\/\/orthopara.store\/index.php\/produit\/tetine-en-silicone-large-physiologique-poco-baby-6-mois\/\",\"name\":\"T\u00e9tine en silicone large physiologique - Poco Baby - 6 mois+ - OrthoPara\",\"isPartOf\":{\"@id\":\"https:\/\/orthopara.store\/#website\"},\"primaryImageOfPage\":{\"@id\":\"https:\/\/orthopara.store\/index.php\/produit\/tetine-en-silicone-large-physiologique-poco-baby-6-mois\/#primaryimage\"},\"image\":{\"@id\":\"https:\/\/orthopara.store\/index.php\/produit\/tetine-en-silicone-large-physiologique-poco-baby-6-mois\/#primaryimage\"},\"thumbnailUrl\":\"https:\/\/orthopara.store\/wp-content\/uploads\/2024\/06\/tetine-en-silicone-large-physiologique-poco-baby-6-mois.jpg\",\"datePublished\":\"2024-06-28T13:53:25+00:00\",\"dateModified\":\"2024-06-28T13:53:30+00:00\",\"breadcrumb\":{\"@id\":\"https:\/\/orthopara.store\/index.php\/produit\/tetine-en-silicone-large-physiologique-poco-baby-6-mois\/#breadcrumb\"},\"inLanguage\":\"fr-FR\",\"potentialAction\":[{\"@type\":\"ReadAction\",\"target\":[\"https:\/\/orthopara.store\/index.php\/produit\/tetine-en-silicone-large-physiologique-poco-baby-6-mois\/\"]}]},{\"@type\":\"ImageObject\",\"inLanguage\":\"fr-FR\",\"@id\":\"https:\/\/orthopara.store\/index.php\/produit\/tetine-en-silicone-large-physiologique-poco-baby-6-mois\/#primaryimage\",\"url\":\"https:\/\/orthopara.store\/wp-content\/uploads\/2024\/06\/tetine-en-silicone-large-physiologique-poco-baby-6-mois.jpg\",\"contentUrl\":\"https:\/\/orthopara.store\/wp-content\/uploads\/2024\/06\/tetine-en-silicone-large-physiologique-poco-baby-6-mois.jpg\",\"width\":800,\"height\":800},{\"@type\":\"BreadcrumbList\",\"@id\":\"https:\/\/orthopara.store\/index.php\/produit\/tetine-en-silicone-large-physiologique-poco-baby-6-mois\/#breadcrumb\",\"itemListElement\":[{\"@type\":\"ListItem\",\"position\":1,\"name\":\"Accueil\",\"item\":\"https:\/\/orthopara.store\/\"},{\"@type\":\"ListItem\",\"position\":2,\"name\":\"Shop\",\"item\":\"https:\/\/orthopara.store\/?page_id=622\"},{\"@type\":\"ListItem\",\"position\":3,\"name\":\"T\u00e9tine en silicone large physiologique &#8211; Poco Baby &#8211; 6 mois+\"}]},{\"@type\":\"WebSite\",\"@id\":\"https:\/\/orthopara.store\/#website\",\"url\":\"https:\/\/orthopara.store\/\",\"name\":\"OrthoPara\",\"description\":\"Parapharmacie\",\"publisher\":{\"@id\":\"https:\/\/orthopara.store\/#organization\"},\"potentialAction\":[{\"@type\":\"SearchAction\",\"target\":{\"@type\":\"EntryPoint\",\"urlTemplate\":\"https:\/\/orthopara.store\/?s={search_term_string}\"},\"query-input\":\"required name=search_term_string\"}],\"inLanguage\":\"fr-FR\"},{\"@type\":\"Organization\",\"@id\":\"https:\/\/orthopara.store\/#organization\",\"name\":\"OrthoPara\",\"url\":\"https:\/\/orthopara.store\/\",\"logo\":{\"@type\":\"ImageObject\",\"inLanguage\":\"fr-FR\",\"@id\":\"https:\/\/orthopara.store\/#\/schema\/logo\/image\/\",\"url\":\"https:\/\/orthopara.store\/wp-content\/uploads\/2024\/06\/cropped-9ABA8BAD-6256-4719-9315-15C66E64E882.png\",\"contentUrl\":\"https:\/\/orthopara.store\/wp-content\/uploads\/2024\/06\/cropped-9ABA8BAD-6256-4719-9315-15C66E64E882.png\",\"width\":240,\"height\":72,\"caption\":\"OrthoPara\"},\"image\":{\"@id\":\"https:\/\/orthopara.store\/#\/schema\/logo\/image\/\"},\"sameAs\":[\"https:\/\/www.facebook.com\/profile.php?id=61561194315651\",\"https:\/\/www.instagram.com\/orthopara_tunisie\/\"]}]}<\/script>\n<!-- \/ Yoast SEO plugin. -->","yoast_head_json":{"title":"T\u00e9tine en silicone large physiologique - Poco Baby - 6 mois+ - OrthoPara","robots":{"index":"index","follow":"follow","max-snippet":"max-snippet:-1","max-image-preview":"max-image-preview:large","max-video-preview":"max-video-preview:-1"},"canonical":"https:\/\/orthopara.store\/index.php\/produit\/tetine-en-silicone-large-physiologique-poco-baby-6-mois\/","og_locale":"fr_FR","og_type":"article","og_title":"T\u00e9tine en silicone large physiologique - Poco Baby - 6 mois+ - OrthoPara","og_description":"Poco baby\u00a0 T\u00e9tine en silicone large physiologique anti-colique 100% silicone m\u00e9dical, alimentaire\u00a0 6 mois+ :\u00a0deuxi\u00e8me \u00e2ge\u00a0","og_url":"https:\/\/orthopara.store\/index.php\/produit\/tetine-en-silicone-large-physiologique-poco-baby-6-mois\/","og_site_name":"OrthoPara","article_publisher":"https:\/\/www.facebook.com\/profile.php?id=61561194315651","article_modified_time":"2024-06-28T13:53:30+00:00","og_image":[{"width":800,"height":800,"url":"https:\/\/orthopara.store\/wp-content\/uploads\/2024\/06\/tetine-en-silicone-large-physiologique-poco-baby-6-mois.jpg","type":"image\/jpeg"}],"twitter_card":"summary_large_image","schema":{"@context":"https:\/\/schema.org","@graph":[{"@type":"WebPage","@id":"https:\/\/orthopara.store\/index.php\/produit\/tetine-en-silicone-large-physiologique-poco-baby-6-mois\/","url":"https:\/\/orthopara.store\/index.php\/produit\/tetine-en-silicone-large-physiologique-poco-baby-6-mois\/","name":"T\u00e9tine en silicone large physiologique - Poco Baby - 6 mois+ - OrthoPara","isPartOf":{"@id":"https:\/\/orthopara.store\/#website"},"primaryImageOfPage":{"@id":"https:\/\/orthopara.store\/index.php\/produit\/tetine-en-silicone-large-physiologique-poco-baby-6-mois\/#primaryimage"},"image":{"@id":"https:\/\/orthopara.store\/index.php\/produit\/tetine-en-silicone-large-physiologique-poco-baby-6-mois\/#primaryimage"},"thumbnailUrl":"https:\/\/orthopara.store\/wp-content\/uploads\/2024\/06\/tetine-en-silicone-large-physiologique-poco-baby-6-mois.jpg","datePublished":"2024-06-28T13:53:25+00:00","dateModified":"2024-06-28T13:53:30+00:00","breadcrumb":{"@id":"https:\/\/orthopara.store\/index.php\/produit\/tetine-en-silicone-large-physiologique-poco-baby-6-mois\/#breadcrumb"},"inLanguage":"fr-FR","potentialAction":[{"@type":"ReadAction","target":["https:\/\/orthopara.store\/index.php\/produit\/tetine-en-silicone-large-physiologique-poco-baby-6-mois\/"]}]},{"@type":"ImageObject","inLanguage":"fr-FR","@id":"https:\/\/orthopara.store\/index.php\/produit\/tetine-en-silicone-large-physiologique-poco-baby-6-mois\/#primaryimage","url":"https:\/\/orthopara.store\/wp-content\/uploads\/2024\/06\/tetine-en-silicone-large-physiologique-poco-baby-6-mois.jpg","contentUrl":"https:\/\/orthopara.store\/wp-content\/uploads\/2024\/06\/tetine-en-silicone-large-physiologique-poco-baby-6-mois.jpg","width":800,"height":800},{"@type":"BreadcrumbList","@id":"https:\/\/orthopara.store\/index.php\/produit\/tetine-en-silicone-large-physiologique-poco-baby-6-mois\/#breadcrumb","itemListElement":[{"@type":"ListItem","position":1,"name":"Accueil","item":"https:\/\/orthopara.store\/"},{"@type":"ListItem","position":2,"name":"Shop","item":"https:\/\/orthopara.store\/?page_id=622"},{"@type":"ListItem","position":3,"name":"T\u00e9tine en silicone large physiologique &#8211; Poco Baby &#8211; 6 mois+"}]},{"@type":"WebSite","@id":"https:\/\/orthopara.store\/#website","url":"https:\/\/orthopara.store\/","name":"OrthoPara","description":"Parapharmacie","publisher":{"@id":"https:\/\/orthopara.store\/#organization"},"potentialAction":[{"@type":"SearchAction","target":{"@type":"EntryPoint","urlTemplate":"https:\/\/orthopara.store\/?s={search_term_string}"},"query-input":"required name=search_term_string"}],"inLanguage":"fr-FR"},{"@type":"Organization","@id":"https:\/\/orthopara.store\/#organization","name":"OrthoPara","url":"https:\/\/orthopara.store\/","logo":{"@type":"ImageObject","inLanguage":"fr-FR","@id":"https:\/\/orthopara.store\/#\/schema\/logo\/image\/","url":"https:\/\/orthopara.store\/wp-content\/uploads\/2024\/06\/cropped-9ABA8BAD-6256-4719-9315-15C66E64E882.png","contentUrl":"https:\/\/orthopara.store\/wp-content\/uploads\/2024\/06\/cropped-9ABA8BAD-6256-4719-9315-15C66E64E882.png","width":240,"height":72,"caption":"OrthoPara"},"image":{"@id":"https:\/\/orthopara.store\/#\/schema\/logo\/image\/"},"sameAs":["https:\/\/www.facebook.com\/profile.php?id=61561194315651","https:\/\/www.instagram.com\/orthopara_tunisie\/"]}]}},"jetpack_sharing_enabled":true,"brands":[{"id":169,"name":"POCO BABY","slug":"poco-baby"}],"_links":{"self":[{"href":"https:\/\/orthopara.store\/index.php?rest_route=\/wp\/v2\/product\/1441","targetHints":{"allow":["GET"]}}],"collection":[{"href":"https:\/\/orthopara.store\/index.php?rest_route=\/wp\/v2\/product"}],"about":[{"href":"https:\/\/orthopara.store\/index.php?rest_route=\/wp\/v2\/types\/product"}],"replies":[{"embeddable":true,"href":"https:\/\/orthopara.store\/index.php?rest_route=%2Fwp%2Fv2%2Fcomments&post=1441"}],"wp:featuredmedia":[{"embeddable":true,"href":"https:\/\/orthopara.store\/index.php?rest_route=\/wp\/v2\/media\/1465"}],"wp:attachment":[{"href":"https:\/\/orthopara.store\/index.php?rest_route=%2Fwp%2Fv2%2Fmedia&parent=1441"}],"wp:term":[{"taxonomy":"pwb-brand","embeddable":true,"href":"https:\/\/orthopara.store\/index.php?rest_route=%2Fwp%2Fv2%2Fpwb-brand&post=1441"},{"taxonomy":"product_cat","embeddable":true,"href":"https:\/\/orthopara.store\/index.php?rest_route=%2Fwp%2Fv2%2Fproduct_cat&post=1441"},{"taxonomy":"product_tag","embeddable":true,"href":"https:\/\/orthopara.store\/index.php?rest_route=%2Fwp%2Fv2%2Fproduct_tag&post=1441"}],"curies":[{"name":"wp","href":"https:\/\/api.w.org\/{rel}","templated":true}]}}