{"id":1444,"date":"2024-06-28T15:53:25","date_gmt":"2024-06-28T13:53:25","guid":{"rendered":"https:\/\/orthopara.store\/?post_type=product&#038;p=1444"},"modified":"2024-11-07T10:08:30","modified_gmt":"2024-11-07T09:08:30","slug":"correcteur-de-mamelon-chicco-0m","status":"publish","type":"product","link":"https:\/\/orthopara.store\/?product=correcteur-de-mamelon-chicco-0m","title":{"rendered":"Correcteur de mamelon &#8211; Chicco &#8211; 0m+"},"content":{"rendered":"<p>Le correcteur de t\u00e9tons en verre Chicco offre un soutien positif \u00e0 la m\u00e8re pendant la p\u00e9riode difficile de l&rsquo;allaitement. Il est facile \u00e0 utiliser et stimule en douceur l&rsquo;extension des mamelons plats ou r\u00e9tract\u00e9s, permettant \u00e0 b\u00e9b\u00e9 d&rsquo;adopter une position confortable pendant l&rsquo;allaitement. Le correcteur de t\u00e9tons Chicco doit \u00eatre utilis\u00e9 imm\u00e9diatement avant allaitement L&rsquo;utilisation du Correcteur de Mamelon Chicco permet l&rsquo;extension compl\u00e8te du mamelon et peut \u00eatre utilis\u00e9 d\u00e8s les premiers jours d&rsquo;allaitement, aidant ainsi b\u00e9b\u00e9 \u00e0 t\u00e9ter plus facilement.<br \/>\nStimule naturellement les mamelons plats ou portraits.<br \/>\nDoux pour la poitrine : vous pouvez r\u00e9gler manuellement la pression gr\u00e2ce au mini-pompe souple.<br \/>\nPr\u00e9pare les mamelons \u00e0 l&rsquo;allaitement : facilite l&rsquo;allaitement.<\/p>\n","protected":false},"excerpt":{"rendered":"<p>Il est possible que certaines m\u00e8res aient un sein aplati sur la poitrine ainsi qu&rsquo;un sein enfoui. Chicco extracteur de mamelon\u00a0permet aux m\u00e8res qui allaitent de sortir plus facilement de leur poitrine tout en s&rsquo;\u00e9chappant dans le mamelon souvent observ\u00e9 chez les m\u00e8res allaitantes.<\/p>\n","protected":false},"featured_media":1468,"comment_status":"open","ping_status":"closed","template":"","meta":[],"pwb-brand":[173],"product_cat":[175],"product_tag":[],"class_list":{"0":"post-1444","1":"product","2":"type-product","3":"status-publish","4":"has-post-thumbnail","6":"pwb-brand-chicco","7":"product_cat-tetines","8":"post","9":"ws-product--style-1","11":"first","12":"instock","13":"shipping-taxable","14":"purchasable","15":"product-type-simple"},"yoast_head":"<!-- This site is optimized with the Yoast SEO plugin v23.0 - https:\/\/yoast.com\/wordpress\/plugins\/seo\/ -->\n<title>Correcteur de mamelon - Chicco - 0m+ - OrthoPara<\/title>\n<meta name=\"robots\" content=\"index, follow, max-snippet:-1, max-image-preview:large, max-video-preview:-1\" \/>\n<link rel=\"canonical\" href=\"https:\/\/orthopara.store\/index.php\/produit\/correcteur-de-mamelon-chicco-0m\/\" \/>\n<meta property=\"og:locale\" content=\"fr_FR\" \/>\n<meta property=\"og:type\" content=\"article\" \/>\n<meta property=\"og:title\" content=\"Correcteur de mamelon - Chicco - 0m+ - OrthoPara\" \/>\n<meta property=\"og:description\" content=\"Il est possible que certaines m\u00e8res aient un sein aplati sur la poitrine ainsi qu&#039;un sein enfoui. Chicco extracteur de mamelon\u00a0permet aux m\u00e8res qui allaitent de sortir plus facilement de leur poitrine tout en s&#039;\u00e9chappant dans le mamelon souvent observ\u00e9 chez les m\u00e8res allaitantes.\" \/>\n<meta property=\"og:url\" content=\"https:\/\/orthopara.store\/index.php\/produit\/correcteur-de-mamelon-chicco-0m\/\" \/>\n<meta property=\"og:site_name\" content=\"OrthoPara\" \/>\n<meta property=\"article:publisher\" content=\"https:\/\/www.facebook.com\/profile.php?id=61561194315651\" \/>\n<meta property=\"article:modified_time\" content=\"2024-11-07T09:08:30+00:00\" \/>\n<meta property=\"og:image\" content=\"https:\/\/orthopara.store\/wp-content\/uploads\/2024\/06\/correcteur-de-mamelon-chicco-0m.jpg\" \/>\n\t<meta property=\"og:image:width\" content=\"800\" \/>\n\t<meta property=\"og:image:height\" content=\"800\" \/>\n\t<meta property=\"og:image:type\" content=\"image\/jpeg\" \/>\n<meta name=\"twitter:card\" content=\"summary_large_image\" \/>\n<meta name=\"twitter:label1\" content=\"Dur\u00e9e de lecture estim\u00e9e\" \/>\n\t<meta name=\"twitter:data1\" content=\"1 minute\" \/>\n<script type=\"application\/ld+json\" class=\"yoast-schema-graph\">{\"@context\":\"https:\/\/schema.org\",\"@graph\":[{\"@type\":\"WebPage\",\"@id\":\"https:\/\/orthopara.store\/index.php\/produit\/correcteur-de-mamelon-chicco-0m\/\",\"url\":\"https:\/\/orthopara.store\/index.php\/produit\/correcteur-de-mamelon-chicco-0m\/\",\"name\":\"Correcteur de mamelon - Chicco - 0m+ - OrthoPara\",\"isPartOf\":{\"@id\":\"https:\/\/orthopara.store\/#website\"},\"primaryImageOfPage\":{\"@id\":\"https:\/\/orthopara.store\/index.php\/produit\/correcteur-de-mamelon-chicco-0m\/#primaryimage\"},\"image\":{\"@id\":\"https:\/\/orthopara.store\/index.php\/produit\/correcteur-de-mamelon-chicco-0m\/#primaryimage\"},\"thumbnailUrl\":\"https:\/\/orthopara.store\/wp-content\/uploads\/2024\/06\/correcteur-de-mamelon-chicco-0m.jpg\",\"datePublished\":\"2024-06-28T13:53:25+00:00\",\"dateModified\":\"2024-11-07T09:08:30+00:00\",\"breadcrumb\":{\"@id\":\"https:\/\/orthopara.store\/index.php\/produit\/correcteur-de-mamelon-chicco-0m\/#breadcrumb\"},\"inLanguage\":\"fr-FR\",\"potentialAction\":[{\"@type\":\"ReadAction\",\"target\":[\"https:\/\/orthopara.store\/index.php\/produit\/correcteur-de-mamelon-chicco-0m\/\"]}]},{\"@type\":\"ImageObject\",\"inLanguage\":\"fr-FR\",\"@id\":\"https:\/\/orthopara.store\/index.php\/produit\/correcteur-de-mamelon-chicco-0m\/#primaryimage\",\"url\":\"https:\/\/orthopara.store\/wp-content\/uploads\/2024\/06\/correcteur-de-mamelon-chicco-0m.jpg\",\"contentUrl\":\"https:\/\/orthopara.store\/wp-content\/uploads\/2024\/06\/correcteur-de-mamelon-chicco-0m.jpg\",\"width\":800,\"height\":800},{\"@type\":\"BreadcrumbList\",\"@id\":\"https:\/\/orthopara.store\/index.php\/produit\/correcteur-de-mamelon-chicco-0m\/#breadcrumb\",\"itemListElement\":[{\"@type\":\"ListItem\",\"position\":1,\"name\":\"Accueil\",\"item\":\"https:\/\/orthopara.store\/\"},{\"@type\":\"ListItem\",\"position\":2,\"name\":\"Shop\",\"item\":\"https:\/\/orthopara.store\/?page_id=622\"},{\"@type\":\"ListItem\",\"position\":3,\"name\":\"Correcteur de mamelon &#8211; Chicco &#8211; 0m+\"}]},{\"@type\":\"WebSite\",\"@id\":\"https:\/\/orthopara.store\/#website\",\"url\":\"https:\/\/orthopara.store\/\",\"name\":\"OrthoPara\",\"description\":\"Parapharmacie\",\"publisher\":{\"@id\":\"https:\/\/orthopara.store\/#organization\"},\"potentialAction\":[{\"@type\":\"SearchAction\",\"target\":{\"@type\":\"EntryPoint\",\"urlTemplate\":\"https:\/\/orthopara.store\/?s={search_term_string}\"},\"query-input\":\"required name=search_term_string\"}],\"inLanguage\":\"fr-FR\"},{\"@type\":\"Organization\",\"@id\":\"https:\/\/orthopara.store\/#organization\",\"name\":\"OrthoPara\",\"url\":\"https:\/\/orthopara.store\/\",\"logo\":{\"@type\":\"ImageObject\",\"inLanguage\":\"fr-FR\",\"@id\":\"https:\/\/orthopara.store\/#\/schema\/logo\/image\/\",\"url\":\"https:\/\/orthopara.store\/wp-content\/uploads\/2024\/06\/cropped-9ABA8BAD-6256-4719-9315-15C66E64E882.png\",\"contentUrl\":\"https:\/\/orthopara.store\/wp-content\/uploads\/2024\/06\/cropped-9ABA8BAD-6256-4719-9315-15C66E64E882.png\",\"width\":240,\"height\":72,\"caption\":\"OrthoPara\"},\"image\":{\"@id\":\"https:\/\/orthopara.store\/#\/schema\/logo\/image\/\"},\"sameAs\":[\"https:\/\/www.facebook.com\/profile.php?id=61561194315651\",\"https:\/\/www.instagram.com\/orthopara_tunisie\/\"]}]}<\/script>\n<!-- \/ Yoast SEO plugin. -->","yoast_head_json":{"title":"Correcteur de mamelon - Chicco - 0m+ - OrthoPara","robots":{"index":"index","follow":"follow","max-snippet":"max-snippet:-1","max-image-preview":"max-image-preview:large","max-video-preview":"max-video-preview:-1"},"canonical":"https:\/\/orthopara.store\/index.php\/produit\/correcteur-de-mamelon-chicco-0m\/","og_locale":"fr_FR","og_type":"article","og_title":"Correcteur de mamelon - Chicco - 0m+ - OrthoPara","og_description":"Il est possible que certaines m\u00e8res aient un sein aplati sur la poitrine ainsi qu'un sein enfoui. Chicco extracteur de mamelon\u00a0permet aux m\u00e8res qui allaitent de sortir plus facilement de leur poitrine tout en s'\u00e9chappant dans le mamelon souvent observ\u00e9 chez les m\u00e8res allaitantes.","og_url":"https:\/\/orthopara.store\/index.php\/produit\/correcteur-de-mamelon-chicco-0m\/","og_site_name":"OrthoPara","article_publisher":"https:\/\/www.facebook.com\/profile.php?id=61561194315651","article_modified_time":"2024-11-07T09:08:30+00:00","og_image":[{"width":800,"height":800,"url":"https:\/\/orthopara.store\/wp-content\/uploads\/2024\/06\/correcteur-de-mamelon-chicco-0m.jpg","type":"image\/jpeg"}],"twitter_card":"summary_large_image","twitter_misc":{"Dur\u00e9e de lecture estim\u00e9e":"1 minute"},"schema":{"@context":"https:\/\/schema.org","@graph":[{"@type":"WebPage","@id":"https:\/\/orthopara.store\/index.php\/produit\/correcteur-de-mamelon-chicco-0m\/","url":"https:\/\/orthopara.store\/index.php\/produit\/correcteur-de-mamelon-chicco-0m\/","name":"Correcteur de mamelon - Chicco - 0m+ - OrthoPara","isPartOf":{"@id":"https:\/\/orthopara.store\/#website"},"primaryImageOfPage":{"@id":"https:\/\/orthopara.store\/index.php\/produit\/correcteur-de-mamelon-chicco-0m\/#primaryimage"},"image":{"@id":"https:\/\/orthopara.store\/index.php\/produit\/correcteur-de-mamelon-chicco-0m\/#primaryimage"},"thumbnailUrl":"https:\/\/orthopara.store\/wp-content\/uploads\/2024\/06\/correcteur-de-mamelon-chicco-0m.jpg","datePublished":"2024-06-28T13:53:25+00:00","dateModified":"2024-11-07T09:08:30+00:00","breadcrumb":{"@id":"https:\/\/orthopara.store\/index.php\/produit\/correcteur-de-mamelon-chicco-0m\/#breadcrumb"},"inLanguage":"fr-FR","potentialAction":[{"@type":"ReadAction","target":["https:\/\/orthopara.store\/index.php\/produit\/correcteur-de-mamelon-chicco-0m\/"]}]},{"@type":"ImageObject","inLanguage":"fr-FR","@id":"https:\/\/orthopara.store\/index.php\/produit\/correcteur-de-mamelon-chicco-0m\/#primaryimage","url":"https:\/\/orthopara.store\/wp-content\/uploads\/2024\/06\/correcteur-de-mamelon-chicco-0m.jpg","contentUrl":"https:\/\/orthopara.store\/wp-content\/uploads\/2024\/06\/correcteur-de-mamelon-chicco-0m.jpg","width":800,"height":800},{"@type":"BreadcrumbList","@id":"https:\/\/orthopara.store\/index.php\/produit\/correcteur-de-mamelon-chicco-0m\/#breadcrumb","itemListElement":[{"@type":"ListItem","position":1,"name":"Accueil","item":"https:\/\/orthopara.store\/"},{"@type":"ListItem","position":2,"name":"Shop","item":"https:\/\/orthopara.store\/?page_id=622"},{"@type":"ListItem","position":3,"name":"Correcteur de mamelon &#8211; Chicco &#8211; 0m+"}]},{"@type":"WebSite","@id":"https:\/\/orthopara.store\/#website","url":"https:\/\/orthopara.store\/","name":"OrthoPara","description":"Parapharmacie","publisher":{"@id":"https:\/\/orthopara.store\/#organization"},"potentialAction":[{"@type":"SearchAction","target":{"@type":"EntryPoint","urlTemplate":"https:\/\/orthopara.store\/?s={search_term_string}"},"query-input":"required name=search_term_string"}],"inLanguage":"fr-FR"},{"@type":"Organization","@id":"https:\/\/orthopara.store\/#organization","name":"OrthoPara","url":"https:\/\/orthopara.store\/","logo":{"@type":"ImageObject","inLanguage":"fr-FR","@id":"https:\/\/orthopara.store\/#\/schema\/logo\/image\/","url":"https:\/\/orthopara.store\/wp-content\/uploads\/2024\/06\/cropped-9ABA8BAD-6256-4719-9315-15C66E64E882.png","contentUrl":"https:\/\/orthopara.store\/wp-content\/uploads\/2024\/06\/cropped-9ABA8BAD-6256-4719-9315-15C66E64E882.png","width":240,"height":72,"caption":"OrthoPara"},"image":{"@id":"https:\/\/orthopara.store\/#\/schema\/logo\/image\/"},"sameAs":["https:\/\/www.facebook.com\/profile.php?id=61561194315651","https:\/\/www.instagram.com\/orthopara_tunisie\/"]}]}},"jetpack_sharing_enabled":true,"brands":[{"id":173,"name":"Chicco","slug":"chicco"}],"_links":{"self":[{"href":"https:\/\/orthopara.store\/index.php?rest_route=\/wp\/v2\/product\/1444","targetHints":{"allow":["GET"]}}],"collection":[{"href":"https:\/\/orthopara.store\/index.php?rest_route=\/wp\/v2\/product"}],"about":[{"href":"https:\/\/orthopara.store\/index.php?rest_route=\/wp\/v2\/types\/product"}],"replies":[{"embeddable":true,"href":"https:\/\/orthopara.store\/index.php?rest_route=%2Fwp%2Fv2%2Fcomments&post=1444"}],"wp:featuredmedia":[{"embeddable":true,"href":"https:\/\/orthopara.store\/index.php?rest_route=\/wp\/v2\/media\/1468"}],"wp:attachment":[{"href":"https:\/\/orthopara.store\/index.php?rest_route=%2Fwp%2Fv2%2Fmedia&parent=1444"}],"wp:term":[{"taxonomy":"pwb-brand","embeddable":true,"href":"https:\/\/orthopara.store\/index.php?rest_route=%2Fwp%2Fv2%2Fpwb-brand&post=1444"},{"taxonomy":"product_cat","embeddable":true,"href":"https:\/\/orthopara.store\/index.php?rest_route=%2Fwp%2Fv2%2Fproduct_cat&post=1444"},{"taxonomy":"product_tag","embeddable":true,"href":"https:\/\/orthopara.store\/index.php?rest_route=%2Fwp%2Fv2%2Fproduct_tag&post=1444"}],"curies":[{"name":"wp","href":"https:\/\/api.w.org\/{rel}","templated":true}]}}