{"id":1445,"date":"2024-06-28T15:53:25","date_gmt":"2024-06-28T13:53:25","guid":{"rendered":"https:\/\/orthopara.store\/?post_type=product&#038;p=1445"},"modified":"2024-11-04T17:21:48","modified_gmt":"2024-11-04T16:21:48","slug":"attache-sucette-avec-ruban-canpol-babies-royal-baby-0m","status":"publish","type":"product","link":"https:\/\/orthopara.store\/?product=attache-sucette-avec-ruban-canpol-babies-royal-baby-0m","title":{"rendered":"Attache sucette avec ruban &#8211; Canpol Babies \u00ab\u00a0Royal Baby\u00a0\u00bb &#8211; 0m+"},"content":{"rendered":"<p>Attache sucette avec ruban &#8211; Canpol Babies &lsquo;\u00a0\u00bbRoyal Baby\u00a0\u00bb &#8211; 0m+<br \/>\nL&rsquo;attache-sucette avec ruban de la collection \u00ab\u00a0Royal Baby\u00a0\u00bb est un gadget pratique qui emp\u00eachera la sucette pr\u00e9f\u00e9r\u00e9e de votre b\u00e9b\u00e9 de tomber, de se salir ou de se perdre. La ficelle universelle \u00e0 l&rsquo;extr\u00e9mit\u00e9 du ruban vous permet de l&rsquo;attacher \u00e0 n&rsquo;importe quelle sucette avec une poign\u00e9e, et le clip s\u00e9curis\u00e9 \u00e0 l&rsquo;autre extr\u00e9mit\u00e9 vous permet d&rsquo;attacher le ruban aux v\u00eatements de votre b\u00e9b\u00e9. Convient aussi bien \u00e0 la maison qu&rsquo;en promenade. Le ruban est disponible dans les couleurs gar\u00e7on et fille, vous pouvez donc facilement cr\u00e9er un ensemble styl\u00e9 avec le reste de la collection \u00ab\u00a0Royal Baby\u00a0\u00bb : sucette et biberon.<br \/>\nCaract\u00e9ristiques :<br \/>\nRuban universel &#8211; s&rsquo;adapte \u00e0 toutes les sucettes avec une poign\u00e9e.<br \/>\nClip de s\u00e9curit\u00e9 &#8211; permet d&rsquo;attacher le ruban aux v\u00eatements de b\u00e9b\u00e9.<br \/>\nEmp\u00eache la sucette de votre b\u00e9b\u00e9 de tomber, de se salir ou de se perdre.<br \/>\ninformation additionnelle :\u00a0<br \/>\nLe produit est disponible en plusieurs variantes de couleur. Le paquet contient 1 pi\u00e8ce.<br \/>\nAttention! Le produit n&rsquo;est pas un jouet. Pour des raisons de s\u00e9curit\u00e9, gardez-le hors de port\u00e9e des enfants lorsqu&rsquo;il n&rsquo;est pas utilis\u00e9. En cas de premiers signes d&rsquo;usure ou de d\u00e9t\u00e9rioration, le produit doit \u00eatre jet\u00e9.<br \/>\nN&rsquo;oubliez pas de ne pas \u00e9tendre le produit pour fixer la sucette.<br \/>\nConseils d&rsquo;utilisation :<br \/>\nGardez le produit propre. Lavage \u00e0 la main \u00e0 30\u00b0C avec du savon pour b\u00e9b\u00e9. Essuyez avec un chiffon humide. Ne pas faire bouillir. Ne pas \u00e9bouillanter. \u00c9vitez les outils rugueux et rugueux. Stocker le produit dans un endroit propre. Clipsez le ruban adh\u00e9sif uniquement sur les v\u00eatements de l&rsquo;enfant. Pour la s\u00e9curit\u00e9 de votre enfant.<br \/>\nAvertissement! V\u00e9rifiez soigneusement le produit avant chaque utilisation. Jetez-le d\u00e8s l&rsquo;apparition des premiers signes de d\u00e9t\u00e9rioration ou d&rsquo;usure. Ne rallongez jamais le produit pour fixer la sucette ! Ne l&rsquo;attachez jamais \u00e0 des cordons, des rubans, de la dentelle ou des parties amples de v\u00eatements. L&rsquo;enfant peut suffoquer. Ne pas utiliser si votre enfant est dans un lit ou un berceau ou s&rsquo;il n&rsquo;est pas supervis\u00e9 par un adulte. Remarque : Le produit n&rsquo;est pas un jouet. Ne l&rsquo;utilisez pas comme jouet ou anneau de dentition. Gardez le produit hors de port\u00e9e des enfants.\u00a0<\/p>\n","protected":false},"excerpt":{"rendered":"<p>Canpol Babies &lsquo;\u00a0\u00bbRoyal Baby\u00a0\u00bb<br \/>\nAttache sucette avec ruban<br \/>\nConvient \u00e0 toutes les sucettes<br \/>\nProt\u00e8ge votre sucette pr\u00e9f\u00e9r\u00e9e des chutes, de la salet\u00e9 ou de la perte<br \/>\nPermet d&rsquo;attacher une cha\u00eene aux v\u00eatements de votre enfant<br \/>\nSans BPA<br \/>\n\u00c2ge sugg\u00e9r\u00e9 0m+<\/p>\n","protected":false},"featured_media":1469,"comment_status":"open","ping_status":"closed","template":"","meta":[],"pwb-brand":[174],"product_cat":[175],"product_tag":[],"class_list":{"0":"post-1445","1":"product","2":"type-product","3":"status-publish","4":"has-post-thumbnail","6":"pwb-brand-canpol-babies","7":"product_cat-tetines","8":"post","9":"ws-product--style-1","11":"first","12":"instock","13":"shipping-taxable","14":"purchasable","15":"product-type-simple"},"yoast_head":"<!-- This site is optimized with the Yoast SEO plugin v23.0 - https:\/\/yoast.com\/wordpress\/plugins\/seo\/ -->\n<title>Attache sucette avec ruban - Canpol Babies &quot;Royal Baby&quot; - 0m+ - OrthoPara<\/title>\n<meta name=\"robots\" content=\"index, follow, max-snippet:-1, max-image-preview:large, max-video-preview:-1\" \/>\n<link rel=\"canonical\" href=\"https:\/\/orthopara.store\/index.php\/produit\/attache-sucette-avec-ruban-canpol-babies-royal-baby-0m\/\" \/>\n<meta property=\"og:locale\" content=\"fr_FR\" \/>\n<meta property=\"og:type\" content=\"article\" \/>\n<meta property=\"og:title\" content=\"Attache sucette avec ruban - Canpol Babies &quot;Royal Baby&quot; - 0m+ - OrthoPara\" \/>\n<meta property=\"og:description\" content=\"Canpol Babies &#039;&quot;Royal Baby&quot; Attache sucette avec ruban Convient \u00e0 toutes les sucettes Prot\u00e8ge votre sucette pr\u00e9f\u00e9r\u00e9e des chutes, de la salet\u00e9 ou de la perte Permet d&#039;attacher une cha\u00eene aux v\u00eatements de votre enfant Sans BPA \u00c2ge sugg\u00e9r\u00e9 0m+\" \/>\n<meta property=\"og:url\" content=\"https:\/\/orthopara.store\/index.php\/produit\/attache-sucette-avec-ruban-canpol-babies-royal-baby-0m\/\" \/>\n<meta property=\"og:site_name\" content=\"OrthoPara\" \/>\n<meta property=\"article:publisher\" content=\"https:\/\/www.facebook.com\/profile.php?id=61561194315651\" \/>\n<meta property=\"article:modified_time\" content=\"2024-11-04T16:21:48+00:00\" \/>\n<meta property=\"og:image\" content=\"https:\/\/orthopara.store\/wp-content\/uploads\/2024\/06\/attache-sucette-avec-ruban-canpol-babies-royal-baby-0m.jpg\" \/>\n\t<meta property=\"og:image:width\" content=\"800\" \/>\n\t<meta property=\"og:image:height\" content=\"800\" \/>\n\t<meta property=\"og:image:type\" content=\"image\/jpeg\" \/>\n<meta name=\"twitter:card\" content=\"summary_large_image\" \/>\n<meta name=\"twitter:label1\" content=\"Dur\u00e9e de lecture estim\u00e9e\" \/>\n\t<meta name=\"twitter:data1\" content=\"2 minutes\" \/>\n<script type=\"application\/ld+json\" class=\"yoast-schema-graph\">{\"@context\":\"https:\/\/schema.org\",\"@graph\":[{\"@type\":\"WebPage\",\"@id\":\"https:\/\/orthopara.store\/index.php\/produit\/attache-sucette-avec-ruban-canpol-babies-royal-baby-0m\/\",\"url\":\"https:\/\/orthopara.store\/index.php\/produit\/attache-sucette-avec-ruban-canpol-babies-royal-baby-0m\/\",\"name\":\"Attache sucette avec ruban - Canpol Babies \\\"Royal Baby\\\" - 0m+ - OrthoPara\",\"isPartOf\":{\"@id\":\"https:\/\/orthopara.store\/#website\"},\"primaryImageOfPage\":{\"@id\":\"https:\/\/orthopara.store\/index.php\/produit\/attache-sucette-avec-ruban-canpol-babies-royal-baby-0m\/#primaryimage\"},\"image\":{\"@id\":\"https:\/\/orthopara.store\/index.php\/produit\/attache-sucette-avec-ruban-canpol-babies-royal-baby-0m\/#primaryimage\"},\"thumbnailUrl\":\"https:\/\/orthopara.store\/wp-content\/uploads\/2024\/06\/attache-sucette-avec-ruban-canpol-babies-royal-baby-0m.jpg\",\"datePublished\":\"2024-06-28T13:53:25+00:00\",\"dateModified\":\"2024-11-04T16:21:48+00:00\",\"breadcrumb\":{\"@id\":\"https:\/\/orthopara.store\/index.php\/produit\/attache-sucette-avec-ruban-canpol-babies-royal-baby-0m\/#breadcrumb\"},\"inLanguage\":\"fr-FR\",\"potentialAction\":[{\"@type\":\"ReadAction\",\"target\":[\"https:\/\/orthopara.store\/index.php\/produit\/attache-sucette-avec-ruban-canpol-babies-royal-baby-0m\/\"]}]},{\"@type\":\"ImageObject\",\"inLanguage\":\"fr-FR\",\"@id\":\"https:\/\/orthopara.store\/index.php\/produit\/attache-sucette-avec-ruban-canpol-babies-royal-baby-0m\/#primaryimage\",\"url\":\"https:\/\/orthopara.store\/wp-content\/uploads\/2024\/06\/attache-sucette-avec-ruban-canpol-babies-royal-baby-0m.jpg\",\"contentUrl\":\"https:\/\/orthopara.store\/wp-content\/uploads\/2024\/06\/attache-sucette-avec-ruban-canpol-babies-royal-baby-0m.jpg\",\"width\":800,\"height\":800},{\"@type\":\"BreadcrumbList\",\"@id\":\"https:\/\/orthopara.store\/index.php\/produit\/attache-sucette-avec-ruban-canpol-babies-royal-baby-0m\/#breadcrumb\",\"itemListElement\":[{\"@type\":\"ListItem\",\"position\":1,\"name\":\"Accueil\",\"item\":\"https:\/\/orthopara.store\/\"},{\"@type\":\"ListItem\",\"position\":2,\"name\":\"Shop\",\"item\":\"https:\/\/orthopara.store\/?page_id=622\"},{\"@type\":\"ListItem\",\"position\":3,\"name\":\"Attache sucette avec ruban &#8211; Canpol Babies \u00ab\u00a0Royal Baby\u00a0\u00bb &#8211; 0m+\"}]},{\"@type\":\"WebSite\",\"@id\":\"https:\/\/orthopara.store\/#website\",\"url\":\"https:\/\/orthopara.store\/\",\"name\":\"OrthoPara\",\"description\":\"Parapharmacie\",\"publisher\":{\"@id\":\"https:\/\/orthopara.store\/#organization\"},\"potentialAction\":[{\"@type\":\"SearchAction\",\"target\":{\"@type\":\"EntryPoint\",\"urlTemplate\":\"https:\/\/orthopara.store\/?s={search_term_string}\"},\"query-input\":\"required name=search_term_string\"}],\"inLanguage\":\"fr-FR\"},{\"@type\":\"Organization\",\"@id\":\"https:\/\/orthopara.store\/#organization\",\"name\":\"OrthoPara\",\"url\":\"https:\/\/orthopara.store\/\",\"logo\":{\"@type\":\"ImageObject\",\"inLanguage\":\"fr-FR\",\"@id\":\"https:\/\/orthopara.store\/#\/schema\/logo\/image\/\",\"url\":\"https:\/\/orthopara.store\/wp-content\/uploads\/2024\/06\/cropped-9ABA8BAD-6256-4719-9315-15C66E64E882.png\",\"contentUrl\":\"https:\/\/orthopara.store\/wp-content\/uploads\/2024\/06\/cropped-9ABA8BAD-6256-4719-9315-15C66E64E882.png\",\"width\":240,\"height\":72,\"caption\":\"OrthoPara\"},\"image\":{\"@id\":\"https:\/\/orthopara.store\/#\/schema\/logo\/image\/\"},\"sameAs\":[\"https:\/\/www.facebook.com\/profile.php?id=61561194315651\",\"https:\/\/www.instagram.com\/orthopara_tunisie\/\"]}]}<\/script>\n<!-- \/ Yoast SEO plugin. -->","yoast_head_json":{"title":"Attache sucette avec ruban - Canpol Babies \"Royal Baby\" - 0m+ - OrthoPara","robots":{"index":"index","follow":"follow","max-snippet":"max-snippet:-1","max-image-preview":"max-image-preview:large","max-video-preview":"max-video-preview:-1"},"canonical":"https:\/\/orthopara.store\/index.php\/produit\/attache-sucette-avec-ruban-canpol-babies-royal-baby-0m\/","og_locale":"fr_FR","og_type":"article","og_title":"Attache sucette avec ruban - Canpol Babies \"Royal Baby\" - 0m+ - OrthoPara","og_description":"Canpol Babies '\"Royal Baby\" Attache sucette avec ruban Convient \u00e0 toutes les sucettes Prot\u00e8ge votre sucette pr\u00e9f\u00e9r\u00e9e des chutes, de la salet\u00e9 ou de la perte Permet d'attacher une cha\u00eene aux v\u00eatements de votre enfant Sans BPA \u00c2ge sugg\u00e9r\u00e9 0m+","og_url":"https:\/\/orthopara.store\/index.php\/produit\/attache-sucette-avec-ruban-canpol-babies-royal-baby-0m\/","og_site_name":"OrthoPara","article_publisher":"https:\/\/www.facebook.com\/profile.php?id=61561194315651","article_modified_time":"2024-11-04T16:21:48+00:00","og_image":[{"width":800,"height":800,"url":"https:\/\/orthopara.store\/wp-content\/uploads\/2024\/06\/attache-sucette-avec-ruban-canpol-babies-royal-baby-0m.jpg","type":"image\/jpeg"}],"twitter_card":"summary_large_image","twitter_misc":{"Dur\u00e9e de lecture estim\u00e9e":"2 minutes"},"schema":{"@context":"https:\/\/schema.org","@graph":[{"@type":"WebPage","@id":"https:\/\/orthopara.store\/index.php\/produit\/attache-sucette-avec-ruban-canpol-babies-royal-baby-0m\/","url":"https:\/\/orthopara.store\/index.php\/produit\/attache-sucette-avec-ruban-canpol-babies-royal-baby-0m\/","name":"Attache sucette avec ruban - Canpol Babies \"Royal Baby\" - 0m+ - OrthoPara","isPartOf":{"@id":"https:\/\/orthopara.store\/#website"},"primaryImageOfPage":{"@id":"https:\/\/orthopara.store\/index.php\/produit\/attache-sucette-avec-ruban-canpol-babies-royal-baby-0m\/#primaryimage"},"image":{"@id":"https:\/\/orthopara.store\/index.php\/produit\/attache-sucette-avec-ruban-canpol-babies-royal-baby-0m\/#primaryimage"},"thumbnailUrl":"https:\/\/orthopara.store\/wp-content\/uploads\/2024\/06\/attache-sucette-avec-ruban-canpol-babies-royal-baby-0m.jpg","datePublished":"2024-06-28T13:53:25+00:00","dateModified":"2024-11-04T16:21:48+00:00","breadcrumb":{"@id":"https:\/\/orthopara.store\/index.php\/produit\/attache-sucette-avec-ruban-canpol-babies-royal-baby-0m\/#breadcrumb"},"inLanguage":"fr-FR","potentialAction":[{"@type":"ReadAction","target":["https:\/\/orthopara.store\/index.php\/produit\/attache-sucette-avec-ruban-canpol-babies-royal-baby-0m\/"]}]},{"@type":"ImageObject","inLanguage":"fr-FR","@id":"https:\/\/orthopara.store\/index.php\/produit\/attache-sucette-avec-ruban-canpol-babies-royal-baby-0m\/#primaryimage","url":"https:\/\/orthopara.store\/wp-content\/uploads\/2024\/06\/attache-sucette-avec-ruban-canpol-babies-royal-baby-0m.jpg","contentUrl":"https:\/\/orthopara.store\/wp-content\/uploads\/2024\/06\/attache-sucette-avec-ruban-canpol-babies-royal-baby-0m.jpg","width":800,"height":800},{"@type":"BreadcrumbList","@id":"https:\/\/orthopara.store\/index.php\/produit\/attache-sucette-avec-ruban-canpol-babies-royal-baby-0m\/#breadcrumb","itemListElement":[{"@type":"ListItem","position":1,"name":"Accueil","item":"https:\/\/orthopara.store\/"},{"@type":"ListItem","position":2,"name":"Shop","item":"https:\/\/orthopara.store\/?page_id=622"},{"@type":"ListItem","position":3,"name":"Attache sucette avec ruban &#8211; Canpol Babies \u00ab\u00a0Royal Baby\u00a0\u00bb &#8211; 0m+"}]},{"@type":"WebSite","@id":"https:\/\/orthopara.store\/#website","url":"https:\/\/orthopara.store\/","name":"OrthoPara","description":"Parapharmacie","publisher":{"@id":"https:\/\/orthopara.store\/#organization"},"potentialAction":[{"@type":"SearchAction","target":{"@type":"EntryPoint","urlTemplate":"https:\/\/orthopara.store\/?s={search_term_string}"},"query-input":"required name=search_term_string"}],"inLanguage":"fr-FR"},{"@type":"Organization","@id":"https:\/\/orthopara.store\/#organization","name":"OrthoPara","url":"https:\/\/orthopara.store\/","logo":{"@type":"ImageObject","inLanguage":"fr-FR","@id":"https:\/\/orthopara.store\/#\/schema\/logo\/image\/","url":"https:\/\/orthopara.store\/wp-content\/uploads\/2024\/06\/cropped-9ABA8BAD-6256-4719-9315-15C66E64E882.png","contentUrl":"https:\/\/orthopara.store\/wp-content\/uploads\/2024\/06\/cropped-9ABA8BAD-6256-4719-9315-15C66E64E882.png","width":240,"height":72,"caption":"OrthoPara"},"image":{"@id":"https:\/\/orthopara.store\/#\/schema\/logo\/image\/"},"sameAs":["https:\/\/www.facebook.com\/profile.php?id=61561194315651","https:\/\/www.instagram.com\/orthopara_tunisie\/"]}]}},"jetpack_sharing_enabled":true,"brands":[{"id":174,"name":"Canpol babies","slug":"canpol-babies"}],"_links":{"self":[{"href":"https:\/\/orthopara.store\/index.php?rest_route=\/wp\/v2\/product\/1445","targetHints":{"allow":["GET"]}}],"collection":[{"href":"https:\/\/orthopara.store\/index.php?rest_route=\/wp\/v2\/product"}],"about":[{"href":"https:\/\/orthopara.store\/index.php?rest_route=\/wp\/v2\/types\/product"}],"replies":[{"embeddable":true,"href":"https:\/\/orthopara.store\/index.php?rest_route=%2Fwp%2Fv2%2Fcomments&post=1445"}],"wp:featuredmedia":[{"embeddable":true,"href":"https:\/\/orthopara.store\/index.php?rest_route=\/wp\/v2\/media\/1469"}],"wp:attachment":[{"href":"https:\/\/orthopara.store\/index.php?rest_route=%2Fwp%2Fv2%2Fmedia&parent=1445"}],"wp:term":[{"taxonomy":"pwb-brand","embeddable":true,"href":"https:\/\/orthopara.store\/index.php?rest_route=%2Fwp%2Fv2%2Fpwb-brand&post=1445"},{"taxonomy":"product_cat","embeddable":true,"href":"https:\/\/orthopara.store\/index.php?rest_route=%2Fwp%2Fv2%2Fproduct_cat&post=1445"},{"taxonomy":"product_tag","embeddable":true,"href":"https:\/\/orthopara.store\/index.php?rest_route=%2Fwp%2Fv2%2Fproduct_tag&post=1445"}],"curies":[{"name":"wp","href":"https:\/\/api.w.org\/{rel}","templated":true}]}}