{"id":1447,"date":"2024-06-28T15:53:26","date_gmt":"2024-06-28T13:53:26","guid":{"rendered":"https:\/\/orthopara.store\/?post_type=product&#038;p=1447"},"modified":"2024-06-28T15:53:33","modified_gmt":"2024-06-28T13:53:33","slug":"tetine-physio-teat-anti-colic-silicone-chicoo-4m","status":"publish","type":"product","link":"https:\/\/orthopara.store\/?product=tetine-physio-teat-anti-colic-silicone-chicoo-4m","title":{"rendered":"T\u00e9tine Physio Teat Anti Colic Silicone  &#8211; Chicoo &#8211; 4M+"},"content":{"rendered":"<p>La t\u00e9tine Chicco avec valve anti-colique est l\u2019aide id\u00e9ale, qui peut donner \u00e0 la m\u00e8re qui allaite plus de confort pendant l\u2019allaitement.<br \/>\nS\u2019applique \u00e0 la plupart des biberons.<br \/>\nLa t\u00e9tine est extr\u00eamement douce et la nourriture coule.<\/p>\n","protected":false},"excerpt":{"rendered":"<p>T\u00e9tine Physio Teat Anti Colic Silicone\u00a0 4M+<br \/>\nEffet anti-colique confirm\u00e9 &#8211; T\u00e9tine physiologique<br \/>\nAge recommand\u00e9 : \u00e0 partir de 4 mois<\/p>\n","protected":false},"featured_media":1471,"comment_status":"open","ping_status":"closed","template":"","meta":[],"pwb-brand":[173],"product_cat":[175],"product_tag":[],"class_list":{"0":"post-1447","1":"product","2":"type-product","3":"status-publish","4":"has-post-thumbnail","6":"pwb-brand-chicco","7":"product_cat-tetines","8":"post","9":"ws-product--style-1","11":"first","12":"instock","13":"shipping-taxable","14":"purchasable","15":"product-type-simple"},"yoast_head":"<!-- This site is optimized with the Yoast SEO plugin v23.0 - https:\/\/yoast.com\/wordpress\/plugins\/seo\/ -->\n<title>T\u00e9tine Physio Teat Anti Colic Silicone - Chicoo - 4M+ - OrthoPara<\/title>\n<meta name=\"robots\" content=\"index, follow, max-snippet:-1, max-image-preview:large, max-video-preview:-1\" \/>\n<link rel=\"canonical\" href=\"https:\/\/orthopara.store\/index.php\/produit\/tetine-physio-teat-anti-colic-silicone-chicoo-4m\/\" \/>\n<meta property=\"og:locale\" content=\"fr_FR\" \/>\n<meta property=\"og:type\" content=\"article\" \/>\n<meta property=\"og:title\" content=\"T\u00e9tine Physio Teat Anti Colic Silicone - Chicoo - 4M+ - OrthoPara\" \/>\n<meta property=\"og:description\" content=\"T\u00e9tine Physio Teat Anti Colic Silicone\u00a0 4M+ Effet anti-colique confirm\u00e9 - T\u00e9tine physiologique Age recommand\u00e9 : \u00e0 partir de 4 mois\" \/>\n<meta property=\"og:url\" content=\"https:\/\/orthopara.store\/index.php\/produit\/tetine-physio-teat-anti-colic-silicone-chicoo-4m\/\" \/>\n<meta property=\"og:site_name\" content=\"OrthoPara\" \/>\n<meta property=\"article:publisher\" content=\"https:\/\/www.facebook.com\/profile.php?id=61561194315651\" \/>\n<meta property=\"article:modified_time\" content=\"2024-06-28T13:53:33+00:00\" \/>\n<meta property=\"og:image\" content=\"https:\/\/orthopara.store\/wp-content\/uploads\/2024\/06\/chicco-tetine-physio-teat-anti-colic-silicone-4m.jpg\" \/>\n\t<meta property=\"og:image:width\" content=\"800\" \/>\n\t<meta property=\"og:image:height\" content=\"800\" \/>\n\t<meta property=\"og:image:type\" content=\"image\/jpeg\" \/>\n<meta name=\"twitter:card\" content=\"summary_large_image\" \/>\n<script type=\"application\/ld+json\" class=\"yoast-schema-graph\">{\"@context\":\"https:\/\/schema.org\",\"@graph\":[{\"@type\":\"WebPage\",\"@id\":\"https:\/\/orthopara.store\/index.php\/produit\/tetine-physio-teat-anti-colic-silicone-chicoo-4m\/\",\"url\":\"https:\/\/orthopara.store\/index.php\/produit\/tetine-physio-teat-anti-colic-silicone-chicoo-4m\/\",\"name\":\"T\u00e9tine Physio Teat Anti Colic Silicone - Chicoo - 4M+ - OrthoPara\",\"isPartOf\":{\"@id\":\"https:\/\/orthopara.store\/#website\"},\"primaryImageOfPage\":{\"@id\":\"https:\/\/orthopara.store\/index.php\/produit\/tetine-physio-teat-anti-colic-silicone-chicoo-4m\/#primaryimage\"},\"image\":{\"@id\":\"https:\/\/orthopara.store\/index.php\/produit\/tetine-physio-teat-anti-colic-silicone-chicoo-4m\/#primaryimage\"},\"thumbnailUrl\":\"https:\/\/orthopara.store\/wp-content\/uploads\/2024\/06\/chicco-tetine-physio-teat-anti-colic-silicone-4m.jpg\",\"datePublished\":\"2024-06-28T13:53:26+00:00\",\"dateModified\":\"2024-06-28T13:53:33+00:00\",\"breadcrumb\":{\"@id\":\"https:\/\/orthopara.store\/index.php\/produit\/tetine-physio-teat-anti-colic-silicone-chicoo-4m\/#breadcrumb\"},\"inLanguage\":\"fr-FR\",\"potentialAction\":[{\"@type\":\"ReadAction\",\"target\":[\"https:\/\/orthopara.store\/index.php\/produit\/tetine-physio-teat-anti-colic-silicone-chicoo-4m\/\"]}]},{\"@type\":\"ImageObject\",\"inLanguage\":\"fr-FR\",\"@id\":\"https:\/\/orthopara.store\/index.php\/produit\/tetine-physio-teat-anti-colic-silicone-chicoo-4m\/#primaryimage\",\"url\":\"https:\/\/orthopara.store\/wp-content\/uploads\/2024\/06\/chicco-tetine-physio-teat-anti-colic-silicone-4m.jpg\",\"contentUrl\":\"https:\/\/orthopara.store\/wp-content\/uploads\/2024\/06\/chicco-tetine-physio-teat-anti-colic-silicone-4m.jpg\",\"width\":800,\"height\":800},{\"@type\":\"BreadcrumbList\",\"@id\":\"https:\/\/orthopara.store\/index.php\/produit\/tetine-physio-teat-anti-colic-silicone-chicoo-4m\/#breadcrumb\",\"itemListElement\":[{\"@type\":\"ListItem\",\"position\":1,\"name\":\"Accueil\",\"item\":\"https:\/\/orthopara.store\/\"},{\"@type\":\"ListItem\",\"position\":2,\"name\":\"Shop\",\"item\":\"https:\/\/orthopara.store\/?page_id=622\"},{\"@type\":\"ListItem\",\"position\":3,\"name\":\"T\u00e9tine Physio Teat Anti Colic Silicone &#8211; Chicoo &#8211; 4M+\"}]},{\"@type\":\"WebSite\",\"@id\":\"https:\/\/orthopara.store\/#website\",\"url\":\"https:\/\/orthopara.store\/\",\"name\":\"OrthoPara\",\"description\":\"Parapharmacie\",\"publisher\":{\"@id\":\"https:\/\/orthopara.store\/#organization\"},\"potentialAction\":[{\"@type\":\"SearchAction\",\"target\":{\"@type\":\"EntryPoint\",\"urlTemplate\":\"https:\/\/orthopara.store\/?s={search_term_string}\"},\"query-input\":\"required name=search_term_string\"}],\"inLanguage\":\"fr-FR\"},{\"@type\":\"Organization\",\"@id\":\"https:\/\/orthopara.store\/#organization\",\"name\":\"OrthoPara\",\"url\":\"https:\/\/orthopara.store\/\",\"logo\":{\"@type\":\"ImageObject\",\"inLanguage\":\"fr-FR\",\"@id\":\"https:\/\/orthopara.store\/#\/schema\/logo\/image\/\",\"url\":\"https:\/\/orthopara.store\/wp-content\/uploads\/2024\/06\/cropped-9ABA8BAD-6256-4719-9315-15C66E64E882.png\",\"contentUrl\":\"https:\/\/orthopara.store\/wp-content\/uploads\/2024\/06\/cropped-9ABA8BAD-6256-4719-9315-15C66E64E882.png\",\"width\":240,\"height\":72,\"caption\":\"OrthoPara\"},\"image\":{\"@id\":\"https:\/\/orthopara.store\/#\/schema\/logo\/image\/\"},\"sameAs\":[\"https:\/\/www.facebook.com\/profile.php?id=61561194315651\",\"https:\/\/www.instagram.com\/orthopara_tunisie\/\"]}]}<\/script>\n<!-- \/ Yoast SEO plugin. -->","yoast_head_json":{"title":"T\u00e9tine Physio Teat Anti Colic Silicone - Chicoo - 4M+ - OrthoPara","robots":{"index":"index","follow":"follow","max-snippet":"max-snippet:-1","max-image-preview":"max-image-preview:large","max-video-preview":"max-video-preview:-1"},"canonical":"https:\/\/orthopara.store\/index.php\/produit\/tetine-physio-teat-anti-colic-silicone-chicoo-4m\/","og_locale":"fr_FR","og_type":"article","og_title":"T\u00e9tine Physio Teat Anti Colic Silicone - Chicoo - 4M+ - OrthoPara","og_description":"T\u00e9tine Physio Teat Anti Colic Silicone\u00a0 4M+ Effet anti-colique confirm\u00e9 - T\u00e9tine physiologique Age recommand\u00e9 : \u00e0 partir de 4 mois","og_url":"https:\/\/orthopara.store\/index.php\/produit\/tetine-physio-teat-anti-colic-silicone-chicoo-4m\/","og_site_name":"OrthoPara","article_publisher":"https:\/\/www.facebook.com\/profile.php?id=61561194315651","article_modified_time":"2024-06-28T13:53:33+00:00","og_image":[{"width":800,"height":800,"url":"https:\/\/orthopara.store\/wp-content\/uploads\/2024\/06\/chicco-tetine-physio-teat-anti-colic-silicone-4m.jpg","type":"image\/jpeg"}],"twitter_card":"summary_large_image","schema":{"@context":"https:\/\/schema.org","@graph":[{"@type":"WebPage","@id":"https:\/\/orthopara.store\/index.php\/produit\/tetine-physio-teat-anti-colic-silicone-chicoo-4m\/","url":"https:\/\/orthopara.store\/index.php\/produit\/tetine-physio-teat-anti-colic-silicone-chicoo-4m\/","name":"T\u00e9tine Physio Teat Anti Colic Silicone - Chicoo - 4M+ - OrthoPara","isPartOf":{"@id":"https:\/\/orthopara.store\/#website"},"primaryImageOfPage":{"@id":"https:\/\/orthopara.store\/index.php\/produit\/tetine-physio-teat-anti-colic-silicone-chicoo-4m\/#primaryimage"},"image":{"@id":"https:\/\/orthopara.store\/index.php\/produit\/tetine-physio-teat-anti-colic-silicone-chicoo-4m\/#primaryimage"},"thumbnailUrl":"https:\/\/orthopara.store\/wp-content\/uploads\/2024\/06\/chicco-tetine-physio-teat-anti-colic-silicone-4m.jpg","datePublished":"2024-06-28T13:53:26+00:00","dateModified":"2024-06-28T13:53:33+00:00","breadcrumb":{"@id":"https:\/\/orthopara.store\/index.php\/produit\/tetine-physio-teat-anti-colic-silicone-chicoo-4m\/#breadcrumb"},"inLanguage":"fr-FR","potentialAction":[{"@type":"ReadAction","target":["https:\/\/orthopara.store\/index.php\/produit\/tetine-physio-teat-anti-colic-silicone-chicoo-4m\/"]}]},{"@type":"ImageObject","inLanguage":"fr-FR","@id":"https:\/\/orthopara.store\/index.php\/produit\/tetine-physio-teat-anti-colic-silicone-chicoo-4m\/#primaryimage","url":"https:\/\/orthopara.store\/wp-content\/uploads\/2024\/06\/chicco-tetine-physio-teat-anti-colic-silicone-4m.jpg","contentUrl":"https:\/\/orthopara.store\/wp-content\/uploads\/2024\/06\/chicco-tetine-physio-teat-anti-colic-silicone-4m.jpg","width":800,"height":800},{"@type":"BreadcrumbList","@id":"https:\/\/orthopara.store\/index.php\/produit\/tetine-physio-teat-anti-colic-silicone-chicoo-4m\/#breadcrumb","itemListElement":[{"@type":"ListItem","position":1,"name":"Accueil","item":"https:\/\/orthopara.store\/"},{"@type":"ListItem","position":2,"name":"Shop","item":"https:\/\/orthopara.store\/?page_id=622"},{"@type":"ListItem","position":3,"name":"T\u00e9tine Physio Teat Anti Colic Silicone &#8211; Chicoo &#8211; 4M+"}]},{"@type":"WebSite","@id":"https:\/\/orthopara.store\/#website","url":"https:\/\/orthopara.store\/","name":"OrthoPara","description":"Parapharmacie","publisher":{"@id":"https:\/\/orthopara.store\/#organization"},"potentialAction":[{"@type":"SearchAction","target":{"@type":"EntryPoint","urlTemplate":"https:\/\/orthopara.store\/?s={search_term_string}"},"query-input":"required name=search_term_string"}],"inLanguage":"fr-FR"},{"@type":"Organization","@id":"https:\/\/orthopara.store\/#organization","name":"OrthoPara","url":"https:\/\/orthopara.store\/","logo":{"@type":"ImageObject","inLanguage":"fr-FR","@id":"https:\/\/orthopara.store\/#\/schema\/logo\/image\/","url":"https:\/\/orthopara.store\/wp-content\/uploads\/2024\/06\/cropped-9ABA8BAD-6256-4719-9315-15C66E64E882.png","contentUrl":"https:\/\/orthopara.store\/wp-content\/uploads\/2024\/06\/cropped-9ABA8BAD-6256-4719-9315-15C66E64E882.png","width":240,"height":72,"caption":"OrthoPara"},"image":{"@id":"https:\/\/orthopara.store\/#\/schema\/logo\/image\/"},"sameAs":["https:\/\/www.facebook.com\/profile.php?id=61561194315651","https:\/\/www.instagram.com\/orthopara_tunisie\/"]}]}},"jetpack_sharing_enabled":true,"brands":[{"id":173,"name":"Chicco","slug":"chicco"}],"_links":{"self":[{"href":"https:\/\/orthopara.store\/index.php?rest_route=\/wp\/v2\/product\/1447","targetHints":{"allow":["GET"]}}],"collection":[{"href":"https:\/\/orthopara.store\/index.php?rest_route=\/wp\/v2\/product"}],"about":[{"href":"https:\/\/orthopara.store\/index.php?rest_route=\/wp\/v2\/types\/product"}],"replies":[{"embeddable":true,"href":"https:\/\/orthopara.store\/index.php?rest_route=%2Fwp%2Fv2%2Fcomments&post=1447"}],"wp:featuredmedia":[{"embeddable":true,"href":"https:\/\/orthopara.store\/index.php?rest_route=\/wp\/v2\/media\/1471"}],"wp:attachment":[{"href":"https:\/\/orthopara.store\/index.php?rest_route=%2Fwp%2Fv2%2Fmedia&parent=1447"}],"wp:term":[{"taxonomy":"pwb-brand","embeddable":true,"href":"https:\/\/orthopara.store\/index.php?rest_route=%2Fwp%2Fv2%2Fpwb-brand&post=1447"},{"taxonomy":"product_cat","embeddable":true,"href":"https:\/\/orthopara.store\/index.php?rest_route=%2Fwp%2Fv2%2Fproduct_cat&post=1447"},{"taxonomy":"product_tag","embeddable":true,"href":"https:\/\/orthopara.store\/index.php?rest_route=%2Fwp%2Fv2%2Fproduct_tag&post=1447"}],"curies":[{"name":"wp","href":"https:\/\/api.w.org\/{rel}","templated":true}]}}