{"id":1452,"date":"2024-06-28T15:53:26","date_gmt":"2024-06-28T13:53:26","guid":{"rendered":"https:\/\/orthopara.store\/?post_type=product&#038;p=1452"},"modified":"2024-11-07T09:50:24","modified_gmt":"2024-11-07T08:50:24","slug":"canpol-babies-tetine-silicone-easystart-3m","status":"publish","type":"product","link":"https:\/\/orthopara.store\/?product=canpol-babies-tetine-silicone-easystart-3m","title":{"rendered":"Canpol babies &#8211; T\u00e9tine silicone EasyStart &#8211; 3m+"},"content":{"rendered":"<p>La T\u00e9tine Anti-colique Variable pour Biberon EasyStart \u00e0 Col Large ressemble \u00e0 la forme de la m\u00e8re qui allaite, gr\u00e2ce \u00e0 laquelle il est possible de combiner l&rsquo;alimentation naturelle avec l&rsquo;alimentation au biberon. La t\u00e9tine est parfaitement a\u00e9r\u00e9e, r\u00e9duisant ainsi les risques de coliques. Il est fabriqu\u00e9 en silicone de haute qualit\u00e9. Il est adapt\u00e9 aux d\u00e9sinfections r\u00e9p\u00e9t\u00e9es. Con\u00e7u pour les enfants \u00e0 partir de 3 mois.<br \/>\nProduit sans Bisph\u00e9nol A<br \/>\nPeut \u00eatre utilis\u00e9 dans un st\u00e9rilisateur \u00e0 vapeur<br \/>\nFaire bouillir en toute s\u00e9curit\u00e9<br \/>\nRecommand\u00e9 par 90% des sages-femmes<\/p>\n<p>Caract\u00e9ristiques :<br \/>\nLa t\u00e9tine ressemble \u00e0 la forme du sein maternel et facilite ainsi l&rsquo;allaitement combin\u00e9 au sein et au biberon<br \/>\nIl est fabriqu\u00e9 en silicone de haute qualit\u00e9, fin et s\u00fbr<br \/>\nIl peut \u00eatre d\u00e9sinfect\u00e9 \u00e0 plusieurs reprises<br \/>\nGr\u00e2ce \u00e0 la valve efficace, le biberon est ventil\u00e9 r\u00e9duisant ainsi le risque de coliques<\/p>\n<p>Pr\u00e9cautions :<br \/>\nLa t\u00e9tine ne doit pas \u00eatre chauff\u00e9e au micro-ondes ni au lave-vaisselle, car les d\u00e9tergents et les produits de nettoyage puissants pourraient endommager le produit. Il peut \u00eatre d\u00e9sinfect\u00e9 et \u00e9chaud\u00e9.<\/p>\n","protected":false},"excerpt":{"rendered":"<p>La T\u00e9tine Anti-colique pour Biberon EasyStart \u00e0 Col Large ressemble \u00e0 la forme de la m\u00e8re qui allaite, gr\u00e2ce \u00e0 laquelle il est possible de combiner l&rsquo;alimentation naturelle avec l&rsquo;alimentation au biberon. La t\u00e9tine est parfaitement a\u00e9r\u00e9e, r\u00e9duisant ainsi les risques de coliques. Il est fabriqu\u00e9 en silicone de haute qualit\u00e9. Il est adapt\u00e9 aux d\u00e9sinfections r\u00e9p\u00e9t\u00e9es. Con\u00e7u pour les enfants \u00e0 partir de 3 mois.<br \/>\nProduit sans Bisph\u00e9nol A<br \/>\nPeut \u00eatre utilis\u00e9 dans un st\u00e9rilisateur \u00e0 vapeur<br \/>\nFaire bouillir en toute s\u00e9curit\u00e9<br \/>\nRecommand\u00e9 par 90% des sages-femmes<\/p>\n","protected":false},"featured_media":1476,"comment_status":"open","ping_status":"closed","template":"","meta":[],"pwb-brand":[174],"product_cat":[175],"product_tag":[],"class_list":{"0":"post-1452","1":"product","2":"type-product","3":"status-publish","4":"has-post-thumbnail","6":"pwb-brand-canpol-babies","7":"product_cat-tetines","8":"post","9":"ws-product--style-1","11":"first","12":"instock","13":"shipping-taxable","14":"purchasable","15":"product-type-simple"},"yoast_head":"<!-- This site is optimized with the Yoast SEO plugin v23.0 - https:\/\/yoast.com\/wordpress\/plugins\/seo\/ -->\n<title>Canpol babies - T\u00e9tine silicone EasyStart - 3m+ - OrthoPara<\/title>\n<meta name=\"robots\" content=\"index, follow, max-snippet:-1, max-image-preview:large, max-video-preview:-1\" \/>\n<link rel=\"canonical\" href=\"https:\/\/orthopara.store\/index.php\/produit\/canpol-babies-tetine-silicone-easystart-3m\/\" \/>\n<meta property=\"og:locale\" content=\"fr_FR\" \/>\n<meta property=\"og:type\" content=\"article\" \/>\n<meta property=\"og:title\" content=\"Canpol babies - T\u00e9tine silicone EasyStart - 3m+ - OrthoPara\" \/>\n<meta property=\"og:description\" content=\"La T\u00e9tine Anti-colique pour Biberon EasyStart \u00e0 Col Large ressemble \u00e0 la forme de la m\u00e8re qui allaite, gr\u00e2ce \u00e0 laquelle il est possible de combiner l&#039;alimentation naturelle avec l&#039;alimentation au biberon. La t\u00e9tine est parfaitement a\u00e9r\u00e9e, r\u00e9duisant ainsi les risques de coliques. Il est fabriqu\u00e9 en silicone de haute qualit\u00e9. Il est adapt\u00e9 aux d\u00e9sinfections r\u00e9p\u00e9t\u00e9es. Con\u00e7u pour les enfants \u00e0 partir de 3 mois. Produit sans Bisph\u00e9nol A Peut \u00eatre utilis\u00e9 dans un st\u00e9rilisateur \u00e0 vapeur Faire bouillir en toute s\u00e9curit\u00e9 Recommand\u00e9 par 90% des sages-femmes\" \/>\n<meta property=\"og:url\" content=\"https:\/\/orthopara.store\/index.php\/produit\/canpol-babies-tetine-silicone-easystart-3m\/\" \/>\n<meta property=\"og:site_name\" content=\"OrthoPara\" \/>\n<meta property=\"article:publisher\" content=\"https:\/\/www.facebook.com\/profile.php?id=61561194315651\" \/>\n<meta property=\"article:modified_time\" content=\"2024-11-07T08:50:24+00:00\" \/>\n<meta property=\"og:image\" content=\"https:\/\/orthopara.store\/wp-content\/uploads\/2024\/06\/canpol-babies-easystart-tetine-silicone-easystart-3m-.jpg\" \/>\n\t<meta property=\"og:image:width\" content=\"800\" \/>\n\t<meta property=\"og:image:height\" content=\"800\" \/>\n\t<meta property=\"og:image:type\" content=\"image\/jpeg\" \/>\n<meta name=\"twitter:card\" content=\"summary_large_image\" \/>\n<meta name=\"twitter:label1\" content=\"Dur\u00e9e de lecture estim\u00e9e\" \/>\n\t<meta name=\"twitter:data1\" content=\"1 minute\" \/>\n<script type=\"application\/ld+json\" class=\"yoast-schema-graph\">{\"@context\":\"https:\/\/schema.org\",\"@graph\":[{\"@type\":\"WebPage\",\"@id\":\"https:\/\/orthopara.store\/index.php\/produit\/canpol-babies-tetine-silicone-easystart-3m\/\",\"url\":\"https:\/\/orthopara.store\/index.php\/produit\/canpol-babies-tetine-silicone-easystart-3m\/\",\"name\":\"Canpol babies - T\u00e9tine silicone EasyStart - 3m+ - OrthoPara\",\"isPartOf\":{\"@id\":\"https:\/\/orthopara.store\/#website\"},\"primaryImageOfPage\":{\"@id\":\"https:\/\/orthopara.store\/index.php\/produit\/canpol-babies-tetine-silicone-easystart-3m\/#primaryimage\"},\"image\":{\"@id\":\"https:\/\/orthopara.store\/index.php\/produit\/canpol-babies-tetine-silicone-easystart-3m\/#primaryimage\"},\"thumbnailUrl\":\"https:\/\/orthopara.store\/wp-content\/uploads\/2024\/06\/canpol-babies-easystart-tetine-silicone-easystart-3m-.jpg\",\"datePublished\":\"2024-06-28T13:53:26+00:00\",\"dateModified\":\"2024-11-07T08:50:24+00:00\",\"breadcrumb\":{\"@id\":\"https:\/\/orthopara.store\/index.php\/produit\/canpol-babies-tetine-silicone-easystart-3m\/#breadcrumb\"},\"inLanguage\":\"fr-FR\",\"potentialAction\":[{\"@type\":\"ReadAction\",\"target\":[\"https:\/\/orthopara.store\/index.php\/produit\/canpol-babies-tetine-silicone-easystart-3m\/\"]}]},{\"@type\":\"ImageObject\",\"inLanguage\":\"fr-FR\",\"@id\":\"https:\/\/orthopara.store\/index.php\/produit\/canpol-babies-tetine-silicone-easystart-3m\/#primaryimage\",\"url\":\"https:\/\/orthopara.store\/wp-content\/uploads\/2024\/06\/canpol-babies-easystart-tetine-silicone-easystart-3m-.jpg\",\"contentUrl\":\"https:\/\/orthopara.store\/wp-content\/uploads\/2024\/06\/canpol-babies-easystart-tetine-silicone-easystart-3m-.jpg\",\"width\":800,\"height\":800},{\"@type\":\"BreadcrumbList\",\"@id\":\"https:\/\/orthopara.store\/index.php\/produit\/canpol-babies-tetine-silicone-easystart-3m\/#breadcrumb\",\"itemListElement\":[{\"@type\":\"ListItem\",\"position\":1,\"name\":\"Accueil\",\"item\":\"https:\/\/orthopara.store\/\"},{\"@type\":\"ListItem\",\"position\":2,\"name\":\"Shop\",\"item\":\"https:\/\/orthopara.store\/?page_id=622\"},{\"@type\":\"ListItem\",\"position\":3,\"name\":\"Canpol babies &#8211; T\u00e9tine silicone EasyStart &#8211; 3m+\"}]},{\"@type\":\"WebSite\",\"@id\":\"https:\/\/orthopara.store\/#website\",\"url\":\"https:\/\/orthopara.store\/\",\"name\":\"OrthoPara\",\"description\":\"Parapharmacie\",\"publisher\":{\"@id\":\"https:\/\/orthopara.store\/#organization\"},\"potentialAction\":[{\"@type\":\"SearchAction\",\"target\":{\"@type\":\"EntryPoint\",\"urlTemplate\":\"https:\/\/orthopara.store\/?s={search_term_string}\"},\"query-input\":\"required name=search_term_string\"}],\"inLanguage\":\"fr-FR\"},{\"@type\":\"Organization\",\"@id\":\"https:\/\/orthopara.store\/#organization\",\"name\":\"OrthoPara\",\"url\":\"https:\/\/orthopara.store\/\",\"logo\":{\"@type\":\"ImageObject\",\"inLanguage\":\"fr-FR\",\"@id\":\"https:\/\/orthopara.store\/#\/schema\/logo\/image\/\",\"url\":\"https:\/\/orthopara.store\/wp-content\/uploads\/2024\/06\/cropped-9ABA8BAD-6256-4719-9315-15C66E64E882.png\",\"contentUrl\":\"https:\/\/orthopara.store\/wp-content\/uploads\/2024\/06\/cropped-9ABA8BAD-6256-4719-9315-15C66E64E882.png\",\"width\":240,\"height\":72,\"caption\":\"OrthoPara\"},\"image\":{\"@id\":\"https:\/\/orthopara.store\/#\/schema\/logo\/image\/\"},\"sameAs\":[\"https:\/\/www.facebook.com\/profile.php?id=61561194315651\",\"https:\/\/www.instagram.com\/orthopara_tunisie\/\"]}]}<\/script>\n<!-- \/ Yoast SEO plugin. -->","yoast_head_json":{"title":"Canpol babies - T\u00e9tine silicone EasyStart - 3m+ - OrthoPara","robots":{"index":"index","follow":"follow","max-snippet":"max-snippet:-1","max-image-preview":"max-image-preview:large","max-video-preview":"max-video-preview:-1"},"canonical":"https:\/\/orthopara.store\/index.php\/produit\/canpol-babies-tetine-silicone-easystart-3m\/","og_locale":"fr_FR","og_type":"article","og_title":"Canpol babies - T\u00e9tine silicone EasyStart - 3m+ - OrthoPara","og_description":"La T\u00e9tine Anti-colique pour Biberon EasyStart \u00e0 Col Large ressemble \u00e0 la forme de la m\u00e8re qui allaite, gr\u00e2ce \u00e0 laquelle il est possible de combiner l'alimentation naturelle avec l'alimentation au biberon. La t\u00e9tine est parfaitement a\u00e9r\u00e9e, r\u00e9duisant ainsi les risques de coliques. Il est fabriqu\u00e9 en silicone de haute qualit\u00e9. Il est adapt\u00e9 aux d\u00e9sinfections r\u00e9p\u00e9t\u00e9es. Con\u00e7u pour les enfants \u00e0 partir de 3 mois. Produit sans Bisph\u00e9nol A Peut \u00eatre utilis\u00e9 dans un st\u00e9rilisateur \u00e0 vapeur Faire bouillir en toute s\u00e9curit\u00e9 Recommand\u00e9 par 90% des sages-femmes","og_url":"https:\/\/orthopara.store\/index.php\/produit\/canpol-babies-tetine-silicone-easystart-3m\/","og_site_name":"OrthoPara","article_publisher":"https:\/\/www.facebook.com\/profile.php?id=61561194315651","article_modified_time":"2024-11-07T08:50:24+00:00","og_image":[{"width":800,"height":800,"url":"https:\/\/orthopara.store\/wp-content\/uploads\/2024\/06\/canpol-babies-easystart-tetine-silicone-easystart-3m-.jpg","type":"image\/jpeg"}],"twitter_card":"summary_large_image","twitter_misc":{"Dur\u00e9e de lecture estim\u00e9e":"1 minute"},"schema":{"@context":"https:\/\/schema.org","@graph":[{"@type":"WebPage","@id":"https:\/\/orthopara.store\/index.php\/produit\/canpol-babies-tetine-silicone-easystart-3m\/","url":"https:\/\/orthopara.store\/index.php\/produit\/canpol-babies-tetine-silicone-easystart-3m\/","name":"Canpol babies - T\u00e9tine silicone EasyStart - 3m+ - OrthoPara","isPartOf":{"@id":"https:\/\/orthopara.store\/#website"},"primaryImageOfPage":{"@id":"https:\/\/orthopara.store\/index.php\/produit\/canpol-babies-tetine-silicone-easystart-3m\/#primaryimage"},"image":{"@id":"https:\/\/orthopara.store\/index.php\/produit\/canpol-babies-tetine-silicone-easystart-3m\/#primaryimage"},"thumbnailUrl":"https:\/\/orthopara.store\/wp-content\/uploads\/2024\/06\/canpol-babies-easystart-tetine-silicone-easystart-3m-.jpg","datePublished":"2024-06-28T13:53:26+00:00","dateModified":"2024-11-07T08:50:24+00:00","breadcrumb":{"@id":"https:\/\/orthopara.store\/index.php\/produit\/canpol-babies-tetine-silicone-easystart-3m\/#breadcrumb"},"inLanguage":"fr-FR","potentialAction":[{"@type":"ReadAction","target":["https:\/\/orthopara.store\/index.php\/produit\/canpol-babies-tetine-silicone-easystart-3m\/"]}]},{"@type":"ImageObject","inLanguage":"fr-FR","@id":"https:\/\/orthopara.store\/index.php\/produit\/canpol-babies-tetine-silicone-easystart-3m\/#primaryimage","url":"https:\/\/orthopara.store\/wp-content\/uploads\/2024\/06\/canpol-babies-easystart-tetine-silicone-easystart-3m-.jpg","contentUrl":"https:\/\/orthopara.store\/wp-content\/uploads\/2024\/06\/canpol-babies-easystart-tetine-silicone-easystart-3m-.jpg","width":800,"height":800},{"@type":"BreadcrumbList","@id":"https:\/\/orthopara.store\/index.php\/produit\/canpol-babies-tetine-silicone-easystart-3m\/#breadcrumb","itemListElement":[{"@type":"ListItem","position":1,"name":"Accueil","item":"https:\/\/orthopara.store\/"},{"@type":"ListItem","position":2,"name":"Shop","item":"https:\/\/orthopara.store\/?page_id=622"},{"@type":"ListItem","position":3,"name":"Canpol babies &#8211; T\u00e9tine silicone EasyStart &#8211; 3m+"}]},{"@type":"WebSite","@id":"https:\/\/orthopara.store\/#website","url":"https:\/\/orthopara.store\/","name":"OrthoPara","description":"Parapharmacie","publisher":{"@id":"https:\/\/orthopara.store\/#organization"},"potentialAction":[{"@type":"SearchAction","target":{"@type":"EntryPoint","urlTemplate":"https:\/\/orthopara.store\/?s={search_term_string}"},"query-input":"required name=search_term_string"}],"inLanguage":"fr-FR"},{"@type":"Organization","@id":"https:\/\/orthopara.store\/#organization","name":"OrthoPara","url":"https:\/\/orthopara.store\/","logo":{"@type":"ImageObject","inLanguage":"fr-FR","@id":"https:\/\/orthopara.store\/#\/schema\/logo\/image\/","url":"https:\/\/orthopara.store\/wp-content\/uploads\/2024\/06\/cropped-9ABA8BAD-6256-4719-9315-15C66E64E882.png","contentUrl":"https:\/\/orthopara.store\/wp-content\/uploads\/2024\/06\/cropped-9ABA8BAD-6256-4719-9315-15C66E64E882.png","width":240,"height":72,"caption":"OrthoPara"},"image":{"@id":"https:\/\/orthopara.store\/#\/schema\/logo\/image\/"},"sameAs":["https:\/\/www.facebook.com\/profile.php?id=61561194315651","https:\/\/www.instagram.com\/orthopara_tunisie\/"]}]}},"jetpack_sharing_enabled":true,"brands":[{"id":174,"name":"Canpol babies","slug":"canpol-babies"}],"_links":{"self":[{"href":"https:\/\/orthopara.store\/index.php?rest_route=\/wp\/v2\/product\/1452","targetHints":{"allow":["GET"]}}],"collection":[{"href":"https:\/\/orthopara.store\/index.php?rest_route=\/wp\/v2\/product"}],"about":[{"href":"https:\/\/orthopara.store\/index.php?rest_route=\/wp\/v2\/types\/product"}],"replies":[{"embeddable":true,"href":"https:\/\/orthopara.store\/index.php?rest_route=%2Fwp%2Fv2%2Fcomments&post=1452"}],"wp:featuredmedia":[{"embeddable":true,"href":"https:\/\/orthopara.store\/index.php?rest_route=\/wp\/v2\/media\/1476"}],"wp:attachment":[{"href":"https:\/\/orthopara.store\/index.php?rest_route=%2Fwp%2Fv2%2Fmedia&parent=1452"}],"wp:term":[{"taxonomy":"pwb-brand","embeddable":true,"href":"https:\/\/orthopara.store\/index.php?rest_route=%2Fwp%2Fv2%2Fpwb-brand&post=1452"},{"taxonomy":"product_cat","embeddable":true,"href":"https:\/\/orthopara.store\/index.php?rest_route=%2Fwp%2Fv2%2Fproduct_cat&post=1452"},{"taxonomy":"product_tag","embeddable":true,"href":"https:\/\/orthopara.store\/index.php?rest_route=%2Fwp%2Fv2%2Fproduct_tag&post=1452"}],"curies":[{"name":"wp","href":"https:\/\/api.w.org\/{rel}","templated":true}]}}