{"id":1453,"date":"2024-06-28T15:53:26","date_gmt":"2024-06-28T13:53:26","guid":{"rendered":"https:\/\/orthopara.store\/?post_type=product&#038;p=1453"},"modified":"2024-06-28T15:53:35","modified_gmt":"2024-06-28T13:53:35","slug":"tetine-en-silicone-n01-bebsi-1er-age-0-6m","status":"publish","type":"product","link":"https:\/\/orthopara.store\/?product=tetine-en-silicone-n01-bebsi-1er-age-0-6m","title":{"rendered":"T\u00e9tine en silicone N\u00b001 &#8211; Bebsi &#8211; 1er age &#8211; 0-6m"},"content":{"rendered":"<p>T\u00e9tine en silicone N\u00b001 &#8211; Bebsi &#8211; 1er age &#8211; 0-6m<br \/>\nMode d&#8217;emploi :<br \/>\nNettoyage \u00e0 chaque utilisation. Ne pas utiliser de produits de nettoyage contenant le produit dans la couche cireuse. Ramollir le produit avant de faire la vaisselle. Cela peut r\u00e9duire la dur\u00e9e d&rsquo;utilisation du produit. N\u00e9cessaire pour la port\u00e9e. Versez le liquide dedans apr\u00e8s utilisation et nettoyage.\u00a0<br \/>\nConservez quelques pi\u00e8ces propres dans un endroit propre et sec. En mangeant des jus de fruits aux herbes dans le th\u00e9<\/p>\n","protected":false},"excerpt":{"rendered":"<p>Bebsi\u00a0<br \/>\nT\u00e9tine en silicone pour biberon Bebsi N\u00b001<br \/>\nCouleur : transparent<br \/>\nAge : 1er age entre 6-18m<\/p>\n","protected":false},"featured_media":1477,"comment_status":"open","ping_status":"closed","template":"","meta":[],"pwb-brand":[177],"product_cat":[175],"product_tag":[],"class_list":{"0":"post-1453","1":"product","2":"type-product","3":"status-publish","4":"has-post-thumbnail","6":"pwb-brand-bebsi","7":"product_cat-tetines","8":"post","9":"ws-product--style-1","11":"first","12":"instock","13":"shipping-taxable","14":"purchasable","15":"product-type-simple"},"yoast_head":"<!-- This site is optimized with the Yoast SEO plugin v23.0 - https:\/\/yoast.com\/wordpress\/plugins\/seo\/ -->\n<title>T\u00e9tine en silicone N\u00b001 - Bebsi - 1er age - 0-6m - OrthoPara<\/title>\n<meta name=\"robots\" content=\"index, follow, max-snippet:-1, max-image-preview:large, max-video-preview:-1\" \/>\n<link rel=\"canonical\" href=\"https:\/\/orthopara.store\/index.php\/produit\/tetine-en-silicone-n01-bebsi-1er-age-0-6m\/\" \/>\n<meta property=\"og:locale\" content=\"fr_FR\" \/>\n<meta property=\"og:type\" content=\"article\" \/>\n<meta property=\"og:title\" content=\"T\u00e9tine en silicone N\u00b001 - Bebsi - 1er age - 0-6m - OrthoPara\" \/>\n<meta property=\"og:description\" content=\"Bebsi\u00a0 T\u00e9tine en silicone pour biberon Bebsi N\u00b001 Couleur : transparent Age : 1er age entre 6-18m\" \/>\n<meta property=\"og:url\" content=\"https:\/\/orthopara.store\/index.php\/produit\/tetine-en-silicone-n01-bebsi-1er-age-0-6m\/\" \/>\n<meta property=\"og:site_name\" content=\"OrthoPara\" \/>\n<meta property=\"article:publisher\" content=\"https:\/\/www.facebook.com\/profile.php?id=61561194315651\" \/>\n<meta property=\"article:modified_time\" content=\"2024-06-28T13:53:35+00:00\" \/>\n<meta property=\"og:image\" content=\"https:\/\/orthopara.store\/wp-content\/uploads\/2024\/06\/tetine-en-silicone-n01-bebsi-1er-age-0-6m.jpg\" \/>\n\t<meta property=\"og:image:width\" content=\"800\" \/>\n\t<meta property=\"og:image:height\" content=\"800\" \/>\n\t<meta property=\"og:image:type\" content=\"image\/jpeg\" \/>\n<meta name=\"twitter:card\" content=\"summary_large_image\" \/>\n<script type=\"application\/ld+json\" class=\"yoast-schema-graph\">{\"@context\":\"https:\/\/schema.org\",\"@graph\":[{\"@type\":\"WebPage\",\"@id\":\"https:\/\/orthopara.store\/index.php\/produit\/tetine-en-silicone-n01-bebsi-1er-age-0-6m\/\",\"url\":\"https:\/\/orthopara.store\/index.php\/produit\/tetine-en-silicone-n01-bebsi-1er-age-0-6m\/\",\"name\":\"T\u00e9tine en silicone N\u00b001 - Bebsi - 1er age - 0-6m - OrthoPara\",\"isPartOf\":{\"@id\":\"https:\/\/orthopara.store\/#website\"},\"primaryImageOfPage\":{\"@id\":\"https:\/\/orthopara.store\/index.php\/produit\/tetine-en-silicone-n01-bebsi-1er-age-0-6m\/#primaryimage\"},\"image\":{\"@id\":\"https:\/\/orthopara.store\/index.php\/produit\/tetine-en-silicone-n01-bebsi-1er-age-0-6m\/#primaryimage\"},\"thumbnailUrl\":\"https:\/\/orthopara.store\/wp-content\/uploads\/2024\/06\/tetine-en-silicone-n01-bebsi-1er-age-0-6m.jpg\",\"datePublished\":\"2024-06-28T13:53:26+00:00\",\"dateModified\":\"2024-06-28T13:53:35+00:00\",\"breadcrumb\":{\"@id\":\"https:\/\/orthopara.store\/index.php\/produit\/tetine-en-silicone-n01-bebsi-1er-age-0-6m\/#breadcrumb\"},\"inLanguage\":\"fr-FR\",\"potentialAction\":[{\"@type\":\"ReadAction\",\"target\":[\"https:\/\/orthopara.store\/index.php\/produit\/tetine-en-silicone-n01-bebsi-1er-age-0-6m\/\"]}]},{\"@type\":\"ImageObject\",\"inLanguage\":\"fr-FR\",\"@id\":\"https:\/\/orthopara.store\/index.php\/produit\/tetine-en-silicone-n01-bebsi-1er-age-0-6m\/#primaryimage\",\"url\":\"https:\/\/orthopara.store\/wp-content\/uploads\/2024\/06\/tetine-en-silicone-n01-bebsi-1er-age-0-6m.jpg\",\"contentUrl\":\"https:\/\/orthopara.store\/wp-content\/uploads\/2024\/06\/tetine-en-silicone-n01-bebsi-1er-age-0-6m.jpg\",\"width\":800,\"height\":800},{\"@type\":\"BreadcrumbList\",\"@id\":\"https:\/\/orthopara.store\/index.php\/produit\/tetine-en-silicone-n01-bebsi-1er-age-0-6m\/#breadcrumb\",\"itemListElement\":[{\"@type\":\"ListItem\",\"position\":1,\"name\":\"Accueil\",\"item\":\"https:\/\/orthopara.store\/\"},{\"@type\":\"ListItem\",\"position\":2,\"name\":\"Shop\",\"item\":\"https:\/\/orthopara.store\/?page_id=622\"},{\"@type\":\"ListItem\",\"position\":3,\"name\":\"T\u00e9tine en silicone N\u00b001 &#8211; Bebsi &#8211; 1er age &#8211; 0-6m\"}]},{\"@type\":\"WebSite\",\"@id\":\"https:\/\/orthopara.store\/#website\",\"url\":\"https:\/\/orthopara.store\/\",\"name\":\"OrthoPara\",\"description\":\"Parapharmacie\",\"publisher\":{\"@id\":\"https:\/\/orthopara.store\/#organization\"},\"potentialAction\":[{\"@type\":\"SearchAction\",\"target\":{\"@type\":\"EntryPoint\",\"urlTemplate\":\"https:\/\/orthopara.store\/?s={search_term_string}\"},\"query-input\":\"required name=search_term_string\"}],\"inLanguage\":\"fr-FR\"},{\"@type\":\"Organization\",\"@id\":\"https:\/\/orthopara.store\/#organization\",\"name\":\"OrthoPara\",\"url\":\"https:\/\/orthopara.store\/\",\"logo\":{\"@type\":\"ImageObject\",\"inLanguage\":\"fr-FR\",\"@id\":\"https:\/\/orthopara.store\/#\/schema\/logo\/image\/\",\"url\":\"https:\/\/orthopara.store\/wp-content\/uploads\/2024\/06\/cropped-9ABA8BAD-6256-4719-9315-15C66E64E882.png\",\"contentUrl\":\"https:\/\/orthopara.store\/wp-content\/uploads\/2024\/06\/cropped-9ABA8BAD-6256-4719-9315-15C66E64E882.png\",\"width\":240,\"height\":72,\"caption\":\"OrthoPara\"},\"image\":{\"@id\":\"https:\/\/orthopara.store\/#\/schema\/logo\/image\/\"},\"sameAs\":[\"https:\/\/www.facebook.com\/profile.php?id=61561194315651\",\"https:\/\/www.instagram.com\/orthopara_tunisie\/\"]}]}<\/script>\n<!-- \/ Yoast SEO plugin. -->","yoast_head_json":{"title":"T\u00e9tine en silicone N\u00b001 - Bebsi - 1er age - 0-6m - OrthoPara","robots":{"index":"index","follow":"follow","max-snippet":"max-snippet:-1","max-image-preview":"max-image-preview:large","max-video-preview":"max-video-preview:-1"},"canonical":"https:\/\/orthopara.store\/index.php\/produit\/tetine-en-silicone-n01-bebsi-1er-age-0-6m\/","og_locale":"fr_FR","og_type":"article","og_title":"T\u00e9tine en silicone N\u00b001 - Bebsi - 1er age - 0-6m - OrthoPara","og_description":"Bebsi\u00a0 T\u00e9tine en silicone pour biberon Bebsi N\u00b001 Couleur : transparent Age : 1er age entre 6-18m","og_url":"https:\/\/orthopara.store\/index.php\/produit\/tetine-en-silicone-n01-bebsi-1er-age-0-6m\/","og_site_name":"OrthoPara","article_publisher":"https:\/\/www.facebook.com\/profile.php?id=61561194315651","article_modified_time":"2024-06-28T13:53:35+00:00","og_image":[{"width":800,"height":800,"url":"https:\/\/orthopara.store\/wp-content\/uploads\/2024\/06\/tetine-en-silicone-n01-bebsi-1er-age-0-6m.jpg","type":"image\/jpeg"}],"twitter_card":"summary_large_image","schema":{"@context":"https:\/\/schema.org","@graph":[{"@type":"WebPage","@id":"https:\/\/orthopara.store\/index.php\/produit\/tetine-en-silicone-n01-bebsi-1er-age-0-6m\/","url":"https:\/\/orthopara.store\/index.php\/produit\/tetine-en-silicone-n01-bebsi-1er-age-0-6m\/","name":"T\u00e9tine en silicone N\u00b001 - Bebsi - 1er age - 0-6m - OrthoPara","isPartOf":{"@id":"https:\/\/orthopara.store\/#website"},"primaryImageOfPage":{"@id":"https:\/\/orthopara.store\/index.php\/produit\/tetine-en-silicone-n01-bebsi-1er-age-0-6m\/#primaryimage"},"image":{"@id":"https:\/\/orthopara.store\/index.php\/produit\/tetine-en-silicone-n01-bebsi-1er-age-0-6m\/#primaryimage"},"thumbnailUrl":"https:\/\/orthopara.store\/wp-content\/uploads\/2024\/06\/tetine-en-silicone-n01-bebsi-1er-age-0-6m.jpg","datePublished":"2024-06-28T13:53:26+00:00","dateModified":"2024-06-28T13:53:35+00:00","breadcrumb":{"@id":"https:\/\/orthopara.store\/index.php\/produit\/tetine-en-silicone-n01-bebsi-1er-age-0-6m\/#breadcrumb"},"inLanguage":"fr-FR","potentialAction":[{"@type":"ReadAction","target":["https:\/\/orthopara.store\/index.php\/produit\/tetine-en-silicone-n01-bebsi-1er-age-0-6m\/"]}]},{"@type":"ImageObject","inLanguage":"fr-FR","@id":"https:\/\/orthopara.store\/index.php\/produit\/tetine-en-silicone-n01-bebsi-1er-age-0-6m\/#primaryimage","url":"https:\/\/orthopara.store\/wp-content\/uploads\/2024\/06\/tetine-en-silicone-n01-bebsi-1er-age-0-6m.jpg","contentUrl":"https:\/\/orthopara.store\/wp-content\/uploads\/2024\/06\/tetine-en-silicone-n01-bebsi-1er-age-0-6m.jpg","width":800,"height":800},{"@type":"BreadcrumbList","@id":"https:\/\/orthopara.store\/index.php\/produit\/tetine-en-silicone-n01-bebsi-1er-age-0-6m\/#breadcrumb","itemListElement":[{"@type":"ListItem","position":1,"name":"Accueil","item":"https:\/\/orthopara.store\/"},{"@type":"ListItem","position":2,"name":"Shop","item":"https:\/\/orthopara.store\/?page_id=622"},{"@type":"ListItem","position":3,"name":"T\u00e9tine en silicone N\u00b001 &#8211; Bebsi &#8211; 1er age &#8211; 0-6m"}]},{"@type":"WebSite","@id":"https:\/\/orthopara.store\/#website","url":"https:\/\/orthopara.store\/","name":"OrthoPara","description":"Parapharmacie","publisher":{"@id":"https:\/\/orthopara.store\/#organization"},"potentialAction":[{"@type":"SearchAction","target":{"@type":"EntryPoint","urlTemplate":"https:\/\/orthopara.store\/?s={search_term_string}"},"query-input":"required name=search_term_string"}],"inLanguage":"fr-FR"},{"@type":"Organization","@id":"https:\/\/orthopara.store\/#organization","name":"OrthoPara","url":"https:\/\/orthopara.store\/","logo":{"@type":"ImageObject","inLanguage":"fr-FR","@id":"https:\/\/orthopara.store\/#\/schema\/logo\/image\/","url":"https:\/\/orthopara.store\/wp-content\/uploads\/2024\/06\/cropped-9ABA8BAD-6256-4719-9315-15C66E64E882.png","contentUrl":"https:\/\/orthopara.store\/wp-content\/uploads\/2024\/06\/cropped-9ABA8BAD-6256-4719-9315-15C66E64E882.png","width":240,"height":72,"caption":"OrthoPara"},"image":{"@id":"https:\/\/orthopara.store\/#\/schema\/logo\/image\/"},"sameAs":["https:\/\/www.facebook.com\/profile.php?id=61561194315651","https:\/\/www.instagram.com\/orthopara_tunisie\/"]}]}},"jetpack_sharing_enabled":true,"brands":[{"id":177,"name":"Bebsi","slug":"bebsi"}],"_links":{"self":[{"href":"https:\/\/orthopara.store\/index.php?rest_route=\/wp\/v2\/product\/1453","targetHints":{"allow":["GET"]}}],"collection":[{"href":"https:\/\/orthopara.store\/index.php?rest_route=\/wp\/v2\/product"}],"about":[{"href":"https:\/\/orthopara.store\/index.php?rest_route=\/wp\/v2\/types\/product"}],"replies":[{"embeddable":true,"href":"https:\/\/orthopara.store\/index.php?rest_route=%2Fwp%2Fv2%2Fcomments&post=1453"}],"wp:featuredmedia":[{"embeddable":true,"href":"https:\/\/orthopara.store\/index.php?rest_route=\/wp\/v2\/media\/1477"}],"wp:attachment":[{"href":"https:\/\/orthopara.store\/index.php?rest_route=%2Fwp%2Fv2%2Fmedia&parent=1453"}],"wp:term":[{"taxonomy":"pwb-brand","embeddable":true,"href":"https:\/\/orthopara.store\/index.php?rest_route=%2Fwp%2Fv2%2Fpwb-brand&post=1453"},{"taxonomy":"product_cat","embeddable":true,"href":"https:\/\/orthopara.store\/index.php?rest_route=%2Fwp%2Fv2%2Fproduct_cat&post=1453"},{"taxonomy":"product_tag","embeddable":true,"href":"https:\/\/orthopara.store\/index.php?rest_route=%2Fwp%2Fv2%2Fproduct_tag&post=1453"}],"curies":[{"name":"wp","href":"https:\/\/api.w.org\/{rel}","templated":true}]}}