{"id":1487,"date":"2024-06-28T15:53:41","date_gmt":"2024-06-28T13:53:41","guid":{"rendered":"https:\/\/orthopara.store\/?post_type=product&#038;p=1487"},"modified":"2024-11-04T17:21:33","modified_gmt":"2024-11-04T16:21:33","slug":"attache-sucette-tommee-toppee-0-mois-x2","status":"publish","type":"product","link":"https:\/\/orthopara.store\/?product=attache-sucette-tommee-toppee-0-mois-x2","title":{"rendered":"Attache sucette &#8211; Tommee Toppee &#8211; 0 mois+ &#8211; x2"},"content":{"rendered":"<p>Attache sucette &#8211; Tommee Toppee &#8211; 0 mois+ &#8211; x2<br \/>\nCes porte-sucettes pratiques maintiennent une prise ferme sur les sucettes \u00e0 anneau et \u00e0 bouchon, de sorte qu&rsquo;elles ne dispara\u00eetront plus jamais sur le c\u00f4t\u00e9 de la poussette. Disponible en plusieurs couleurs, facile \u00e0 nettoyer et sans BPA pour votre tranquillit\u00e9 d&rsquo;esprit.<\/p>\n<p>Attaches-sucettes avec connecteurs flexibles et extensibles<br \/>\nFacile \u00e0 nettoyer<br \/>\nCon\u00e7u pour s&rsquo;adapter \u00e0 toutes les sucettes Closer to Nature \u2013 Air, Pure et Style<br \/>\nDisponible en couleurs assorties<br \/>\nConvient aux b\u00e9b\u00e9s de 0 mois<br \/>\nSans BPA<\/p>\n","protected":false},"excerpt":{"rendered":"<p>Tommee Toppee<br \/>\nAttache sucette<br \/>\n&#8211; Embouts souples et \u00e9lastiques<br \/>\n&#8211; Con\u00e7ues pour s&rsquo;adapter \u00e0 toutes les sucettes Tommee Tippee<br \/>\n&#8211; Faciles \u00e0 nettoyer<br \/>\n&#8211; Convient d\u00e8s la naissance<\/p>\n<p>&#8211; Sans Bisph\u00e9nol A pour une tranquillit\u00e9 d&rsquo;esprit optimale<br \/>\n0M+<\/p>\n","protected":false},"featured_media":1508,"comment_status":"open","ping_status":"closed","template":"","meta":[],"pwb-brand":[176],"product_cat":[178],"product_tag":[],"class_list":{"0":"post-1487","1":"product","2":"type-product","3":"status-publish","4":"has-post-thumbnail","6":"pwb-brand-tommee-tippee","7":"product_cat-sucettes","8":"post","9":"ws-product--style-1","11":"first","12":"instock","13":"shipping-taxable","14":"purchasable","15":"product-type-simple"},"yoast_head":"<!-- This site is optimized with the Yoast SEO plugin v23.0 - https:\/\/yoast.com\/wordpress\/plugins\/seo\/ -->\n<title>Attache sucette - Tommee Toppee - 0 mois+ - x2 - OrthoPara<\/title>\n<meta name=\"robots\" content=\"index, follow, max-snippet:-1, max-image-preview:large, max-video-preview:-1\" \/>\n<link rel=\"canonical\" href=\"https:\/\/orthopara.store\/index.php\/produit\/attache-sucette-tommee-toppee-0-mois-x2\/\" \/>\n<meta property=\"og:locale\" content=\"fr_FR\" \/>\n<meta property=\"og:type\" content=\"article\" \/>\n<meta property=\"og:title\" content=\"Attache sucette - Tommee Toppee - 0 mois+ - x2 - OrthoPara\" \/>\n<meta property=\"og:description\" content=\"Tommee Toppee Attache sucette - Embouts souples et \u00e9lastiques - Con\u00e7ues pour s&#039;adapter \u00e0 toutes les sucettes Tommee Tippee - Faciles \u00e0 nettoyer - Convient d\u00e8s la naissance - Sans Bisph\u00e9nol A pour une tranquillit\u00e9 d&#039;esprit optimale 0M+\" \/>\n<meta property=\"og:url\" content=\"https:\/\/orthopara.store\/index.php\/produit\/attache-sucette-tommee-toppee-0-mois-x2\/\" \/>\n<meta property=\"og:site_name\" content=\"OrthoPara\" \/>\n<meta property=\"article:publisher\" content=\"https:\/\/www.facebook.com\/profile.php?id=61561194315651\" \/>\n<meta property=\"article:modified_time\" content=\"2024-11-04T16:21:33+00:00\" \/>\n<meta property=\"og:image\" content=\"https:\/\/orthopara.store\/wp-content\/uploads\/2024\/06\/attache-sucette-tommee-toppee-0-mois-x2.jpg\" \/>\n\t<meta property=\"og:image:width\" content=\"800\" \/>\n\t<meta property=\"og:image:height\" content=\"800\" \/>\n\t<meta property=\"og:image:type\" content=\"image\/jpeg\" \/>\n<meta name=\"twitter:card\" content=\"summary_large_image\" \/>\n<script type=\"application\/ld+json\" class=\"yoast-schema-graph\">{\"@context\":\"https:\/\/schema.org\",\"@graph\":[{\"@type\":\"WebPage\",\"@id\":\"https:\/\/orthopara.store\/index.php\/produit\/attache-sucette-tommee-toppee-0-mois-x2\/\",\"url\":\"https:\/\/orthopara.store\/index.php\/produit\/attache-sucette-tommee-toppee-0-mois-x2\/\",\"name\":\"Attache sucette - Tommee Toppee - 0 mois+ - x2 - OrthoPara\",\"isPartOf\":{\"@id\":\"https:\/\/orthopara.store\/#website\"},\"primaryImageOfPage\":{\"@id\":\"https:\/\/orthopara.store\/index.php\/produit\/attache-sucette-tommee-toppee-0-mois-x2\/#primaryimage\"},\"image\":{\"@id\":\"https:\/\/orthopara.store\/index.php\/produit\/attache-sucette-tommee-toppee-0-mois-x2\/#primaryimage\"},\"thumbnailUrl\":\"https:\/\/orthopara.store\/wp-content\/uploads\/2024\/06\/attache-sucette-tommee-toppee-0-mois-x2.jpg\",\"datePublished\":\"2024-06-28T13:53:41+00:00\",\"dateModified\":\"2024-11-04T16:21:33+00:00\",\"breadcrumb\":{\"@id\":\"https:\/\/orthopara.store\/index.php\/produit\/attache-sucette-tommee-toppee-0-mois-x2\/#breadcrumb\"},\"inLanguage\":\"fr-FR\",\"potentialAction\":[{\"@type\":\"ReadAction\",\"target\":[\"https:\/\/orthopara.store\/index.php\/produit\/attache-sucette-tommee-toppee-0-mois-x2\/\"]}]},{\"@type\":\"ImageObject\",\"inLanguage\":\"fr-FR\",\"@id\":\"https:\/\/orthopara.store\/index.php\/produit\/attache-sucette-tommee-toppee-0-mois-x2\/#primaryimage\",\"url\":\"https:\/\/orthopara.store\/wp-content\/uploads\/2024\/06\/attache-sucette-tommee-toppee-0-mois-x2.jpg\",\"contentUrl\":\"https:\/\/orthopara.store\/wp-content\/uploads\/2024\/06\/attache-sucette-tommee-toppee-0-mois-x2.jpg\",\"width\":800,\"height\":800},{\"@type\":\"BreadcrumbList\",\"@id\":\"https:\/\/orthopara.store\/index.php\/produit\/attache-sucette-tommee-toppee-0-mois-x2\/#breadcrumb\",\"itemListElement\":[{\"@type\":\"ListItem\",\"position\":1,\"name\":\"Accueil\",\"item\":\"https:\/\/orthopara.store\/\"},{\"@type\":\"ListItem\",\"position\":2,\"name\":\"Shop\",\"item\":\"https:\/\/orthopara.store\/?page_id=622\"},{\"@type\":\"ListItem\",\"position\":3,\"name\":\"Attache sucette &#8211; Tommee Toppee &#8211; 0 mois+ &#8211; x2\"}]},{\"@type\":\"WebSite\",\"@id\":\"https:\/\/orthopara.store\/#website\",\"url\":\"https:\/\/orthopara.store\/\",\"name\":\"OrthoPara\",\"description\":\"Parapharmacie\",\"publisher\":{\"@id\":\"https:\/\/orthopara.store\/#organization\"},\"potentialAction\":[{\"@type\":\"SearchAction\",\"target\":{\"@type\":\"EntryPoint\",\"urlTemplate\":\"https:\/\/orthopara.store\/?s={search_term_string}\"},\"query-input\":\"required name=search_term_string\"}],\"inLanguage\":\"fr-FR\"},{\"@type\":\"Organization\",\"@id\":\"https:\/\/orthopara.store\/#organization\",\"name\":\"OrthoPara\",\"url\":\"https:\/\/orthopara.store\/\",\"logo\":{\"@type\":\"ImageObject\",\"inLanguage\":\"fr-FR\",\"@id\":\"https:\/\/orthopara.store\/#\/schema\/logo\/image\/\",\"url\":\"https:\/\/orthopara.store\/wp-content\/uploads\/2024\/06\/cropped-9ABA8BAD-6256-4719-9315-15C66E64E882.png\",\"contentUrl\":\"https:\/\/orthopara.store\/wp-content\/uploads\/2024\/06\/cropped-9ABA8BAD-6256-4719-9315-15C66E64E882.png\",\"width\":240,\"height\":72,\"caption\":\"OrthoPara\"},\"image\":{\"@id\":\"https:\/\/orthopara.store\/#\/schema\/logo\/image\/\"},\"sameAs\":[\"https:\/\/www.facebook.com\/profile.php?id=61561194315651\",\"https:\/\/www.instagram.com\/orthopara_tunisie\/\"]}]}<\/script>\n<!-- \/ Yoast SEO plugin. -->","yoast_head_json":{"title":"Attache sucette - Tommee Toppee - 0 mois+ - x2 - OrthoPara","robots":{"index":"index","follow":"follow","max-snippet":"max-snippet:-1","max-image-preview":"max-image-preview:large","max-video-preview":"max-video-preview:-1"},"canonical":"https:\/\/orthopara.store\/index.php\/produit\/attache-sucette-tommee-toppee-0-mois-x2\/","og_locale":"fr_FR","og_type":"article","og_title":"Attache sucette - Tommee Toppee - 0 mois+ - x2 - OrthoPara","og_description":"Tommee Toppee Attache sucette - Embouts souples et \u00e9lastiques - Con\u00e7ues pour s'adapter \u00e0 toutes les sucettes Tommee Tippee - Faciles \u00e0 nettoyer - Convient d\u00e8s la naissance - Sans Bisph\u00e9nol A pour une tranquillit\u00e9 d'esprit optimale 0M+","og_url":"https:\/\/orthopara.store\/index.php\/produit\/attache-sucette-tommee-toppee-0-mois-x2\/","og_site_name":"OrthoPara","article_publisher":"https:\/\/www.facebook.com\/profile.php?id=61561194315651","article_modified_time":"2024-11-04T16:21:33+00:00","og_image":[{"width":800,"height":800,"url":"https:\/\/orthopara.store\/wp-content\/uploads\/2024\/06\/attache-sucette-tommee-toppee-0-mois-x2.jpg","type":"image\/jpeg"}],"twitter_card":"summary_large_image","schema":{"@context":"https:\/\/schema.org","@graph":[{"@type":"WebPage","@id":"https:\/\/orthopara.store\/index.php\/produit\/attache-sucette-tommee-toppee-0-mois-x2\/","url":"https:\/\/orthopara.store\/index.php\/produit\/attache-sucette-tommee-toppee-0-mois-x2\/","name":"Attache sucette - Tommee Toppee - 0 mois+ - x2 - OrthoPara","isPartOf":{"@id":"https:\/\/orthopara.store\/#website"},"primaryImageOfPage":{"@id":"https:\/\/orthopara.store\/index.php\/produit\/attache-sucette-tommee-toppee-0-mois-x2\/#primaryimage"},"image":{"@id":"https:\/\/orthopara.store\/index.php\/produit\/attache-sucette-tommee-toppee-0-mois-x2\/#primaryimage"},"thumbnailUrl":"https:\/\/orthopara.store\/wp-content\/uploads\/2024\/06\/attache-sucette-tommee-toppee-0-mois-x2.jpg","datePublished":"2024-06-28T13:53:41+00:00","dateModified":"2024-11-04T16:21:33+00:00","breadcrumb":{"@id":"https:\/\/orthopara.store\/index.php\/produit\/attache-sucette-tommee-toppee-0-mois-x2\/#breadcrumb"},"inLanguage":"fr-FR","potentialAction":[{"@type":"ReadAction","target":["https:\/\/orthopara.store\/index.php\/produit\/attache-sucette-tommee-toppee-0-mois-x2\/"]}]},{"@type":"ImageObject","inLanguage":"fr-FR","@id":"https:\/\/orthopara.store\/index.php\/produit\/attache-sucette-tommee-toppee-0-mois-x2\/#primaryimage","url":"https:\/\/orthopara.store\/wp-content\/uploads\/2024\/06\/attache-sucette-tommee-toppee-0-mois-x2.jpg","contentUrl":"https:\/\/orthopara.store\/wp-content\/uploads\/2024\/06\/attache-sucette-tommee-toppee-0-mois-x2.jpg","width":800,"height":800},{"@type":"BreadcrumbList","@id":"https:\/\/orthopara.store\/index.php\/produit\/attache-sucette-tommee-toppee-0-mois-x2\/#breadcrumb","itemListElement":[{"@type":"ListItem","position":1,"name":"Accueil","item":"https:\/\/orthopara.store\/"},{"@type":"ListItem","position":2,"name":"Shop","item":"https:\/\/orthopara.store\/?page_id=622"},{"@type":"ListItem","position":3,"name":"Attache sucette &#8211; Tommee Toppee &#8211; 0 mois+ &#8211; x2"}]},{"@type":"WebSite","@id":"https:\/\/orthopara.store\/#website","url":"https:\/\/orthopara.store\/","name":"OrthoPara","description":"Parapharmacie","publisher":{"@id":"https:\/\/orthopara.store\/#organization"},"potentialAction":[{"@type":"SearchAction","target":{"@type":"EntryPoint","urlTemplate":"https:\/\/orthopara.store\/?s={search_term_string}"},"query-input":"required name=search_term_string"}],"inLanguage":"fr-FR"},{"@type":"Organization","@id":"https:\/\/orthopara.store\/#organization","name":"OrthoPara","url":"https:\/\/orthopara.store\/","logo":{"@type":"ImageObject","inLanguage":"fr-FR","@id":"https:\/\/orthopara.store\/#\/schema\/logo\/image\/","url":"https:\/\/orthopara.store\/wp-content\/uploads\/2024\/06\/cropped-9ABA8BAD-6256-4719-9315-15C66E64E882.png","contentUrl":"https:\/\/orthopara.store\/wp-content\/uploads\/2024\/06\/cropped-9ABA8BAD-6256-4719-9315-15C66E64E882.png","width":240,"height":72,"caption":"OrthoPara"},"image":{"@id":"https:\/\/orthopara.store\/#\/schema\/logo\/image\/"},"sameAs":["https:\/\/www.facebook.com\/profile.php?id=61561194315651","https:\/\/www.instagram.com\/orthopara_tunisie\/"]}]}},"jetpack_sharing_enabled":true,"brands":[{"id":176,"name":"Tommee Tippee","slug":"tommee-tippee"}],"_links":{"self":[{"href":"https:\/\/orthopara.store\/index.php?rest_route=\/wp\/v2\/product\/1487","targetHints":{"allow":["GET"]}}],"collection":[{"href":"https:\/\/orthopara.store\/index.php?rest_route=\/wp\/v2\/product"}],"about":[{"href":"https:\/\/orthopara.store\/index.php?rest_route=\/wp\/v2\/types\/product"}],"replies":[{"embeddable":true,"href":"https:\/\/orthopara.store\/index.php?rest_route=%2Fwp%2Fv2%2Fcomments&post=1487"}],"wp:featuredmedia":[{"embeddable":true,"href":"https:\/\/orthopara.store\/index.php?rest_route=\/wp\/v2\/media\/1508"}],"wp:attachment":[{"href":"https:\/\/orthopara.store\/index.php?rest_route=%2Fwp%2Fv2%2Fmedia&parent=1487"}],"wp:term":[{"taxonomy":"pwb-brand","embeddable":true,"href":"https:\/\/orthopara.store\/index.php?rest_route=%2Fwp%2Fv2%2Fpwb-brand&post=1487"},{"taxonomy":"product_cat","embeddable":true,"href":"https:\/\/orthopara.store\/index.php?rest_route=%2Fwp%2Fv2%2Fproduct_cat&post=1487"},{"taxonomy":"product_tag","embeddable":true,"href":"https:\/\/orthopara.store\/index.php?rest_route=%2Fwp%2Fv2%2Fproduct_tag&post=1487"}],"curies":[{"name":"wp","href":"https:\/\/api.w.org\/{rel}","templated":true}]}}