{"id":1488,"date":"2024-06-28T15:53:41","date_gmt":"2024-06-28T13:53:41","guid":{"rendered":"https:\/\/orthopara.store\/?post_type=product&#038;p=1488"},"modified":"2024-06-28T15:53:45","modified_gmt":"2024-06-28T13:53:45","slug":"sucette-en-silicone-chicco-physio-comfort-0-6-mois","status":"publish","type":"product","link":"https:\/\/orthopara.store\/?product=sucette-en-silicone-chicco-physio-comfort-0-6-mois","title":{"rendered":"Sucette en Silicone &#8211; Chicco Physio Comfort &#8211; 0-6 Mois"},"content":{"rendered":"<p>Sucette en Silicone &#8211; Chicco Physio Comfort &#8211; 0-6 Mois<br \/>\nSucettes Physio Comfort se caract\u00e9rise par un bouclier sp\u00e9cial afin d\u2019offrir le maximum de confort.<br \/>\nElle est \u00e9quip\u00e9e d\u2019une t\u00e9tine ACTIVE pour favoriser le d\u00e9veloppement correct de la bouche , ce qui favorise le positionnement naturel de la langue.L<br \/>\nLa sucette distribue la pression d\u2019une fa\u00e7on homog\u00e8ne sur le palais, pour un bon d\u00e9veloppement de la bouche.<br \/>\nElle se caract\u00e9rise par une base tr\u00e8s fine pour permettre une bonne fermeture de la bouche.<\/p>\n","protected":false},"excerpt":{"rendered":"<p>Chicco Physio Comfort<br \/>\nSucette en Silicone<br \/>\nSucette anatomique-fonctionnelle qui s\u2019adapte \u00e0 la morphologie et la physiologie de la bouche de b\u00e9b\u00e9 et stimule correctement les fonctions de succion et de d\u00e9glutition<br \/>\nTranche d&rsquo;\u00e2ge : 0-6 mois<\/p>\n","protected":false},"featured_media":1509,"comment_status":"open","ping_status":"closed","template":"","meta":[],"pwb-brand":[173],"product_cat":[178],"product_tag":[],"class_list":{"0":"post-1488","1":"product","2":"type-product","3":"status-publish","4":"has-post-thumbnail","6":"pwb-brand-chicco","7":"product_cat-sucettes","8":"post","9":"ws-product--style-1","11":"first","12":"instock","13":"shipping-taxable","14":"purchasable","15":"product-type-simple"},"yoast_head":"<!-- This site is optimized with the Yoast SEO plugin v23.0 - https:\/\/yoast.com\/wordpress\/plugins\/seo\/ -->\n<title>Sucette en Silicone - Chicco Physio Comfort - 0-6 Mois - OrthoPara<\/title>\n<meta name=\"robots\" content=\"index, follow, max-snippet:-1, max-image-preview:large, max-video-preview:-1\" \/>\n<link rel=\"canonical\" href=\"https:\/\/orthopara.store\/index.php\/produit\/sucette-en-silicone-chicco-physio-comfort-0-6-mois\/\" \/>\n<meta property=\"og:locale\" content=\"fr_FR\" \/>\n<meta property=\"og:type\" content=\"article\" \/>\n<meta property=\"og:title\" content=\"Sucette en Silicone - Chicco Physio Comfort - 0-6 Mois - OrthoPara\" \/>\n<meta property=\"og:description\" content=\"Chicco Physio Comfort Sucette en Silicone Sucette anatomique-fonctionnelle qui s\u2019adapte \u00e0 la morphologie et la physiologie de la bouche de b\u00e9b\u00e9 et stimule correctement les fonctions de succion et de d\u00e9glutition Tranche d&#039;\u00e2ge : 0-6 mois\" \/>\n<meta property=\"og:url\" content=\"https:\/\/orthopara.store\/index.php\/produit\/sucette-en-silicone-chicco-physio-comfort-0-6-mois\/\" \/>\n<meta property=\"og:site_name\" content=\"OrthoPara\" \/>\n<meta property=\"article:publisher\" content=\"https:\/\/www.facebook.com\/profile.php?id=61561194315651\" \/>\n<meta property=\"article:modified_time\" content=\"2024-06-28T13:53:45+00:00\" \/>\n<meta property=\"og:image\" content=\"https:\/\/orthopara.store\/wp-content\/uploads\/2024\/06\/sucette-en-silicone-chicco-physio-comfort-0-6-mois.jpg\" \/>\n\t<meta property=\"og:image:width\" content=\"800\" \/>\n\t<meta property=\"og:image:height\" content=\"800\" \/>\n\t<meta property=\"og:image:type\" content=\"image\/jpeg\" \/>\n<meta name=\"twitter:card\" content=\"summary_large_image\" \/>\n<script type=\"application\/ld+json\" class=\"yoast-schema-graph\">{\"@context\":\"https:\/\/schema.org\",\"@graph\":[{\"@type\":\"WebPage\",\"@id\":\"https:\/\/orthopara.store\/index.php\/produit\/sucette-en-silicone-chicco-physio-comfort-0-6-mois\/\",\"url\":\"https:\/\/orthopara.store\/index.php\/produit\/sucette-en-silicone-chicco-physio-comfort-0-6-mois\/\",\"name\":\"Sucette en Silicone - Chicco Physio Comfort - 0-6 Mois - OrthoPara\",\"isPartOf\":{\"@id\":\"https:\/\/orthopara.store\/#website\"},\"primaryImageOfPage\":{\"@id\":\"https:\/\/orthopara.store\/index.php\/produit\/sucette-en-silicone-chicco-physio-comfort-0-6-mois\/#primaryimage\"},\"image\":{\"@id\":\"https:\/\/orthopara.store\/index.php\/produit\/sucette-en-silicone-chicco-physio-comfort-0-6-mois\/#primaryimage\"},\"thumbnailUrl\":\"https:\/\/orthopara.store\/wp-content\/uploads\/2024\/06\/sucette-en-silicone-chicco-physio-comfort-0-6-mois.jpg\",\"datePublished\":\"2024-06-28T13:53:41+00:00\",\"dateModified\":\"2024-06-28T13:53:45+00:00\",\"breadcrumb\":{\"@id\":\"https:\/\/orthopara.store\/index.php\/produit\/sucette-en-silicone-chicco-physio-comfort-0-6-mois\/#breadcrumb\"},\"inLanguage\":\"fr-FR\",\"potentialAction\":[{\"@type\":\"ReadAction\",\"target\":[\"https:\/\/orthopara.store\/index.php\/produit\/sucette-en-silicone-chicco-physio-comfort-0-6-mois\/\"]}]},{\"@type\":\"ImageObject\",\"inLanguage\":\"fr-FR\",\"@id\":\"https:\/\/orthopara.store\/index.php\/produit\/sucette-en-silicone-chicco-physio-comfort-0-6-mois\/#primaryimage\",\"url\":\"https:\/\/orthopara.store\/wp-content\/uploads\/2024\/06\/sucette-en-silicone-chicco-physio-comfort-0-6-mois.jpg\",\"contentUrl\":\"https:\/\/orthopara.store\/wp-content\/uploads\/2024\/06\/sucette-en-silicone-chicco-physio-comfort-0-6-mois.jpg\",\"width\":800,\"height\":800},{\"@type\":\"BreadcrumbList\",\"@id\":\"https:\/\/orthopara.store\/index.php\/produit\/sucette-en-silicone-chicco-physio-comfort-0-6-mois\/#breadcrumb\",\"itemListElement\":[{\"@type\":\"ListItem\",\"position\":1,\"name\":\"Accueil\",\"item\":\"https:\/\/orthopara.store\/\"},{\"@type\":\"ListItem\",\"position\":2,\"name\":\"Shop\",\"item\":\"https:\/\/orthopara.store\/?page_id=622\"},{\"@type\":\"ListItem\",\"position\":3,\"name\":\"Sucette en Silicone &#8211; Chicco Physio Comfort &#8211; 0-6 Mois\"}]},{\"@type\":\"WebSite\",\"@id\":\"https:\/\/orthopara.store\/#website\",\"url\":\"https:\/\/orthopara.store\/\",\"name\":\"OrthoPara\",\"description\":\"Parapharmacie\",\"publisher\":{\"@id\":\"https:\/\/orthopara.store\/#organization\"},\"potentialAction\":[{\"@type\":\"SearchAction\",\"target\":{\"@type\":\"EntryPoint\",\"urlTemplate\":\"https:\/\/orthopara.store\/?s={search_term_string}\"},\"query-input\":\"required name=search_term_string\"}],\"inLanguage\":\"fr-FR\"},{\"@type\":\"Organization\",\"@id\":\"https:\/\/orthopara.store\/#organization\",\"name\":\"OrthoPara\",\"url\":\"https:\/\/orthopara.store\/\",\"logo\":{\"@type\":\"ImageObject\",\"inLanguage\":\"fr-FR\",\"@id\":\"https:\/\/orthopara.store\/#\/schema\/logo\/image\/\",\"url\":\"https:\/\/orthopara.store\/wp-content\/uploads\/2024\/06\/cropped-9ABA8BAD-6256-4719-9315-15C66E64E882.png\",\"contentUrl\":\"https:\/\/orthopara.store\/wp-content\/uploads\/2024\/06\/cropped-9ABA8BAD-6256-4719-9315-15C66E64E882.png\",\"width\":240,\"height\":72,\"caption\":\"OrthoPara\"},\"image\":{\"@id\":\"https:\/\/orthopara.store\/#\/schema\/logo\/image\/\"},\"sameAs\":[\"https:\/\/www.facebook.com\/profile.php?id=61561194315651\",\"https:\/\/www.instagram.com\/orthopara_tunisie\/\"]}]}<\/script>\n<!-- \/ Yoast SEO plugin. -->","yoast_head_json":{"title":"Sucette en Silicone - Chicco Physio Comfort - 0-6 Mois - OrthoPara","robots":{"index":"index","follow":"follow","max-snippet":"max-snippet:-1","max-image-preview":"max-image-preview:large","max-video-preview":"max-video-preview:-1"},"canonical":"https:\/\/orthopara.store\/index.php\/produit\/sucette-en-silicone-chicco-physio-comfort-0-6-mois\/","og_locale":"fr_FR","og_type":"article","og_title":"Sucette en Silicone - Chicco Physio Comfort - 0-6 Mois - OrthoPara","og_description":"Chicco Physio Comfort Sucette en Silicone Sucette anatomique-fonctionnelle qui s\u2019adapte \u00e0 la morphologie et la physiologie de la bouche de b\u00e9b\u00e9 et stimule correctement les fonctions de succion et de d\u00e9glutition Tranche d'\u00e2ge : 0-6 mois","og_url":"https:\/\/orthopara.store\/index.php\/produit\/sucette-en-silicone-chicco-physio-comfort-0-6-mois\/","og_site_name":"OrthoPara","article_publisher":"https:\/\/www.facebook.com\/profile.php?id=61561194315651","article_modified_time":"2024-06-28T13:53:45+00:00","og_image":[{"width":800,"height":800,"url":"https:\/\/orthopara.store\/wp-content\/uploads\/2024\/06\/sucette-en-silicone-chicco-physio-comfort-0-6-mois.jpg","type":"image\/jpeg"}],"twitter_card":"summary_large_image","schema":{"@context":"https:\/\/schema.org","@graph":[{"@type":"WebPage","@id":"https:\/\/orthopara.store\/index.php\/produit\/sucette-en-silicone-chicco-physio-comfort-0-6-mois\/","url":"https:\/\/orthopara.store\/index.php\/produit\/sucette-en-silicone-chicco-physio-comfort-0-6-mois\/","name":"Sucette en Silicone - Chicco Physio Comfort - 0-6 Mois - OrthoPara","isPartOf":{"@id":"https:\/\/orthopara.store\/#website"},"primaryImageOfPage":{"@id":"https:\/\/orthopara.store\/index.php\/produit\/sucette-en-silicone-chicco-physio-comfort-0-6-mois\/#primaryimage"},"image":{"@id":"https:\/\/orthopara.store\/index.php\/produit\/sucette-en-silicone-chicco-physio-comfort-0-6-mois\/#primaryimage"},"thumbnailUrl":"https:\/\/orthopara.store\/wp-content\/uploads\/2024\/06\/sucette-en-silicone-chicco-physio-comfort-0-6-mois.jpg","datePublished":"2024-06-28T13:53:41+00:00","dateModified":"2024-06-28T13:53:45+00:00","breadcrumb":{"@id":"https:\/\/orthopara.store\/index.php\/produit\/sucette-en-silicone-chicco-physio-comfort-0-6-mois\/#breadcrumb"},"inLanguage":"fr-FR","potentialAction":[{"@type":"ReadAction","target":["https:\/\/orthopara.store\/index.php\/produit\/sucette-en-silicone-chicco-physio-comfort-0-6-mois\/"]}]},{"@type":"ImageObject","inLanguage":"fr-FR","@id":"https:\/\/orthopara.store\/index.php\/produit\/sucette-en-silicone-chicco-physio-comfort-0-6-mois\/#primaryimage","url":"https:\/\/orthopara.store\/wp-content\/uploads\/2024\/06\/sucette-en-silicone-chicco-physio-comfort-0-6-mois.jpg","contentUrl":"https:\/\/orthopara.store\/wp-content\/uploads\/2024\/06\/sucette-en-silicone-chicco-physio-comfort-0-6-mois.jpg","width":800,"height":800},{"@type":"BreadcrumbList","@id":"https:\/\/orthopara.store\/index.php\/produit\/sucette-en-silicone-chicco-physio-comfort-0-6-mois\/#breadcrumb","itemListElement":[{"@type":"ListItem","position":1,"name":"Accueil","item":"https:\/\/orthopara.store\/"},{"@type":"ListItem","position":2,"name":"Shop","item":"https:\/\/orthopara.store\/?page_id=622"},{"@type":"ListItem","position":3,"name":"Sucette en Silicone &#8211; Chicco Physio Comfort &#8211; 0-6 Mois"}]},{"@type":"WebSite","@id":"https:\/\/orthopara.store\/#website","url":"https:\/\/orthopara.store\/","name":"OrthoPara","description":"Parapharmacie","publisher":{"@id":"https:\/\/orthopara.store\/#organization"},"potentialAction":[{"@type":"SearchAction","target":{"@type":"EntryPoint","urlTemplate":"https:\/\/orthopara.store\/?s={search_term_string}"},"query-input":"required name=search_term_string"}],"inLanguage":"fr-FR"},{"@type":"Organization","@id":"https:\/\/orthopara.store\/#organization","name":"OrthoPara","url":"https:\/\/orthopara.store\/","logo":{"@type":"ImageObject","inLanguage":"fr-FR","@id":"https:\/\/orthopara.store\/#\/schema\/logo\/image\/","url":"https:\/\/orthopara.store\/wp-content\/uploads\/2024\/06\/cropped-9ABA8BAD-6256-4719-9315-15C66E64E882.png","contentUrl":"https:\/\/orthopara.store\/wp-content\/uploads\/2024\/06\/cropped-9ABA8BAD-6256-4719-9315-15C66E64E882.png","width":240,"height":72,"caption":"OrthoPara"},"image":{"@id":"https:\/\/orthopara.store\/#\/schema\/logo\/image\/"},"sameAs":["https:\/\/www.facebook.com\/profile.php?id=61561194315651","https:\/\/www.instagram.com\/orthopara_tunisie\/"]}]}},"jetpack_sharing_enabled":true,"brands":[{"id":173,"name":"Chicco","slug":"chicco"}],"_links":{"self":[{"href":"https:\/\/orthopara.store\/index.php?rest_route=\/wp\/v2\/product\/1488","targetHints":{"allow":["GET"]}}],"collection":[{"href":"https:\/\/orthopara.store\/index.php?rest_route=\/wp\/v2\/product"}],"about":[{"href":"https:\/\/orthopara.store\/index.php?rest_route=\/wp\/v2\/types\/product"}],"replies":[{"embeddable":true,"href":"https:\/\/orthopara.store\/index.php?rest_route=%2Fwp%2Fv2%2Fcomments&post=1488"}],"wp:featuredmedia":[{"embeddable":true,"href":"https:\/\/orthopara.store\/index.php?rest_route=\/wp\/v2\/media\/1509"}],"wp:attachment":[{"href":"https:\/\/orthopara.store\/index.php?rest_route=%2Fwp%2Fv2%2Fmedia&parent=1488"}],"wp:term":[{"taxonomy":"pwb-brand","embeddable":true,"href":"https:\/\/orthopara.store\/index.php?rest_route=%2Fwp%2Fv2%2Fpwb-brand&post=1488"},{"taxonomy":"product_cat","embeddable":true,"href":"https:\/\/orthopara.store\/index.php?rest_route=%2Fwp%2Fv2%2Fproduct_cat&post=1488"},{"taxonomy":"product_tag","embeddable":true,"href":"https:\/\/orthopara.store\/index.php?rest_route=%2Fwp%2Fv2%2Fproduct_tag&post=1488"}],"curies":[{"name":"wp","href":"https:\/\/api.w.org\/{rel}","templated":true}]}}