{"id":1493,"date":"2024-06-28T15:53:41","date_gmt":"2024-06-28T13:53:41","guid":{"rendered":"https:\/\/orthopara.store\/?post_type=product&#038;p=1493"},"modified":"2024-06-28T15:53:47","modified_gmt":"2024-06-28T13:53:47","slug":"sucette-silicone-poco-baby-0-6mois","status":"publish","type":"product","link":"https:\/\/orthopara.store\/?product=sucette-silicone-poco-baby-0-6mois","title":{"rendered":"Sucette Silicone &#8211; Poco baby &#8211; 0-6mois"},"content":{"rendered":"<p>\u00a0Sucette Silicone &#8211; Poco baby &#8211; 0-6mois<br \/>\nAvant chaque utilisation, nettoyez la sucette avec un liquide vaisselle doux, puis st\u00e9rilis\u00e9. Eliminer tout liquide r\u00e9siduel de l&#8217;embout buccal et laisser ensuite s\u00e9cher la sucette.<br \/>\nNe laisser pas la sucette\u00a0dans la solution st\u00e9rilisante longtemps car cela pourrait affaiblir la sucette<br \/>\nNe laisser pas la sucette \u00e0 la lumi\u00e8re directe du soleil ou \u00e0 proximit\u00e9 d&rsquo;une source de chaleur.<br \/>\nPour des raison de s\u00e9curit\u00e9 et d&rsquo;hygi\u00e8ne, remplacer la sucette apr\u00e8s 2 mois d&rsquo;utilisation.<\/p>\n","protected":false},"excerpt":{"rendered":"<p>Poco baby<br \/>\nsucette anatomique<br \/>\n100% silicone<br \/>\n0-6 mois<br \/>\nEXISTE EN ROSE ET EN VERT<\/p>\n","protected":false},"featured_media":1514,"comment_status":"open","ping_status":"closed","template":"","meta":[],"pwb-brand":[169],"product_cat":[178],"product_tag":[],"class_list":{"0":"post-1493","1":"product","2":"type-product","3":"status-publish","4":"has-post-thumbnail","6":"pwb-brand-poco-baby","7":"product_cat-sucettes","8":"post","9":"ws-product--style-1","11":"first","12":"instock","13":"shipping-taxable","14":"purchasable","15":"product-type-simple"},"yoast_head":"<!-- This site is optimized with the Yoast SEO plugin v23.0 - https:\/\/yoast.com\/wordpress\/plugins\/seo\/ -->\n<title>Sucette Silicone - Poco baby - 0-6mois - OrthoPara<\/title>\n<meta name=\"robots\" content=\"index, follow, max-snippet:-1, max-image-preview:large, max-video-preview:-1\" \/>\n<link rel=\"canonical\" href=\"https:\/\/orthopara.store\/index.php\/produit\/sucette-silicone-poco-baby-0-6mois\/\" \/>\n<meta property=\"og:locale\" content=\"fr_FR\" \/>\n<meta property=\"og:type\" content=\"article\" \/>\n<meta property=\"og:title\" content=\"Sucette Silicone - Poco baby - 0-6mois - OrthoPara\" \/>\n<meta property=\"og:description\" content=\"Poco baby sucette anatomique 100% silicone 0-6 mois EXISTE EN ROSE ET EN VERT\" \/>\n<meta property=\"og:url\" content=\"https:\/\/orthopara.store\/index.php\/produit\/sucette-silicone-poco-baby-0-6mois\/\" \/>\n<meta property=\"og:site_name\" content=\"OrthoPara\" \/>\n<meta property=\"article:publisher\" content=\"https:\/\/www.facebook.com\/profile.php?id=61561194315651\" \/>\n<meta property=\"article:modified_time\" content=\"2024-06-28T13:53:47+00:00\" \/>\n<meta property=\"og:image\" content=\"https:\/\/orthopara.store\/wp-content\/uploads\/2024\/06\/sucette-silicone-poco-baby-0-6mois.jpg\" \/>\n\t<meta property=\"og:image:width\" content=\"800\" \/>\n\t<meta property=\"og:image:height\" content=\"800\" \/>\n\t<meta property=\"og:image:type\" content=\"image\/jpeg\" \/>\n<meta name=\"twitter:card\" content=\"summary_large_image\" \/>\n<script type=\"application\/ld+json\" class=\"yoast-schema-graph\">{\"@context\":\"https:\/\/schema.org\",\"@graph\":[{\"@type\":\"WebPage\",\"@id\":\"https:\/\/orthopara.store\/index.php\/produit\/sucette-silicone-poco-baby-0-6mois\/\",\"url\":\"https:\/\/orthopara.store\/index.php\/produit\/sucette-silicone-poco-baby-0-6mois\/\",\"name\":\"Sucette Silicone - Poco baby - 0-6mois - OrthoPara\",\"isPartOf\":{\"@id\":\"https:\/\/orthopara.store\/#website\"},\"primaryImageOfPage\":{\"@id\":\"https:\/\/orthopara.store\/index.php\/produit\/sucette-silicone-poco-baby-0-6mois\/#primaryimage\"},\"image\":{\"@id\":\"https:\/\/orthopara.store\/index.php\/produit\/sucette-silicone-poco-baby-0-6mois\/#primaryimage\"},\"thumbnailUrl\":\"https:\/\/orthopara.store\/wp-content\/uploads\/2024\/06\/sucette-silicone-poco-baby-0-6mois.jpg\",\"datePublished\":\"2024-06-28T13:53:41+00:00\",\"dateModified\":\"2024-06-28T13:53:47+00:00\",\"breadcrumb\":{\"@id\":\"https:\/\/orthopara.store\/index.php\/produit\/sucette-silicone-poco-baby-0-6mois\/#breadcrumb\"},\"inLanguage\":\"fr-FR\",\"potentialAction\":[{\"@type\":\"ReadAction\",\"target\":[\"https:\/\/orthopara.store\/index.php\/produit\/sucette-silicone-poco-baby-0-6mois\/\"]}]},{\"@type\":\"ImageObject\",\"inLanguage\":\"fr-FR\",\"@id\":\"https:\/\/orthopara.store\/index.php\/produit\/sucette-silicone-poco-baby-0-6mois\/#primaryimage\",\"url\":\"https:\/\/orthopara.store\/wp-content\/uploads\/2024\/06\/sucette-silicone-poco-baby-0-6mois.jpg\",\"contentUrl\":\"https:\/\/orthopara.store\/wp-content\/uploads\/2024\/06\/sucette-silicone-poco-baby-0-6mois.jpg\",\"width\":800,\"height\":800},{\"@type\":\"BreadcrumbList\",\"@id\":\"https:\/\/orthopara.store\/index.php\/produit\/sucette-silicone-poco-baby-0-6mois\/#breadcrumb\",\"itemListElement\":[{\"@type\":\"ListItem\",\"position\":1,\"name\":\"Accueil\",\"item\":\"https:\/\/orthopara.store\/\"},{\"@type\":\"ListItem\",\"position\":2,\"name\":\"Shop\",\"item\":\"https:\/\/orthopara.store\/?page_id=622\"},{\"@type\":\"ListItem\",\"position\":3,\"name\":\"Sucette Silicone &#8211; Poco baby &#8211; 0-6mois\"}]},{\"@type\":\"WebSite\",\"@id\":\"https:\/\/orthopara.store\/#website\",\"url\":\"https:\/\/orthopara.store\/\",\"name\":\"OrthoPara\",\"description\":\"Parapharmacie\",\"publisher\":{\"@id\":\"https:\/\/orthopara.store\/#organization\"},\"potentialAction\":[{\"@type\":\"SearchAction\",\"target\":{\"@type\":\"EntryPoint\",\"urlTemplate\":\"https:\/\/orthopara.store\/?s={search_term_string}\"},\"query-input\":\"required name=search_term_string\"}],\"inLanguage\":\"fr-FR\"},{\"@type\":\"Organization\",\"@id\":\"https:\/\/orthopara.store\/#organization\",\"name\":\"OrthoPara\",\"url\":\"https:\/\/orthopara.store\/\",\"logo\":{\"@type\":\"ImageObject\",\"inLanguage\":\"fr-FR\",\"@id\":\"https:\/\/orthopara.store\/#\/schema\/logo\/image\/\",\"url\":\"https:\/\/orthopara.store\/wp-content\/uploads\/2024\/06\/cropped-9ABA8BAD-6256-4719-9315-15C66E64E882.png\",\"contentUrl\":\"https:\/\/orthopara.store\/wp-content\/uploads\/2024\/06\/cropped-9ABA8BAD-6256-4719-9315-15C66E64E882.png\",\"width\":240,\"height\":72,\"caption\":\"OrthoPara\"},\"image\":{\"@id\":\"https:\/\/orthopara.store\/#\/schema\/logo\/image\/\"},\"sameAs\":[\"https:\/\/www.facebook.com\/profile.php?id=61561194315651\",\"https:\/\/www.instagram.com\/orthopara_tunisie\/\"]}]}<\/script>\n<!-- \/ Yoast SEO plugin. -->","yoast_head_json":{"title":"Sucette Silicone - Poco baby - 0-6mois - OrthoPara","robots":{"index":"index","follow":"follow","max-snippet":"max-snippet:-1","max-image-preview":"max-image-preview:large","max-video-preview":"max-video-preview:-1"},"canonical":"https:\/\/orthopara.store\/index.php\/produit\/sucette-silicone-poco-baby-0-6mois\/","og_locale":"fr_FR","og_type":"article","og_title":"Sucette Silicone - Poco baby - 0-6mois - OrthoPara","og_description":"Poco baby sucette anatomique 100% silicone 0-6 mois EXISTE EN ROSE ET EN VERT","og_url":"https:\/\/orthopara.store\/index.php\/produit\/sucette-silicone-poco-baby-0-6mois\/","og_site_name":"OrthoPara","article_publisher":"https:\/\/www.facebook.com\/profile.php?id=61561194315651","article_modified_time":"2024-06-28T13:53:47+00:00","og_image":[{"width":800,"height":800,"url":"https:\/\/orthopara.store\/wp-content\/uploads\/2024\/06\/sucette-silicone-poco-baby-0-6mois.jpg","type":"image\/jpeg"}],"twitter_card":"summary_large_image","schema":{"@context":"https:\/\/schema.org","@graph":[{"@type":"WebPage","@id":"https:\/\/orthopara.store\/index.php\/produit\/sucette-silicone-poco-baby-0-6mois\/","url":"https:\/\/orthopara.store\/index.php\/produit\/sucette-silicone-poco-baby-0-6mois\/","name":"Sucette Silicone - Poco baby - 0-6mois - OrthoPara","isPartOf":{"@id":"https:\/\/orthopara.store\/#website"},"primaryImageOfPage":{"@id":"https:\/\/orthopara.store\/index.php\/produit\/sucette-silicone-poco-baby-0-6mois\/#primaryimage"},"image":{"@id":"https:\/\/orthopara.store\/index.php\/produit\/sucette-silicone-poco-baby-0-6mois\/#primaryimage"},"thumbnailUrl":"https:\/\/orthopara.store\/wp-content\/uploads\/2024\/06\/sucette-silicone-poco-baby-0-6mois.jpg","datePublished":"2024-06-28T13:53:41+00:00","dateModified":"2024-06-28T13:53:47+00:00","breadcrumb":{"@id":"https:\/\/orthopara.store\/index.php\/produit\/sucette-silicone-poco-baby-0-6mois\/#breadcrumb"},"inLanguage":"fr-FR","potentialAction":[{"@type":"ReadAction","target":["https:\/\/orthopara.store\/index.php\/produit\/sucette-silicone-poco-baby-0-6mois\/"]}]},{"@type":"ImageObject","inLanguage":"fr-FR","@id":"https:\/\/orthopara.store\/index.php\/produit\/sucette-silicone-poco-baby-0-6mois\/#primaryimage","url":"https:\/\/orthopara.store\/wp-content\/uploads\/2024\/06\/sucette-silicone-poco-baby-0-6mois.jpg","contentUrl":"https:\/\/orthopara.store\/wp-content\/uploads\/2024\/06\/sucette-silicone-poco-baby-0-6mois.jpg","width":800,"height":800},{"@type":"BreadcrumbList","@id":"https:\/\/orthopara.store\/index.php\/produit\/sucette-silicone-poco-baby-0-6mois\/#breadcrumb","itemListElement":[{"@type":"ListItem","position":1,"name":"Accueil","item":"https:\/\/orthopara.store\/"},{"@type":"ListItem","position":2,"name":"Shop","item":"https:\/\/orthopara.store\/?page_id=622"},{"@type":"ListItem","position":3,"name":"Sucette Silicone &#8211; Poco baby &#8211; 0-6mois"}]},{"@type":"WebSite","@id":"https:\/\/orthopara.store\/#website","url":"https:\/\/orthopara.store\/","name":"OrthoPara","description":"Parapharmacie","publisher":{"@id":"https:\/\/orthopara.store\/#organization"},"potentialAction":[{"@type":"SearchAction","target":{"@type":"EntryPoint","urlTemplate":"https:\/\/orthopara.store\/?s={search_term_string}"},"query-input":"required name=search_term_string"}],"inLanguage":"fr-FR"},{"@type":"Organization","@id":"https:\/\/orthopara.store\/#organization","name":"OrthoPara","url":"https:\/\/orthopara.store\/","logo":{"@type":"ImageObject","inLanguage":"fr-FR","@id":"https:\/\/orthopara.store\/#\/schema\/logo\/image\/","url":"https:\/\/orthopara.store\/wp-content\/uploads\/2024\/06\/cropped-9ABA8BAD-6256-4719-9315-15C66E64E882.png","contentUrl":"https:\/\/orthopara.store\/wp-content\/uploads\/2024\/06\/cropped-9ABA8BAD-6256-4719-9315-15C66E64E882.png","width":240,"height":72,"caption":"OrthoPara"},"image":{"@id":"https:\/\/orthopara.store\/#\/schema\/logo\/image\/"},"sameAs":["https:\/\/www.facebook.com\/profile.php?id=61561194315651","https:\/\/www.instagram.com\/orthopara_tunisie\/"]}]}},"jetpack_sharing_enabled":true,"brands":[{"id":169,"name":"POCO BABY","slug":"poco-baby"}],"_links":{"self":[{"href":"https:\/\/orthopara.store\/index.php?rest_route=\/wp\/v2\/product\/1493","targetHints":{"allow":["GET"]}}],"collection":[{"href":"https:\/\/orthopara.store\/index.php?rest_route=\/wp\/v2\/product"}],"about":[{"href":"https:\/\/orthopara.store\/index.php?rest_route=\/wp\/v2\/types\/product"}],"replies":[{"embeddable":true,"href":"https:\/\/orthopara.store\/index.php?rest_route=%2Fwp%2Fv2%2Fcomments&post=1493"}],"wp:featuredmedia":[{"embeddable":true,"href":"https:\/\/orthopara.store\/index.php?rest_route=\/wp\/v2\/media\/1514"}],"wp:attachment":[{"href":"https:\/\/orthopara.store\/index.php?rest_route=%2Fwp%2Fv2%2Fmedia&parent=1493"}],"wp:term":[{"taxonomy":"pwb-brand","embeddable":true,"href":"https:\/\/orthopara.store\/index.php?rest_route=%2Fwp%2Fv2%2Fpwb-brand&post=1493"},{"taxonomy":"product_cat","embeddable":true,"href":"https:\/\/orthopara.store\/index.php?rest_route=%2Fwp%2Fv2%2Fproduct_cat&post=1493"},{"taxonomy":"product_tag","embeddable":true,"href":"https:\/\/orthopara.store\/index.php?rest_route=%2Fwp%2Fv2%2Fproduct_tag&post=1493"}],"curies":[{"name":"wp","href":"https:\/\/api.w.org\/{rel}","templated":true}]}}