{"id":1494,"date":"2024-06-28T15:53:42","date_gmt":"2024-06-28T13:53:42","guid":{"rendered":"https:\/\/orthopara.store\/?post_type=product&#038;p=1494"},"modified":"2024-11-07T09:49:20","modified_gmt":"2024-11-07T08:49:20","slug":"canpol-babies-sucettes-symetriques-silicone-bleu-0-6m-2-pieces","status":"publish","type":"product","link":"https:\/\/orthopara.store\/?product=canpol-babies-sucettes-symetriques-silicone-bleu-0-6m-2-pieces","title":{"rendered":"Canpol babies &#8211; Sucettes sym\u00e9triques silicone bleu 0-6m &#8211; 2 pi\u00e8ces"},"content":{"rendered":"<p>Caract\u00e9ristiques :<br \/>\nSucette exceptionnellement l\u00e9g\u00e8re, recommand\u00e9e comme premi\u00e8re sucette de b\u00e9b\u00e9 par 88% des orthophonistes neurologues<br \/>\nLa t\u00e9tine exceptionnellement douce n\u00e9cessite moins d&rsquo;effort pour t\u00e9ter, elle apaise donc rapidement le b\u00e9b\u00e9<br \/>\nSucette fabriqu\u00e9e en silicone s\u00fbr et 100 % hypoallerg\u00e9nique, elle est durable et r\u00e9sistante \u00e0 la d\u00e9formation<br \/>\nForme sp\u00e9cialement profil\u00e9e sous le nez pour faciliter la respiration<br \/>\n\u00c9tui moderne pour une st\u00e9rilisation rapide et pratique au four \u00e0 micro-ondes &#8211; 2 minutes et un peu d&rsquo;eau suffisent pour garder les sucettes hygi\u00e9niquement propres<\/p>\n<p>Instructions de st\u00e9rilisation :\u00a0<br \/>\nAvant la premi\u00e8re utilisation et chaque utilisation ult\u00e9rieure, lavez le bo\u00eetier \u00e0 l&rsquo;eau ti\u00e8de avec un d\u00e9tergent doux, rincez abondamment.\u00a0<br \/>\nVersez 25 ml d&rsquo;eau bouillie dans la base. IMPORTANT Ajouter trop peu d\u2019eau peut endommager le bo\u00eetier. Ajouter trop d\u2019eau peut entra\u00eener une d\u00e9sinfection inappropri\u00e9e.\u00a0<br \/>\nMettez les sucettes dans l&rsquo;\u00e9tui.\u00a0<br \/>\nMettez le couvercle et fermez herm\u00e9tiquement.\u00a0<br \/>\nPlacez le bo\u00eetier ferm\u00e9 dans le four \u00e0 micro-ondes.\u00a0<br \/>\nPour les fours \u00e0 micro-ondes de 750 \u00e0 1 000 W, le temps de d\u00e9sinfection est de 2 minutes. Ne d\u00e9passez pas le temps de d\u00e9sinfection.<br \/>\nLa sucette peut \u00eatre d\u00e9sinfect\u00e9e dans des st\u00e9rilisateurs vapeur\/\u00e9lectriques ou dans l&rsquo;\u00e9tui fourni, selon les instructions fournies. Pour le nettoyage, n&rsquo;utilisez pas de d\u00e9tergents antibact\u00e9riens ou abrasifs. Des concentrations trop \u00e9lev\u00e9es de d\u00e9tergents peuvent endommager les pi\u00e8ces en plastique. Ne lavez pas la sucette au lave-vaisselle.\u00a0<\/p>\n","protected":false},"excerpt":{"rendered":"<p>Set de deux Sucettes Sym\u00e9triques<br \/>\nFaciles \u00e0 nettoyer gr\u00e2ce \u00e0 l\u2019\u00e9tui moderne qui peut \u00eatre utilis\u00e9 pour le stockage ainsi que pour une d\u00e9sinfection rapide et pratique : un peu d\u2019eau et deux minutes au micro-ondes suffisent pour s\u2019assurer que les sucettes sont hygi\u00e9niquement propres.<br \/>\nLes sucettes Light Touch sont tr\u00e8s l\u00e9ger pour assurer le maximum de confort aux plus jeunes b\u00e9b\u00e9s.<br \/>\nRecommand\u00e9 pour les b\u00e9b\u00e9s de moins de 6 mois<\/p>\n","protected":false},"featured_media":1515,"comment_status":"open","ping_status":"closed","template":"","meta":[],"pwb-brand":[174],"product_cat":[178],"product_tag":[],"class_list":{"0":"post-1494","1":"product","2":"type-product","3":"status-publish","4":"has-post-thumbnail","6":"pwb-brand-canpol-babies","7":"product_cat-sucettes","8":"post","9":"ws-product--style-1","11":"first","12":"instock","13":"shipping-taxable","14":"purchasable","15":"product-type-simple"},"yoast_head":"<!-- This site is optimized with the Yoast SEO plugin v23.0 - https:\/\/yoast.com\/wordpress\/plugins\/seo\/ -->\n<title>Canpol babies - Sucettes sym\u00e9triques silicone bleu 0-6m - 2 pi\u00e8ces - OrthoPara<\/title>\n<meta name=\"robots\" content=\"index, follow, max-snippet:-1, max-image-preview:large, max-video-preview:-1\" \/>\n<link rel=\"canonical\" href=\"https:\/\/orthopara.store\/index.php\/produit\/canpol-babies-sucettes-symetriques-silicone-bleu-0-6m-2-pieces\/\" \/>\n<meta property=\"og:locale\" content=\"fr_FR\" \/>\n<meta property=\"og:type\" content=\"article\" \/>\n<meta property=\"og:title\" content=\"Canpol babies - Sucettes sym\u00e9triques silicone bleu 0-6m - 2 pi\u00e8ces - OrthoPara\" \/>\n<meta property=\"og:description\" content=\"Set de deux Sucettes Sym\u00e9triques Faciles \u00e0 nettoyer gr\u00e2ce \u00e0 l\u2019\u00e9tui moderne qui peut \u00eatre utilis\u00e9 pour le stockage ainsi que pour une d\u00e9sinfection rapide et pratique : un peu d\u2019eau et deux minutes au micro-ondes suffisent pour s\u2019assurer que les sucettes sont hygi\u00e9niquement propres. Les sucettes Light Touch sont tr\u00e8s l\u00e9ger pour assurer le maximum de confort aux plus jeunes b\u00e9b\u00e9s. Recommand\u00e9 pour les b\u00e9b\u00e9s de moins de 6 mois\" \/>\n<meta property=\"og:url\" content=\"https:\/\/orthopara.store\/index.php\/produit\/canpol-babies-sucettes-symetriques-silicone-bleu-0-6m-2-pieces\/\" \/>\n<meta property=\"og:site_name\" content=\"OrthoPara\" \/>\n<meta property=\"article:publisher\" content=\"https:\/\/www.facebook.com\/profile.php?id=61561194315651\" \/>\n<meta property=\"article:modified_time\" content=\"2024-11-07T08:49:20+00:00\" \/>\n<meta property=\"og:image\" content=\"https:\/\/orthopara.store\/wp-content\/uploads\/2024\/06\/canpol-babies-sucettes-symetriques-0-6m-2-pieces.jpg\" \/>\n\t<meta property=\"og:image:width\" content=\"800\" \/>\n\t<meta property=\"og:image:height\" content=\"800\" \/>\n\t<meta property=\"og:image:type\" content=\"image\/jpeg\" \/>\n<meta name=\"twitter:card\" content=\"summary_large_image\" \/>\n<meta name=\"twitter:label1\" content=\"Dur\u00e9e de lecture estim\u00e9e\" \/>\n\t<meta name=\"twitter:data1\" content=\"1 minute\" \/>\n<script type=\"application\/ld+json\" class=\"yoast-schema-graph\">{\"@context\":\"https:\/\/schema.org\",\"@graph\":[{\"@type\":\"WebPage\",\"@id\":\"https:\/\/orthopara.store\/index.php\/produit\/canpol-babies-sucettes-symetriques-silicone-bleu-0-6m-2-pieces\/\",\"url\":\"https:\/\/orthopara.store\/index.php\/produit\/canpol-babies-sucettes-symetriques-silicone-bleu-0-6m-2-pieces\/\",\"name\":\"Canpol babies - Sucettes sym\u00e9triques silicone bleu 0-6m - 2 pi\u00e8ces - OrthoPara\",\"isPartOf\":{\"@id\":\"https:\/\/orthopara.store\/#website\"},\"primaryImageOfPage\":{\"@id\":\"https:\/\/orthopara.store\/index.php\/produit\/canpol-babies-sucettes-symetriques-silicone-bleu-0-6m-2-pieces\/#primaryimage\"},\"image\":{\"@id\":\"https:\/\/orthopara.store\/index.php\/produit\/canpol-babies-sucettes-symetriques-silicone-bleu-0-6m-2-pieces\/#primaryimage\"},\"thumbnailUrl\":\"https:\/\/orthopara.store\/wp-content\/uploads\/2024\/06\/canpol-babies-sucettes-symetriques-0-6m-2-pieces.jpg\",\"datePublished\":\"2024-06-28T13:53:42+00:00\",\"dateModified\":\"2024-11-07T08:49:20+00:00\",\"breadcrumb\":{\"@id\":\"https:\/\/orthopara.store\/index.php\/produit\/canpol-babies-sucettes-symetriques-silicone-bleu-0-6m-2-pieces\/#breadcrumb\"},\"inLanguage\":\"fr-FR\",\"potentialAction\":[{\"@type\":\"ReadAction\",\"target\":[\"https:\/\/orthopara.store\/index.php\/produit\/canpol-babies-sucettes-symetriques-silicone-bleu-0-6m-2-pieces\/\"]}]},{\"@type\":\"ImageObject\",\"inLanguage\":\"fr-FR\",\"@id\":\"https:\/\/orthopara.store\/index.php\/produit\/canpol-babies-sucettes-symetriques-silicone-bleu-0-6m-2-pieces\/#primaryimage\",\"url\":\"https:\/\/orthopara.store\/wp-content\/uploads\/2024\/06\/canpol-babies-sucettes-symetriques-0-6m-2-pieces.jpg\",\"contentUrl\":\"https:\/\/orthopara.store\/wp-content\/uploads\/2024\/06\/canpol-babies-sucettes-symetriques-0-6m-2-pieces.jpg\",\"width\":800,\"height\":800},{\"@type\":\"BreadcrumbList\",\"@id\":\"https:\/\/orthopara.store\/index.php\/produit\/canpol-babies-sucettes-symetriques-silicone-bleu-0-6m-2-pieces\/#breadcrumb\",\"itemListElement\":[{\"@type\":\"ListItem\",\"position\":1,\"name\":\"Accueil\",\"item\":\"https:\/\/orthopara.store\/\"},{\"@type\":\"ListItem\",\"position\":2,\"name\":\"Shop\",\"item\":\"https:\/\/orthopara.store\/?page_id=622\"},{\"@type\":\"ListItem\",\"position\":3,\"name\":\"Canpol babies &#8211; Sucettes sym\u00e9triques silicone bleu 0-6m &#8211; 2 pi\u00e8ces\"}]},{\"@type\":\"WebSite\",\"@id\":\"https:\/\/orthopara.store\/#website\",\"url\":\"https:\/\/orthopara.store\/\",\"name\":\"OrthoPara\",\"description\":\"Parapharmacie\",\"publisher\":{\"@id\":\"https:\/\/orthopara.store\/#organization\"},\"potentialAction\":[{\"@type\":\"SearchAction\",\"target\":{\"@type\":\"EntryPoint\",\"urlTemplate\":\"https:\/\/orthopara.store\/?s={search_term_string}\"},\"query-input\":\"required name=search_term_string\"}],\"inLanguage\":\"fr-FR\"},{\"@type\":\"Organization\",\"@id\":\"https:\/\/orthopara.store\/#organization\",\"name\":\"OrthoPara\",\"url\":\"https:\/\/orthopara.store\/\",\"logo\":{\"@type\":\"ImageObject\",\"inLanguage\":\"fr-FR\",\"@id\":\"https:\/\/orthopara.store\/#\/schema\/logo\/image\/\",\"url\":\"https:\/\/orthopara.store\/wp-content\/uploads\/2024\/06\/cropped-9ABA8BAD-6256-4719-9315-15C66E64E882.png\",\"contentUrl\":\"https:\/\/orthopara.store\/wp-content\/uploads\/2024\/06\/cropped-9ABA8BAD-6256-4719-9315-15C66E64E882.png\",\"width\":240,\"height\":72,\"caption\":\"OrthoPara\"},\"image\":{\"@id\":\"https:\/\/orthopara.store\/#\/schema\/logo\/image\/\"},\"sameAs\":[\"https:\/\/www.facebook.com\/profile.php?id=61561194315651\",\"https:\/\/www.instagram.com\/orthopara_tunisie\/\"]}]}<\/script>\n<!-- \/ Yoast SEO plugin. -->","yoast_head_json":{"title":"Canpol babies - Sucettes sym\u00e9triques silicone bleu 0-6m - 2 pi\u00e8ces - OrthoPara","robots":{"index":"index","follow":"follow","max-snippet":"max-snippet:-1","max-image-preview":"max-image-preview:large","max-video-preview":"max-video-preview:-1"},"canonical":"https:\/\/orthopara.store\/index.php\/produit\/canpol-babies-sucettes-symetriques-silicone-bleu-0-6m-2-pieces\/","og_locale":"fr_FR","og_type":"article","og_title":"Canpol babies - Sucettes sym\u00e9triques silicone bleu 0-6m - 2 pi\u00e8ces - OrthoPara","og_description":"Set de deux Sucettes Sym\u00e9triques Faciles \u00e0 nettoyer gr\u00e2ce \u00e0 l\u2019\u00e9tui moderne qui peut \u00eatre utilis\u00e9 pour le stockage ainsi que pour une d\u00e9sinfection rapide et pratique : un peu d\u2019eau et deux minutes au micro-ondes suffisent pour s\u2019assurer que les sucettes sont hygi\u00e9niquement propres. Les sucettes Light Touch sont tr\u00e8s l\u00e9ger pour assurer le maximum de confort aux plus jeunes b\u00e9b\u00e9s. Recommand\u00e9 pour les b\u00e9b\u00e9s de moins de 6 mois","og_url":"https:\/\/orthopara.store\/index.php\/produit\/canpol-babies-sucettes-symetriques-silicone-bleu-0-6m-2-pieces\/","og_site_name":"OrthoPara","article_publisher":"https:\/\/www.facebook.com\/profile.php?id=61561194315651","article_modified_time":"2024-11-07T08:49:20+00:00","og_image":[{"width":800,"height":800,"url":"https:\/\/orthopara.store\/wp-content\/uploads\/2024\/06\/canpol-babies-sucettes-symetriques-0-6m-2-pieces.jpg","type":"image\/jpeg"}],"twitter_card":"summary_large_image","twitter_misc":{"Dur\u00e9e de lecture estim\u00e9e":"1 minute"},"schema":{"@context":"https:\/\/schema.org","@graph":[{"@type":"WebPage","@id":"https:\/\/orthopara.store\/index.php\/produit\/canpol-babies-sucettes-symetriques-silicone-bleu-0-6m-2-pieces\/","url":"https:\/\/orthopara.store\/index.php\/produit\/canpol-babies-sucettes-symetriques-silicone-bleu-0-6m-2-pieces\/","name":"Canpol babies - Sucettes sym\u00e9triques silicone bleu 0-6m - 2 pi\u00e8ces - OrthoPara","isPartOf":{"@id":"https:\/\/orthopara.store\/#website"},"primaryImageOfPage":{"@id":"https:\/\/orthopara.store\/index.php\/produit\/canpol-babies-sucettes-symetriques-silicone-bleu-0-6m-2-pieces\/#primaryimage"},"image":{"@id":"https:\/\/orthopara.store\/index.php\/produit\/canpol-babies-sucettes-symetriques-silicone-bleu-0-6m-2-pieces\/#primaryimage"},"thumbnailUrl":"https:\/\/orthopara.store\/wp-content\/uploads\/2024\/06\/canpol-babies-sucettes-symetriques-0-6m-2-pieces.jpg","datePublished":"2024-06-28T13:53:42+00:00","dateModified":"2024-11-07T08:49:20+00:00","breadcrumb":{"@id":"https:\/\/orthopara.store\/index.php\/produit\/canpol-babies-sucettes-symetriques-silicone-bleu-0-6m-2-pieces\/#breadcrumb"},"inLanguage":"fr-FR","potentialAction":[{"@type":"ReadAction","target":["https:\/\/orthopara.store\/index.php\/produit\/canpol-babies-sucettes-symetriques-silicone-bleu-0-6m-2-pieces\/"]}]},{"@type":"ImageObject","inLanguage":"fr-FR","@id":"https:\/\/orthopara.store\/index.php\/produit\/canpol-babies-sucettes-symetriques-silicone-bleu-0-6m-2-pieces\/#primaryimage","url":"https:\/\/orthopara.store\/wp-content\/uploads\/2024\/06\/canpol-babies-sucettes-symetriques-0-6m-2-pieces.jpg","contentUrl":"https:\/\/orthopara.store\/wp-content\/uploads\/2024\/06\/canpol-babies-sucettes-symetriques-0-6m-2-pieces.jpg","width":800,"height":800},{"@type":"BreadcrumbList","@id":"https:\/\/orthopara.store\/index.php\/produit\/canpol-babies-sucettes-symetriques-silicone-bleu-0-6m-2-pieces\/#breadcrumb","itemListElement":[{"@type":"ListItem","position":1,"name":"Accueil","item":"https:\/\/orthopara.store\/"},{"@type":"ListItem","position":2,"name":"Shop","item":"https:\/\/orthopara.store\/?page_id=622"},{"@type":"ListItem","position":3,"name":"Canpol babies &#8211; Sucettes sym\u00e9triques silicone bleu 0-6m &#8211; 2 pi\u00e8ces"}]},{"@type":"WebSite","@id":"https:\/\/orthopara.store\/#website","url":"https:\/\/orthopara.store\/","name":"OrthoPara","description":"Parapharmacie","publisher":{"@id":"https:\/\/orthopara.store\/#organization"},"potentialAction":[{"@type":"SearchAction","target":{"@type":"EntryPoint","urlTemplate":"https:\/\/orthopara.store\/?s={search_term_string}"},"query-input":"required name=search_term_string"}],"inLanguage":"fr-FR"},{"@type":"Organization","@id":"https:\/\/orthopara.store\/#organization","name":"OrthoPara","url":"https:\/\/orthopara.store\/","logo":{"@type":"ImageObject","inLanguage":"fr-FR","@id":"https:\/\/orthopara.store\/#\/schema\/logo\/image\/","url":"https:\/\/orthopara.store\/wp-content\/uploads\/2024\/06\/cropped-9ABA8BAD-6256-4719-9315-15C66E64E882.png","contentUrl":"https:\/\/orthopara.store\/wp-content\/uploads\/2024\/06\/cropped-9ABA8BAD-6256-4719-9315-15C66E64E882.png","width":240,"height":72,"caption":"OrthoPara"},"image":{"@id":"https:\/\/orthopara.store\/#\/schema\/logo\/image\/"},"sameAs":["https:\/\/www.facebook.com\/profile.php?id=61561194315651","https:\/\/www.instagram.com\/orthopara_tunisie\/"]}]}},"jetpack_sharing_enabled":true,"brands":[{"id":174,"name":"Canpol babies","slug":"canpol-babies"}],"_links":{"self":[{"href":"https:\/\/orthopara.store\/index.php?rest_route=\/wp\/v2\/product\/1494","targetHints":{"allow":["GET"]}}],"collection":[{"href":"https:\/\/orthopara.store\/index.php?rest_route=\/wp\/v2\/product"}],"about":[{"href":"https:\/\/orthopara.store\/index.php?rest_route=\/wp\/v2\/types\/product"}],"replies":[{"embeddable":true,"href":"https:\/\/orthopara.store\/index.php?rest_route=%2Fwp%2Fv2%2Fcomments&post=1494"}],"wp:featuredmedia":[{"embeddable":true,"href":"https:\/\/orthopara.store\/index.php?rest_route=\/wp\/v2\/media\/1515"}],"wp:attachment":[{"href":"https:\/\/orthopara.store\/index.php?rest_route=%2Fwp%2Fv2%2Fmedia&parent=1494"}],"wp:term":[{"taxonomy":"pwb-brand","embeddable":true,"href":"https:\/\/orthopara.store\/index.php?rest_route=%2Fwp%2Fv2%2Fpwb-brand&post=1494"},{"taxonomy":"product_cat","embeddable":true,"href":"https:\/\/orthopara.store\/index.php?rest_route=%2Fwp%2Fv2%2Fproduct_cat&post=1494"},{"taxonomy":"product_tag","embeddable":true,"href":"https:\/\/orthopara.store\/index.php?rest_route=%2Fwp%2Fv2%2Fproduct_tag&post=1494"}],"curies":[{"name":"wp","href":"https:\/\/api.w.org\/{rel}","templated":true}]}}