{"id":1496,"date":"2024-06-28T15:53:42","date_gmt":"2024-06-28T13:53:42","guid":{"rendered":"https:\/\/orthopara.store\/?post_type=product&#038;p=1496"},"modified":"2024-11-07T09:48:37","modified_gmt":"2024-11-07T08:48:37","slug":"canpol-babies-attache-sucette-i-love-mummy-0m","status":"publish","type":"product","link":"https:\/\/orthopara.store\/?product=canpol-babies-attache-sucette-i-love-mummy-0m","title":{"rendered":"Canpol babies &#8211; Attache sucette I love mummy &#8211; 0m+"},"content":{"rendered":"<p>Caract\u00e9ristiques :<br \/>\nLe clip pratique garantit une bonne fixation aux v\u00eatements de l&rsquo;enfant<br \/>\nLes formes arrondies \u00e9liminent le risque de rayure ou de blessure<br \/>\nGr\u00e2ce \u00e0 une simple pince, le support peut \u00eatre facilement fix\u00e9, m\u00eame d&rsquo;une seule main<br \/>\nPr\u00e9cautions :<br \/>\nUtilisez le clip pour fixer l&rsquo;attache sucette uniquement sur les v\u00eatements de votre enfant.<br \/>\nL&rsquo;attache sucette ne peut pas \u00eatre utilis\u00e9 au lave-vaisselle ou au micro-ondes. L&rsquo;attache sucette ne peut pas \u00eatre bouilli ou chauff\u00e9 au micro-ondes.<\/p>\n","protected":false},"excerpt":{"rendered":"<p>l&rsquo;attache sucette I love mummy prot\u00e8ge la sucette pr\u00e9f\u00e9r\u00e9e de votre enfant contre les chutes, les salissures ou les pertes. Gr\u00e2ce \u00e0 un simple clip, l&rsquo;attache sucette peut \u00eatre fix\u00e9e aux v\u00eatements de b\u00e9b\u00e9 d&rsquo;une seule main. Sans BPA.\u00a0<br \/>\nL&rsquo;attache sucette est disponible en plusieurs coloris : Gris, Rose pastel et Bleu pastel<\/p>\n","protected":false},"featured_media":1517,"comment_status":"open","ping_status":"closed","template":"","meta":[],"pwb-brand":[174],"product_cat":[178],"product_tag":[],"class_list":{"0":"post-1496","1":"product","2":"type-product","3":"status-publish","4":"has-post-thumbnail","6":"pwb-brand-canpol-babies","7":"product_cat-sucettes","8":"post","9":"ws-product--style-1","11":"first","12":"instock","13":"shipping-taxable","14":"purchasable","15":"product-type-simple"},"yoast_head":"<!-- This site is optimized with the Yoast SEO plugin v23.0 - https:\/\/yoast.com\/wordpress\/plugins\/seo\/ -->\n<title>Canpol babies - Attache sucette I love mummy - 0m+ - OrthoPara<\/title>\n<meta name=\"robots\" content=\"index, follow, max-snippet:-1, max-image-preview:large, max-video-preview:-1\" \/>\n<link rel=\"canonical\" href=\"https:\/\/orthopara.store\/index.php\/produit\/canpol-babies-attache-sucette-i-love-mummy-0m\/\" \/>\n<meta property=\"og:locale\" content=\"fr_FR\" \/>\n<meta property=\"og:type\" content=\"article\" \/>\n<meta property=\"og:title\" content=\"Canpol babies - Attache sucette I love mummy - 0m+ - OrthoPara\" \/>\n<meta property=\"og:description\" content=\"l&#039;attache sucette I love mummy prot\u00e8ge la sucette pr\u00e9f\u00e9r\u00e9e de votre enfant contre les chutes, les salissures ou les pertes. Gr\u00e2ce \u00e0 un simple clip, l&#039;attache sucette peut \u00eatre fix\u00e9e aux v\u00eatements de b\u00e9b\u00e9 d&#039;une seule main. Sans BPA.\u00a0 L&#039;attache sucette est disponible en plusieurs coloris : Gris, Rose pastel et Bleu pastel\" \/>\n<meta property=\"og:url\" content=\"https:\/\/orthopara.store\/index.php\/produit\/canpol-babies-attache-sucette-i-love-mummy-0m\/\" \/>\n<meta property=\"og:site_name\" content=\"OrthoPara\" \/>\n<meta property=\"article:publisher\" content=\"https:\/\/www.facebook.com\/profile.php?id=61561194315651\" \/>\n<meta property=\"article:modified_time\" content=\"2024-11-07T08:48:37+00:00\" \/>\n<meta property=\"og:image\" content=\"https:\/\/orthopara.store\/wp-content\/uploads\/2024\/06\/canpol-babies-attache-sucette-0m.jpg\" \/>\n\t<meta property=\"og:image:width\" content=\"800\" \/>\n\t<meta property=\"og:image:height\" content=\"800\" \/>\n\t<meta property=\"og:image:type\" content=\"image\/jpeg\" \/>\n<meta name=\"twitter:card\" content=\"summary_large_image\" \/>\n<script type=\"application\/ld+json\" class=\"yoast-schema-graph\">{\"@context\":\"https:\/\/schema.org\",\"@graph\":[{\"@type\":\"WebPage\",\"@id\":\"https:\/\/orthopara.store\/index.php\/produit\/canpol-babies-attache-sucette-i-love-mummy-0m\/\",\"url\":\"https:\/\/orthopara.store\/index.php\/produit\/canpol-babies-attache-sucette-i-love-mummy-0m\/\",\"name\":\"Canpol babies - Attache sucette I love mummy - 0m+ - OrthoPara\",\"isPartOf\":{\"@id\":\"https:\/\/orthopara.store\/#website\"},\"primaryImageOfPage\":{\"@id\":\"https:\/\/orthopara.store\/index.php\/produit\/canpol-babies-attache-sucette-i-love-mummy-0m\/#primaryimage\"},\"image\":{\"@id\":\"https:\/\/orthopara.store\/index.php\/produit\/canpol-babies-attache-sucette-i-love-mummy-0m\/#primaryimage\"},\"thumbnailUrl\":\"https:\/\/orthopara.store\/wp-content\/uploads\/2024\/06\/canpol-babies-attache-sucette-0m.jpg\",\"datePublished\":\"2024-06-28T13:53:42+00:00\",\"dateModified\":\"2024-11-07T08:48:37+00:00\",\"breadcrumb\":{\"@id\":\"https:\/\/orthopara.store\/index.php\/produit\/canpol-babies-attache-sucette-i-love-mummy-0m\/#breadcrumb\"},\"inLanguage\":\"fr-FR\",\"potentialAction\":[{\"@type\":\"ReadAction\",\"target\":[\"https:\/\/orthopara.store\/index.php\/produit\/canpol-babies-attache-sucette-i-love-mummy-0m\/\"]}]},{\"@type\":\"ImageObject\",\"inLanguage\":\"fr-FR\",\"@id\":\"https:\/\/orthopara.store\/index.php\/produit\/canpol-babies-attache-sucette-i-love-mummy-0m\/#primaryimage\",\"url\":\"https:\/\/orthopara.store\/wp-content\/uploads\/2024\/06\/canpol-babies-attache-sucette-0m.jpg\",\"contentUrl\":\"https:\/\/orthopara.store\/wp-content\/uploads\/2024\/06\/canpol-babies-attache-sucette-0m.jpg\",\"width\":800,\"height\":800},{\"@type\":\"BreadcrumbList\",\"@id\":\"https:\/\/orthopara.store\/index.php\/produit\/canpol-babies-attache-sucette-i-love-mummy-0m\/#breadcrumb\",\"itemListElement\":[{\"@type\":\"ListItem\",\"position\":1,\"name\":\"Accueil\",\"item\":\"https:\/\/orthopara.store\/\"},{\"@type\":\"ListItem\",\"position\":2,\"name\":\"Shop\",\"item\":\"https:\/\/orthopara.store\/?page_id=622\"},{\"@type\":\"ListItem\",\"position\":3,\"name\":\"Canpol babies &#8211; Attache sucette I love mummy &#8211; 0m+\"}]},{\"@type\":\"WebSite\",\"@id\":\"https:\/\/orthopara.store\/#website\",\"url\":\"https:\/\/orthopara.store\/\",\"name\":\"OrthoPara\",\"description\":\"Parapharmacie\",\"publisher\":{\"@id\":\"https:\/\/orthopara.store\/#organization\"},\"potentialAction\":[{\"@type\":\"SearchAction\",\"target\":{\"@type\":\"EntryPoint\",\"urlTemplate\":\"https:\/\/orthopara.store\/?s={search_term_string}\"},\"query-input\":\"required name=search_term_string\"}],\"inLanguage\":\"fr-FR\"},{\"@type\":\"Organization\",\"@id\":\"https:\/\/orthopara.store\/#organization\",\"name\":\"OrthoPara\",\"url\":\"https:\/\/orthopara.store\/\",\"logo\":{\"@type\":\"ImageObject\",\"inLanguage\":\"fr-FR\",\"@id\":\"https:\/\/orthopara.store\/#\/schema\/logo\/image\/\",\"url\":\"https:\/\/orthopara.store\/wp-content\/uploads\/2024\/06\/cropped-9ABA8BAD-6256-4719-9315-15C66E64E882.png\",\"contentUrl\":\"https:\/\/orthopara.store\/wp-content\/uploads\/2024\/06\/cropped-9ABA8BAD-6256-4719-9315-15C66E64E882.png\",\"width\":240,\"height\":72,\"caption\":\"OrthoPara\"},\"image\":{\"@id\":\"https:\/\/orthopara.store\/#\/schema\/logo\/image\/\"},\"sameAs\":[\"https:\/\/www.facebook.com\/profile.php?id=61561194315651\",\"https:\/\/www.instagram.com\/orthopara_tunisie\/\"]}]}<\/script>\n<!-- \/ Yoast SEO plugin. -->","yoast_head_json":{"title":"Canpol babies - Attache sucette I love mummy - 0m+ - OrthoPara","robots":{"index":"index","follow":"follow","max-snippet":"max-snippet:-1","max-image-preview":"max-image-preview:large","max-video-preview":"max-video-preview:-1"},"canonical":"https:\/\/orthopara.store\/index.php\/produit\/canpol-babies-attache-sucette-i-love-mummy-0m\/","og_locale":"fr_FR","og_type":"article","og_title":"Canpol babies - Attache sucette I love mummy - 0m+ - OrthoPara","og_description":"l'attache sucette I love mummy prot\u00e8ge la sucette pr\u00e9f\u00e9r\u00e9e de votre enfant contre les chutes, les salissures ou les pertes. Gr\u00e2ce \u00e0 un simple clip, l'attache sucette peut \u00eatre fix\u00e9e aux v\u00eatements de b\u00e9b\u00e9 d'une seule main. Sans BPA.\u00a0 L'attache sucette est disponible en plusieurs coloris : Gris, Rose pastel et Bleu pastel","og_url":"https:\/\/orthopara.store\/index.php\/produit\/canpol-babies-attache-sucette-i-love-mummy-0m\/","og_site_name":"OrthoPara","article_publisher":"https:\/\/www.facebook.com\/profile.php?id=61561194315651","article_modified_time":"2024-11-07T08:48:37+00:00","og_image":[{"width":800,"height":800,"url":"https:\/\/orthopara.store\/wp-content\/uploads\/2024\/06\/canpol-babies-attache-sucette-0m.jpg","type":"image\/jpeg"}],"twitter_card":"summary_large_image","schema":{"@context":"https:\/\/schema.org","@graph":[{"@type":"WebPage","@id":"https:\/\/orthopara.store\/index.php\/produit\/canpol-babies-attache-sucette-i-love-mummy-0m\/","url":"https:\/\/orthopara.store\/index.php\/produit\/canpol-babies-attache-sucette-i-love-mummy-0m\/","name":"Canpol babies - Attache sucette I love mummy - 0m+ - OrthoPara","isPartOf":{"@id":"https:\/\/orthopara.store\/#website"},"primaryImageOfPage":{"@id":"https:\/\/orthopara.store\/index.php\/produit\/canpol-babies-attache-sucette-i-love-mummy-0m\/#primaryimage"},"image":{"@id":"https:\/\/orthopara.store\/index.php\/produit\/canpol-babies-attache-sucette-i-love-mummy-0m\/#primaryimage"},"thumbnailUrl":"https:\/\/orthopara.store\/wp-content\/uploads\/2024\/06\/canpol-babies-attache-sucette-0m.jpg","datePublished":"2024-06-28T13:53:42+00:00","dateModified":"2024-11-07T08:48:37+00:00","breadcrumb":{"@id":"https:\/\/orthopara.store\/index.php\/produit\/canpol-babies-attache-sucette-i-love-mummy-0m\/#breadcrumb"},"inLanguage":"fr-FR","potentialAction":[{"@type":"ReadAction","target":["https:\/\/orthopara.store\/index.php\/produit\/canpol-babies-attache-sucette-i-love-mummy-0m\/"]}]},{"@type":"ImageObject","inLanguage":"fr-FR","@id":"https:\/\/orthopara.store\/index.php\/produit\/canpol-babies-attache-sucette-i-love-mummy-0m\/#primaryimage","url":"https:\/\/orthopara.store\/wp-content\/uploads\/2024\/06\/canpol-babies-attache-sucette-0m.jpg","contentUrl":"https:\/\/orthopara.store\/wp-content\/uploads\/2024\/06\/canpol-babies-attache-sucette-0m.jpg","width":800,"height":800},{"@type":"BreadcrumbList","@id":"https:\/\/orthopara.store\/index.php\/produit\/canpol-babies-attache-sucette-i-love-mummy-0m\/#breadcrumb","itemListElement":[{"@type":"ListItem","position":1,"name":"Accueil","item":"https:\/\/orthopara.store\/"},{"@type":"ListItem","position":2,"name":"Shop","item":"https:\/\/orthopara.store\/?page_id=622"},{"@type":"ListItem","position":3,"name":"Canpol babies &#8211; Attache sucette I love mummy &#8211; 0m+"}]},{"@type":"WebSite","@id":"https:\/\/orthopara.store\/#website","url":"https:\/\/orthopara.store\/","name":"OrthoPara","description":"Parapharmacie","publisher":{"@id":"https:\/\/orthopara.store\/#organization"},"potentialAction":[{"@type":"SearchAction","target":{"@type":"EntryPoint","urlTemplate":"https:\/\/orthopara.store\/?s={search_term_string}"},"query-input":"required name=search_term_string"}],"inLanguage":"fr-FR"},{"@type":"Organization","@id":"https:\/\/orthopara.store\/#organization","name":"OrthoPara","url":"https:\/\/orthopara.store\/","logo":{"@type":"ImageObject","inLanguage":"fr-FR","@id":"https:\/\/orthopara.store\/#\/schema\/logo\/image\/","url":"https:\/\/orthopara.store\/wp-content\/uploads\/2024\/06\/cropped-9ABA8BAD-6256-4719-9315-15C66E64E882.png","contentUrl":"https:\/\/orthopara.store\/wp-content\/uploads\/2024\/06\/cropped-9ABA8BAD-6256-4719-9315-15C66E64E882.png","width":240,"height":72,"caption":"OrthoPara"},"image":{"@id":"https:\/\/orthopara.store\/#\/schema\/logo\/image\/"},"sameAs":["https:\/\/www.facebook.com\/profile.php?id=61561194315651","https:\/\/www.instagram.com\/orthopara_tunisie\/"]}]}},"jetpack_sharing_enabled":true,"brands":[{"id":174,"name":"Canpol babies","slug":"canpol-babies"}],"_links":{"self":[{"href":"https:\/\/orthopara.store\/index.php?rest_route=\/wp\/v2\/product\/1496","targetHints":{"allow":["GET"]}}],"collection":[{"href":"https:\/\/orthopara.store\/index.php?rest_route=\/wp\/v2\/product"}],"about":[{"href":"https:\/\/orthopara.store\/index.php?rest_route=\/wp\/v2\/types\/product"}],"replies":[{"embeddable":true,"href":"https:\/\/orthopara.store\/index.php?rest_route=%2Fwp%2Fv2%2Fcomments&post=1496"}],"wp:featuredmedia":[{"embeddable":true,"href":"https:\/\/orthopara.store\/index.php?rest_route=\/wp\/v2\/media\/1517"}],"wp:attachment":[{"href":"https:\/\/orthopara.store\/index.php?rest_route=%2Fwp%2Fv2%2Fmedia&parent=1496"}],"wp:term":[{"taxonomy":"pwb-brand","embeddable":true,"href":"https:\/\/orthopara.store\/index.php?rest_route=%2Fwp%2Fv2%2Fpwb-brand&post=1496"},{"taxonomy":"product_cat","embeddable":true,"href":"https:\/\/orthopara.store\/index.php?rest_route=%2Fwp%2Fv2%2Fproduct_cat&post=1496"},{"taxonomy":"product_tag","embeddable":true,"href":"https:\/\/orthopara.store\/index.php?rest_route=%2Fwp%2Fv2%2Fproduct_tag&post=1496"}],"curies":[{"name":"wp","href":"https:\/\/api.w.org\/{rel}","templated":true}]}}