{"id":1504,"date":"2024-06-28T15:53:43","date_gmt":"2024-06-28T13:53:43","guid":{"rendered":"https:\/\/orthopara.store\/?post_type=product&#038;p=1504"},"modified":"2024-06-28T15:53:53","modified_gmt":"2024-06-28T13:53:53","slug":"coupe-ongles-wee-baby","status":"publish","type":"product","link":"https:\/\/orthopara.store\/?product=coupe-ongles-wee-baby","title":{"rendered":"Coupe ongles &#8211; Wee Baby"},"content":{"rendered":"<p>Coupe ongles &#8211; Wee Baby\u00a0<br \/>\nLes ongles des b\u00e9b\u00e9s doivent \u00eatre coup\u00e9s avec des coupe-ongles pour b\u00e9b\u00e9s sp\u00e9cialement d\u00e9velopp\u00e9s pour eux \u00e0 certaines p\u00e9riodes.\u00a0Il doit \u00eatre coup\u00e9 ovale et pas trop profond avec des coupe-ongles de petite taille qui aident \u00e0 couper les ongles des b\u00e9b\u00e9s confortablement.\u00a0Le coupe-ongles Wee Baby vous aidera \u00e0 vous d\u00e9placer confortablement tout en coupant les ongles de votre b\u00e9b\u00e9.\u00a0La structure de la bouche incurv\u00e9e et les bords arrondis des coupe-ongles en acier inoxydable conviennent aux ongles de b\u00e9b\u00e9.<\/p>\n","protected":false},"excerpt":{"rendered":"<p>Wee Baby<br \/>\nCoupe ongles<\/p>\n<p>Le coupe ongles :<br \/>\nest Sp\u00e9cialement con\u00e7u pour les b\u00e9b\u00e9s de petite taille.\u00a0 \u00a0<br \/>\nLa structure de la bouche incurv\u00e9e et les bords arrondis sont compatibles avec les ongles de b\u00e9b\u00e9.<br \/>\nFabriqu\u00e9 en acier inoxydable.<\/p>\n","protected":false},"featured_media":1525,"comment_status":"open","ping_status":"closed","template":"","meta":[],"pwb-brand":[168],"product_cat":[179],"product_tag":[],"class_list":{"0":"post-1504","1":"product","2":"type-product","3":"status-publish","4":"has-post-thumbnail","6":"pwb-brand-wee-baby","7":"product_cat-vaisselles-de-bebe","8":"post","9":"ws-product--style-1","11":"first","12":"instock","13":"shipping-taxable","14":"purchasable","15":"product-type-simple"},"yoast_head":"<!-- This site is optimized with the Yoast SEO plugin v23.0 - https:\/\/yoast.com\/wordpress\/plugins\/seo\/ -->\n<title>Coupe ongles - Wee Baby - OrthoPara<\/title>\n<meta name=\"robots\" content=\"index, follow, max-snippet:-1, max-image-preview:large, max-video-preview:-1\" \/>\n<link rel=\"canonical\" href=\"https:\/\/orthopara.store\/index.php\/produit\/coupe-ongles-wee-baby\/\" \/>\n<meta property=\"og:locale\" content=\"fr_FR\" \/>\n<meta property=\"og:type\" content=\"article\" \/>\n<meta property=\"og:title\" content=\"Coupe ongles - Wee Baby - OrthoPara\" \/>\n<meta property=\"og:description\" content=\"Wee Baby Coupe ongles Le coupe ongles : est Sp\u00e9cialement con\u00e7u pour les b\u00e9b\u00e9s de petite taille.\u00a0 \u00a0 La structure de la bouche incurv\u00e9e et les bords arrondis sont compatibles avec les ongles de b\u00e9b\u00e9. Fabriqu\u00e9 en acier inoxydable.\" \/>\n<meta property=\"og:url\" content=\"https:\/\/orthopara.store\/index.php\/produit\/coupe-ongles-wee-baby\/\" \/>\n<meta property=\"og:site_name\" content=\"OrthoPara\" \/>\n<meta property=\"article:publisher\" content=\"https:\/\/www.facebook.com\/profile.php?id=61561194315651\" \/>\n<meta property=\"article:modified_time\" content=\"2024-06-28T13:53:53+00:00\" \/>\n<meta property=\"og:image\" content=\"https:\/\/orthopara.store\/wp-content\/uploads\/2024\/06\/coupe-ongles-wee-baby.jpg\" \/>\n\t<meta property=\"og:image:width\" content=\"800\" \/>\n\t<meta property=\"og:image:height\" content=\"800\" \/>\n\t<meta property=\"og:image:type\" content=\"image\/jpeg\" \/>\n<meta name=\"twitter:card\" content=\"summary_large_image\" \/>\n<script type=\"application\/ld+json\" class=\"yoast-schema-graph\">{\"@context\":\"https:\/\/schema.org\",\"@graph\":[{\"@type\":\"WebPage\",\"@id\":\"https:\/\/orthopara.store\/index.php\/produit\/coupe-ongles-wee-baby\/\",\"url\":\"https:\/\/orthopara.store\/index.php\/produit\/coupe-ongles-wee-baby\/\",\"name\":\"Coupe ongles - Wee Baby - OrthoPara\",\"isPartOf\":{\"@id\":\"https:\/\/orthopara.store\/#website\"},\"primaryImageOfPage\":{\"@id\":\"https:\/\/orthopara.store\/index.php\/produit\/coupe-ongles-wee-baby\/#primaryimage\"},\"image\":{\"@id\":\"https:\/\/orthopara.store\/index.php\/produit\/coupe-ongles-wee-baby\/#primaryimage\"},\"thumbnailUrl\":\"https:\/\/orthopara.store\/wp-content\/uploads\/2024\/06\/coupe-ongles-wee-baby.jpg\",\"datePublished\":\"2024-06-28T13:53:43+00:00\",\"dateModified\":\"2024-06-28T13:53:53+00:00\",\"breadcrumb\":{\"@id\":\"https:\/\/orthopara.store\/index.php\/produit\/coupe-ongles-wee-baby\/#breadcrumb\"},\"inLanguage\":\"fr-FR\",\"potentialAction\":[{\"@type\":\"ReadAction\",\"target\":[\"https:\/\/orthopara.store\/index.php\/produit\/coupe-ongles-wee-baby\/\"]}]},{\"@type\":\"ImageObject\",\"inLanguage\":\"fr-FR\",\"@id\":\"https:\/\/orthopara.store\/index.php\/produit\/coupe-ongles-wee-baby\/#primaryimage\",\"url\":\"https:\/\/orthopara.store\/wp-content\/uploads\/2024\/06\/coupe-ongles-wee-baby.jpg\",\"contentUrl\":\"https:\/\/orthopara.store\/wp-content\/uploads\/2024\/06\/coupe-ongles-wee-baby.jpg\",\"width\":800,\"height\":800},{\"@type\":\"BreadcrumbList\",\"@id\":\"https:\/\/orthopara.store\/index.php\/produit\/coupe-ongles-wee-baby\/#breadcrumb\",\"itemListElement\":[{\"@type\":\"ListItem\",\"position\":1,\"name\":\"Accueil\",\"item\":\"https:\/\/orthopara.store\/\"},{\"@type\":\"ListItem\",\"position\":2,\"name\":\"Shop\",\"item\":\"https:\/\/orthopara.store\/?page_id=622\"},{\"@type\":\"ListItem\",\"position\":3,\"name\":\"Coupe ongles &#8211; Wee Baby\"}]},{\"@type\":\"WebSite\",\"@id\":\"https:\/\/orthopara.store\/#website\",\"url\":\"https:\/\/orthopara.store\/\",\"name\":\"OrthoPara\",\"description\":\"Parapharmacie\",\"publisher\":{\"@id\":\"https:\/\/orthopara.store\/#organization\"},\"potentialAction\":[{\"@type\":\"SearchAction\",\"target\":{\"@type\":\"EntryPoint\",\"urlTemplate\":\"https:\/\/orthopara.store\/?s={search_term_string}\"},\"query-input\":\"required name=search_term_string\"}],\"inLanguage\":\"fr-FR\"},{\"@type\":\"Organization\",\"@id\":\"https:\/\/orthopara.store\/#organization\",\"name\":\"OrthoPara\",\"url\":\"https:\/\/orthopara.store\/\",\"logo\":{\"@type\":\"ImageObject\",\"inLanguage\":\"fr-FR\",\"@id\":\"https:\/\/orthopara.store\/#\/schema\/logo\/image\/\",\"url\":\"https:\/\/orthopara.store\/wp-content\/uploads\/2024\/06\/cropped-9ABA8BAD-6256-4719-9315-15C66E64E882.png\",\"contentUrl\":\"https:\/\/orthopara.store\/wp-content\/uploads\/2024\/06\/cropped-9ABA8BAD-6256-4719-9315-15C66E64E882.png\",\"width\":240,\"height\":72,\"caption\":\"OrthoPara\"},\"image\":{\"@id\":\"https:\/\/orthopara.store\/#\/schema\/logo\/image\/\"},\"sameAs\":[\"https:\/\/www.facebook.com\/profile.php?id=61561194315651\",\"https:\/\/www.instagram.com\/orthopara_tunisie\/\"]}]}<\/script>\n<!-- \/ Yoast SEO plugin. -->","yoast_head_json":{"title":"Coupe ongles - Wee Baby - OrthoPara","robots":{"index":"index","follow":"follow","max-snippet":"max-snippet:-1","max-image-preview":"max-image-preview:large","max-video-preview":"max-video-preview:-1"},"canonical":"https:\/\/orthopara.store\/index.php\/produit\/coupe-ongles-wee-baby\/","og_locale":"fr_FR","og_type":"article","og_title":"Coupe ongles - Wee Baby - OrthoPara","og_description":"Wee Baby Coupe ongles Le coupe ongles : est Sp\u00e9cialement con\u00e7u pour les b\u00e9b\u00e9s de petite taille.\u00a0 \u00a0 La structure de la bouche incurv\u00e9e et les bords arrondis sont compatibles avec les ongles de b\u00e9b\u00e9. Fabriqu\u00e9 en acier inoxydable.","og_url":"https:\/\/orthopara.store\/index.php\/produit\/coupe-ongles-wee-baby\/","og_site_name":"OrthoPara","article_publisher":"https:\/\/www.facebook.com\/profile.php?id=61561194315651","article_modified_time":"2024-06-28T13:53:53+00:00","og_image":[{"width":800,"height":800,"url":"https:\/\/orthopara.store\/wp-content\/uploads\/2024\/06\/coupe-ongles-wee-baby.jpg","type":"image\/jpeg"}],"twitter_card":"summary_large_image","schema":{"@context":"https:\/\/schema.org","@graph":[{"@type":"WebPage","@id":"https:\/\/orthopara.store\/index.php\/produit\/coupe-ongles-wee-baby\/","url":"https:\/\/orthopara.store\/index.php\/produit\/coupe-ongles-wee-baby\/","name":"Coupe ongles - Wee Baby - OrthoPara","isPartOf":{"@id":"https:\/\/orthopara.store\/#website"},"primaryImageOfPage":{"@id":"https:\/\/orthopara.store\/index.php\/produit\/coupe-ongles-wee-baby\/#primaryimage"},"image":{"@id":"https:\/\/orthopara.store\/index.php\/produit\/coupe-ongles-wee-baby\/#primaryimage"},"thumbnailUrl":"https:\/\/orthopara.store\/wp-content\/uploads\/2024\/06\/coupe-ongles-wee-baby.jpg","datePublished":"2024-06-28T13:53:43+00:00","dateModified":"2024-06-28T13:53:53+00:00","breadcrumb":{"@id":"https:\/\/orthopara.store\/index.php\/produit\/coupe-ongles-wee-baby\/#breadcrumb"},"inLanguage":"fr-FR","potentialAction":[{"@type":"ReadAction","target":["https:\/\/orthopara.store\/index.php\/produit\/coupe-ongles-wee-baby\/"]}]},{"@type":"ImageObject","inLanguage":"fr-FR","@id":"https:\/\/orthopara.store\/index.php\/produit\/coupe-ongles-wee-baby\/#primaryimage","url":"https:\/\/orthopara.store\/wp-content\/uploads\/2024\/06\/coupe-ongles-wee-baby.jpg","contentUrl":"https:\/\/orthopara.store\/wp-content\/uploads\/2024\/06\/coupe-ongles-wee-baby.jpg","width":800,"height":800},{"@type":"BreadcrumbList","@id":"https:\/\/orthopara.store\/index.php\/produit\/coupe-ongles-wee-baby\/#breadcrumb","itemListElement":[{"@type":"ListItem","position":1,"name":"Accueil","item":"https:\/\/orthopara.store\/"},{"@type":"ListItem","position":2,"name":"Shop","item":"https:\/\/orthopara.store\/?page_id=622"},{"@type":"ListItem","position":3,"name":"Coupe ongles &#8211; Wee Baby"}]},{"@type":"WebSite","@id":"https:\/\/orthopara.store\/#website","url":"https:\/\/orthopara.store\/","name":"OrthoPara","description":"Parapharmacie","publisher":{"@id":"https:\/\/orthopara.store\/#organization"},"potentialAction":[{"@type":"SearchAction","target":{"@type":"EntryPoint","urlTemplate":"https:\/\/orthopara.store\/?s={search_term_string}"},"query-input":"required name=search_term_string"}],"inLanguage":"fr-FR"},{"@type":"Organization","@id":"https:\/\/orthopara.store\/#organization","name":"OrthoPara","url":"https:\/\/orthopara.store\/","logo":{"@type":"ImageObject","inLanguage":"fr-FR","@id":"https:\/\/orthopara.store\/#\/schema\/logo\/image\/","url":"https:\/\/orthopara.store\/wp-content\/uploads\/2024\/06\/cropped-9ABA8BAD-6256-4719-9315-15C66E64E882.png","contentUrl":"https:\/\/orthopara.store\/wp-content\/uploads\/2024\/06\/cropped-9ABA8BAD-6256-4719-9315-15C66E64E882.png","width":240,"height":72,"caption":"OrthoPara"},"image":{"@id":"https:\/\/orthopara.store\/#\/schema\/logo\/image\/"},"sameAs":["https:\/\/www.facebook.com\/profile.php?id=61561194315651","https:\/\/www.instagram.com\/orthopara_tunisie\/"]}]}},"jetpack_sharing_enabled":true,"brands":[{"id":168,"name":"Wee Baby","slug":"wee-baby"}],"_links":{"self":[{"href":"https:\/\/orthopara.store\/index.php?rest_route=\/wp\/v2\/product\/1504","targetHints":{"allow":["GET"]}}],"collection":[{"href":"https:\/\/orthopara.store\/index.php?rest_route=\/wp\/v2\/product"}],"about":[{"href":"https:\/\/orthopara.store\/index.php?rest_route=\/wp\/v2\/types\/product"}],"replies":[{"embeddable":true,"href":"https:\/\/orthopara.store\/index.php?rest_route=%2Fwp%2Fv2%2Fcomments&post=1504"}],"wp:featuredmedia":[{"embeddable":true,"href":"https:\/\/orthopara.store\/index.php?rest_route=\/wp\/v2\/media\/1525"}],"wp:attachment":[{"href":"https:\/\/orthopara.store\/index.php?rest_route=%2Fwp%2Fv2%2Fmedia&parent=1504"}],"wp:term":[{"taxonomy":"pwb-brand","embeddable":true,"href":"https:\/\/orthopara.store\/index.php?rest_route=%2Fwp%2Fv2%2Fpwb-brand&post=1504"},{"taxonomy":"product_cat","embeddable":true,"href":"https:\/\/orthopara.store\/index.php?rest_route=%2Fwp%2Fv2%2Fproduct_cat&post=1504"},{"taxonomy":"product_tag","embeddable":true,"href":"https:\/\/orthopara.store\/index.php?rest_route=%2Fwp%2Fv2%2Fproduct_tag&post=1504"}],"curies":[{"name":"wp","href":"https:\/\/api.w.org\/{rel}","templated":true}]}}