{"id":1527,"date":"2024-06-28T15:53:56","date_gmt":"2024-06-28T13:53:56","guid":{"rendered":"https:\/\/orthopara.store\/?post_type=product&#038;p=1527"},"modified":"2024-11-07T09:57:14","modified_gmt":"2024-11-07T08:57:14","slug":"ciseaux-bleu-pour-bebe-chicco","status":"publish","type":"product","link":"https:\/\/orthopara.store\/?product=ciseaux-bleu-pour-bebe-chicco","title":{"rendered":"Ciseaux bleu pour b\u00e9b\u00e9 &#8211; Chicco"},"content":{"rendered":"<p>Ciseaux \u00e0 ongles b\u00e9b\u00e9 Chicco, est sp\u00e9cialement pour les petites mains des petits. Les ciseaux sont r\u00e9alis\u00e9s en acier inoxydable sans nickel et pourvu d&rsquo;une poign\u00e9e en plastique color\u00e9e en orange pour les deux sexes. La lame est courte pour mieux contr\u00f4ler de la coupe. Vous pouvez l&rsquo;utiliser d\u00e8s la naissance.<\/p>\n","protected":false},"excerpt":{"rendered":"<p>Ces ciseaux \u00e0 ongles pour b\u00e9b\u00e9 sont fabriqu\u00e9s en acier inoxydable, ne contiennent pas de nickel et poss\u00e8dent des lames incurv\u00e9es avec des pointes arrondies pour garantir une totale s\u00e9curit\u00e9 d&rsquo;utilisation. Vous pouvez l&rsquo;utiliser d\u00e8s la naissance.<br \/>\nDisponible aussi en Rose<\/p>\n","protected":false},"featured_media":1548,"comment_status":"open","ping_status":"closed","template":"","meta":[],"pwb-brand":[173],"product_cat":[179],"product_tag":[],"class_list":{"0":"post-1527","1":"product","2":"type-product","3":"status-publish","4":"has-post-thumbnail","6":"pwb-brand-chicco","7":"product_cat-vaisselles-de-bebe","8":"post","9":"ws-product--style-1","11":"first","12":"instock","13":"shipping-taxable","14":"purchasable","15":"product-type-simple"},"yoast_head":"<!-- This site is optimized with the Yoast SEO plugin v23.0 - https:\/\/yoast.com\/wordpress\/plugins\/seo\/ -->\n<title>Ciseaux bleu pour b\u00e9b\u00e9 - Chicco - OrthoPara<\/title>\n<meta name=\"robots\" content=\"index, follow, max-snippet:-1, max-image-preview:large, max-video-preview:-1\" \/>\n<link rel=\"canonical\" href=\"https:\/\/orthopara.store\/index.php\/produit\/ciseaux-bleu-pour-bebe-chicco\/\" \/>\n<meta property=\"og:locale\" content=\"fr_FR\" \/>\n<meta property=\"og:type\" content=\"article\" \/>\n<meta property=\"og:title\" content=\"Ciseaux bleu pour b\u00e9b\u00e9 - Chicco - OrthoPara\" \/>\n<meta property=\"og:description\" content=\"Ces ciseaux \u00e0 ongles pour b\u00e9b\u00e9 sont fabriqu\u00e9s en acier inoxydable, ne contiennent pas de nickel et poss\u00e8dent des lames incurv\u00e9es avec des pointes arrondies pour garantir une totale s\u00e9curit\u00e9 d&#039;utilisation. Vous pouvez l&#039;utiliser d\u00e8s la naissance. Disponible aussi en Rose\" \/>\n<meta property=\"og:url\" content=\"https:\/\/orthopara.store\/index.php\/produit\/ciseaux-bleu-pour-bebe-chicco\/\" \/>\n<meta property=\"og:site_name\" content=\"OrthoPara\" \/>\n<meta property=\"article:publisher\" content=\"https:\/\/www.facebook.com\/profile.php?id=61561194315651\" \/>\n<meta property=\"article:modified_time\" content=\"2024-11-07T08:57:14+00:00\" \/>\n<meta property=\"og:image\" content=\"https:\/\/orthopara.store\/wp-content\/uploads\/2024\/06\/ciseaux-bleu-pour-bebe-chicco.jpg\" \/>\n\t<meta property=\"og:image:width\" content=\"800\" \/>\n\t<meta property=\"og:image:height\" content=\"800\" \/>\n\t<meta property=\"og:image:type\" content=\"image\/jpeg\" \/>\n<meta name=\"twitter:card\" content=\"summary_large_image\" \/>\n<script type=\"application\/ld+json\" class=\"yoast-schema-graph\">{\"@context\":\"https:\/\/schema.org\",\"@graph\":[{\"@type\":\"WebPage\",\"@id\":\"https:\/\/orthopara.store\/index.php\/produit\/ciseaux-bleu-pour-bebe-chicco\/\",\"url\":\"https:\/\/orthopara.store\/index.php\/produit\/ciseaux-bleu-pour-bebe-chicco\/\",\"name\":\"Ciseaux bleu pour b\u00e9b\u00e9 - Chicco - OrthoPara\",\"isPartOf\":{\"@id\":\"https:\/\/orthopara.store\/#website\"},\"primaryImageOfPage\":{\"@id\":\"https:\/\/orthopara.store\/index.php\/produit\/ciseaux-bleu-pour-bebe-chicco\/#primaryimage\"},\"image\":{\"@id\":\"https:\/\/orthopara.store\/index.php\/produit\/ciseaux-bleu-pour-bebe-chicco\/#primaryimage\"},\"thumbnailUrl\":\"https:\/\/orthopara.store\/wp-content\/uploads\/2024\/06\/ciseaux-bleu-pour-bebe-chicco.jpg\",\"datePublished\":\"2024-06-28T13:53:56+00:00\",\"dateModified\":\"2024-11-07T08:57:14+00:00\",\"breadcrumb\":{\"@id\":\"https:\/\/orthopara.store\/index.php\/produit\/ciseaux-bleu-pour-bebe-chicco\/#breadcrumb\"},\"inLanguage\":\"fr-FR\",\"potentialAction\":[{\"@type\":\"ReadAction\",\"target\":[\"https:\/\/orthopara.store\/index.php\/produit\/ciseaux-bleu-pour-bebe-chicco\/\"]}]},{\"@type\":\"ImageObject\",\"inLanguage\":\"fr-FR\",\"@id\":\"https:\/\/orthopara.store\/index.php\/produit\/ciseaux-bleu-pour-bebe-chicco\/#primaryimage\",\"url\":\"https:\/\/orthopara.store\/wp-content\/uploads\/2024\/06\/ciseaux-bleu-pour-bebe-chicco.jpg\",\"contentUrl\":\"https:\/\/orthopara.store\/wp-content\/uploads\/2024\/06\/ciseaux-bleu-pour-bebe-chicco.jpg\",\"width\":800,\"height\":800},{\"@type\":\"BreadcrumbList\",\"@id\":\"https:\/\/orthopara.store\/index.php\/produit\/ciseaux-bleu-pour-bebe-chicco\/#breadcrumb\",\"itemListElement\":[{\"@type\":\"ListItem\",\"position\":1,\"name\":\"Accueil\",\"item\":\"https:\/\/orthopara.store\/\"},{\"@type\":\"ListItem\",\"position\":2,\"name\":\"Shop\",\"item\":\"https:\/\/orthopara.store\/?page_id=622\"},{\"@type\":\"ListItem\",\"position\":3,\"name\":\"Ciseaux bleu pour b\u00e9b\u00e9 &#8211; Chicco\"}]},{\"@type\":\"WebSite\",\"@id\":\"https:\/\/orthopara.store\/#website\",\"url\":\"https:\/\/orthopara.store\/\",\"name\":\"OrthoPara\",\"description\":\"Parapharmacie\",\"publisher\":{\"@id\":\"https:\/\/orthopara.store\/#organization\"},\"potentialAction\":[{\"@type\":\"SearchAction\",\"target\":{\"@type\":\"EntryPoint\",\"urlTemplate\":\"https:\/\/orthopara.store\/?s={search_term_string}\"},\"query-input\":\"required name=search_term_string\"}],\"inLanguage\":\"fr-FR\"},{\"@type\":\"Organization\",\"@id\":\"https:\/\/orthopara.store\/#organization\",\"name\":\"OrthoPara\",\"url\":\"https:\/\/orthopara.store\/\",\"logo\":{\"@type\":\"ImageObject\",\"inLanguage\":\"fr-FR\",\"@id\":\"https:\/\/orthopara.store\/#\/schema\/logo\/image\/\",\"url\":\"https:\/\/orthopara.store\/wp-content\/uploads\/2024\/06\/cropped-9ABA8BAD-6256-4719-9315-15C66E64E882.png\",\"contentUrl\":\"https:\/\/orthopara.store\/wp-content\/uploads\/2024\/06\/cropped-9ABA8BAD-6256-4719-9315-15C66E64E882.png\",\"width\":240,\"height\":72,\"caption\":\"OrthoPara\"},\"image\":{\"@id\":\"https:\/\/orthopara.store\/#\/schema\/logo\/image\/\"},\"sameAs\":[\"https:\/\/www.facebook.com\/profile.php?id=61561194315651\",\"https:\/\/www.instagram.com\/orthopara_tunisie\/\"]}]}<\/script>\n<!-- \/ Yoast SEO plugin. -->","yoast_head_json":{"title":"Ciseaux bleu pour b\u00e9b\u00e9 - Chicco - OrthoPara","robots":{"index":"index","follow":"follow","max-snippet":"max-snippet:-1","max-image-preview":"max-image-preview:large","max-video-preview":"max-video-preview:-1"},"canonical":"https:\/\/orthopara.store\/index.php\/produit\/ciseaux-bleu-pour-bebe-chicco\/","og_locale":"fr_FR","og_type":"article","og_title":"Ciseaux bleu pour b\u00e9b\u00e9 - Chicco - OrthoPara","og_description":"Ces ciseaux \u00e0 ongles pour b\u00e9b\u00e9 sont fabriqu\u00e9s en acier inoxydable, ne contiennent pas de nickel et poss\u00e8dent des lames incurv\u00e9es avec des pointes arrondies pour garantir une totale s\u00e9curit\u00e9 d'utilisation. Vous pouvez l'utiliser d\u00e8s la naissance. Disponible aussi en Rose","og_url":"https:\/\/orthopara.store\/index.php\/produit\/ciseaux-bleu-pour-bebe-chicco\/","og_site_name":"OrthoPara","article_publisher":"https:\/\/www.facebook.com\/profile.php?id=61561194315651","article_modified_time":"2024-11-07T08:57:14+00:00","og_image":[{"width":800,"height":800,"url":"https:\/\/orthopara.store\/wp-content\/uploads\/2024\/06\/ciseaux-bleu-pour-bebe-chicco.jpg","type":"image\/jpeg"}],"twitter_card":"summary_large_image","schema":{"@context":"https:\/\/schema.org","@graph":[{"@type":"WebPage","@id":"https:\/\/orthopara.store\/index.php\/produit\/ciseaux-bleu-pour-bebe-chicco\/","url":"https:\/\/orthopara.store\/index.php\/produit\/ciseaux-bleu-pour-bebe-chicco\/","name":"Ciseaux bleu pour b\u00e9b\u00e9 - Chicco - OrthoPara","isPartOf":{"@id":"https:\/\/orthopara.store\/#website"},"primaryImageOfPage":{"@id":"https:\/\/orthopara.store\/index.php\/produit\/ciseaux-bleu-pour-bebe-chicco\/#primaryimage"},"image":{"@id":"https:\/\/orthopara.store\/index.php\/produit\/ciseaux-bleu-pour-bebe-chicco\/#primaryimage"},"thumbnailUrl":"https:\/\/orthopara.store\/wp-content\/uploads\/2024\/06\/ciseaux-bleu-pour-bebe-chicco.jpg","datePublished":"2024-06-28T13:53:56+00:00","dateModified":"2024-11-07T08:57:14+00:00","breadcrumb":{"@id":"https:\/\/orthopara.store\/index.php\/produit\/ciseaux-bleu-pour-bebe-chicco\/#breadcrumb"},"inLanguage":"fr-FR","potentialAction":[{"@type":"ReadAction","target":["https:\/\/orthopara.store\/index.php\/produit\/ciseaux-bleu-pour-bebe-chicco\/"]}]},{"@type":"ImageObject","inLanguage":"fr-FR","@id":"https:\/\/orthopara.store\/index.php\/produit\/ciseaux-bleu-pour-bebe-chicco\/#primaryimage","url":"https:\/\/orthopara.store\/wp-content\/uploads\/2024\/06\/ciseaux-bleu-pour-bebe-chicco.jpg","contentUrl":"https:\/\/orthopara.store\/wp-content\/uploads\/2024\/06\/ciseaux-bleu-pour-bebe-chicco.jpg","width":800,"height":800},{"@type":"BreadcrumbList","@id":"https:\/\/orthopara.store\/index.php\/produit\/ciseaux-bleu-pour-bebe-chicco\/#breadcrumb","itemListElement":[{"@type":"ListItem","position":1,"name":"Accueil","item":"https:\/\/orthopara.store\/"},{"@type":"ListItem","position":2,"name":"Shop","item":"https:\/\/orthopara.store\/?page_id=622"},{"@type":"ListItem","position":3,"name":"Ciseaux bleu pour b\u00e9b\u00e9 &#8211; Chicco"}]},{"@type":"WebSite","@id":"https:\/\/orthopara.store\/#website","url":"https:\/\/orthopara.store\/","name":"OrthoPara","description":"Parapharmacie","publisher":{"@id":"https:\/\/orthopara.store\/#organization"},"potentialAction":[{"@type":"SearchAction","target":{"@type":"EntryPoint","urlTemplate":"https:\/\/orthopara.store\/?s={search_term_string}"},"query-input":"required name=search_term_string"}],"inLanguage":"fr-FR"},{"@type":"Organization","@id":"https:\/\/orthopara.store\/#organization","name":"OrthoPara","url":"https:\/\/orthopara.store\/","logo":{"@type":"ImageObject","inLanguage":"fr-FR","@id":"https:\/\/orthopara.store\/#\/schema\/logo\/image\/","url":"https:\/\/orthopara.store\/wp-content\/uploads\/2024\/06\/cropped-9ABA8BAD-6256-4719-9315-15C66E64E882.png","contentUrl":"https:\/\/orthopara.store\/wp-content\/uploads\/2024\/06\/cropped-9ABA8BAD-6256-4719-9315-15C66E64E882.png","width":240,"height":72,"caption":"OrthoPara"},"image":{"@id":"https:\/\/orthopara.store\/#\/schema\/logo\/image\/"},"sameAs":["https:\/\/www.facebook.com\/profile.php?id=61561194315651","https:\/\/www.instagram.com\/orthopara_tunisie\/"]}]}},"jetpack_sharing_enabled":true,"brands":[{"id":173,"name":"Chicco","slug":"chicco"}],"_links":{"self":[{"href":"https:\/\/orthopara.store\/index.php?rest_route=\/wp\/v2\/product\/1527","targetHints":{"allow":["GET"]}}],"collection":[{"href":"https:\/\/orthopara.store\/index.php?rest_route=\/wp\/v2\/product"}],"about":[{"href":"https:\/\/orthopara.store\/index.php?rest_route=\/wp\/v2\/types\/product"}],"replies":[{"embeddable":true,"href":"https:\/\/orthopara.store\/index.php?rest_route=%2Fwp%2Fv2%2Fcomments&post=1527"}],"wp:featuredmedia":[{"embeddable":true,"href":"https:\/\/orthopara.store\/index.php?rest_route=\/wp\/v2\/media\/1548"}],"wp:attachment":[{"href":"https:\/\/orthopara.store\/index.php?rest_route=%2Fwp%2Fv2%2Fmedia&parent=1527"}],"wp:term":[{"taxonomy":"pwb-brand","embeddable":true,"href":"https:\/\/orthopara.store\/index.php?rest_route=%2Fwp%2Fv2%2Fpwb-brand&post=1527"},{"taxonomy":"product_cat","embeddable":true,"href":"https:\/\/orthopara.store\/index.php?rest_route=%2Fwp%2Fv2%2Fproduct_cat&post=1527"},{"taxonomy":"product_tag","embeddable":true,"href":"https:\/\/orthopara.store\/index.php?rest_route=%2Fwp%2Fv2%2Fproduct_tag&post=1527"}],"curies":[{"name":"wp","href":"https:\/\/api.w.org\/{rel}","templated":true}]}}