{"id":1529,"date":"2024-06-28T15:53:56","date_gmt":"2024-06-28T13:53:56","guid":{"rendered":"https:\/\/orthopara.store\/?post_type=product&#038;p=1529"},"modified":"2024-06-28T15:54:00","modified_gmt":"2024-06-28T13:54:00","slug":"liquide-nettoyant-biberons-et-accessoires-nuk-500ml","status":"publish","type":"product","link":"https:\/\/orthopara.store\/?product=liquide-nettoyant-biberons-et-accessoires-nuk-500ml","title":{"rendered":"Liquide nettoyant biberons et accessoires &#8211; Nuk &#8211; 500ml"},"content":{"rendered":"<p>Liquide nettoyant biberons et accessoires &#8211; Nuk &#8211; 500ml<br \/>\nSp\u00e9cialement d\u00e9velopp\u00e9 pour nettoyer toute la vaisselle et les accessoires de b\u00e9b\u00e9, le liquide vaisselle NUK contient une enzyme qui \u00e9limine parfaitement prot\u00e9ines de lait, r\u00e9sidus de jus et de pulpe.<br \/>\nFacile \u00e0 rincer, il s\u2019utilise sans h\u00e9sitation pour les biberons, t\u00e9tines, anneaux de dentition, sucettes ou encore les accessoires de tire-lait.<br \/>\nCe Liquide vaisselle est sans colorant, sans parfums .Il est efficace et s\u00fbr pour B\u00e9b\u00e9 et poss\u00e8de un PH neutre pour la peau.<br \/>\nIl permet une haute rin\u00e7abilit\u00e9<br \/>\nBienfaits de ce produit :<br \/>\nNaturellement efficace : des enzymes puissantes \u00e9liminent facilement le lait, le jus et m\u00eame les r\u00e9sidus de pur\u00e9e tenaces, gr\u00e2ce \u00e0 la nouvelle formule am\u00e9lior\u00e9e<br \/>\nSans danger pour les b\u00e9b\u00e9s : aucun parfum, aucun colorant, aucune trace de nourriture ou de nettoyant pour biberon laiss\u00e9e ; pH neutre pour la peau et hypoallerg\u00e9nique<br \/>\nDoux pour les biberons : d\u00e9velopp\u00e9 sp\u00e9cialement pour les biberons et les t\u00e9tines, ce qui le rend particuli\u00e8rement doux pour les mat\u00e9riaux qui les composent.<br \/>\nRespectueux de l&rsquo;environnement : ingr\u00e9dients naturels et biod\u00e9gradables et bouteille 100 % recycl\u00e9e<\/p>\n","protected":false},"excerpt":{"rendered":"<p>Nuk Bottle Cleanser<br \/>\nDans les premiers mois de la vie, l&rsquo;alimentation d&rsquo;un b\u00e9b\u00e9 est avant tout du lait et de la pur\u00e9e. Apr\u00e8s la t\u00e9t\u00e9e, des restes restent sur les biberons, les t\u00e9tines, les tasses et les assiettes et des germes, des bact\u00e9ries et des mauvaises odeurs peuvent s&rsquo;y accumuler.<br \/>\nPour \u00e9liminer ces r\u00e9sidus en douceur, nous avons d\u00e9velopp\u00e9 le NUK Bottle Cleanser. Ici, les ingr\u00e9dients qui ne sont pas n\u00e9cessaires au nettoyage des aliments pour b\u00e9b\u00e9s ont \u00e9t\u00e9 omis. Au lieu de cela, le nettoyant pour biberons NUK contient des enzymes particuli\u00e8rement efficaces contre les prot\u00e9ines du lait et les \u00e9paississants.<br \/>\nContenance : 500ml<\/p>\n","protected":false},"featured_media":1550,"comment_status":"open","ping_status":"closed","template":"","meta":[],"pwb-brand":[171],"product_cat":[179],"product_tag":[],"class_list":{"0":"post-1529","1":"product","2":"type-product","3":"status-publish","4":"has-post-thumbnail","6":"pwb-brand-nuk","7":"product_cat-vaisselles-de-bebe","8":"post","9":"ws-product--style-1","11":"first","12":"instock","13":"shipping-taxable","14":"purchasable","15":"product-type-simple"},"yoast_head":"<!-- This site is optimized with the Yoast SEO plugin v23.0 - https:\/\/yoast.com\/wordpress\/plugins\/seo\/ -->\n<title>Liquide nettoyant biberons et accessoires - Nuk - 500ml - OrthoPara<\/title>\n<meta name=\"robots\" content=\"index, follow, max-snippet:-1, max-image-preview:large, max-video-preview:-1\" \/>\n<link rel=\"canonical\" href=\"https:\/\/orthopara.store\/index.php\/produit\/liquide-nettoyant-biberons-et-accessoires-nuk-500ml\/\" \/>\n<meta property=\"og:locale\" content=\"fr_FR\" \/>\n<meta property=\"og:type\" content=\"article\" \/>\n<meta property=\"og:title\" content=\"Liquide nettoyant biberons et accessoires - Nuk - 500ml - OrthoPara\" \/>\n<meta property=\"og:description\" content=\"Nuk Bottle Cleanser Dans les premiers mois de la vie, l&#039;alimentation d&#039;un b\u00e9b\u00e9 est avant tout du lait et de la pur\u00e9e. Apr\u00e8s la t\u00e9t\u00e9e, des restes restent sur les biberons, les t\u00e9tines, les tasses et les assiettes et des germes, des bact\u00e9ries et des mauvaises odeurs peuvent s&#039;y accumuler. Pour \u00e9liminer ces r\u00e9sidus en douceur, nous avons d\u00e9velopp\u00e9 le NUK Bottle Cleanser. Ici, les ingr\u00e9dients qui ne sont pas n\u00e9cessaires au nettoyage des aliments pour b\u00e9b\u00e9s ont \u00e9t\u00e9 omis. Au lieu de cela, le nettoyant pour biberons NUK contient des enzymes particuli\u00e8rement efficaces contre les prot\u00e9ines du lait et les \u00e9paississants. Contenance : 500ml\" \/>\n<meta property=\"og:url\" content=\"https:\/\/orthopara.store\/index.php\/produit\/liquide-nettoyant-biberons-et-accessoires-nuk-500ml\/\" \/>\n<meta property=\"og:site_name\" content=\"OrthoPara\" \/>\n<meta property=\"article:publisher\" content=\"https:\/\/www.facebook.com\/profile.php?id=61561194315651\" \/>\n<meta property=\"article:modified_time\" content=\"2024-06-28T13:54:00+00:00\" \/>\n<meta property=\"og:image\" content=\"https:\/\/orthopara.store\/wp-content\/uploads\/2024\/06\/liquide-nettoyant-biberons-et-accessoires-nuk-500ml.jpg\" \/>\n\t<meta property=\"og:image:width\" content=\"800\" \/>\n\t<meta property=\"og:image:height\" content=\"800\" \/>\n\t<meta property=\"og:image:type\" content=\"image\/jpeg\" \/>\n<meta name=\"twitter:card\" content=\"summary_large_image\" \/>\n<meta name=\"twitter:label1\" content=\"Dur\u00e9e de lecture estim\u00e9e\" \/>\n\t<meta name=\"twitter:data1\" content=\"1 minute\" \/>\n<script type=\"application\/ld+json\" class=\"yoast-schema-graph\">{\"@context\":\"https:\/\/schema.org\",\"@graph\":[{\"@type\":\"WebPage\",\"@id\":\"https:\/\/orthopara.store\/index.php\/produit\/liquide-nettoyant-biberons-et-accessoires-nuk-500ml\/\",\"url\":\"https:\/\/orthopara.store\/index.php\/produit\/liquide-nettoyant-biberons-et-accessoires-nuk-500ml\/\",\"name\":\"Liquide nettoyant biberons et accessoires - Nuk - 500ml - OrthoPara\",\"isPartOf\":{\"@id\":\"https:\/\/orthopara.store\/#website\"},\"primaryImageOfPage\":{\"@id\":\"https:\/\/orthopara.store\/index.php\/produit\/liquide-nettoyant-biberons-et-accessoires-nuk-500ml\/#primaryimage\"},\"image\":{\"@id\":\"https:\/\/orthopara.store\/index.php\/produit\/liquide-nettoyant-biberons-et-accessoires-nuk-500ml\/#primaryimage\"},\"thumbnailUrl\":\"https:\/\/orthopara.store\/wp-content\/uploads\/2024\/06\/liquide-nettoyant-biberons-et-accessoires-nuk-500ml.jpg\",\"datePublished\":\"2024-06-28T13:53:56+00:00\",\"dateModified\":\"2024-06-28T13:54:00+00:00\",\"breadcrumb\":{\"@id\":\"https:\/\/orthopara.store\/index.php\/produit\/liquide-nettoyant-biberons-et-accessoires-nuk-500ml\/#breadcrumb\"},\"inLanguage\":\"fr-FR\",\"potentialAction\":[{\"@type\":\"ReadAction\",\"target\":[\"https:\/\/orthopara.store\/index.php\/produit\/liquide-nettoyant-biberons-et-accessoires-nuk-500ml\/\"]}]},{\"@type\":\"ImageObject\",\"inLanguage\":\"fr-FR\",\"@id\":\"https:\/\/orthopara.store\/index.php\/produit\/liquide-nettoyant-biberons-et-accessoires-nuk-500ml\/#primaryimage\",\"url\":\"https:\/\/orthopara.store\/wp-content\/uploads\/2024\/06\/liquide-nettoyant-biberons-et-accessoires-nuk-500ml.jpg\",\"contentUrl\":\"https:\/\/orthopara.store\/wp-content\/uploads\/2024\/06\/liquide-nettoyant-biberons-et-accessoires-nuk-500ml.jpg\",\"width\":800,\"height\":800},{\"@type\":\"BreadcrumbList\",\"@id\":\"https:\/\/orthopara.store\/index.php\/produit\/liquide-nettoyant-biberons-et-accessoires-nuk-500ml\/#breadcrumb\",\"itemListElement\":[{\"@type\":\"ListItem\",\"position\":1,\"name\":\"Accueil\",\"item\":\"https:\/\/orthopara.store\/\"},{\"@type\":\"ListItem\",\"position\":2,\"name\":\"Shop\",\"item\":\"https:\/\/orthopara.store\/?page_id=622\"},{\"@type\":\"ListItem\",\"position\":3,\"name\":\"Liquide nettoyant biberons et accessoires &#8211; Nuk &#8211; 500ml\"}]},{\"@type\":\"WebSite\",\"@id\":\"https:\/\/orthopara.store\/#website\",\"url\":\"https:\/\/orthopara.store\/\",\"name\":\"OrthoPara\",\"description\":\"Parapharmacie\",\"publisher\":{\"@id\":\"https:\/\/orthopara.store\/#organization\"},\"potentialAction\":[{\"@type\":\"SearchAction\",\"target\":{\"@type\":\"EntryPoint\",\"urlTemplate\":\"https:\/\/orthopara.store\/?s={search_term_string}\"},\"query-input\":\"required name=search_term_string\"}],\"inLanguage\":\"fr-FR\"},{\"@type\":\"Organization\",\"@id\":\"https:\/\/orthopara.store\/#organization\",\"name\":\"OrthoPara\",\"url\":\"https:\/\/orthopara.store\/\",\"logo\":{\"@type\":\"ImageObject\",\"inLanguage\":\"fr-FR\",\"@id\":\"https:\/\/orthopara.store\/#\/schema\/logo\/image\/\",\"url\":\"https:\/\/orthopara.store\/wp-content\/uploads\/2024\/06\/cropped-9ABA8BAD-6256-4719-9315-15C66E64E882.png\",\"contentUrl\":\"https:\/\/orthopara.store\/wp-content\/uploads\/2024\/06\/cropped-9ABA8BAD-6256-4719-9315-15C66E64E882.png\",\"width\":240,\"height\":72,\"caption\":\"OrthoPara\"},\"image\":{\"@id\":\"https:\/\/orthopara.store\/#\/schema\/logo\/image\/\"},\"sameAs\":[\"https:\/\/www.facebook.com\/profile.php?id=61561194315651\",\"https:\/\/www.instagram.com\/orthopara_tunisie\/\"]}]}<\/script>\n<!-- \/ Yoast SEO plugin. -->","yoast_head_json":{"title":"Liquide nettoyant biberons et accessoires - Nuk - 500ml - OrthoPara","robots":{"index":"index","follow":"follow","max-snippet":"max-snippet:-1","max-image-preview":"max-image-preview:large","max-video-preview":"max-video-preview:-1"},"canonical":"https:\/\/orthopara.store\/index.php\/produit\/liquide-nettoyant-biberons-et-accessoires-nuk-500ml\/","og_locale":"fr_FR","og_type":"article","og_title":"Liquide nettoyant biberons et accessoires - Nuk - 500ml - OrthoPara","og_description":"Nuk Bottle Cleanser Dans les premiers mois de la vie, l'alimentation d'un b\u00e9b\u00e9 est avant tout du lait et de la pur\u00e9e. Apr\u00e8s la t\u00e9t\u00e9e, des restes restent sur les biberons, les t\u00e9tines, les tasses et les assiettes et des germes, des bact\u00e9ries et des mauvaises odeurs peuvent s'y accumuler. Pour \u00e9liminer ces r\u00e9sidus en douceur, nous avons d\u00e9velopp\u00e9 le NUK Bottle Cleanser. Ici, les ingr\u00e9dients qui ne sont pas n\u00e9cessaires au nettoyage des aliments pour b\u00e9b\u00e9s ont \u00e9t\u00e9 omis. Au lieu de cela, le nettoyant pour biberons NUK contient des enzymes particuli\u00e8rement efficaces contre les prot\u00e9ines du lait et les \u00e9paississants. Contenance : 500ml","og_url":"https:\/\/orthopara.store\/index.php\/produit\/liquide-nettoyant-biberons-et-accessoires-nuk-500ml\/","og_site_name":"OrthoPara","article_publisher":"https:\/\/www.facebook.com\/profile.php?id=61561194315651","article_modified_time":"2024-06-28T13:54:00+00:00","og_image":[{"width":800,"height":800,"url":"https:\/\/orthopara.store\/wp-content\/uploads\/2024\/06\/liquide-nettoyant-biberons-et-accessoires-nuk-500ml.jpg","type":"image\/jpeg"}],"twitter_card":"summary_large_image","twitter_misc":{"Dur\u00e9e de lecture estim\u00e9e":"1 minute"},"schema":{"@context":"https:\/\/schema.org","@graph":[{"@type":"WebPage","@id":"https:\/\/orthopara.store\/index.php\/produit\/liquide-nettoyant-biberons-et-accessoires-nuk-500ml\/","url":"https:\/\/orthopara.store\/index.php\/produit\/liquide-nettoyant-biberons-et-accessoires-nuk-500ml\/","name":"Liquide nettoyant biberons et accessoires - Nuk - 500ml - OrthoPara","isPartOf":{"@id":"https:\/\/orthopara.store\/#website"},"primaryImageOfPage":{"@id":"https:\/\/orthopara.store\/index.php\/produit\/liquide-nettoyant-biberons-et-accessoires-nuk-500ml\/#primaryimage"},"image":{"@id":"https:\/\/orthopara.store\/index.php\/produit\/liquide-nettoyant-biberons-et-accessoires-nuk-500ml\/#primaryimage"},"thumbnailUrl":"https:\/\/orthopara.store\/wp-content\/uploads\/2024\/06\/liquide-nettoyant-biberons-et-accessoires-nuk-500ml.jpg","datePublished":"2024-06-28T13:53:56+00:00","dateModified":"2024-06-28T13:54:00+00:00","breadcrumb":{"@id":"https:\/\/orthopara.store\/index.php\/produit\/liquide-nettoyant-biberons-et-accessoires-nuk-500ml\/#breadcrumb"},"inLanguage":"fr-FR","potentialAction":[{"@type":"ReadAction","target":["https:\/\/orthopara.store\/index.php\/produit\/liquide-nettoyant-biberons-et-accessoires-nuk-500ml\/"]}]},{"@type":"ImageObject","inLanguage":"fr-FR","@id":"https:\/\/orthopara.store\/index.php\/produit\/liquide-nettoyant-biberons-et-accessoires-nuk-500ml\/#primaryimage","url":"https:\/\/orthopara.store\/wp-content\/uploads\/2024\/06\/liquide-nettoyant-biberons-et-accessoires-nuk-500ml.jpg","contentUrl":"https:\/\/orthopara.store\/wp-content\/uploads\/2024\/06\/liquide-nettoyant-biberons-et-accessoires-nuk-500ml.jpg","width":800,"height":800},{"@type":"BreadcrumbList","@id":"https:\/\/orthopara.store\/index.php\/produit\/liquide-nettoyant-biberons-et-accessoires-nuk-500ml\/#breadcrumb","itemListElement":[{"@type":"ListItem","position":1,"name":"Accueil","item":"https:\/\/orthopara.store\/"},{"@type":"ListItem","position":2,"name":"Shop","item":"https:\/\/orthopara.store\/?page_id=622"},{"@type":"ListItem","position":3,"name":"Liquide nettoyant biberons et accessoires &#8211; Nuk &#8211; 500ml"}]},{"@type":"WebSite","@id":"https:\/\/orthopara.store\/#website","url":"https:\/\/orthopara.store\/","name":"OrthoPara","description":"Parapharmacie","publisher":{"@id":"https:\/\/orthopara.store\/#organization"},"potentialAction":[{"@type":"SearchAction","target":{"@type":"EntryPoint","urlTemplate":"https:\/\/orthopara.store\/?s={search_term_string}"},"query-input":"required name=search_term_string"}],"inLanguage":"fr-FR"},{"@type":"Organization","@id":"https:\/\/orthopara.store\/#organization","name":"OrthoPara","url":"https:\/\/orthopara.store\/","logo":{"@type":"ImageObject","inLanguage":"fr-FR","@id":"https:\/\/orthopara.store\/#\/schema\/logo\/image\/","url":"https:\/\/orthopara.store\/wp-content\/uploads\/2024\/06\/cropped-9ABA8BAD-6256-4719-9315-15C66E64E882.png","contentUrl":"https:\/\/orthopara.store\/wp-content\/uploads\/2024\/06\/cropped-9ABA8BAD-6256-4719-9315-15C66E64E882.png","width":240,"height":72,"caption":"OrthoPara"},"image":{"@id":"https:\/\/orthopara.store\/#\/schema\/logo\/image\/"},"sameAs":["https:\/\/www.facebook.com\/profile.php?id=61561194315651","https:\/\/www.instagram.com\/orthopara_tunisie\/"]}]}},"jetpack_sharing_enabled":true,"brands":[{"id":171,"name":"NUK","slug":"nuk"}],"_links":{"self":[{"href":"https:\/\/orthopara.store\/index.php?rest_route=\/wp\/v2\/product\/1529","targetHints":{"allow":["GET"]}}],"collection":[{"href":"https:\/\/orthopara.store\/index.php?rest_route=\/wp\/v2\/product"}],"about":[{"href":"https:\/\/orthopara.store\/index.php?rest_route=\/wp\/v2\/types\/product"}],"replies":[{"embeddable":true,"href":"https:\/\/orthopara.store\/index.php?rest_route=%2Fwp%2Fv2%2Fcomments&post=1529"}],"wp:featuredmedia":[{"embeddable":true,"href":"https:\/\/orthopara.store\/index.php?rest_route=\/wp\/v2\/media\/1550"}],"wp:attachment":[{"href":"https:\/\/orthopara.store\/index.php?rest_route=%2Fwp%2Fv2%2Fmedia&parent=1529"}],"wp:term":[{"taxonomy":"pwb-brand","embeddable":true,"href":"https:\/\/orthopara.store\/index.php?rest_route=%2Fwp%2Fv2%2Fpwb-brand&post=1529"},{"taxonomy":"product_cat","embeddable":true,"href":"https:\/\/orthopara.store\/index.php?rest_route=%2Fwp%2Fv2%2Fproduct_cat&post=1529"},{"taxonomy":"product_tag","embeddable":true,"href":"https:\/\/orthopara.store\/index.php?rest_route=%2Fwp%2Fv2%2Fproduct_tag&post=1529"}],"curies":[{"name":"wp","href":"https:\/\/api.w.org\/{rel}","templated":true}]}}