{"id":1531,"date":"2024-06-28T15:53:56","date_gmt":"2024-06-28T13:53:56","guid":{"rendered":"https:\/\/orthopara.store\/?post_type=product&#038;p=1531"},"modified":"2024-11-07T09:49:48","modified_gmt":"2024-11-07T08:49:48","slug":"canpol-babies-tasse-anti-deversement-9m-200ml","status":"publish","type":"product","link":"https:\/\/orthopara.store\/?product=canpol-babies-tasse-anti-deversement-9m-200ml","title":{"rendered":"Canpol Babies &#8211; Tasse anti-d\u00e9versement &#8211; 9m+ &#8211; 200ml"},"content":{"rendered":"<p>Le bec anti-d\u00e9versement aide l&rsquo;enfant \u00e0 boire de mani\u00e8re autonome et emp\u00eache les d\u00e9versements.<br \/>\nLe couvercle prot\u00e8ge le bec de se salir.<br \/>\nLes larges poign\u00e9es confortables facilitent la prise en main et la tenue de la tasse dans les petites mains.<br \/>\nLe fond profil\u00e9 et large offre une grande stabilit\u00e9 de la tasse.<br \/>\nLa construction simple aide \u00e0 le garder propre.<br \/>\nCouleurs disponibles : Bleu, Rose et Vert<br \/>\nCaract\u00e9ristiques :<br \/>\n\u00c0 partir de 9 mois<br \/>\nContenance : 200 ml<br \/>\nAttache de bec pour une transition plus facile de l&rsquo;allaitement ou du biberon \u00e0 l&rsquo;utilisation d&rsquo;une tasse<br \/>\nCouvercle pour fermer l&rsquo;accessoire et la poign\u00e9e<br \/>\nPossibilit\u00e9 de lavage au lave-vaisselle<br \/>\nPeut \u00eatre utilis\u00e9 dans un four \u00e0 micro-ondes<br \/>\nLe fond large de la tasse offre une grande stabilit\u00e9<br \/>\nLa construction simple de la tasse permet un entretien facile<br \/>\nUne pi\u00e8ce par colis<br \/>\nSans BPA<br \/>\n\u00a0<\/p>\n","protected":false},"excerpt":{"rendered":"<p>Id\u00e9al pour passer du biberon au gobelet, il dispose d&rsquo;une pompe \u00e0 soupape de s\u00e9curit\u00e9 qui emp\u00eache compl\u00e8tement les d\u00e9versements, que ce soit \u00e0 la maison ou en d\u00e9placement.<br \/>\nIl est livr\u00e9 avec une valve anti-fuite unique pour permettre \u00e0 l&rsquo;enfant de boire en toute autonomie sans renverser<br \/>\ntranche d&rsquo;\u00e2ge : 9m+<br \/>\nContenance : 200ml<br \/>\nCouleurs disponibles : Rose, Vert et Bleu<\/p>\n","protected":false},"featured_media":1552,"comment_status":"open","ping_status":"closed","template":"","meta":[],"pwb-brand":[174],"product_cat":[179],"product_tag":[],"class_list":{"0":"post-1531","1":"product","2":"type-product","3":"status-publish","4":"has-post-thumbnail","6":"pwb-brand-canpol-babies","7":"product_cat-vaisselles-de-bebe","8":"post","9":"ws-product--style-1","11":"first","12":"instock","13":"shipping-taxable","14":"purchasable","15":"product-type-simple"},"yoast_head":"<!-- This site is optimized with the Yoast SEO plugin v23.0 - https:\/\/yoast.com\/wordpress\/plugins\/seo\/ -->\n<title>Canpol Babies - Tasse anti-d\u00e9versement - 9m+ - 200ml - OrthoPara<\/title>\n<meta name=\"robots\" content=\"index, follow, max-snippet:-1, max-image-preview:large, max-video-preview:-1\" \/>\n<link rel=\"canonical\" href=\"https:\/\/orthopara.store\/index.php\/produit\/canpol-babies-tasse-anti-deversement-9m-200ml\/\" \/>\n<meta property=\"og:locale\" content=\"fr_FR\" \/>\n<meta property=\"og:type\" content=\"article\" \/>\n<meta property=\"og:title\" content=\"Canpol Babies - Tasse anti-d\u00e9versement - 9m+ - 200ml - OrthoPara\" \/>\n<meta property=\"og:description\" content=\"Id\u00e9al pour passer du biberon au gobelet, il dispose d&#039;une pompe \u00e0 soupape de s\u00e9curit\u00e9 qui emp\u00eache compl\u00e8tement les d\u00e9versements, que ce soit \u00e0 la maison ou en d\u00e9placement. Il est livr\u00e9 avec une valve anti-fuite unique pour permettre \u00e0 l&#039;enfant de boire en toute autonomie sans renverser tranche d&#039;\u00e2ge : 9m+ Contenance : 200ml Couleurs disponibles : Rose, Vert et Bleu\" \/>\n<meta property=\"og:url\" content=\"https:\/\/orthopara.store\/index.php\/produit\/canpol-babies-tasse-anti-deversement-9m-200ml\/\" \/>\n<meta property=\"og:site_name\" content=\"OrthoPara\" \/>\n<meta property=\"article:publisher\" content=\"https:\/\/www.facebook.com\/profile.php?id=61561194315651\" \/>\n<meta property=\"article:modified_time\" content=\"2024-11-07T08:49:48+00:00\" \/>\n<meta property=\"og:image\" content=\"https:\/\/orthopara.store\/wp-content\/uploads\/2024\/06\/tasse-anti-deversement-canpol-babies-9m-200ml.jpg\" \/>\n\t<meta property=\"og:image:width\" content=\"800\" \/>\n\t<meta property=\"og:image:height\" content=\"800\" \/>\n\t<meta property=\"og:image:type\" content=\"image\/jpeg\" \/>\n<meta name=\"twitter:card\" content=\"summary_large_image\" \/>\n<meta name=\"twitter:label1\" content=\"Dur\u00e9e de lecture estim\u00e9e\" \/>\n\t<meta name=\"twitter:data1\" content=\"1 minute\" \/>\n<script type=\"application\/ld+json\" class=\"yoast-schema-graph\">{\"@context\":\"https:\/\/schema.org\",\"@graph\":[{\"@type\":\"WebPage\",\"@id\":\"https:\/\/orthopara.store\/index.php\/produit\/canpol-babies-tasse-anti-deversement-9m-200ml\/\",\"url\":\"https:\/\/orthopara.store\/index.php\/produit\/canpol-babies-tasse-anti-deversement-9m-200ml\/\",\"name\":\"Canpol Babies - Tasse anti-d\u00e9versement - 9m+ - 200ml - OrthoPara\",\"isPartOf\":{\"@id\":\"https:\/\/orthopara.store\/#website\"},\"primaryImageOfPage\":{\"@id\":\"https:\/\/orthopara.store\/index.php\/produit\/canpol-babies-tasse-anti-deversement-9m-200ml\/#primaryimage\"},\"image\":{\"@id\":\"https:\/\/orthopara.store\/index.php\/produit\/canpol-babies-tasse-anti-deversement-9m-200ml\/#primaryimage\"},\"thumbnailUrl\":\"https:\/\/orthopara.store\/wp-content\/uploads\/2024\/06\/tasse-anti-deversement-canpol-babies-9m-200ml.jpg\",\"datePublished\":\"2024-06-28T13:53:56+00:00\",\"dateModified\":\"2024-11-07T08:49:48+00:00\",\"breadcrumb\":{\"@id\":\"https:\/\/orthopara.store\/index.php\/produit\/canpol-babies-tasse-anti-deversement-9m-200ml\/#breadcrumb\"},\"inLanguage\":\"fr-FR\",\"potentialAction\":[{\"@type\":\"ReadAction\",\"target\":[\"https:\/\/orthopara.store\/index.php\/produit\/canpol-babies-tasse-anti-deversement-9m-200ml\/\"]}]},{\"@type\":\"ImageObject\",\"inLanguage\":\"fr-FR\",\"@id\":\"https:\/\/orthopara.store\/index.php\/produit\/canpol-babies-tasse-anti-deversement-9m-200ml\/#primaryimage\",\"url\":\"https:\/\/orthopara.store\/wp-content\/uploads\/2024\/06\/tasse-anti-deversement-canpol-babies-9m-200ml.jpg\",\"contentUrl\":\"https:\/\/orthopara.store\/wp-content\/uploads\/2024\/06\/tasse-anti-deversement-canpol-babies-9m-200ml.jpg\",\"width\":800,\"height\":800},{\"@type\":\"BreadcrumbList\",\"@id\":\"https:\/\/orthopara.store\/index.php\/produit\/canpol-babies-tasse-anti-deversement-9m-200ml\/#breadcrumb\",\"itemListElement\":[{\"@type\":\"ListItem\",\"position\":1,\"name\":\"Accueil\",\"item\":\"https:\/\/orthopara.store\/\"},{\"@type\":\"ListItem\",\"position\":2,\"name\":\"Shop\",\"item\":\"https:\/\/orthopara.store\/?page_id=622\"},{\"@type\":\"ListItem\",\"position\":3,\"name\":\"Canpol Babies &#8211; Tasse anti-d\u00e9versement &#8211; 9m+ &#8211; 200ml\"}]},{\"@type\":\"WebSite\",\"@id\":\"https:\/\/orthopara.store\/#website\",\"url\":\"https:\/\/orthopara.store\/\",\"name\":\"OrthoPara\",\"description\":\"Parapharmacie\",\"publisher\":{\"@id\":\"https:\/\/orthopara.store\/#organization\"},\"potentialAction\":[{\"@type\":\"SearchAction\",\"target\":{\"@type\":\"EntryPoint\",\"urlTemplate\":\"https:\/\/orthopara.store\/?s={search_term_string}\"},\"query-input\":\"required name=search_term_string\"}],\"inLanguage\":\"fr-FR\"},{\"@type\":\"Organization\",\"@id\":\"https:\/\/orthopara.store\/#organization\",\"name\":\"OrthoPara\",\"url\":\"https:\/\/orthopara.store\/\",\"logo\":{\"@type\":\"ImageObject\",\"inLanguage\":\"fr-FR\",\"@id\":\"https:\/\/orthopara.store\/#\/schema\/logo\/image\/\",\"url\":\"https:\/\/orthopara.store\/wp-content\/uploads\/2024\/06\/cropped-9ABA8BAD-6256-4719-9315-15C66E64E882.png\",\"contentUrl\":\"https:\/\/orthopara.store\/wp-content\/uploads\/2024\/06\/cropped-9ABA8BAD-6256-4719-9315-15C66E64E882.png\",\"width\":240,\"height\":72,\"caption\":\"OrthoPara\"},\"image\":{\"@id\":\"https:\/\/orthopara.store\/#\/schema\/logo\/image\/\"},\"sameAs\":[\"https:\/\/www.facebook.com\/profile.php?id=61561194315651\",\"https:\/\/www.instagram.com\/orthopara_tunisie\/\"]}]}<\/script>\n<!-- \/ Yoast SEO plugin. -->","yoast_head_json":{"title":"Canpol Babies - Tasse anti-d\u00e9versement - 9m+ - 200ml - OrthoPara","robots":{"index":"index","follow":"follow","max-snippet":"max-snippet:-1","max-image-preview":"max-image-preview:large","max-video-preview":"max-video-preview:-1"},"canonical":"https:\/\/orthopara.store\/index.php\/produit\/canpol-babies-tasse-anti-deversement-9m-200ml\/","og_locale":"fr_FR","og_type":"article","og_title":"Canpol Babies - Tasse anti-d\u00e9versement - 9m+ - 200ml - OrthoPara","og_description":"Id\u00e9al pour passer du biberon au gobelet, il dispose d'une pompe \u00e0 soupape de s\u00e9curit\u00e9 qui emp\u00eache compl\u00e8tement les d\u00e9versements, que ce soit \u00e0 la maison ou en d\u00e9placement. Il est livr\u00e9 avec une valve anti-fuite unique pour permettre \u00e0 l'enfant de boire en toute autonomie sans renverser tranche d'\u00e2ge : 9m+ Contenance : 200ml Couleurs disponibles : Rose, Vert et Bleu","og_url":"https:\/\/orthopara.store\/index.php\/produit\/canpol-babies-tasse-anti-deversement-9m-200ml\/","og_site_name":"OrthoPara","article_publisher":"https:\/\/www.facebook.com\/profile.php?id=61561194315651","article_modified_time":"2024-11-07T08:49:48+00:00","og_image":[{"width":800,"height":800,"url":"https:\/\/orthopara.store\/wp-content\/uploads\/2024\/06\/tasse-anti-deversement-canpol-babies-9m-200ml.jpg","type":"image\/jpeg"}],"twitter_card":"summary_large_image","twitter_misc":{"Dur\u00e9e de lecture estim\u00e9e":"1 minute"},"schema":{"@context":"https:\/\/schema.org","@graph":[{"@type":"WebPage","@id":"https:\/\/orthopara.store\/index.php\/produit\/canpol-babies-tasse-anti-deversement-9m-200ml\/","url":"https:\/\/orthopara.store\/index.php\/produit\/canpol-babies-tasse-anti-deversement-9m-200ml\/","name":"Canpol Babies - Tasse anti-d\u00e9versement - 9m+ - 200ml - OrthoPara","isPartOf":{"@id":"https:\/\/orthopara.store\/#website"},"primaryImageOfPage":{"@id":"https:\/\/orthopara.store\/index.php\/produit\/canpol-babies-tasse-anti-deversement-9m-200ml\/#primaryimage"},"image":{"@id":"https:\/\/orthopara.store\/index.php\/produit\/canpol-babies-tasse-anti-deversement-9m-200ml\/#primaryimage"},"thumbnailUrl":"https:\/\/orthopara.store\/wp-content\/uploads\/2024\/06\/tasse-anti-deversement-canpol-babies-9m-200ml.jpg","datePublished":"2024-06-28T13:53:56+00:00","dateModified":"2024-11-07T08:49:48+00:00","breadcrumb":{"@id":"https:\/\/orthopara.store\/index.php\/produit\/canpol-babies-tasse-anti-deversement-9m-200ml\/#breadcrumb"},"inLanguage":"fr-FR","potentialAction":[{"@type":"ReadAction","target":["https:\/\/orthopara.store\/index.php\/produit\/canpol-babies-tasse-anti-deversement-9m-200ml\/"]}]},{"@type":"ImageObject","inLanguage":"fr-FR","@id":"https:\/\/orthopara.store\/index.php\/produit\/canpol-babies-tasse-anti-deversement-9m-200ml\/#primaryimage","url":"https:\/\/orthopara.store\/wp-content\/uploads\/2024\/06\/tasse-anti-deversement-canpol-babies-9m-200ml.jpg","contentUrl":"https:\/\/orthopara.store\/wp-content\/uploads\/2024\/06\/tasse-anti-deversement-canpol-babies-9m-200ml.jpg","width":800,"height":800},{"@type":"BreadcrumbList","@id":"https:\/\/orthopara.store\/index.php\/produit\/canpol-babies-tasse-anti-deversement-9m-200ml\/#breadcrumb","itemListElement":[{"@type":"ListItem","position":1,"name":"Accueil","item":"https:\/\/orthopara.store\/"},{"@type":"ListItem","position":2,"name":"Shop","item":"https:\/\/orthopara.store\/?page_id=622"},{"@type":"ListItem","position":3,"name":"Canpol Babies &#8211; Tasse anti-d\u00e9versement &#8211; 9m+ &#8211; 200ml"}]},{"@type":"WebSite","@id":"https:\/\/orthopara.store\/#website","url":"https:\/\/orthopara.store\/","name":"OrthoPara","description":"Parapharmacie","publisher":{"@id":"https:\/\/orthopara.store\/#organization"},"potentialAction":[{"@type":"SearchAction","target":{"@type":"EntryPoint","urlTemplate":"https:\/\/orthopara.store\/?s={search_term_string}"},"query-input":"required name=search_term_string"}],"inLanguage":"fr-FR"},{"@type":"Organization","@id":"https:\/\/orthopara.store\/#organization","name":"OrthoPara","url":"https:\/\/orthopara.store\/","logo":{"@type":"ImageObject","inLanguage":"fr-FR","@id":"https:\/\/orthopara.store\/#\/schema\/logo\/image\/","url":"https:\/\/orthopara.store\/wp-content\/uploads\/2024\/06\/cropped-9ABA8BAD-6256-4719-9315-15C66E64E882.png","contentUrl":"https:\/\/orthopara.store\/wp-content\/uploads\/2024\/06\/cropped-9ABA8BAD-6256-4719-9315-15C66E64E882.png","width":240,"height":72,"caption":"OrthoPara"},"image":{"@id":"https:\/\/orthopara.store\/#\/schema\/logo\/image\/"},"sameAs":["https:\/\/www.facebook.com\/profile.php?id=61561194315651","https:\/\/www.instagram.com\/orthopara_tunisie\/"]}]}},"jetpack_sharing_enabled":true,"brands":[{"id":174,"name":"Canpol babies","slug":"canpol-babies"}],"_links":{"self":[{"href":"https:\/\/orthopara.store\/index.php?rest_route=\/wp\/v2\/product\/1531","targetHints":{"allow":["GET"]}}],"collection":[{"href":"https:\/\/orthopara.store\/index.php?rest_route=\/wp\/v2\/product"}],"about":[{"href":"https:\/\/orthopara.store\/index.php?rest_route=\/wp\/v2\/types\/product"}],"replies":[{"embeddable":true,"href":"https:\/\/orthopara.store\/index.php?rest_route=%2Fwp%2Fv2%2Fcomments&post=1531"}],"wp:featuredmedia":[{"embeddable":true,"href":"https:\/\/orthopara.store\/index.php?rest_route=\/wp\/v2\/media\/1552"}],"wp:attachment":[{"href":"https:\/\/orthopara.store\/index.php?rest_route=%2Fwp%2Fv2%2Fmedia&parent=1531"}],"wp:term":[{"taxonomy":"pwb-brand","embeddable":true,"href":"https:\/\/orthopara.store\/index.php?rest_route=%2Fwp%2Fv2%2Fpwb-brand&post=1531"},{"taxonomy":"product_cat","embeddable":true,"href":"https:\/\/orthopara.store\/index.php?rest_route=%2Fwp%2Fv2%2Fproduct_cat&post=1531"},{"taxonomy":"product_tag","embeddable":true,"href":"https:\/\/orthopara.store\/index.php?rest_route=%2Fwp%2Fv2%2Fproduct_tag&post=1531"}],"curies":[{"name":"wp","href":"https:\/\/api.w.org\/{rel}","templated":true}]}}