{"id":1532,"date":"2024-06-28T15:53:56","date_gmt":"2024-06-28T13:53:56","guid":{"rendered":"https:\/\/orthopara.store\/?post_type=product&#038;p=1532"},"modified":"2024-06-28T15:54:01","modified_gmt":"2024-06-28T13:54:01","slug":"tasse-anti-deversement-souple-wee-baby-240ml","status":"publish","type":"product","link":"https:\/\/orthopara.store\/?product=tasse-anti-deversement-souple-wee-baby-240ml","title":{"rendered":"Tasse anti-d\u00e9versement souple &#8211; Wee Baby &#8211; 240ml"},"content":{"rendered":"<p>Tasse anti-d\u00e9versement souple &#8211; Wee Baby &#8211; 240ml<br \/>\nLa tasse anti-d\u00e9versement color\u00e9e avec poign\u00e9e sera un choix id\u00e9al pour que votre b\u00e9b\u00e9 d\u00e9couvre la capacit\u00e9 de boire de l&rsquo;eau par lui-m\u00eame.\u00a0Gr\u00e2ce aux poign\u00e9es sp\u00e9cialement con\u00e7ues, votre b\u00e9b\u00e9 d\u00e9veloppera la capacit\u00e9 de tenir et de saisir.\u00a0Le syst\u00e8me de couvercle anti-goutte du verre facilitera la consommation d&rsquo;eau et permettra de transporter le verre dans le sac.\u00a0La conception de la t\u00e9tine anti-colique emp\u00eachera le b\u00e9b\u00e9 d&rsquo;avaler de l&rsquo;air tout en buvant de l&rsquo;eau.<\/p>\n<p>-Convient aux b\u00e9b\u00e9s de 6 mois et plus.<\/p>\n<p>La tasse permet de boire facilement gr\u00e2ce \u00e0 son syst\u00e8me de couvercle anti-goutte.<\/p>\n<p>-Permet une transition facile du biberon au gobelet.<\/p>\n<p>Ellet peut \u00eatre facilement transport\u00e9 dans un sac gr\u00e2ce \u00e0 sa fonction anti-\u00e9claboussures et \u00e0 son couvercle.<\/p>\n<p>-Conception de t\u00e9tine anti-colique non gazeuse.<\/p>\n","protected":false},"excerpt":{"rendered":"<p>Wee Baby<br \/>\nTasse anti-d\u00e9versement souple <\/p>\n<p>La tasse anti-d\u00e9versement :<br \/>\nConvient aux b\u00e9b\u00e9s de 6 mois et plus.<br \/>\nLa tasse permet de boire facilement gr\u00e2ce \u00e0 son syst\u00e8me de couvercle anti-goutte.<br \/>\nPermet une transition facile du biberon au gobelet.<br \/>\nEllet peut \u00eatre facilement transport\u00e9 dans un sac gr\u00e2ce \u00e0 sa fonction anti-\u00e9claboussures et \u00e0 son couvercle.<br \/>\nConception de t\u00e9tine anti-colique non gazeuse.<\/p>\n<p>Capacit\u00e9 : 240ml\u00a0<\/p>\n","protected":false},"featured_media":1553,"comment_status":"open","ping_status":"closed","template":"","meta":[],"pwb-brand":[168],"product_cat":[179],"product_tag":[],"class_list":{"0":"post-1532","1":"product","2":"type-product","3":"status-publish","4":"has-post-thumbnail","6":"pwb-brand-wee-baby","7":"product_cat-vaisselles-de-bebe","8":"post","9":"ws-product--style-1","11":"first","12":"instock","13":"shipping-taxable","14":"purchasable","15":"product-type-simple"},"yoast_head":"<!-- This site is optimized with the Yoast SEO plugin v23.0 - https:\/\/yoast.com\/wordpress\/plugins\/seo\/ -->\n<title>Tasse anti-d\u00e9versement souple - Wee Baby - 240ml - OrthoPara<\/title>\n<meta name=\"robots\" content=\"index, follow, max-snippet:-1, max-image-preview:large, max-video-preview:-1\" \/>\n<link rel=\"canonical\" href=\"https:\/\/orthopara.store\/index.php\/produit\/tasse-anti-deversement-souple-wee-baby-240ml\/\" \/>\n<meta property=\"og:locale\" content=\"fr_FR\" \/>\n<meta property=\"og:type\" content=\"article\" \/>\n<meta property=\"og:title\" content=\"Tasse anti-d\u00e9versement souple - Wee Baby - 240ml - OrthoPara\" \/>\n<meta property=\"og:description\" content=\"Wee Baby Tasse anti-d\u00e9versement souple  La tasse anti-d\u00e9versement : Convient aux b\u00e9b\u00e9s de 6 mois et plus. La tasse permet de boire facilement gr\u00e2ce \u00e0 son syst\u00e8me de couvercle anti-goutte. Permet une transition facile du biberon au gobelet. Ellet peut \u00eatre facilement transport\u00e9 dans un sac gr\u00e2ce \u00e0 sa fonction anti-\u00e9claboussures et \u00e0 son couvercle. Conception de t\u00e9tine anti-colique non gazeuse. Capacit\u00e9 : 240ml\u00a0\" \/>\n<meta property=\"og:url\" content=\"https:\/\/orthopara.store\/index.php\/produit\/tasse-anti-deversement-souple-wee-baby-240ml\/\" \/>\n<meta property=\"og:site_name\" content=\"OrthoPara\" \/>\n<meta property=\"article:publisher\" content=\"https:\/\/www.facebook.com\/profile.php?id=61561194315651\" \/>\n<meta property=\"article:modified_time\" content=\"2024-06-28T13:54:01+00:00\" \/>\n<meta property=\"og:image\" content=\"https:\/\/orthopara.store\/wp-content\/uploads\/2024\/06\/tasse-anti-deversement-souple-wee-baby-240ml.jpg\" \/>\n\t<meta property=\"og:image:width\" content=\"800\" \/>\n\t<meta property=\"og:image:height\" content=\"800\" \/>\n\t<meta property=\"og:image:type\" content=\"image\/jpeg\" \/>\n<meta name=\"twitter:card\" content=\"summary_large_image\" \/>\n<meta name=\"twitter:label1\" content=\"Dur\u00e9e de lecture estim\u00e9e\" \/>\n\t<meta name=\"twitter:data1\" content=\"1 minute\" \/>\n<script type=\"application\/ld+json\" class=\"yoast-schema-graph\">{\"@context\":\"https:\/\/schema.org\",\"@graph\":[{\"@type\":\"WebPage\",\"@id\":\"https:\/\/orthopara.store\/index.php\/produit\/tasse-anti-deversement-souple-wee-baby-240ml\/\",\"url\":\"https:\/\/orthopara.store\/index.php\/produit\/tasse-anti-deversement-souple-wee-baby-240ml\/\",\"name\":\"Tasse anti-d\u00e9versement souple - Wee Baby - 240ml - OrthoPara\",\"isPartOf\":{\"@id\":\"https:\/\/orthopara.store\/#website\"},\"primaryImageOfPage\":{\"@id\":\"https:\/\/orthopara.store\/index.php\/produit\/tasse-anti-deversement-souple-wee-baby-240ml\/#primaryimage\"},\"image\":{\"@id\":\"https:\/\/orthopara.store\/index.php\/produit\/tasse-anti-deversement-souple-wee-baby-240ml\/#primaryimage\"},\"thumbnailUrl\":\"https:\/\/orthopara.store\/wp-content\/uploads\/2024\/06\/tasse-anti-deversement-souple-wee-baby-240ml.jpg\",\"datePublished\":\"2024-06-28T13:53:56+00:00\",\"dateModified\":\"2024-06-28T13:54:01+00:00\",\"breadcrumb\":{\"@id\":\"https:\/\/orthopara.store\/index.php\/produit\/tasse-anti-deversement-souple-wee-baby-240ml\/#breadcrumb\"},\"inLanguage\":\"fr-FR\",\"potentialAction\":[{\"@type\":\"ReadAction\",\"target\":[\"https:\/\/orthopara.store\/index.php\/produit\/tasse-anti-deversement-souple-wee-baby-240ml\/\"]}]},{\"@type\":\"ImageObject\",\"inLanguage\":\"fr-FR\",\"@id\":\"https:\/\/orthopara.store\/index.php\/produit\/tasse-anti-deversement-souple-wee-baby-240ml\/#primaryimage\",\"url\":\"https:\/\/orthopara.store\/wp-content\/uploads\/2024\/06\/tasse-anti-deversement-souple-wee-baby-240ml.jpg\",\"contentUrl\":\"https:\/\/orthopara.store\/wp-content\/uploads\/2024\/06\/tasse-anti-deversement-souple-wee-baby-240ml.jpg\",\"width\":800,\"height\":800},{\"@type\":\"BreadcrumbList\",\"@id\":\"https:\/\/orthopara.store\/index.php\/produit\/tasse-anti-deversement-souple-wee-baby-240ml\/#breadcrumb\",\"itemListElement\":[{\"@type\":\"ListItem\",\"position\":1,\"name\":\"Accueil\",\"item\":\"https:\/\/orthopara.store\/\"},{\"@type\":\"ListItem\",\"position\":2,\"name\":\"Shop\",\"item\":\"https:\/\/orthopara.store\/?page_id=622\"},{\"@type\":\"ListItem\",\"position\":3,\"name\":\"Tasse anti-d\u00e9versement souple &#8211; Wee Baby &#8211; 240ml\"}]},{\"@type\":\"WebSite\",\"@id\":\"https:\/\/orthopara.store\/#website\",\"url\":\"https:\/\/orthopara.store\/\",\"name\":\"OrthoPara\",\"description\":\"Parapharmacie\",\"publisher\":{\"@id\":\"https:\/\/orthopara.store\/#organization\"},\"potentialAction\":[{\"@type\":\"SearchAction\",\"target\":{\"@type\":\"EntryPoint\",\"urlTemplate\":\"https:\/\/orthopara.store\/?s={search_term_string}\"},\"query-input\":\"required name=search_term_string\"}],\"inLanguage\":\"fr-FR\"},{\"@type\":\"Organization\",\"@id\":\"https:\/\/orthopara.store\/#organization\",\"name\":\"OrthoPara\",\"url\":\"https:\/\/orthopara.store\/\",\"logo\":{\"@type\":\"ImageObject\",\"inLanguage\":\"fr-FR\",\"@id\":\"https:\/\/orthopara.store\/#\/schema\/logo\/image\/\",\"url\":\"https:\/\/orthopara.store\/wp-content\/uploads\/2024\/06\/cropped-9ABA8BAD-6256-4719-9315-15C66E64E882.png\",\"contentUrl\":\"https:\/\/orthopara.store\/wp-content\/uploads\/2024\/06\/cropped-9ABA8BAD-6256-4719-9315-15C66E64E882.png\",\"width\":240,\"height\":72,\"caption\":\"OrthoPara\"},\"image\":{\"@id\":\"https:\/\/orthopara.store\/#\/schema\/logo\/image\/\"},\"sameAs\":[\"https:\/\/www.facebook.com\/profile.php?id=61561194315651\",\"https:\/\/www.instagram.com\/orthopara_tunisie\/\"]}]}<\/script>\n<!-- \/ Yoast SEO plugin. -->","yoast_head_json":{"title":"Tasse anti-d\u00e9versement souple - Wee Baby - 240ml - OrthoPara","robots":{"index":"index","follow":"follow","max-snippet":"max-snippet:-1","max-image-preview":"max-image-preview:large","max-video-preview":"max-video-preview:-1"},"canonical":"https:\/\/orthopara.store\/index.php\/produit\/tasse-anti-deversement-souple-wee-baby-240ml\/","og_locale":"fr_FR","og_type":"article","og_title":"Tasse anti-d\u00e9versement souple - Wee Baby - 240ml - OrthoPara","og_description":"Wee Baby Tasse anti-d\u00e9versement souple  La tasse anti-d\u00e9versement : Convient aux b\u00e9b\u00e9s de 6 mois et plus. La tasse permet de boire facilement gr\u00e2ce \u00e0 son syst\u00e8me de couvercle anti-goutte. Permet une transition facile du biberon au gobelet. Ellet peut \u00eatre facilement transport\u00e9 dans un sac gr\u00e2ce \u00e0 sa fonction anti-\u00e9claboussures et \u00e0 son couvercle. Conception de t\u00e9tine anti-colique non gazeuse. Capacit\u00e9 : 240ml\u00a0","og_url":"https:\/\/orthopara.store\/index.php\/produit\/tasse-anti-deversement-souple-wee-baby-240ml\/","og_site_name":"OrthoPara","article_publisher":"https:\/\/www.facebook.com\/profile.php?id=61561194315651","article_modified_time":"2024-06-28T13:54:01+00:00","og_image":[{"width":800,"height":800,"url":"https:\/\/orthopara.store\/wp-content\/uploads\/2024\/06\/tasse-anti-deversement-souple-wee-baby-240ml.jpg","type":"image\/jpeg"}],"twitter_card":"summary_large_image","twitter_misc":{"Dur\u00e9e de lecture estim\u00e9e":"1 minute"},"schema":{"@context":"https:\/\/schema.org","@graph":[{"@type":"WebPage","@id":"https:\/\/orthopara.store\/index.php\/produit\/tasse-anti-deversement-souple-wee-baby-240ml\/","url":"https:\/\/orthopara.store\/index.php\/produit\/tasse-anti-deversement-souple-wee-baby-240ml\/","name":"Tasse anti-d\u00e9versement souple - Wee Baby - 240ml - OrthoPara","isPartOf":{"@id":"https:\/\/orthopara.store\/#website"},"primaryImageOfPage":{"@id":"https:\/\/orthopara.store\/index.php\/produit\/tasse-anti-deversement-souple-wee-baby-240ml\/#primaryimage"},"image":{"@id":"https:\/\/orthopara.store\/index.php\/produit\/tasse-anti-deversement-souple-wee-baby-240ml\/#primaryimage"},"thumbnailUrl":"https:\/\/orthopara.store\/wp-content\/uploads\/2024\/06\/tasse-anti-deversement-souple-wee-baby-240ml.jpg","datePublished":"2024-06-28T13:53:56+00:00","dateModified":"2024-06-28T13:54:01+00:00","breadcrumb":{"@id":"https:\/\/orthopara.store\/index.php\/produit\/tasse-anti-deversement-souple-wee-baby-240ml\/#breadcrumb"},"inLanguage":"fr-FR","potentialAction":[{"@type":"ReadAction","target":["https:\/\/orthopara.store\/index.php\/produit\/tasse-anti-deversement-souple-wee-baby-240ml\/"]}]},{"@type":"ImageObject","inLanguage":"fr-FR","@id":"https:\/\/orthopara.store\/index.php\/produit\/tasse-anti-deversement-souple-wee-baby-240ml\/#primaryimage","url":"https:\/\/orthopara.store\/wp-content\/uploads\/2024\/06\/tasse-anti-deversement-souple-wee-baby-240ml.jpg","contentUrl":"https:\/\/orthopara.store\/wp-content\/uploads\/2024\/06\/tasse-anti-deversement-souple-wee-baby-240ml.jpg","width":800,"height":800},{"@type":"BreadcrumbList","@id":"https:\/\/orthopara.store\/index.php\/produit\/tasse-anti-deversement-souple-wee-baby-240ml\/#breadcrumb","itemListElement":[{"@type":"ListItem","position":1,"name":"Accueil","item":"https:\/\/orthopara.store\/"},{"@type":"ListItem","position":2,"name":"Shop","item":"https:\/\/orthopara.store\/?page_id=622"},{"@type":"ListItem","position":3,"name":"Tasse anti-d\u00e9versement souple &#8211; Wee Baby &#8211; 240ml"}]},{"@type":"WebSite","@id":"https:\/\/orthopara.store\/#website","url":"https:\/\/orthopara.store\/","name":"OrthoPara","description":"Parapharmacie","publisher":{"@id":"https:\/\/orthopara.store\/#organization"},"potentialAction":[{"@type":"SearchAction","target":{"@type":"EntryPoint","urlTemplate":"https:\/\/orthopara.store\/?s={search_term_string}"},"query-input":"required name=search_term_string"}],"inLanguage":"fr-FR"},{"@type":"Organization","@id":"https:\/\/orthopara.store\/#organization","name":"OrthoPara","url":"https:\/\/orthopara.store\/","logo":{"@type":"ImageObject","inLanguage":"fr-FR","@id":"https:\/\/orthopara.store\/#\/schema\/logo\/image\/","url":"https:\/\/orthopara.store\/wp-content\/uploads\/2024\/06\/cropped-9ABA8BAD-6256-4719-9315-15C66E64E882.png","contentUrl":"https:\/\/orthopara.store\/wp-content\/uploads\/2024\/06\/cropped-9ABA8BAD-6256-4719-9315-15C66E64E882.png","width":240,"height":72,"caption":"OrthoPara"},"image":{"@id":"https:\/\/orthopara.store\/#\/schema\/logo\/image\/"},"sameAs":["https:\/\/www.facebook.com\/profile.php?id=61561194315651","https:\/\/www.instagram.com\/orthopara_tunisie\/"]}]}},"jetpack_sharing_enabled":true,"brands":[{"id":168,"name":"Wee Baby","slug":"wee-baby"}],"_links":{"self":[{"href":"https:\/\/orthopara.store\/index.php?rest_route=\/wp\/v2\/product\/1532","targetHints":{"allow":["GET"]}}],"collection":[{"href":"https:\/\/orthopara.store\/index.php?rest_route=\/wp\/v2\/product"}],"about":[{"href":"https:\/\/orthopara.store\/index.php?rest_route=\/wp\/v2\/types\/product"}],"replies":[{"embeddable":true,"href":"https:\/\/orthopara.store\/index.php?rest_route=%2Fwp%2Fv2%2Fcomments&post=1532"}],"wp:featuredmedia":[{"embeddable":true,"href":"https:\/\/orthopara.store\/index.php?rest_route=\/wp\/v2\/media\/1553"}],"wp:attachment":[{"href":"https:\/\/orthopara.store\/index.php?rest_route=%2Fwp%2Fv2%2Fmedia&parent=1532"}],"wp:term":[{"taxonomy":"pwb-brand","embeddable":true,"href":"https:\/\/orthopara.store\/index.php?rest_route=%2Fwp%2Fv2%2Fpwb-brand&post=1532"},{"taxonomy":"product_cat","embeddable":true,"href":"https:\/\/orthopara.store\/index.php?rest_route=%2Fwp%2Fv2%2Fproduct_cat&post=1532"},{"taxonomy":"product_tag","embeddable":true,"href":"https:\/\/orthopara.store\/index.php?rest_route=%2Fwp%2Fv2%2Fproduct_tag&post=1532"}],"curies":[{"name":"wp","href":"https:\/\/api.w.org\/{rel}","templated":true}]}}